{"id":50040,"date":"2024-04-16T07:23:43","date_gmt":"2024-04-16T04:23:43","guid":{"rendered":"https:\/\/cleverkids.dev2.sdhost.eu\/product\/%d0%b4%d0%b5%d1%80%d0%b5%d0%b2%d1%8f%d0%bd%d0%bd%d0%b0%d1%8f-%d0%b8%d0%b3%d1%80%d0%b0-%d0%bf%d1%80%d0%b8%d0%b3%d0%be%d1%82%d0%be%d0%b2%d1%8c-%d0%b1%d1%83%d1%80%d0%b3%d0%b5%d1%80-%d1%81%d1%8d%d0%bd\/"},"modified":"2025-06-28T10:28:38","modified_gmt":"2025-06-28T07:28:38","slug":"derevyannaya-igra-prigotov-burger-sen","status":"publish","type":"product","link":"https:\/\/cleverkids.ee\/et\/product\/derevyannaya-igra-prigotov-burger-sen\/","title":{"rendered":"Puidust m\u00e4ng \u201cV\u00f5ileib\/hamburger\u201d"},"content":{"rendered":"<div class=\"FUSJU _1F3X\" data-testid=\"about-section-description\">\n<p>Kuidas m\u00e4ngida:<\/p>\n<ul>\n<li>V\u00f5tke hamburger v\u00f5i v\u00f5ileib lahti ja asetage see lapse ette.<\/li>\n<li>Laske lapsel valida \u00fcks kaart.<\/li>\n<li>Kaardil on kihtskeem, mida laps peab kordama.<\/li>\n<li>\u00d6elge iga koostisosa nimetust, et laps m\u00e4letaks, kuidas see v\u00e4lja n\u00e4eb.<\/li>\n<li>Kui laps on \u00fclesande t\u00e4itnud, paku uus kaart.<\/li>\n<\/ul>\n<p>M\u00e4ng arendab:<\/p>\n<ul>\n<li>\u00dclesannete t\u00e4itmisel tutvub laps j\u00e4rjestikuste tegevustega ja treenib kujundlikku m\u00f5tlemist.<\/li>\n<li>Laps treenib oma m\u00e4lu ja avardab silmaringi.<\/li>\n<li>Arendab peenmotoorikat<\/li>\n<\/ul>\n<p>M\u00e4ngu funktsioonid:<\/p>\n<ul>\n<li>M\u00e4nguosi saab kasutada loendusmaterjalina.<\/li>\n<li>Komplektis on 10 \u00fclesandekaarti.<\/li>\n<li>K\u00f5ik osad on valmistatud keskkonnas\u00f5bralikust materjalist \u2013 puidust ja neil ei ole teravaid nurki, seega on need lastele ohutud.<\/li>\n<\/ul>\n<p>Soovitus: kui laps on k\u00f5ik kaardid selgeks saanud, v\u00f5ite minna edasi j\u00e4rgmisele tasemele! V\u00f5tke koostisosad lahti ja kutsuge oma v\u00e4ikelaps esimest omatehtud burgerit v\u00f5i v\u00f5ileiba valmistama. \u00d5petage oma pisikest ema, isa, vanaema ja vanaisaga jagama. Selline jutum\u00e4ng on kasulik laste sotsialiseerimiseks.<\/p>\n<\/div>\n","protected":false},"excerpt":{"rendered":"<p>Kuidas m\u00e4ngida: V\u00f5tke hamburger v\u00f5i v\u00f5ileib lahti ja asetage see lapse ette. Laske lapsel valida \u00fcks kaart. Kaardil on kihtskeem, mida laps peab kordama. \u00d6elge iga koostisosa nimetust, et laps m\u00e4letaks, kuidas see v\u00e4lja n\u00e4eb. Kui laps on \u00fclesande t\u00e4itnud, paku uus kaart. M\u00e4ng arendab: \u00dclesannete t\u00e4itmisel tutvub laps j\u00e4rjestikuste tegevustega ja treenib kujundlikku m\u00f5tlemist. [&hellip;]<\/p>\n","protected":false},"featured_media":68211,"template":"","meta":{"_monsterinsights_skip_tracking":false,"_monsterinsights_sitenote_active":false,"_monsterinsights_sitenote_note":"","_monsterinsights_sitenote_category":0},"product_brand":[],"product_cat":[49,58],"product_tag":[],"class_list":{"0":"post-50040","1":"product","2":"type-product","3":"status-publish","4":"has-post-thumbnail","6":"product_cat-puidust-arendavad-manguasjad","7":"product_cat-unkategorized","8":"pa_vozrast-ot-3-do-5-let-et","10":"first","11":"instock","12":"shipping-taxable","13":"purchasable","14":"product-type-simple"},"yoast_head":"<!-- This site is optimized with the Yoast SEO plugin v25.0 - https:\/\/yoast.com\/wordpress\/plugins\/seo\/ -->\n<title>Puidust m\u00e4ng \u201cV\u00f5ileib\/hamburger\u201d -<\/title>\n<meta name=\"description\" content=\"Puidust m\u00e4ng \u201cV\u00f5ileib\/hamburger\u201d - CLEVER KIDS\" \/>\n<meta name=\"robots\" content=\"index, follow, max-snippet:-1, max-image-preview:large, max-video-preview:-1\" \/>\n<link rel=\"canonical\" href=\"https:\/\/cleverkids.ee\/et\/product\/derevyannaya-igra-prigotov-burger-sen\/\" \/>\n<meta property=\"og:locale\" content=\"et_EE\" \/>\n<meta property=\"og:type\" content=\"article\" \/>\n<meta property=\"og:title\" content=\"Puidust m\u00e4ng \u201cV\u00f5ileib\/hamburger\u201d -\" \/>\n<meta property=\"og:description\" content=\"Puidust m\u00e4ng \u201cV\u00f5ileib\/hamburger\u201d - CLEVER KIDS\" \/>\n<meta property=\"og:url\" content=\"https:\/\/cleverkids.ee\/et\/product\/derevyannaya-igra-prigotov-burger-sen\/\" \/>\n<meta property=\"og:site_name\" content=\"CLEVER KIDS\" \/>\n<meta property=\"article:publisher\" content=\"https:\/\/www.facebook.com\/cleverkids.ee\/\" \/>\n<meta property=\"article:modified_time\" content=\"2025-06-28T07:28:38+00:00\" \/>\n<meta property=\"og:image\" content=\"https:\/\/cleverkids.ee\/wp-content\/uploads\/2024\/05\/H8759abebf9cc439e96009115f82fefecF_960x960-1.jpg\" \/>\n\t<meta property=\"og:image:width\" content=\"800\" \/>\n\t<meta property=\"og:image:height\" content=\"800\" \/>\n\t<meta property=\"og:image:type\" content=\"image\/jpeg\" \/>\n<meta name=\"twitter:card\" content=\"summary_large_image\" \/>\n<meta name=\"twitter:label1\" content=\"Est. reading time\" \/>\n\t<meta name=\"twitter:data1\" content=\"1 minut\" \/>\n<script type=\"application\/ld+json\" class=\"yoast-schema-graph\">{\"@context\":\"https:\/\/schema.org\",\"@graph\":[{\"@type\":\"WebPage\",\"@id\":\"https:\/\/cleverkids.ee\/et\/product\/derevyannaya-igra-prigotov-burger-sen\/\",\"url\":\"https:\/\/cleverkids.ee\/et\/product\/derevyannaya-igra-prigotov-burger-sen\/\",\"name\":\"Puidust m\u00e4ng \u201cV\u00f5ileib\/hamburger\u201d -\",\"isPartOf\":{\"@id\":\"https:\/\/cleverkids.ee\/et\/#website\"},\"primaryImageOfPage\":{\"@id\":\"https:\/\/cleverkids.ee\/et\/product\/derevyannaya-igra-prigotov-burger-sen\/#primaryimage\"},\"image\":{\"@id\":\"https:\/\/cleverkids.ee\/et\/product\/derevyannaya-igra-prigotov-burger-sen\/#primaryimage\"},\"thumbnailUrl\":\"https:\/\/cleverkids.ee\/wp-content\/uploads\/2024\/05\/H8759abebf9cc439e96009115f82fefecF_960x960-1.jpg\",\"datePublished\":\"2024-04-16T04:23:43+00:00\",\"dateModified\":\"2025-06-28T07:28:38+00:00\",\"description\":\"Puidust m\u00e4ng \u201cV\u00f5ileib\/hamburger\u201d - CLEVER KIDS\",\"breadcrumb\":{\"@id\":\"https:\/\/cleverkids.ee\/et\/product\/derevyannaya-igra-prigotov-burger-sen\/#breadcrumb\"},\"inLanguage\":\"et\",\"potentialAction\":[{\"@type\":\"ReadAction\",\"target\":[\"https:\/\/cleverkids.ee\/et\/product\/derevyannaya-igra-prigotov-burger-sen\/\"]}]},{\"@type\":\"ImageObject\",\"inLanguage\":\"et\",\"@id\":\"https:\/\/cleverkids.ee\/et\/product\/derevyannaya-igra-prigotov-burger-sen\/#primaryimage\",\"url\":\"https:\/\/cleverkids.ee\/wp-content\/uploads\/2024\/05\/H8759abebf9cc439e96009115f82fefecF_960x960-1.jpg\",\"contentUrl\":\"https:\/\/cleverkids.ee\/wp-content\/uploads\/2024\/05\/H8759abebf9cc439e96009115f82fefecF_960x960-1.jpg\",\"width\":800,\"height\":800},{\"@type\":\"BreadcrumbList\",\"@id\":\"https:\/\/cleverkids.ee\/et\/product\/derevyannaya-igra-prigotov-burger-sen\/#breadcrumb\",\"itemListElement\":[{\"@type\":\"ListItem\",\"position\":1,\"name\":\"Esileht\",\"item\":\"https:\/\/cleverkids.ee\/et\/\"},{\"@type\":\"ListItem\",\"position\":2,\"name\":\"Tooted\",\"item\":\"https:\/\/cleverkids.ee\/store\/\"},{\"@type\":\"ListItem\",\"position\":3,\"name\":\"Puidust m\u00e4ng \u201cV\u00f5ileib\/hamburger\u201d\"}]},{\"@type\":\"WebSite\",\"@id\":\"https:\/\/cleverkids.ee\/et\/#website\",\"url\":\"https:\/\/cleverkids.ee\/et\/\",\"name\":\"CLEVER KIDS\",\"description\":\"\",\"publisher\":{\"@id\":\"https:\/\/cleverkids.ee\/et\/#organization\"},\"potentialAction\":[{\"@type\":\"SearchAction\",\"target\":{\"@type\":\"EntryPoint\",\"urlTemplate\":\"https:\/\/cleverkids.ee\/et\/?s={search_term_string}\"},\"query-input\":{\"@type\":\"PropertyValueSpecification\",\"valueRequired\":true,\"valueName\":\"search_term_string\"}}],\"inLanguage\":\"et\"},{\"@type\":\"Organization\",\"@id\":\"https:\/\/cleverkids.ee\/et\/#organization\",\"name\":\"CLEVER KIDS\",\"url\":\"https:\/\/cleverkids.ee\/et\/\",\"logo\":{\"@type\":\"ImageObject\",\"inLanguage\":\"et\",\"@id\":\"https:\/\/cleverkids.ee\/et\/#\/schema\/logo\/image\/\",\"url\":\"https:\/\/cleverkids.ee\/wp-content\/uploads\/2024\/02\/image0-1024x1024.png\",\"contentUrl\":\"https:\/\/cleverkids.ee\/wp-content\/uploads\/2024\/02\/image0-1024x1024.png\",\"width\":1024,\"height\":1024,\"caption\":\"CLEVER KIDS\"},\"image\":{\"@id\":\"https:\/\/cleverkids.ee\/et\/#\/schema\/logo\/image\/\"},\"sameAs\":[\"https:\/\/www.facebook.com\/cleverkids.ee\/\",\"https:\/\/www.instagram.com\/cleverkids_ee\/\"]}]}<\/script>\n<!-- \/ Yoast SEO plugin. -->","yoast_head_json":{"title":"Puidust m\u00e4ng \u201cV\u00f5ileib\/hamburger\u201d -","description":"Puidust m\u00e4ng \u201cV\u00f5ileib\/hamburger\u201d - CLEVER KIDS","robots":{"index":"index","follow":"follow","max-snippet":"max-snippet:-1","max-image-preview":"max-image-preview:large","max-video-preview":"max-video-preview:-1"},"canonical":"https:\/\/cleverkids.ee\/et\/product\/derevyannaya-igra-prigotov-burger-sen\/","og_locale":"et_EE","og_type":"article","og_title":"Puidust m\u00e4ng \u201cV\u00f5ileib\/hamburger\u201d -","og_description":"Puidust m\u00e4ng \u201cV\u00f5ileib\/hamburger\u201d - CLEVER KIDS","og_url":"https:\/\/cleverkids.ee\/et\/product\/derevyannaya-igra-prigotov-burger-sen\/","og_site_name":"CLEVER KIDS","article_publisher":"https:\/\/www.facebook.com\/cleverkids.ee\/","article_modified_time":"2025-06-28T07:28:38+00:00","og_image":[{"width":800,"height":800,"url":"https:\/\/cleverkids.ee\/wp-content\/uploads\/2024\/05\/H8759abebf9cc439e96009115f82fefecF_960x960-1.jpg","type":"image\/jpeg"}],"twitter_card":"summary_large_image","twitter_misc":{"Est. reading time":"1 minut"},"schema":{"@context":"https:\/\/schema.org","@graph":[{"@type":"WebPage","@id":"https:\/\/cleverkids.ee\/et\/product\/derevyannaya-igra-prigotov-burger-sen\/","url":"https:\/\/cleverkids.ee\/et\/product\/derevyannaya-igra-prigotov-burger-sen\/","name":"Puidust m\u00e4ng \u201cV\u00f5ileib\/hamburger\u201d -","isPartOf":{"@id":"https:\/\/cleverkids.ee\/et\/#website"},"primaryImageOfPage":{"@id":"https:\/\/cleverkids.ee\/et\/product\/derevyannaya-igra-prigotov-burger-sen\/#primaryimage"},"image":{"@id":"https:\/\/cleverkids.ee\/et\/product\/derevyannaya-igra-prigotov-burger-sen\/#primaryimage"},"thumbnailUrl":"https:\/\/cleverkids.ee\/wp-content\/uploads\/2024\/05\/H8759abebf9cc439e96009115f82fefecF_960x960-1.jpg","datePublished":"2024-04-16T04:23:43+00:00","dateModified":"2025-06-28T07:28:38+00:00","description":"Puidust m\u00e4ng \u201cV\u00f5ileib\/hamburger\u201d - CLEVER KIDS","breadcrumb":{"@id":"https:\/\/cleverkids.ee\/et\/product\/derevyannaya-igra-prigotov-burger-sen\/#breadcrumb"},"inLanguage":"et","potentialAction":[{"@type":"ReadAction","target":["https:\/\/cleverkids.ee\/et\/product\/derevyannaya-igra-prigotov-burger-sen\/"]}]},{"@type":"ImageObject","inLanguage":"et","@id":"https:\/\/cleverkids.ee\/et\/product\/derevyannaya-igra-prigotov-burger-sen\/#primaryimage","url":"https:\/\/cleverkids.ee\/wp-content\/uploads\/2024\/05\/H8759abebf9cc439e96009115f82fefecF_960x960-1.jpg","contentUrl":"https:\/\/cleverkids.ee\/wp-content\/uploads\/2024\/05\/H8759abebf9cc439e96009115f82fefecF_960x960-1.jpg","width":800,"height":800},{"@type":"BreadcrumbList","@id":"https:\/\/cleverkids.ee\/et\/product\/derevyannaya-igra-prigotov-burger-sen\/#breadcrumb","itemListElement":[{"@type":"ListItem","position":1,"name":"Esileht","item":"https:\/\/cleverkids.ee\/et\/"},{"@type":"ListItem","position":2,"name":"Tooted","item":"https:\/\/cleverkids.ee\/store\/"},{"@type":"ListItem","position":3,"name":"Puidust m\u00e4ng \u201cV\u00f5ileib\/hamburger\u201d"}]},{"@type":"WebSite","@id":"https:\/\/cleverkids.ee\/et\/#website","url":"https:\/\/cleverkids.ee\/et\/","name":"CLEVER KIDS","description":"","publisher":{"@id":"https:\/\/cleverkids.ee\/et\/#organization"},"potentialAction":[{"@type":"SearchAction","target":{"@type":"EntryPoint","urlTemplate":"https:\/\/cleverkids.ee\/et\/?s={search_term_string}"},"query-input":{"@type":"PropertyValueSpecification","valueRequired":true,"valueName":"search_term_string"}}],"inLanguage":"et"},{"@type":"Organization","@id":"https:\/\/cleverkids.ee\/et\/#organization","name":"CLEVER KIDS","url":"https:\/\/cleverkids.ee\/et\/","logo":{"@type":"ImageObject","inLanguage":"et","@id":"https:\/\/cleverkids.ee\/et\/#\/schema\/logo\/image\/","url":"https:\/\/cleverkids.ee\/wp-content\/uploads\/2024\/02\/image0-1024x1024.png","contentUrl":"https:\/\/cleverkids.ee\/wp-content\/uploads\/2024\/02\/image0-1024x1024.png","width":1024,"height":1024,"caption":"CLEVER KIDS"},"image":{"@id":"https:\/\/cleverkids.ee\/et\/#\/schema\/logo\/image\/"},"sameAs":["https:\/\/www.facebook.com\/cleverkids.ee\/","https:\/\/www.instagram.com\/cleverkids_ee\/"]}]}},"_links":{"self":[{"href":"https:\/\/cleverkids.ee\/et\/wp-json\/wp\/v2\/product\/50040","targetHints":{"allow":["GET"]}}],"collection":[{"href":"https:\/\/cleverkids.ee\/et\/wp-json\/wp\/v2\/product"}],"about":[{"href":"https:\/\/cleverkids.ee\/et\/wp-json\/wp\/v2\/types\/product"}],"wp:featuredmedia":[{"embeddable":true,"href":"https:\/\/cleverkids.ee\/et\/wp-json\/wp\/v2\/media\/68211"}],"wp:attachment":[{"href":"https:\/\/cleverkids.ee\/et\/wp-json\/wp\/v2\/media?parent=50040"}],"wp:term":[{"taxonomy":"product_brand","embeddable":true,"href":"https:\/\/cleverkids.ee\/et\/wp-json\/wp\/v2\/product_brand?post=50040"},{"taxonomy":"product_cat","embeddable":true,"href":"https:\/\/cleverkids.ee\/et\/wp-json\/wp\/v2\/product_cat?post=50040"},{"taxonomy":"product_tag","embeddable":true,"href":"https:\/\/cleverkids.ee\/et\/wp-json\/wp\/v2\/product_tag?post=50040"}],"curies":[{"name":"wp","href":"https:\/\/api.w.org\/{rel}","templated":true}]}}