{"id":50089,"date":"2024-04-16T07:23:36","date_gmt":"2024-04-16T04:23:36","guid":{"rendered":"https:\/\/cleverkids.dev2.sdhost.eu\/product\/%d1%80%d0%b0%d0%b7%d0%b2%d0%b8%d0%b2%d0%b0%d1%8e%d1%89%d0%b0%d1%8f-%d0%b8%d0%b3%d1%80%d0%b0-%d0%bc%d0%b0%d0%bb%d0%b5%d0%bd%d1%8c%d0%ba%d0%b8%d0%b9-%d0%bb%d0%b8%d1%81-5\/"},"modified":"2024-10-23T11:14:51","modified_gmt":"2024-10-23T08:14:51","slug":"arendav-mang-vaike-rebane-5","status":"publish","type":"product","link":"https:\/\/cleverkids.ee\/et\/product\/arendav-mang-vaike-rebane-5\/","title":{"rendered":"Arendav m\u00e4ng &#8220;V\u00e4ike rebane&#8221;, 5+"},"content":{"rendered":"<p>Arendav m\u00e4ng &#8220;V\u00e4ike rebane&#8221; on loodud laste ruumilise m\u00f5tlemise ja loogilise m\u00f5tlemise arendamiseks.<\/p>\n<p>Kuidas m\u00e4ngida?<\/p>\n<p>Aidake v\u00e4ikesel rebasel liigutada puidust plokk stardipunktist fini\u0161isse nii, et j\u00f5uaksite fini\u0161isse etteantud k\u00e4ikude arvuga. Iga ploki (sinise ja kollase) k\u00e4ikude arv on n\u00e4idatud kaardil.<br \/>\nPlokk v\u00f5tab horisontaalasendis enda alla kaks ruutu ja vertikaalasendis \u00fche ruudu. K\u00e4igu tegemiseks &#8220;veeretage&#8221; plokk teisele k\u00fcljele.<br \/>\nTeie \u00fclesanne on leida selline k\u00e4ik, et plokk ei puudutaks m\u00e4ngulauale joonistatud kaste.<br \/>\nV\u00f5ite plokki veeretada nii horisontaalselt kui ka vertikaalselt \u2013 olenevalt takistustest.<\/p>\n<p>M\u00e4ngu erip\u00e4rad:<\/p>\n<ul>\n<li>Komplektis on 2 magnetplokki suurusega 2,5 \u00d7 5 cm (sinine, kollane), mis kinnituvad magnetiliselt m\u00e4ngulauale.<\/li>\n<li>Komplekt sisaldab 40 erinevat \u00fclesandekaarti (kaardi suurus 25 \u00d7 18 cm).<\/li>\n<li>Komplektis on ka vastustega juhend, et saaksite kontrollida k\u00e4ikude \u00f5igsust.<\/li>\n<li>M\u00e4ng on soovitatav lastele alates 5. eluaastast.<\/li>\n<\/ul>\n","protected":false},"excerpt":{"rendered":"<p>Arendav m\u00e4ng &#8220;V\u00e4ike rebane&#8221; on loodud laste ruumilise m\u00f5tlemise ja loogilise m\u00f5tlemise arendamiseks. Kuidas m\u00e4ngida? Aidake v\u00e4ikesel rebasel liigutada puidust plokk stardipunktist fini\u0161isse nii, et j\u00f5uaksite fini\u0161isse etteantud k\u00e4ikude arvuga. Iga ploki (sinise ja kollase) k\u00e4ikude arv on n\u00e4idatud kaardil. Plokk v\u00f5tab horisontaalasendis enda alla kaks ruutu ja vertikaalasendis \u00fche ruudu. K\u00e4igu tegemiseks &#8220;veeretage&#8221; plokk [&hellip;]<\/p>\n","protected":false},"featured_media":68127,"template":"","meta":{"_monsterinsights_skip_tracking":false,"_monsterinsights_sitenote_active":false,"_monsterinsights_sitenote_note":"","_monsterinsights_sitenote_category":0},"product_brand":[],"product_cat":[50,55,58],"product_tag":[],"class_list":{"0":"post-50089","1":"product","2":"type-product","3":"status-publish","4":"has-post-thumbnail","6":"product_cat-arendavad-manguasjad","7":"product_cat-lauamangud","8":"product_cat-unkategorized","9":"pa_vozrast-ot-5-let-et","11":"first","12":"instock","13":"shipping-taxable","14":"purchasable","15":"product-type-simple"},"yoast_head":"<!-- This site is optimized with the Yoast SEO plugin v25.0 - https:\/\/yoast.com\/wordpress\/plugins\/seo\/ -->\n<title>Arendav m\u00e4ng &quot;V\u00e4ike rebane&quot;, 5+ -<\/title>\n<meta name=\"description\" content=\"Arendav m\u00e4ng &quot;V\u00e4ike rebane&quot;, 5+ - CLEVER KIDS\" \/>\n<meta name=\"robots\" content=\"index, follow, max-snippet:-1, max-image-preview:large, max-video-preview:-1\" \/>\n<link rel=\"canonical\" href=\"https:\/\/cleverkids.ee\/et\/product\/arendav-mang-vaike-rebane-5\/\" \/>\n<meta property=\"og:locale\" content=\"et_EE\" \/>\n<meta property=\"og:type\" content=\"article\" \/>\n<meta property=\"og:title\" content=\"Arendav m\u00e4ng &quot;V\u00e4ike rebane&quot;, 5+ -\" \/>\n<meta property=\"og:description\" content=\"Arendav m\u00e4ng &quot;V\u00e4ike rebane&quot;, 5+ - CLEVER KIDS\" \/>\n<meta property=\"og:url\" content=\"https:\/\/cleverkids.ee\/et\/product\/arendav-mang-vaike-rebane-5\/\" \/>\n<meta property=\"og:site_name\" content=\"CLEVER KIDS\" \/>\n<meta property=\"article:publisher\" content=\"https:\/\/www.facebook.com\/cleverkids.ee\/\" \/>\n<meta property=\"article:modified_time\" content=\"2024-10-23T08:14:51+00:00\" \/>\n<meta property=\"og:image\" content=\"https:\/\/cleverkids.ee\/wp-content\/uploads\/2024\/05\/H02df639d153f4c0c9b2c80c6360a784cc_960x960-1.jpg\" \/>\n\t<meta property=\"og:image:width\" content=\"800\" \/>\n\t<meta property=\"og:image:height\" content=\"800\" \/>\n\t<meta property=\"og:image:type\" content=\"image\/jpeg\" \/>\n<meta name=\"twitter:card\" content=\"summary_large_image\" \/>\n<meta name=\"twitter:label1\" content=\"Est. reading time\" \/>\n\t<meta name=\"twitter:data1\" content=\"1 minut\" \/>\n<script type=\"application\/ld+json\" class=\"yoast-schema-graph\">{\"@context\":\"https:\/\/schema.org\",\"@graph\":[{\"@type\":\"WebPage\",\"@id\":\"https:\/\/cleverkids.ee\/et\/product\/arendav-mang-vaike-rebane-5\/\",\"url\":\"https:\/\/cleverkids.ee\/et\/product\/arendav-mang-vaike-rebane-5\/\",\"name\":\"Arendav m\u00e4ng \\\"V\u00e4ike rebane\\\", 5+ -\",\"isPartOf\":{\"@id\":\"https:\/\/cleverkids.ee\/et\/#website\"},\"primaryImageOfPage\":{\"@id\":\"https:\/\/cleverkids.ee\/et\/product\/arendav-mang-vaike-rebane-5\/#primaryimage\"},\"image\":{\"@id\":\"https:\/\/cleverkids.ee\/et\/product\/arendav-mang-vaike-rebane-5\/#primaryimage\"},\"thumbnailUrl\":\"https:\/\/cleverkids.ee\/wp-content\/uploads\/2024\/05\/H02df639d153f4c0c9b2c80c6360a784cc_960x960-1.jpg\",\"datePublished\":\"2024-04-16T04:23:36+00:00\",\"dateModified\":\"2024-10-23T08:14:51+00:00\",\"description\":\"Arendav m\u00e4ng \\\"V\u00e4ike rebane\\\", 5+ - CLEVER KIDS\",\"breadcrumb\":{\"@id\":\"https:\/\/cleverkids.ee\/et\/product\/arendav-mang-vaike-rebane-5\/#breadcrumb\"},\"inLanguage\":\"et\",\"potentialAction\":[{\"@type\":\"ReadAction\",\"target\":[\"https:\/\/cleverkids.ee\/et\/product\/arendav-mang-vaike-rebane-5\/\"]}]},{\"@type\":\"ImageObject\",\"inLanguage\":\"et\",\"@id\":\"https:\/\/cleverkids.ee\/et\/product\/arendav-mang-vaike-rebane-5\/#primaryimage\",\"url\":\"https:\/\/cleverkids.ee\/wp-content\/uploads\/2024\/05\/H02df639d153f4c0c9b2c80c6360a784cc_960x960-1.jpg\",\"contentUrl\":\"https:\/\/cleverkids.ee\/wp-content\/uploads\/2024\/05\/H02df639d153f4c0c9b2c80c6360a784cc_960x960-1.jpg\",\"width\":800,\"height\":800},{\"@type\":\"BreadcrumbList\",\"@id\":\"https:\/\/cleverkids.ee\/et\/product\/arendav-mang-vaike-rebane-5\/#breadcrumb\",\"itemListElement\":[{\"@type\":\"ListItem\",\"position\":1,\"name\":\"Esileht\",\"item\":\"https:\/\/cleverkids.ee\/et\/\"},{\"@type\":\"ListItem\",\"position\":2,\"name\":\"Tooted\",\"item\":\"https:\/\/cleverkids.ee\/store\/\"},{\"@type\":\"ListItem\",\"position\":3,\"name\":\"Arendav m\u00e4ng &#171;V\u00e4ike rebane&#187;, 5+\"}]},{\"@type\":\"WebSite\",\"@id\":\"https:\/\/cleverkids.ee\/et\/#website\",\"url\":\"https:\/\/cleverkids.ee\/et\/\",\"name\":\"CLEVER KIDS\",\"description\":\"\",\"publisher\":{\"@id\":\"https:\/\/cleverkids.ee\/et\/#organization\"},\"potentialAction\":[{\"@type\":\"SearchAction\",\"target\":{\"@type\":\"EntryPoint\",\"urlTemplate\":\"https:\/\/cleverkids.ee\/et\/?s={search_term_string}\"},\"query-input\":{\"@type\":\"PropertyValueSpecification\",\"valueRequired\":true,\"valueName\":\"search_term_string\"}}],\"inLanguage\":\"et\"},{\"@type\":\"Organization\",\"@id\":\"https:\/\/cleverkids.ee\/et\/#organization\",\"name\":\"CLEVER KIDS\",\"url\":\"https:\/\/cleverkids.ee\/et\/\",\"logo\":{\"@type\":\"ImageObject\",\"inLanguage\":\"et\",\"@id\":\"https:\/\/cleverkids.ee\/et\/#\/schema\/logo\/image\/\",\"url\":\"https:\/\/cleverkids.ee\/wp-content\/uploads\/2024\/02\/image0-1024x1024.png\",\"contentUrl\":\"https:\/\/cleverkids.ee\/wp-content\/uploads\/2024\/02\/image0-1024x1024.png\",\"width\":1024,\"height\":1024,\"caption\":\"CLEVER KIDS\"},\"image\":{\"@id\":\"https:\/\/cleverkids.ee\/et\/#\/schema\/logo\/image\/\"},\"sameAs\":[\"https:\/\/www.facebook.com\/cleverkids.ee\/\",\"https:\/\/www.instagram.com\/cleverkids_ee\/\"]}]}<\/script>\n<!-- \/ Yoast SEO plugin. -->","yoast_head_json":{"title":"Arendav m\u00e4ng \"V\u00e4ike rebane\", 5+ -","description":"Arendav m\u00e4ng \"V\u00e4ike rebane\", 5+ - CLEVER KIDS","robots":{"index":"index","follow":"follow","max-snippet":"max-snippet:-1","max-image-preview":"max-image-preview:large","max-video-preview":"max-video-preview:-1"},"canonical":"https:\/\/cleverkids.ee\/et\/product\/arendav-mang-vaike-rebane-5\/","og_locale":"et_EE","og_type":"article","og_title":"Arendav m\u00e4ng \"V\u00e4ike rebane\", 5+ -","og_description":"Arendav m\u00e4ng \"V\u00e4ike rebane\", 5+ - CLEVER KIDS","og_url":"https:\/\/cleverkids.ee\/et\/product\/arendav-mang-vaike-rebane-5\/","og_site_name":"CLEVER KIDS","article_publisher":"https:\/\/www.facebook.com\/cleverkids.ee\/","article_modified_time":"2024-10-23T08:14:51+00:00","og_image":[{"width":800,"height":800,"url":"https:\/\/cleverkids.ee\/wp-content\/uploads\/2024\/05\/H02df639d153f4c0c9b2c80c6360a784cc_960x960-1.jpg","type":"image\/jpeg"}],"twitter_card":"summary_large_image","twitter_misc":{"Est. reading time":"1 minut"},"schema":{"@context":"https:\/\/schema.org","@graph":[{"@type":"WebPage","@id":"https:\/\/cleverkids.ee\/et\/product\/arendav-mang-vaike-rebane-5\/","url":"https:\/\/cleverkids.ee\/et\/product\/arendav-mang-vaike-rebane-5\/","name":"Arendav m\u00e4ng \"V\u00e4ike rebane\", 5+ -","isPartOf":{"@id":"https:\/\/cleverkids.ee\/et\/#website"},"primaryImageOfPage":{"@id":"https:\/\/cleverkids.ee\/et\/product\/arendav-mang-vaike-rebane-5\/#primaryimage"},"image":{"@id":"https:\/\/cleverkids.ee\/et\/product\/arendav-mang-vaike-rebane-5\/#primaryimage"},"thumbnailUrl":"https:\/\/cleverkids.ee\/wp-content\/uploads\/2024\/05\/H02df639d153f4c0c9b2c80c6360a784cc_960x960-1.jpg","datePublished":"2024-04-16T04:23:36+00:00","dateModified":"2024-10-23T08:14:51+00:00","description":"Arendav m\u00e4ng \"V\u00e4ike rebane\", 5+ - CLEVER KIDS","breadcrumb":{"@id":"https:\/\/cleverkids.ee\/et\/product\/arendav-mang-vaike-rebane-5\/#breadcrumb"},"inLanguage":"et","potentialAction":[{"@type":"ReadAction","target":["https:\/\/cleverkids.ee\/et\/product\/arendav-mang-vaike-rebane-5\/"]}]},{"@type":"ImageObject","inLanguage":"et","@id":"https:\/\/cleverkids.ee\/et\/product\/arendav-mang-vaike-rebane-5\/#primaryimage","url":"https:\/\/cleverkids.ee\/wp-content\/uploads\/2024\/05\/H02df639d153f4c0c9b2c80c6360a784cc_960x960-1.jpg","contentUrl":"https:\/\/cleverkids.ee\/wp-content\/uploads\/2024\/05\/H02df639d153f4c0c9b2c80c6360a784cc_960x960-1.jpg","width":800,"height":800},{"@type":"BreadcrumbList","@id":"https:\/\/cleverkids.ee\/et\/product\/arendav-mang-vaike-rebane-5\/#breadcrumb","itemListElement":[{"@type":"ListItem","position":1,"name":"Esileht","item":"https:\/\/cleverkids.ee\/et\/"},{"@type":"ListItem","position":2,"name":"Tooted","item":"https:\/\/cleverkids.ee\/store\/"},{"@type":"ListItem","position":3,"name":"Arendav m\u00e4ng &#171;V\u00e4ike rebane&#187;, 5+"}]},{"@type":"WebSite","@id":"https:\/\/cleverkids.ee\/et\/#website","url":"https:\/\/cleverkids.ee\/et\/","name":"CLEVER KIDS","description":"","publisher":{"@id":"https:\/\/cleverkids.ee\/et\/#organization"},"potentialAction":[{"@type":"SearchAction","target":{"@type":"EntryPoint","urlTemplate":"https:\/\/cleverkids.ee\/et\/?s={search_term_string}"},"query-input":{"@type":"PropertyValueSpecification","valueRequired":true,"valueName":"search_term_string"}}],"inLanguage":"et"},{"@type":"Organization","@id":"https:\/\/cleverkids.ee\/et\/#organization","name":"CLEVER KIDS","url":"https:\/\/cleverkids.ee\/et\/","logo":{"@type":"ImageObject","inLanguage":"et","@id":"https:\/\/cleverkids.ee\/et\/#\/schema\/logo\/image\/","url":"https:\/\/cleverkids.ee\/wp-content\/uploads\/2024\/02\/image0-1024x1024.png","contentUrl":"https:\/\/cleverkids.ee\/wp-content\/uploads\/2024\/02\/image0-1024x1024.png","width":1024,"height":1024,"caption":"CLEVER KIDS"},"image":{"@id":"https:\/\/cleverkids.ee\/et\/#\/schema\/logo\/image\/"},"sameAs":["https:\/\/www.facebook.com\/cleverkids.ee\/","https:\/\/www.instagram.com\/cleverkids_ee\/"]}]}},"_links":{"self":[{"href":"https:\/\/cleverkids.ee\/et\/wp-json\/wp\/v2\/product\/50089","targetHints":{"allow":["GET"]}}],"collection":[{"href":"https:\/\/cleverkids.ee\/et\/wp-json\/wp\/v2\/product"}],"about":[{"href":"https:\/\/cleverkids.ee\/et\/wp-json\/wp\/v2\/types\/product"}],"wp:featuredmedia":[{"embeddable":true,"href":"https:\/\/cleverkids.ee\/et\/wp-json\/wp\/v2\/media\/68127"}],"wp:attachment":[{"href":"https:\/\/cleverkids.ee\/et\/wp-json\/wp\/v2\/media?parent=50089"}],"wp:term":[{"taxonomy":"product_brand","embeddable":true,"href":"https:\/\/cleverkids.ee\/et\/wp-json\/wp\/v2\/product_brand?post=50089"},{"taxonomy":"product_cat","embeddable":true,"href":"https:\/\/cleverkids.ee\/et\/wp-json\/wp\/v2\/product_cat?post=50089"},{"taxonomy":"product_tag","embeddable":true,"href":"https:\/\/cleverkids.ee\/et\/wp-json\/wp\/v2\/product_tag?post=50089"}],"curies":[{"name":"wp","href":"https:\/\/api.w.org\/{rel}","templated":true}]}}