{"id":50097,"date":"2024-04-16T07:23:36","date_gmt":"2024-04-16T04:23:36","guid":{"rendered":"https:\/\/cleverkids.dev2.sdhost.eu\/product\/%d0%bd%d0%b0%d1%81%d1%82%d0%be%d0%bb%d1%8c%d0%bd%d0%b0%d1%8f-%d0%bb%d0%be%d0%b3%d0%b8%d1%87%d0%b5%d1%81%d0%ba%d0%b0%d1%8f-%d0%b8%d0%b3%d1%80%d0%b0-%d1%86%d0%b2%d0%b5%d1%82%d0%be%d0%b2%d0%be%d0%b9\/"},"modified":"2024-10-23T11:16:41","modified_gmt":"2024-10-23T08:16:41","slug":"lauamang-varvikood","status":"publish","type":"product","link":"https:\/\/cleverkids.ee\/et\/product\/lauamang-varvikood\/","title":{"rendered":"Lauam\u00e4ng &#8220;V\u00e4rvikood&#8221;"},"content":{"rendered":"<p>Analoog tuntud m\u00e4ngust &#8220;COLOUR CODE&#8221; firmalt SMART GAMES, kuid taskukohasem!<\/p>\n<p>P\u00f5nev m\u00e4ng kogu perele, mis pakub intellektuaalset meelelahutust. M\u00e4ngu eesm\u00e4rk on asetada erinevat v\u00e4rvi plaadid nii, et need kordaksid valitud kaardil kujutatud \u00fclesannet. Igal plaadil on oma muster, ja kui neid \u00fcksteise peale asetada, muutub l\u00f5pptulemus pildil. \u00dclesande lahendamisel peate \u00f5igesti kombineerima mitte ainult v\u00e4rve, vaid ka plaatide j\u00e4rjekorda ja kuju. M\u00e4ng sisaldab tohutult erinevaid \u00fclesandeid.<\/p>\n<p>Lauam\u00e4ng &#8220;V\u00e4rvikood&#8221; arendab suurep\u00e4raselt lapse ruumilist ja loogilist m\u00f5tlemist ning kognitiivseid v\u00f5imeid, \u00f5petades lahendama ka k\u00f5ige keerulisemaid \u00fclesandeid.<\/p>\n<p>Sobib lastele alates 6. eluaastast.<\/p>\n<p>Komplekt sisaldab:<\/p>\n<ul>\n<li>18 plastist raami geomeetriliste kujunditega,<\/li>\n<li>alust nende kombineerimiseks,<\/li>\n<li>ja bukletti 100 erineva raskusastmega \u00fclesandega koos vastustega.<\/li>\n<\/ul>\n<p>Karbi suurus: 28x7x25,5 cm.<\/p>\n","protected":false},"excerpt":{"rendered":"<p>Analoog tuntud m\u00e4ngust &#8220;COLOUR CODE&#8221; firmalt SMART GAMES, kuid taskukohasem! P\u00f5nev m\u00e4ng kogu perele, mis pakub intellektuaalset meelelahutust. M\u00e4ngu eesm\u00e4rk on asetada erinevat v\u00e4rvi plaadid nii, et need kordaksid valitud kaardil kujutatud \u00fclesannet. Igal plaadil on oma muster, ja kui neid \u00fcksteise peale asetada, muutub l\u00f5pptulemus pildil. \u00dclesande lahendamisel peate \u00f5igesti kombineerima mitte ainult v\u00e4rve, [&hellip;]<\/p>\n","protected":false},"featured_media":68100,"template":"","meta":{"_monsterinsights_skip_tracking":false,"_monsterinsights_sitenote_active":false,"_monsterinsights_sitenote_note":"","_monsterinsights_sitenote_category":0},"product_brand":[],"product_cat":[50,55,58],"product_tag":[],"class_list":{"0":"post-50097","1":"product","2":"type-product","3":"status-publish","4":"has-post-thumbnail","6":"product_cat-arendavad-manguasjad","7":"product_cat-lauamangud","8":"product_cat-unkategorized","9":"pa_vozrast-ot-5-let-et","11":"first","12":"instock","13":"shipping-taxable","14":"purchasable","15":"product-type-simple"},"yoast_head":"<!-- This site is optimized with the Yoast SEO plugin v25.0 - https:\/\/yoast.com\/wordpress\/plugins\/seo\/ -->\n<title>Lauam\u00e4ng &quot;V\u00e4rvikood&quot; -<\/title>\n<meta name=\"description\" content=\"Lauam\u00e4ng &quot;V\u00e4rvikood&quot; - CLEVER KIDS\" \/>\n<meta name=\"robots\" content=\"index, follow, max-snippet:-1, max-image-preview:large, max-video-preview:-1\" \/>\n<link rel=\"canonical\" href=\"https:\/\/cleverkids.ee\/et\/product\/lauamang-varvikood\/\" \/>\n<meta property=\"og:locale\" content=\"et_EE\" \/>\n<meta property=\"og:type\" content=\"article\" \/>\n<meta property=\"og:title\" content=\"Lauam\u00e4ng &quot;V\u00e4rvikood&quot; -\" \/>\n<meta property=\"og:description\" content=\"Lauam\u00e4ng &quot;V\u00e4rvikood&quot; - CLEVER KIDS\" \/>\n<meta property=\"og:url\" content=\"https:\/\/cleverkids.ee\/et\/product\/lauamang-varvikood\/\" \/>\n<meta property=\"og:site_name\" content=\"CLEVER KIDS\" \/>\n<meta property=\"article:publisher\" content=\"https:\/\/www.facebook.com\/cleverkids.ee\/\" \/>\n<meta property=\"article:modified_time\" content=\"2024-10-23T08:16:41+00:00\" \/>\n<meta property=\"og:image\" content=\"https:\/\/cleverkids.ee\/wp-content\/uploads\/2024\/05\/igra-tsvetovoj-kod-1-500x500-1-1.jpg\" \/>\n\t<meta property=\"og:image:width\" content=\"500\" \/>\n\t<meta property=\"og:image:height\" content=\"500\" \/>\n\t<meta property=\"og:image:type\" content=\"image\/jpeg\" \/>\n<meta name=\"twitter:card\" content=\"summary_large_image\" \/>\n<meta name=\"twitter:label1\" content=\"Est. reading time\" \/>\n\t<meta name=\"twitter:data1\" content=\"1 minut\" \/>\n<script type=\"application\/ld+json\" class=\"yoast-schema-graph\">{\"@context\":\"https:\/\/schema.org\",\"@graph\":[{\"@type\":\"WebPage\",\"@id\":\"https:\/\/cleverkids.ee\/et\/product\/lauamang-varvikood\/\",\"url\":\"https:\/\/cleverkids.ee\/et\/product\/lauamang-varvikood\/\",\"name\":\"Lauam\u00e4ng \\\"V\u00e4rvikood\\\" -\",\"isPartOf\":{\"@id\":\"https:\/\/cleverkids.ee\/et\/#website\"},\"primaryImageOfPage\":{\"@id\":\"https:\/\/cleverkids.ee\/et\/product\/lauamang-varvikood\/#primaryimage\"},\"image\":{\"@id\":\"https:\/\/cleverkids.ee\/et\/product\/lauamang-varvikood\/#primaryimage\"},\"thumbnailUrl\":\"https:\/\/cleverkids.ee\/wp-content\/uploads\/2024\/05\/igra-tsvetovoj-kod-1-500x500-1-1.jpg\",\"datePublished\":\"2024-04-16T04:23:36+00:00\",\"dateModified\":\"2024-10-23T08:16:41+00:00\",\"description\":\"Lauam\u00e4ng \\\"V\u00e4rvikood\\\" - CLEVER KIDS\",\"breadcrumb\":{\"@id\":\"https:\/\/cleverkids.ee\/et\/product\/lauamang-varvikood\/#breadcrumb\"},\"inLanguage\":\"et\",\"potentialAction\":[{\"@type\":\"ReadAction\",\"target\":[\"https:\/\/cleverkids.ee\/et\/product\/lauamang-varvikood\/\"]}]},{\"@type\":\"ImageObject\",\"inLanguage\":\"et\",\"@id\":\"https:\/\/cleverkids.ee\/et\/product\/lauamang-varvikood\/#primaryimage\",\"url\":\"https:\/\/cleverkids.ee\/wp-content\/uploads\/2024\/05\/igra-tsvetovoj-kod-1-500x500-1-1.jpg\",\"contentUrl\":\"https:\/\/cleverkids.ee\/wp-content\/uploads\/2024\/05\/igra-tsvetovoj-kod-1-500x500-1-1.jpg\",\"width\":500,\"height\":500},{\"@type\":\"BreadcrumbList\",\"@id\":\"https:\/\/cleverkids.ee\/et\/product\/lauamang-varvikood\/#breadcrumb\",\"itemListElement\":[{\"@type\":\"ListItem\",\"position\":1,\"name\":\"Esileht\",\"item\":\"https:\/\/cleverkids.ee\/et\/\"},{\"@type\":\"ListItem\",\"position\":2,\"name\":\"Tooted\",\"item\":\"https:\/\/cleverkids.ee\/store\/\"},{\"@type\":\"ListItem\",\"position\":3,\"name\":\"Lauam\u00e4ng &#171;V\u00e4rvikood&#187;\"}]},{\"@type\":\"WebSite\",\"@id\":\"https:\/\/cleverkids.ee\/et\/#website\",\"url\":\"https:\/\/cleverkids.ee\/et\/\",\"name\":\"CLEVER KIDS\",\"description\":\"\",\"publisher\":{\"@id\":\"https:\/\/cleverkids.ee\/et\/#organization\"},\"potentialAction\":[{\"@type\":\"SearchAction\",\"target\":{\"@type\":\"EntryPoint\",\"urlTemplate\":\"https:\/\/cleverkids.ee\/et\/?s={search_term_string}\"},\"query-input\":{\"@type\":\"PropertyValueSpecification\",\"valueRequired\":true,\"valueName\":\"search_term_string\"}}],\"inLanguage\":\"et\"},{\"@type\":\"Organization\",\"@id\":\"https:\/\/cleverkids.ee\/et\/#organization\",\"name\":\"CLEVER KIDS\",\"url\":\"https:\/\/cleverkids.ee\/et\/\",\"logo\":{\"@type\":\"ImageObject\",\"inLanguage\":\"et\",\"@id\":\"https:\/\/cleverkids.ee\/et\/#\/schema\/logo\/image\/\",\"url\":\"https:\/\/cleverkids.ee\/wp-content\/uploads\/2024\/02\/image0-1024x1024.png\",\"contentUrl\":\"https:\/\/cleverkids.ee\/wp-content\/uploads\/2024\/02\/image0-1024x1024.png\",\"width\":1024,\"height\":1024,\"caption\":\"CLEVER KIDS\"},\"image\":{\"@id\":\"https:\/\/cleverkids.ee\/et\/#\/schema\/logo\/image\/\"},\"sameAs\":[\"https:\/\/www.facebook.com\/cleverkids.ee\/\",\"https:\/\/www.instagram.com\/cleverkids_ee\/\"]}]}<\/script>\n<!-- \/ Yoast SEO plugin. -->","yoast_head_json":{"title":"Lauam\u00e4ng \"V\u00e4rvikood\" -","description":"Lauam\u00e4ng \"V\u00e4rvikood\" - CLEVER KIDS","robots":{"index":"index","follow":"follow","max-snippet":"max-snippet:-1","max-image-preview":"max-image-preview:large","max-video-preview":"max-video-preview:-1"},"canonical":"https:\/\/cleverkids.ee\/et\/product\/lauamang-varvikood\/","og_locale":"et_EE","og_type":"article","og_title":"Lauam\u00e4ng \"V\u00e4rvikood\" -","og_description":"Lauam\u00e4ng \"V\u00e4rvikood\" - CLEVER KIDS","og_url":"https:\/\/cleverkids.ee\/et\/product\/lauamang-varvikood\/","og_site_name":"CLEVER KIDS","article_publisher":"https:\/\/www.facebook.com\/cleverkids.ee\/","article_modified_time":"2024-10-23T08:16:41+00:00","og_image":[{"width":500,"height":500,"url":"https:\/\/cleverkids.ee\/wp-content\/uploads\/2024\/05\/igra-tsvetovoj-kod-1-500x500-1-1.jpg","type":"image\/jpeg"}],"twitter_card":"summary_large_image","twitter_misc":{"Est. reading time":"1 minut"},"schema":{"@context":"https:\/\/schema.org","@graph":[{"@type":"WebPage","@id":"https:\/\/cleverkids.ee\/et\/product\/lauamang-varvikood\/","url":"https:\/\/cleverkids.ee\/et\/product\/lauamang-varvikood\/","name":"Lauam\u00e4ng \"V\u00e4rvikood\" -","isPartOf":{"@id":"https:\/\/cleverkids.ee\/et\/#website"},"primaryImageOfPage":{"@id":"https:\/\/cleverkids.ee\/et\/product\/lauamang-varvikood\/#primaryimage"},"image":{"@id":"https:\/\/cleverkids.ee\/et\/product\/lauamang-varvikood\/#primaryimage"},"thumbnailUrl":"https:\/\/cleverkids.ee\/wp-content\/uploads\/2024\/05\/igra-tsvetovoj-kod-1-500x500-1-1.jpg","datePublished":"2024-04-16T04:23:36+00:00","dateModified":"2024-10-23T08:16:41+00:00","description":"Lauam\u00e4ng \"V\u00e4rvikood\" - CLEVER KIDS","breadcrumb":{"@id":"https:\/\/cleverkids.ee\/et\/product\/lauamang-varvikood\/#breadcrumb"},"inLanguage":"et","potentialAction":[{"@type":"ReadAction","target":["https:\/\/cleverkids.ee\/et\/product\/lauamang-varvikood\/"]}]},{"@type":"ImageObject","inLanguage":"et","@id":"https:\/\/cleverkids.ee\/et\/product\/lauamang-varvikood\/#primaryimage","url":"https:\/\/cleverkids.ee\/wp-content\/uploads\/2024\/05\/igra-tsvetovoj-kod-1-500x500-1-1.jpg","contentUrl":"https:\/\/cleverkids.ee\/wp-content\/uploads\/2024\/05\/igra-tsvetovoj-kod-1-500x500-1-1.jpg","width":500,"height":500},{"@type":"BreadcrumbList","@id":"https:\/\/cleverkids.ee\/et\/product\/lauamang-varvikood\/#breadcrumb","itemListElement":[{"@type":"ListItem","position":1,"name":"Esileht","item":"https:\/\/cleverkids.ee\/et\/"},{"@type":"ListItem","position":2,"name":"Tooted","item":"https:\/\/cleverkids.ee\/store\/"},{"@type":"ListItem","position":3,"name":"Lauam\u00e4ng &#171;V\u00e4rvikood&#187;"}]},{"@type":"WebSite","@id":"https:\/\/cleverkids.ee\/et\/#website","url":"https:\/\/cleverkids.ee\/et\/","name":"CLEVER KIDS","description":"","publisher":{"@id":"https:\/\/cleverkids.ee\/et\/#organization"},"potentialAction":[{"@type":"SearchAction","target":{"@type":"EntryPoint","urlTemplate":"https:\/\/cleverkids.ee\/et\/?s={search_term_string}"},"query-input":{"@type":"PropertyValueSpecification","valueRequired":true,"valueName":"search_term_string"}}],"inLanguage":"et"},{"@type":"Organization","@id":"https:\/\/cleverkids.ee\/et\/#organization","name":"CLEVER KIDS","url":"https:\/\/cleverkids.ee\/et\/","logo":{"@type":"ImageObject","inLanguage":"et","@id":"https:\/\/cleverkids.ee\/et\/#\/schema\/logo\/image\/","url":"https:\/\/cleverkids.ee\/wp-content\/uploads\/2024\/02\/image0-1024x1024.png","contentUrl":"https:\/\/cleverkids.ee\/wp-content\/uploads\/2024\/02\/image0-1024x1024.png","width":1024,"height":1024,"caption":"CLEVER KIDS"},"image":{"@id":"https:\/\/cleverkids.ee\/et\/#\/schema\/logo\/image\/"},"sameAs":["https:\/\/www.facebook.com\/cleverkids.ee\/","https:\/\/www.instagram.com\/cleverkids_ee\/"]}]}},"_links":{"self":[{"href":"https:\/\/cleverkids.ee\/et\/wp-json\/wp\/v2\/product\/50097","targetHints":{"allow":["GET"]}}],"collection":[{"href":"https:\/\/cleverkids.ee\/et\/wp-json\/wp\/v2\/product"}],"about":[{"href":"https:\/\/cleverkids.ee\/et\/wp-json\/wp\/v2\/types\/product"}],"wp:featuredmedia":[{"embeddable":true,"href":"https:\/\/cleverkids.ee\/et\/wp-json\/wp\/v2\/media\/68100"}],"wp:attachment":[{"href":"https:\/\/cleverkids.ee\/et\/wp-json\/wp\/v2\/media?parent=50097"}],"wp:term":[{"taxonomy":"product_brand","embeddable":true,"href":"https:\/\/cleverkids.ee\/et\/wp-json\/wp\/v2\/product_brand?post=50097"},{"taxonomy":"product_cat","embeddable":true,"href":"https:\/\/cleverkids.ee\/et\/wp-json\/wp\/v2\/product_cat?post=50097"},{"taxonomy":"product_tag","embeddable":true,"href":"https:\/\/cleverkids.ee\/et\/wp-json\/wp\/v2\/product_tag?post=50097"}],"curies":[{"name":"wp","href":"https:\/\/api.w.org\/{rel}","templated":true}]}}