{"id":50104,"date":"2024-04-16T07:23:36","date_gmt":"2024-04-16T04:23:36","guid":{"rendered":"https:\/\/cleverkids.dev2.sdhost.eu\/product\/%d0%bd%d0%b0%d1%81%d1%82%d0%be%d0%bb%d1%8c%d0%bd%d0%b0%d1%8f-%d0%b8%d0%b3%d1%80%d0%b0-%d0%b4%d0%b6%d0%b5%d0%bd%d0%b3%d0%b0-%d0%b6%d0%b8%d0%b2%d0%be%d1%82%d0%bd%d1%8b%d0%b5\/"},"modified":"2025-03-29T12:42:00","modified_gmt":"2025-03-29T10:42:00","slug":"lauamang-jenga-loomad","status":"publish","type":"product","link":"https:\/\/cleverkids.ee\/et\/product\/lauamang-jenga-loomad\/","title":{"rendered":"Lauam\u00e4ng \u201eJenga. Loomad\u201c"},"content":{"rendered":"<p class=\"\" data-start=\"36\" data-end=\"249\">L\u00f5bus ja arendav m\u00e4ng, mis treenib <strong data-start=\"71\" data-end=\"90\">koordineerimist<\/strong>, <strong data-start=\"92\" data-end=\"115\">loogilist m\u00f5tlemist<\/strong> ja <strong data-start=\"119\" data-end=\"135\">kindlat k\u00e4tt<\/strong>!<br data-start=\"136\" data-end=\"139\" \/>Eesm\u00e4rk on laduda klotsidest <strong data-start=\"168\" data-end=\"176\">torn<\/strong>, seej\u00e4rel <strong data-start=\"187\" data-end=\"221\">t\u00f5mmata klotse v\u00e4lja \u00fckshaaval<\/strong>, ilma et torn kokku kukuks.<\/p>\n<hr class=\"\" data-start=\"251\" data-end=\"254\" \/>\n<h3 class=\"\" data-start=\"256\" data-end=\"301\"><strong data-start=\"260\" data-end=\"299\">Mis teeb selle versiooni eriliseks?<\/strong><\/h3>\n<p class=\"\" data-start=\"302\" data-end=\"467\">Komplektis on:<br data-start=\"316\" data-end=\"319\" \/>\ud83e\uddf1 <strong data-start=\"322\" data-end=\"339\">51 puitklotsi<\/strong>, millel on kujutatud erinevad <strong data-start=\"370\" data-end=\"391\">loomad ja putukad<\/strong><br data-start=\"391\" data-end=\"394\" \/>\ud83c\udfb2 <strong data-start=\"397\" data-end=\"407\">T\u00e4ring<\/strong>, mille k\u00fclgedel on samad loomad ja putukad, mis klotsidel<\/p>\n<p class=\"\" data-start=\"469\" data-end=\"576\">\ud83c\udfaf <strong data-start=\"472\" data-end=\"488\">M\u00e4ngureegel:<\/strong> veereta t\u00e4ringut \u2014 ja t\u00f5mba tornist v\u00e4lja see klots, mille loom on sulle ette n\u00e4idatud!<\/p>\n<hr class=\"\" data-start=\"578\" data-end=\"581\" \/>\n<h3 class=\"\" data-start=\"583\" data-end=\"606\"><strong data-start=\"587\" data-end=\"604\">M\u00e4ng arendab:<\/strong><\/h3>\n<p class=\"\" data-start=\"607\" data-end=\"716\">\u2705 motoorikat<br data-start=\"619\" data-end=\"622\" \/>\u2705 t\u00e4helepanu ja keskendumist<br data-start=\"650\" data-end=\"653\" \/>\u2705 loogilist ja ruumilist m\u00f5tlemist<br data-start=\"687\" data-end=\"690\" \/>\u2705 kannatlikkust ja t\u00e4psust<\/p>\n<p class=\"\" data-start=\"718\" data-end=\"820\">Sobib m\u00e4ngimiseks nii \u00fcksi kui ka koos pere ja s\u00f5pradega.<br data-start=\"775\" data-end=\"778\" \/>\ud83c\udf89 Soovitatav vanus: alates 4. eluaastast.<\/p>\n","protected":false},"excerpt":{"rendered":"<p>L\u00f5bus ja arendav m\u00e4ng, mis treenib koordineerimist, loogilist m\u00f5tlemist ja kindlat k\u00e4tt!Eesm\u00e4rk on laduda klotsidest torn, seej\u00e4rel t\u00f5mmata klotse v\u00e4lja \u00fckshaaval, ilma et torn kokku kukuks. Mis teeb selle versiooni eriliseks? Komplektis on:\ud83e\uddf1 51 puitklotsi, millel on kujutatud erinevad loomad ja putukad\ud83c\udfb2 T\u00e4ring, mille k\u00fclgedel on samad loomad ja putukad, mis klotsidel \ud83c\udfaf M\u00e4ngureegel: veereta [&hellip;]<\/p>\n","protected":false},"featured_media":68091,"template":"","meta":{"_monsterinsights_skip_tracking":false,"_monsterinsights_sitenote_active":false,"_monsterinsights_sitenote_note":"","_monsterinsights_sitenote_category":0},"product_brand":[],"product_cat":[55,58],"product_tag":[],"class_list":{"0":"post-50104","1":"product","2":"type-product","3":"status-publish","4":"has-post-thumbnail","6":"product_cat-lauamangud","7":"product_cat-unkategorized","8":"pa_vozrast-ot-5-let-et","10":"first","11":"instock","12":"shipping-taxable","13":"purchasable","14":"product-type-simple"},"yoast_head":"<!-- This site is optimized with the Yoast SEO plugin v25.0 - https:\/\/yoast.com\/wordpress\/plugins\/seo\/ -->\n<title>Lauam\u00e4ng \u201eJenga. Loomad\u201c -<\/title>\n<meta name=\"description\" content=\"Lauam\u00e4ng \u201eJenga. Loomad\u201c - CLEVER KIDS\" \/>\n<meta name=\"robots\" content=\"index, follow, max-snippet:-1, max-image-preview:large, max-video-preview:-1\" \/>\n<link rel=\"canonical\" href=\"https:\/\/cleverkids.ee\/et\/product\/lauamang-jenga-loomad\/\" \/>\n<meta property=\"og:locale\" content=\"et_EE\" \/>\n<meta property=\"og:type\" content=\"article\" \/>\n<meta property=\"og:title\" content=\"Lauam\u00e4ng \u201eJenga. Loomad\u201c -\" \/>\n<meta property=\"og:description\" content=\"Lauam\u00e4ng \u201eJenga. Loomad\u201c - CLEVER KIDS\" \/>\n<meta property=\"og:url\" content=\"https:\/\/cleverkids.ee\/et\/product\/lauamang-jenga-loomad\/\" \/>\n<meta property=\"og:site_name\" content=\"CLEVER KIDS\" \/>\n<meta property=\"article:publisher\" content=\"https:\/\/www.facebook.com\/cleverkids.ee\/\" \/>\n<meta property=\"article:modified_time\" content=\"2025-03-29T10:42:00+00:00\" \/>\n<meta property=\"og:image\" content=\"https:\/\/cleverkids.ee\/wp-content\/uploads\/2024\/05\/H0b410938e14340a08f9884436b180170q_960x960-1.jpg\" \/>\n\t<meta property=\"og:image:width\" content=\"800\" \/>\n\t<meta property=\"og:image:height\" content=\"800\" \/>\n\t<meta property=\"og:image:type\" content=\"image\/jpeg\" \/>\n<meta name=\"twitter:card\" content=\"summary_large_image\" \/>\n<meta name=\"twitter:label1\" content=\"Est. reading time\" \/>\n\t<meta name=\"twitter:data1\" content=\"1 minut\" \/>\n<script type=\"application\/ld+json\" class=\"yoast-schema-graph\">{\"@context\":\"https:\/\/schema.org\",\"@graph\":[{\"@type\":\"WebPage\",\"@id\":\"https:\/\/cleverkids.ee\/et\/product\/lauamang-jenga-loomad\/\",\"url\":\"https:\/\/cleverkids.ee\/et\/product\/lauamang-jenga-loomad\/\",\"name\":\"Lauam\u00e4ng \u201eJenga. Loomad\u201c -\",\"isPartOf\":{\"@id\":\"https:\/\/cleverkids.ee\/et\/#website\"},\"primaryImageOfPage\":{\"@id\":\"https:\/\/cleverkids.ee\/et\/product\/lauamang-jenga-loomad\/#primaryimage\"},\"image\":{\"@id\":\"https:\/\/cleverkids.ee\/et\/product\/lauamang-jenga-loomad\/#primaryimage\"},\"thumbnailUrl\":\"https:\/\/cleverkids.ee\/wp-content\/uploads\/2024\/05\/H0b410938e14340a08f9884436b180170q_960x960-1.jpg\",\"datePublished\":\"2024-04-16T04:23:36+00:00\",\"dateModified\":\"2025-03-29T10:42:00+00:00\",\"description\":\"Lauam\u00e4ng \u201eJenga. Loomad\u201c - CLEVER KIDS\",\"breadcrumb\":{\"@id\":\"https:\/\/cleverkids.ee\/et\/product\/lauamang-jenga-loomad\/#breadcrumb\"},\"inLanguage\":\"et\",\"potentialAction\":[{\"@type\":\"ReadAction\",\"target\":[\"https:\/\/cleverkids.ee\/et\/product\/lauamang-jenga-loomad\/\"]}]},{\"@type\":\"ImageObject\",\"inLanguage\":\"et\",\"@id\":\"https:\/\/cleverkids.ee\/et\/product\/lauamang-jenga-loomad\/#primaryimage\",\"url\":\"https:\/\/cleverkids.ee\/wp-content\/uploads\/2024\/05\/H0b410938e14340a08f9884436b180170q_960x960-1.jpg\",\"contentUrl\":\"https:\/\/cleverkids.ee\/wp-content\/uploads\/2024\/05\/H0b410938e14340a08f9884436b180170q_960x960-1.jpg\",\"width\":800,\"height\":800},{\"@type\":\"BreadcrumbList\",\"@id\":\"https:\/\/cleverkids.ee\/et\/product\/lauamang-jenga-loomad\/#breadcrumb\",\"itemListElement\":[{\"@type\":\"ListItem\",\"position\":1,\"name\":\"Esileht\",\"item\":\"https:\/\/cleverkids.ee\/et\/\"},{\"@type\":\"ListItem\",\"position\":2,\"name\":\"Tooted\",\"item\":\"https:\/\/cleverkids.ee\/store\/\"},{\"@type\":\"ListItem\",\"position\":3,\"name\":\"Lauam\u00e4ng \u201eJenga. Loomad\u201c\"}]},{\"@type\":\"WebSite\",\"@id\":\"https:\/\/cleverkids.ee\/et\/#website\",\"url\":\"https:\/\/cleverkids.ee\/et\/\",\"name\":\"CLEVER KIDS\",\"description\":\"\",\"publisher\":{\"@id\":\"https:\/\/cleverkids.ee\/et\/#organization\"},\"potentialAction\":[{\"@type\":\"SearchAction\",\"target\":{\"@type\":\"EntryPoint\",\"urlTemplate\":\"https:\/\/cleverkids.ee\/et\/?s={search_term_string}\"},\"query-input\":{\"@type\":\"PropertyValueSpecification\",\"valueRequired\":true,\"valueName\":\"search_term_string\"}}],\"inLanguage\":\"et\"},{\"@type\":\"Organization\",\"@id\":\"https:\/\/cleverkids.ee\/et\/#organization\",\"name\":\"CLEVER KIDS\",\"url\":\"https:\/\/cleverkids.ee\/et\/\",\"logo\":{\"@type\":\"ImageObject\",\"inLanguage\":\"et\",\"@id\":\"https:\/\/cleverkids.ee\/et\/#\/schema\/logo\/image\/\",\"url\":\"https:\/\/cleverkids.ee\/wp-content\/uploads\/2024\/02\/image0-1024x1024.png\",\"contentUrl\":\"https:\/\/cleverkids.ee\/wp-content\/uploads\/2024\/02\/image0-1024x1024.png\",\"width\":1024,\"height\":1024,\"caption\":\"CLEVER KIDS\"},\"image\":{\"@id\":\"https:\/\/cleverkids.ee\/et\/#\/schema\/logo\/image\/\"},\"sameAs\":[\"https:\/\/www.facebook.com\/cleverkids.ee\/\",\"https:\/\/www.instagram.com\/cleverkids_ee\/\"]}]}<\/script>\n<!-- \/ Yoast SEO plugin. -->","yoast_head_json":{"title":"Lauam\u00e4ng \u201eJenga. Loomad\u201c -","description":"Lauam\u00e4ng \u201eJenga. Loomad\u201c - CLEVER KIDS","robots":{"index":"index","follow":"follow","max-snippet":"max-snippet:-1","max-image-preview":"max-image-preview:large","max-video-preview":"max-video-preview:-1"},"canonical":"https:\/\/cleverkids.ee\/et\/product\/lauamang-jenga-loomad\/","og_locale":"et_EE","og_type":"article","og_title":"Lauam\u00e4ng \u201eJenga. Loomad\u201c -","og_description":"Lauam\u00e4ng \u201eJenga. Loomad\u201c - CLEVER KIDS","og_url":"https:\/\/cleverkids.ee\/et\/product\/lauamang-jenga-loomad\/","og_site_name":"CLEVER KIDS","article_publisher":"https:\/\/www.facebook.com\/cleverkids.ee\/","article_modified_time":"2025-03-29T10:42:00+00:00","og_image":[{"width":800,"height":800,"url":"https:\/\/cleverkids.ee\/wp-content\/uploads\/2024\/05\/H0b410938e14340a08f9884436b180170q_960x960-1.jpg","type":"image\/jpeg"}],"twitter_card":"summary_large_image","twitter_misc":{"Est. reading time":"1 minut"},"schema":{"@context":"https:\/\/schema.org","@graph":[{"@type":"WebPage","@id":"https:\/\/cleverkids.ee\/et\/product\/lauamang-jenga-loomad\/","url":"https:\/\/cleverkids.ee\/et\/product\/lauamang-jenga-loomad\/","name":"Lauam\u00e4ng \u201eJenga. Loomad\u201c -","isPartOf":{"@id":"https:\/\/cleverkids.ee\/et\/#website"},"primaryImageOfPage":{"@id":"https:\/\/cleverkids.ee\/et\/product\/lauamang-jenga-loomad\/#primaryimage"},"image":{"@id":"https:\/\/cleverkids.ee\/et\/product\/lauamang-jenga-loomad\/#primaryimage"},"thumbnailUrl":"https:\/\/cleverkids.ee\/wp-content\/uploads\/2024\/05\/H0b410938e14340a08f9884436b180170q_960x960-1.jpg","datePublished":"2024-04-16T04:23:36+00:00","dateModified":"2025-03-29T10:42:00+00:00","description":"Lauam\u00e4ng \u201eJenga. Loomad\u201c - CLEVER KIDS","breadcrumb":{"@id":"https:\/\/cleverkids.ee\/et\/product\/lauamang-jenga-loomad\/#breadcrumb"},"inLanguage":"et","potentialAction":[{"@type":"ReadAction","target":["https:\/\/cleverkids.ee\/et\/product\/lauamang-jenga-loomad\/"]}]},{"@type":"ImageObject","inLanguage":"et","@id":"https:\/\/cleverkids.ee\/et\/product\/lauamang-jenga-loomad\/#primaryimage","url":"https:\/\/cleverkids.ee\/wp-content\/uploads\/2024\/05\/H0b410938e14340a08f9884436b180170q_960x960-1.jpg","contentUrl":"https:\/\/cleverkids.ee\/wp-content\/uploads\/2024\/05\/H0b410938e14340a08f9884436b180170q_960x960-1.jpg","width":800,"height":800},{"@type":"BreadcrumbList","@id":"https:\/\/cleverkids.ee\/et\/product\/lauamang-jenga-loomad\/#breadcrumb","itemListElement":[{"@type":"ListItem","position":1,"name":"Esileht","item":"https:\/\/cleverkids.ee\/et\/"},{"@type":"ListItem","position":2,"name":"Tooted","item":"https:\/\/cleverkids.ee\/store\/"},{"@type":"ListItem","position":3,"name":"Lauam\u00e4ng \u201eJenga. Loomad\u201c"}]},{"@type":"WebSite","@id":"https:\/\/cleverkids.ee\/et\/#website","url":"https:\/\/cleverkids.ee\/et\/","name":"CLEVER KIDS","description":"","publisher":{"@id":"https:\/\/cleverkids.ee\/et\/#organization"},"potentialAction":[{"@type":"SearchAction","target":{"@type":"EntryPoint","urlTemplate":"https:\/\/cleverkids.ee\/et\/?s={search_term_string}"},"query-input":{"@type":"PropertyValueSpecification","valueRequired":true,"valueName":"search_term_string"}}],"inLanguage":"et"},{"@type":"Organization","@id":"https:\/\/cleverkids.ee\/et\/#organization","name":"CLEVER KIDS","url":"https:\/\/cleverkids.ee\/et\/","logo":{"@type":"ImageObject","inLanguage":"et","@id":"https:\/\/cleverkids.ee\/et\/#\/schema\/logo\/image\/","url":"https:\/\/cleverkids.ee\/wp-content\/uploads\/2024\/02\/image0-1024x1024.png","contentUrl":"https:\/\/cleverkids.ee\/wp-content\/uploads\/2024\/02\/image0-1024x1024.png","width":1024,"height":1024,"caption":"CLEVER KIDS"},"image":{"@id":"https:\/\/cleverkids.ee\/et\/#\/schema\/logo\/image\/"},"sameAs":["https:\/\/www.facebook.com\/cleverkids.ee\/","https:\/\/www.instagram.com\/cleverkids_ee\/"]}]}},"_links":{"self":[{"href":"https:\/\/cleverkids.ee\/et\/wp-json\/wp\/v2\/product\/50104","targetHints":{"allow":["GET"]}}],"collection":[{"href":"https:\/\/cleverkids.ee\/et\/wp-json\/wp\/v2\/product"}],"about":[{"href":"https:\/\/cleverkids.ee\/et\/wp-json\/wp\/v2\/types\/product"}],"wp:featuredmedia":[{"embeddable":true,"href":"https:\/\/cleverkids.ee\/et\/wp-json\/wp\/v2\/media\/68091"}],"wp:attachment":[{"href":"https:\/\/cleverkids.ee\/et\/wp-json\/wp\/v2\/media?parent=50104"}],"wp:term":[{"taxonomy":"product_brand","embeddable":true,"href":"https:\/\/cleverkids.ee\/et\/wp-json\/wp\/v2\/product_brand?post=50104"},{"taxonomy":"product_cat","embeddable":true,"href":"https:\/\/cleverkids.ee\/et\/wp-json\/wp\/v2\/product_cat?post=50104"},{"taxonomy":"product_tag","embeddable":true,"href":"https:\/\/cleverkids.ee\/et\/wp-json\/wp\/v2\/product_tag?post=50104"}],"curies":[{"name":"wp","href":"https:\/\/api.w.org\/{rel}","templated":true}]}}