{"id":50157,"date":"2024-04-16T07:23:36","date_gmt":"2024-04-16T04:23:36","guid":{"rendered":"https:\/\/cleverkids.dev2.sdhost.eu\/product\/%d0%bd%d0%b0%d1%81%d1%82%d0%be%d0%bb%d1%8c%d0%bd%d0%b0%d1%8f-%d0%b8%d0%b3%d1%80%d0%b0-%d0%bc%d0%be%d1%80%d1%81%d0%ba%d0%be%d0%b9-%d0%b1%d0%be%d0%b9-%d1%82%d0%b8%d1%85%d0%b8%d0%b5-%d0%b2%d0%be%d0%b4\/"},"modified":"2025-11-11T15:15:30","modified_gmt":"2025-11-11T13:15:30","slug":"lauamang-merevoitlus-vaiksed-veed","status":"publish","type":"product","link":"https:\/\/cleverkids.ee\/et\/product\/lauamang-merevoitlus-vaiksed-veed\/","title":{"rendered":"Lauam\u00e4ng \u201eMerev\u00f5itlus: Vaiksed veed\u201c"},"content":{"rendered":"<p class=\"\" data-start=\"48\" data-end=\"211\">Klassikaline ja armastatud m\u00e4ng <strong data-start=\"80\" data-end=\"105\">\u201eLaevade pommitamine\u201c<\/strong> n\u00fc\u00fcd uues, mugavas ja taaskasutatavas formaadis \u2013 sobib suurep\u00e4raselt nii lastele kui ka t\u00e4iskasvanutele!<\/p>\n<hr class=\"\" data-start=\"213\" data-end=\"216\" \/>\n<h3 class=\"\" data-start=\"218\" data-end=\"240\"><strong data-start=\"222\" data-end=\"238\">Mis on sees?<\/strong><\/h3>\n<ul data-start=\"241\" data-end=\"409\">\n<li class=\"\" data-start=\"241\" data-end=\"319\">\n<p class=\"\" data-start=\"243\" data-end=\"319\">2 <strong data-start=\"245\" data-end=\"272\">lamineeritud m\u00e4nguv\u00e4lja<\/strong> MDF-materjalist (ruudu suurus: 0,6 \u00d7 0,6 cm)<\/p>\n<\/li>\n<li class=\"\" data-start=\"320\" data-end=\"409\">\n<p class=\"\" data-start=\"322\" data-end=\"409\">2 <strong data-start=\"324\" data-end=\"346\">veep\u00f5hist markerit<\/strong>, mida saab kirjutamiseks ja kustutamiseks korduvalt kasutada<\/p>\n<\/li>\n<\/ul>\n<hr class=\"\" data-start=\"411\" data-end=\"414\" \/>\n<h3 class=\"\" data-start=\"416\" data-end=\"441\"><strong data-start=\"420\" data-end=\"439\">Kuidas m\u00e4ngida?<\/strong><\/h3>\n<p class=\"\" data-start=\"442\" data-end=\"678\">\ud83d\udccc Aseta erineva suurusega laevad oma m\u00e4nguv\u00e4ljale.<br data-start=\"493\" data-end=\"496\" \/>\ud83c\udfaf Proovi arvata vastase laevade asukohad, nimetades koordinaate.<br data-start=\"561\" data-end=\"564\" \/>\ud83d\udca5 M\u00e4rgi pihtasaamised ja m\u00f6\u00f6dalasud markeriga.<br data-start=\"611\" data-end=\"614\" \/>\ud83d\udea2 V\u00f5idab see, kes <strong data-start=\"633\" data-end=\"677\">esimesena uputab kogu vastase laevastiku<\/strong>!<\/p>\n<p class=\"\" data-start=\"680\" data-end=\"790\">M\u00e4ngu reeglid on klassikalised ja lihtsad, kuid p\u00f5nevus s\u00f5ltub t\u00e4ielikult teie strateegiast ja t\u00e4helepanust.<\/p>\n<p class=\"\" data-start=\"792\" data-end=\"942\">\ud83c\udfae <strong data-start=\"795\" data-end=\"835\">Taaskasutatav ja praktiline lahendus<\/strong> \u2013 ideaalne reisimiseks, koduseks m\u00e4nguks v\u00f5i kingituseks!<br data-start=\"893\" data-end=\"896\" \/>\ud83e\uddd2 <strong data-start=\"899\" data-end=\"920\">Soovitatav vanus:<\/strong> alates 6. eluaastast.<\/p>\n","protected":false},"excerpt":{"rendered":"<p>Klassikaline ja armastatud m\u00e4ng \u201eLaevade pommitamine\u201c n\u00fc\u00fcd uues, mugavas ja taaskasutatavas formaadis \u2013 sobib suurep\u00e4raselt nii lastele kui ka t\u00e4iskasvanutele! Mis on sees? 2 lamineeritud m\u00e4nguv\u00e4lja MDF-materjalist (ruudu suurus: 0,6 \u00d7 0,6 cm) 2 veep\u00f5hist markerit, mida saab kirjutamiseks ja kustutamiseks korduvalt kasutada Kuidas m\u00e4ngida? \ud83d\udccc Aseta erineva suurusega laevad oma m\u00e4nguv\u00e4ljale.\ud83c\udfaf Proovi arvata vastase [&hellip;]<\/p>\n","protected":false},"featured_media":68058,"template":"","meta":{"_monsterinsights_skip_tracking":false,"_monsterinsights_sitenote_active":false,"_monsterinsights_sitenote_note":"","_monsterinsights_sitenote_category":0},"product_brand":[],"product_cat":[55,57,58],"product_tag":[],"class_list":{"0":"post-50157","1":"product","2":"type-product","3":"status-publish","4":"has-post-thumbnail","6":"product_cat-lauamangud","7":"product_cat-allahindlused","8":"product_cat-unkategorized","9":"pa_vozrast-ot-5-let-et","11":"first","12":"instock","13":"sale","14":"shipping-taxable","15":"purchasable","16":"product-type-simple"},"yoast_head":"<!-- This site is optimized with the Yoast SEO plugin v25.0 - https:\/\/yoast.com\/wordpress\/plugins\/seo\/ -->\n<title>Lauam\u00e4ng \u201eMerev\u00f5itlus: Vaiksed veed\u201c -<\/title>\n<meta name=\"description\" content=\"Lauam\u00e4ng \u201eMerev\u00f5itlus: Vaiksed veed\u201c - CLEVER KIDS\" \/>\n<meta name=\"robots\" content=\"index, follow, max-snippet:-1, max-image-preview:large, max-video-preview:-1\" \/>\n<link rel=\"canonical\" href=\"https:\/\/cleverkids.ee\/et\/product\/lauamang-merevoitlus-vaiksed-veed\/\" \/>\n<meta property=\"og:locale\" content=\"et_EE\" \/>\n<meta property=\"og:type\" content=\"article\" \/>\n<meta property=\"og:title\" content=\"Lauam\u00e4ng \u201eMerev\u00f5itlus: Vaiksed veed\u201c -\" \/>\n<meta property=\"og:description\" content=\"Lauam\u00e4ng \u201eMerev\u00f5itlus: Vaiksed veed\u201c - CLEVER KIDS\" \/>\n<meta property=\"og:url\" content=\"https:\/\/cleverkids.ee\/et\/product\/lauamang-merevoitlus-vaiksed-veed\/\" \/>\n<meta property=\"og:site_name\" content=\"CLEVER KIDS\" \/>\n<meta property=\"article:publisher\" content=\"https:\/\/www.facebook.com\/cleverkids.ee\/\" \/>\n<meta property=\"article:modified_time\" content=\"2025-11-11T13:15:30+00:00\" \/>\n<meta property=\"og:image\" content=\"https:\/\/cleverkids.ee\/wp-content\/uploads\/2024\/05\/700-5-4-4.jpg\" \/>\n\t<meta property=\"og:image:width\" content=\"700\" \/>\n\t<meta property=\"og:image:height\" content=\"700\" \/>\n\t<meta property=\"og:image:type\" content=\"image\/jpeg\" \/>\n<meta name=\"twitter:card\" content=\"summary_large_image\" \/>\n<meta name=\"twitter:label1\" content=\"Est. reading time\" \/>\n\t<meta name=\"twitter:data1\" content=\"1 minut\" \/>\n<script type=\"application\/ld+json\" class=\"yoast-schema-graph\">{\"@context\":\"https:\/\/schema.org\",\"@graph\":[{\"@type\":\"WebPage\",\"@id\":\"https:\/\/cleverkids.ee\/et\/product\/lauamang-merevoitlus-vaiksed-veed\/\",\"url\":\"https:\/\/cleverkids.ee\/et\/product\/lauamang-merevoitlus-vaiksed-veed\/\",\"name\":\"Lauam\u00e4ng \u201eMerev\u00f5itlus: Vaiksed veed\u201c -\",\"isPartOf\":{\"@id\":\"https:\/\/cleverkids.ee\/et\/#website\"},\"primaryImageOfPage\":{\"@id\":\"https:\/\/cleverkids.ee\/et\/product\/lauamang-merevoitlus-vaiksed-veed\/#primaryimage\"},\"image\":{\"@id\":\"https:\/\/cleverkids.ee\/et\/product\/lauamang-merevoitlus-vaiksed-veed\/#primaryimage\"},\"thumbnailUrl\":\"https:\/\/cleverkids.ee\/wp-content\/uploads\/2024\/05\/700-5-4-4.jpg\",\"datePublished\":\"2024-04-16T04:23:36+00:00\",\"dateModified\":\"2025-11-11T13:15:30+00:00\",\"description\":\"Lauam\u00e4ng \u201eMerev\u00f5itlus: Vaiksed veed\u201c - CLEVER KIDS\",\"breadcrumb\":{\"@id\":\"https:\/\/cleverkids.ee\/et\/product\/lauamang-merevoitlus-vaiksed-veed\/#breadcrumb\"},\"inLanguage\":\"et\",\"potentialAction\":[{\"@type\":\"ReadAction\",\"target\":[\"https:\/\/cleverkids.ee\/et\/product\/lauamang-merevoitlus-vaiksed-veed\/\"]}]},{\"@type\":\"ImageObject\",\"inLanguage\":\"et\",\"@id\":\"https:\/\/cleverkids.ee\/et\/product\/lauamang-merevoitlus-vaiksed-veed\/#primaryimage\",\"url\":\"https:\/\/cleverkids.ee\/wp-content\/uploads\/2024\/05\/700-5-4-4.jpg\",\"contentUrl\":\"https:\/\/cleverkids.ee\/wp-content\/uploads\/2024\/05\/700-5-4-4.jpg\",\"width\":700,\"height\":700},{\"@type\":\"BreadcrumbList\",\"@id\":\"https:\/\/cleverkids.ee\/et\/product\/lauamang-merevoitlus-vaiksed-veed\/#breadcrumb\",\"itemListElement\":[{\"@type\":\"ListItem\",\"position\":1,\"name\":\"Esileht\",\"item\":\"https:\/\/cleverkids.ee\/et\/\"},{\"@type\":\"ListItem\",\"position\":2,\"name\":\"Tooted\",\"item\":\"https:\/\/cleverkids.ee\/store\/\"},{\"@type\":\"ListItem\",\"position\":3,\"name\":\"Lauam\u00e4ng \u201eMerev\u00f5itlus: Vaiksed veed\u201c\"}]},{\"@type\":\"WebSite\",\"@id\":\"https:\/\/cleverkids.ee\/et\/#website\",\"url\":\"https:\/\/cleverkids.ee\/et\/\",\"name\":\"CLEVER KIDS\",\"description\":\"\",\"publisher\":{\"@id\":\"https:\/\/cleverkids.ee\/et\/#organization\"},\"potentialAction\":[{\"@type\":\"SearchAction\",\"target\":{\"@type\":\"EntryPoint\",\"urlTemplate\":\"https:\/\/cleverkids.ee\/et\/?s={search_term_string}\"},\"query-input\":{\"@type\":\"PropertyValueSpecification\",\"valueRequired\":true,\"valueName\":\"search_term_string\"}}],\"inLanguage\":\"et\"},{\"@type\":\"Organization\",\"@id\":\"https:\/\/cleverkids.ee\/et\/#organization\",\"name\":\"CLEVER KIDS\",\"url\":\"https:\/\/cleverkids.ee\/et\/\",\"logo\":{\"@type\":\"ImageObject\",\"inLanguage\":\"et\",\"@id\":\"https:\/\/cleverkids.ee\/et\/#\/schema\/logo\/image\/\",\"url\":\"https:\/\/cleverkids.ee\/wp-content\/uploads\/2024\/02\/image0-1024x1024.png\",\"contentUrl\":\"https:\/\/cleverkids.ee\/wp-content\/uploads\/2024\/02\/image0-1024x1024.png\",\"width\":1024,\"height\":1024,\"caption\":\"CLEVER KIDS\"},\"image\":{\"@id\":\"https:\/\/cleverkids.ee\/et\/#\/schema\/logo\/image\/\"},\"sameAs\":[\"https:\/\/www.facebook.com\/cleverkids.ee\/\",\"https:\/\/www.instagram.com\/cleverkids_ee\/\"]}]}<\/script>\n<!-- \/ Yoast SEO plugin. -->","yoast_head_json":{"title":"Lauam\u00e4ng \u201eMerev\u00f5itlus: Vaiksed veed\u201c -","description":"Lauam\u00e4ng \u201eMerev\u00f5itlus: Vaiksed veed\u201c - CLEVER KIDS","robots":{"index":"index","follow":"follow","max-snippet":"max-snippet:-1","max-image-preview":"max-image-preview:large","max-video-preview":"max-video-preview:-1"},"canonical":"https:\/\/cleverkids.ee\/et\/product\/lauamang-merevoitlus-vaiksed-veed\/","og_locale":"et_EE","og_type":"article","og_title":"Lauam\u00e4ng \u201eMerev\u00f5itlus: Vaiksed veed\u201c -","og_description":"Lauam\u00e4ng \u201eMerev\u00f5itlus: Vaiksed veed\u201c - CLEVER KIDS","og_url":"https:\/\/cleverkids.ee\/et\/product\/lauamang-merevoitlus-vaiksed-veed\/","og_site_name":"CLEVER KIDS","article_publisher":"https:\/\/www.facebook.com\/cleverkids.ee\/","article_modified_time":"2025-11-11T13:15:30+00:00","og_image":[{"width":700,"height":700,"url":"https:\/\/cleverkids.ee\/wp-content\/uploads\/2024\/05\/700-5-4-4.jpg","type":"image\/jpeg"}],"twitter_card":"summary_large_image","twitter_misc":{"Est. reading time":"1 minut"},"schema":{"@context":"https:\/\/schema.org","@graph":[{"@type":"WebPage","@id":"https:\/\/cleverkids.ee\/et\/product\/lauamang-merevoitlus-vaiksed-veed\/","url":"https:\/\/cleverkids.ee\/et\/product\/lauamang-merevoitlus-vaiksed-veed\/","name":"Lauam\u00e4ng \u201eMerev\u00f5itlus: Vaiksed veed\u201c -","isPartOf":{"@id":"https:\/\/cleverkids.ee\/et\/#website"},"primaryImageOfPage":{"@id":"https:\/\/cleverkids.ee\/et\/product\/lauamang-merevoitlus-vaiksed-veed\/#primaryimage"},"image":{"@id":"https:\/\/cleverkids.ee\/et\/product\/lauamang-merevoitlus-vaiksed-veed\/#primaryimage"},"thumbnailUrl":"https:\/\/cleverkids.ee\/wp-content\/uploads\/2024\/05\/700-5-4-4.jpg","datePublished":"2024-04-16T04:23:36+00:00","dateModified":"2025-11-11T13:15:30+00:00","description":"Lauam\u00e4ng \u201eMerev\u00f5itlus: Vaiksed veed\u201c - CLEVER KIDS","breadcrumb":{"@id":"https:\/\/cleverkids.ee\/et\/product\/lauamang-merevoitlus-vaiksed-veed\/#breadcrumb"},"inLanguage":"et","potentialAction":[{"@type":"ReadAction","target":["https:\/\/cleverkids.ee\/et\/product\/lauamang-merevoitlus-vaiksed-veed\/"]}]},{"@type":"ImageObject","inLanguage":"et","@id":"https:\/\/cleverkids.ee\/et\/product\/lauamang-merevoitlus-vaiksed-veed\/#primaryimage","url":"https:\/\/cleverkids.ee\/wp-content\/uploads\/2024\/05\/700-5-4-4.jpg","contentUrl":"https:\/\/cleverkids.ee\/wp-content\/uploads\/2024\/05\/700-5-4-4.jpg","width":700,"height":700},{"@type":"BreadcrumbList","@id":"https:\/\/cleverkids.ee\/et\/product\/lauamang-merevoitlus-vaiksed-veed\/#breadcrumb","itemListElement":[{"@type":"ListItem","position":1,"name":"Esileht","item":"https:\/\/cleverkids.ee\/et\/"},{"@type":"ListItem","position":2,"name":"Tooted","item":"https:\/\/cleverkids.ee\/store\/"},{"@type":"ListItem","position":3,"name":"Lauam\u00e4ng \u201eMerev\u00f5itlus: Vaiksed veed\u201c"}]},{"@type":"WebSite","@id":"https:\/\/cleverkids.ee\/et\/#website","url":"https:\/\/cleverkids.ee\/et\/","name":"CLEVER KIDS","description":"","publisher":{"@id":"https:\/\/cleverkids.ee\/et\/#organization"},"potentialAction":[{"@type":"SearchAction","target":{"@type":"EntryPoint","urlTemplate":"https:\/\/cleverkids.ee\/et\/?s={search_term_string}"},"query-input":{"@type":"PropertyValueSpecification","valueRequired":true,"valueName":"search_term_string"}}],"inLanguage":"et"},{"@type":"Organization","@id":"https:\/\/cleverkids.ee\/et\/#organization","name":"CLEVER KIDS","url":"https:\/\/cleverkids.ee\/et\/","logo":{"@type":"ImageObject","inLanguage":"et","@id":"https:\/\/cleverkids.ee\/et\/#\/schema\/logo\/image\/","url":"https:\/\/cleverkids.ee\/wp-content\/uploads\/2024\/02\/image0-1024x1024.png","contentUrl":"https:\/\/cleverkids.ee\/wp-content\/uploads\/2024\/02\/image0-1024x1024.png","width":1024,"height":1024,"caption":"CLEVER KIDS"},"image":{"@id":"https:\/\/cleverkids.ee\/et\/#\/schema\/logo\/image\/"},"sameAs":["https:\/\/www.facebook.com\/cleverkids.ee\/","https:\/\/www.instagram.com\/cleverkids_ee\/"]}]}},"_links":{"self":[{"href":"https:\/\/cleverkids.ee\/et\/wp-json\/wp\/v2\/product\/50157","targetHints":{"allow":["GET"]}}],"collection":[{"href":"https:\/\/cleverkids.ee\/et\/wp-json\/wp\/v2\/product"}],"about":[{"href":"https:\/\/cleverkids.ee\/et\/wp-json\/wp\/v2\/types\/product"}],"wp:featuredmedia":[{"embeddable":true,"href":"https:\/\/cleverkids.ee\/et\/wp-json\/wp\/v2\/media\/68058"}],"wp:attachment":[{"href":"https:\/\/cleverkids.ee\/et\/wp-json\/wp\/v2\/media?parent=50157"}],"wp:term":[{"taxonomy":"product_brand","embeddable":true,"href":"https:\/\/cleverkids.ee\/et\/wp-json\/wp\/v2\/product_brand?post=50157"},{"taxonomy":"product_cat","embeddable":true,"href":"https:\/\/cleverkids.ee\/et\/wp-json\/wp\/v2\/product_cat?post=50157"},{"taxonomy":"product_tag","embeddable":true,"href":"https:\/\/cleverkids.ee\/et\/wp-json\/wp\/v2\/product_tag?post=50157"}],"curies":[{"name":"wp","href":"https:\/\/api.w.org\/{rel}","templated":true}]}}