{"id":50180,"date":"2024-04-16T07:23:29","date_gmt":"2024-04-16T04:23:29","guid":{"rendered":"https:\/\/cleverkids.dev2.sdhost.eu\/product\/%d0%b8%d0%b3%d1%80%d0%b0-%d0%bd%d0%b0-%d0%bf%d0%b0%d0%bc%d1%8f%d1%82%d1%8c-%d0%bd%d0%b0%d0%b6%d0%b8%d0%bc%d0%b0%d0%b9-%d0%b7%d0%b0%d0%bf%d0%be%d0%bc%d0%b8%d0%bd%d0%b0%d0%b9\/"},"modified":"2025-03-28T14:46:41","modified_gmt":"2025-03-28T12:46:41","slug":"malumang-vajuta-ja-jata-meelde","status":"publish","type":"product","link":"https:\/\/cleverkids.ee\/et\/product\/malumang-vajuta-ja-jata-meelde\/","title":{"rendered":"M\u00e4lum\u00e4ng \u201cVajuta ja j\u00e4ta meelde\u201d"},"content":{"rendered":"<p>\u201cVajuta ja j\u00e4ta meelde\u201d on vahva m\u00e4ng, mis treenib m\u00e4lu.<\/p>\n<p>J\u00e4lgige nuppude s\u00fcttimise j\u00e4rjekorda ja korrake siis vilkuvate v\u00e4rvide j\u00e4rjestust \u00f5igesti. Iga \u00f5ige v\u00e4rvivalikuga muutub tase raskemaks ja j\u00f5uate v\u00f5idule l\u00e4hemale!<\/p>\n<p>See interaktiivne m\u00e4ng aitab lastel v\u00e4rve l\u00f5busalt meelde j\u00e4tta. See treenib t\u00e4helepanu, visuaalset m\u00e4lu ja reaktsioonikiirust. M\u00e4ng on v\u00e4ga kompaktne \u2013 v\u00f5tke see endaga kaasa ja see hoiab teie last pikal teekonnal h\u00f5ivatuna!<\/p>\n<p>Soovitatav \u00fcle 3-aastastele lastele.<\/p>\n","protected":false},"excerpt":{"rendered":"<p>\u201cVajuta ja j\u00e4ta meelde\u201d on vahva m\u00e4ng, mis treenib m\u00e4lu. J\u00e4lgige nuppude s\u00fcttimise j\u00e4rjekorda ja korrake siis vilkuvate v\u00e4rvide j\u00e4rjestust \u00f5igesti. Iga \u00f5ige v\u00e4rvivalikuga muutub tase raskemaks ja j\u00f5uate v\u00f5idule l\u00e4hemale! See interaktiivne m\u00e4ng aitab lastel v\u00e4rve l\u00f5busalt meelde j\u00e4tta. See treenib t\u00e4helepanu, visuaalset m\u00e4lu ja reaktsioonikiirust. M\u00e4ng on v\u00e4ga kompaktne \u2013 v\u00f5tke see endaga [&hellip;]<\/p>\n","protected":false},"featured_media":75055,"template":"","meta":{"_monsterinsights_skip_tracking":false,"_monsterinsights_sitenote_active":false,"_monsterinsights_sitenote_note":"","_monsterinsights_sitenote_category":0},"product_brand":[],"product_cat":[50,55,58],"product_tag":[],"class_list":{"0":"post-50180","1":"product","2":"type-product","3":"status-publish","4":"has-post-thumbnail","6":"product_cat-arendavad-manguasjad","7":"product_cat-lauamangud","8":"product_cat-unkategorized","9":"pa_vozrast-ot-5-let-et","11":"first","12":"instock","13":"shipping-taxable","14":"purchasable","15":"product-type-simple"},"yoast_head":"<!-- This site is optimized with the Yoast SEO plugin v25.0 - https:\/\/yoast.com\/wordpress\/plugins\/seo\/ -->\n<title>M\u00e4lum\u00e4ng \u201cVajuta ja j\u00e4ta meelde\u201d -<\/title>\n<meta name=\"description\" content=\"M\u00e4lum\u00e4ng \u201cVajuta ja j\u00e4ta meelde\u201d - CLEVER KIDS\" \/>\n<meta name=\"robots\" content=\"index, follow, max-snippet:-1, max-image-preview:large, max-video-preview:-1\" \/>\n<link rel=\"canonical\" href=\"https:\/\/cleverkids.ee\/et\/product\/malumang-vajuta-ja-jata-meelde\/\" \/>\n<meta property=\"og:locale\" content=\"et_EE\" \/>\n<meta property=\"og:type\" content=\"article\" \/>\n<meta property=\"og:title\" content=\"M\u00e4lum\u00e4ng \u201cVajuta ja j\u00e4ta meelde\u201d -\" \/>\n<meta property=\"og:description\" content=\"M\u00e4lum\u00e4ng \u201cVajuta ja j\u00e4ta meelde\u201d - CLEVER KIDS\" \/>\n<meta property=\"og:url\" content=\"https:\/\/cleverkids.ee\/et\/product\/malumang-vajuta-ja-jata-meelde\/\" \/>\n<meta property=\"og:site_name\" content=\"CLEVER KIDS\" \/>\n<meta property=\"article:publisher\" content=\"https:\/\/www.facebook.com\/cleverkids.ee\/\" \/>\n<meta property=\"article:modified_time\" content=\"2025-03-28T12:46:41+00:00\" \/>\n<meta property=\"og:image\" content=\"https:\/\/cleverkids.ee\/wp-content\/uploads\/2024\/04\/1600-58.jpg\" \/>\n\t<meta property=\"og:image:width\" content=\"1600\" \/>\n\t<meta property=\"og:image:height\" content=\"1600\" \/>\n\t<meta property=\"og:image:type\" content=\"image\/jpeg\" \/>\n<meta name=\"twitter:card\" content=\"summary_large_image\" \/>\n<meta name=\"twitter:label1\" content=\"Est. reading time\" \/>\n\t<meta name=\"twitter:data1\" content=\"1 minut\" \/>\n<script type=\"application\/ld+json\" class=\"yoast-schema-graph\">{\"@context\":\"https:\/\/schema.org\",\"@graph\":[{\"@type\":\"WebPage\",\"@id\":\"https:\/\/cleverkids.ee\/et\/product\/malumang-vajuta-ja-jata-meelde\/\",\"url\":\"https:\/\/cleverkids.ee\/et\/product\/malumang-vajuta-ja-jata-meelde\/\",\"name\":\"M\u00e4lum\u00e4ng \u201cVajuta ja j\u00e4ta meelde\u201d -\",\"isPartOf\":{\"@id\":\"https:\/\/cleverkids.ee\/et\/#website\"},\"primaryImageOfPage\":{\"@id\":\"https:\/\/cleverkids.ee\/et\/product\/malumang-vajuta-ja-jata-meelde\/#primaryimage\"},\"image\":{\"@id\":\"https:\/\/cleverkids.ee\/et\/product\/malumang-vajuta-ja-jata-meelde\/#primaryimage\"},\"thumbnailUrl\":\"https:\/\/cleverkids.ee\/wp-content\/uploads\/2024\/04\/1600-58.jpg\",\"datePublished\":\"2024-04-16T04:23:29+00:00\",\"dateModified\":\"2025-03-28T12:46:41+00:00\",\"description\":\"M\u00e4lum\u00e4ng \u201cVajuta ja j\u00e4ta meelde\u201d - CLEVER KIDS\",\"breadcrumb\":{\"@id\":\"https:\/\/cleverkids.ee\/et\/product\/malumang-vajuta-ja-jata-meelde\/#breadcrumb\"},\"inLanguage\":\"et\",\"potentialAction\":[{\"@type\":\"ReadAction\",\"target\":[\"https:\/\/cleverkids.ee\/et\/product\/malumang-vajuta-ja-jata-meelde\/\"]}]},{\"@type\":\"ImageObject\",\"inLanguage\":\"et\",\"@id\":\"https:\/\/cleverkids.ee\/et\/product\/malumang-vajuta-ja-jata-meelde\/#primaryimage\",\"url\":\"https:\/\/cleverkids.ee\/wp-content\/uploads\/2024\/04\/1600-58.jpg\",\"contentUrl\":\"https:\/\/cleverkids.ee\/wp-content\/uploads\/2024\/04\/1600-58.jpg\",\"width\":1600,\"height\":1600,\"caption\":\"\u0438\u0433\u0440\u0430 \u043d\u0430 \u043f\u0430\u043c\u044f\u0442\u044c \u00ab\u041c\u0435\u043c\u043e\u0440\u0438. \u041d\u0430\u0436\u0438\u043c\u0430\u0439-\u0437\u0430\u043f\u043e\u043c\u0438\u043d\u0430\u0439\u00bb\"},{\"@type\":\"BreadcrumbList\",\"@id\":\"https:\/\/cleverkids.ee\/et\/product\/malumang-vajuta-ja-jata-meelde\/#breadcrumb\",\"itemListElement\":[{\"@type\":\"ListItem\",\"position\":1,\"name\":\"Esileht\",\"item\":\"https:\/\/cleverkids.ee\/et\/\"},{\"@type\":\"ListItem\",\"position\":2,\"name\":\"Tooted\",\"item\":\"https:\/\/cleverkids.ee\/store\/\"},{\"@type\":\"ListItem\",\"position\":3,\"name\":\"M\u00e4lum\u00e4ng \u201cVajuta ja j\u00e4ta meelde\u201d\"}]},{\"@type\":\"WebSite\",\"@id\":\"https:\/\/cleverkids.ee\/et\/#website\",\"url\":\"https:\/\/cleverkids.ee\/et\/\",\"name\":\"CLEVER KIDS\",\"description\":\"\",\"publisher\":{\"@id\":\"https:\/\/cleverkids.ee\/et\/#organization\"},\"potentialAction\":[{\"@type\":\"SearchAction\",\"target\":{\"@type\":\"EntryPoint\",\"urlTemplate\":\"https:\/\/cleverkids.ee\/et\/?s={search_term_string}\"},\"query-input\":{\"@type\":\"PropertyValueSpecification\",\"valueRequired\":true,\"valueName\":\"search_term_string\"}}],\"inLanguage\":\"et\"},{\"@type\":\"Organization\",\"@id\":\"https:\/\/cleverkids.ee\/et\/#organization\",\"name\":\"CLEVER KIDS\",\"url\":\"https:\/\/cleverkids.ee\/et\/\",\"logo\":{\"@type\":\"ImageObject\",\"inLanguage\":\"et\",\"@id\":\"https:\/\/cleverkids.ee\/et\/#\/schema\/logo\/image\/\",\"url\":\"https:\/\/cleverkids.ee\/wp-content\/uploads\/2024\/02\/image0-1024x1024.png\",\"contentUrl\":\"https:\/\/cleverkids.ee\/wp-content\/uploads\/2024\/02\/image0-1024x1024.png\",\"width\":1024,\"height\":1024,\"caption\":\"CLEVER KIDS\"},\"image\":{\"@id\":\"https:\/\/cleverkids.ee\/et\/#\/schema\/logo\/image\/\"},\"sameAs\":[\"https:\/\/www.facebook.com\/cleverkids.ee\/\",\"https:\/\/www.instagram.com\/cleverkids_ee\/\"]}]}<\/script>\n<!-- \/ Yoast SEO plugin. -->","yoast_head_json":{"title":"M\u00e4lum\u00e4ng \u201cVajuta ja j\u00e4ta meelde\u201d -","description":"M\u00e4lum\u00e4ng \u201cVajuta ja j\u00e4ta meelde\u201d - CLEVER KIDS","robots":{"index":"index","follow":"follow","max-snippet":"max-snippet:-1","max-image-preview":"max-image-preview:large","max-video-preview":"max-video-preview:-1"},"canonical":"https:\/\/cleverkids.ee\/et\/product\/malumang-vajuta-ja-jata-meelde\/","og_locale":"et_EE","og_type":"article","og_title":"M\u00e4lum\u00e4ng \u201cVajuta ja j\u00e4ta meelde\u201d -","og_description":"M\u00e4lum\u00e4ng \u201cVajuta ja j\u00e4ta meelde\u201d - CLEVER KIDS","og_url":"https:\/\/cleverkids.ee\/et\/product\/malumang-vajuta-ja-jata-meelde\/","og_site_name":"CLEVER KIDS","article_publisher":"https:\/\/www.facebook.com\/cleverkids.ee\/","article_modified_time":"2025-03-28T12:46:41+00:00","og_image":[{"width":1600,"height":1600,"url":"https:\/\/cleverkids.ee\/wp-content\/uploads\/2024\/04\/1600-58.jpg","type":"image\/jpeg"}],"twitter_card":"summary_large_image","twitter_misc":{"Est. reading time":"1 minut"},"schema":{"@context":"https:\/\/schema.org","@graph":[{"@type":"WebPage","@id":"https:\/\/cleverkids.ee\/et\/product\/malumang-vajuta-ja-jata-meelde\/","url":"https:\/\/cleverkids.ee\/et\/product\/malumang-vajuta-ja-jata-meelde\/","name":"M\u00e4lum\u00e4ng \u201cVajuta ja j\u00e4ta meelde\u201d -","isPartOf":{"@id":"https:\/\/cleverkids.ee\/et\/#website"},"primaryImageOfPage":{"@id":"https:\/\/cleverkids.ee\/et\/product\/malumang-vajuta-ja-jata-meelde\/#primaryimage"},"image":{"@id":"https:\/\/cleverkids.ee\/et\/product\/malumang-vajuta-ja-jata-meelde\/#primaryimage"},"thumbnailUrl":"https:\/\/cleverkids.ee\/wp-content\/uploads\/2024\/04\/1600-58.jpg","datePublished":"2024-04-16T04:23:29+00:00","dateModified":"2025-03-28T12:46:41+00:00","description":"M\u00e4lum\u00e4ng \u201cVajuta ja j\u00e4ta meelde\u201d - CLEVER KIDS","breadcrumb":{"@id":"https:\/\/cleverkids.ee\/et\/product\/malumang-vajuta-ja-jata-meelde\/#breadcrumb"},"inLanguage":"et","potentialAction":[{"@type":"ReadAction","target":["https:\/\/cleverkids.ee\/et\/product\/malumang-vajuta-ja-jata-meelde\/"]}]},{"@type":"ImageObject","inLanguage":"et","@id":"https:\/\/cleverkids.ee\/et\/product\/malumang-vajuta-ja-jata-meelde\/#primaryimage","url":"https:\/\/cleverkids.ee\/wp-content\/uploads\/2024\/04\/1600-58.jpg","contentUrl":"https:\/\/cleverkids.ee\/wp-content\/uploads\/2024\/04\/1600-58.jpg","width":1600,"height":1600,"caption":"\u0438\u0433\u0440\u0430 \u043d\u0430 \u043f\u0430\u043c\u044f\u0442\u044c \u00ab\u041c\u0435\u043c\u043e\u0440\u0438. \u041d\u0430\u0436\u0438\u043c\u0430\u0439-\u0437\u0430\u043f\u043e\u043c\u0438\u043d\u0430\u0439\u00bb"},{"@type":"BreadcrumbList","@id":"https:\/\/cleverkids.ee\/et\/product\/malumang-vajuta-ja-jata-meelde\/#breadcrumb","itemListElement":[{"@type":"ListItem","position":1,"name":"Esileht","item":"https:\/\/cleverkids.ee\/et\/"},{"@type":"ListItem","position":2,"name":"Tooted","item":"https:\/\/cleverkids.ee\/store\/"},{"@type":"ListItem","position":3,"name":"M\u00e4lum\u00e4ng \u201cVajuta ja j\u00e4ta meelde\u201d"}]},{"@type":"WebSite","@id":"https:\/\/cleverkids.ee\/et\/#website","url":"https:\/\/cleverkids.ee\/et\/","name":"CLEVER KIDS","description":"","publisher":{"@id":"https:\/\/cleverkids.ee\/et\/#organization"},"potentialAction":[{"@type":"SearchAction","target":{"@type":"EntryPoint","urlTemplate":"https:\/\/cleverkids.ee\/et\/?s={search_term_string}"},"query-input":{"@type":"PropertyValueSpecification","valueRequired":true,"valueName":"search_term_string"}}],"inLanguage":"et"},{"@type":"Organization","@id":"https:\/\/cleverkids.ee\/et\/#organization","name":"CLEVER KIDS","url":"https:\/\/cleverkids.ee\/et\/","logo":{"@type":"ImageObject","inLanguage":"et","@id":"https:\/\/cleverkids.ee\/et\/#\/schema\/logo\/image\/","url":"https:\/\/cleverkids.ee\/wp-content\/uploads\/2024\/02\/image0-1024x1024.png","contentUrl":"https:\/\/cleverkids.ee\/wp-content\/uploads\/2024\/02\/image0-1024x1024.png","width":1024,"height":1024,"caption":"CLEVER KIDS"},"image":{"@id":"https:\/\/cleverkids.ee\/et\/#\/schema\/logo\/image\/"},"sameAs":["https:\/\/www.facebook.com\/cleverkids.ee\/","https:\/\/www.instagram.com\/cleverkids_ee\/"]}]}},"_links":{"self":[{"href":"https:\/\/cleverkids.ee\/et\/wp-json\/wp\/v2\/product\/50180","targetHints":{"allow":["GET"]}}],"collection":[{"href":"https:\/\/cleverkids.ee\/et\/wp-json\/wp\/v2\/product"}],"about":[{"href":"https:\/\/cleverkids.ee\/et\/wp-json\/wp\/v2\/types\/product"}],"wp:featuredmedia":[{"embeddable":true,"href":"https:\/\/cleverkids.ee\/et\/wp-json\/wp\/v2\/media\/75055"}],"wp:attachment":[{"href":"https:\/\/cleverkids.ee\/et\/wp-json\/wp\/v2\/media?parent=50180"}],"wp:term":[{"taxonomy":"product_brand","embeddable":true,"href":"https:\/\/cleverkids.ee\/et\/wp-json\/wp\/v2\/product_brand?post=50180"},{"taxonomy":"product_cat","embeddable":true,"href":"https:\/\/cleverkids.ee\/et\/wp-json\/wp\/v2\/product_cat?post=50180"},{"taxonomy":"product_tag","embeddable":true,"href":"https:\/\/cleverkids.ee\/et\/wp-json\/wp\/v2\/product_tag?post=50180"}],"curies":[{"name":"wp","href":"https:\/\/api.w.org\/{rel}","templated":true}]}}