{"id":50225,"date":"2024-04-16T07:23:29","date_gmt":"2024-04-16T04:23:29","guid":{"rendered":"https:\/\/cleverkids.dev2.sdhost.eu\/product\/%d0%ba%d0%bd%d0%b8%d0%b3%d0%b0-%d0%b2-%d1%82%d0%b2%d1%91%d1%80%d0%b4%d0%be%d0%bc-%d0%bf%d0%b5%d1%80%d0%b5%d0%bf%d0%bb%d1%91%d1%82%d0%b5-%d0%bf%d0%b5%d1%80%d0%b2%d1%8b%d0%b5-500-%d1%81%d0%bb\/"},"modified":"2026-02-13T10:14:19","modified_gmt":"2026-02-13T08:14:19","slug":"kovakaaneline-raamat-beebi-esimesed-500-sona-80-lk","status":"publish","type":"product","link":"https:\/\/cleverkids.ee\/et\/product\/kovakaaneline-raamat-beebi-esimesed-500-sona-80-lk\/","title":{"rendered":"K\u00f5vakaaneline raamat \u201eBeebi esimesed 500 s\u00f5na\u201c \u2013 80 lk"},"content":{"rendered":"<p data-start=\"78\" data-end=\"175\">Raamat aitab lapsel teha esimesi samme \u00fcmbritseva maailma avastamisel ja \u00f5ppida oma esimesi s\u00f5nu.<\/p>\n<p data-start=\"177\" data-end=\"353\">Vaadake pilte koos lapsega ning nimetage loomi ja esemeid \u2013 nii kinnistub uus s\u00f5navara kiiremini ja loomulikumalt. \u00dchine lugemine toetab lapse k\u00f5nearengut ja laiendab s\u00f5navara.<\/p>\n<p data-start=\"355\" data-end=\"396\" data-is-last-node=\"\" data-is-only-node=\"\">Soovitatav ettelugemiseks alates s\u00fcnnist.<\/p>\n","protected":false},"excerpt":{"rendered":"<p>Raamat aitab lapsel teha esimesi samme \u00fcmbritseva maailma avastamisel ja \u00f5ppida oma esimesi s\u00f5nu. Vaadake pilte koos lapsega ning nimetage loomi ja esemeid \u2013 nii kinnistub uus s\u00f5navara kiiremini ja loomulikumalt. \u00dchine lugemine toetab lapse k\u00f5nearengut ja laiendab s\u00f5navara. Soovitatav ettelugemiseks alates s\u00fcnnist.<\/p>\n","protected":false},"featured_media":67920,"template":"","meta":{"_monsterinsights_skip_tracking":false,"_monsterinsights_sitenote_active":false,"_monsterinsights_sitenote_note":"","_monsterinsights_sitenote_category":0},"product_brand":[],"product_cat":[54,56,58],"product_tag":[],"class_list":{"0":"post-50225","1":"product","2":"type-product","3":"status-publish","4":"has-post-thumbnail","6":"product_cat-raamatud-vene-keeles","7":"product_cat-kone-areng","8":"product_cat-unkategorized","9":"pa_vozrast-ot-polutora-do-treh-let-et","11":"first","12":"instock","13":"shipping-taxable","14":"purchasable","15":"product-type-simple"},"yoast_head":"<!-- This site is optimized with the Yoast SEO plugin v25.0 - https:\/\/yoast.com\/wordpress\/plugins\/seo\/ -->\n<title>K\u00f5vakaaneline raamat \u201eBeebi esimesed 500 s\u00f5na\u201c \u2013 80 lk -<\/title>\n<meta name=\"description\" content=\"K\u00f5vakaaneline raamat \u201eBeebi esimesed 500 s\u00f5na\u201c \u2013 80 lk - CLEVER KIDS\" \/>\n<meta name=\"robots\" content=\"index, follow, max-snippet:-1, max-image-preview:large, max-video-preview:-1\" \/>\n<link rel=\"canonical\" href=\"https:\/\/cleverkids.ee\/et\/product\/kovakaaneline-raamat-beebi-esimesed-500-sona-80-lk\/\" \/>\n<meta property=\"og:locale\" content=\"et_EE\" \/>\n<meta property=\"og:type\" content=\"article\" \/>\n<meta property=\"og:title\" content=\"K\u00f5vakaaneline raamat \u201eBeebi esimesed 500 s\u00f5na\u201c \u2013 80 lk -\" \/>\n<meta property=\"og:description\" content=\"K\u00f5vakaaneline raamat \u201eBeebi esimesed 500 s\u00f5na\u201c \u2013 80 lk - CLEVER KIDS\" \/>\n<meta property=\"og:url\" content=\"https:\/\/cleverkids.ee\/et\/product\/kovakaaneline-raamat-beebi-esimesed-500-sona-80-lk\/\" \/>\n<meta property=\"og:site_name\" content=\"CLEVER KIDS\" \/>\n<meta property=\"article:publisher\" content=\"https:\/\/www.facebook.com\/cleverkids.ee\/\" \/>\n<meta property=\"article:modified_time\" content=\"2026-02-13T08:14:19+00:00\" \/>\n<meta property=\"og:image\" content=\"https:\/\/cleverkids.ee\/wp-content\/uploads\/2024\/05\/700-8-1-4.jpg\" \/>\n\t<meta property=\"og:image:width\" content=\"700\" \/>\n\t<meta property=\"og:image:height\" content=\"700\" \/>\n\t<meta property=\"og:image:type\" content=\"image\/jpeg\" \/>\n<meta name=\"twitter:card\" content=\"summary_large_image\" \/>\n<meta name=\"twitter:label1\" content=\"Est. reading time\" \/>\n\t<meta name=\"twitter:data1\" content=\"1 minut\" \/>\n<script type=\"application\/ld+json\" class=\"yoast-schema-graph\">{\"@context\":\"https:\/\/schema.org\",\"@graph\":[{\"@type\":\"WebPage\",\"@id\":\"https:\/\/cleverkids.ee\/et\/product\/kovakaaneline-raamat-beebi-esimesed-500-sona-80-lk\/\",\"url\":\"https:\/\/cleverkids.ee\/et\/product\/kovakaaneline-raamat-beebi-esimesed-500-sona-80-lk\/\",\"name\":\"K\u00f5vakaaneline raamat \u201eBeebi esimesed 500 s\u00f5na\u201c \u2013 80 lk -\",\"isPartOf\":{\"@id\":\"https:\/\/cleverkids.ee\/et\/#website\"},\"primaryImageOfPage\":{\"@id\":\"https:\/\/cleverkids.ee\/et\/product\/kovakaaneline-raamat-beebi-esimesed-500-sona-80-lk\/#primaryimage\"},\"image\":{\"@id\":\"https:\/\/cleverkids.ee\/et\/product\/kovakaaneline-raamat-beebi-esimesed-500-sona-80-lk\/#primaryimage\"},\"thumbnailUrl\":\"https:\/\/cleverkids.ee\/wp-content\/uploads\/2024\/05\/700-8-1-4.jpg\",\"datePublished\":\"2024-04-16T04:23:29+00:00\",\"dateModified\":\"2026-02-13T08:14:19+00:00\",\"description\":\"K\u00f5vakaaneline raamat \u201eBeebi esimesed 500 s\u00f5na\u201c \u2013 80 lk - CLEVER KIDS\",\"breadcrumb\":{\"@id\":\"https:\/\/cleverkids.ee\/et\/product\/kovakaaneline-raamat-beebi-esimesed-500-sona-80-lk\/#breadcrumb\"},\"inLanguage\":\"et\",\"potentialAction\":[{\"@type\":\"ReadAction\",\"target\":[\"https:\/\/cleverkids.ee\/et\/product\/kovakaaneline-raamat-beebi-esimesed-500-sona-80-lk\/\"]}]},{\"@type\":\"ImageObject\",\"inLanguage\":\"et\",\"@id\":\"https:\/\/cleverkids.ee\/et\/product\/kovakaaneline-raamat-beebi-esimesed-500-sona-80-lk\/#primaryimage\",\"url\":\"https:\/\/cleverkids.ee\/wp-content\/uploads\/2024\/05\/700-8-1-4.jpg\",\"contentUrl\":\"https:\/\/cleverkids.ee\/wp-content\/uploads\/2024\/05\/700-8-1-4.jpg\",\"width\":700,\"height\":700},{\"@type\":\"BreadcrumbList\",\"@id\":\"https:\/\/cleverkids.ee\/et\/product\/kovakaaneline-raamat-beebi-esimesed-500-sona-80-lk\/#breadcrumb\",\"itemListElement\":[{\"@type\":\"ListItem\",\"position\":1,\"name\":\"Esileht\",\"item\":\"https:\/\/cleverkids.ee\/et\/\"},{\"@type\":\"ListItem\",\"position\":2,\"name\":\"Tooted\",\"item\":\"https:\/\/cleverkids.ee\/store\/\"},{\"@type\":\"ListItem\",\"position\":3,\"name\":\"K\u00f5vakaaneline raamat \u201eBeebi esimesed 500 s\u00f5na\u201c \u2013 80 lk\"}]},{\"@type\":\"WebSite\",\"@id\":\"https:\/\/cleverkids.ee\/et\/#website\",\"url\":\"https:\/\/cleverkids.ee\/et\/\",\"name\":\"CLEVER KIDS\",\"description\":\"\",\"publisher\":{\"@id\":\"https:\/\/cleverkids.ee\/et\/#organization\"},\"potentialAction\":[{\"@type\":\"SearchAction\",\"target\":{\"@type\":\"EntryPoint\",\"urlTemplate\":\"https:\/\/cleverkids.ee\/et\/?s={search_term_string}\"},\"query-input\":{\"@type\":\"PropertyValueSpecification\",\"valueRequired\":true,\"valueName\":\"search_term_string\"}}],\"inLanguage\":\"et\"},{\"@type\":\"Organization\",\"@id\":\"https:\/\/cleverkids.ee\/et\/#organization\",\"name\":\"CLEVER KIDS\",\"url\":\"https:\/\/cleverkids.ee\/et\/\",\"logo\":{\"@type\":\"ImageObject\",\"inLanguage\":\"et\",\"@id\":\"https:\/\/cleverkids.ee\/et\/#\/schema\/logo\/image\/\",\"url\":\"https:\/\/cleverkids.ee\/wp-content\/uploads\/2024\/02\/image0-1024x1024.png\",\"contentUrl\":\"https:\/\/cleverkids.ee\/wp-content\/uploads\/2024\/02\/image0-1024x1024.png\",\"width\":1024,\"height\":1024,\"caption\":\"CLEVER KIDS\"},\"image\":{\"@id\":\"https:\/\/cleverkids.ee\/et\/#\/schema\/logo\/image\/\"},\"sameAs\":[\"https:\/\/www.facebook.com\/cleverkids.ee\/\",\"https:\/\/www.instagram.com\/cleverkids_ee\/\"]}]}<\/script>\n<!-- \/ Yoast SEO plugin. -->","yoast_head_json":{"title":"K\u00f5vakaaneline raamat \u201eBeebi esimesed 500 s\u00f5na\u201c \u2013 80 lk -","description":"K\u00f5vakaaneline raamat \u201eBeebi esimesed 500 s\u00f5na\u201c \u2013 80 lk - CLEVER KIDS","robots":{"index":"index","follow":"follow","max-snippet":"max-snippet:-1","max-image-preview":"max-image-preview:large","max-video-preview":"max-video-preview:-1"},"canonical":"https:\/\/cleverkids.ee\/et\/product\/kovakaaneline-raamat-beebi-esimesed-500-sona-80-lk\/","og_locale":"et_EE","og_type":"article","og_title":"K\u00f5vakaaneline raamat \u201eBeebi esimesed 500 s\u00f5na\u201c \u2013 80 lk -","og_description":"K\u00f5vakaaneline raamat \u201eBeebi esimesed 500 s\u00f5na\u201c \u2013 80 lk - CLEVER KIDS","og_url":"https:\/\/cleverkids.ee\/et\/product\/kovakaaneline-raamat-beebi-esimesed-500-sona-80-lk\/","og_site_name":"CLEVER KIDS","article_publisher":"https:\/\/www.facebook.com\/cleverkids.ee\/","article_modified_time":"2026-02-13T08:14:19+00:00","og_image":[{"width":700,"height":700,"url":"https:\/\/cleverkids.ee\/wp-content\/uploads\/2024\/05\/700-8-1-4.jpg","type":"image\/jpeg"}],"twitter_card":"summary_large_image","twitter_misc":{"Est. reading time":"1 minut"},"schema":{"@context":"https:\/\/schema.org","@graph":[{"@type":"WebPage","@id":"https:\/\/cleverkids.ee\/et\/product\/kovakaaneline-raamat-beebi-esimesed-500-sona-80-lk\/","url":"https:\/\/cleverkids.ee\/et\/product\/kovakaaneline-raamat-beebi-esimesed-500-sona-80-lk\/","name":"K\u00f5vakaaneline raamat \u201eBeebi esimesed 500 s\u00f5na\u201c \u2013 80 lk -","isPartOf":{"@id":"https:\/\/cleverkids.ee\/et\/#website"},"primaryImageOfPage":{"@id":"https:\/\/cleverkids.ee\/et\/product\/kovakaaneline-raamat-beebi-esimesed-500-sona-80-lk\/#primaryimage"},"image":{"@id":"https:\/\/cleverkids.ee\/et\/product\/kovakaaneline-raamat-beebi-esimesed-500-sona-80-lk\/#primaryimage"},"thumbnailUrl":"https:\/\/cleverkids.ee\/wp-content\/uploads\/2024\/05\/700-8-1-4.jpg","datePublished":"2024-04-16T04:23:29+00:00","dateModified":"2026-02-13T08:14:19+00:00","description":"K\u00f5vakaaneline raamat \u201eBeebi esimesed 500 s\u00f5na\u201c \u2013 80 lk - CLEVER KIDS","breadcrumb":{"@id":"https:\/\/cleverkids.ee\/et\/product\/kovakaaneline-raamat-beebi-esimesed-500-sona-80-lk\/#breadcrumb"},"inLanguage":"et","potentialAction":[{"@type":"ReadAction","target":["https:\/\/cleverkids.ee\/et\/product\/kovakaaneline-raamat-beebi-esimesed-500-sona-80-lk\/"]}]},{"@type":"ImageObject","inLanguage":"et","@id":"https:\/\/cleverkids.ee\/et\/product\/kovakaaneline-raamat-beebi-esimesed-500-sona-80-lk\/#primaryimage","url":"https:\/\/cleverkids.ee\/wp-content\/uploads\/2024\/05\/700-8-1-4.jpg","contentUrl":"https:\/\/cleverkids.ee\/wp-content\/uploads\/2024\/05\/700-8-1-4.jpg","width":700,"height":700},{"@type":"BreadcrumbList","@id":"https:\/\/cleverkids.ee\/et\/product\/kovakaaneline-raamat-beebi-esimesed-500-sona-80-lk\/#breadcrumb","itemListElement":[{"@type":"ListItem","position":1,"name":"Esileht","item":"https:\/\/cleverkids.ee\/et\/"},{"@type":"ListItem","position":2,"name":"Tooted","item":"https:\/\/cleverkids.ee\/store\/"},{"@type":"ListItem","position":3,"name":"K\u00f5vakaaneline raamat \u201eBeebi esimesed 500 s\u00f5na\u201c \u2013 80 lk"}]},{"@type":"WebSite","@id":"https:\/\/cleverkids.ee\/et\/#website","url":"https:\/\/cleverkids.ee\/et\/","name":"CLEVER KIDS","description":"","publisher":{"@id":"https:\/\/cleverkids.ee\/et\/#organization"},"potentialAction":[{"@type":"SearchAction","target":{"@type":"EntryPoint","urlTemplate":"https:\/\/cleverkids.ee\/et\/?s={search_term_string}"},"query-input":{"@type":"PropertyValueSpecification","valueRequired":true,"valueName":"search_term_string"}}],"inLanguage":"et"},{"@type":"Organization","@id":"https:\/\/cleverkids.ee\/et\/#organization","name":"CLEVER KIDS","url":"https:\/\/cleverkids.ee\/et\/","logo":{"@type":"ImageObject","inLanguage":"et","@id":"https:\/\/cleverkids.ee\/et\/#\/schema\/logo\/image\/","url":"https:\/\/cleverkids.ee\/wp-content\/uploads\/2024\/02\/image0-1024x1024.png","contentUrl":"https:\/\/cleverkids.ee\/wp-content\/uploads\/2024\/02\/image0-1024x1024.png","width":1024,"height":1024,"caption":"CLEVER KIDS"},"image":{"@id":"https:\/\/cleverkids.ee\/et\/#\/schema\/logo\/image\/"},"sameAs":["https:\/\/www.facebook.com\/cleverkids.ee\/","https:\/\/www.instagram.com\/cleverkids_ee\/"]}]}},"_links":{"self":[{"href":"https:\/\/cleverkids.ee\/et\/wp-json\/wp\/v2\/product\/50225","targetHints":{"allow":["GET"]}}],"collection":[{"href":"https:\/\/cleverkids.ee\/et\/wp-json\/wp\/v2\/product"}],"about":[{"href":"https:\/\/cleverkids.ee\/et\/wp-json\/wp\/v2\/types\/product"}],"wp:featuredmedia":[{"embeddable":true,"href":"https:\/\/cleverkids.ee\/et\/wp-json\/wp\/v2\/media\/67920"}],"wp:attachment":[{"href":"https:\/\/cleverkids.ee\/et\/wp-json\/wp\/v2\/media?parent=50225"}],"wp:term":[{"taxonomy":"product_brand","embeddable":true,"href":"https:\/\/cleverkids.ee\/et\/wp-json\/wp\/v2\/product_brand?post=50225"},{"taxonomy":"product_cat","embeddable":true,"href":"https:\/\/cleverkids.ee\/et\/wp-json\/wp\/v2\/product_cat?post=50225"},{"taxonomy":"product_tag","embeddable":true,"href":"https:\/\/cleverkids.ee\/et\/wp-json\/wp\/v2\/product_tag?post=50225"}],"curies":[{"name":"wp","href":"https:\/\/api.w.org\/{rel}","templated":true}]}}