{"id":50277,"date":"2024-04-16T07:23:22","date_gmt":"2024-04-16T04:23:22","guid":{"rendered":"https:\/\/cleverkids.dev2.sdhost.eu\/product\/%d0%be%d0%b1%d1%83%d1%87%d0%b0%d1%8e%d1%89%d0%b8%d0%b9-%d0%bf%d0%bb%d0%b0%d0%bd%d1%88%d0%b5%d1%82-%d0%bc%d0%b0%d0%b3%d0%bd%d0%b8%d1%82%d0%bd%d0%be%d0%b5-%d1%80%d0%b8%d1%81%d0%be%d0%b2%d0%b0%d0%bd\/"},"modified":"2025-12-22T14:14:27","modified_gmt":"2025-12-22T12:14:27","slug":"obuchayushhij-planshet-magnitnoe-risovan","status":"publish","type":"product","link":"https:\/\/cleverkids.ee\/et\/product\/obuchayushhij-planshet-magnitnoe-risovan\/","title":{"rendered":"Magnetiline joonistamistahvel"},"content":{"rendered":"<p>V\u00e4ike magnetiline joonistamistahvel\u00a0on loominguline vahend, mille abil saab joonistada vahvaid pilte, harjutada numbrite ja t\u00e4htede kirjutamist ning \u00f5ppida korrektset pliiatsihoidu. Magnettahvli sees on v\u00e4ikesed magnetkuulid, mis magnetpliiatsiga tahvlile joonistades tahvlipinnale t\u00f5mbuvad. Joonistuse kustutamiseks vajuta kuulikesi s\u00f5rmega v\u00f5i t\u00f5mba pliiatsi k\u00fcljega \u00fcle tahvli: kuulid kukuvad alla ning saad uut p\u00f5nevat joonistust alustada. Ideaalne reisikaaslane pikemate reiside ajal. Arendab peenmotoorikat.<\/p>\n<p>Komplekti kuulub: 1 tahvel magnetkuulidega ja 1 magnetotsaga pliiats + n\u00e4idiskaardid<\/p>\n<p>Tahvli m\u00f5\u00f5dud: 25x 20 cm<\/p>\n","protected":false},"excerpt":{"rendered":"<p>V\u00e4ike magnetiline joonistamistahvel\u00a0on loominguline vahend, mille abil saab joonistada vahvaid pilte, harjutada numbrite ja t\u00e4htede kirjutamist ning \u00f5ppida korrektset pliiatsihoidu. Magnettahvli sees on v\u00e4ikesed magnetkuulid, mis magnetpliiatsiga tahvlile joonistades tahvlipinnale t\u00f5mbuvad. Joonistuse kustutamiseks vajuta kuulikesi s\u00f5rmega v\u00f5i t\u00f5mba pliiatsi k\u00fcljega \u00fcle tahvli: kuulid kukuvad alla ning saad uut p\u00f5nevat joonistust alustada. Ideaalne reisikaaslane pikemate reiside [&hellip;]<\/p>\n","protected":false},"featured_media":67836,"template":"","meta":{"_monsterinsights_skip_tracking":false,"_monsterinsights_sitenote_active":false,"_monsterinsights_sitenote_note":"","_monsterinsights_sitenote_category":0},"product_brand":[],"product_cat":[50,58],"product_tag":[],"class_list":{"0":"post-50277","1":"product","2":"type-product","3":"status-publish","4":"has-post-thumbnail","6":"product_cat-arendavad-manguasjad","7":"product_cat-unkategorized","8":"pa_vozrast-ot-3-do-5-let-et","9":"pa_vozrast-ot-5-let-et","11":"first","12":"instock","13":"shipping-taxable","14":"purchasable","15":"product-type-simple"},"yoast_head":"<!-- This site is optimized with the Yoast SEO plugin v25.0 - https:\/\/yoast.com\/wordpress\/plugins\/seo\/ -->\n<title>Magnetiline joonistamistahvel -<\/title>\n<meta name=\"description\" content=\"Magnetiline joonistamistahvel - CLEVER KIDS\" \/>\n<meta name=\"robots\" content=\"index, follow, max-snippet:-1, max-image-preview:large, max-video-preview:-1\" \/>\n<link rel=\"canonical\" href=\"https:\/\/cleverkids.ee\/et\/product\/obuchayushhij-planshet-magnitnoe-risovan\/\" \/>\n<meta property=\"og:locale\" content=\"et_EE\" \/>\n<meta property=\"og:type\" content=\"article\" \/>\n<meta property=\"og:title\" content=\"Magnetiline joonistamistahvel -\" \/>\n<meta property=\"og:description\" content=\"Magnetiline joonistamistahvel - CLEVER KIDS\" \/>\n<meta property=\"og:url\" content=\"https:\/\/cleverkids.ee\/et\/product\/obuchayushhij-planshet-magnitnoe-risovan\/\" \/>\n<meta property=\"og:site_name\" content=\"CLEVER KIDS\" \/>\n<meta property=\"article:publisher\" content=\"https:\/\/www.facebook.com\/cleverkids.ee\/\" \/>\n<meta property=\"article:modified_time\" content=\"2025-12-22T12:14:27+00:00\" \/>\n<meta property=\"og:image\" content=\"https:\/\/cleverkids.ee\/wp-content\/uploads\/2024\/05\/700-12-6.jpg\" \/>\n\t<meta property=\"og:image:width\" content=\"700\" \/>\n\t<meta property=\"og:image:height\" content=\"700\" \/>\n\t<meta property=\"og:image:type\" content=\"image\/jpeg\" \/>\n<meta name=\"twitter:card\" content=\"summary_large_image\" \/>\n<script type=\"application\/ld+json\" class=\"yoast-schema-graph\">{\"@context\":\"https:\/\/schema.org\",\"@graph\":[{\"@type\":\"WebPage\",\"@id\":\"https:\/\/cleverkids.ee\/et\/product\/obuchayushhij-planshet-magnitnoe-risovan\/\",\"url\":\"https:\/\/cleverkids.ee\/et\/product\/obuchayushhij-planshet-magnitnoe-risovan\/\",\"name\":\"Magnetiline joonistamistahvel -\",\"isPartOf\":{\"@id\":\"https:\/\/cleverkids.ee\/et\/#website\"},\"primaryImageOfPage\":{\"@id\":\"https:\/\/cleverkids.ee\/et\/product\/obuchayushhij-planshet-magnitnoe-risovan\/#primaryimage\"},\"image\":{\"@id\":\"https:\/\/cleverkids.ee\/et\/product\/obuchayushhij-planshet-magnitnoe-risovan\/#primaryimage\"},\"thumbnailUrl\":\"https:\/\/cleverkids.ee\/wp-content\/uploads\/2024\/05\/700-12-6.jpg\",\"datePublished\":\"2024-04-16T04:23:22+00:00\",\"dateModified\":\"2025-12-22T12:14:27+00:00\",\"description\":\"Magnetiline joonistamistahvel - CLEVER KIDS\",\"breadcrumb\":{\"@id\":\"https:\/\/cleverkids.ee\/et\/product\/obuchayushhij-planshet-magnitnoe-risovan\/#breadcrumb\"},\"inLanguage\":\"et\",\"potentialAction\":[{\"@type\":\"ReadAction\",\"target\":[\"https:\/\/cleverkids.ee\/et\/product\/obuchayushhij-planshet-magnitnoe-risovan\/\"]}]},{\"@type\":\"ImageObject\",\"inLanguage\":\"et\",\"@id\":\"https:\/\/cleverkids.ee\/et\/product\/obuchayushhij-planshet-magnitnoe-risovan\/#primaryimage\",\"url\":\"https:\/\/cleverkids.ee\/wp-content\/uploads\/2024\/05\/700-12-6.jpg\",\"contentUrl\":\"https:\/\/cleverkids.ee\/wp-content\/uploads\/2024\/05\/700-12-6.jpg\",\"width\":700,\"height\":700},{\"@type\":\"BreadcrumbList\",\"@id\":\"https:\/\/cleverkids.ee\/et\/product\/obuchayushhij-planshet-magnitnoe-risovan\/#breadcrumb\",\"itemListElement\":[{\"@type\":\"ListItem\",\"position\":1,\"name\":\"Esileht\",\"item\":\"https:\/\/cleverkids.ee\/et\/\"},{\"@type\":\"ListItem\",\"position\":2,\"name\":\"Tooted\",\"item\":\"https:\/\/cleverkids.ee\/store\/\"},{\"@type\":\"ListItem\",\"position\":3,\"name\":\"Magnetiline joonistamistahvel\"}]},{\"@type\":\"WebSite\",\"@id\":\"https:\/\/cleverkids.ee\/et\/#website\",\"url\":\"https:\/\/cleverkids.ee\/et\/\",\"name\":\"CLEVER KIDS\",\"description\":\"\",\"publisher\":{\"@id\":\"https:\/\/cleverkids.ee\/et\/#organization\"},\"potentialAction\":[{\"@type\":\"SearchAction\",\"target\":{\"@type\":\"EntryPoint\",\"urlTemplate\":\"https:\/\/cleverkids.ee\/et\/?s={search_term_string}\"},\"query-input\":{\"@type\":\"PropertyValueSpecification\",\"valueRequired\":true,\"valueName\":\"search_term_string\"}}],\"inLanguage\":\"et\"},{\"@type\":\"Organization\",\"@id\":\"https:\/\/cleverkids.ee\/et\/#organization\",\"name\":\"CLEVER KIDS\",\"url\":\"https:\/\/cleverkids.ee\/et\/\",\"logo\":{\"@type\":\"ImageObject\",\"inLanguage\":\"et\",\"@id\":\"https:\/\/cleverkids.ee\/et\/#\/schema\/logo\/image\/\",\"url\":\"https:\/\/cleverkids.ee\/wp-content\/uploads\/2024\/02\/image0-1024x1024.png\",\"contentUrl\":\"https:\/\/cleverkids.ee\/wp-content\/uploads\/2024\/02\/image0-1024x1024.png\",\"width\":1024,\"height\":1024,\"caption\":\"CLEVER KIDS\"},\"image\":{\"@id\":\"https:\/\/cleverkids.ee\/et\/#\/schema\/logo\/image\/\"},\"sameAs\":[\"https:\/\/www.facebook.com\/cleverkids.ee\/\",\"https:\/\/www.instagram.com\/cleverkids_ee\/\"]}]}<\/script>\n<!-- \/ Yoast SEO plugin. -->","yoast_head_json":{"title":"Magnetiline joonistamistahvel -","description":"Magnetiline joonistamistahvel - CLEVER KIDS","robots":{"index":"index","follow":"follow","max-snippet":"max-snippet:-1","max-image-preview":"max-image-preview:large","max-video-preview":"max-video-preview:-1"},"canonical":"https:\/\/cleverkids.ee\/et\/product\/obuchayushhij-planshet-magnitnoe-risovan\/","og_locale":"et_EE","og_type":"article","og_title":"Magnetiline joonistamistahvel -","og_description":"Magnetiline joonistamistahvel - CLEVER KIDS","og_url":"https:\/\/cleverkids.ee\/et\/product\/obuchayushhij-planshet-magnitnoe-risovan\/","og_site_name":"CLEVER KIDS","article_publisher":"https:\/\/www.facebook.com\/cleverkids.ee\/","article_modified_time":"2025-12-22T12:14:27+00:00","og_image":[{"width":700,"height":700,"url":"https:\/\/cleverkids.ee\/wp-content\/uploads\/2024\/05\/700-12-6.jpg","type":"image\/jpeg"}],"twitter_card":"summary_large_image","schema":{"@context":"https:\/\/schema.org","@graph":[{"@type":"WebPage","@id":"https:\/\/cleverkids.ee\/et\/product\/obuchayushhij-planshet-magnitnoe-risovan\/","url":"https:\/\/cleverkids.ee\/et\/product\/obuchayushhij-planshet-magnitnoe-risovan\/","name":"Magnetiline joonistamistahvel -","isPartOf":{"@id":"https:\/\/cleverkids.ee\/et\/#website"},"primaryImageOfPage":{"@id":"https:\/\/cleverkids.ee\/et\/product\/obuchayushhij-planshet-magnitnoe-risovan\/#primaryimage"},"image":{"@id":"https:\/\/cleverkids.ee\/et\/product\/obuchayushhij-planshet-magnitnoe-risovan\/#primaryimage"},"thumbnailUrl":"https:\/\/cleverkids.ee\/wp-content\/uploads\/2024\/05\/700-12-6.jpg","datePublished":"2024-04-16T04:23:22+00:00","dateModified":"2025-12-22T12:14:27+00:00","description":"Magnetiline joonistamistahvel - CLEVER KIDS","breadcrumb":{"@id":"https:\/\/cleverkids.ee\/et\/product\/obuchayushhij-planshet-magnitnoe-risovan\/#breadcrumb"},"inLanguage":"et","potentialAction":[{"@type":"ReadAction","target":["https:\/\/cleverkids.ee\/et\/product\/obuchayushhij-planshet-magnitnoe-risovan\/"]}]},{"@type":"ImageObject","inLanguage":"et","@id":"https:\/\/cleverkids.ee\/et\/product\/obuchayushhij-planshet-magnitnoe-risovan\/#primaryimage","url":"https:\/\/cleverkids.ee\/wp-content\/uploads\/2024\/05\/700-12-6.jpg","contentUrl":"https:\/\/cleverkids.ee\/wp-content\/uploads\/2024\/05\/700-12-6.jpg","width":700,"height":700},{"@type":"BreadcrumbList","@id":"https:\/\/cleverkids.ee\/et\/product\/obuchayushhij-planshet-magnitnoe-risovan\/#breadcrumb","itemListElement":[{"@type":"ListItem","position":1,"name":"Esileht","item":"https:\/\/cleverkids.ee\/et\/"},{"@type":"ListItem","position":2,"name":"Tooted","item":"https:\/\/cleverkids.ee\/store\/"},{"@type":"ListItem","position":3,"name":"Magnetiline joonistamistahvel"}]},{"@type":"WebSite","@id":"https:\/\/cleverkids.ee\/et\/#website","url":"https:\/\/cleverkids.ee\/et\/","name":"CLEVER KIDS","description":"","publisher":{"@id":"https:\/\/cleverkids.ee\/et\/#organization"},"potentialAction":[{"@type":"SearchAction","target":{"@type":"EntryPoint","urlTemplate":"https:\/\/cleverkids.ee\/et\/?s={search_term_string}"},"query-input":{"@type":"PropertyValueSpecification","valueRequired":true,"valueName":"search_term_string"}}],"inLanguage":"et"},{"@type":"Organization","@id":"https:\/\/cleverkids.ee\/et\/#organization","name":"CLEVER KIDS","url":"https:\/\/cleverkids.ee\/et\/","logo":{"@type":"ImageObject","inLanguage":"et","@id":"https:\/\/cleverkids.ee\/et\/#\/schema\/logo\/image\/","url":"https:\/\/cleverkids.ee\/wp-content\/uploads\/2024\/02\/image0-1024x1024.png","contentUrl":"https:\/\/cleverkids.ee\/wp-content\/uploads\/2024\/02\/image0-1024x1024.png","width":1024,"height":1024,"caption":"CLEVER KIDS"},"image":{"@id":"https:\/\/cleverkids.ee\/et\/#\/schema\/logo\/image\/"},"sameAs":["https:\/\/www.facebook.com\/cleverkids.ee\/","https:\/\/www.instagram.com\/cleverkids_ee\/"]}]}},"_links":{"self":[{"href":"https:\/\/cleverkids.ee\/et\/wp-json\/wp\/v2\/product\/50277","targetHints":{"allow":["GET"]}}],"collection":[{"href":"https:\/\/cleverkids.ee\/et\/wp-json\/wp\/v2\/product"}],"about":[{"href":"https:\/\/cleverkids.ee\/et\/wp-json\/wp\/v2\/types\/product"}],"wp:featuredmedia":[{"embeddable":true,"href":"https:\/\/cleverkids.ee\/et\/wp-json\/wp\/v2\/media\/67836"}],"wp:attachment":[{"href":"https:\/\/cleverkids.ee\/et\/wp-json\/wp\/v2\/media?parent=50277"}],"wp:term":[{"taxonomy":"product_brand","embeddable":true,"href":"https:\/\/cleverkids.ee\/et\/wp-json\/wp\/v2\/product_brand?post=50277"},{"taxonomy":"product_cat","embeddable":true,"href":"https:\/\/cleverkids.ee\/et\/wp-json\/wp\/v2\/product_cat?post=50277"},{"taxonomy":"product_tag","embeddable":true,"href":"https:\/\/cleverkids.ee\/et\/wp-json\/wp\/v2\/product_tag?post=50277"}],"curies":[{"name":"wp","href":"https:\/\/api.w.org\/{rel}","templated":true}]}}