{"id":50306,"date":"2024-04-16T07:23:22","date_gmt":"2024-04-16T04:23:22","guid":{"rendered":"https:\/\/cleverkids.dev2.sdhost.eu\/product\/%d0%ba%d0%b2%d0%b0%d0%b4%d1%80%d0%b0%d1%82%d1%8b-%d0%bd%d0%b8%d0%ba%d0%b8%d1%82%d0%b8%d0%bd%d0%b0-1-%d1%83%d1%80%d0%be%d0%b2%d0%b5%d0%bd%d1%8c3-%d0%b3%d0%be%d0%b4%d0%b0-12-%d0%ba%d0%b2%d0%b0%d0%b4\/"},"modified":"2026-02-13T09:42:06","modified_gmt":"2026-02-13T07:42:06","slug":"kvadraty-nikitina-1-uroven3-goda-12-kvad","status":"publish","type":"product","link":"https:\/\/cleverkids.ee\/et\/product\/kvadraty-nikitina-1-uroven3-goda-12-kvad\/","title":{"rendered":"Nikitini ruudud, 1. tase (2-4 aastat), 12 ruutu"},"content":{"rendered":"<p>Boriss Nikitin m\u00f5tles oma lastele v\u00e4lja palju harivaid m\u00e4nge. Need m\u00e4ngud pole enam kui poole sajandi jooksul oma olemasolust kaotanud ei oma t\u00e4htsust ega asjakohasust. \u00a0<span class=\"\">Need m\u00e4ngud, nagu varemgi, j\u00e4\u00e4vad hittideks lasteaedades, ps\u00fchholoogides, logopeedides ja lihtsalt kodudes.<\/span><br \/>\nLaps on kutsutud kokku panema 12 ruutu osadest: kolmnurgad, ristk\u00fclikud ja muud kujundid.\u00a0Teine v\u00f5i kolmas raskusaste on huvitav isegi t\u00e4iskasvanutele!<\/p>\n<p>1 raskusaste &#8211; lastele vanuses 2-4 aastat.<\/p>\n<p>&nbsp;<\/p>\n","protected":false},"excerpt":{"rendered":"<p>Boriss Nikitin m\u00f5tles oma lastele v\u00e4lja palju harivaid m\u00e4nge. Need m\u00e4ngud pole enam kui poole sajandi jooksul oma olemasolust kaotanud ei oma t\u00e4htsust ega asjakohasust. \u00a0Need m\u00e4ngud, nagu varemgi, j\u00e4\u00e4vad hittideks lasteaedades, ps\u00fchholoogides, logopeedides ja lihtsalt kodudes. Laps on kutsutud kokku panema 12 ruutu osadest: kolmnurgad, ristk\u00fclikud ja muud kujundid.\u00a0Teine v\u00f5i kolmas raskusaste on huvitav [&hellip;]<\/p>\n","protected":false},"featured_media":67791,"template":"","meta":{"_monsterinsights_skip_tracking":false,"_monsterinsights_sitenote_active":false,"_monsterinsights_sitenote_note":"","_monsterinsights_sitenote_category":0},"product_brand":[],"product_cat":[49,58],"product_tag":[],"class_list":{"0":"post-50306","1":"product","2":"type-product","3":"status-publish","4":"has-post-thumbnail","6":"product_cat-puidust-arendavad-manguasjad","7":"product_cat-unkategorized","8":"pa_vozrast-ot-3-do-5-let-et","10":"first","11":"outofstock","12":"shipping-taxable","13":"purchasable","14":"product-type-simple"},"yoast_head":"<!-- This site is optimized with the Yoast SEO plugin v25.0 - https:\/\/yoast.com\/wordpress\/plugins\/seo\/ -->\n<title>Nikitini ruudud, 1. tase (2-4 aastat), 12 ruutu -<\/title>\n<meta name=\"description\" content=\"Nikitini ruudud, 1. tase (2-4 aastat), 12 ruutu - CLEVER KIDS\" \/>\n<meta name=\"robots\" content=\"index, follow, max-snippet:-1, max-image-preview:large, max-video-preview:-1\" \/>\n<link rel=\"canonical\" href=\"https:\/\/cleverkids.ee\/et\/product\/kvadraty-nikitina-1-uroven3-goda-12-kvad\/\" \/>\n<meta property=\"og:locale\" content=\"et_EE\" \/>\n<meta property=\"og:type\" content=\"article\" \/>\n<meta property=\"og:title\" content=\"Nikitini ruudud, 1. tase (2-4 aastat), 12 ruutu -\" \/>\n<meta property=\"og:description\" content=\"Nikitini ruudud, 1. tase (2-4 aastat), 12 ruutu - CLEVER KIDS\" \/>\n<meta property=\"og:url\" content=\"https:\/\/cleverkids.ee\/et\/product\/kvadraty-nikitina-1-uroven3-goda-12-kvad\/\" \/>\n<meta property=\"og:site_name\" content=\"CLEVER KIDS\" \/>\n<meta property=\"article:publisher\" content=\"https:\/\/www.facebook.com\/cleverkids.ee\/\" \/>\n<meta property=\"article:modified_time\" content=\"2026-02-13T07:42:06+00:00\" \/>\n<meta property=\"og:image\" content=\"https:\/\/cleverkids.ee\/wp-content\/uploads\/2024\/05\/700-5-1-5.jpg\" \/>\n\t<meta property=\"og:image:width\" content=\"700\" \/>\n\t<meta property=\"og:image:height\" content=\"700\" \/>\n\t<meta property=\"og:image:type\" content=\"image\/jpeg\" \/>\n<meta name=\"twitter:card\" content=\"summary_large_image\" \/>\n<script type=\"application\/ld+json\" class=\"yoast-schema-graph\">{\"@context\":\"https:\/\/schema.org\",\"@graph\":[{\"@type\":\"WebPage\",\"@id\":\"https:\/\/cleverkids.ee\/et\/product\/kvadraty-nikitina-1-uroven3-goda-12-kvad\/\",\"url\":\"https:\/\/cleverkids.ee\/et\/product\/kvadraty-nikitina-1-uroven3-goda-12-kvad\/\",\"name\":\"Nikitini ruudud, 1. tase (2-4 aastat), 12 ruutu -\",\"isPartOf\":{\"@id\":\"https:\/\/cleverkids.ee\/et\/#website\"},\"primaryImageOfPage\":{\"@id\":\"https:\/\/cleverkids.ee\/et\/product\/kvadraty-nikitina-1-uroven3-goda-12-kvad\/#primaryimage\"},\"image\":{\"@id\":\"https:\/\/cleverkids.ee\/et\/product\/kvadraty-nikitina-1-uroven3-goda-12-kvad\/#primaryimage\"},\"thumbnailUrl\":\"https:\/\/cleverkids.ee\/wp-content\/uploads\/2024\/05\/700-5-1-5.jpg\",\"datePublished\":\"2024-04-16T04:23:22+00:00\",\"dateModified\":\"2026-02-13T07:42:06+00:00\",\"description\":\"Nikitini ruudud, 1. tase (2-4 aastat), 12 ruutu - CLEVER KIDS\",\"breadcrumb\":{\"@id\":\"https:\/\/cleverkids.ee\/et\/product\/kvadraty-nikitina-1-uroven3-goda-12-kvad\/#breadcrumb\"},\"inLanguage\":\"et\",\"potentialAction\":[{\"@type\":\"ReadAction\",\"target\":[\"https:\/\/cleverkids.ee\/et\/product\/kvadraty-nikitina-1-uroven3-goda-12-kvad\/\"]}]},{\"@type\":\"ImageObject\",\"inLanguage\":\"et\",\"@id\":\"https:\/\/cleverkids.ee\/et\/product\/kvadraty-nikitina-1-uroven3-goda-12-kvad\/#primaryimage\",\"url\":\"https:\/\/cleverkids.ee\/wp-content\/uploads\/2024\/05\/700-5-1-5.jpg\",\"contentUrl\":\"https:\/\/cleverkids.ee\/wp-content\/uploads\/2024\/05\/700-5-1-5.jpg\",\"width\":700,\"height\":700},{\"@type\":\"BreadcrumbList\",\"@id\":\"https:\/\/cleverkids.ee\/et\/product\/kvadraty-nikitina-1-uroven3-goda-12-kvad\/#breadcrumb\",\"itemListElement\":[{\"@type\":\"ListItem\",\"position\":1,\"name\":\"Esileht\",\"item\":\"https:\/\/cleverkids.ee\/et\/\"},{\"@type\":\"ListItem\",\"position\":2,\"name\":\"Tooted\",\"item\":\"https:\/\/cleverkids.ee\/store\/\"},{\"@type\":\"ListItem\",\"position\":3,\"name\":\"Nikitini ruudud, 1. tase (2-4 aastat), 12 ruutu\"}]},{\"@type\":\"WebSite\",\"@id\":\"https:\/\/cleverkids.ee\/et\/#website\",\"url\":\"https:\/\/cleverkids.ee\/et\/\",\"name\":\"CLEVER KIDS\",\"description\":\"\",\"publisher\":{\"@id\":\"https:\/\/cleverkids.ee\/et\/#organization\"},\"potentialAction\":[{\"@type\":\"SearchAction\",\"target\":{\"@type\":\"EntryPoint\",\"urlTemplate\":\"https:\/\/cleverkids.ee\/et\/?s={search_term_string}\"},\"query-input\":{\"@type\":\"PropertyValueSpecification\",\"valueRequired\":true,\"valueName\":\"search_term_string\"}}],\"inLanguage\":\"et\"},{\"@type\":\"Organization\",\"@id\":\"https:\/\/cleverkids.ee\/et\/#organization\",\"name\":\"CLEVER KIDS\",\"url\":\"https:\/\/cleverkids.ee\/et\/\",\"logo\":{\"@type\":\"ImageObject\",\"inLanguage\":\"et\",\"@id\":\"https:\/\/cleverkids.ee\/et\/#\/schema\/logo\/image\/\",\"url\":\"https:\/\/cleverkids.ee\/wp-content\/uploads\/2024\/02\/image0-1024x1024.png\",\"contentUrl\":\"https:\/\/cleverkids.ee\/wp-content\/uploads\/2024\/02\/image0-1024x1024.png\",\"width\":1024,\"height\":1024,\"caption\":\"CLEVER KIDS\"},\"image\":{\"@id\":\"https:\/\/cleverkids.ee\/et\/#\/schema\/logo\/image\/\"},\"sameAs\":[\"https:\/\/www.facebook.com\/cleverkids.ee\/\",\"https:\/\/www.instagram.com\/cleverkids_ee\/\"]}]}<\/script>\n<!-- \/ Yoast SEO plugin. -->","yoast_head_json":{"title":"Nikitini ruudud, 1. tase (2-4 aastat), 12 ruutu -","description":"Nikitini ruudud, 1. tase (2-4 aastat), 12 ruutu - CLEVER KIDS","robots":{"index":"index","follow":"follow","max-snippet":"max-snippet:-1","max-image-preview":"max-image-preview:large","max-video-preview":"max-video-preview:-1"},"canonical":"https:\/\/cleverkids.ee\/et\/product\/kvadraty-nikitina-1-uroven3-goda-12-kvad\/","og_locale":"et_EE","og_type":"article","og_title":"Nikitini ruudud, 1. tase (2-4 aastat), 12 ruutu -","og_description":"Nikitini ruudud, 1. tase (2-4 aastat), 12 ruutu - CLEVER KIDS","og_url":"https:\/\/cleverkids.ee\/et\/product\/kvadraty-nikitina-1-uroven3-goda-12-kvad\/","og_site_name":"CLEVER KIDS","article_publisher":"https:\/\/www.facebook.com\/cleverkids.ee\/","article_modified_time":"2026-02-13T07:42:06+00:00","og_image":[{"width":700,"height":700,"url":"https:\/\/cleverkids.ee\/wp-content\/uploads\/2024\/05\/700-5-1-5.jpg","type":"image\/jpeg"}],"twitter_card":"summary_large_image","schema":{"@context":"https:\/\/schema.org","@graph":[{"@type":"WebPage","@id":"https:\/\/cleverkids.ee\/et\/product\/kvadraty-nikitina-1-uroven3-goda-12-kvad\/","url":"https:\/\/cleverkids.ee\/et\/product\/kvadraty-nikitina-1-uroven3-goda-12-kvad\/","name":"Nikitini ruudud, 1. tase (2-4 aastat), 12 ruutu -","isPartOf":{"@id":"https:\/\/cleverkids.ee\/et\/#website"},"primaryImageOfPage":{"@id":"https:\/\/cleverkids.ee\/et\/product\/kvadraty-nikitina-1-uroven3-goda-12-kvad\/#primaryimage"},"image":{"@id":"https:\/\/cleverkids.ee\/et\/product\/kvadraty-nikitina-1-uroven3-goda-12-kvad\/#primaryimage"},"thumbnailUrl":"https:\/\/cleverkids.ee\/wp-content\/uploads\/2024\/05\/700-5-1-5.jpg","datePublished":"2024-04-16T04:23:22+00:00","dateModified":"2026-02-13T07:42:06+00:00","description":"Nikitini ruudud, 1. tase (2-4 aastat), 12 ruutu - CLEVER KIDS","breadcrumb":{"@id":"https:\/\/cleverkids.ee\/et\/product\/kvadraty-nikitina-1-uroven3-goda-12-kvad\/#breadcrumb"},"inLanguage":"et","potentialAction":[{"@type":"ReadAction","target":["https:\/\/cleverkids.ee\/et\/product\/kvadraty-nikitina-1-uroven3-goda-12-kvad\/"]}]},{"@type":"ImageObject","inLanguage":"et","@id":"https:\/\/cleverkids.ee\/et\/product\/kvadraty-nikitina-1-uroven3-goda-12-kvad\/#primaryimage","url":"https:\/\/cleverkids.ee\/wp-content\/uploads\/2024\/05\/700-5-1-5.jpg","contentUrl":"https:\/\/cleverkids.ee\/wp-content\/uploads\/2024\/05\/700-5-1-5.jpg","width":700,"height":700},{"@type":"BreadcrumbList","@id":"https:\/\/cleverkids.ee\/et\/product\/kvadraty-nikitina-1-uroven3-goda-12-kvad\/#breadcrumb","itemListElement":[{"@type":"ListItem","position":1,"name":"Esileht","item":"https:\/\/cleverkids.ee\/et\/"},{"@type":"ListItem","position":2,"name":"Tooted","item":"https:\/\/cleverkids.ee\/store\/"},{"@type":"ListItem","position":3,"name":"Nikitini ruudud, 1. tase (2-4 aastat), 12 ruutu"}]},{"@type":"WebSite","@id":"https:\/\/cleverkids.ee\/et\/#website","url":"https:\/\/cleverkids.ee\/et\/","name":"CLEVER KIDS","description":"","publisher":{"@id":"https:\/\/cleverkids.ee\/et\/#organization"},"potentialAction":[{"@type":"SearchAction","target":{"@type":"EntryPoint","urlTemplate":"https:\/\/cleverkids.ee\/et\/?s={search_term_string}"},"query-input":{"@type":"PropertyValueSpecification","valueRequired":true,"valueName":"search_term_string"}}],"inLanguage":"et"},{"@type":"Organization","@id":"https:\/\/cleverkids.ee\/et\/#organization","name":"CLEVER KIDS","url":"https:\/\/cleverkids.ee\/et\/","logo":{"@type":"ImageObject","inLanguage":"et","@id":"https:\/\/cleverkids.ee\/et\/#\/schema\/logo\/image\/","url":"https:\/\/cleverkids.ee\/wp-content\/uploads\/2024\/02\/image0-1024x1024.png","contentUrl":"https:\/\/cleverkids.ee\/wp-content\/uploads\/2024\/02\/image0-1024x1024.png","width":1024,"height":1024,"caption":"CLEVER KIDS"},"image":{"@id":"https:\/\/cleverkids.ee\/et\/#\/schema\/logo\/image\/"},"sameAs":["https:\/\/www.facebook.com\/cleverkids.ee\/","https:\/\/www.instagram.com\/cleverkids_ee\/"]}]}},"_links":{"self":[{"href":"https:\/\/cleverkids.ee\/et\/wp-json\/wp\/v2\/product\/50306","targetHints":{"allow":["GET"]}}],"collection":[{"href":"https:\/\/cleverkids.ee\/et\/wp-json\/wp\/v2\/product"}],"about":[{"href":"https:\/\/cleverkids.ee\/et\/wp-json\/wp\/v2\/types\/product"}],"wp:featuredmedia":[{"embeddable":true,"href":"https:\/\/cleverkids.ee\/et\/wp-json\/wp\/v2\/media\/67791"}],"wp:attachment":[{"href":"https:\/\/cleverkids.ee\/et\/wp-json\/wp\/v2\/media?parent=50306"}],"wp:term":[{"taxonomy":"product_brand","embeddable":true,"href":"https:\/\/cleverkids.ee\/et\/wp-json\/wp\/v2\/product_brand?post=50306"},{"taxonomy":"product_cat","embeddable":true,"href":"https:\/\/cleverkids.ee\/et\/wp-json\/wp\/v2\/product_cat?post=50306"},{"taxonomy":"product_tag","embeddable":true,"href":"https:\/\/cleverkids.ee\/et\/wp-json\/wp\/v2\/product_tag?post=50306"}],"curies":[{"name":"wp","href":"https:\/\/api.w.org\/{rel}","templated":true}]}}