{"id":50368,"date":"2024-04-16T07:53:59","date_gmt":"2024-04-16T04:53:59","guid":{"rendered":"https:\/\/cleverkids.dev2.sdhost.eu\/product\/%d1%80%d0%b0%d0%b7%d0%b2%d0%b8%d0%b2%d0%b0%d1%8e%d1%89%d0%b8%d0%b9-%d1%81%d1%87%d1%91%d1%82%d0%bd%d0%be-%d1%81%d0%be%d1%80%d1%82%d0%b8%d1%80%d0%be%d0%b2%d0%be%d1%87%d0%bd%d1%8b%d0%b9-%d0%bd%d0%b0\/"},"modified":"2026-02-13T10:07:19","modified_gmt":"2026-02-13T08:07:19","slug":"arendav-loendus-ja-sorteerimiskomplekt-loomad-montessori","status":"publish","type":"product","link":"https:\/\/cleverkids.ee\/et\/product\/arendav-loendus-ja-sorteerimiskomplekt-loomad-montessori\/","title":{"rendered":"Arendav loendus- ja sorteerimiskomplekt \u201eLoomad\u201c (Montessori)"},"content":{"rendered":"<p data-start=\"152\" data-end=\"286\">Mitmek\u00fclgne Montessori p\u00f5him\u00f5ttel loodud komplekt, mis aitab arendada v\u00e4rvitaju, loendamisoskust, sorteerimisoskust ja peenmotoorikat.<\/p>\n<p data-start=\"288\" data-end=\"406\"><strong data-start=\"288\" data-end=\"303\">Komplektis:<\/strong><br data-start=\"303\" data-end=\"306\" \/>\u2013 36 v\u00e4rvilist minifiguuri (6 erinevat looma, igat 6 tk)<br data-start=\"362\" data-end=\"365\" \/>\u2013 6 v\u00e4rvilist kausikest<br data-start=\"388\" data-end=\"391\" \/>\u2013 2 pintsetti<\/p>\n<p data-start=\"408\" data-end=\"484\">Figuurid on p\u00f5hiv\u00e4rvides: punane, oran\u017e, kollane, roheline, sinine ja lilla.<\/p>\n<p data-start=\"486\" data-end=\"673\">Laps saab sorteerida kujundeid v\u00e4rvi, arvu v\u00f5i kuju j\u00e4rgi, \u00f5ppides loendamist, lihtsat liitmist ja lahutamist ning mustrite loomist. M\u00e4ng arendab loogilist m\u00f5tlemist ja keskendumisv\u00f5imet.<\/p>\n<p data-start=\"675\" data-end=\"810\">Figuurid on meeldiva tekstuuriga, sobivad h\u00e4sti v\u00e4ikestesse k\u00e4tesse ega libise. Valmistatud kvaliteetsest ja lapsele ohutust vin\u00fc\u00fclist.<\/p>\n<p data-start=\"812\" data-end=\"855\" data-is-last-node=\"\" data-is-only-node=\"\">Ideaalne koduseks \u00f5ppimiseks v\u00f5i lasteaeda.<\/p>\n","protected":false},"excerpt":{"rendered":"<p>Mitmek\u00fclgne Montessori p\u00f5him\u00f5ttel loodud komplekt, mis aitab arendada v\u00e4rvitaju, loendamisoskust, sorteerimisoskust ja peenmotoorikat. Komplektis:\u2013 36 v\u00e4rvilist minifiguuri (6 erinevat looma, igat 6 tk)\u2013 6 v\u00e4rvilist kausikest\u2013 2 pintsetti Figuurid on p\u00f5hiv\u00e4rvides: punane, oran\u017e, kollane, roheline, sinine ja lilla. Laps saab sorteerida kujundeid v\u00e4rvi, arvu v\u00f5i kuju j\u00e4rgi, \u00f5ppides loendamist, lihtsat liitmist ja lahutamist ning mustrite [&hellip;]<\/p>\n","protected":false},"featured_media":67725,"template":"","meta":{"_monsterinsights_skip_tracking":false,"_monsterinsights_sitenote_active":false,"_monsterinsights_sitenote_note":"","_monsterinsights_sitenote_category":0},"product_brand":[],"product_cat":[50,56,58],"product_tag":[],"class_list":{"0":"post-50368","1":"product","2":"type-product","3":"status-publish","4":"has-post-thumbnail","6":"product_cat-arendavad-manguasjad","7":"product_cat-kone-areng","8":"product_cat-unkategorized","9":"pa_vozrast-ot-polutora-do-treh-let-et","10":"pa_vozrast-ot-3-do-5-let-et","12":"first","13":"instock","14":"shipping-taxable","15":"purchasable","16":"product-type-simple"},"yoast_head":"<!-- This site is optimized with the Yoast SEO plugin v25.0 - https:\/\/yoast.com\/wordpress\/plugins\/seo\/ -->\n<title>Arendav loendus- ja sorteerimiskomplekt \u201eLoomad\u201c (Montessori) -<\/title>\n<meta name=\"description\" content=\"Arendav loendus- ja sorteerimiskomplekt \u201eLoomad\u201c (Montessori) - CLEVER KIDS\" \/>\n<meta name=\"robots\" content=\"index, follow, max-snippet:-1, max-image-preview:large, max-video-preview:-1\" \/>\n<link rel=\"canonical\" href=\"https:\/\/cleverkids.ee\/et\/product\/arendav-loendus-ja-sorteerimiskomplekt-loomad-montessori\/\" \/>\n<meta property=\"og:locale\" content=\"et_EE\" \/>\n<meta property=\"og:type\" content=\"article\" \/>\n<meta property=\"og:title\" content=\"Arendav loendus- ja sorteerimiskomplekt \u201eLoomad\u201c (Montessori) -\" \/>\n<meta property=\"og:description\" content=\"Arendav loendus- ja sorteerimiskomplekt \u201eLoomad\u201c (Montessori) - CLEVER KIDS\" \/>\n<meta property=\"og:url\" content=\"https:\/\/cleverkids.ee\/et\/product\/arendav-loendus-ja-sorteerimiskomplekt-loomad-montessori\/\" \/>\n<meta property=\"og:site_name\" content=\"CLEVER KIDS\" \/>\n<meta property=\"article:publisher\" content=\"https:\/\/www.facebook.com\/cleverkids.ee\/\" \/>\n<meta property=\"article:modified_time\" content=\"2026-02-13T08:07:19+00:00\" \/>\n<meta property=\"og:image\" content=\"https:\/\/cleverkids.ee\/wp-content\/uploads\/2024\/05\/71KhnqS6IKL._AC_SL1500_-2-1.jpg\" \/>\n\t<meta property=\"og:image:width\" content=\"1500\" \/>\n\t<meta property=\"og:image:height\" content=\"1380\" \/>\n\t<meta property=\"og:image:type\" content=\"image\/jpeg\" \/>\n<meta name=\"twitter:card\" content=\"summary_large_image\" \/>\n<meta name=\"twitter:label1\" content=\"Est. reading time\" \/>\n\t<meta name=\"twitter:data1\" content=\"1 minut\" \/>\n<script type=\"application\/ld+json\" class=\"yoast-schema-graph\">{\"@context\":\"https:\/\/schema.org\",\"@graph\":[{\"@type\":\"WebPage\",\"@id\":\"https:\/\/cleverkids.ee\/et\/product\/arendav-loendus-ja-sorteerimiskomplekt-loomad-montessori\/\",\"url\":\"https:\/\/cleverkids.ee\/et\/product\/arendav-loendus-ja-sorteerimiskomplekt-loomad-montessori\/\",\"name\":\"Arendav loendus- ja sorteerimiskomplekt \u201eLoomad\u201c (Montessori) -\",\"isPartOf\":{\"@id\":\"https:\/\/cleverkids.ee\/et\/#website\"},\"primaryImageOfPage\":{\"@id\":\"https:\/\/cleverkids.ee\/et\/product\/arendav-loendus-ja-sorteerimiskomplekt-loomad-montessori\/#primaryimage\"},\"image\":{\"@id\":\"https:\/\/cleverkids.ee\/et\/product\/arendav-loendus-ja-sorteerimiskomplekt-loomad-montessori\/#primaryimage\"},\"thumbnailUrl\":\"https:\/\/cleverkids.ee\/wp-content\/uploads\/2024\/05\/71KhnqS6IKL._AC_SL1500_-2-1.jpg\",\"datePublished\":\"2024-04-16T04:53:59+00:00\",\"dateModified\":\"2026-02-13T08:07:19+00:00\",\"description\":\"Arendav loendus- ja sorteerimiskomplekt \u201eLoomad\u201c (Montessori) - CLEVER KIDS\",\"breadcrumb\":{\"@id\":\"https:\/\/cleverkids.ee\/et\/product\/arendav-loendus-ja-sorteerimiskomplekt-loomad-montessori\/#breadcrumb\"},\"inLanguage\":\"et\",\"potentialAction\":[{\"@type\":\"ReadAction\",\"target\":[\"https:\/\/cleverkids.ee\/et\/product\/arendav-loendus-ja-sorteerimiskomplekt-loomad-montessori\/\"]}]},{\"@type\":\"ImageObject\",\"inLanguage\":\"et\",\"@id\":\"https:\/\/cleverkids.ee\/et\/product\/arendav-loendus-ja-sorteerimiskomplekt-loomad-montessori\/#primaryimage\",\"url\":\"https:\/\/cleverkids.ee\/wp-content\/uploads\/2024\/05\/71KhnqS6IKL._AC_SL1500_-2-1.jpg\",\"contentUrl\":\"https:\/\/cleverkids.ee\/wp-content\/uploads\/2024\/05\/71KhnqS6IKL._AC_SL1500_-2-1.jpg\",\"width\":1500,\"height\":1380},{\"@type\":\"BreadcrumbList\",\"@id\":\"https:\/\/cleverkids.ee\/et\/product\/arendav-loendus-ja-sorteerimiskomplekt-loomad-montessori\/#breadcrumb\",\"itemListElement\":[{\"@type\":\"ListItem\",\"position\":1,\"name\":\"Esileht\",\"item\":\"https:\/\/cleverkids.ee\/et\/\"},{\"@type\":\"ListItem\",\"position\":2,\"name\":\"Tooted\",\"item\":\"https:\/\/cleverkids.ee\/store\/\"},{\"@type\":\"ListItem\",\"position\":3,\"name\":\"Arendav loendus- ja sorteerimiskomplekt \u201eLoomad\u201c (Montessori)\"}]},{\"@type\":\"WebSite\",\"@id\":\"https:\/\/cleverkids.ee\/et\/#website\",\"url\":\"https:\/\/cleverkids.ee\/et\/\",\"name\":\"CLEVER KIDS\",\"description\":\"\",\"publisher\":{\"@id\":\"https:\/\/cleverkids.ee\/et\/#organization\"},\"potentialAction\":[{\"@type\":\"SearchAction\",\"target\":{\"@type\":\"EntryPoint\",\"urlTemplate\":\"https:\/\/cleverkids.ee\/et\/?s={search_term_string}\"},\"query-input\":{\"@type\":\"PropertyValueSpecification\",\"valueRequired\":true,\"valueName\":\"search_term_string\"}}],\"inLanguage\":\"et\"},{\"@type\":\"Organization\",\"@id\":\"https:\/\/cleverkids.ee\/et\/#organization\",\"name\":\"CLEVER KIDS\",\"url\":\"https:\/\/cleverkids.ee\/et\/\",\"logo\":{\"@type\":\"ImageObject\",\"inLanguage\":\"et\",\"@id\":\"https:\/\/cleverkids.ee\/et\/#\/schema\/logo\/image\/\",\"url\":\"https:\/\/cleverkids.ee\/wp-content\/uploads\/2024\/02\/image0-1024x1024.png\",\"contentUrl\":\"https:\/\/cleverkids.ee\/wp-content\/uploads\/2024\/02\/image0-1024x1024.png\",\"width\":1024,\"height\":1024,\"caption\":\"CLEVER KIDS\"},\"image\":{\"@id\":\"https:\/\/cleverkids.ee\/et\/#\/schema\/logo\/image\/\"},\"sameAs\":[\"https:\/\/www.facebook.com\/cleverkids.ee\/\",\"https:\/\/www.instagram.com\/cleverkids_ee\/\"]}]}<\/script>\n<!-- \/ Yoast SEO plugin. -->","yoast_head_json":{"title":"Arendav loendus- ja sorteerimiskomplekt \u201eLoomad\u201c (Montessori) -","description":"Arendav loendus- ja sorteerimiskomplekt \u201eLoomad\u201c (Montessori) - CLEVER KIDS","robots":{"index":"index","follow":"follow","max-snippet":"max-snippet:-1","max-image-preview":"max-image-preview:large","max-video-preview":"max-video-preview:-1"},"canonical":"https:\/\/cleverkids.ee\/et\/product\/arendav-loendus-ja-sorteerimiskomplekt-loomad-montessori\/","og_locale":"et_EE","og_type":"article","og_title":"Arendav loendus- ja sorteerimiskomplekt \u201eLoomad\u201c (Montessori) -","og_description":"Arendav loendus- ja sorteerimiskomplekt \u201eLoomad\u201c (Montessori) - CLEVER KIDS","og_url":"https:\/\/cleverkids.ee\/et\/product\/arendav-loendus-ja-sorteerimiskomplekt-loomad-montessori\/","og_site_name":"CLEVER KIDS","article_publisher":"https:\/\/www.facebook.com\/cleverkids.ee\/","article_modified_time":"2026-02-13T08:07:19+00:00","og_image":[{"width":1500,"height":1380,"url":"https:\/\/cleverkids.ee\/wp-content\/uploads\/2024\/05\/71KhnqS6IKL._AC_SL1500_-2-1.jpg","type":"image\/jpeg"}],"twitter_card":"summary_large_image","twitter_misc":{"Est. reading time":"1 minut"},"schema":{"@context":"https:\/\/schema.org","@graph":[{"@type":"WebPage","@id":"https:\/\/cleverkids.ee\/et\/product\/arendav-loendus-ja-sorteerimiskomplekt-loomad-montessori\/","url":"https:\/\/cleverkids.ee\/et\/product\/arendav-loendus-ja-sorteerimiskomplekt-loomad-montessori\/","name":"Arendav loendus- ja sorteerimiskomplekt \u201eLoomad\u201c (Montessori) -","isPartOf":{"@id":"https:\/\/cleverkids.ee\/et\/#website"},"primaryImageOfPage":{"@id":"https:\/\/cleverkids.ee\/et\/product\/arendav-loendus-ja-sorteerimiskomplekt-loomad-montessori\/#primaryimage"},"image":{"@id":"https:\/\/cleverkids.ee\/et\/product\/arendav-loendus-ja-sorteerimiskomplekt-loomad-montessori\/#primaryimage"},"thumbnailUrl":"https:\/\/cleverkids.ee\/wp-content\/uploads\/2024\/05\/71KhnqS6IKL._AC_SL1500_-2-1.jpg","datePublished":"2024-04-16T04:53:59+00:00","dateModified":"2026-02-13T08:07:19+00:00","description":"Arendav loendus- ja sorteerimiskomplekt \u201eLoomad\u201c (Montessori) - CLEVER KIDS","breadcrumb":{"@id":"https:\/\/cleverkids.ee\/et\/product\/arendav-loendus-ja-sorteerimiskomplekt-loomad-montessori\/#breadcrumb"},"inLanguage":"et","potentialAction":[{"@type":"ReadAction","target":["https:\/\/cleverkids.ee\/et\/product\/arendav-loendus-ja-sorteerimiskomplekt-loomad-montessori\/"]}]},{"@type":"ImageObject","inLanguage":"et","@id":"https:\/\/cleverkids.ee\/et\/product\/arendav-loendus-ja-sorteerimiskomplekt-loomad-montessori\/#primaryimage","url":"https:\/\/cleverkids.ee\/wp-content\/uploads\/2024\/05\/71KhnqS6IKL._AC_SL1500_-2-1.jpg","contentUrl":"https:\/\/cleverkids.ee\/wp-content\/uploads\/2024\/05\/71KhnqS6IKL._AC_SL1500_-2-1.jpg","width":1500,"height":1380},{"@type":"BreadcrumbList","@id":"https:\/\/cleverkids.ee\/et\/product\/arendav-loendus-ja-sorteerimiskomplekt-loomad-montessori\/#breadcrumb","itemListElement":[{"@type":"ListItem","position":1,"name":"Esileht","item":"https:\/\/cleverkids.ee\/et\/"},{"@type":"ListItem","position":2,"name":"Tooted","item":"https:\/\/cleverkids.ee\/store\/"},{"@type":"ListItem","position":3,"name":"Arendav loendus- ja sorteerimiskomplekt \u201eLoomad\u201c (Montessori)"}]},{"@type":"WebSite","@id":"https:\/\/cleverkids.ee\/et\/#website","url":"https:\/\/cleverkids.ee\/et\/","name":"CLEVER KIDS","description":"","publisher":{"@id":"https:\/\/cleverkids.ee\/et\/#organization"},"potentialAction":[{"@type":"SearchAction","target":{"@type":"EntryPoint","urlTemplate":"https:\/\/cleverkids.ee\/et\/?s={search_term_string}"},"query-input":{"@type":"PropertyValueSpecification","valueRequired":true,"valueName":"search_term_string"}}],"inLanguage":"et"},{"@type":"Organization","@id":"https:\/\/cleverkids.ee\/et\/#organization","name":"CLEVER KIDS","url":"https:\/\/cleverkids.ee\/et\/","logo":{"@type":"ImageObject","inLanguage":"et","@id":"https:\/\/cleverkids.ee\/et\/#\/schema\/logo\/image\/","url":"https:\/\/cleverkids.ee\/wp-content\/uploads\/2024\/02\/image0-1024x1024.png","contentUrl":"https:\/\/cleverkids.ee\/wp-content\/uploads\/2024\/02\/image0-1024x1024.png","width":1024,"height":1024,"caption":"CLEVER KIDS"},"image":{"@id":"https:\/\/cleverkids.ee\/et\/#\/schema\/logo\/image\/"},"sameAs":["https:\/\/www.facebook.com\/cleverkids.ee\/","https:\/\/www.instagram.com\/cleverkids_ee\/"]}]}},"_links":{"self":[{"href":"https:\/\/cleverkids.ee\/et\/wp-json\/wp\/v2\/product\/50368","targetHints":{"allow":["GET"]}}],"collection":[{"href":"https:\/\/cleverkids.ee\/et\/wp-json\/wp\/v2\/product"}],"about":[{"href":"https:\/\/cleverkids.ee\/et\/wp-json\/wp\/v2\/types\/product"}],"wp:featuredmedia":[{"embeddable":true,"href":"https:\/\/cleverkids.ee\/et\/wp-json\/wp\/v2\/media\/67725"}],"wp:attachment":[{"href":"https:\/\/cleverkids.ee\/et\/wp-json\/wp\/v2\/media?parent=50368"}],"wp:term":[{"taxonomy":"product_brand","embeddable":true,"href":"https:\/\/cleverkids.ee\/et\/wp-json\/wp\/v2\/product_brand?post=50368"},{"taxonomy":"product_cat","embeddable":true,"href":"https:\/\/cleverkids.ee\/et\/wp-json\/wp\/v2\/product_cat?post=50368"},{"taxonomy":"product_tag","embeddable":true,"href":"https:\/\/cleverkids.ee\/et\/wp-json\/wp\/v2\/product_tag?post=50368"}],"curies":[{"name":"wp","href":"https:\/\/api.w.org\/{rel}","templated":true}]}}