{"id":53134,"date":"2024-04-16T07:26:17","date_gmt":"2024-04-16T04:26:17","guid":{"rendered":"https:\/\/cleverkids.dev2.sdhost.eu\/product\/%d0%be%d1%80%d0%b1%d0%be%d1%88%d0%b0%d1%80-%d0%b0%d0%bd%d1%82%d0%b8%d1%81%d1%82%d1%80%d0%b5%d1%81%d1%81-%d1%88%d0%b0%d1%80-%d0%b3%d0%be%d0%bb%d0%be%d0%b2%d0%be%d0%bb%d0%be%d0%bc%d0%ba%d0%b0\/"},"modified":"2026-02-24T16:07:54","modified_gmt":"2026-02-24T14:07:54","slug":"orbo-pall-antistress-moistatuspall","status":"publish","type":"product","link":"https:\/\/cleverkids.ee\/et\/product\/orbo-pall-antistress-moistatuspall\/","title":{"rendered":"Orbo pall \/ Antistress-m\u00f5istatuspall"},"content":{"rendered":"<p>Orbo pall on suurep\u00e4rane vahend nii m\u00f5ttet\u00f6\u00f6 treenimiseks kui ka peenmotoorika arendamiseks.<\/p>\n<h3><strong>Kuidas see t\u00f6\u00f6tab?<\/strong><\/h3>\n<p>Pall on valget v\u00e4rvi ja sisaldab mitmeid avasid ning sees liikuvaid v\u00e4rvilisi kuulikesi. M\u00e4ngu eesm\u00e4rk on liigutada kuulid nii, et iga\u00fcks j\u00f5uaks \u00f5iges v\u00e4rvitoonis avasse.<\/p>\n<h3><strong>Miks see on p\u00f5nev?<\/strong><\/h3>\n<ul>\n<li><strong>Nauditav protsess<\/strong> \u2013 k\u00f5ige toredam pole mitte ainult lahenduse leidmine, vaid ka m\u00e4ngu enda sujuv ja rahustav kulg.<\/li>\n<li><strong>Meelelahutuslik ja arendav<\/strong> \u2013 kuulid veerevad elastsete liigutustega \u00fche avause juurest teise juurde, tekitades rahustava kl\u00f5psuva heli. See muudab m\u00e4ngimise nauditavaks ja l\u00f5\u00f5gastavaks.<\/li>\n<\/ul>\n<p><strong>Soovitatav vanus:<\/strong> alates 3. eluaastast.<\/p>\n","protected":false},"excerpt":{"rendered":"<p>Orbo pall on suurep\u00e4rane vahend nii m\u00f5ttet\u00f6\u00f6 treenimiseks kui ka peenmotoorika arendamiseks. Kuidas see t\u00f6\u00f6tab? Pall on valget v\u00e4rvi ja sisaldab mitmeid avasid ning sees liikuvaid v\u00e4rvilisi kuulikesi. M\u00e4ngu eesm\u00e4rk on liigutada kuulid nii, et iga\u00fcks j\u00f5uaks \u00f5iges v\u00e4rvitoonis avasse. Miks see on p\u00f5nev? Nauditav protsess \u2013 k\u00f5ige toredam pole mitte ainult lahenduse leidmine, vaid [&hellip;]<\/p>\n","protected":false},"featured_media":71544,"template":"","meta":{"_monsterinsights_skip_tracking":false,"_monsterinsights_sitenote_active":false,"_monsterinsights_sitenote_note":"","_monsterinsights_sitenote_category":0},"product_brand":[],"product_cat":[50,58],"product_tag":[],"class_list":{"0":"post-53134","1":"product","2":"type-product","3":"status-publish","4":"has-post-thumbnail","6":"product_cat-arendavad-manguasjad","7":"product_cat-unkategorized","8":"pa_vozrast-ot-3-do-5-let-et","9":"pa_vozrast-ot-5-let-et","11":"first","12":"instock","13":"shipping-taxable","14":"purchasable","15":"product-type-simple"},"yoast_head":"<!-- This site is optimized with the Yoast SEO plugin v25.0 - https:\/\/yoast.com\/wordpress\/plugins\/seo\/ -->\n<title>Orbo pall \/ Antistress-m\u00f5istatuspall -<\/title>\n<meta name=\"description\" content=\"Orbo pall \/ Antistress-m\u00f5istatuspall - CLEVER KIDS\" \/>\n<meta name=\"robots\" content=\"index, follow, max-snippet:-1, max-image-preview:large, max-video-preview:-1\" \/>\n<link rel=\"canonical\" href=\"https:\/\/cleverkids.ee\/et\/product\/orbo-pall-antistress-moistatuspall\/\" \/>\n<meta property=\"og:locale\" content=\"et_EE\" \/>\n<meta property=\"og:type\" content=\"article\" \/>\n<meta property=\"og:title\" content=\"Orbo pall \/ Antistress-m\u00f5istatuspall -\" \/>\n<meta property=\"og:description\" content=\"Orbo pall \/ Antistress-m\u00f5istatuspall - CLEVER KIDS\" \/>\n<meta property=\"og:url\" content=\"https:\/\/cleverkids.ee\/et\/product\/orbo-pall-antistress-moistatuspall\/\" \/>\n<meta property=\"og:site_name\" content=\"CLEVER KIDS\" \/>\n<meta property=\"article:publisher\" content=\"https:\/\/www.facebook.com\/cleverkids.ee\/\" \/>\n<meta property=\"article:modified_time\" content=\"2026-02-24T14:07:54+00:00\" \/>\n<meta property=\"og:image\" content=\"https:\/\/cleverkids.ee\/wp-content\/uploads\/2024\/05\/Hb7ae33585a2344b1a989915b5efeb189p.jpg_960x960-1.webp\" \/>\n\t<meta property=\"og:image:width\" content=\"960\" \/>\n\t<meta property=\"og:image:height\" content=\"944\" \/>\n\t<meta property=\"og:image:type\" content=\"image\/webp\" \/>\n<meta name=\"twitter:card\" content=\"summary_large_image\" \/>\n<meta name=\"twitter:label1\" content=\"Est. reading time\" \/>\n\t<meta name=\"twitter:data1\" content=\"1 minut\" \/>\n<script type=\"application\/ld+json\" class=\"yoast-schema-graph\">{\"@context\":\"https:\/\/schema.org\",\"@graph\":[{\"@type\":\"WebPage\",\"@id\":\"https:\/\/cleverkids.ee\/et\/product\/orbo-pall-antistress-moistatuspall\/\",\"url\":\"https:\/\/cleverkids.ee\/et\/product\/orbo-pall-antistress-moistatuspall\/\",\"name\":\"Orbo pall \/ Antistress-m\u00f5istatuspall -\",\"isPartOf\":{\"@id\":\"https:\/\/cleverkids.ee\/et\/#website\"},\"primaryImageOfPage\":{\"@id\":\"https:\/\/cleverkids.ee\/et\/product\/orbo-pall-antistress-moistatuspall\/#primaryimage\"},\"image\":{\"@id\":\"https:\/\/cleverkids.ee\/et\/product\/orbo-pall-antistress-moistatuspall\/#primaryimage\"},\"thumbnailUrl\":\"https:\/\/cleverkids.ee\/wp-content\/uploads\/2024\/05\/Hb7ae33585a2344b1a989915b5efeb189p.jpg_960x960-1.webp\",\"datePublished\":\"2024-04-16T04:26:17+00:00\",\"dateModified\":\"2026-02-24T14:07:54+00:00\",\"description\":\"Orbo pall \/ Antistress-m\u00f5istatuspall - CLEVER KIDS\",\"breadcrumb\":{\"@id\":\"https:\/\/cleverkids.ee\/et\/product\/orbo-pall-antistress-moistatuspall\/#breadcrumb\"},\"inLanguage\":\"et\",\"potentialAction\":[{\"@type\":\"ReadAction\",\"target\":[\"https:\/\/cleverkids.ee\/et\/product\/orbo-pall-antistress-moistatuspall\/\"]}]},{\"@type\":\"ImageObject\",\"inLanguage\":\"et\",\"@id\":\"https:\/\/cleverkids.ee\/et\/product\/orbo-pall-antistress-moistatuspall\/#primaryimage\",\"url\":\"https:\/\/cleverkids.ee\/wp-content\/uploads\/2024\/05\/Hb7ae33585a2344b1a989915b5efeb189p.jpg_960x960-1.webp\",\"contentUrl\":\"https:\/\/cleverkids.ee\/wp-content\/uploads\/2024\/05\/Hb7ae33585a2344b1a989915b5efeb189p.jpg_960x960-1.webp\",\"width\":960,\"height\":944},{\"@type\":\"BreadcrumbList\",\"@id\":\"https:\/\/cleverkids.ee\/et\/product\/orbo-pall-antistress-moistatuspall\/#breadcrumb\",\"itemListElement\":[{\"@type\":\"ListItem\",\"position\":1,\"name\":\"Esileht\",\"item\":\"https:\/\/cleverkids.ee\/et\/\"},{\"@type\":\"ListItem\",\"position\":2,\"name\":\"Tooted\",\"item\":\"https:\/\/cleverkids.ee\/store\/\"},{\"@type\":\"ListItem\",\"position\":3,\"name\":\"Orbo pall \/ Antistress-m\u00f5istatuspall\"}]},{\"@type\":\"WebSite\",\"@id\":\"https:\/\/cleverkids.ee\/et\/#website\",\"url\":\"https:\/\/cleverkids.ee\/et\/\",\"name\":\"CLEVER KIDS\",\"description\":\"\",\"publisher\":{\"@id\":\"https:\/\/cleverkids.ee\/et\/#organization\"},\"potentialAction\":[{\"@type\":\"SearchAction\",\"target\":{\"@type\":\"EntryPoint\",\"urlTemplate\":\"https:\/\/cleverkids.ee\/et\/?s={search_term_string}\"},\"query-input\":{\"@type\":\"PropertyValueSpecification\",\"valueRequired\":true,\"valueName\":\"search_term_string\"}}],\"inLanguage\":\"et\"},{\"@type\":\"Organization\",\"@id\":\"https:\/\/cleverkids.ee\/et\/#organization\",\"name\":\"CLEVER KIDS\",\"url\":\"https:\/\/cleverkids.ee\/et\/\",\"logo\":{\"@type\":\"ImageObject\",\"inLanguage\":\"et\",\"@id\":\"https:\/\/cleverkids.ee\/et\/#\/schema\/logo\/image\/\",\"url\":\"https:\/\/cleverkids.ee\/wp-content\/uploads\/2024\/02\/image0-1024x1024.png\",\"contentUrl\":\"https:\/\/cleverkids.ee\/wp-content\/uploads\/2024\/02\/image0-1024x1024.png\",\"width\":1024,\"height\":1024,\"caption\":\"CLEVER KIDS\"},\"image\":{\"@id\":\"https:\/\/cleverkids.ee\/et\/#\/schema\/logo\/image\/\"},\"sameAs\":[\"https:\/\/www.facebook.com\/cleverkids.ee\/\",\"https:\/\/www.instagram.com\/cleverkids_ee\/\"]}]}<\/script>\n<!-- \/ Yoast SEO plugin. -->","yoast_head_json":{"title":"Orbo pall \/ Antistress-m\u00f5istatuspall -","description":"Orbo pall \/ Antistress-m\u00f5istatuspall - CLEVER KIDS","robots":{"index":"index","follow":"follow","max-snippet":"max-snippet:-1","max-image-preview":"max-image-preview:large","max-video-preview":"max-video-preview:-1"},"canonical":"https:\/\/cleverkids.ee\/et\/product\/orbo-pall-antistress-moistatuspall\/","og_locale":"et_EE","og_type":"article","og_title":"Orbo pall \/ Antistress-m\u00f5istatuspall -","og_description":"Orbo pall \/ Antistress-m\u00f5istatuspall - CLEVER KIDS","og_url":"https:\/\/cleverkids.ee\/et\/product\/orbo-pall-antistress-moistatuspall\/","og_site_name":"CLEVER KIDS","article_publisher":"https:\/\/www.facebook.com\/cleverkids.ee\/","article_modified_time":"2026-02-24T14:07:54+00:00","og_image":[{"width":960,"height":944,"url":"https:\/\/cleverkids.ee\/wp-content\/uploads\/2024\/05\/Hb7ae33585a2344b1a989915b5efeb189p.jpg_960x960-1.webp","type":"image\/webp"}],"twitter_card":"summary_large_image","twitter_misc":{"Est. reading time":"1 minut"},"schema":{"@context":"https:\/\/schema.org","@graph":[{"@type":"WebPage","@id":"https:\/\/cleverkids.ee\/et\/product\/orbo-pall-antistress-moistatuspall\/","url":"https:\/\/cleverkids.ee\/et\/product\/orbo-pall-antistress-moistatuspall\/","name":"Orbo pall \/ Antistress-m\u00f5istatuspall -","isPartOf":{"@id":"https:\/\/cleverkids.ee\/et\/#website"},"primaryImageOfPage":{"@id":"https:\/\/cleverkids.ee\/et\/product\/orbo-pall-antistress-moistatuspall\/#primaryimage"},"image":{"@id":"https:\/\/cleverkids.ee\/et\/product\/orbo-pall-antistress-moistatuspall\/#primaryimage"},"thumbnailUrl":"https:\/\/cleverkids.ee\/wp-content\/uploads\/2024\/05\/Hb7ae33585a2344b1a989915b5efeb189p.jpg_960x960-1.webp","datePublished":"2024-04-16T04:26:17+00:00","dateModified":"2026-02-24T14:07:54+00:00","description":"Orbo pall \/ Antistress-m\u00f5istatuspall - CLEVER KIDS","breadcrumb":{"@id":"https:\/\/cleverkids.ee\/et\/product\/orbo-pall-antistress-moistatuspall\/#breadcrumb"},"inLanguage":"et","potentialAction":[{"@type":"ReadAction","target":["https:\/\/cleverkids.ee\/et\/product\/orbo-pall-antistress-moistatuspall\/"]}]},{"@type":"ImageObject","inLanguage":"et","@id":"https:\/\/cleverkids.ee\/et\/product\/orbo-pall-antistress-moistatuspall\/#primaryimage","url":"https:\/\/cleverkids.ee\/wp-content\/uploads\/2024\/05\/Hb7ae33585a2344b1a989915b5efeb189p.jpg_960x960-1.webp","contentUrl":"https:\/\/cleverkids.ee\/wp-content\/uploads\/2024\/05\/Hb7ae33585a2344b1a989915b5efeb189p.jpg_960x960-1.webp","width":960,"height":944},{"@type":"BreadcrumbList","@id":"https:\/\/cleverkids.ee\/et\/product\/orbo-pall-antistress-moistatuspall\/#breadcrumb","itemListElement":[{"@type":"ListItem","position":1,"name":"Esileht","item":"https:\/\/cleverkids.ee\/et\/"},{"@type":"ListItem","position":2,"name":"Tooted","item":"https:\/\/cleverkids.ee\/store\/"},{"@type":"ListItem","position":3,"name":"Orbo pall \/ Antistress-m\u00f5istatuspall"}]},{"@type":"WebSite","@id":"https:\/\/cleverkids.ee\/et\/#website","url":"https:\/\/cleverkids.ee\/et\/","name":"CLEVER KIDS","description":"","publisher":{"@id":"https:\/\/cleverkids.ee\/et\/#organization"},"potentialAction":[{"@type":"SearchAction","target":{"@type":"EntryPoint","urlTemplate":"https:\/\/cleverkids.ee\/et\/?s={search_term_string}"},"query-input":{"@type":"PropertyValueSpecification","valueRequired":true,"valueName":"search_term_string"}}],"inLanguage":"et"},{"@type":"Organization","@id":"https:\/\/cleverkids.ee\/et\/#organization","name":"CLEVER KIDS","url":"https:\/\/cleverkids.ee\/et\/","logo":{"@type":"ImageObject","inLanguage":"et","@id":"https:\/\/cleverkids.ee\/et\/#\/schema\/logo\/image\/","url":"https:\/\/cleverkids.ee\/wp-content\/uploads\/2024\/02\/image0-1024x1024.png","contentUrl":"https:\/\/cleverkids.ee\/wp-content\/uploads\/2024\/02\/image0-1024x1024.png","width":1024,"height":1024,"caption":"CLEVER KIDS"},"image":{"@id":"https:\/\/cleverkids.ee\/et\/#\/schema\/logo\/image\/"},"sameAs":["https:\/\/www.facebook.com\/cleverkids.ee\/","https:\/\/www.instagram.com\/cleverkids_ee\/"]}]}},"_links":{"self":[{"href":"https:\/\/cleverkids.ee\/et\/wp-json\/wp\/v2\/product\/53134","targetHints":{"allow":["GET"]}}],"collection":[{"href":"https:\/\/cleverkids.ee\/et\/wp-json\/wp\/v2\/product"}],"about":[{"href":"https:\/\/cleverkids.ee\/et\/wp-json\/wp\/v2\/types\/product"}],"wp:featuredmedia":[{"embeddable":true,"href":"https:\/\/cleverkids.ee\/et\/wp-json\/wp\/v2\/media\/71544"}],"wp:attachment":[{"href":"https:\/\/cleverkids.ee\/et\/wp-json\/wp\/v2\/media?parent=53134"}],"wp:term":[{"taxonomy":"product_brand","embeddable":true,"href":"https:\/\/cleverkids.ee\/et\/wp-json\/wp\/v2\/product_brand?post=53134"},{"taxonomy":"product_cat","embeddable":true,"href":"https:\/\/cleverkids.ee\/et\/wp-json\/wp\/v2\/product_cat?post=53134"},{"taxonomy":"product_tag","embeddable":true,"href":"https:\/\/cleverkids.ee\/et\/wp-json\/wp\/v2\/product_tag?post=53134"}],"curies":[{"name":"wp","href":"https:\/\/api.w.org\/{rel}","templated":true}]}}