{"id":53188,"date":"2024-04-16T07:26:25","date_gmt":"2024-04-16T04:26:25","guid":{"rendered":"https:\/\/cleverkids.dev2.sdhost.eu\/product\/%d0%b4%d0%b5%d1%80%d0%b5%d0%b2%d1%8f%d0%bd%d0%bd%d1%8b%d0%b9-%d1%81%d0%be%d1%80%d1%82%d0%b5%d1%80-%d0%bc%d0%be%d0%bd%d1%82%d0%b5%d1%81%d1%81%d0%be%d1%80%d0%b8-%d0%b3%d0%b5%d0%be%d0%bc%d0%b5%d1%82\/"},"modified":"2025-12-29T09:00:27","modified_gmt":"2025-12-29T07:00:27","slug":"derevyannyj-sorter-montessori-geomet","status":"publish","type":"product","link":"https:\/\/cleverkids.ee\/et\/product\/derevyannyj-sorter-montessori-geomet\/","title":{"rendered":"Puidust montessori sorteerija &#8220;Geomeetrilised kujundid&#8221;"},"content":{"rendered":"<p>Sorteerijad on head lapse esimesed arendavad m\u00e4nguasjad. Sellega m\u00e4ngides \u00f5pib laps erilise huviga kiiresti selgeks v\u00e4rve, geomeetrilisi kujundeid, \u00f5pib sorteerima piltidel olevate n\u00e4idete j\u00e4rgi.<\/p>\n<p>Sorteerijad aitavad arendada t\u00e4helepanelikkust, peenmotoorikat, m\u00e4lu, visadust, loogikat ja ettevaatlikkust.<\/p>\n","protected":false},"excerpt":{"rendered":"<p>Sorteerijad on head lapse esimesed arendavad m\u00e4nguasjad. Sellega m\u00e4ngides \u00f5pib laps erilise huviga kiiresti selgeks v\u00e4rve, geomeetrilisi kujundeid, \u00f5pib sorteerima piltidel olevate n\u00e4idete j\u00e4rgi. Sorteerijad aitavad arendada t\u00e4helepanelikkust, peenmotoorikat, m\u00e4lu, visadust, loogikat ja ettevaatlikkust.<\/p>\n","protected":false},"featured_media":71562,"template":"","meta":{"_monsterinsights_skip_tracking":false,"_monsterinsights_sitenote_active":false,"_monsterinsights_sitenote_note":"","_monsterinsights_sitenote_category":0},"product_brand":[],"product_cat":[49,58],"product_tag":[],"class_list":{"0":"post-53188","1":"product","2":"type-product","3":"status-publish","4":"has-post-thumbnail","6":"product_cat-puidust-arendavad-manguasjad","7":"product_cat-unkategorized","8":"pa_vozrast-ot-polutora-do-treh-let-et","10":"first","11":"instock","12":"shipping-taxable","13":"purchasable","14":"product-type-simple"},"yoast_head":"<!-- This site is optimized with the Yoast SEO plugin v25.0 - https:\/\/yoast.com\/wordpress\/plugins\/seo\/ -->\n<title>Puidust montessori sorteerija &quot;Geomeetrilised kujundid&quot; -<\/title>\n<meta name=\"description\" content=\"Puidust montessori sorteerija &quot;Geomeetrilised kujundid&quot; - CLEVER KIDS\" \/>\n<meta name=\"robots\" content=\"index, follow, max-snippet:-1, max-image-preview:large, max-video-preview:-1\" \/>\n<link rel=\"canonical\" href=\"https:\/\/cleverkids.ee\/et\/product\/derevyannyj-sorter-montessori-geomet\/\" \/>\n<meta property=\"og:locale\" content=\"et_EE\" \/>\n<meta property=\"og:type\" content=\"article\" \/>\n<meta property=\"og:title\" content=\"Puidust montessori sorteerija &quot;Geomeetrilised kujundid&quot; -\" \/>\n<meta property=\"og:description\" content=\"Puidust montessori sorteerija &quot;Geomeetrilised kujundid&quot; - CLEVER KIDS\" \/>\n<meta property=\"og:url\" content=\"https:\/\/cleverkids.ee\/et\/product\/derevyannyj-sorter-montessori-geomet\/\" \/>\n<meta property=\"og:site_name\" content=\"CLEVER KIDS\" \/>\n<meta property=\"article:publisher\" content=\"https:\/\/www.facebook.com\/cleverkids.ee\/\" \/>\n<meta property=\"article:modified_time\" content=\"2025-12-29T07:00:27+00:00\" \/>\n<meta property=\"og:image\" content=\"https:\/\/cleverkids.ee\/wp-content\/uploads\/2024\/05\/Hec12038333aa41ebaa4a6a50a221706dz_960x960.jpg\" \/>\n\t<meta property=\"og:image:width\" content=\"800\" \/>\n\t<meta property=\"og:image:height\" content=\"800\" \/>\n\t<meta property=\"og:image:type\" content=\"image\/jpeg\" \/>\n<meta name=\"twitter:card\" content=\"summary_large_image\" \/>\n<script type=\"application\/ld+json\" class=\"yoast-schema-graph\">{\"@context\":\"https:\/\/schema.org\",\"@graph\":[{\"@type\":\"WebPage\",\"@id\":\"https:\/\/cleverkids.ee\/et\/product\/derevyannyj-sorter-montessori-geomet\/\",\"url\":\"https:\/\/cleverkids.ee\/et\/product\/derevyannyj-sorter-montessori-geomet\/\",\"name\":\"Puidust montessori sorteerija \\\"Geomeetrilised kujundid\\\" -\",\"isPartOf\":{\"@id\":\"https:\/\/cleverkids.ee\/et\/#website\"},\"primaryImageOfPage\":{\"@id\":\"https:\/\/cleverkids.ee\/et\/product\/derevyannyj-sorter-montessori-geomet\/#primaryimage\"},\"image\":{\"@id\":\"https:\/\/cleverkids.ee\/et\/product\/derevyannyj-sorter-montessori-geomet\/#primaryimage\"},\"thumbnailUrl\":\"https:\/\/cleverkids.ee\/wp-content\/uploads\/2024\/05\/Hec12038333aa41ebaa4a6a50a221706dz_960x960-1.jpg\",\"datePublished\":\"2024-04-16T04:26:25+00:00\",\"dateModified\":\"2025-12-29T07:00:27+00:00\",\"description\":\"Puidust montessori sorteerija \\\"Geomeetrilised kujundid\\\" - CLEVER KIDS\",\"breadcrumb\":{\"@id\":\"https:\/\/cleverkids.ee\/et\/product\/derevyannyj-sorter-montessori-geomet\/#breadcrumb\"},\"inLanguage\":\"et\",\"potentialAction\":[{\"@type\":\"ReadAction\",\"target\":[\"https:\/\/cleverkids.ee\/et\/product\/derevyannyj-sorter-montessori-geomet\/\"]}]},{\"@type\":\"ImageObject\",\"inLanguage\":\"et\",\"@id\":\"https:\/\/cleverkids.ee\/et\/product\/derevyannyj-sorter-montessori-geomet\/#primaryimage\",\"url\":\"https:\/\/cleverkids.ee\/wp-content\/uploads\/2024\/05\/Hec12038333aa41ebaa4a6a50a221706dz_960x960-1.jpg\",\"contentUrl\":\"https:\/\/cleverkids.ee\/wp-content\/uploads\/2024\/05\/Hec12038333aa41ebaa4a6a50a221706dz_960x960-1.jpg\",\"width\":800,\"height\":800},{\"@type\":\"BreadcrumbList\",\"@id\":\"https:\/\/cleverkids.ee\/et\/product\/derevyannyj-sorter-montessori-geomet\/#breadcrumb\",\"itemListElement\":[{\"@type\":\"ListItem\",\"position\":1,\"name\":\"Esileht\",\"item\":\"https:\/\/cleverkids.ee\/et\/\"},{\"@type\":\"ListItem\",\"position\":2,\"name\":\"Tooted\",\"item\":\"https:\/\/cleverkids.ee\/store\/\"},{\"@type\":\"ListItem\",\"position\":3,\"name\":\"Puidust montessori sorteerija &#171;Geomeetrilised kujundid&#187;\"}]},{\"@type\":\"WebSite\",\"@id\":\"https:\/\/cleverkids.ee\/et\/#website\",\"url\":\"https:\/\/cleverkids.ee\/et\/\",\"name\":\"CLEVER KIDS\",\"description\":\"\",\"publisher\":{\"@id\":\"https:\/\/cleverkids.ee\/et\/#organization\"},\"potentialAction\":[{\"@type\":\"SearchAction\",\"target\":{\"@type\":\"EntryPoint\",\"urlTemplate\":\"https:\/\/cleverkids.ee\/et\/?s={search_term_string}\"},\"query-input\":{\"@type\":\"PropertyValueSpecification\",\"valueRequired\":true,\"valueName\":\"search_term_string\"}}],\"inLanguage\":\"et\"},{\"@type\":\"Organization\",\"@id\":\"https:\/\/cleverkids.ee\/et\/#organization\",\"name\":\"CLEVER KIDS\",\"url\":\"https:\/\/cleverkids.ee\/et\/\",\"logo\":{\"@type\":\"ImageObject\",\"inLanguage\":\"et\",\"@id\":\"https:\/\/cleverkids.ee\/et\/#\/schema\/logo\/image\/\",\"url\":\"https:\/\/cleverkids.ee\/wp-content\/uploads\/2024\/02\/image0-1024x1024.png\",\"contentUrl\":\"https:\/\/cleverkids.ee\/wp-content\/uploads\/2024\/02\/image0-1024x1024.png\",\"width\":1024,\"height\":1024,\"caption\":\"CLEVER KIDS\"},\"image\":{\"@id\":\"https:\/\/cleverkids.ee\/et\/#\/schema\/logo\/image\/\"},\"sameAs\":[\"https:\/\/www.facebook.com\/cleverkids.ee\/\",\"https:\/\/www.instagram.com\/cleverkids_ee\/\"]}]}<\/script>\n<!-- \/ Yoast SEO plugin. -->","yoast_head_json":{"title":"Puidust montessori sorteerija \"Geomeetrilised kujundid\" -","description":"Puidust montessori sorteerija \"Geomeetrilised kujundid\" - CLEVER KIDS","robots":{"index":"index","follow":"follow","max-snippet":"max-snippet:-1","max-image-preview":"max-image-preview:large","max-video-preview":"max-video-preview:-1"},"canonical":"https:\/\/cleverkids.ee\/et\/product\/derevyannyj-sorter-montessori-geomet\/","og_locale":"et_EE","og_type":"article","og_title":"Puidust montessori sorteerija \"Geomeetrilised kujundid\" -","og_description":"Puidust montessori sorteerija \"Geomeetrilised kujundid\" - CLEVER KIDS","og_url":"https:\/\/cleverkids.ee\/et\/product\/derevyannyj-sorter-montessori-geomet\/","og_site_name":"CLEVER KIDS","article_publisher":"https:\/\/www.facebook.com\/cleverkids.ee\/","article_modified_time":"2025-12-29T07:00:27+00:00","og_image":[{"width":800,"height":800,"url":"https:\/\/cleverkids.ee\/wp-content\/uploads\/2024\/05\/Hec12038333aa41ebaa4a6a50a221706dz_960x960.jpg","type":"image\/jpeg"}],"twitter_card":"summary_large_image","schema":{"@context":"https:\/\/schema.org","@graph":[{"@type":"WebPage","@id":"https:\/\/cleverkids.ee\/et\/product\/derevyannyj-sorter-montessori-geomet\/","url":"https:\/\/cleverkids.ee\/et\/product\/derevyannyj-sorter-montessori-geomet\/","name":"Puidust montessori sorteerija \"Geomeetrilised kujundid\" -","isPartOf":{"@id":"https:\/\/cleverkids.ee\/et\/#website"},"primaryImageOfPage":{"@id":"https:\/\/cleverkids.ee\/et\/product\/derevyannyj-sorter-montessori-geomet\/#primaryimage"},"image":{"@id":"https:\/\/cleverkids.ee\/et\/product\/derevyannyj-sorter-montessori-geomet\/#primaryimage"},"thumbnailUrl":"https:\/\/cleverkids.ee\/wp-content\/uploads\/2024\/05\/Hec12038333aa41ebaa4a6a50a221706dz_960x960-1.jpg","datePublished":"2024-04-16T04:26:25+00:00","dateModified":"2025-12-29T07:00:27+00:00","description":"Puidust montessori sorteerija \"Geomeetrilised kujundid\" - CLEVER KIDS","breadcrumb":{"@id":"https:\/\/cleverkids.ee\/et\/product\/derevyannyj-sorter-montessori-geomet\/#breadcrumb"},"inLanguage":"et","potentialAction":[{"@type":"ReadAction","target":["https:\/\/cleverkids.ee\/et\/product\/derevyannyj-sorter-montessori-geomet\/"]}]},{"@type":"ImageObject","inLanguage":"et","@id":"https:\/\/cleverkids.ee\/et\/product\/derevyannyj-sorter-montessori-geomet\/#primaryimage","url":"https:\/\/cleverkids.ee\/wp-content\/uploads\/2024\/05\/Hec12038333aa41ebaa4a6a50a221706dz_960x960-1.jpg","contentUrl":"https:\/\/cleverkids.ee\/wp-content\/uploads\/2024\/05\/Hec12038333aa41ebaa4a6a50a221706dz_960x960-1.jpg","width":800,"height":800},{"@type":"BreadcrumbList","@id":"https:\/\/cleverkids.ee\/et\/product\/derevyannyj-sorter-montessori-geomet\/#breadcrumb","itemListElement":[{"@type":"ListItem","position":1,"name":"Esileht","item":"https:\/\/cleverkids.ee\/et\/"},{"@type":"ListItem","position":2,"name":"Tooted","item":"https:\/\/cleverkids.ee\/store\/"},{"@type":"ListItem","position":3,"name":"Puidust montessori sorteerija &#171;Geomeetrilised kujundid&#187;"}]},{"@type":"WebSite","@id":"https:\/\/cleverkids.ee\/et\/#website","url":"https:\/\/cleverkids.ee\/et\/","name":"CLEVER KIDS","description":"","publisher":{"@id":"https:\/\/cleverkids.ee\/et\/#organization"},"potentialAction":[{"@type":"SearchAction","target":{"@type":"EntryPoint","urlTemplate":"https:\/\/cleverkids.ee\/et\/?s={search_term_string}"},"query-input":{"@type":"PropertyValueSpecification","valueRequired":true,"valueName":"search_term_string"}}],"inLanguage":"et"},{"@type":"Organization","@id":"https:\/\/cleverkids.ee\/et\/#organization","name":"CLEVER KIDS","url":"https:\/\/cleverkids.ee\/et\/","logo":{"@type":"ImageObject","inLanguage":"et","@id":"https:\/\/cleverkids.ee\/et\/#\/schema\/logo\/image\/","url":"https:\/\/cleverkids.ee\/wp-content\/uploads\/2024\/02\/image0-1024x1024.png","contentUrl":"https:\/\/cleverkids.ee\/wp-content\/uploads\/2024\/02\/image0-1024x1024.png","width":1024,"height":1024,"caption":"CLEVER KIDS"},"image":{"@id":"https:\/\/cleverkids.ee\/et\/#\/schema\/logo\/image\/"},"sameAs":["https:\/\/www.facebook.com\/cleverkids.ee\/","https:\/\/www.instagram.com\/cleverkids_ee\/"]}]}},"_links":{"self":[{"href":"https:\/\/cleverkids.ee\/et\/wp-json\/wp\/v2\/product\/53188","targetHints":{"allow":["GET"]}}],"collection":[{"href":"https:\/\/cleverkids.ee\/et\/wp-json\/wp\/v2\/product"}],"about":[{"href":"https:\/\/cleverkids.ee\/et\/wp-json\/wp\/v2\/types\/product"}],"wp:featuredmedia":[{"embeddable":true,"href":"https:\/\/cleverkids.ee\/et\/wp-json\/wp\/v2\/media\/71562"}],"wp:attachment":[{"href":"https:\/\/cleverkids.ee\/et\/wp-json\/wp\/v2\/media?parent=53188"}],"wp:term":[{"taxonomy":"product_brand","embeddable":true,"href":"https:\/\/cleverkids.ee\/et\/wp-json\/wp\/v2\/product_brand?post=53188"},{"taxonomy":"product_cat","embeddable":true,"href":"https:\/\/cleverkids.ee\/et\/wp-json\/wp\/v2\/product_cat?post=53188"},{"taxonomy":"product_tag","embeddable":true,"href":"https:\/\/cleverkids.ee\/et\/wp-json\/wp\/v2\/product_tag?post=53188"}],"curies":[{"name":"wp","href":"https:\/\/api.w.org\/{rel}","templated":true}]}}