{"id":53196,"date":"2024-04-16T07:26:25","date_gmt":"2024-04-16T04:26:25","guid":{"rendered":"https:\/\/cleverkids.dev2.sdhost.eu\/product\/%d0%b4%d0%b5%d1%80%d0%b5%d0%b2%d1%8f%d0%bd%d0%bd%d1%8b%d0%b9-%d1%81%d0%be%d1%80%d1%82%d0%b5%d1%80-%d1%88%d0%b0%d1%80%d0%b8%d0%ba%d0%b8-%d0%b2-%d1%81%d1%82%d0%b0%d0%ba%d0%b0%d0%bd%d1%87%d0%b8%d0%ba\/"},"modified":"2026-04-19T22:07:00","modified_gmt":"2026-04-19T19:07:00","slug":"derevyannyj-sorter-shariki-v-stakanchik","status":"publish","type":"product","link":"https:\/\/cleverkids.ee\/et\/product\/derevyannyj-sorter-shariki-v-stakanchik\/","title":{"rendered":"Sorteerimism\u00e4ng \u201cKausid ja pallid\u201d"},"content":{"rendered":"<p>Montessori hariduss\u00fcsteemi j\u00e4rgi kujundatud kunstim\u00e4ng.<\/p>\n<p><span style=\"font-size: 16px;\">Puidust sorteerimism\u00e4ng kausside ja pallidega v\u00f5imaldab arendada loogilis-matemaatilist m\u00f5tlemist ning motoorseid oskusi. L\u00e4bi m\u00e4ngu saab selgeks loendamine ja v\u00e4rvuste nimetused. Pallide sorteerimine on hea\u00a0 keskendumisv\u00f5ime parandamiseks ja peenmotoorika kontrollimiseks. <\/span><\/p>\n<p>Sobilik alates 1,5 eluaastast, palume kasutada ainult j\u00e4relvalve all.<\/p>\n<h4 class=\"sghmG\" data-testid=\"widget:title\">Komplektis on:<\/h4>\n<div class=\"FUSJU\">\n<ul>\n<li>12 palli, diameeter 3 cm.<\/li>\n<li>12 kaussi, k\u00f5rgus 5 cm.<\/li>\n<li>1 suur kauss, diameeter 12 cm.<\/li>\n<li>1 \u00a0puulusikas, pikkus 14 cm.<\/li>\n<li>Linane kott pallide hoidmiseks<\/li>\n<\/ul>\n<\/div>\n","protected":false},"excerpt":{"rendered":"<p>Montessori hariduss\u00fcsteemi j\u00e4rgi kujundatud kunstim\u00e4ng. Puidust sorteerimism\u00e4ng kausside ja pallidega v\u00f5imaldab arendada loogilis-matemaatilist m\u00f5tlemist ning motoorseid oskusi. L\u00e4bi m\u00e4ngu saab selgeks loendamine ja v\u00e4rvuste nimetused. Pallide sorteerimine on hea\u00a0 keskendumisv\u00f5ime parandamiseks ja peenmotoorika kontrollimiseks. Sobilik alates 1,5 eluaastast, palume kasutada ainult j\u00e4relvalve all. Komplektis on: 12 palli, diameeter 3 cm. 12 kaussi, k\u00f5rgus 5 cm. [&hellip;]<\/p>\n","protected":false},"featured_media":71574,"template":"","meta":{"_monsterinsights_skip_tracking":false,"_monsterinsights_sitenote_active":false,"_monsterinsights_sitenote_note":"","_monsterinsights_sitenote_category":0},"product_brand":[],"product_cat":[49,58],"product_tag":[],"class_list":{"0":"post-53196","1":"product","2":"type-product","3":"status-publish","4":"has-post-thumbnail","6":"product_cat-puidust-arendavad-manguasjad","7":"product_cat-unkategorized","8":"pa_vozrast-ot-polutora-do-treh-let-et","10":"first","11":"instock","12":"shipping-taxable","13":"purchasable","14":"product-type-simple"},"yoast_head":"<!-- This site is optimized with the Yoast SEO plugin v25.0 - https:\/\/yoast.com\/wordpress\/plugins\/seo\/ -->\n<title>Sorteerimism\u00e4ng \u201cKausid ja pallid\u201d -<\/title>\n<meta name=\"description\" content=\"Sorteerimism\u00e4ng \u201cKausid ja pallid\u201d - CLEVER KIDS\" \/>\n<meta name=\"robots\" content=\"index, follow, max-snippet:-1, max-image-preview:large, max-video-preview:-1\" \/>\n<link rel=\"canonical\" href=\"https:\/\/cleverkids.ee\/et\/product\/derevyannyj-sorter-shariki-v-stakanchik\/\" \/>\n<meta property=\"og:locale\" content=\"et_EE\" \/>\n<meta property=\"og:type\" content=\"article\" \/>\n<meta property=\"og:title\" content=\"Sorteerimism\u00e4ng \u201cKausid ja pallid\u201d -\" \/>\n<meta property=\"og:description\" content=\"Sorteerimism\u00e4ng \u201cKausid ja pallid\u201d - CLEVER KIDS\" \/>\n<meta property=\"og:url\" content=\"https:\/\/cleverkids.ee\/et\/product\/derevyannyj-sorter-shariki-v-stakanchik\/\" \/>\n<meta property=\"og:site_name\" content=\"CLEVER KIDS\" \/>\n<meta property=\"article:publisher\" content=\"https:\/\/www.facebook.com\/cleverkids.ee\/\" \/>\n<meta property=\"article:modified_time\" content=\"2026-04-19T19:07:00+00:00\" \/>\n<meta property=\"og:image\" content=\"https:\/\/cleverkids.ee\/wp-content\/uploads\/2024\/05\/H0980b92f97c94a1db8d4627167081f23I_960x960-1.jpg\" \/>\n\t<meta property=\"og:image:width\" content=\"800\" \/>\n\t<meta property=\"og:image:height\" content=\"800\" \/>\n\t<meta property=\"og:image:type\" content=\"image\/jpeg\" \/>\n<meta name=\"twitter:card\" content=\"summary_large_image\" \/>\n<script type=\"application\/ld+json\" class=\"yoast-schema-graph\">{\"@context\":\"https:\/\/schema.org\",\"@graph\":[{\"@type\":\"WebPage\",\"@id\":\"https:\/\/cleverkids.ee\/et\/product\/derevyannyj-sorter-shariki-v-stakanchik\/\",\"url\":\"https:\/\/cleverkids.ee\/et\/product\/derevyannyj-sorter-shariki-v-stakanchik\/\",\"name\":\"Sorteerimism\u00e4ng \u201cKausid ja pallid\u201d -\",\"isPartOf\":{\"@id\":\"https:\/\/cleverkids.ee\/et\/#website\"},\"primaryImageOfPage\":{\"@id\":\"https:\/\/cleverkids.ee\/et\/product\/derevyannyj-sorter-shariki-v-stakanchik\/#primaryimage\"},\"image\":{\"@id\":\"https:\/\/cleverkids.ee\/et\/product\/derevyannyj-sorter-shariki-v-stakanchik\/#primaryimage\"},\"thumbnailUrl\":\"https:\/\/cleverkids.ee\/wp-content\/uploads\/2024\/05\/H0980b92f97c94a1db8d4627167081f23I_960x960-1.jpg\",\"datePublished\":\"2024-04-16T04:26:25+00:00\",\"dateModified\":\"2026-04-19T19:07:00+00:00\",\"description\":\"Sorteerimism\u00e4ng \u201cKausid ja pallid\u201d - CLEVER KIDS\",\"breadcrumb\":{\"@id\":\"https:\/\/cleverkids.ee\/et\/product\/derevyannyj-sorter-shariki-v-stakanchik\/#breadcrumb\"},\"inLanguage\":\"et\",\"potentialAction\":[{\"@type\":\"ReadAction\",\"target\":[\"https:\/\/cleverkids.ee\/et\/product\/derevyannyj-sorter-shariki-v-stakanchik\/\"]}]},{\"@type\":\"ImageObject\",\"inLanguage\":\"et\",\"@id\":\"https:\/\/cleverkids.ee\/et\/product\/derevyannyj-sorter-shariki-v-stakanchik\/#primaryimage\",\"url\":\"https:\/\/cleverkids.ee\/wp-content\/uploads\/2024\/05\/H0980b92f97c94a1db8d4627167081f23I_960x960-1.jpg\",\"contentUrl\":\"https:\/\/cleverkids.ee\/wp-content\/uploads\/2024\/05\/H0980b92f97c94a1db8d4627167081f23I_960x960-1.jpg\",\"width\":800,\"height\":800},{\"@type\":\"BreadcrumbList\",\"@id\":\"https:\/\/cleverkids.ee\/et\/product\/derevyannyj-sorter-shariki-v-stakanchik\/#breadcrumb\",\"itemListElement\":[{\"@type\":\"ListItem\",\"position\":1,\"name\":\"Esileht\",\"item\":\"https:\/\/cleverkids.ee\/et\/\"},{\"@type\":\"ListItem\",\"position\":2,\"name\":\"Tooted\",\"item\":\"https:\/\/cleverkids.ee\/store\/\"},{\"@type\":\"ListItem\",\"position\":3,\"name\":\"Sorteerimism\u00e4ng \u201cKausid ja pallid\u201d\"}]},{\"@type\":\"WebSite\",\"@id\":\"https:\/\/cleverkids.ee\/et\/#website\",\"url\":\"https:\/\/cleverkids.ee\/et\/\",\"name\":\"CLEVER KIDS\",\"description\":\"\",\"publisher\":{\"@id\":\"https:\/\/cleverkids.ee\/et\/#organization\"},\"potentialAction\":[{\"@type\":\"SearchAction\",\"target\":{\"@type\":\"EntryPoint\",\"urlTemplate\":\"https:\/\/cleverkids.ee\/et\/?s={search_term_string}\"},\"query-input\":{\"@type\":\"PropertyValueSpecification\",\"valueRequired\":true,\"valueName\":\"search_term_string\"}}],\"inLanguage\":\"et\"},{\"@type\":\"Organization\",\"@id\":\"https:\/\/cleverkids.ee\/et\/#organization\",\"name\":\"CLEVER KIDS\",\"url\":\"https:\/\/cleverkids.ee\/et\/\",\"logo\":{\"@type\":\"ImageObject\",\"inLanguage\":\"et\",\"@id\":\"https:\/\/cleverkids.ee\/et\/#\/schema\/logo\/image\/\",\"url\":\"https:\/\/cleverkids.ee\/wp-content\/uploads\/2024\/02\/image0-1024x1024.png\",\"contentUrl\":\"https:\/\/cleverkids.ee\/wp-content\/uploads\/2024\/02\/image0-1024x1024.png\",\"width\":1024,\"height\":1024,\"caption\":\"CLEVER KIDS\"},\"image\":{\"@id\":\"https:\/\/cleverkids.ee\/et\/#\/schema\/logo\/image\/\"},\"sameAs\":[\"https:\/\/www.facebook.com\/cleverkids.ee\/\",\"https:\/\/www.instagram.com\/cleverkids_ee\/\"]}]}<\/script>\n<!-- \/ Yoast SEO plugin. -->","yoast_head_json":{"title":"Sorteerimism\u00e4ng \u201cKausid ja pallid\u201d -","description":"Sorteerimism\u00e4ng \u201cKausid ja pallid\u201d - CLEVER KIDS","robots":{"index":"index","follow":"follow","max-snippet":"max-snippet:-1","max-image-preview":"max-image-preview:large","max-video-preview":"max-video-preview:-1"},"canonical":"https:\/\/cleverkids.ee\/et\/product\/derevyannyj-sorter-shariki-v-stakanchik\/","og_locale":"et_EE","og_type":"article","og_title":"Sorteerimism\u00e4ng \u201cKausid ja pallid\u201d -","og_description":"Sorteerimism\u00e4ng \u201cKausid ja pallid\u201d - CLEVER KIDS","og_url":"https:\/\/cleverkids.ee\/et\/product\/derevyannyj-sorter-shariki-v-stakanchik\/","og_site_name":"CLEVER KIDS","article_publisher":"https:\/\/www.facebook.com\/cleverkids.ee\/","article_modified_time":"2026-04-19T19:07:00+00:00","og_image":[{"width":800,"height":800,"url":"https:\/\/cleverkids.ee\/wp-content\/uploads\/2024\/05\/H0980b92f97c94a1db8d4627167081f23I_960x960-1.jpg","type":"image\/jpeg"}],"twitter_card":"summary_large_image","schema":{"@context":"https:\/\/schema.org","@graph":[{"@type":"WebPage","@id":"https:\/\/cleverkids.ee\/et\/product\/derevyannyj-sorter-shariki-v-stakanchik\/","url":"https:\/\/cleverkids.ee\/et\/product\/derevyannyj-sorter-shariki-v-stakanchik\/","name":"Sorteerimism\u00e4ng \u201cKausid ja pallid\u201d -","isPartOf":{"@id":"https:\/\/cleverkids.ee\/et\/#website"},"primaryImageOfPage":{"@id":"https:\/\/cleverkids.ee\/et\/product\/derevyannyj-sorter-shariki-v-stakanchik\/#primaryimage"},"image":{"@id":"https:\/\/cleverkids.ee\/et\/product\/derevyannyj-sorter-shariki-v-stakanchik\/#primaryimage"},"thumbnailUrl":"https:\/\/cleverkids.ee\/wp-content\/uploads\/2024\/05\/H0980b92f97c94a1db8d4627167081f23I_960x960-1.jpg","datePublished":"2024-04-16T04:26:25+00:00","dateModified":"2026-04-19T19:07:00+00:00","description":"Sorteerimism\u00e4ng \u201cKausid ja pallid\u201d - CLEVER KIDS","breadcrumb":{"@id":"https:\/\/cleverkids.ee\/et\/product\/derevyannyj-sorter-shariki-v-stakanchik\/#breadcrumb"},"inLanguage":"et","potentialAction":[{"@type":"ReadAction","target":["https:\/\/cleverkids.ee\/et\/product\/derevyannyj-sorter-shariki-v-stakanchik\/"]}]},{"@type":"ImageObject","inLanguage":"et","@id":"https:\/\/cleverkids.ee\/et\/product\/derevyannyj-sorter-shariki-v-stakanchik\/#primaryimage","url":"https:\/\/cleverkids.ee\/wp-content\/uploads\/2024\/05\/H0980b92f97c94a1db8d4627167081f23I_960x960-1.jpg","contentUrl":"https:\/\/cleverkids.ee\/wp-content\/uploads\/2024\/05\/H0980b92f97c94a1db8d4627167081f23I_960x960-1.jpg","width":800,"height":800},{"@type":"BreadcrumbList","@id":"https:\/\/cleverkids.ee\/et\/product\/derevyannyj-sorter-shariki-v-stakanchik\/#breadcrumb","itemListElement":[{"@type":"ListItem","position":1,"name":"Esileht","item":"https:\/\/cleverkids.ee\/et\/"},{"@type":"ListItem","position":2,"name":"Tooted","item":"https:\/\/cleverkids.ee\/store\/"},{"@type":"ListItem","position":3,"name":"Sorteerimism\u00e4ng \u201cKausid ja pallid\u201d"}]},{"@type":"WebSite","@id":"https:\/\/cleverkids.ee\/et\/#website","url":"https:\/\/cleverkids.ee\/et\/","name":"CLEVER KIDS","description":"","publisher":{"@id":"https:\/\/cleverkids.ee\/et\/#organization"},"potentialAction":[{"@type":"SearchAction","target":{"@type":"EntryPoint","urlTemplate":"https:\/\/cleverkids.ee\/et\/?s={search_term_string}"},"query-input":{"@type":"PropertyValueSpecification","valueRequired":true,"valueName":"search_term_string"}}],"inLanguage":"et"},{"@type":"Organization","@id":"https:\/\/cleverkids.ee\/et\/#organization","name":"CLEVER KIDS","url":"https:\/\/cleverkids.ee\/et\/","logo":{"@type":"ImageObject","inLanguage":"et","@id":"https:\/\/cleverkids.ee\/et\/#\/schema\/logo\/image\/","url":"https:\/\/cleverkids.ee\/wp-content\/uploads\/2024\/02\/image0-1024x1024.png","contentUrl":"https:\/\/cleverkids.ee\/wp-content\/uploads\/2024\/02\/image0-1024x1024.png","width":1024,"height":1024,"caption":"CLEVER KIDS"},"image":{"@id":"https:\/\/cleverkids.ee\/et\/#\/schema\/logo\/image\/"},"sameAs":["https:\/\/www.facebook.com\/cleverkids.ee\/","https:\/\/www.instagram.com\/cleverkids_ee\/"]}]}},"_links":{"self":[{"href":"https:\/\/cleverkids.ee\/et\/wp-json\/wp\/v2\/product\/53196","targetHints":{"allow":["GET"]}}],"collection":[{"href":"https:\/\/cleverkids.ee\/et\/wp-json\/wp\/v2\/product"}],"about":[{"href":"https:\/\/cleverkids.ee\/et\/wp-json\/wp\/v2\/types\/product"}],"wp:featuredmedia":[{"embeddable":true,"href":"https:\/\/cleverkids.ee\/et\/wp-json\/wp\/v2\/media\/71574"}],"wp:attachment":[{"href":"https:\/\/cleverkids.ee\/et\/wp-json\/wp\/v2\/media?parent=53196"}],"wp:term":[{"taxonomy":"product_brand","embeddable":true,"href":"https:\/\/cleverkids.ee\/et\/wp-json\/wp\/v2\/product_brand?post=53196"},{"taxonomy":"product_cat","embeddable":true,"href":"https:\/\/cleverkids.ee\/et\/wp-json\/wp\/v2\/product_cat?post=53196"},{"taxonomy":"product_tag","embeddable":true,"href":"https:\/\/cleverkids.ee\/et\/wp-json\/wp\/v2\/product_tag?post=53196"}],"curies":[{"name":"wp","href":"https:\/\/api.w.org\/{rel}","templated":true}]}}