{"id":53205,"date":"2024-04-16T07:26:25","date_gmt":"2024-04-16T04:26:25","guid":{"rendered":"https:\/\/cleverkids.dev2.sdhost.eu\/product\/%d0%bc%d0%bd%d0%be%d0%b3%d0%be%d1%84%d1%83%d0%bd%d0%ba%d1%86%d0%b8%d0%be%d0%bd%d0%b0%d0%bb%d1%8c%d0%bd%d0%b0%d1%8f-%d0%bb%d0%be%d0%b3%d0%b0%d1%80%d0%b8%d1%84%d0%bc%d0%b8%d1%87%d0%b5%d1%81%d0%ba%d0%b0\/"},"modified":"2024-06-23T17:59:54","modified_gmt":"2024-06-23T14:59:54","slug":"mnogofunktsionalnaya-logarifmicheska","status":"publish","type":"product","link":"https:\/\/cleverkids.ee\/et\/product\/mnogofunktsionalnaya-logarifmicheska\/","title":{"rendered":"Suur puidust tahvel-sorteerija 6in1, vene t\u00e4hestik"},"content":{"rendered":"<p>Mitmeelemendiline lastekomplekt on suurep\u00e4rane pakkumine igale pisikesele,\u00a0kes alustavad seiklusi, et \u00f5ppida numbreid, t\u00e4hti, loomi ja s\u00f5idukeid.<br \/>\nV\u00e4rviline tahvel on valmistatud vastupidavast ja naturaalsest puidust, viimistletud mittetoksiliste v\u00e4rvidega ning sobib ideaalselt noorematele lastele.<\/p>\n<p>Tahvli m\u00f5\u00f5tmed 44 cm \u0445 22 cm<\/p>\n<p><strong>Komplekti kuuluvad:<\/strong><br \/>\n&#8211; V\u00e4rviline tahvel<br \/>\n&#8211; magnetiga kala<br \/>\n&#8211; \u00f5ngitsemisvarras<br \/>\n&#8211; kettad lugema \u00f5ppimiseks<br \/>\n&#8211; numbrid 1 kuni 10<br \/>\n&#8211; matemaatilised s\u00fcmbolid<br \/>\n&#8211; vene keelne t\u00e4hestik<br \/>\n&#8211; 10 minipuzzle 2, 3 v\u00f5i 4 t\u00fckiga.<\/p>\n","protected":false},"excerpt":{"rendered":"<p>Mitmeelemendiline lastekomplekt on suurep\u00e4rane pakkumine igale pisikesele,\u00a0kes alustavad seiklusi, et \u00f5ppida numbreid, t\u00e4hti, loomi ja s\u00f5idukeid. V\u00e4rviline tahvel on valmistatud vastupidavast ja naturaalsest puidust, viimistletud mittetoksiliste v\u00e4rvidega ning sobib ideaalselt noorematele lastele. Tahvli m\u00f5\u00f5tmed 44 cm \u0445 22 cm Komplekti kuuluvad: &#8211; V\u00e4rviline tahvel &#8211; magnetiga kala &#8211; \u00f5ngitsemisvarras &#8211; kettad lugema \u00f5ppimiseks &#8211; numbrid [&hellip;]<\/p>\n","protected":false},"featured_media":71583,"template":"","meta":{"_monsterinsights_skip_tracking":false,"_monsterinsights_sitenote_active":false,"_monsterinsights_sitenote_note":"","_monsterinsights_sitenote_category":0},"product_brand":[],"product_cat":[49,56,58],"product_tag":[],"class_list":{"0":"post-53205","1":"product","2":"type-product","3":"status-publish","4":"has-post-thumbnail","6":"product_cat-puidust-arendavad-manguasjad","7":"product_cat-kone-areng","8":"product_cat-unkategorized","9":"pa_vozrast-ot-3-do-5-let-et","11":"first","12":"instock","13":"shipping-taxable","14":"purchasable","15":"product-type-simple"},"yoast_head":"<!-- This site is optimized with the Yoast SEO plugin v25.0 - https:\/\/yoast.com\/wordpress\/plugins\/seo\/ -->\n<title>Suur puidust tahvel-sorteerija 6in1, vene t\u00e4hestik -<\/title>\n<meta name=\"description\" content=\"Suur puidust tahvel-sorteerija 6in1, vene t\u00e4hestik - CLEVER KIDS\" \/>\n<meta name=\"robots\" content=\"index, follow, max-snippet:-1, max-image-preview:large, max-video-preview:-1\" \/>\n<link rel=\"canonical\" href=\"https:\/\/cleverkids.ee\/et\/product\/mnogofunktsionalnaya-logarifmicheska\/\" \/>\n<meta property=\"og:locale\" content=\"et_EE\" \/>\n<meta property=\"og:type\" content=\"article\" \/>\n<meta property=\"og:title\" content=\"Suur puidust tahvel-sorteerija 6in1, vene t\u00e4hestik -\" \/>\n<meta property=\"og:description\" content=\"Suur puidust tahvel-sorteerija 6in1, vene t\u00e4hestik - CLEVER KIDS\" \/>\n<meta property=\"og:url\" content=\"https:\/\/cleverkids.ee\/et\/product\/mnogofunktsionalnaya-logarifmicheska\/\" \/>\n<meta property=\"og:site_name\" content=\"CLEVER KIDS\" \/>\n<meta property=\"article:publisher\" content=\"https:\/\/www.facebook.com\/cleverkids.ee\/\" \/>\n<meta property=\"article:modified_time\" content=\"2024-06-23T14:59:54+00:00\" \/>\n<meta property=\"og:image\" content=\"https:\/\/cleverkids.ee\/wp-content\/uploads\/2024\/05\/Hafcf69f416cb44429eb4a9ca2e51983d0_960x960-1.jpg\" \/>\n\t<meta property=\"og:image:width\" content=\"960\" \/>\n\t<meta property=\"og:image:height\" content=\"960\" \/>\n\t<meta property=\"og:image:type\" content=\"image\/jpeg\" \/>\n<meta name=\"twitter:card\" content=\"summary_large_image\" \/>\n<script type=\"application\/ld+json\" class=\"yoast-schema-graph\">{\"@context\":\"https:\/\/schema.org\",\"@graph\":[{\"@type\":\"WebPage\",\"@id\":\"https:\/\/cleverkids.ee\/et\/product\/mnogofunktsionalnaya-logarifmicheska\/\",\"url\":\"https:\/\/cleverkids.ee\/et\/product\/mnogofunktsionalnaya-logarifmicheska\/\",\"name\":\"Suur puidust tahvel-sorteerija 6in1, vene t\u00e4hestik -\",\"isPartOf\":{\"@id\":\"https:\/\/cleverkids.ee\/et\/#website\"},\"primaryImageOfPage\":{\"@id\":\"https:\/\/cleverkids.ee\/et\/product\/mnogofunktsionalnaya-logarifmicheska\/#primaryimage\"},\"image\":{\"@id\":\"https:\/\/cleverkids.ee\/et\/product\/mnogofunktsionalnaya-logarifmicheska\/#primaryimage\"},\"thumbnailUrl\":\"https:\/\/cleverkids.ee\/wp-content\/uploads\/2024\/05\/Hafcf69f416cb44429eb4a9ca2e51983d0_960x960-1.jpg\",\"datePublished\":\"2024-04-16T04:26:25+00:00\",\"dateModified\":\"2024-06-23T14:59:54+00:00\",\"description\":\"Suur puidust tahvel-sorteerija 6in1, vene t\u00e4hestik - CLEVER KIDS\",\"breadcrumb\":{\"@id\":\"https:\/\/cleverkids.ee\/et\/product\/mnogofunktsionalnaya-logarifmicheska\/#breadcrumb\"},\"inLanguage\":\"et\",\"potentialAction\":[{\"@type\":\"ReadAction\",\"target\":[\"https:\/\/cleverkids.ee\/et\/product\/mnogofunktsionalnaya-logarifmicheska\/\"]}]},{\"@type\":\"ImageObject\",\"inLanguage\":\"et\",\"@id\":\"https:\/\/cleverkids.ee\/et\/product\/mnogofunktsionalnaya-logarifmicheska\/#primaryimage\",\"url\":\"https:\/\/cleverkids.ee\/wp-content\/uploads\/2024\/05\/Hafcf69f416cb44429eb4a9ca2e51983d0_960x960-1.jpg\",\"contentUrl\":\"https:\/\/cleverkids.ee\/wp-content\/uploads\/2024\/05\/Hafcf69f416cb44429eb4a9ca2e51983d0_960x960-1.jpg\",\"width\":960,\"height\":960},{\"@type\":\"BreadcrumbList\",\"@id\":\"https:\/\/cleverkids.ee\/et\/product\/mnogofunktsionalnaya-logarifmicheska\/#breadcrumb\",\"itemListElement\":[{\"@type\":\"ListItem\",\"position\":1,\"name\":\"Esileht\",\"item\":\"https:\/\/cleverkids.ee\/et\/\"},{\"@type\":\"ListItem\",\"position\":2,\"name\":\"Tooted\",\"item\":\"https:\/\/cleverkids.ee\/store\/\"},{\"@type\":\"ListItem\",\"position\":3,\"name\":\"Suur puidust tahvel-sorteerija 6in1, vene t\u00e4hestik\"}]},{\"@type\":\"WebSite\",\"@id\":\"https:\/\/cleverkids.ee\/et\/#website\",\"url\":\"https:\/\/cleverkids.ee\/et\/\",\"name\":\"CLEVER KIDS\",\"description\":\"\",\"publisher\":{\"@id\":\"https:\/\/cleverkids.ee\/et\/#organization\"},\"potentialAction\":[{\"@type\":\"SearchAction\",\"target\":{\"@type\":\"EntryPoint\",\"urlTemplate\":\"https:\/\/cleverkids.ee\/et\/?s={search_term_string}\"},\"query-input\":{\"@type\":\"PropertyValueSpecification\",\"valueRequired\":true,\"valueName\":\"search_term_string\"}}],\"inLanguage\":\"et\"},{\"@type\":\"Organization\",\"@id\":\"https:\/\/cleverkids.ee\/et\/#organization\",\"name\":\"CLEVER KIDS\",\"url\":\"https:\/\/cleverkids.ee\/et\/\",\"logo\":{\"@type\":\"ImageObject\",\"inLanguage\":\"et\",\"@id\":\"https:\/\/cleverkids.ee\/et\/#\/schema\/logo\/image\/\",\"url\":\"https:\/\/cleverkids.ee\/wp-content\/uploads\/2024\/02\/image0-1024x1024.png\",\"contentUrl\":\"https:\/\/cleverkids.ee\/wp-content\/uploads\/2024\/02\/image0-1024x1024.png\",\"width\":1024,\"height\":1024,\"caption\":\"CLEVER KIDS\"},\"image\":{\"@id\":\"https:\/\/cleverkids.ee\/et\/#\/schema\/logo\/image\/\"},\"sameAs\":[\"https:\/\/www.facebook.com\/cleverkids.ee\/\",\"https:\/\/www.instagram.com\/cleverkids_ee\/\"]}]}<\/script>\n<!-- \/ Yoast SEO plugin. -->","yoast_head_json":{"title":"Suur puidust tahvel-sorteerija 6in1, vene t\u00e4hestik -","description":"Suur puidust tahvel-sorteerija 6in1, vene t\u00e4hestik - CLEVER KIDS","robots":{"index":"index","follow":"follow","max-snippet":"max-snippet:-1","max-image-preview":"max-image-preview:large","max-video-preview":"max-video-preview:-1"},"canonical":"https:\/\/cleverkids.ee\/et\/product\/mnogofunktsionalnaya-logarifmicheska\/","og_locale":"et_EE","og_type":"article","og_title":"Suur puidust tahvel-sorteerija 6in1, vene t\u00e4hestik -","og_description":"Suur puidust tahvel-sorteerija 6in1, vene t\u00e4hestik - CLEVER KIDS","og_url":"https:\/\/cleverkids.ee\/et\/product\/mnogofunktsionalnaya-logarifmicheska\/","og_site_name":"CLEVER KIDS","article_publisher":"https:\/\/www.facebook.com\/cleverkids.ee\/","article_modified_time":"2024-06-23T14:59:54+00:00","og_image":[{"width":960,"height":960,"url":"https:\/\/cleverkids.ee\/wp-content\/uploads\/2024\/05\/Hafcf69f416cb44429eb4a9ca2e51983d0_960x960-1.jpg","type":"image\/jpeg"}],"twitter_card":"summary_large_image","schema":{"@context":"https:\/\/schema.org","@graph":[{"@type":"WebPage","@id":"https:\/\/cleverkids.ee\/et\/product\/mnogofunktsionalnaya-logarifmicheska\/","url":"https:\/\/cleverkids.ee\/et\/product\/mnogofunktsionalnaya-logarifmicheska\/","name":"Suur puidust tahvel-sorteerija 6in1, vene t\u00e4hestik -","isPartOf":{"@id":"https:\/\/cleverkids.ee\/et\/#website"},"primaryImageOfPage":{"@id":"https:\/\/cleverkids.ee\/et\/product\/mnogofunktsionalnaya-logarifmicheska\/#primaryimage"},"image":{"@id":"https:\/\/cleverkids.ee\/et\/product\/mnogofunktsionalnaya-logarifmicheska\/#primaryimage"},"thumbnailUrl":"https:\/\/cleverkids.ee\/wp-content\/uploads\/2024\/05\/Hafcf69f416cb44429eb4a9ca2e51983d0_960x960-1.jpg","datePublished":"2024-04-16T04:26:25+00:00","dateModified":"2024-06-23T14:59:54+00:00","description":"Suur puidust tahvel-sorteerija 6in1, vene t\u00e4hestik - CLEVER KIDS","breadcrumb":{"@id":"https:\/\/cleverkids.ee\/et\/product\/mnogofunktsionalnaya-logarifmicheska\/#breadcrumb"},"inLanguage":"et","potentialAction":[{"@type":"ReadAction","target":["https:\/\/cleverkids.ee\/et\/product\/mnogofunktsionalnaya-logarifmicheska\/"]}]},{"@type":"ImageObject","inLanguage":"et","@id":"https:\/\/cleverkids.ee\/et\/product\/mnogofunktsionalnaya-logarifmicheska\/#primaryimage","url":"https:\/\/cleverkids.ee\/wp-content\/uploads\/2024\/05\/Hafcf69f416cb44429eb4a9ca2e51983d0_960x960-1.jpg","contentUrl":"https:\/\/cleverkids.ee\/wp-content\/uploads\/2024\/05\/Hafcf69f416cb44429eb4a9ca2e51983d0_960x960-1.jpg","width":960,"height":960},{"@type":"BreadcrumbList","@id":"https:\/\/cleverkids.ee\/et\/product\/mnogofunktsionalnaya-logarifmicheska\/#breadcrumb","itemListElement":[{"@type":"ListItem","position":1,"name":"Esileht","item":"https:\/\/cleverkids.ee\/et\/"},{"@type":"ListItem","position":2,"name":"Tooted","item":"https:\/\/cleverkids.ee\/store\/"},{"@type":"ListItem","position":3,"name":"Suur puidust tahvel-sorteerija 6in1, vene t\u00e4hestik"}]},{"@type":"WebSite","@id":"https:\/\/cleverkids.ee\/et\/#website","url":"https:\/\/cleverkids.ee\/et\/","name":"CLEVER KIDS","description":"","publisher":{"@id":"https:\/\/cleverkids.ee\/et\/#organization"},"potentialAction":[{"@type":"SearchAction","target":{"@type":"EntryPoint","urlTemplate":"https:\/\/cleverkids.ee\/et\/?s={search_term_string}"},"query-input":{"@type":"PropertyValueSpecification","valueRequired":true,"valueName":"search_term_string"}}],"inLanguage":"et"},{"@type":"Organization","@id":"https:\/\/cleverkids.ee\/et\/#organization","name":"CLEVER KIDS","url":"https:\/\/cleverkids.ee\/et\/","logo":{"@type":"ImageObject","inLanguage":"et","@id":"https:\/\/cleverkids.ee\/et\/#\/schema\/logo\/image\/","url":"https:\/\/cleverkids.ee\/wp-content\/uploads\/2024\/02\/image0-1024x1024.png","contentUrl":"https:\/\/cleverkids.ee\/wp-content\/uploads\/2024\/02\/image0-1024x1024.png","width":1024,"height":1024,"caption":"CLEVER KIDS"},"image":{"@id":"https:\/\/cleverkids.ee\/et\/#\/schema\/logo\/image\/"},"sameAs":["https:\/\/www.facebook.com\/cleverkids.ee\/","https:\/\/www.instagram.com\/cleverkids_ee\/"]}]}},"_links":{"self":[{"href":"https:\/\/cleverkids.ee\/et\/wp-json\/wp\/v2\/product\/53205","targetHints":{"allow":["GET"]}}],"collection":[{"href":"https:\/\/cleverkids.ee\/et\/wp-json\/wp\/v2\/product"}],"about":[{"href":"https:\/\/cleverkids.ee\/et\/wp-json\/wp\/v2\/types\/product"}],"wp:featuredmedia":[{"embeddable":true,"href":"https:\/\/cleverkids.ee\/et\/wp-json\/wp\/v2\/media\/71583"}],"wp:attachment":[{"href":"https:\/\/cleverkids.ee\/et\/wp-json\/wp\/v2\/media?parent=53205"}],"wp:term":[{"taxonomy":"product_brand","embeddable":true,"href":"https:\/\/cleverkids.ee\/et\/wp-json\/wp\/v2\/product_brand?post=53205"},{"taxonomy":"product_cat","embeddable":true,"href":"https:\/\/cleverkids.ee\/et\/wp-json\/wp\/v2\/product_cat?post=53205"},{"taxonomy":"product_tag","embeddable":true,"href":"https:\/\/cleverkids.ee\/et\/wp-json\/wp\/v2\/product_tag?post=53205"}],"curies":[{"name":"wp","href":"https:\/\/api.w.org\/{rel}","templated":true}]}}