{"id":53383,"date":"2024-04-16T07:26:25","date_gmt":"2024-04-16T04:26:25","guid":{"rendered":"https:\/\/cleverkids.dev2.sdhost.eu\/product\/%d0%b4%d0%b5%d1%80%d0%b5%d0%b2%d1%8f%d0%bd%d0%bd%d1%8b%d0%b9-%d1%87%d0%b0%d0%b9%d0%bd%d1%8b%d0%b9-%d1%81%d0%b5%d1%80%d0%b2%d0%b8%d0%b7\/"},"modified":"2024-06-23T17:59:55","modified_gmt":"2024-06-23T14:59:55","slug":"derevyannyj-chajnyj-serviz","status":"publish","type":"product","link":"https:\/\/cleverkids.ee\/et\/product\/derevyannyj-chajnyj-serviz\/","title":{"rendered":"Puidust teekomplekt"},"content":{"rendered":"<p>K\u00e4es on tee v\u00f5i kohvi aeg! V\u00e4ikestele tees\u00f5pradele jagub m\u00e4ngur\u00f5\u00f5mu pikaks ajaks! \u00a0Kaunid pastelsed v\u00e4rvid julgustavad last lisaks m\u00e4ngima. Komplekt on valmistatud t\u00e4ispuidust, et teie v\u00e4ikelaps saaks turvaliselt nautida maitsvat teed.<\/p>\n<p>Rollim\u00e4ngud soodustavad nii lapse sotsiaalsete oskuste kui ka k\u00f5ne arengut.<\/p>\n<p>Komplektis on 15 eset.<\/p>\n<p>Karbi suurus &#8211; 30*18*7.5\u0441\u043c<\/p>\n","protected":false},"excerpt":{"rendered":"<p>K\u00e4es on tee v\u00f5i kohvi aeg! V\u00e4ikestele tees\u00f5pradele jagub m\u00e4ngur\u00f5\u00f5mu pikaks ajaks! \u00a0Kaunid pastelsed v\u00e4rvid julgustavad last lisaks m\u00e4ngima. Komplekt on valmistatud t\u00e4ispuidust, et teie v\u00e4ikelaps saaks turvaliselt nautida maitsvat teed. Rollim\u00e4ngud soodustavad nii lapse sotsiaalsete oskuste kui ka k\u00f5ne arengut. Komplektis on 15 eset. Karbi suurus &#8211; 30*18*7.5\u0441\u043c<\/p>\n","protected":false},"featured_media":71604,"template":"","meta":{"_monsterinsights_skip_tracking":false,"_monsterinsights_sitenote_active":false,"_monsterinsights_sitenote_note":"","_monsterinsights_sitenote_category":0},"product_brand":[],"product_cat":[49,58],"product_tag":[],"class_list":{"0":"post-53383","1":"product","2":"type-product","3":"status-publish","4":"has-post-thumbnail","6":"product_cat-puidust-arendavad-manguasjad","7":"product_cat-unkategorized","8":"pa_vozrast-ot-3-do-5-let-et","10":"first","11":"instock","12":"shipping-taxable","13":"purchasable","14":"product-type-simple"},"yoast_head":"<!-- This site is optimized with the Yoast SEO plugin v25.0 - https:\/\/yoast.com\/wordpress\/plugins\/seo\/ -->\n<title>Puidust teekomplekt -<\/title>\n<meta name=\"description\" content=\"Puidust teekomplekt - CLEVER KIDS\" \/>\n<meta name=\"robots\" content=\"index, follow, max-snippet:-1, max-image-preview:large, max-video-preview:-1\" \/>\n<link rel=\"canonical\" href=\"https:\/\/cleverkids.ee\/et\/product\/derevyannyj-chajnyj-serviz\/\" \/>\n<meta property=\"og:locale\" content=\"et_EE\" \/>\n<meta property=\"og:type\" content=\"article\" \/>\n<meta property=\"og:title\" content=\"Puidust teekomplekt -\" \/>\n<meta property=\"og:description\" content=\"Puidust teekomplekt - CLEVER KIDS\" \/>\n<meta property=\"og:url\" content=\"https:\/\/cleverkids.ee\/et\/product\/derevyannyj-chajnyj-serviz\/\" \/>\n<meta property=\"og:site_name\" content=\"CLEVER KIDS\" \/>\n<meta property=\"article:publisher\" content=\"https:\/\/www.facebook.com\/cleverkids.ee\/\" \/>\n<meta property=\"article:modified_time\" content=\"2024-06-23T14:59:55+00:00\" \/>\n<meta property=\"og:image\" content=\"https:\/\/cleverkids.ee\/wp-content\/uploads\/2024\/05\/Hb489c25ce7bb42e2bffcc7c21e22a0bcN.jpg_960x960.jpg-1.webp\" \/>\n\t<meta property=\"og:image:width\" content=\"790\" \/>\n\t<meta property=\"og:image:height\" content=\"844\" \/>\n\t<meta property=\"og:image:type\" content=\"image\/webp\" \/>\n<meta name=\"twitter:card\" content=\"summary_large_image\" \/>\n<script type=\"application\/ld+json\" class=\"yoast-schema-graph\">{\"@context\":\"https:\/\/schema.org\",\"@graph\":[{\"@type\":\"WebPage\",\"@id\":\"https:\/\/cleverkids.ee\/et\/product\/derevyannyj-chajnyj-serviz\/\",\"url\":\"https:\/\/cleverkids.ee\/et\/product\/derevyannyj-chajnyj-serviz\/\",\"name\":\"Puidust teekomplekt -\",\"isPartOf\":{\"@id\":\"https:\/\/cleverkids.ee\/et\/#website\"},\"primaryImageOfPage\":{\"@id\":\"https:\/\/cleverkids.ee\/et\/product\/derevyannyj-chajnyj-serviz\/#primaryimage\"},\"image\":{\"@id\":\"https:\/\/cleverkids.ee\/et\/product\/derevyannyj-chajnyj-serviz\/#primaryimage\"},\"thumbnailUrl\":\"https:\/\/cleverkids.ee\/wp-content\/uploads\/2024\/05\/Hb489c25ce7bb42e2bffcc7c21e22a0bcN.jpg_960x960.jpg-1.webp\",\"datePublished\":\"2024-04-16T04:26:25+00:00\",\"dateModified\":\"2024-06-23T14:59:55+00:00\",\"description\":\"Puidust teekomplekt - CLEVER KIDS\",\"breadcrumb\":{\"@id\":\"https:\/\/cleverkids.ee\/et\/product\/derevyannyj-chajnyj-serviz\/#breadcrumb\"},\"inLanguage\":\"et\",\"potentialAction\":[{\"@type\":\"ReadAction\",\"target\":[\"https:\/\/cleverkids.ee\/et\/product\/derevyannyj-chajnyj-serviz\/\"]}]},{\"@type\":\"ImageObject\",\"inLanguage\":\"et\",\"@id\":\"https:\/\/cleverkids.ee\/et\/product\/derevyannyj-chajnyj-serviz\/#primaryimage\",\"url\":\"https:\/\/cleverkids.ee\/wp-content\/uploads\/2024\/05\/Hb489c25ce7bb42e2bffcc7c21e22a0bcN.jpg_960x960.jpg-1.webp\",\"contentUrl\":\"https:\/\/cleverkids.ee\/wp-content\/uploads\/2024\/05\/Hb489c25ce7bb42e2bffcc7c21e22a0bcN.jpg_960x960.jpg-1.webp\",\"width\":790,\"height\":844},{\"@type\":\"BreadcrumbList\",\"@id\":\"https:\/\/cleverkids.ee\/et\/product\/derevyannyj-chajnyj-serviz\/#breadcrumb\",\"itemListElement\":[{\"@type\":\"ListItem\",\"position\":1,\"name\":\"Esileht\",\"item\":\"https:\/\/cleverkids.ee\/et\/\"},{\"@type\":\"ListItem\",\"position\":2,\"name\":\"Tooted\",\"item\":\"https:\/\/cleverkids.ee\/store\/\"},{\"@type\":\"ListItem\",\"position\":3,\"name\":\"Puidust teekomplekt\"}]},{\"@type\":\"WebSite\",\"@id\":\"https:\/\/cleverkids.ee\/et\/#website\",\"url\":\"https:\/\/cleverkids.ee\/et\/\",\"name\":\"CLEVER KIDS\",\"description\":\"\",\"publisher\":{\"@id\":\"https:\/\/cleverkids.ee\/et\/#organization\"},\"potentialAction\":[{\"@type\":\"SearchAction\",\"target\":{\"@type\":\"EntryPoint\",\"urlTemplate\":\"https:\/\/cleverkids.ee\/et\/?s={search_term_string}\"},\"query-input\":{\"@type\":\"PropertyValueSpecification\",\"valueRequired\":true,\"valueName\":\"search_term_string\"}}],\"inLanguage\":\"et\"},{\"@type\":\"Organization\",\"@id\":\"https:\/\/cleverkids.ee\/et\/#organization\",\"name\":\"CLEVER KIDS\",\"url\":\"https:\/\/cleverkids.ee\/et\/\",\"logo\":{\"@type\":\"ImageObject\",\"inLanguage\":\"et\",\"@id\":\"https:\/\/cleverkids.ee\/et\/#\/schema\/logo\/image\/\",\"url\":\"https:\/\/cleverkids.ee\/wp-content\/uploads\/2024\/02\/image0-1024x1024.png\",\"contentUrl\":\"https:\/\/cleverkids.ee\/wp-content\/uploads\/2024\/02\/image0-1024x1024.png\",\"width\":1024,\"height\":1024,\"caption\":\"CLEVER KIDS\"},\"image\":{\"@id\":\"https:\/\/cleverkids.ee\/et\/#\/schema\/logo\/image\/\"},\"sameAs\":[\"https:\/\/www.facebook.com\/cleverkids.ee\/\",\"https:\/\/www.instagram.com\/cleverkids_ee\/\"]}]}<\/script>\n<!-- \/ Yoast SEO plugin. -->","yoast_head_json":{"title":"Puidust teekomplekt -","description":"Puidust teekomplekt - CLEVER KIDS","robots":{"index":"index","follow":"follow","max-snippet":"max-snippet:-1","max-image-preview":"max-image-preview:large","max-video-preview":"max-video-preview:-1"},"canonical":"https:\/\/cleverkids.ee\/et\/product\/derevyannyj-chajnyj-serviz\/","og_locale":"et_EE","og_type":"article","og_title":"Puidust teekomplekt -","og_description":"Puidust teekomplekt - CLEVER KIDS","og_url":"https:\/\/cleverkids.ee\/et\/product\/derevyannyj-chajnyj-serviz\/","og_site_name":"CLEVER KIDS","article_publisher":"https:\/\/www.facebook.com\/cleverkids.ee\/","article_modified_time":"2024-06-23T14:59:55+00:00","og_image":[{"width":790,"height":844,"url":"https:\/\/cleverkids.ee\/wp-content\/uploads\/2024\/05\/Hb489c25ce7bb42e2bffcc7c21e22a0bcN.jpg_960x960.jpg-1.webp","type":"image\/webp"}],"twitter_card":"summary_large_image","schema":{"@context":"https:\/\/schema.org","@graph":[{"@type":"WebPage","@id":"https:\/\/cleverkids.ee\/et\/product\/derevyannyj-chajnyj-serviz\/","url":"https:\/\/cleverkids.ee\/et\/product\/derevyannyj-chajnyj-serviz\/","name":"Puidust teekomplekt -","isPartOf":{"@id":"https:\/\/cleverkids.ee\/et\/#website"},"primaryImageOfPage":{"@id":"https:\/\/cleverkids.ee\/et\/product\/derevyannyj-chajnyj-serviz\/#primaryimage"},"image":{"@id":"https:\/\/cleverkids.ee\/et\/product\/derevyannyj-chajnyj-serviz\/#primaryimage"},"thumbnailUrl":"https:\/\/cleverkids.ee\/wp-content\/uploads\/2024\/05\/Hb489c25ce7bb42e2bffcc7c21e22a0bcN.jpg_960x960.jpg-1.webp","datePublished":"2024-04-16T04:26:25+00:00","dateModified":"2024-06-23T14:59:55+00:00","description":"Puidust teekomplekt - CLEVER KIDS","breadcrumb":{"@id":"https:\/\/cleverkids.ee\/et\/product\/derevyannyj-chajnyj-serviz\/#breadcrumb"},"inLanguage":"et","potentialAction":[{"@type":"ReadAction","target":["https:\/\/cleverkids.ee\/et\/product\/derevyannyj-chajnyj-serviz\/"]}]},{"@type":"ImageObject","inLanguage":"et","@id":"https:\/\/cleverkids.ee\/et\/product\/derevyannyj-chajnyj-serviz\/#primaryimage","url":"https:\/\/cleverkids.ee\/wp-content\/uploads\/2024\/05\/Hb489c25ce7bb42e2bffcc7c21e22a0bcN.jpg_960x960.jpg-1.webp","contentUrl":"https:\/\/cleverkids.ee\/wp-content\/uploads\/2024\/05\/Hb489c25ce7bb42e2bffcc7c21e22a0bcN.jpg_960x960.jpg-1.webp","width":790,"height":844},{"@type":"BreadcrumbList","@id":"https:\/\/cleverkids.ee\/et\/product\/derevyannyj-chajnyj-serviz\/#breadcrumb","itemListElement":[{"@type":"ListItem","position":1,"name":"Esileht","item":"https:\/\/cleverkids.ee\/et\/"},{"@type":"ListItem","position":2,"name":"Tooted","item":"https:\/\/cleverkids.ee\/store\/"},{"@type":"ListItem","position":3,"name":"Puidust teekomplekt"}]},{"@type":"WebSite","@id":"https:\/\/cleverkids.ee\/et\/#website","url":"https:\/\/cleverkids.ee\/et\/","name":"CLEVER KIDS","description":"","publisher":{"@id":"https:\/\/cleverkids.ee\/et\/#organization"},"potentialAction":[{"@type":"SearchAction","target":{"@type":"EntryPoint","urlTemplate":"https:\/\/cleverkids.ee\/et\/?s={search_term_string}"},"query-input":{"@type":"PropertyValueSpecification","valueRequired":true,"valueName":"search_term_string"}}],"inLanguage":"et"},{"@type":"Organization","@id":"https:\/\/cleverkids.ee\/et\/#organization","name":"CLEVER KIDS","url":"https:\/\/cleverkids.ee\/et\/","logo":{"@type":"ImageObject","inLanguage":"et","@id":"https:\/\/cleverkids.ee\/et\/#\/schema\/logo\/image\/","url":"https:\/\/cleverkids.ee\/wp-content\/uploads\/2024\/02\/image0-1024x1024.png","contentUrl":"https:\/\/cleverkids.ee\/wp-content\/uploads\/2024\/02\/image0-1024x1024.png","width":1024,"height":1024,"caption":"CLEVER KIDS"},"image":{"@id":"https:\/\/cleverkids.ee\/et\/#\/schema\/logo\/image\/"},"sameAs":["https:\/\/www.facebook.com\/cleverkids.ee\/","https:\/\/www.instagram.com\/cleverkids_ee\/"]}]}},"_links":{"self":[{"href":"https:\/\/cleverkids.ee\/et\/wp-json\/wp\/v2\/product\/53383","targetHints":{"allow":["GET"]}}],"collection":[{"href":"https:\/\/cleverkids.ee\/et\/wp-json\/wp\/v2\/product"}],"about":[{"href":"https:\/\/cleverkids.ee\/et\/wp-json\/wp\/v2\/types\/product"}],"wp:featuredmedia":[{"embeddable":true,"href":"https:\/\/cleverkids.ee\/et\/wp-json\/wp\/v2\/media\/71604"}],"wp:attachment":[{"href":"https:\/\/cleverkids.ee\/et\/wp-json\/wp\/v2\/media?parent=53383"}],"wp:term":[{"taxonomy":"product_brand","embeddable":true,"href":"https:\/\/cleverkids.ee\/et\/wp-json\/wp\/v2\/product_brand?post=53383"},{"taxonomy":"product_cat","embeddable":true,"href":"https:\/\/cleverkids.ee\/et\/wp-json\/wp\/v2\/product_cat?post=53383"},{"taxonomy":"product_tag","embeddable":true,"href":"https:\/\/cleverkids.ee\/et\/wp-json\/wp\/v2\/product_tag?post=53383"}],"curies":[{"name":"wp","href":"https:\/\/api.w.org\/{rel}","templated":true}]}}