{"id":53407,"date":"2024-04-16T07:26:25","date_gmt":"2024-04-16T04:26:25","guid":{"rendered":"https:\/\/cleverkids.dev2.sdhost.eu\/product\/%d0%bd%d0%b0%d0%b1%d0%be%d1%80-%d0%bc%d1%83%d0%b7%d1%8b%d0%ba%d0%b0%d0%bb%d1%8c%d0%bd%d1%8b%d1%85-%d0%b8%d0%bd%d1%81%d1%82%d1%80%d1%83%d0%bc%d0%b5%d0%bd%d1%82%d0%be%d0%b2\/"},"modified":"2024-10-21T14:39:10","modified_gmt":"2024-10-21T11:39:10","slug":"nabor-muzykalnyh-instrumentov","status":"publish","type":"product","link":"https:\/\/cleverkids.ee\/et\/product\/nabor-muzykalnyh-instrumentov\/","title":{"rendered":"Muusikariistade komplekt"},"content":{"rendered":"<div>\n<div dir=\"auto\">Komplektis on k\u00f5ik, et pidada maha l\u00fcks korralik musika \u00f5htu! Muusikariistad on ideaalsed seadmed r\u00fctmika v\u00f5i muusika avastamiseks ning aitavad kindlasti v\u00e4ikelapsel helisid ja r\u00fctme tundma \u00f5ppida.<\/div>\n<\/div>\n<div>\n<div dir=\"auto\"><\/div>\n<div dir=\"auto\">Komplekti kuulub puidust aedik ladustamiseks.<\/div>\n<\/div>\n","protected":false},"excerpt":{"rendered":"<p>Komplektis on k\u00f5ik, et pidada maha l\u00fcks korralik musika \u00f5htu! Muusikariistad on ideaalsed seadmed r\u00fctmika v\u00f5i muusika avastamiseks ning aitavad kindlasti v\u00e4ikelapsel helisid ja r\u00fctme tundma \u00f5ppida. Komplekti kuulub puidust aedik ladustamiseks.<\/p>\n","protected":false},"featured_media":71610,"template":"","meta":{"_monsterinsights_skip_tracking":false,"_monsterinsights_sitenote_active":false,"_monsterinsights_sitenote_note":"","_monsterinsights_sitenote_category":0},"product_brand":[],"product_cat":[49,58],"product_tag":[],"class_list":{"0":"post-53407","1":"product","2":"type-product","3":"status-publish","4":"has-post-thumbnail","6":"product_cat-puidust-arendavad-manguasjad","7":"product_cat-unkategorized","8":"pa_vozrast-ot-3-do-5-let-et","10":"first","11":"instock","12":"shipping-taxable","13":"purchasable","14":"product-type-simple"},"yoast_head":"<!-- This site is optimized with the Yoast SEO plugin v25.0 - https:\/\/yoast.com\/wordpress\/plugins\/seo\/ -->\n<title>Muusikariistade komplekt -<\/title>\n<meta name=\"description\" content=\"Muusikariistade komplekt - CLEVER KIDS\" \/>\n<meta name=\"robots\" content=\"index, follow, max-snippet:-1, max-image-preview:large, max-video-preview:-1\" \/>\n<link rel=\"canonical\" href=\"https:\/\/cleverkids.ee\/et\/product\/nabor-muzykalnyh-instrumentov\/\" \/>\n<meta property=\"og:locale\" content=\"et_EE\" \/>\n<meta property=\"og:type\" content=\"article\" \/>\n<meta property=\"og:title\" content=\"Muusikariistade komplekt -\" \/>\n<meta property=\"og:description\" content=\"Muusikariistade komplekt - CLEVER KIDS\" \/>\n<meta property=\"og:url\" content=\"https:\/\/cleverkids.ee\/et\/product\/nabor-muzykalnyh-instrumentov\/\" \/>\n<meta property=\"og:site_name\" content=\"CLEVER KIDS\" \/>\n<meta property=\"article:publisher\" content=\"https:\/\/www.facebook.com\/cleverkids.ee\/\" \/>\n<meta property=\"article:modified_time\" content=\"2024-10-21T11:39:10+00:00\" \/>\n<meta property=\"og:image\" content=\"https:\/\/cleverkids.ee\/wp-content\/uploads\/2024\/05\/9PCSMusicalInstrumentSetWoodenSTEMToysMusicalSetToys_1024x_ea6abc03-3abe-425c-8d49-e1841fa6767e_1800x1800.jpg\" \/>\n\t<meta property=\"og:image:width\" content=\"800\" \/>\n\t<meta property=\"og:image:height\" content=\"800\" \/>\n\t<meta property=\"og:image:type\" content=\"image\/jpeg\" \/>\n<meta name=\"twitter:card\" content=\"summary_large_image\" \/>\n<script type=\"application\/ld+json\" class=\"yoast-schema-graph\">{\"@context\":\"https:\/\/schema.org\",\"@graph\":[{\"@type\":\"WebPage\",\"@id\":\"https:\/\/cleverkids.ee\/et\/product\/nabor-muzykalnyh-instrumentov\/\",\"url\":\"https:\/\/cleverkids.ee\/et\/product\/nabor-muzykalnyh-instrumentov\/\",\"name\":\"Muusikariistade komplekt -\",\"isPartOf\":{\"@id\":\"https:\/\/cleverkids.ee\/et\/#website\"},\"primaryImageOfPage\":{\"@id\":\"https:\/\/cleverkids.ee\/et\/product\/nabor-muzykalnyh-instrumentov\/#primaryimage\"},\"image\":{\"@id\":\"https:\/\/cleverkids.ee\/et\/product\/nabor-muzykalnyh-instrumentov\/#primaryimage\"},\"thumbnailUrl\":\"https:\/\/cleverkids.ee\/wp-content\/uploads\/2024\/05\/9PCSMusicalInstrumentSetWoodenSTEMToysMusicalSetToys_1024x_ea6abc03-3abe-425c-8d49-e1841fa6767e_1800x1800-1.jpg\",\"datePublished\":\"2024-04-16T04:26:25+00:00\",\"dateModified\":\"2024-10-21T11:39:10+00:00\",\"description\":\"Muusikariistade komplekt - CLEVER KIDS\",\"breadcrumb\":{\"@id\":\"https:\/\/cleverkids.ee\/et\/product\/nabor-muzykalnyh-instrumentov\/#breadcrumb\"},\"inLanguage\":\"et\",\"potentialAction\":[{\"@type\":\"ReadAction\",\"target\":[\"https:\/\/cleverkids.ee\/et\/product\/nabor-muzykalnyh-instrumentov\/\"]}]},{\"@type\":\"ImageObject\",\"inLanguage\":\"et\",\"@id\":\"https:\/\/cleverkids.ee\/et\/product\/nabor-muzykalnyh-instrumentov\/#primaryimage\",\"url\":\"https:\/\/cleverkids.ee\/wp-content\/uploads\/2024\/05\/9PCSMusicalInstrumentSetWoodenSTEMToysMusicalSetToys_1024x_ea6abc03-3abe-425c-8d49-e1841fa6767e_1800x1800-1.jpg\",\"contentUrl\":\"https:\/\/cleverkids.ee\/wp-content\/uploads\/2024\/05\/9PCSMusicalInstrumentSetWoodenSTEMToysMusicalSetToys_1024x_ea6abc03-3abe-425c-8d49-e1841fa6767e_1800x1800-1.jpg\",\"width\":800,\"height\":800},{\"@type\":\"BreadcrumbList\",\"@id\":\"https:\/\/cleverkids.ee\/et\/product\/nabor-muzykalnyh-instrumentov\/#breadcrumb\",\"itemListElement\":[{\"@type\":\"ListItem\",\"position\":1,\"name\":\"Esileht\",\"item\":\"https:\/\/cleverkids.ee\/et\/\"},{\"@type\":\"ListItem\",\"position\":2,\"name\":\"Tooted\",\"item\":\"https:\/\/cleverkids.ee\/store\/\"},{\"@type\":\"ListItem\",\"position\":3,\"name\":\"Muusikariistade komplekt\"}]},{\"@type\":\"WebSite\",\"@id\":\"https:\/\/cleverkids.ee\/et\/#website\",\"url\":\"https:\/\/cleverkids.ee\/et\/\",\"name\":\"CLEVER KIDS\",\"description\":\"\",\"publisher\":{\"@id\":\"https:\/\/cleverkids.ee\/et\/#organization\"},\"potentialAction\":[{\"@type\":\"SearchAction\",\"target\":{\"@type\":\"EntryPoint\",\"urlTemplate\":\"https:\/\/cleverkids.ee\/et\/?s={search_term_string}\"},\"query-input\":{\"@type\":\"PropertyValueSpecification\",\"valueRequired\":true,\"valueName\":\"search_term_string\"}}],\"inLanguage\":\"et\"},{\"@type\":\"Organization\",\"@id\":\"https:\/\/cleverkids.ee\/et\/#organization\",\"name\":\"CLEVER KIDS\",\"url\":\"https:\/\/cleverkids.ee\/et\/\",\"logo\":{\"@type\":\"ImageObject\",\"inLanguage\":\"et\",\"@id\":\"https:\/\/cleverkids.ee\/et\/#\/schema\/logo\/image\/\",\"url\":\"https:\/\/cleverkids.ee\/wp-content\/uploads\/2024\/02\/image0-1024x1024.png\",\"contentUrl\":\"https:\/\/cleverkids.ee\/wp-content\/uploads\/2024\/02\/image0-1024x1024.png\",\"width\":1024,\"height\":1024,\"caption\":\"CLEVER KIDS\"},\"image\":{\"@id\":\"https:\/\/cleverkids.ee\/et\/#\/schema\/logo\/image\/\"},\"sameAs\":[\"https:\/\/www.facebook.com\/cleverkids.ee\/\",\"https:\/\/www.instagram.com\/cleverkids_ee\/\"]}]}<\/script>\n<!-- \/ Yoast SEO plugin. -->","yoast_head_json":{"title":"Muusikariistade komplekt -","description":"Muusikariistade komplekt - CLEVER KIDS","robots":{"index":"index","follow":"follow","max-snippet":"max-snippet:-1","max-image-preview":"max-image-preview:large","max-video-preview":"max-video-preview:-1"},"canonical":"https:\/\/cleverkids.ee\/et\/product\/nabor-muzykalnyh-instrumentov\/","og_locale":"et_EE","og_type":"article","og_title":"Muusikariistade komplekt -","og_description":"Muusikariistade komplekt - CLEVER KIDS","og_url":"https:\/\/cleverkids.ee\/et\/product\/nabor-muzykalnyh-instrumentov\/","og_site_name":"CLEVER KIDS","article_publisher":"https:\/\/www.facebook.com\/cleverkids.ee\/","article_modified_time":"2024-10-21T11:39:10+00:00","og_image":[{"width":800,"height":800,"url":"https:\/\/cleverkids.ee\/wp-content\/uploads\/2024\/05\/9PCSMusicalInstrumentSetWoodenSTEMToysMusicalSetToys_1024x_ea6abc03-3abe-425c-8d49-e1841fa6767e_1800x1800.jpg","type":"image\/jpeg"}],"twitter_card":"summary_large_image","schema":{"@context":"https:\/\/schema.org","@graph":[{"@type":"WebPage","@id":"https:\/\/cleverkids.ee\/et\/product\/nabor-muzykalnyh-instrumentov\/","url":"https:\/\/cleverkids.ee\/et\/product\/nabor-muzykalnyh-instrumentov\/","name":"Muusikariistade komplekt -","isPartOf":{"@id":"https:\/\/cleverkids.ee\/et\/#website"},"primaryImageOfPage":{"@id":"https:\/\/cleverkids.ee\/et\/product\/nabor-muzykalnyh-instrumentov\/#primaryimage"},"image":{"@id":"https:\/\/cleverkids.ee\/et\/product\/nabor-muzykalnyh-instrumentov\/#primaryimage"},"thumbnailUrl":"https:\/\/cleverkids.ee\/wp-content\/uploads\/2024\/05\/9PCSMusicalInstrumentSetWoodenSTEMToysMusicalSetToys_1024x_ea6abc03-3abe-425c-8d49-e1841fa6767e_1800x1800-1.jpg","datePublished":"2024-04-16T04:26:25+00:00","dateModified":"2024-10-21T11:39:10+00:00","description":"Muusikariistade komplekt - CLEVER KIDS","breadcrumb":{"@id":"https:\/\/cleverkids.ee\/et\/product\/nabor-muzykalnyh-instrumentov\/#breadcrumb"},"inLanguage":"et","potentialAction":[{"@type":"ReadAction","target":["https:\/\/cleverkids.ee\/et\/product\/nabor-muzykalnyh-instrumentov\/"]}]},{"@type":"ImageObject","inLanguage":"et","@id":"https:\/\/cleverkids.ee\/et\/product\/nabor-muzykalnyh-instrumentov\/#primaryimage","url":"https:\/\/cleverkids.ee\/wp-content\/uploads\/2024\/05\/9PCSMusicalInstrumentSetWoodenSTEMToysMusicalSetToys_1024x_ea6abc03-3abe-425c-8d49-e1841fa6767e_1800x1800-1.jpg","contentUrl":"https:\/\/cleverkids.ee\/wp-content\/uploads\/2024\/05\/9PCSMusicalInstrumentSetWoodenSTEMToysMusicalSetToys_1024x_ea6abc03-3abe-425c-8d49-e1841fa6767e_1800x1800-1.jpg","width":800,"height":800},{"@type":"BreadcrumbList","@id":"https:\/\/cleverkids.ee\/et\/product\/nabor-muzykalnyh-instrumentov\/#breadcrumb","itemListElement":[{"@type":"ListItem","position":1,"name":"Esileht","item":"https:\/\/cleverkids.ee\/et\/"},{"@type":"ListItem","position":2,"name":"Tooted","item":"https:\/\/cleverkids.ee\/store\/"},{"@type":"ListItem","position":3,"name":"Muusikariistade komplekt"}]},{"@type":"WebSite","@id":"https:\/\/cleverkids.ee\/et\/#website","url":"https:\/\/cleverkids.ee\/et\/","name":"CLEVER KIDS","description":"","publisher":{"@id":"https:\/\/cleverkids.ee\/et\/#organization"},"potentialAction":[{"@type":"SearchAction","target":{"@type":"EntryPoint","urlTemplate":"https:\/\/cleverkids.ee\/et\/?s={search_term_string}"},"query-input":{"@type":"PropertyValueSpecification","valueRequired":true,"valueName":"search_term_string"}}],"inLanguage":"et"},{"@type":"Organization","@id":"https:\/\/cleverkids.ee\/et\/#organization","name":"CLEVER KIDS","url":"https:\/\/cleverkids.ee\/et\/","logo":{"@type":"ImageObject","inLanguage":"et","@id":"https:\/\/cleverkids.ee\/et\/#\/schema\/logo\/image\/","url":"https:\/\/cleverkids.ee\/wp-content\/uploads\/2024\/02\/image0-1024x1024.png","contentUrl":"https:\/\/cleverkids.ee\/wp-content\/uploads\/2024\/02\/image0-1024x1024.png","width":1024,"height":1024,"caption":"CLEVER KIDS"},"image":{"@id":"https:\/\/cleverkids.ee\/et\/#\/schema\/logo\/image\/"},"sameAs":["https:\/\/www.facebook.com\/cleverkids.ee\/","https:\/\/www.instagram.com\/cleverkids_ee\/"]}]}},"_links":{"self":[{"href":"https:\/\/cleverkids.ee\/et\/wp-json\/wp\/v2\/product\/53407","targetHints":{"allow":["GET"]}}],"collection":[{"href":"https:\/\/cleverkids.ee\/et\/wp-json\/wp\/v2\/product"}],"about":[{"href":"https:\/\/cleverkids.ee\/et\/wp-json\/wp\/v2\/types\/product"}],"wp:featuredmedia":[{"embeddable":true,"href":"https:\/\/cleverkids.ee\/et\/wp-json\/wp\/v2\/media\/71610"}],"wp:attachment":[{"href":"https:\/\/cleverkids.ee\/et\/wp-json\/wp\/v2\/media?parent=53407"}],"wp:term":[{"taxonomy":"product_brand","embeddable":true,"href":"https:\/\/cleverkids.ee\/et\/wp-json\/wp\/v2\/product_brand?post=53407"},{"taxonomy":"product_cat","embeddable":true,"href":"https:\/\/cleverkids.ee\/et\/wp-json\/wp\/v2\/product_cat?post=53407"},{"taxonomy":"product_tag","embeddable":true,"href":"https:\/\/cleverkids.ee\/et\/wp-json\/wp\/v2\/product_tag?post=53407"}],"curies":[{"name":"wp","href":"https:\/\/api.w.org\/{rel}","templated":true}]}}