{"id":53461,"date":"2024-04-16T07:26:32","date_gmt":"2024-04-16T04:26:32","guid":{"rendered":"https:\/\/cleverkids.dev2.sdhost.eu\/product\/%d0%bf%d0%be%d0%b4%d0%b2%d0%b8%d0%b6%d0%bd%d0%b0%d1%8f-%d0%b8%d0%b3%d1%80%d0%b0-%d1%82%d0%b2%d0%b8%d1%81%d1%82-%d1%80-%d1%81-%d1%84%d0%b0%d0%bd%d1%82%d0%b0%d0%bc%d0%b8-6\/"},"modified":"2024-06-23T17:59:56","modified_gmt":"2024-06-23T14:59:56","slug":"podvizhnaya-igra-tvist-r-s-fantami-6","status":"publish","type":"product","link":"https:\/\/cleverkids.ee\/et\/product\/podvizhnaya-igra-tvist-r-s-fantami-6\/","title":{"rendered":"Lauam\u00e4ng Twister , 6+"},"content":{"rendered":"<p>Liituge l\u00f5busa m\u00e4nguga kogu perele!<\/p>\n<p>Twister on aktiivne m\u00e4ng l\u00f5busale seltskonnale v\u00f5i kogu perele. Kelle jalg see on? Kelle k\u00e4si? M\u00e4ngijad peavad \u00fclesande ja vajaliku kehaosa \u00f5igel ringil t\u00e4itmiseks pead korralikult p\u00f6\u00f6rama. Mida kaugemal, seda raskem on \u00f5iges asendis p\u00fcsida, kuid mida raskem, seda l\u00f5busam!<\/p>\n<p class=\"h4\">Komplektis on:\u00a01 TWISTER matt\u00a0<span style=\"font-size: 16px;\">1,8 \u0445 1,2 \u043c ja\u00a0<\/span>1 v\u00e4rvidega nool.<\/p>\n","protected":false},"excerpt":{"rendered":"<p>Liituge l\u00f5busa m\u00e4nguga kogu perele! Twister on aktiivne m\u00e4ng l\u00f5busale seltskonnale v\u00f5i kogu perele. Kelle jalg see on? Kelle k\u00e4si? M\u00e4ngijad peavad \u00fclesande ja vajaliku kehaosa \u00f5igel ringil t\u00e4itmiseks pead korralikult p\u00f6\u00f6rama. Mida kaugemal, seda raskem on \u00f5iges asendis p\u00fcsida, kuid mida raskem, seda l\u00f5busam! Komplektis on:\u00a01 TWISTER matt\u00a01,8 \u0445 1,2 \u043c ja\u00a01 v\u00e4rvidega nool.<\/p>\n","protected":false},"featured_media":71658,"template":"","meta":{"_monsterinsights_skip_tracking":false,"_monsterinsights_sitenote_active":false,"_monsterinsights_sitenote_note":"","_monsterinsights_sitenote_category":0},"product_brand":[],"product_cat":[50,58],"product_tag":[],"class_list":{"0":"post-53461","1":"product","2":"type-product","3":"status-publish","4":"has-post-thumbnail","6":"product_cat-arendavad-manguasjad","7":"product_cat-unkategorized","8":"pa_vozrast-ot-5-let-et","10":"first","11":"instock","12":"shipping-taxable","13":"purchasable","14":"product-type-simple"},"yoast_head":"<!-- This site is optimized with the Yoast SEO plugin v25.0 - https:\/\/yoast.com\/wordpress\/plugins\/seo\/ -->\n<title>Lauam\u00e4ng Twister , 6+ -<\/title>\n<meta name=\"description\" content=\"Lauam\u00e4ng Twister , 6+ - CLEVER KIDS\" \/>\n<meta name=\"robots\" content=\"index, follow, max-snippet:-1, max-image-preview:large, max-video-preview:-1\" \/>\n<link rel=\"canonical\" href=\"https:\/\/cleverkids.ee\/et\/product\/podvizhnaya-igra-tvist-r-s-fantami-6\/\" \/>\n<meta property=\"og:locale\" content=\"et_EE\" \/>\n<meta property=\"og:type\" content=\"article\" \/>\n<meta property=\"og:title\" content=\"Lauam\u00e4ng Twister , 6+ -\" \/>\n<meta property=\"og:description\" content=\"Lauam\u00e4ng Twister , 6+ - CLEVER KIDS\" \/>\n<meta property=\"og:url\" content=\"https:\/\/cleverkids.ee\/et\/product\/podvizhnaya-igra-tvist-r-s-fantami-6\/\" \/>\n<meta property=\"og:site_name\" content=\"CLEVER KIDS\" \/>\n<meta property=\"article:publisher\" content=\"https:\/\/www.facebook.com\/cleverkids.ee\/\" \/>\n<meta property=\"article:modified_time\" content=\"2024-06-23T14:59:56+00:00\" \/>\n<meta property=\"og:image\" content=\"https:\/\/cleverkids.ee\/wp-content\/uploads\/2024\/05\/1600-7-2.jpg\" \/>\n\t<meta property=\"og:image:width\" content=\"1600\" \/>\n\t<meta property=\"og:image:height\" content=\"1600\" \/>\n\t<meta property=\"og:image:type\" content=\"image\/jpeg\" \/>\n<meta name=\"twitter:card\" content=\"summary_large_image\" \/>\n<script type=\"application\/ld+json\" class=\"yoast-schema-graph\">{\"@context\":\"https:\/\/schema.org\",\"@graph\":[{\"@type\":\"WebPage\",\"@id\":\"https:\/\/cleverkids.ee\/et\/product\/podvizhnaya-igra-tvist-r-s-fantami-6\/\",\"url\":\"https:\/\/cleverkids.ee\/et\/product\/podvizhnaya-igra-tvist-r-s-fantami-6\/\",\"name\":\"Lauam\u00e4ng Twister , 6+ -\",\"isPartOf\":{\"@id\":\"https:\/\/cleverkids.ee\/et\/#website\"},\"primaryImageOfPage\":{\"@id\":\"https:\/\/cleverkids.ee\/et\/product\/podvizhnaya-igra-tvist-r-s-fantami-6\/#primaryimage\"},\"image\":{\"@id\":\"https:\/\/cleverkids.ee\/et\/product\/podvizhnaya-igra-tvist-r-s-fantami-6\/#primaryimage\"},\"thumbnailUrl\":\"https:\/\/cleverkids.ee\/wp-content\/uploads\/2024\/05\/1600-7-2-3.jpg\",\"datePublished\":\"2024-04-16T04:26:32+00:00\",\"dateModified\":\"2024-06-23T14:59:56+00:00\",\"description\":\"Lauam\u00e4ng Twister , 6+ - CLEVER KIDS\",\"breadcrumb\":{\"@id\":\"https:\/\/cleverkids.ee\/et\/product\/podvizhnaya-igra-tvist-r-s-fantami-6\/#breadcrumb\"},\"inLanguage\":\"et\",\"potentialAction\":[{\"@type\":\"ReadAction\",\"target\":[\"https:\/\/cleverkids.ee\/et\/product\/podvizhnaya-igra-tvist-r-s-fantami-6\/\"]}]},{\"@type\":\"ImageObject\",\"inLanguage\":\"et\",\"@id\":\"https:\/\/cleverkids.ee\/et\/product\/podvizhnaya-igra-tvist-r-s-fantami-6\/#primaryimage\",\"url\":\"https:\/\/cleverkids.ee\/wp-content\/uploads\/2024\/05\/1600-7-2-3.jpg\",\"contentUrl\":\"https:\/\/cleverkids.ee\/wp-content\/uploads\/2024\/05\/1600-7-2-3.jpg\",\"width\":1600,\"height\":1600},{\"@type\":\"BreadcrumbList\",\"@id\":\"https:\/\/cleverkids.ee\/et\/product\/podvizhnaya-igra-tvist-r-s-fantami-6\/#breadcrumb\",\"itemListElement\":[{\"@type\":\"ListItem\",\"position\":1,\"name\":\"Esileht\",\"item\":\"https:\/\/cleverkids.ee\/et\/\"},{\"@type\":\"ListItem\",\"position\":2,\"name\":\"Tooted\",\"item\":\"https:\/\/cleverkids.ee\/store\/\"},{\"@type\":\"ListItem\",\"position\":3,\"name\":\"Lauam\u00e4ng Twister , 6+\"}]},{\"@type\":\"WebSite\",\"@id\":\"https:\/\/cleverkids.ee\/et\/#website\",\"url\":\"https:\/\/cleverkids.ee\/et\/\",\"name\":\"CLEVER KIDS\",\"description\":\"\",\"publisher\":{\"@id\":\"https:\/\/cleverkids.ee\/et\/#organization\"},\"potentialAction\":[{\"@type\":\"SearchAction\",\"target\":{\"@type\":\"EntryPoint\",\"urlTemplate\":\"https:\/\/cleverkids.ee\/et\/?s={search_term_string}\"},\"query-input\":{\"@type\":\"PropertyValueSpecification\",\"valueRequired\":true,\"valueName\":\"search_term_string\"}}],\"inLanguage\":\"et\"},{\"@type\":\"Organization\",\"@id\":\"https:\/\/cleverkids.ee\/et\/#organization\",\"name\":\"CLEVER KIDS\",\"url\":\"https:\/\/cleverkids.ee\/et\/\",\"logo\":{\"@type\":\"ImageObject\",\"inLanguage\":\"et\",\"@id\":\"https:\/\/cleverkids.ee\/et\/#\/schema\/logo\/image\/\",\"url\":\"https:\/\/cleverkids.ee\/wp-content\/uploads\/2024\/02\/image0-1024x1024.png\",\"contentUrl\":\"https:\/\/cleverkids.ee\/wp-content\/uploads\/2024\/02\/image0-1024x1024.png\",\"width\":1024,\"height\":1024,\"caption\":\"CLEVER KIDS\"},\"image\":{\"@id\":\"https:\/\/cleverkids.ee\/et\/#\/schema\/logo\/image\/\"},\"sameAs\":[\"https:\/\/www.facebook.com\/cleverkids.ee\/\",\"https:\/\/www.instagram.com\/cleverkids_ee\/\"]}]}<\/script>\n<!-- \/ Yoast SEO plugin. -->","yoast_head_json":{"title":"Lauam\u00e4ng Twister , 6+ -","description":"Lauam\u00e4ng Twister , 6+ - CLEVER KIDS","robots":{"index":"index","follow":"follow","max-snippet":"max-snippet:-1","max-image-preview":"max-image-preview:large","max-video-preview":"max-video-preview:-1"},"canonical":"https:\/\/cleverkids.ee\/et\/product\/podvizhnaya-igra-tvist-r-s-fantami-6\/","og_locale":"et_EE","og_type":"article","og_title":"Lauam\u00e4ng Twister , 6+ -","og_description":"Lauam\u00e4ng Twister , 6+ - CLEVER KIDS","og_url":"https:\/\/cleverkids.ee\/et\/product\/podvizhnaya-igra-tvist-r-s-fantami-6\/","og_site_name":"CLEVER KIDS","article_publisher":"https:\/\/www.facebook.com\/cleverkids.ee\/","article_modified_time":"2024-06-23T14:59:56+00:00","og_image":[{"width":1600,"height":1600,"url":"https:\/\/cleverkids.ee\/wp-content\/uploads\/2024\/05\/1600-7-2.jpg","type":"image\/jpeg"}],"twitter_card":"summary_large_image","schema":{"@context":"https:\/\/schema.org","@graph":[{"@type":"WebPage","@id":"https:\/\/cleverkids.ee\/et\/product\/podvizhnaya-igra-tvist-r-s-fantami-6\/","url":"https:\/\/cleverkids.ee\/et\/product\/podvizhnaya-igra-tvist-r-s-fantami-6\/","name":"Lauam\u00e4ng Twister , 6+ -","isPartOf":{"@id":"https:\/\/cleverkids.ee\/et\/#website"},"primaryImageOfPage":{"@id":"https:\/\/cleverkids.ee\/et\/product\/podvizhnaya-igra-tvist-r-s-fantami-6\/#primaryimage"},"image":{"@id":"https:\/\/cleverkids.ee\/et\/product\/podvizhnaya-igra-tvist-r-s-fantami-6\/#primaryimage"},"thumbnailUrl":"https:\/\/cleverkids.ee\/wp-content\/uploads\/2024\/05\/1600-7-2-3.jpg","datePublished":"2024-04-16T04:26:32+00:00","dateModified":"2024-06-23T14:59:56+00:00","description":"Lauam\u00e4ng Twister , 6+ - CLEVER KIDS","breadcrumb":{"@id":"https:\/\/cleverkids.ee\/et\/product\/podvizhnaya-igra-tvist-r-s-fantami-6\/#breadcrumb"},"inLanguage":"et","potentialAction":[{"@type":"ReadAction","target":["https:\/\/cleverkids.ee\/et\/product\/podvizhnaya-igra-tvist-r-s-fantami-6\/"]}]},{"@type":"ImageObject","inLanguage":"et","@id":"https:\/\/cleverkids.ee\/et\/product\/podvizhnaya-igra-tvist-r-s-fantami-6\/#primaryimage","url":"https:\/\/cleverkids.ee\/wp-content\/uploads\/2024\/05\/1600-7-2-3.jpg","contentUrl":"https:\/\/cleverkids.ee\/wp-content\/uploads\/2024\/05\/1600-7-2-3.jpg","width":1600,"height":1600},{"@type":"BreadcrumbList","@id":"https:\/\/cleverkids.ee\/et\/product\/podvizhnaya-igra-tvist-r-s-fantami-6\/#breadcrumb","itemListElement":[{"@type":"ListItem","position":1,"name":"Esileht","item":"https:\/\/cleverkids.ee\/et\/"},{"@type":"ListItem","position":2,"name":"Tooted","item":"https:\/\/cleverkids.ee\/store\/"},{"@type":"ListItem","position":3,"name":"Lauam\u00e4ng Twister , 6+"}]},{"@type":"WebSite","@id":"https:\/\/cleverkids.ee\/et\/#website","url":"https:\/\/cleverkids.ee\/et\/","name":"CLEVER KIDS","description":"","publisher":{"@id":"https:\/\/cleverkids.ee\/et\/#organization"},"potentialAction":[{"@type":"SearchAction","target":{"@type":"EntryPoint","urlTemplate":"https:\/\/cleverkids.ee\/et\/?s={search_term_string}"},"query-input":{"@type":"PropertyValueSpecification","valueRequired":true,"valueName":"search_term_string"}}],"inLanguage":"et"},{"@type":"Organization","@id":"https:\/\/cleverkids.ee\/et\/#organization","name":"CLEVER KIDS","url":"https:\/\/cleverkids.ee\/et\/","logo":{"@type":"ImageObject","inLanguage":"et","@id":"https:\/\/cleverkids.ee\/et\/#\/schema\/logo\/image\/","url":"https:\/\/cleverkids.ee\/wp-content\/uploads\/2024\/02\/image0-1024x1024.png","contentUrl":"https:\/\/cleverkids.ee\/wp-content\/uploads\/2024\/02\/image0-1024x1024.png","width":1024,"height":1024,"caption":"CLEVER KIDS"},"image":{"@id":"https:\/\/cleverkids.ee\/et\/#\/schema\/logo\/image\/"},"sameAs":["https:\/\/www.facebook.com\/cleverkids.ee\/","https:\/\/www.instagram.com\/cleverkids_ee\/"]}]}},"_links":{"self":[{"href":"https:\/\/cleverkids.ee\/et\/wp-json\/wp\/v2\/product\/53461","targetHints":{"allow":["GET"]}}],"collection":[{"href":"https:\/\/cleverkids.ee\/et\/wp-json\/wp\/v2\/product"}],"about":[{"href":"https:\/\/cleverkids.ee\/et\/wp-json\/wp\/v2\/types\/product"}],"wp:featuredmedia":[{"embeddable":true,"href":"https:\/\/cleverkids.ee\/et\/wp-json\/wp\/v2\/media\/71658"}],"wp:attachment":[{"href":"https:\/\/cleverkids.ee\/et\/wp-json\/wp\/v2\/media?parent=53461"}],"wp:term":[{"taxonomy":"product_brand","embeddable":true,"href":"https:\/\/cleverkids.ee\/et\/wp-json\/wp\/v2\/product_brand?post=53461"},{"taxonomy":"product_cat","embeddable":true,"href":"https:\/\/cleverkids.ee\/et\/wp-json\/wp\/v2\/product_cat?post=53461"},{"taxonomy":"product_tag","embeddable":true,"href":"https:\/\/cleverkids.ee\/et\/wp-json\/wp\/v2\/product_tag?post=53461"}],"curies":[{"name":"wp","href":"https:\/\/api.w.org\/{rel}","templated":true}]}}