{"id":53469,"date":"2024-04-16T07:26:32","date_gmt":"2024-04-16T04:26:32","guid":{"rendered":"https:\/\/cleverkids.dev2.sdhost.eu\/product\/%d0%bd%d0%b0%d1%81%d1%82%d0%be%d0%bb%d1%8c%d0%bd%d0%b0%d1%8f-%d0%b8%d0%b3%d1%80%d0%b0-%d0%b4%d1%83%d0%b1%d0%b1%d0%bb%d1%8c-%d0%b6%d0%b8%d0%b2%d0%be%d1%82%d0%bd%d1%8b%d0%b5-%d0%bd%d0%b0\/"},"modified":"2024-06-23T17:59:56","modified_gmt":"2024-06-23T14:59:56","slug":"nastolnaya-igra-dubbl-zhivotnye-na","status":"publish","type":"product","link":"https:\/\/cleverkids.ee\/et\/product\/nastolnaya-igra-dubbl-zhivotnye-na\/","title":{"rendered":"Kaardim\u00e4ng Dobble &#8220;Loomad&#8221;, 55 kaarti"},"content":{"rendered":"<div class=\"\" data-testid=\"description-wrap\">\n<div class=\"FUSJU QfWKA\" data-testid=\"about-section-description\">\n<p class=\"h4\">Dobble on lihtne kujundite \u00e4ratundmise m\u00e4ng, kus m\u00e4ngijad \u00fcritavad leida kahel kaardil sarnast kujundit. Kogu pakis on 55 kaarti.<br \/>\nIgal Dobble kaardil on kaheksa erinevat s\u00fcmbolit, mille suurus varieerub kaardilt kaardile. \u00dcksk\u00f5ik millisel kahel kaardil on olemas ainult \u00fcks \u00fchine s\u00fcmbol. P\u00fc\u00fca kaartidelt leida sarnaseid kujundeid k\u00f5ige kiiremini ja saad kaardi endale. V\u00f5idab see, kellel on k\u00f5ige rohkem kaarte.<\/p>\n<\/div>\n<p>Karbi suurus &#8211; 8,5 sm \u0445 8,5 sm \u0445 2,5 sm<\/p>\n<h2 class=\"h4\"><\/h2>\n<\/div>\n","protected":false},"excerpt":{"rendered":"<p>Dobble on lihtne kujundite \u00e4ratundmise m\u00e4ng, kus m\u00e4ngijad \u00fcritavad leida kahel kaardil sarnast kujundit. Kogu pakis on 55 kaarti. Igal Dobble kaardil on kaheksa erinevat s\u00fcmbolit, mille suurus varieerub kaardilt kaardile. \u00dcksk\u00f5ik millisel kahel kaardil on olemas ainult \u00fcks \u00fchine s\u00fcmbol. P\u00fc\u00fca kaartidelt leida sarnaseid kujundeid k\u00f5ige kiiremini ja saad kaardi endale. V\u00f5idab see, kellel [&hellip;]<\/p>\n","protected":false},"featured_media":71670,"template":"","meta":{"_monsterinsights_skip_tracking":false,"_monsterinsights_sitenote_active":false,"_monsterinsights_sitenote_note":"","_monsterinsights_sitenote_category":0},"product_brand":[],"product_cat":[55,56,58],"product_tag":[],"class_list":{"0":"post-53469","1":"product","2":"type-product","3":"status-publish","4":"has-post-thumbnail","6":"product_cat-lauamangud","7":"product_cat-kone-areng","8":"product_cat-unkategorized","9":"pa_vozrast-ot-5-let-et","11":"first","12":"instock","13":"shipping-taxable","14":"purchasable","15":"product-type-simple"},"yoast_head":"<!-- This site is optimized with the Yoast SEO plugin v25.0 - https:\/\/yoast.com\/wordpress\/plugins\/seo\/ -->\n<title>Kaardim\u00e4ng Dobble &quot;Loomad&quot;, 55 kaarti -<\/title>\n<meta name=\"description\" content=\"Kaardim\u00e4ng Dobble &quot;Loomad&quot;, 55 kaarti - CLEVER KIDS\" \/>\n<meta name=\"robots\" content=\"index, follow, max-snippet:-1, max-image-preview:large, max-video-preview:-1\" \/>\n<link rel=\"canonical\" href=\"https:\/\/cleverkids.ee\/et\/product\/nastolnaya-igra-dubbl-zhivotnye-na\/\" \/>\n<meta property=\"og:locale\" content=\"et_EE\" \/>\n<meta property=\"og:type\" content=\"article\" \/>\n<meta property=\"og:title\" content=\"Kaardim\u00e4ng Dobble &quot;Loomad&quot;, 55 kaarti -\" \/>\n<meta property=\"og:description\" content=\"Kaardim\u00e4ng Dobble &quot;Loomad&quot;, 55 kaarti - CLEVER KIDS\" \/>\n<meta property=\"og:url\" content=\"https:\/\/cleverkids.ee\/et\/product\/nastolnaya-igra-dubbl-zhivotnye-na\/\" \/>\n<meta property=\"og:site_name\" content=\"CLEVER KIDS\" \/>\n<meta property=\"article:publisher\" content=\"https:\/\/www.facebook.com\/cleverkids.ee\/\" \/>\n<meta property=\"article:modified_time\" content=\"2024-06-23T14:59:56+00:00\" \/>\n<meta property=\"og:image\" content=\"https:\/\/cleverkids.ee\/wp-content\/uploads\/2024\/05\/1600-11-6.jpg\" \/>\n\t<meta property=\"og:image:width\" content=\"1600\" \/>\n\t<meta property=\"og:image:height\" content=\"1600\" \/>\n\t<meta property=\"og:image:type\" content=\"image\/jpeg\" \/>\n<meta name=\"twitter:card\" content=\"summary_large_image\" \/>\n<script type=\"application\/ld+json\" class=\"yoast-schema-graph\">{\"@context\":\"https:\/\/schema.org\",\"@graph\":[{\"@type\":\"WebPage\",\"@id\":\"https:\/\/cleverkids.ee\/et\/product\/nastolnaya-igra-dubbl-zhivotnye-na\/\",\"url\":\"https:\/\/cleverkids.ee\/et\/product\/nastolnaya-igra-dubbl-zhivotnye-na\/\",\"name\":\"Kaardim\u00e4ng Dobble \\\"Loomad\\\", 55 kaarti -\",\"isPartOf\":{\"@id\":\"https:\/\/cleverkids.ee\/et\/#website\"},\"primaryImageOfPage\":{\"@id\":\"https:\/\/cleverkids.ee\/et\/product\/nastolnaya-igra-dubbl-zhivotnye-na\/#primaryimage\"},\"image\":{\"@id\":\"https:\/\/cleverkids.ee\/et\/product\/nastolnaya-igra-dubbl-zhivotnye-na\/#primaryimage\"},\"thumbnailUrl\":\"https:\/\/cleverkids.ee\/wp-content\/uploads\/2024\/05\/1600-11-6.jpg\",\"datePublished\":\"2024-04-16T04:26:32+00:00\",\"dateModified\":\"2024-06-23T14:59:56+00:00\",\"description\":\"Kaardim\u00e4ng Dobble \\\"Loomad\\\", 55 kaarti - CLEVER KIDS\",\"breadcrumb\":{\"@id\":\"https:\/\/cleverkids.ee\/et\/product\/nastolnaya-igra-dubbl-zhivotnye-na\/#breadcrumb\"},\"inLanguage\":\"et\",\"potentialAction\":[{\"@type\":\"ReadAction\",\"target\":[\"https:\/\/cleverkids.ee\/et\/product\/nastolnaya-igra-dubbl-zhivotnye-na\/\"]}]},{\"@type\":\"ImageObject\",\"inLanguage\":\"et\",\"@id\":\"https:\/\/cleverkids.ee\/et\/product\/nastolnaya-igra-dubbl-zhivotnye-na\/#primaryimage\",\"url\":\"https:\/\/cleverkids.ee\/wp-content\/uploads\/2024\/05\/1600-11-6.jpg\",\"contentUrl\":\"https:\/\/cleverkids.ee\/wp-content\/uploads\/2024\/05\/1600-11-6.jpg\",\"width\":1600,\"height\":1600},{\"@type\":\"BreadcrumbList\",\"@id\":\"https:\/\/cleverkids.ee\/et\/product\/nastolnaya-igra-dubbl-zhivotnye-na\/#breadcrumb\",\"itemListElement\":[{\"@type\":\"ListItem\",\"position\":1,\"name\":\"Esileht\",\"item\":\"https:\/\/cleverkids.ee\/et\/\"},{\"@type\":\"ListItem\",\"position\":2,\"name\":\"Tooted\",\"item\":\"https:\/\/cleverkids.ee\/store\/\"},{\"@type\":\"ListItem\",\"position\":3,\"name\":\"Kaardim\u00e4ng Dobble &#171;Loomad&#187;, 55 kaarti\"}]},{\"@type\":\"WebSite\",\"@id\":\"https:\/\/cleverkids.ee\/et\/#website\",\"url\":\"https:\/\/cleverkids.ee\/et\/\",\"name\":\"CLEVER KIDS\",\"description\":\"\",\"publisher\":{\"@id\":\"https:\/\/cleverkids.ee\/et\/#organization\"},\"potentialAction\":[{\"@type\":\"SearchAction\",\"target\":{\"@type\":\"EntryPoint\",\"urlTemplate\":\"https:\/\/cleverkids.ee\/et\/?s={search_term_string}\"},\"query-input\":{\"@type\":\"PropertyValueSpecification\",\"valueRequired\":true,\"valueName\":\"search_term_string\"}}],\"inLanguage\":\"et\"},{\"@type\":\"Organization\",\"@id\":\"https:\/\/cleverkids.ee\/et\/#organization\",\"name\":\"CLEVER KIDS\",\"url\":\"https:\/\/cleverkids.ee\/et\/\",\"logo\":{\"@type\":\"ImageObject\",\"inLanguage\":\"et\",\"@id\":\"https:\/\/cleverkids.ee\/et\/#\/schema\/logo\/image\/\",\"url\":\"https:\/\/cleverkids.ee\/wp-content\/uploads\/2024\/02\/image0-1024x1024.png\",\"contentUrl\":\"https:\/\/cleverkids.ee\/wp-content\/uploads\/2024\/02\/image0-1024x1024.png\",\"width\":1024,\"height\":1024,\"caption\":\"CLEVER KIDS\"},\"image\":{\"@id\":\"https:\/\/cleverkids.ee\/et\/#\/schema\/logo\/image\/\"},\"sameAs\":[\"https:\/\/www.facebook.com\/cleverkids.ee\/\",\"https:\/\/www.instagram.com\/cleverkids_ee\/\"]}]}<\/script>\n<!-- \/ Yoast SEO plugin. -->","yoast_head_json":{"title":"Kaardim\u00e4ng Dobble \"Loomad\", 55 kaarti -","description":"Kaardim\u00e4ng Dobble \"Loomad\", 55 kaarti - CLEVER KIDS","robots":{"index":"index","follow":"follow","max-snippet":"max-snippet:-1","max-image-preview":"max-image-preview:large","max-video-preview":"max-video-preview:-1"},"canonical":"https:\/\/cleverkids.ee\/et\/product\/nastolnaya-igra-dubbl-zhivotnye-na\/","og_locale":"et_EE","og_type":"article","og_title":"Kaardim\u00e4ng Dobble \"Loomad\", 55 kaarti -","og_description":"Kaardim\u00e4ng Dobble \"Loomad\", 55 kaarti - CLEVER KIDS","og_url":"https:\/\/cleverkids.ee\/et\/product\/nastolnaya-igra-dubbl-zhivotnye-na\/","og_site_name":"CLEVER KIDS","article_publisher":"https:\/\/www.facebook.com\/cleverkids.ee\/","article_modified_time":"2024-06-23T14:59:56+00:00","og_image":[{"width":1600,"height":1600,"url":"https:\/\/cleverkids.ee\/wp-content\/uploads\/2024\/05\/1600-11-6.jpg","type":"image\/jpeg"}],"twitter_card":"summary_large_image","schema":{"@context":"https:\/\/schema.org","@graph":[{"@type":"WebPage","@id":"https:\/\/cleverkids.ee\/et\/product\/nastolnaya-igra-dubbl-zhivotnye-na\/","url":"https:\/\/cleverkids.ee\/et\/product\/nastolnaya-igra-dubbl-zhivotnye-na\/","name":"Kaardim\u00e4ng Dobble \"Loomad\", 55 kaarti -","isPartOf":{"@id":"https:\/\/cleverkids.ee\/et\/#website"},"primaryImageOfPage":{"@id":"https:\/\/cleverkids.ee\/et\/product\/nastolnaya-igra-dubbl-zhivotnye-na\/#primaryimage"},"image":{"@id":"https:\/\/cleverkids.ee\/et\/product\/nastolnaya-igra-dubbl-zhivotnye-na\/#primaryimage"},"thumbnailUrl":"https:\/\/cleverkids.ee\/wp-content\/uploads\/2024\/05\/1600-11-6.jpg","datePublished":"2024-04-16T04:26:32+00:00","dateModified":"2024-06-23T14:59:56+00:00","description":"Kaardim\u00e4ng Dobble \"Loomad\", 55 kaarti - CLEVER KIDS","breadcrumb":{"@id":"https:\/\/cleverkids.ee\/et\/product\/nastolnaya-igra-dubbl-zhivotnye-na\/#breadcrumb"},"inLanguage":"et","potentialAction":[{"@type":"ReadAction","target":["https:\/\/cleverkids.ee\/et\/product\/nastolnaya-igra-dubbl-zhivotnye-na\/"]}]},{"@type":"ImageObject","inLanguage":"et","@id":"https:\/\/cleverkids.ee\/et\/product\/nastolnaya-igra-dubbl-zhivotnye-na\/#primaryimage","url":"https:\/\/cleverkids.ee\/wp-content\/uploads\/2024\/05\/1600-11-6.jpg","contentUrl":"https:\/\/cleverkids.ee\/wp-content\/uploads\/2024\/05\/1600-11-6.jpg","width":1600,"height":1600},{"@type":"BreadcrumbList","@id":"https:\/\/cleverkids.ee\/et\/product\/nastolnaya-igra-dubbl-zhivotnye-na\/#breadcrumb","itemListElement":[{"@type":"ListItem","position":1,"name":"Esileht","item":"https:\/\/cleverkids.ee\/et\/"},{"@type":"ListItem","position":2,"name":"Tooted","item":"https:\/\/cleverkids.ee\/store\/"},{"@type":"ListItem","position":3,"name":"Kaardim\u00e4ng Dobble &#171;Loomad&#187;, 55 kaarti"}]},{"@type":"WebSite","@id":"https:\/\/cleverkids.ee\/et\/#website","url":"https:\/\/cleverkids.ee\/et\/","name":"CLEVER KIDS","description":"","publisher":{"@id":"https:\/\/cleverkids.ee\/et\/#organization"},"potentialAction":[{"@type":"SearchAction","target":{"@type":"EntryPoint","urlTemplate":"https:\/\/cleverkids.ee\/et\/?s={search_term_string}"},"query-input":{"@type":"PropertyValueSpecification","valueRequired":true,"valueName":"search_term_string"}}],"inLanguage":"et"},{"@type":"Organization","@id":"https:\/\/cleverkids.ee\/et\/#organization","name":"CLEVER KIDS","url":"https:\/\/cleverkids.ee\/et\/","logo":{"@type":"ImageObject","inLanguage":"et","@id":"https:\/\/cleverkids.ee\/et\/#\/schema\/logo\/image\/","url":"https:\/\/cleverkids.ee\/wp-content\/uploads\/2024\/02\/image0-1024x1024.png","contentUrl":"https:\/\/cleverkids.ee\/wp-content\/uploads\/2024\/02\/image0-1024x1024.png","width":1024,"height":1024,"caption":"CLEVER KIDS"},"image":{"@id":"https:\/\/cleverkids.ee\/et\/#\/schema\/logo\/image\/"},"sameAs":["https:\/\/www.facebook.com\/cleverkids.ee\/","https:\/\/www.instagram.com\/cleverkids_ee\/"]}]}},"_links":{"self":[{"href":"https:\/\/cleverkids.ee\/et\/wp-json\/wp\/v2\/product\/53469","targetHints":{"allow":["GET"]}}],"collection":[{"href":"https:\/\/cleverkids.ee\/et\/wp-json\/wp\/v2\/product"}],"about":[{"href":"https:\/\/cleverkids.ee\/et\/wp-json\/wp\/v2\/types\/product"}],"wp:featuredmedia":[{"embeddable":true,"href":"https:\/\/cleverkids.ee\/et\/wp-json\/wp\/v2\/media\/71670"}],"wp:attachment":[{"href":"https:\/\/cleverkids.ee\/et\/wp-json\/wp\/v2\/media?parent=53469"}],"wp:term":[{"taxonomy":"product_brand","embeddable":true,"href":"https:\/\/cleverkids.ee\/et\/wp-json\/wp\/v2\/product_brand?post=53469"},{"taxonomy":"product_cat","embeddable":true,"href":"https:\/\/cleverkids.ee\/et\/wp-json\/wp\/v2\/product_cat?post=53469"},{"taxonomy":"product_tag","embeddable":true,"href":"https:\/\/cleverkids.ee\/et\/wp-json\/wp\/v2\/product_tag?post=53469"}],"curies":[{"name":"wp","href":"https:\/\/api.w.org\/{rel}","templated":true}]}}