{"id":54144,"date":"2024-04-16T07:27:08","date_gmt":"2024-04-16T04:27:08","guid":{"rendered":"https:\/\/cleverkids.dev2.sdhost.eu\/product\/%d1%82%d0%b2%d0%be%d1%80%d1%87%d0%b5%d1%81%d0%ba%d0%b8%d0%b9-%d0%bd%d0%b0%d0%b1%d0%be%d1%80-%d0%b0%d0%bb%d0%bc%d0%b0%d0%b7%d0%bd%d0%b0%d1%8f-%d0%bc%d0%be%d0%b7%d0%b0%d0%b8%d0%ba%d0%b0\/"},"modified":"2024-06-23T18:00:03","modified_gmt":"2024-06-23T15:00:03","slug":"tvorcheskij-nabor-almaznaya-mozaika","status":"publish","type":"product","link":"https:\/\/cleverkids.ee\/et\/product\/tvorcheskij-nabor-almaznaya-mozaika\/","title":{"rendered":"Loomingu komplekt &#8220;Teemant mosaiik&#8221;"},"content":{"rendered":"<p>T\u00e4ienda pilte kleepsudega, et anda neile v\u00e4rvi juurde. See m\u00e4nguasi m\u00f5jutab suurep\u00e4raselt loovust ja kujutlusv\u00f5imet, treenib ja \u00f5petab kannatlikkust, t\u00e4psust ja t\u00e4psust.<\/p>\n<p>Komplektis on 8 pilti \u00a0ja\u00a0<span class=\"Y2IQFc\" lang=\"et\">4 lehte 3D kleebiseid<\/span><\/p>\n<p>Sobib 3- kuni 6-aastastele lastele.<\/p>\n","protected":false},"excerpt":{"rendered":"<p>T\u00e4ienda pilte kleepsudega, et anda neile v\u00e4rvi juurde. See m\u00e4nguasi m\u00f5jutab suurep\u00e4raselt loovust ja kujutlusv\u00f5imet, treenib ja \u00f5petab kannatlikkust, t\u00e4psust ja t\u00e4psust. Komplektis on 8 pilti \u00a0ja\u00a04 lehte 3D kleebiseid Sobib 3- kuni 6-aastastele lastele.<\/p>\n","protected":false},"featured_media":72183,"template":"","meta":{"_monsterinsights_skip_tracking":false,"_monsterinsights_sitenote_active":false,"_monsterinsights_sitenote_note":"","_monsterinsights_sitenote_category":0},"product_brand":[],"product_cat":[52,58],"product_tag":[],"class_list":{"0":"post-54144","1":"product","2":"type-product","3":"status-publish","4":"has-post-thumbnail","6":"product_cat-loovus","7":"product_cat-unkategorized","8":"pa_vozrast-ot-3-do-5-let-et","10":"first","11":"instock","12":"shipping-taxable","13":"purchasable","14":"product-type-simple"},"yoast_head":"<!-- This site is optimized with the Yoast SEO plugin v25.0 - https:\/\/yoast.com\/wordpress\/plugins\/seo\/ -->\n<title>Loomingu komplekt &quot;Teemant mosaiik&quot; -<\/title>\n<meta name=\"description\" content=\"Loomingu komplekt &quot;Teemant mosaiik&quot; - CLEVER KIDS\" \/>\n<meta name=\"robots\" content=\"index, follow, max-snippet:-1, max-image-preview:large, max-video-preview:-1\" \/>\n<link rel=\"canonical\" href=\"https:\/\/cleverkids.ee\/et\/product\/tvorcheskij-nabor-almaznaya-mozaika\/\" \/>\n<meta property=\"og:locale\" content=\"et_EE\" \/>\n<meta property=\"og:type\" content=\"article\" \/>\n<meta property=\"og:title\" content=\"Loomingu komplekt &quot;Teemant mosaiik&quot; -\" \/>\n<meta property=\"og:description\" content=\"Loomingu komplekt &quot;Teemant mosaiik&quot; - CLEVER KIDS\" \/>\n<meta property=\"og:url\" content=\"https:\/\/cleverkids.ee\/et\/product\/tvorcheskij-nabor-almaznaya-mozaika\/\" \/>\n<meta property=\"og:site_name\" content=\"CLEVER KIDS\" \/>\n<meta property=\"article:publisher\" content=\"https:\/\/www.facebook.com\/cleverkids.ee\/\" \/>\n<meta property=\"article:modified_time\" content=\"2024-06-23T15:00:03+00:00\" \/>\n<meta property=\"og:image\" content=\"https:\/\/cleverkids.ee\/wp-content\/uploads\/2024\/05\/He3103ff9700c4f5698e239dad9be9abeP.jpg_960x960.jpg.webp\" \/>\n\t<meta property=\"og:image:width\" content=\"800\" \/>\n\t<meta property=\"og:image:height\" content=\"800\" \/>\n\t<meta property=\"og:image:type\" content=\"image\/webp\" \/>\n<meta name=\"twitter:card\" content=\"summary_large_image\" \/>\n<script type=\"application\/ld+json\" class=\"yoast-schema-graph\">{\"@context\":\"https:\/\/schema.org\",\"@graph\":[{\"@type\":\"WebPage\",\"@id\":\"https:\/\/cleverkids.ee\/et\/product\/tvorcheskij-nabor-almaznaya-mozaika\/\",\"url\":\"https:\/\/cleverkids.ee\/et\/product\/tvorcheskij-nabor-almaznaya-mozaika\/\",\"name\":\"Loomingu komplekt \\\"Teemant mosaiik\\\" -\",\"isPartOf\":{\"@id\":\"https:\/\/cleverkids.ee\/et\/#website\"},\"primaryImageOfPage\":{\"@id\":\"https:\/\/cleverkids.ee\/et\/product\/tvorcheskij-nabor-almaznaya-mozaika\/#primaryimage\"},\"image\":{\"@id\":\"https:\/\/cleverkids.ee\/et\/product\/tvorcheskij-nabor-almaznaya-mozaika\/#primaryimage\"},\"thumbnailUrl\":\"https:\/\/cleverkids.ee\/wp-content\/uploads\/2024\/05\/He3103ff9700c4f5698e239dad9be9abeP.jpg_960x960.jpg-1.webp\",\"datePublished\":\"2024-04-16T04:27:08+00:00\",\"dateModified\":\"2024-06-23T15:00:03+00:00\",\"description\":\"Loomingu komplekt \\\"Teemant mosaiik\\\" - CLEVER KIDS\",\"breadcrumb\":{\"@id\":\"https:\/\/cleverkids.ee\/et\/product\/tvorcheskij-nabor-almaznaya-mozaika\/#breadcrumb\"},\"inLanguage\":\"et\",\"potentialAction\":[{\"@type\":\"ReadAction\",\"target\":[\"https:\/\/cleverkids.ee\/et\/product\/tvorcheskij-nabor-almaznaya-mozaika\/\"]}]},{\"@type\":\"ImageObject\",\"inLanguage\":\"et\",\"@id\":\"https:\/\/cleverkids.ee\/et\/product\/tvorcheskij-nabor-almaznaya-mozaika\/#primaryimage\",\"url\":\"https:\/\/cleverkids.ee\/wp-content\/uploads\/2024\/05\/He3103ff9700c4f5698e239dad9be9abeP.jpg_960x960.jpg-1.webp\",\"contentUrl\":\"https:\/\/cleverkids.ee\/wp-content\/uploads\/2024\/05\/He3103ff9700c4f5698e239dad9be9abeP.jpg_960x960.jpg-1.webp\",\"width\":800,\"height\":800},{\"@type\":\"BreadcrumbList\",\"@id\":\"https:\/\/cleverkids.ee\/et\/product\/tvorcheskij-nabor-almaznaya-mozaika\/#breadcrumb\",\"itemListElement\":[{\"@type\":\"ListItem\",\"position\":1,\"name\":\"Esileht\",\"item\":\"https:\/\/cleverkids.ee\/et\/\"},{\"@type\":\"ListItem\",\"position\":2,\"name\":\"Tooted\",\"item\":\"https:\/\/cleverkids.ee\/store\/\"},{\"@type\":\"ListItem\",\"position\":3,\"name\":\"Loomingu komplekt &#171;Teemant mosaiik&#187;\"}]},{\"@type\":\"WebSite\",\"@id\":\"https:\/\/cleverkids.ee\/et\/#website\",\"url\":\"https:\/\/cleverkids.ee\/et\/\",\"name\":\"CLEVER KIDS\",\"description\":\"\",\"publisher\":{\"@id\":\"https:\/\/cleverkids.ee\/et\/#organization\"},\"potentialAction\":[{\"@type\":\"SearchAction\",\"target\":{\"@type\":\"EntryPoint\",\"urlTemplate\":\"https:\/\/cleverkids.ee\/et\/?s={search_term_string}\"},\"query-input\":{\"@type\":\"PropertyValueSpecification\",\"valueRequired\":true,\"valueName\":\"search_term_string\"}}],\"inLanguage\":\"et\"},{\"@type\":\"Organization\",\"@id\":\"https:\/\/cleverkids.ee\/et\/#organization\",\"name\":\"CLEVER KIDS\",\"url\":\"https:\/\/cleverkids.ee\/et\/\",\"logo\":{\"@type\":\"ImageObject\",\"inLanguage\":\"et\",\"@id\":\"https:\/\/cleverkids.ee\/et\/#\/schema\/logo\/image\/\",\"url\":\"https:\/\/cleverkids.ee\/wp-content\/uploads\/2024\/02\/image0-1024x1024.png\",\"contentUrl\":\"https:\/\/cleverkids.ee\/wp-content\/uploads\/2024\/02\/image0-1024x1024.png\",\"width\":1024,\"height\":1024,\"caption\":\"CLEVER KIDS\"},\"image\":{\"@id\":\"https:\/\/cleverkids.ee\/et\/#\/schema\/logo\/image\/\"},\"sameAs\":[\"https:\/\/www.facebook.com\/cleverkids.ee\/\",\"https:\/\/www.instagram.com\/cleverkids_ee\/\"]}]}<\/script>\n<!-- \/ Yoast SEO plugin. -->","yoast_head_json":{"title":"Loomingu komplekt \"Teemant mosaiik\" -","description":"Loomingu komplekt \"Teemant mosaiik\" - CLEVER KIDS","robots":{"index":"index","follow":"follow","max-snippet":"max-snippet:-1","max-image-preview":"max-image-preview:large","max-video-preview":"max-video-preview:-1"},"canonical":"https:\/\/cleverkids.ee\/et\/product\/tvorcheskij-nabor-almaznaya-mozaika\/","og_locale":"et_EE","og_type":"article","og_title":"Loomingu komplekt \"Teemant mosaiik\" -","og_description":"Loomingu komplekt \"Teemant mosaiik\" - CLEVER KIDS","og_url":"https:\/\/cleverkids.ee\/et\/product\/tvorcheskij-nabor-almaznaya-mozaika\/","og_site_name":"CLEVER KIDS","article_publisher":"https:\/\/www.facebook.com\/cleverkids.ee\/","article_modified_time":"2024-06-23T15:00:03+00:00","og_image":[{"width":800,"height":800,"url":"https:\/\/cleverkids.ee\/wp-content\/uploads\/2024\/05\/He3103ff9700c4f5698e239dad9be9abeP.jpg_960x960.jpg.webp","type":"image\/webp"}],"twitter_card":"summary_large_image","schema":{"@context":"https:\/\/schema.org","@graph":[{"@type":"WebPage","@id":"https:\/\/cleverkids.ee\/et\/product\/tvorcheskij-nabor-almaznaya-mozaika\/","url":"https:\/\/cleverkids.ee\/et\/product\/tvorcheskij-nabor-almaznaya-mozaika\/","name":"Loomingu komplekt \"Teemant mosaiik\" -","isPartOf":{"@id":"https:\/\/cleverkids.ee\/et\/#website"},"primaryImageOfPage":{"@id":"https:\/\/cleverkids.ee\/et\/product\/tvorcheskij-nabor-almaznaya-mozaika\/#primaryimage"},"image":{"@id":"https:\/\/cleverkids.ee\/et\/product\/tvorcheskij-nabor-almaznaya-mozaika\/#primaryimage"},"thumbnailUrl":"https:\/\/cleverkids.ee\/wp-content\/uploads\/2024\/05\/He3103ff9700c4f5698e239dad9be9abeP.jpg_960x960.jpg-1.webp","datePublished":"2024-04-16T04:27:08+00:00","dateModified":"2024-06-23T15:00:03+00:00","description":"Loomingu komplekt \"Teemant mosaiik\" - CLEVER KIDS","breadcrumb":{"@id":"https:\/\/cleverkids.ee\/et\/product\/tvorcheskij-nabor-almaznaya-mozaika\/#breadcrumb"},"inLanguage":"et","potentialAction":[{"@type":"ReadAction","target":["https:\/\/cleverkids.ee\/et\/product\/tvorcheskij-nabor-almaznaya-mozaika\/"]}]},{"@type":"ImageObject","inLanguage":"et","@id":"https:\/\/cleverkids.ee\/et\/product\/tvorcheskij-nabor-almaznaya-mozaika\/#primaryimage","url":"https:\/\/cleverkids.ee\/wp-content\/uploads\/2024\/05\/He3103ff9700c4f5698e239dad9be9abeP.jpg_960x960.jpg-1.webp","contentUrl":"https:\/\/cleverkids.ee\/wp-content\/uploads\/2024\/05\/He3103ff9700c4f5698e239dad9be9abeP.jpg_960x960.jpg-1.webp","width":800,"height":800},{"@type":"BreadcrumbList","@id":"https:\/\/cleverkids.ee\/et\/product\/tvorcheskij-nabor-almaznaya-mozaika\/#breadcrumb","itemListElement":[{"@type":"ListItem","position":1,"name":"Esileht","item":"https:\/\/cleverkids.ee\/et\/"},{"@type":"ListItem","position":2,"name":"Tooted","item":"https:\/\/cleverkids.ee\/store\/"},{"@type":"ListItem","position":3,"name":"Loomingu komplekt &#171;Teemant mosaiik&#187;"}]},{"@type":"WebSite","@id":"https:\/\/cleverkids.ee\/et\/#website","url":"https:\/\/cleverkids.ee\/et\/","name":"CLEVER KIDS","description":"","publisher":{"@id":"https:\/\/cleverkids.ee\/et\/#organization"},"potentialAction":[{"@type":"SearchAction","target":{"@type":"EntryPoint","urlTemplate":"https:\/\/cleverkids.ee\/et\/?s={search_term_string}"},"query-input":{"@type":"PropertyValueSpecification","valueRequired":true,"valueName":"search_term_string"}}],"inLanguage":"et"},{"@type":"Organization","@id":"https:\/\/cleverkids.ee\/et\/#organization","name":"CLEVER KIDS","url":"https:\/\/cleverkids.ee\/et\/","logo":{"@type":"ImageObject","inLanguage":"et","@id":"https:\/\/cleverkids.ee\/et\/#\/schema\/logo\/image\/","url":"https:\/\/cleverkids.ee\/wp-content\/uploads\/2024\/02\/image0-1024x1024.png","contentUrl":"https:\/\/cleverkids.ee\/wp-content\/uploads\/2024\/02\/image0-1024x1024.png","width":1024,"height":1024,"caption":"CLEVER KIDS"},"image":{"@id":"https:\/\/cleverkids.ee\/et\/#\/schema\/logo\/image\/"},"sameAs":["https:\/\/www.facebook.com\/cleverkids.ee\/","https:\/\/www.instagram.com\/cleverkids_ee\/"]}]}},"_links":{"self":[{"href":"https:\/\/cleverkids.ee\/et\/wp-json\/wp\/v2\/product\/54144","targetHints":{"allow":["GET"]}}],"collection":[{"href":"https:\/\/cleverkids.ee\/et\/wp-json\/wp\/v2\/product"}],"about":[{"href":"https:\/\/cleverkids.ee\/et\/wp-json\/wp\/v2\/types\/product"}],"wp:featuredmedia":[{"embeddable":true,"href":"https:\/\/cleverkids.ee\/et\/wp-json\/wp\/v2\/media\/72183"}],"wp:attachment":[{"href":"https:\/\/cleverkids.ee\/et\/wp-json\/wp\/v2\/media?parent=54144"}],"wp:term":[{"taxonomy":"product_brand","embeddable":true,"href":"https:\/\/cleverkids.ee\/et\/wp-json\/wp\/v2\/product_brand?post=54144"},{"taxonomy":"product_cat","embeddable":true,"href":"https:\/\/cleverkids.ee\/et\/wp-json\/wp\/v2\/product_cat?post=54144"},{"taxonomy":"product_tag","embeddable":true,"href":"https:\/\/cleverkids.ee\/et\/wp-json\/wp\/v2\/product_tag?post=54144"}],"curies":[{"name":"wp","href":"https:\/\/api.w.org\/{rel}","templated":true}]}}