{"id":54369,"date":"2024-04-16T07:27:14","date_gmt":"2024-04-16T04:27:14","guid":{"rendered":"https:\/\/cleverkids.dev2.sdhost.eu\/product\/%d0%bd%d0%b0%d0%b1%d0%be%d1%80-%d0%b4%d0%bb%d1%8f-%d1%80%d0%b8%d1%81%d0%be%d0%b2%d0%b0%d0%bd%d0%b8%d1%8f-%d0%bf%d0%b0%d0%bb%d1%8c%d1%87%d0%b8%d0%ba%d0%b0%d0%bc%d0%b8-12-%d1%88%d1%82%d0%b0%d0%bc%d0%bf\/"},"modified":"2024-06-23T18:00:03","modified_gmt":"2024-06-23T15:00:03","slug":"nabor-dlya-risovaniya-palchikami-12-shtamp","status":"publish","type":"product","link":"https:\/\/cleverkids.ee\/et\/product\/nabor-dlya-risovaniya-palchikami-12-shtamp\/","title":{"rendered":"N\u00e4puv\u00e4rvide komplekt  (12 v\u00e4rvi + 30 pilti)"},"content":{"rendered":"<p>N\u00e4puv\u00e4rvid panevad v\u00e4ikesed laste n\u00e4pud usinasti t\u00f6\u00f6le ning v\u00e4ikesed kuntsnikud saavad kiiresti ja imelihtsasti valmis oma esimeste kunstiteostega!<\/p>\n<p>Lapsed asetavad s\u00f5rme tindipadjale ja kaunistavad pildid. Komplekti kuulub 30 illustreeritud pilti ja 12 tindipatja.<\/p>\n<p>Hoiatus! Alla 3 aastastel lastel kasutamine t\u00e4iskasvanu j\u00e4relevalve all! V\u00e4rvid on kergesti mahapestavad lapse nahalt ja enamikelt pestavatelt kangastelt, kuid v\u00f5ivad olla mitteemaldatavad mittepestavatelt kangastelt ja pindadelt. Seet\u00f5ttu soovitame katta t\u00f6\u00f6pinnad toote kasutamise ajaks.<\/p>\n<p>&nbsp;<\/p>\n","protected":false},"excerpt":{"rendered":"<p>N\u00e4puv\u00e4rvid panevad v\u00e4ikesed laste n\u00e4pud usinasti t\u00f6\u00f6le ning v\u00e4ikesed kuntsnikud saavad kiiresti ja imelihtsasti valmis oma esimeste kunstiteostega! Lapsed asetavad s\u00f5rme tindipadjale ja kaunistavad pildid. Komplekti kuulub 30 illustreeritud pilti ja 12 tindipatja. Hoiatus! Alla 3 aastastel lastel kasutamine t\u00e4iskasvanu j\u00e4relevalve all! V\u00e4rvid on kergesti mahapestavad lapse nahalt ja enamikelt pestavatelt kangastelt, kuid v\u00f5ivad olla [&hellip;]<\/p>\n","protected":false},"featured_media":72216,"template":"","meta":{"_monsterinsights_skip_tracking":false,"_monsterinsights_sitenote_active":false,"_monsterinsights_sitenote_note":"","_monsterinsights_sitenote_category":0},"product_brand":[],"product_cat":[52,55,58],"product_tag":[],"class_list":{"0":"post-54369","1":"product","2":"type-product","3":"status-publish","4":"has-post-thumbnail","6":"product_cat-loovus","7":"product_cat-lauamangud","8":"product_cat-unkategorized","9":"pa_vozrast-ot-3-do-5-let-et","11":"first","12":"instock","13":"shipping-taxable","14":"purchasable","15":"product-type-simple"},"yoast_head":"<!-- This site is optimized with the Yoast SEO plugin v25.0 - https:\/\/yoast.com\/wordpress\/plugins\/seo\/ -->\n<title>N\u00e4puv\u00e4rvide komplekt (12 v\u00e4rvi + 30 pilti) -<\/title>\n<meta name=\"description\" content=\"N\u00e4puv\u00e4rvide komplekt (12 v\u00e4rvi + 30 pilti) - CLEVER KIDS\" \/>\n<meta name=\"robots\" content=\"index, follow, max-snippet:-1, max-image-preview:large, max-video-preview:-1\" \/>\n<link rel=\"canonical\" href=\"https:\/\/cleverkids.ee\/et\/product\/nabor-dlya-risovaniya-palchikami-12-shtamp\/\" \/>\n<meta property=\"og:locale\" content=\"et_EE\" \/>\n<meta property=\"og:type\" content=\"article\" \/>\n<meta property=\"og:title\" content=\"N\u00e4puv\u00e4rvide komplekt (12 v\u00e4rvi + 30 pilti) -\" \/>\n<meta property=\"og:description\" content=\"N\u00e4puv\u00e4rvide komplekt (12 v\u00e4rvi + 30 pilti) - CLEVER KIDS\" \/>\n<meta property=\"og:url\" content=\"https:\/\/cleverkids.ee\/et\/product\/nabor-dlya-risovaniya-palchikami-12-shtamp\/\" \/>\n<meta property=\"og:site_name\" content=\"CLEVER KIDS\" \/>\n<meta property=\"article:publisher\" content=\"https:\/\/www.facebook.com\/cleverkids.ee\/\" \/>\n<meta property=\"article:modified_time\" content=\"2024-06-23T15:00:03+00:00\" \/>\n<meta property=\"og:image\" content=\"https:\/\/cleverkids.ee\/wp-content\/uploads\/2024\/05\/H8a8d6a9ccf1f4d2a930c53134baa391cm-1.jpg\" \/>\n\t<meta property=\"og:image:width\" content=\"800\" \/>\n\t<meta property=\"og:image:height\" content=\"800\" \/>\n\t<meta property=\"og:image:type\" content=\"image\/jpeg\" \/>\n<meta name=\"twitter:card\" content=\"summary_large_image\" \/>\n<script type=\"application\/ld+json\" class=\"yoast-schema-graph\">{\"@context\":\"https:\/\/schema.org\",\"@graph\":[{\"@type\":\"WebPage\",\"@id\":\"https:\/\/cleverkids.ee\/et\/product\/nabor-dlya-risovaniya-palchikami-12-shtamp\/\",\"url\":\"https:\/\/cleverkids.ee\/et\/product\/nabor-dlya-risovaniya-palchikami-12-shtamp\/\",\"name\":\"N\u00e4puv\u00e4rvide komplekt (12 v\u00e4rvi + 30 pilti) -\",\"isPartOf\":{\"@id\":\"https:\/\/cleverkids.ee\/et\/#website\"},\"primaryImageOfPage\":{\"@id\":\"https:\/\/cleverkids.ee\/et\/product\/nabor-dlya-risovaniya-palchikami-12-shtamp\/#primaryimage\"},\"image\":{\"@id\":\"https:\/\/cleverkids.ee\/et\/product\/nabor-dlya-risovaniya-palchikami-12-shtamp\/#primaryimage\"},\"thumbnailUrl\":\"https:\/\/cleverkids.ee\/wp-content\/uploads\/2024\/05\/H8a8d6a9ccf1f4d2a930c53134baa391cm-1.jpg\",\"datePublished\":\"2024-04-16T04:27:14+00:00\",\"dateModified\":\"2024-06-23T15:00:03+00:00\",\"description\":\"N\u00e4puv\u00e4rvide komplekt (12 v\u00e4rvi + 30 pilti) - CLEVER KIDS\",\"breadcrumb\":{\"@id\":\"https:\/\/cleverkids.ee\/et\/product\/nabor-dlya-risovaniya-palchikami-12-shtamp\/#breadcrumb\"},\"inLanguage\":\"et\",\"potentialAction\":[{\"@type\":\"ReadAction\",\"target\":[\"https:\/\/cleverkids.ee\/et\/product\/nabor-dlya-risovaniya-palchikami-12-shtamp\/\"]}]},{\"@type\":\"ImageObject\",\"inLanguage\":\"et\",\"@id\":\"https:\/\/cleverkids.ee\/et\/product\/nabor-dlya-risovaniya-palchikami-12-shtamp\/#primaryimage\",\"url\":\"https:\/\/cleverkids.ee\/wp-content\/uploads\/2024\/05\/H8a8d6a9ccf1f4d2a930c53134baa391cm-1.jpg\",\"contentUrl\":\"https:\/\/cleverkids.ee\/wp-content\/uploads\/2024\/05\/H8a8d6a9ccf1f4d2a930c53134baa391cm-1.jpg\",\"width\":800,\"height\":800},{\"@type\":\"BreadcrumbList\",\"@id\":\"https:\/\/cleverkids.ee\/et\/product\/nabor-dlya-risovaniya-palchikami-12-shtamp\/#breadcrumb\",\"itemListElement\":[{\"@type\":\"ListItem\",\"position\":1,\"name\":\"Esileht\",\"item\":\"https:\/\/cleverkids.ee\/et\/\"},{\"@type\":\"ListItem\",\"position\":2,\"name\":\"Tooted\",\"item\":\"https:\/\/cleverkids.ee\/store\/\"},{\"@type\":\"ListItem\",\"position\":3,\"name\":\"N\u00e4puv\u00e4rvide komplekt (12 v\u00e4rvi + 30 pilti)\"}]},{\"@type\":\"WebSite\",\"@id\":\"https:\/\/cleverkids.ee\/et\/#website\",\"url\":\"https:\/\/cleverkids.ee\/et\/\",\"name\":\"CLEVER KIDS\",\"description\":\"\",\"publisher\":{\"@id\":\"https:\/\/cleverkids.ee\/et\/#organization\"},\"potentialAction\":[{\"@type\":\"SearchAction\",\"target\":{\"@type\":\"EntryPoint\",\"urlTemplate\":\"https:\/\/cleverkids.ee\/et\/?s={search_term_string}\"},\"query-input\":{\"@type\":\"PropertyValueSpecification\",\"valueRequired\":true,\"valueName\":\"search_term_string\"}}],\"inLanguage\":\"et\"},{\"@type\":\"Organization\",\"@id\":\"https:\/\/cleverkids.ee\/et\/#organization\",\"name\":\"CLEVER KIDS\",\"url\":\"https:\/\/cleverkids.ee\/et\/\",\"logo\":{\"@type\":\"ImageObject\",\"inLanguage\":\"et\",\"@id\":\"https:\/\/cleverkids.ee\/et\/#\/schema\/logo\/image\/\",\"url\":\"https:\/\/cleverkids.ee\/wp-content\/uploads\/2024\/02\/image0-1024x1024.png\",\"contentUrl\":\"https:\/\/cleverkids.ee\/wp-content\/uploads\/2024\/02\/image0-1024x1024.png\",\"width\":1024,\"height\":1024,\"caption\":\"CLEVER KIDS\"},\"image\":{\"@id\":\"https:\/\/cleverkids.ee\/et\/#\/schema\/logo\/image\/\"},\"sameAs\":[\"https:\/\/www.facebook.com\/cleverkids.ee\/\",\"https:\/\/www.instagram.com\/cleverkids_ee\/\"]}]}<\/script>\n<!-- \/ Yoast SEO plugin. -->","yoast_head_json":{"title":"N\u00e4puv\u00e4rvide komplekt (12 v\u00e4rvi + 30 pilti) -","description":"N\u00e4puv\u00e4rvide komplekt (12 v\u00e4rvi + 30 pilti) - CLEVER KIDS","robots":{"index":"index","follow":"follow","max-snippet":"max-snippet:-1","max-image-preview":"max-image-preview:large","max-video-preview":"max-video-preview:-1"},"canonical":"https:\/\/cleverkids.ee\/et\/product\/nabor-dlya-risovaniya-palchikami-12-shtamp\/","og_locale":"et_EE","og_type":"article","og_title":"N\u00e4puv\u00e4rvide komplekt (12 v\u00e4rvi + 30 pilti) -","og_description":"N\u00e4puv\u00e4rvide komplekt (12 v\u00e4rvi + 30 pilti) - CLEVER KIDS","og_url":"https:\/\/cleverkids.ee\/et\/product\/nabor-dlya-risovaniya-palchikami-12-shtamp\/","og_site_name":"CLEVER KIDS","article_publisher":"https:\/\/www.facebook.com\/cleverkids.ee\/","article_modified_time":"2024-06-23T15:00:03+00:00","og_image":[{"width":800,"height":800,"url":"https:\/\/cleverkids.ee\/wp-content\/uploads\/2024\/05\/H8a8d6a9ccf1f4d2a930c53134baa391cm-1.jpg","type":"image\/jpeg"}],"twitter_card":"summary_large_image","schema":{"@context":"https:\/\/schema.org","@graph":[{"@type":"WebPage","@id":"https:\/\/cleverkids.ee\/et\/product\/nabor-dlya-risovaniya-palchikami-12-shtamp\/","url":"https:\/\/cleverkids.ee\/et\/product\/nabor-dlya-risovaniya-palchikami-12-shtamp\/","name":"N\u00e4puv\u00e4rvide komplekt (12 v\u00e4rvi + 30 pilti) -","isPartOf":{"@id":"https:\/\/cleverkids.ee\/et\/#website"},"primaryImageOfPage":{"@id":"https:\/\/cleverkids.ee\/et\/product\/nabor-dlya-risovaniya-palchikami-12-shtamp\/#primaryimage"},"image":{"@id":"https:\/\/cleverkids.ee\/et\/product\/nabor-dlya-risovaniya-palchikami-12-shtamp\/#primaryimage"},"thumbnailUrl":"https:\/\/cleverkids.ee\/wp-content\/uploads\/2024\/05\/H8a8d6a9ccf1f4d2a930c53134baa391cm-1.jpg","datePublished":"2024-04-16T04:27:14+00:00","dateModified":"2024-06-23T15:00:03+00:00","description":"N\u00e4puv\u00e4rvide komplekt (12 v\u00e4rvi + 30 pilti) - CLEVER KIDS","breadcrumb":{"@id":"https:\/\/cleverkids.ee\/et\/product\/nabor-dlya-risovaniya-palchikami-12-shtamp\/#breadcrumb"},"inLanguage":"et","potentialAction":[{"@type":"ReadAction","target":["https:\/\/cleverkids.ee\/et\/product\/nabor-dlya-risovaniya-palchikami-12-shtamp\/"]}]},{"@type":"ImageObject","inLanguage":"et","@id":"https:\/\/cleverkids.ee\/et\/product\/nabor-dlya-risovaniya-palchikami-12-shtamp\/#primaryimage","url":"https:\/\/cleverkids.ee\/wp-content\/uploads\/2024\/05\/H8a8d6a9ccf1f4d2a930c53134baa391cm-1.jpg","contentUrl":"https:\/\/cleverkids.ee\/wp-content\/uploads\/2024\/05\/H8a8d6a9ccf1f4d2a930c53134baa391cm-1.jpg","width":800,"height":800},{"@type":"BreadcrumbList","@id":"https:\/\/cleverkids.ee\/et\/product\/nabor-dlya-risovaniya-palchikami-12-shtamp\/#breadcrumb","itemListElement":[{"@type":"ListItem","position":1,"name":"Esileht","item":"https:\/\/cleverkids.ee\/et\/"},{"@type":"ListItem","position":2,"name":"Tooted","item":"https:\/\/cleverkids.ee\/store\/"},{"@type":"ListItem","position":3,"name":"N\u00e4puv\u00e4rvide komplekt (12 v\u00e4rvi + 30 pilti)"}]},{"@type":"WebSite","@id":"https:\/\/cleverkids.ee\/et\/#website","url":"https:\/\/cleverkids.ee\/et\/","name":"CLEVER KIDS","description":"","publisher":{"@id":"https:\/\/cleverkids.ee\/et\/#organization"},"potentialAction":[{"@type":"SearchAction","target":{"@type":"EntryPoint","urlTemplate":"https:\/\/cleverkids.ee\/et\/?s={search_term_string}"},"query-input":{"@type":"PropertyValueSpecification","valueRequired":true,"valueName":"search_term_string"}}],"inLanguage":"et"},{"@type":"Organization","@id":"https:\/\/cleverkids.ee\/et\/#organization","name":"CLEVER KIDS","url":"https:\/\/cleverkids.ee\/et\/","logo":{"@type":"ImageObject","inLanguage":"et","@id":"https:\/\/cleverkids.ee\/et\/#\/schema\/logo\/image\/","url":"https:\/\/cleverkids.ee\/wp-content\/uploads\/2024\/02\/image0-1024x1024.png","contentUrl":"https:\/\/cleverkids.ee\/wp-content\/uploads\/2024\/02\/image0-1024x1024.png","width":1024,"height":1024,"caption":"CLEVER KIDS"},"image":{"@id":"https:\/\/cleverkids.ee\/et\/#\/schema\/logo\/image\/"},"sameAs":["https:\/\/www.facebook.com\/cleverkids.ee\/","https:\/\/www.instagram.com\/cleverkids_ee\/"]}]}},"_links":{"self":[{"href":"https:\/\/cleverkids.ee\/et\/wp-json\/wp\/v2\/product\/54369","targetHints":{"allow":["GET"]}}],"collection":[{"href":"https:\/\/cleverkids.ee\/et\/wp-json\/wp\/v2\/product"}],"about":[{"href":"https:\/\/cleverkids.ee\/et\/wp-json\/wp\/v2\/types\/product"}],"wp:featuredmedia":[{"embeddable":true,"href":"https:\/\/cleverkids.ee\/et\/wp-json\/wp\/v2\/media\/72216"}],"wp:attachment":[{"href":"https:\/\/cleverkids.ee\/et\/wp-json\/wp\/v2\/media?parent=54369"}],"wp:term":[{"taxonomy":"product_brand","embeddable":true,"href":"https:\/\/cleverkids.ee\/et\/wp-json\/wp\/v2\/product_brand?post=54369"},{"taxonomy":"product_cat","embeddable":true,"href":"https:\/\/cleverkids.ee\/et\/wp-json\/wp\/v2\/product_cat?post=54369"},{"taxonomy":"product_tag","embeddable":true,"href":"https:\/\/cleverkids.ee\/et\/wp-json\/wp\/v2\/product_tag?post=54369"}],"curies":[{"name":"wp","href":"https:\/\/api.w.org\/{rel}","templated":true}]}}