{"id":54653,"date":"2024-04-16T07:27:14","date_gmt":"2024-04-16T04:27:14","guid":{"rendered":"https:\/\/cleverkids.dev2.sdhost.eu\/product\/%d0%bd%d0%b0%d1%81%d1%82%d0%be%d0%bb%d1%8c%d0%bd%d0%b0%d1%8f-%d1%80%d0%b0%d0%b7%d0%b2%d0%b8%d0%b2%d0%b0%d1%8e%d1%89%d0%b0%d1%8f-%d0%b8%d0%b3%d1%80%d0%b0-%d0%b2%d0%be%d0%bb%d1%88%d0%b5%d0%b1\/"},"modified":"2024-06-23T18:00:03","modified_gmt":"2024-06-23T15:00:03","slug":"nastolnaya-razvivayushhaya-igra-volsheb","status":"publish","type":"product","link":"https:\/\/cleverkids.ee\/et\/product\/nastolnaya-razvivayushhaya-igra-volsheb\/","title":{"rendered":"Lauam\u00e4ng \u00abM\u00f5mmid ja vaarikad\u00bb"},"content":{"rendered":"<p id=\"tw-target-text\" class=\"tw-data-text tw-text-large tw-ta\" dir=\"ltr\" data-placeholder=\"\u041f\u0435\u0440\u0435\u0432\u043e\u0434\" data-ved=\"2ahUKEwjXw5OTpbWCAxU3HRAIHfM-AM0Q3ewLegQIDhAQ\"><strong><span class=\"Y2IQFc\" lang=\"et\">Korjame marju ja \u00f5pime lugema!<\/span><\/strong><\/p>\n<p>Sa ei oska veel arvutada? Siis sobib sulle suurep\u00e4raselt M\u00f5mmid ja vaarikad lauam\u00e4ng, millest m\u00f5mmid l\u00e4hevad metsa vaarikaid korjama ja \u00f5pivad korjatud marju kokku lugema. M\u00e4ngus k\u00e4igus peavad m\u00f5mmid oma korjatud vaarikaid ka kaasm\u00e4ngijatega jagama. M\u00e4ngu k\u00e4igus v\u00f5tavad \u00fckshaaval kaarte ja keeravad neid \u00fcmber \u2013 karupoeg on leidnud uue vaarikap\u00f5\u00f5sa! Vastavalt sellele, kui palju marju on kujutatud kaardil, v\u00f5ib m\u00e4ngija l\u00fckkida vaarikaid \u00f5lek\u00f5rre otsa, v\u00f5i vastupidi \u2013 neid k\u00f5rrelt \u00e4ra v\u00f5tta ja anda oma vasakul v\u00f5i paremal k\u00e4el istuvale kaasm\u00e4ngijale.<\/p>\n","protected":false},"excerpt":{"rendered":"<p>Korjame marju ja \u00f5pime lugema! Sa ei oska veel arvutada? Siis sobib sulle suurep\u00e4raselt M\u00f5mmid ja vaarikad lauam\u00e4ng, millest m\u00f5mmid l\u00e4hevad metsa vaarikaid korjama ja \u00f5pivad korjatud marju kokku lugema. M\u00e4ngus k\u00e4igus peavad m\u00f5mmid oma korjatud vaarikaid ka kaasm\u00e4ngijatega jagama. M\u00e4ngu k\u00e4igus v\u00f5tavad \u00fckshaaval kaarte ja keeravad neid \u00fcmber \u2013 karupoeg on leidnud uue vaarikap\u00f5\u00f5sa! [&hellip;]<\/p>\n","protected":false},"featured_media":72240,"template":"","meta":{"_monsterinsights_skip_tracking":false,"_monsterinsights_sitenote_active":false,"_monsterinsights_sitenote_note":"","_monsterinsights_sitenote_category":0},"product_brand":[],"product_cat":[55,58],"product_tag":[],"class_list":{"0":"post-54653","1":"product","2":"type-product","3":"status-publish","4":"has-post-thumbnail","6":"product_cat-lauamangud","7":"product_cat-unkategorized","8":"pa_vozrast-ot-3-do-5-let-et","10":"first","11":"instock","12":"shipping-taxable","13":"purchasable","14":"product-type-simple"},"yoast_head":"<!-- This site is optimized with the Yoast SEO plugin v25.0 - https:\/\/yoast.com\/wordpress\/plugins\/seo\/ -->\n<title>Lauam\u00e4ng \u00abM\u00f5mmid ja vaarikad\u00bb -<\/title>\n<meta name=\"description\" content=\"Lauam\u00e4ng \u00abM\u00f5mmid ja vaarikad\u00bb - CLEVER KIDS\" \/>\n<meta name=\"robots\" content=\"index, follow, max-snippet:-1, max-image-preview:large, max-video-preview:-1\" \/>\n<link rel=\"canonical\" href=\"https:\/\/cleverkids.ee\/et\/product\/nastolnaya-razvivayushhaya-igra-volsheb\/\" \/>\n<meta property=\"og:locale\" content=\"et_EE\" \/>\n<meta property=\"og:type\" content=\"article\" \/>\n<meta property=\"og:title\" content=\"Lauam\u00e4ng \u00abM\u00f5mmid ja vaarikad\u00bb -\" \/>\n<meta property=\"og:description\" content=\"Lauam\u00e4ng \u00abM\u00f5mmid ja vaarikad\u00bb - CLEVER KIDS\" \/>\n<meta property=\"og:url\" content=\"https:\/\/cleverkids.ee\/et\/product\/nastolnaya-razvivayushhaya-igra-volsheb\/\" \/>\n<meta property=\"og:site_name\" content=\"CLEVER KIDS\" \/>\n<meta property=\"article:publisher\" content=\"https:\/\/www.facebook.com\/cleverkids.ee\/\" \/>\n<meta property=\"article:modified_time\" content=\"2024-06-23T15:00:03+00:00\" \/>\n<meta property=\"og:image\" content=\"https:\/\/cleverkids.ee\/wp-content\/uploads\/2024\/05\/1600-3-16.jpg\" \/>\n\t<meta property=\"og:image:width\" content=\"1600\" \/>\n\t<meta property=\"og:image:height\" content=\"1600\" \/>\n\t<meta property=\"og:image:type\" content=\"image\/jpeg\" \/>\n<meta name=\"twitter:card\" content=\"summary_large_image\" \/>\n<meta name=\"twitter:label1\" content=\"Est. reading time\" \/>\n\t<meta name=\"twitter:data1\" content=\"1 minut\" \/>\n<script type=\"application\/ld+json\" class=\"yoast-schema-graph\">{\"@context\":\"https:\/\/schema.org\",\"@graph\":[{\"@type\":\"WebPage\",\"@id\":\"https:\/\/cleverkids.ee\/et\/product\/nastolnaya-razvivayushhaya-igra-volsheb\/\",\"url\":\"https:\/\/cleverkids.ee\/et\/product\/nastolnaya-razvivayushhaya-igra-volsheb\/\",\"name\":\"Lauam\u00e4ng \u00abM\u00f5mmid ja vaarikad\u00bb -\",\"isPartOf\":{\"@id\":\"https:\/\/cleverkids.ee\/et\/#website\"},\"primaryImageOfPage\":{\"@id\":\"https:\/\/cleverkids.ee\/et\/product\/nastolnaya-razvivayushhaya-igra-volsheb\/#primaryimage\"},\"image\":{\"@id\":\"https:\/\/cleverkids.ee\/et\/product\/nastolnaya-razvivayushhaya-igra-volsheb\/#primaryimage\"},\"thumbnailUrl\":\"https:\/\/cleverkids.ee\/wp-content\/uploads\/2024\/05\/1600-3-16.jpg\",\"datePublished\":\"2024-04-16T04:27:14+00:00\",\"dateModified\":\"2024-06-23T15:00:03+00:00\",\"description\":\"Lauam\u00e4ng \u00abM\u00f5mmid ja vaarikad\u00bb - CLEVER KIDS\",\"breadcrumb\":{\"@id\":\"https:\/\/cleverkids.ee\/et\/product\/nastolnaya-razvivayushhaya-igra-volsheb\/#breadcrumb\"},\"inLanguage\":\"et\",\"potentialAction\":[{\"@type\":\"ReadAction\",\"target\":[\"https:\/\/cleverkids.ee\/et\/product\/nastolnaya-razvivayushhaya-igra-volsheb\/\"]}]},{\"@type\":\"ImageObject\",\"inLanguage\":\"et\",\"@id\":\"https:\/\/cleverkids.ee\/et\/product\/nastolnaya-razvivayushhaya-igra-volsheb\/#primaryimage\",\"url\":\"https:\/\/cleverkids.ee\/wp-content\/uploads\/2024\/05\/1600-3-16.jpg\",\"contentUrl\":\"https:\/\/cleverkids.ee\/wp-content\/uploads\/2024\/05\/1600-3-16.jpg\",\"width\":1600,\"height\":1600},{\"@type\":\"BreadcrumbList\",\"@id\":\"https:\/\/cleverkids.ee\/et\/product\/nastolnaya-razvivayushhaya-igra-volsheb\/#breadcrumb\",\"itemListElement\":[{\"@type\":\"ListItem\",\"position\":1,\"name\":\"Esileht\",\"item\":\"https:\/\/cleverkids.ee\/et\/\"},{\"@type\":\"ListItem\",\"position\":2,\"name\":\"Tooted\",\"item\":\"https:\/\/cleverkids.ee\/store\/\"},{\"@type\":\"ListItem\",\"position\":3,\"name\":\"Lauam\u00e4ng \u00abM\u00f5mmid ja vaarikad\u00bb\"}]},{\"@type\":\"WebSite\",\"@id\":\"https:\/\/cleverkids.ee\/et\/#website\",\"url\":\"https:\/\/cleverkids.ee\/et\/\",\"name\":\"CLEVER KIDS\",\"description\":\"\",\"publisher\":{\"@id\":\"https:\/\/cleverkids.ee\/et\/#organization\"},\"potentialAction\":[{\"@type\":\"SearchAction\",\"target\":{\"@type\":\"EntryPoint\",\"urlTemplate\":\"https:\/\/cleverkids.ee\/et\/?s={search_term_string}\"},\"query-input\":{\"@type\":\"PropertyValueSpecification\",\"valueRequired\":true,\"valueName\":\"search_term_string\"}}],\"inLanguage\":\"et\"},{\"@type\":\"Organization\",\"@id\":\"https:\/\/cleverkids.ee\/et\/#organization\",\"name\":\"CLEVER KIDS\",\"url\":\"https:\/\/cleverkids.ee\/et\/\",\"logo\":{\"@type\":\"ImageObject\",\"inLanguage\":\"et\",\"@id\":\"https:\/\/cleverkids.ee\/et\/#\/schema\/logo\/image\/\",\"url\":\"https:\/\/cleverkids.ee\/wp-content\/uploads\/2024\/02\/image0-1024x1024.png\",\"contentUrl\":\"https:\/\/cleverkids.ee\/wp-content\/uploads\/2024\/02\/image0-1024x1024.png\",\"width\":1024,\"height\":1024,\"caption\":\"CLEVER KIDS\"},\"image\":{\"@id\":\"https:\/\/cleverkids.ee\/et\/#\/schema\/logo\/image\/\"},\"sameAs\":[\"https:\/\/www.facebook.com\/cleverkids.ee\/\",\"https:\/\/www.instagram.com\/cleverkids_ee\/\"]}]}<\/script>\n<!-- \/ Yoast SEO plugin. -->","yoast_head_json":{"title":"Lauam\u00e4ng \u00abM\u00f5mmid ja vaarikad\u00bb -","description":"Lauam\u00e4ng \u00abM\u00f5mmid ja vaarikad\u00bb - CLEVER KIDS","robots":{"index":"index","follow":"follow","max-snippet":"max-snippet:-1","max-image-preview":"max-image-preview:large","max-video-preview":"max-video-preview:-1"},"canonical":"https:\/\/cleverkids.ee\/et\/product\/nastolnaya-razvivayushhaya-igra-volsheb\/","og_locale":"et_EE","og_type":"article","og_title":"Lauam\u00e4ng \u00abM\u00f5mmid ja vaarikad\u00bb -","og_description":"Lauam\u00e4ng \u00abM\u00f5mmid ja vaarikad\u00bb - CLEVER KIDS","og_url":"https:\/\/cleverkids.ee\/et\/product\/nastolnaya-razvivayushhaya-igra-volsheb\/","og_site_name":"CLEVER KIDS","article_publisher":"https:\/\/www.facebook.com\/cleverkids.ee\/","article_modified_time":"2024-06-23T15:00:03+00:00","og_image":[{"width":1600,"height":1600,"url":"https:\/\/cleverkids.ee\/wp-content\/uploads\/2024\/05\/1600-3-16.jpg","type":"image\/jpeg"}],"twitter_card":"summary_large_image","twitter_misc":{"Est. reading time":"1 minut"},"schema":{"@context":"https:\/\/schema.org","@graph":[{"@type":"WebPage","@id":"https:\/\/cleverkids.ee\/et\/product\/nastolnaya-razvivayushhaya-igra-volsheb\/","url":"https:\/\/cleverkids.ee\/et\/product\/nastolnaya-razvivayushhaya-igra-volsheb\/","name":"Lauam\u00e4ng \u00abM\u00f5mmid ja vaarikad\u00bb -","isPartOf":{"@id":"https:\/\/cleverkids.ee\/et\/#website"},"primaryImageOfPage":{"@id":"https:\/\/cleverkids.ee\/et\/product\/nastolnaya-razvivayushhaya-igra-volsheb\/#primaryimage"},"image":{"@id":"https:\/\/cleverkids.ee\/et\/product\/nastolnaya-razvivayushhaya-igra-volsheb\/#primaryimage"},"thumbnailUrl":"https:\/\/cleverkids.ee\/wp-content\/uploads\/2024\/05\/1600-3-16.jpg","datePublished":"2024-04-16T04:27:14+00:00","dateModified":"2024-06-23T15:00:03+00:00","description":"Lauam\u00e4ng \u00abM\u00f5mmid ja vaarikad\u00bb - CLEVER KIDS","breadcrumb":{"@id":"https:\/\/cleverkids.ee\/et\/product\/nastolnaya-razvivayushhaya-igra-volsheb\/#breadcrumb"},"inLanguage":"et","potentialAction":[{"@type":"ReadAction","target":["https:\/\/cleverkids.ee\/et\/product\/nastolnaya-razvivayushhaya-igra-volsheb\/"]}]},{"@type":"ImageObject","inLanguage":"et","@id":"https:\/\/cleverkids.ee\/et\/product\/nastolnaya-razvivayushhaya-igra-volsheb\/#primaryimage","url":"https:\/\/cleverkids.ee\/wp-content\/uploads\/2024\/05\/1600-3-16.jpg","contentUrl":"https:\/\/cleverkids.ee\/wp-content\/uploads\/2024\/05\/1600-3-16.jpg","width":1600,"height":1600},{"@type":"BreadcrumbList","@id":"https:\/\/cleverkids.ee\/et\/product\/nastolnaya-razvivayushhaya-igra-volsheb\/#breadcrumb","itemListElement":[{"@type":"ListItem","position":1,"name":"Esileht","item":"https:\/\/cleverkids.ee\/et\/"},{"@type":"ListItem","position":2,"name":"Tooted","item":"https:\/\/cleverkids.ee\/store\/"},{"@type":"ListItem","position":3,"name":"Lauam\u00e4ng \u00abM\u00f5mmid ja vaarikad\u00bb"}]},{"@type":"WebSite","@id":"https:\/\/cleverkids.ee\/et\/#website","url":"https:\/\/cleverkids.ee\/et\/","name":"CLEVER KIDS","description":"","publisher":{"@id":"https:\/\/cleverkids.ee\/et\/#organization"},"potentialAction":[{"@type":"SearchAction","target":{"@type":"EntryPoint","urlTemplate":"https:\/\/cleverkids.ee\/et\/?s={search_term_string}"},"query-input":{"@type":"PropertyValueSpecification","valueRequired":true,"valueName":"search_term_string"}}],"inLanguage":"et"},{"@type":"Organization","@id":"https:\/\/cleverkids.ee\/et\/#organization","name":"CLEVER KIDS","url":"https:\/\/cleverkids.ee\/et\/","logo":{"@type":"ImageObject","inLanguage":"et","@id":"https:\/\/cleverkids.ee\/et\/#\/schema\/logo\/image\/","url":"https:\/\/cleverkids.ee\/wp-content\/uploads\/2024\/02\/image0-1024x1024.png","contentUrl":"https:\/\/cleverkids.ee\/wp-content\/uploads\/2024\/02\/image0-1024x1024.png","width":1024,"height":1024,"caption":"CLEVER KIDS"},"image":{"@id":"https:\/\/cleverkids.ee\/et\/#\/schema\/logo\/image\/"},"sameAs":["https:\/\/www.facebook.com\/cleverkids.ee\/","https:\/\/www.instagram.com\/cleverkids_ee\/"]}]}},"_links":{"self":[{"href":"https:\/\/cleverkids.ee\/et\/wp-json\/wp\/v2\/product\/54653","targetHints":{"allow":["GET"]}}],"collection":[{"href":"https:\/\/cleverkids.ee\/et\/wp-json\/wp\/v2\/product"}],"about":[{"href":"https:\/\/cleverkids.ee\/et\/wp-json\/wp\/v2\/types\/product"}],"wp:featuredmedia":[{"embeddable":true,"href":"https:\/\/cleverkids.ee\/et\/wp-json\/wp\/v2\/media\/72240"}],"wp:attachment":[{"href":"https:\/\/cleverkids.ee\/et\/wp-json\/wp\/v2\/media?parent=54653"}],"wp:term":[{"taxonomy":"product_brand","embeddable":true,"href":"https:\/\/cleverkids.ee\/et\/wp-json\/wp\/v2\/product_brand?post=54653"},{"taxonomy":"product_cat","embeddable":true,"href":"https:\/\/cleverkids.ee\/et\/wp-json\/wp\/v2\/product_cat?post=54653"},{"taxonomy":"product_tag","embeddable":true,"href":"https:\/\/cleverkids.ee\/et\/wp-json\/wp\/v2\/product_tag?post=54653"}],"curies":[{"name":"wp","href":"https:\/\/api.w.org\/{rel}","templated":true}]}}