{"id":54661,"date":"2024-04-16T07:27:14","date_gmt":"2024-04-16T04:27:14","guid":{"rendered":"https:\/\/cleverkids.dev2.sdhost.eu\/product\/%d0%bd%d0%b0%d1%81%d1%82%d0%be%d0%bb%d1%8c%d0%bd%d0%b0%d1%8f-%d0%b8%d0%b3%d1%80%d0%b0-%d0%b4%d1%80%d0%b0%d0%b7%d0%bd%d0%b8%d0%bb%d0%ba%d0%b8\/"},"modified":"2025-03-29T12:31:50","modified_gmt":"2025-03-29T10:31:50","slug":"lauamang-naljakaid-napukaid","status":"publish","type":"product","link":"https:\/\/cleverkids.ee\/et\/product\/lauamang-naljakaid-napukaid\/","title":{"rendered":"Lauam\u00e4ng \u201eNaljakaid n\u00e4pukaid\u201c"},"content":{"rendered":"<div class=\"flex max-w-full flex-col flex-grow\">\n<div class=\"min-h-8 text-message relative flex w-full flex-col items-end gap-2 whitespace-normal break-words text-start [.text-message+&amp;]:mt-5\" dir=\"auto\" data-message-author-role=\"assistant\" data-message-id=\"531d02bf-9c20-48de-bc09-7179bfb1a68a\" data-message-model-slug=\"gpt-4o\">\n<div class=\"flex w-full flex-col gap-1 empty:hidden first:pt-[3px]\">\n<div class=\"markdown prose w-full break-words dark:prose-invert light\">\n<p class=\"\" data-start=\"53\" data-end=\"270\">Mis meeldib lastele k\u00f5ige rohkem? Loomulikult grimassitamine ja l\u00f5busad n\u00e4od!<br data-start=\"130\" data-end=\"133\" \/>Selles m\u00e4ngus tuleb just seda teha \u2013 ja mida naljakam grimass, seda rohkem punkte! Reeglid on lihtsad ja arusaadavad juba paari minutiga.<\/p>\n<h3 class=\"\" data-start=\"272\" data-end=\"297\"><strong data-start=\"276\" data-end=\"295\">Kuidas m\u00e4ngida?<\/strong><\/h3>\n<p class=\"\" data-start=\"299\" data-end=\"391\">\ud83c\udfad Kastis on kaks kaardipakki \u2013 <strong data-start=\"331\" data-end=\"364\">20 suurt ja 20 v\u00e4ikest kaarti<\/strong>, millel on samad pildid.<\/p>\n<ul data-start=\"392\" data-end=\"625\">\n<li class=\"\" data-start=\"392\" data-end=\"443\">\n<p class=\"\" data-start=\"394\" data-end=\"443\">Asetage <strong data-start=\"402\" data-end=\"440\">v\u00e4ikesed kaardid pildiga allapoole<\/strong>.<\/p>\n<\/li>\n<li class=\"\" data-start=\"444\" data-end=\"512\">\n<p class=\"\" data-start=\"446\" data-end=\"512\">T\u00f5mmake kordam\u00f6\u00f6da suur kaart ja <strong data-start=\"479\" data-end=\"509\">matkige pildil olevat n\u00e4gu<\/strong>.<\/p>\n<\/li>\n<li class=\"\" data-start=\"513\" data-end=\"573\">\n<p class=\"\" data-start=\"515\" data-end=\"573\">Seej\u00e4rel tuleb kiirelt leida <strong data-start=\"544\" data-end=\"570\">v\u00e4ike kaart sama n\u00e4oga<\/strong>.<\/p>\n<\/li>\n<li class=\"\" data-start=\"574\" data-end=\"625\">\n<p class=\"\" data-start=\"576\" data-end=\"625\">Kiireim ja t\u00e4helepanelikum m\u00e4ngija saab punkti.<\/p>\n<\/li>\n<\/ul>\n<h3 class=\"\" data-start=\"627\" data-end=\"668\"><strong data-start=\"631\" data-end=\"666\">Teine m\u00e4nguviis \u2013 meeskonnam\u00e4ng<\/strong><\/h3>\n<p class=\"\" data-start=\"669\" data-end=\"816\">Jagunege v\u00f5rdseteks tiimideks, jagage kaardid ja v\u00f5istelge, kes suudab <strong data-start=\"740\" data-end=\"774\">grimassid kiiremini \u00e4ra arvata<\/strong>.<br data-start=\"775\" data-end=\"778\" \/>Saage teada, kes on parim krutskivend!<\/p>\n<h3 class=\"\" data-start=\"818\" data-end=\"846\"><strong data-start=\"822\" data-end=\"844\">Komplekt sisaldab:<\/strong><\/h3>\n<p class=\"\" data-start=\"847\" data-end=\"908\">\ud83c\udccf 20 suurt kaarti<br data-start=\"865\" data-end=\"868\" \/>\ud83c\udccf 20 v\u00e4ikest kaarti<br data-start=\"888\" data-end=\"891\" \/>\ud83d\udcd8 m\u00e4ngureeglid<\/p>\n<p class=\"\" data-start=\"910\" data-end=\"990\"><strong data-start=\"910\" data-end=\"967\">M\u00e4ng neile, kes armastavad naeru ja l\u00f5busaid n\u00e4gusid!<\/strong><br data-start=\"967\" data-end=\"970\" \/>Soovitatav vanus: 3+<\/p>\n<\/div>\n<\/div>\n<\/div>\n<\/div>\n<div class=\"mb-2 flex gap-3 -ml-2\">\n<div class=\"flex items-center justify-start rounded-xl p-1\">\n<div>\n<div class=\"flex items-center\"><button class=\"rounded-lg text-token-text-secondary hover:bg-token-main-surface-secondary\" aria-label=\"Copy\" data-testid=\"copy-turn-action-button\"><\/button><\/p>\n<div class=\"flex\"><\/div>\n<p><button class=\"rounded-lg text-token-text-secondary hover:bg-token-main-surface-secondary\" aria-label=\"Read aloud\" data-testid=\"voice-play-turn-action-button\"><\/button><button class=\"rounded-lg text-token-text-secondary hover:bg-token-main-surface-secondary\" aria-label=\"Edit in canvas\"><\/button><\/p>\n<div class=\"flex items-center pb-0\"><span class=\"overflow-hidden text-clip whitespace-nowrap text-sm\">4o<\/span><\/div>\n<\/div>\n<\/div>\n<\/div>\n<\/div>\n","protected":false},"excerpt":{"rendered":"<p>Mis meeldib lastele k\u00f5ige rohkem? Loomulikult grimassitamine ja l\u00f5busad n\u00e4od!Selles m\u00e4ngus tuleb just seda teha \u2013 ja mida naljakam grimass, seda rohkem punkte! Reeglid on lihtsad ja arusaadavad juba paari minutiga. Kuidas m\u00e4ngida? \ud83c\udfad Kastis on kaks kaardipakki \u2013 20 suurt ja 20 v\u00e4ikest kaarti, millel on samad pildid. Asetage v\u00e4ikesed kaardid pildiga allapoole. T\u00f5mmake [&hellip;]<\/p>\n","protected":false},"featured_media":72249,"template":"","meta":{"_monsterinsights_skip_tracking":false,"_monsterinsights_sitenote_active":false,"_monsterinsights_sitenote_note":"","_monsterinsights_sitenote_category":0},"product_brand":[],"product_cat":[55,58],"product_tag":[],"class_list":{"0":"post-54661","1":"product","2":"type-product","3":"status-publish","4":"has-post-thumbnail","6":"product_cat-lauamangud","7":"product_cat-unkategorized","8":"pa_vozrast-ot-5-let-et","10":"first","11":"instock","12":"shipping-taxable","13":"purchasable","14":"product-type-simple"},"yoast_head":"<!-- This site is optimized with the Yoast SEO plugin v25.0 - https:\/\/yoast.com\/wordpress\/plugins\/seo\/ -->\n<title>Lauam\u00e4ng \u201eNaljakaid n\u00e4pukaid\u201c -<\/title>\n<meta name=\"description\" content=\"Lauam\u00e4ng \u201eNaljakaid n\u00e4pukaid\u201c - CLEVER KIDS\" \/>\n<meta name=\"robots\" content=\"index, follow, max-snippet:-1, max-image-preview:large, max-video-preview:-1\" \/>\n<link rel=\"canonical\" href=\"https:\/\/cleverkids.ee\/et\/product\/lauamang-naljakaid-napukaid\/\" \/>\n<meta property=\"og:locale\" content=\"et_EE\" \/>\n<meta property=\"og:type\" content=\"article\" \/>\n<meta property=\"og:title\" content=\"Lauam\u00e4ng \u201eNaljakaid n\u00e4pukaid\u201c -\" \/>\n<meta property=\"og:description\" content=\"Lauam\u00e4ng \u201eNaljakaid n\u00e4pukaid\u201c - CLEVER KIDS\" \/>\n<meta property=\"og:url\" content=\"https:\/\/cleverkids.ee\/et\/product\/lauamang-naljakaid-napukaid\/\" \/>\n<meta property=\"og:site_name\" content=\"CLEVER KIDS\" \/>\n<meta property=\"article:publisher\" content=\"https:\/\/www.facebook.com\/cleverkids.ee\/\" \/>\n<meta property=\"article:modified_time\" content=\"2025-03-29T10:31:50+00:00\" \/>\n<meta property=\"og:image\" content=\"https:\/\/cleverkids.ee\/wp-content\/uploads\/2024\/05\/1600-3-1-4.jpg\" \/>\n\t<meta property=\"og:image:width\" content=\"1600\" \/>\n\t<meta property=\"og:image:height\" content=\"1600\" \/>\n\t<meta property=\"og:image:type\" content=\"image\/jpeg\" \/>\n<meta name=\"twitter:card\" content=\"summary_large_image\" \/>\n<meta name=\"twitter:label1\" content=\"Est. reading time\" \/>\n\t<meta name=\"twitter:data1\" content=\"1 minut\" \/>\n<script type=\"application\/ld+json\" class=\"yoast-schema-graph\">{\"@context\":\"https:\/\/schema.org\",\"@graph\":[{\"@type\":\"WebPage\",\"@id\":\"https:\/\/cleverkids.ee\/et\/product\/lauamang-naljakaid-napukaid\/\",\"url\":\"https:\/\/cleverkids.ee\/et\/product\/lauamang-naljakaid-napukaid\/\",\"name\":\"Lauam\u00e4ng \u201eNaljakaid n\u00e4pukaid\u201c -\",\"isPartOf\":{\"@id\":\"https:\/\/cleverkids.ee\/et\/#website\"},\"primaryImageOfPage\":{\"@id\":\"https:\/\/cleverkids.ee\/et\/product\/lauamang-naljakaid-napukaid\/#primaryimage\"},\"image\":{\"@id\":\"https:\/\/cleverkids.ee\/et\/product\/lauamang-naljakaid-napukaid\/#primaryimage\"},\"thumbnailUrl\":\"https:\/\/cleverkids.ee\/wp-content\/uploads\/2024\/05\/1600-3-1-4.jpg\",\"datePublished\":\"2024-04-16T04:27:14+00:00\",\"dateModified\":\"2025-03-29T10:31:50+00:00\",\"description\":\"Lauam\u00e4ng \u201eNaljakaid n\u00e4pukaid\u201c - CLEVER KIDS\",\"breadcrumb\":{\"@id\":\"https:\/\/cleverkids.ee\/et\/product\/lauamang-naljakaid-napukaid\/#breadcrumb\"},\"inLanguage\":\"et\",\"potentialAction\":[{\"@type\":\"ReadAction\",\"target\":[\"https:\/\/cleverkids.ee\/et\/product\/lauamang-naljakaid-napukaid\/\"]}]},{\"@type\":\"ImageObject\",\"inLanguage\":\"et\",\"@id\":\"https:\/\/cleverkids.ee\/et\/product\/lauamang-naljakaid-napukaid\/#primaryimage\",\"url\":\"https:\/\/cleverkids.ee\/wp-content\/uploads\/2024\/05\/1600-3-1-4.jpg\",\"contentUrl\":\"https:\/\/cleverkids.ee\/wp-content\/uploads\/2024\/05\/1600-3-1-4.jpg\",\"width\":1600,\"height\":1600},{\"@type\":\"BreadcrumbList\",\"@id\":\"https:\/\/cleverkids.ee\/et\/product\/lauamang-naljakaid-napukaid\/#breadcrumb\",\"itemListElement\":[{\"@type\":\"ListItem\",\"position\":1,\"name\":\"Esileht\",\"item\":\"https:\/\/cleverkids.ee\/et\/\"},{\"@type\":\"ListItem\",\"position\":2,\"name\":\"Tooted\",\"item\":\"https:\/\/cleverkids.ee\/store\/\"},{\"@type\":\"ListItem\",\"position\":3,\"name\":\"Lauam\u00e4ng \u201eNaljakaid n\u00e4pukaid\u201c\"}]},{\"@type\":\"WebSite\",\"@id\":\"https:\/\/cleverkids.ee\/et\/#website\",\"url\":\"https:\/\/cleverkids.ee\/et\/\",\"name\":\"CLEVER KIDS\",\"description\":\"\",\"publisher\":{\"@id\":\"https:\/\/cleverkids.ee\/et\/#organization\"},\"potentialAction\":[{\"@type\":\"SearchAction\",\"target\":{\"@type\":\"EntryPoint\",\"urlTemplate\":\"https:\/\/cleverkids.ee\/et\/?s={search_term_string}\"},\"query-input\":{\"@type\":\"PropertyValueSpecification\",\"valueRequired\":true,\"valueName\":\"search_term_string\"}}],\"inLanguage\":\"et\"},{\"@type\":\"Organization\",\"@id\":\"https:\/\/cleverkids.ee\/et\/#organization\",\"name\":\"CLEVER KIDS\",\"url\":\"https:\/\/cleverkids.ee\/et\/\",\"logo\":{\"@type\":\"ImageObject\",\"inLanguage\":\"et\",\"@id\":\"https:\/\/cleverkids.ee\/et\/#\/schema\/logo\/image\/\",\"url\":\"https:\/\/cleverkids.ee\/wp-content\/uploads\/2024\/02\/image0-1024x1024.png\",\"contentUrl\":\"https:\/\/cleverkids.ee\/wp-content\/uploads\/2024\/02\/image0-1024x1024.png\",\"width\":1024,\"height\":1024,\"caption\":\"CLEVER KIDS\"},\"image\":{\"@id\":\"https:\/\/cleverkids.ee\/et\/#\/schema\/logo\/image\/\"},\"sameAs\":[\"https:\/\/www.facebook.com\/cleverkids.ee\/\",\"https:\/\/www.instagram.com\/cleverkids_ee\/\"]}]}<\/script>\n<!-- \/ Yoast SEO plugin. -->","yoast_head_json":{"title":"Lauam\u00e4ng \u201eNaljakaid n\u00e4pukaid\u201c -","description":"Lauam\u00e4ng \u201eNaljakaid n\u00e4pukaid\u201c - CLEVER KIDS","robots":{"index":"index","follow":"follow","max-snippet":"max-snippet:-1","max-image-preview":"max-image-preview:large","max-video-preview":"max-video-preview:-1"},"canonical":"https:\/\/cleverkids.ee\/et\/product\/lauamang-naljakaid-napukaid\/","og_locale":"et_EE","og_type":"article","og_title":"Lauam\u00e4ng \u201eNaljakaid n\u00e4pukaid\u201c -","og_description":"Lauam\u00e4ng \u201eNaljakaid n\u00e4pukaid\u201c - CLEVER KIDS","og_url":"https:\/\/cleverkids.ee\/et\/product\/lauamang-naljakaid-napukaid\/","og_site_name":"CLEVER KIDS","article_publisher":"https:\/\/www.facebook.com\/cleverkids.ee\/","article_modified_time":"2025-03-29T10:31:50+00:00","og_image":[{"width":1600,"height":1600,"url":"https:\/\/cleverkids.ee\/wp-content\/uploads\/2024\/05\/1600-3-1-4.jpg","type":"image\/jpeg"}],"twitter_card":"summary_large_image","twitter_misc":{"Est. reading time":"1 minut"},"schema":{"@context":"https:\/\/schema.org","@graph":[{"@type":"WebPage","@id":"https:\/\/cleverkids.ee\/et\/product\/lauamang-naljakaid-napukaid\/","url":"https:\/\/cleverkids.ee\/et\/product\/lauamang-naljakaid-napukaid\/","name":"Lauam\u00e4ng \u201eNaljakaid n\u00e4pukaid\u201c -","isPartOf":{"@id":"https:\/\/cleverkids.ee\/et\/#website"},"primaryImageOfPage":{"@id":"https:\/\/cleverkids.ee\/et\/product\/lauamang-naljakaid-napukaid\/#primaryimage"},"image":{"@id":"https:\/\/cleverkids.ee\/et\/product\/lauamang-naljakaid-napukaid\/#primaryimage"},"thumbnailUrl":"https:\/\/cleverkids.ee\/wp-content\/uploads\/2024\/05\/1600-3-1-4.jpg","datePublished":"2024-04-16T04:27:14+00:00","dateModified":"2025-03-29T10:31:50+00:00","description":"Lauam\u00e4ng \u201eNaljakaid n\u00e4pukaid\u201c - CLEVER KIDS","breadcrumb":{"@id":"https:\/\/cleverkids.ee\/et\/product\/lauamang-naljakaid-napukaid\/#breadcrumb"},"inLanguage":"et","potentialAction":[{"@type":"ReadAction","target":["https:\/\/cleverkids.ee\/et\/product\/lauamang-naljakaid-napukaid\/"]}]},{"@type":"ImageObject","inLanguage":"et","@id":"https:\/\/cleverkids.ee\/et\/product\/lauamang-naljakaid-napukaid\/#primaryimage","url":"https:\/\/cleverkids.ee\/wp-content\/uploads\/2024\/05\/1600-3-1-4.jpg","contentUrl":"https:\/\/cleverkids.ee\/wp-content\/uploads\/2024\/05\/1600-3-1-4.jpg","width":1600,"height":1600},{"@type":"BreadcrumbList","@id":"https:\/\/cleverkids.ee\/et\/product\/lauamang-naljakaid-napukaid\/#breadcrumb","itemListElement":[{"@type":"ListItem","position":1,"name":"Esileht","item":"https:\/\/cleverkids.ee\/et\/"},{"@type":"ListItem","position":2,"name":"Tooted","item":"https:\/\/cleverkids.ee\/store\/"},{"@type":"ListItem","position":3,"name":"Lauam\u00e4ng \u201eNaljakaid n\u00e4pukaid\u201c"}]},{"@type":"WebSite","@id":"https:\/\/cleverkids.ee\/et\/#website","url":"https:\/\/cleverkids.ee\/et\/","name":"CLEVER KIDS","description":"","publisher":{"@id":"https:\/\/cleverkids.ee\/et\/#organization"},"potentialAction":[{"@type":"SearchAction","target":{"@type":"EntryPoint","urlTemplate":"https:\/\/cleverkids.ee\/et\/?s={search_term_string}"},"query-input":{"@type":"PropertyValueSpecification","valueRequired":true,"valueName":"search_term_string"}}],"inLanguage":"et"},{"@type":"Organization","@id":"https:\/\/cleverkids.ee\/et\/#organization","name":"CLEVER KIDS","url":"https:\/\/cleverkids.ee\/et\/","logo":{"@type":"ImageObject","inLanguage":"et","@id":"https:\/\/cleverkids.ee\/et\/#\/schema\/logo\/image\/","url":"https:\/\/cleverkids.ee\/wp-content\/uploads\/2024\/02\/image0-1024x1024.png","contentUrl":"https:\/\/cleverkids.ee\/wp-content\/uploads\/2024\/02\/image0-1024x1024.png","width":1024,"height":1024,"caption":"CLEVER KIDS"},"image":{"@id":"https:\/\/cleverkids.ee\/et\/#\/schema\/logo\/image\/"},"sameAs":["https:\/\/www.facebook.com\/cleverkids.ee\/","https:\/\/www.instagram.com\/cleverkids_ee\/"]}]}},"_links":{"self":[{"href":"https:\/\/cleverkids.ee\/et\/wp-json\/wp\/v2\/product\/54661","targetHints":{"allow":["GET"]}}],"collection":[{"href":"https:\/\/cleverkids.ee\/et\/wp-json\/wp\/v2\/product"}],"about":[{"href":"https:\/\/cleverkids.ee\/et\/wp-json\/wp\/v2\/types\/product"}],"wp:featuredmedia":[{"embeddable":true,"href":"https:\/\/cleverkids.ee\/et\/wp-json\/wp\/v2\/media\/72249"}],"wp:attachment":[{"href":"https:\/\/cleverkids.ee\/et\/wp-json\/wp\/v2\/media?parent=54661"}],"wp:term":[{"taxonomy":"product_brand","embeddable":true,"href":"https:\/\/cleverkids.ee\/et\/wp-json\/wp\/v2\/product_brand?post=54661"},{"taxonomy":"product_cat","embeddable":true,"href":"https:\/\/cleverkids.ee\/et\/wp-json\/wp\/v2\/product_cat?post=54661"},{"taxonomy":"product_tag","embeddable":true,"href":"https:\/\/cleverkids.ee\/et\/wp-json\/wp\/v2\/product_tag?post=54661"}],"curies":[{"name":"wp","href":"https:\/\/api.w.org\/{rel}","templated":true}]}}