{"id":54968,"date":"2024-04-16T07:27:28","date_gmt":"2024-04-16T04:27:28","guid":{"rendered":"https:\/\/cleverkids.dev2.sdhost.eu\/product\/%d0%bd%d0%b0%d0%b1%d0%be%d1%80-%d0%b4%d0%bb%d1%8f-%d1%80%d0%b0%d1%81%d0%ba%d0%be%d0%bf%d0%be%d0%ba-%d0%b7%d0%b5%d0%bc%d0%bb%d1%8f\/"},"modified":"2024-06-25T12:08:48","modified_gmt":"2024-06-25T09:08:48","slug":"nabor-dlya-raskopok-zemlya","status":"publish","type":"product","link":"https:\/\/cleverkids.ee\/et\/product\/nabor-dlya-raskopok-zemlya\/","title":{"rendered":"Planeedi Maa kaevamiskomplekt"},"content":{"rendered":"<p>Kaevamiskomplekton l\u00f5bus m\u00e4nguasi, mis viib lapsed arheoloogia ja aardeotsingute maailma. See ainulaadne m\u00e4nguasi on gloobuse kujuga ja pakub unustamatuid seiklusi. Tellige see komplekt ja laske oma lastel Maa saladusi l\u00f5busalt ja interaktiivselt avastada. See ei ole lihtsalt m\u00e4nguasi, see on haridus ja meelelahutus \u00fches!<\/p>\n<p>Kaevamiskomplektides on 5 erinevat ehtsat v\u00e4\u00e4riskivide.<\/p>\n<p>Karbu suurus 9.5*9.5*13.3<\/p>\n","protected":false},"excerpt":{"rendered":"<p>Kaevamiskomplekton l\u00f5bus m\u00e4nguasi, mis viib lapsed arheoloogia ja aardeotsingute maailma. See ainulaadne m\u00e4nguasi on gloobuse kujuga ja pakub unustamatuid seiklusi. Tellige see komplekt ja laske oma lastel Maa saladusi l\u00f5busalt ja interaktiivselt avastada. See ei ole lihtsalt m\u00e4nguasi, see on haridus ja meelelahutus \u00fches! Kaevamiskomplektides on 5 erinevat ehtsat v\u00e4\u00e4riskivide. Karbu suurus 9.5*9.5*13.3<\/p>\n","protected":false},"featured_media":72462,"template":"","meta":{"_monsterinsights_skip_tracking":false,"_monsterinsights_sitenote_active":false,"_monsterinsights_sitenote_note":"","_monsterinsights_sitenote_category":0},"product_brand":[],"product_cat":[52,58],"product_tag":[],"class_list":{"0":"post-54968","1":"product","2":"type-product","3":"status-publish","4":"has-post-thumbnail","6":"product_cat-loovus","7":"product_cat-unkategorized","9":"first","10":"instock","11":"shipping-taxable","12":"purchasable","13":"product-type-simple"},"yoast_head":"<!-- This site is optimized with the Yoast SEO plugin v25.0 - https:\/\/yoast.com\/wordpress\/plugins\/seo\/ -->\n<title>Planeedi Maa kaevamiskomplekt -<\/title>\n<meta name=\"description\" content=\"Planeedi Maa kaevamiskomplekt - CLEVER KIDS\" \/>\n<meta name=\"robots\" content=\"index, follow, max-snippet:-1, max-image-preview:large, max-video-preview:-1\" \/>\n<link rel=\"canonical\" href=\"https:\/\/cleverkids.ee\/et\/product\/nabor-dlya-raskopok-zemlya\/\" \/>\n<meta property=\"og:locale\" content=\"et_EE\" \/>\n<meta property=\"og:type\" content=\"article\" \/>\n<meta property=\"og:title\" content=\"Planeedi Maa kaevamiskomplekt -\" \/>\n<meta property=\"og:description\" content=\"Planeedi Maa kaevamiskomplekt - CLEVER KIDS\" \/>\n<meta property=\"og:url\" content=\"https:\/\/cleverkids.ee\/et\/product\/nabor-dlya-raskopok-zemlya\/\" \/>\n<meta property=\"og:site_name\" content=\"CLEVER KIDS\" \/>\n<meta property=\"article:publisher\" content=\"https:\/\/www.facebook.com\/cleverkids.ee\/\" \/>\n<meta property=\"article:modified_time\" content=\"2024-06-25T09:08:48+00:00\" \/>\n<meta property=\"og:image\" content=\"https:\/\/cleverkids.ee\/wp-content\/uploads\/2024\/05\/H8cd893c75abe4523a557c6ae705f78c6x.jpg_720x720q50.jpg-1.webp\" \/>\n\t<meta property=\"og:image:width\" content=\"720\" \/>\n\t<meta property=\"og:image:height\" content=\"720\" \/>\n\t<meta property=\"og:image:type\" content=\"image\/webp\" \/>\n<meta name=\"twitter:card\" content=\"summary_large_image\" \/>\n<meta name=\"twitter:label1\" content=\"Est. reading time\" \/>\n\t<meta name=\"twitter:data1\" content=\"1 minut\" \/>\n<script type=\"application\/ld+json\" class=\"yoast-schema-graph\">{\"@context\":\"https:\/\/schema.org\",\"@graph\":[{\"@type\":\"WebPage\",\"@id\":\"https:\/\/cleverkids.ee\/et\/product\/nabor-dlya-raskopok-zemlya\/\",\"url\":\"https:\/\/cleverkids.ee\/et\/product\/nabor-dlya-raskopok-zemlya\/\",\"name\":\"Planeedi Maa kaevamiskomplekt -\",\"isPartOf\":{\"@id\":\"https:\/\/cleverkids.ee\/et\/#website\"},\"primaryImageOfPage\":{\"@id\":\"https:\/\/cleverkids.ee\/et\/product\/nabor-dlya-raskopok-zemlya\/#primaryimage\"},\"image\":{\"@id\":\"https:\/\/cleverkids.ee\/et\/product\/nabor-dlya-raskopok-zemlya\/#primaryimage\"},\"thumbnailUrl\":\"https:\/\/cleverkids.ee\/wp-content\/uploads\/2024\/05\/H8cd893c75abe4523a557c6ae705f78c6x.jpg_720x720q50.jpg-1.webp\",\"datePublished\":\"2024-04-16T04:27:28+00:00\",\"dateModified\":\"2024-06-25T09:08:48+00:00\",\"description\":\"Planeedi Maa kaevamiskomplekt - CLEVER KIDS\",\"breadcrumb\":{\"@id\":\"https:\/\/cleverkids.ee\/et\/product\/nabor-dlya-raskopok-zemlya\/#breadcrumb\"},\"inLanguage\":\"et\",\"potentialAction\":[{\"@type\":\"ReadAction\",\"target\":[\"https:\/\/cleverkids.ee\/et\/product\/nabor-dlya-raskopok-zemlya\/\"]}]},{\"@type\":\"ImageObject\",\"inLanguage\":\"et\",\"@id\":\"https:\/\/cleverkids.ee\/et\/product\/nabor-dlya-raskopok-zemlya\/#primaryimage\",\"url\":\"https:\/\/cleverkids.ee\/wp-content\/uploads\/2024\/05\/H8cd893c75abe4523a557c6ae705f78c6x.jpg_720x720q50.jpg-1.webp\",\"contentUrl\":\"https:\/\/cleverkids.ee\/wp-content\/uploads\/2024\/05\/H8cd893c75abe4523a557c6ae705f78c6x.jpg_720x720q50.jpg-1.webp\",\"width\":720,\"height\":720},{\"@type\":\"BreadcrumbList\",\"@id\":\"https:\/\/cleverkids.ee\/et\/product\/nabor-dlya-raskopok-zemlya\/#breadcrumb\",\"itemListElement\":[{\"@type\":\"ListItem\",\"position\":1,\"name\":\"Esileht\",\"item\":\"https:\/\/cleverkids.ee\/et\/\"},{\"@type\":\"ListItem\",\"position\":2,\"name\":\"Tooted\",\"item\":\"https:\/\/cleverkids.ee\/store\/\"},{\"@type\":\"ListItem\",\"position\":3,\"name\":\"Planeedi Maa kaevamiskomplekt\"}]},{\"@type\":\"WebSite\",\"@id\":\"https:\/\/cleverkids.ee\/et\/#website\",\"url\":\"https:\/\/cleverkids.ee\/et\/\",\"name\":\"CLEVER KIDS\",\"description\":\"\",\"publisher\":{\"@id\":\"https:\/\/cleverkids.ee\/et\/#organization\"},\"potentialAction\":[{\"@type\":\"SearchAction\",\"target\":{\"@type\":\"EntryPoint\",\"urlTemplate\":\"https:\/\/cleverkids.ee\/et\/?s={search_term_string}\"},\"query-input\":{\"@type\":\"PropertyValueSpecification\",\"valueRequired\":true,\"valueName\":\"search_term_string\"}}],\"inLanguage\":\"et\"},{\"@type\":\"Organization\",\"@id\":\"https:\/\/cleverkids.ee\/et\/#organization\",\"name\":\"CLEVER KIDS\",\"url\":\"https:\/\/cleverkids.ee\/et\/\",\"logo\":{\"@type\":\"ImageObject\",\"inLanguage\":\"et\",\"@id\":\"https:\/\/cleverkids.ee\/et\/#\/schema\/logo\/image\/\",\"url\":\"https:\/\/cleverkids.ee\/wp-content\/uploads\/2024\/02\/image0-1024x1024.png\",\"contentUrl\":\"https:\/\/cleverkids.ee\/wp-content\/uploads\/2024\/02\/image0-1024x1024.png\",\"width\":1024,\"height\":1024,\"caption\":\"CLEVER KIDS\"},\"image\":{\"@id\":\"https:\/\/cleverkids.ee\/et\/#\/schema\/logo\/image\/\"},\"sameAs\":[\"https:\/\/www.facebook.com\/cleverkids.ee\/\",\"https:\/\/www.instagram.com\/cleverkids_ee\/\"]}]}<\/script>\n<!-- \/ Yoast SEO plugin. -->","yoast_head_json":{"title":"Planeedi Maa kaevamiskomplekt -","description":"Planeedi Maa kaevamiskomplekt - CLEVER KIDS","robots":{"index":"index","follow":"follow","max-snippet":"max-snippet:-1","max-image-preview":"max-image-preview:large","max-video-preview":"max-video-preview:-1"},"canonical":"https:\/\/cleverkids.ee\/et\/product\/nabor-dlya-raskopok-zemlya\/","og_locale":"et_EE","og_type":"article","og_title":"Planeedi Maa kaevamiskomplekt -","og_description":"Planeedi Maa kaevamiskomplekt - CLEVER KIDS","og_url":"https:\/\/cleverkids.ee\/et\/product\/nabor-dlya-raskopok-zemlya\/","og_site_name":"CLEVER KIDS","article_publisher":"https:\/\/www.facebook.com\/cleverkids.ee\/","article_modified_time":"2024-06-25T09:08:48+00:00","og_image":[{"width":720,"height":720,"url":"https:\/\/cleverkids.ee\/wp-content\/uploads\/2024\/05\/H8cd893c75abe4523a557c6ae705f78c6x.jpg_720x720q50.jpg-1.webp","type":"image\/webp"}],"twitter_card":"summary_large_image","twitter_misc":{"Est. reading time":"1 minut"},"schema":{"@context":"https:\/\/schema.org","@graph":[{"@type":"WebPage","@id":"https:\/\/cleverkids.ee\/et\/product\/nabor-dlya-raskopok-zemlya\/","url":"https:\/\/cleverkids.ee\/et\/product\/nabor-dlya-raskopok-zemlya\/","name":"Planeedi Maa kaevamiskomplekt -","isPartOf":{"@id":"https:\/\/cleverkids.ee\/et\/#website"},"primaryImageOfPage":{"@id":"https:\/\/cleverkids.ee\/et\/product\/nabor-dlya-raskopok-zemlya\/#primaryimage"},"image":{"@id":"https:\/\/cleverkids.ee\/et\/product\/nabor-dlya-raskopok-zemlya\/#primaryimage"},"thumbnailUrl":"https:\/\/cleverkids.ee\/wp-content\/uploads\/2024\/05\/H8cd893c75abe4523a557c6ae705f78c6x.jpg_720x720q50.jpg-1.webp","datePublished":"2024-04-16T04:27:28+00:00","dateModified":"2024-06-25T09:08:48+00:00","description":"Planeedi Maa kaevamiskomplekt - CLEVER KIDS","breadcrumb":{"@id":"https:\/\/cleverkids.ee\/et\/product\/nabor-dlya-raskopok-zemlya\/#breadcrumb"},"inLanguage":"et","potentialAction":[{"@type":"ReadAction","target":["https:\/\/cleverkids.ee\/et\/product\/nabor-dlya-raskopok-zemlya\/"]}]},{"@type":"ImageObject","inLanguage":"et","@id":"https:\/\/cleverkids.ee\/et\/product\/nabor-dlya-raskopok-zemlya\/#primaryimage","url":"https:\/\/cleverkids.ee\/wp-content\/uploads\/2024\/05\/H8cd893c75abe4523a557c6ae705f78c6x.jpg_720x720q50.jpg-1.webp","contentUrl":"https:\/\/cleverkids.ee\/wp-content\/uploads\/2024\/05\/H8cd893c75abe4523a557c6ae705f78c6x.jpg_720x720q50.jpg-1.webp","width":720,"height":720},{"@type":"BreadcrumbList","@id":"https:\/\/cleverkids.ee\/et\/product\/nabor-dlya-raskopok-zemlya\/#breadcrumb","itemListElement":[{"@type":"ListItem","position":1,"name":"Esileht","item":"https:\/\/cleverkids.ee\/et\/"},{"@type":"ListItem","position":2,"name":"Tooted","item":"https:\/\/cleverkids.ee\/store\/"},{"@type":"ListItem","position":3,"name":"Planeedi Maa kaevamiskomplekt"}]},{"@type":"WebSite","@id":"https:\/\/cleverkids.ee\/et\/#website","url":"https:\/\/cleverkids.ee\/et\/","name":"CLEVER KIDS","description":"","publisher":{"@id":"https:\/\/cleverkids.ee\/et\/#organization"},"potentialAction":[{"@type":"SearchAction","target":{"@type":"EntryPoint","urlTemplate":"https:\/\/cleverkids.ee\/et\/?s={search_term_string}"},"query-input":{"@type":"PropertyValueSpecification","valueRequired":true,"valueName":"search_term_string"}}],"inLanguage":"et"},{"@type":"Organization","@id":"https:\/\/cleverkids.ee\/et\/#organization","name":"CLEVER KIDS","url":"https:\/\/cleverkids.ee\/et\/","logo":{"@type":"ImageObject","inLanguage":"et","@id":"https:\/\/cleverkids.ee\/et\/#\/schema\/logo\/image\/","url":"https:\/\/cleverkids.ee\/wp-content\/uploads\/2024\/02\/image0-1024x1024.png","contentUrl":"https:\/\/cleverkids.ee\/wp-content\/uploads\/2024\/02\/image0-1024x1024.png","width":1024,"height":1024,"caption":"CLEVER KIDS"},"image":{"@id":"https:\/\/cleverkids.ee\/et\/#\/schema\/logo\/image\/"},"sameAs":["https:\/\/www.facebook.com\/cleverkids.ee\/","https:\/\/www.instagram.com\/cleverkids_ee\/"]}]}},"_links":{"self":[{"href":"https:\/\/cleverkids.ee\/et\/wp-json\/wp\/v2\/product\/54968","targetHints":{"allow":["GET"]}}],"collection":[{"href":"https:\/\/cleverkids.ee\/et\/wp-json\/wp\/v2\/product"}],"about":[{"href":"https:\/\/cleverkids.ee\/et\/wp-json\/wp\/v2\/types\/product"}],"wp:featuredmedia":[{"embeddable":true,"href":"https:\/\/cleverkids.ee\/et\/wp-json\/wp\/v2\/media\/72462"}],"wp:attachment":[{"href":"https:\/\/cleverkids.ee\/et\/wp-json\/wp\/v2\/media?parent=54968"}],"wp:term":[{"taxonomy":"product_brand","embeddable":true,"href":"https:\/\/cleverkids.ee\/et\/wp-json\/wp\/v2\/product_brand?post=54968"},{"taxonomy":"product_cat","embeddable":true,"href":"https:\/\/cleverkids.ee\/et\/wp-json\/wp\/v2\/product_cat?post=54968"},{"taxonomy":"product_tag","embeddable":true,"href":"https:\/\/cleverkids.ee\/et\/wp-json\/wp\/v2\/product_tag?post=54968"}],"curies":[{"name":"wp","href":"https:\/\/api.w.org\/{rel}","templated":true}]}}