{"id":54976,"date":"2024-04-16T07:27:28","date_gmt":"2024-04-16T04:27:28","guid":{"rendered":"https:\/\/cleverkids.dev2.sdhost.eu\/product\/%d0%bd%d0%b0%d0%b1%d0%be%d1%80-%d0%b4%d0%bb%d1%8f-%d1%80%d0%b0%d1%81%d0%ba%d0%be%d0%bf%d0%be%d0%ba-%d1%82%d0%b0%d0%b9%d0%bd%d0%b0-%d0%b0%d1%82%d0%bb%d0%b0%d0%bd%d1%82%d0%b8%d0%b4%d1%8b\/"},"modified":"2024-06-25T12:12:07","modified_gmt":"2024-06-25T09:12:07","slug":"nabor-dlya-raskopok-tajna-atlantidy","status":"publish","type":"product","link":"https:\/\/cleverkids.ee\/et\/product\/nabor-dlya-raskopok-tajna-atlantidy\/","title":{"rendered":"Kaevamiskomplekt &#8220;Atlantise m\u00fcsteerium&#8221;"},"content":{"rendered":"<p>Komplekt on m\u00f5eldud selleks, et lapsed saaksid j\u00e4ljendada paleontoloogi t\u00f6\u00f6d kivististe ja kujude v\u00e4ljakaevamisel.<\/p>\n<p>Kaevata tuleks kannatlikult nagu t\u00f5eline paleontoloog.\u00a0Kui soovite kiiremini kaevata, v\u00f5ib sellele piserdada vett. See muudab kipsi pehmemaks.<\/p>\n<p>SISU: 5 ookeani kuju v\u00f5i kive, haamer, hari, kaabits.<\/p>\n<p>JUHISED: Kraabi kipsi \u00f5rnalt kaeveriista lameda k\u00fcljega. Kui kuju\/kivi vms hakkab v\u00e4lja ilmuma, kaeva ettevaatlikult!<\/p>\n<p>Sobib vanusele: 5+<\/p>\n","protected":false},"excerpt":{"rendered":"<p>Komplekt on m\u00f5eldud selleks, et lapsed saaksid j\u00e4ljendada paleontoloogi t\u00f6\u00f6d kivististe ja kujude v\u00e4ljakaevamisel. Kaevata tuleks kannatlikult nagu t\u00f5eline paleontoloog.\u00a0Kui soovite kiiremini kaevata, v\u00f5ib sellele piserdada vett. See muudab kipsi pehmemaks. SISU: 5 ookeani kuju v\u00f5i kive, haamer, hari, kaabits. JUHISED: Kraabi kipsi \u00f5rnalt kaeveriista lameda k\u00fcljega. Kui kuju\/kivi vms hakkab v\u00e4lja ilmuma, kaeva ettevaatlikult! [&hellip;]<\/p>\n","protected":false},"featured_media":72471,"template":"","meta":{"_monsterinsights_skip_tracking":false,"_monsterinsights_sitenote_active":false,"_monsterinsights_sitenote_note":"","_monsterinsights_sitenote_category":0},"product_brand":[],"product_cat":[52,58],"product_tag":[],"class_list":{"0":"post-54976","1":"product","2":"type-product","3":"status-publish","4":"has-post-thumbnail","6":"product_cat-loovus","7":"product_cat-unkategorized","9":"first","10":"instock","11":"shipping-taxable","12":"purchasable","13":"product-type-simple"},"yoast_head":"<!-- This site is optimized with the Yoast SEO plugin v25.0 - https:\/\/yoast.com\/wordpress\/plugins\/seo\/ -->\n<title>Kaevamiskomplekt &quot;Atlantise m\u00fcsteerium&quot; -<\/title>\n<meta name=\"description\" content=\"Kaevamiskomplekt &quot;Atlantise m\u00fcsteerium&quot; - CLEVER KIDS\" \/>\n<meta name=\"robots\" content=\"index, follow, max-snippet:-1, max-image-preview:large, max-video-preview:-1\" \/>\n<link rel=\"canonical\" href=\"https:\/\/cleverkids.ee\/et\/product\/nabor-dlya-raskopok-tajna-atlantidy\/\" \/>\n<meta property=\"og:locale\" content=\"et_EE\" \/>\n<meta property=\"og:type\" content=\"article\" \/>\n<meta property=\"og:title\" content=\"Kaevamiskomplekt &quot;Atlantise m\u00fcsteerium&quot; -\" \/>\n<meta property=\"og:description\" content=\"Kaevamiskomplekt &quot;Atlantise m\u00fcsteerium&quot; - CLEVER KIDS\" \/>\n<meta property=\"og:url\" content=\"https:\/\/cleverkids.ee\/et\/product\/nabor-dlya-raskopok-tajna-atlantidy\/\" \/>\n<meta property=\"og:site_name\" content=\"CLEVER KIDS\" \/>\n<meta property=\"article:publisher\" content=\"https:\/\/www.facebook.com\/cleverkids.ee\/\" \/>\n<meta property=\"article:modified_time\" content=\"2024-06-25T09:12:07+00:00\" \/>\n<meta property=\"og:image\" content=\"https:\/\/cleverkids.ee\/wp-content\/uploads\/2024\/05\/Hdcc82cc3e4a84779a78b1d4db12523c4O.jpg_720x720q50.jpg-1.webp\" \/>\n\t<meta property=\"og:image:width\" content=\"720\" \/>\n\t<meta property=\"og:image:height\" content=\"720\" \/>\n\t<meta property=\"og:image:type\" content=\"image\/webp\" \/>\n<meta name=\"twitter:card\" content=\"summary_large_image\" \/>\n<meta name=\"twitter:label1\" content=\"Est. reading time\" \/>\n\t<meta name=\"twitter:data1\" content=\"1 minut\" \/>\n<script type=\"application\/ld+json\" class=\"yoast-schema-graph\">{\"@context\":\"https:\/\/schema.org\",\"@graph\":[{\"@type\":\"WebPage\",\"@id\":\"https:\/\/cleverkids.ee\/et\/product\/nabor-dlya-raskopok-tajna-atlantidy\/\",\"url\":\"https:\/\/cleverkids.ee\/et\/product\/nabor-dlya-raskopok-tajna-atlantidy\/\",\"name\":\"Kaevamiskomplekt \\\"Atlantise m\u00fcsteerium\\\" -\",\"isPartOf\":{\"@id\":\"https:\/\/cleverkids.ee\/et\/#website\"},\"primaryImageOfPage\":{\"@id\":\"https:\/\/cleverkids.ee\/et\/product\/nabor-dlya-raskopok-tajna-atlantidy\/#primaryimage\"},\"image\":{\"@id\":\"https:\/\/cleverkids.ee\/et\/product\/nabor-dlya-raskopok-tajna-atlantidy\/#primaryimage\"},\"thumbnailUrl\":\"https:\/\/cleverkids.ee\/wp-content\/uploads\/2024\/05\/Hdcc82cc3e4a84779a78b1d4db12523c4O.jpg_720x720q50.jpg-1.webp\",\"datePublished\":\"2024-04-16T04:27:28+00:00\",\"dateModified\":\"2024-06-25T09:12:07+00:00\",\"description\":\"Kaevamiskomplekt \\\"Atlantise m\u00fcsteerium\\\" - CLEVER KIDS\",\"breadcrumb\":{\"@id\":\"https:\/\/cleverkids.ee\/et\/product\/nabor-dlya-raskopok-tajna-atlantidy\/#breadcrumb\"},\"inLanguage\":\"et\",\"potentialAction\":[{\"@type\":\"ReadAction\",\"target\":[\"https:\/\/cleverkids.ee\/et\/product\/nabor-dlya-raskopok-tajna-atlantidy\/\"]}]},{\"@type\":\"ImageObject\",\"inLanguage\":\"et\",\"@id\":\"https:\/\/cleverkids.ee\/et\/product\/nabor-dlya-raskopok-tajna-atlantidy\/#primaryimage\",\"url\":\"https:\/\/cleverkids.ee\/wp-content\/uploads\/2024\/05\/Hdcc82cc3e4a84779a78b1d4db12523c4O.jpg_720x720q50.jpg-1.webp\",\"contentUrl\":\"https:\/\/cleverkids.ee\/wp-content\/uploads\/2024\/05\/Hdcc82cc3e4a84779a78b1d4db12523c4O.jpg_720x720q50.jpg-1.webp\",\"width\":720,\"height\":720},{\"@type\":\"BreadcrumbList\",\"@id\":\"https:\/\/cleverkids.ee\/et\/product\/nabor-dlya-raskopok-tajna-atlantidy\/#breadcrumb\",\"itemListElement\":[{\"@type\":\"ListItem\",\"position\":1,\"name\":\"Esileht\",\"item\":\"https:\/\/cleverkids.ee\/et\/\"},{\"@type\":\"ListItem\",\"position\":2,\"name\":\"Tooted\",\"item\":\"https:\/\/cleverkids.ee\/store\/\"},{\"@type\":\"ListItem\",\"position\":3,\"name\":\"Kaevamiskomplekt &#171;Atlantise m\u00fcsteerium&#187;\"}]},{\"@type\":\"WebSite\",\"@id\":\"https:\/\/cleverkids.ee\/et\/#website\",\"url\":\"https:\/\/cleverkids.ee\/et\/\",\"name\":\"CLEVER KIDS\",\"description\":\"\",\"publisher\":{\"@id\":\"https:\/\/cleverkids.ee\/et\/#organization\"},\"potentialAction\":[{\"@type\":\"SearchAction\",\"target\":{\"@type\":\"EntryPoint\",\"urlTemplate\":\"https:\/\/cleverkids.ee\/et\/?s={search_term_string}\"},\"query-input\":{\"@type\":\"PropertyValueSpecification\",\"valueRequired\":true,\"valueName\":\"search_term_string\"}}],\"inLanguage\":\"et\"},{\"@type\":\"Organization\",\"@id\":\"https:\/\/cleverkids.ee\/et\/#organization\",\"name\":\"CLEVER KIDS\",\"url\":\"https:\/\/cleverkids.ee\/et\/\",\"logo\":{\"@type\":\"ImageObject\",\"inLanguage\":\"et\",\"@id\":\"https:\/\/cleverkids.ee\/et\/#\/schema\/logo\/image\/\",\"url\":\"https:\/\/cleverkids.ee\/wp-content\/uploads\/2024\/02\/image0-1024x1024.png\",\"contentUrl\":\"https:\/\/cleverkids.ee\/wp-content\/uploads\/2024\/02\/image0-1024x1024.png\",\"width\":1024,\"height\":1024,\"caption\":\"CLEVER KIDS\"},\"image\":{\"@id\":\"https:\/\/cleverkids.ee\/et\/#\/schema\/logo\/image\/\"},\"sameAs\":[\"https:\/\/www.facebook.com\/cleverkids.ee\/\",\"https:\/\/www.instagram.com\/cleverkids_ee\/\"]}]}<\/script>\n<!-- \/ Yoast SEO plugin. -->","yoast_head_json":{"title":"Kaevamiskomplekt \"Atlantise m\u00fcsteerium\" -","description":"Kaevamiskomplekt \"Atlantise m\u00fcsteerium\" - CLEVER KIDS","robots":{"index":"index","follow":"follow","max-snippet":"max-snippet:-1","max-image-preview":"max-image-preview:large","max-video-preview":"max-video-preview:-1"},"canonical":"https:\/\/cleverkids.ee\/et\/product\/nabor-dlya-raskopok-tajna-atlantidy\/","og_locale":"et_EE","og_type":"article","og_title":"Kaevamiskomplekt \"Atlantise m\u00fcsteerium\" -","og_description":"Kaevamiskomplekt \"Atlantise m\u00fcsteerium\" - CLEVER KIDS","og_url":"https:\/\/cleverkids.ee\/et\/product\/nabor-dlya-raskopok-tajna-atlantidy\/","og_site_name":"CLEVER KIDS","article_publisher":"https:\/\/www.facebook.com\/cleverkids.ee\/","article_modified_time":"2024-06-25T09:12:07+00:00","og_image":[{"width":720,"height":720,"url":"https:\/\/cleverkids.ee\/wp-content\/uploads\/2024\/05\/Hdcc82cc3e4a84779a78b1d4db12523c4O.jpg_720x720q50.jpg-1.webp","type":"image\/webp"}],"twitter_card":"summary_large_image","twitter_misc":{"Est. reading time":"1 minut"},"schema":{"@context":"https:\/\/schema.org","@graph":[{"@type":"WebPage","@id":"https:\/\/cleverkids.ee\/et\/product\/nabor-dlya-raskopok-tajna-atlantidy\/","url":"https:\/\/cleverkids.ee\/et\/product\/nabor-dlya-raskopok-tajna-atlantidy\/","name":"Kaevamiskomplekt \"Atlantise m\u00fcsteerium\" -","isPartOf":{"@id":"https:\/\/cleverkids.ee\/et\/#website"},"primaryImageOfPage":{"@id":"https:\/\/cleverkids.ee\/et\/product\/nabor-dlya-raskopok-tajna-atlantidy\/#primaryimage"},"image":{"@id":"https:\/\/cleverkids.ee\/et\/product\/nabor-dlya-raskopok-tajna-atlantidy\/#primaryimage"},"thumbnailUrl":"https:\/\/cleverkids.ee\/wp-content\/uploads\/2024\/05\/Hdcc82cc3e4a84779a78b1d4db12523c4O.jpg_720x720q50.jpg-1.webp","datePublished":"2024-04-16T04:27:28+00:00","dateModified":"2024-06-25T09:12:07+00:00","description":"Kaevamiskomplekt \"Atlantise m\u00fcsteerium\" - CLEVER KIDS","breadcrumb":{"@id":"https:\/\/cleverkids.ee\/et\/product\/nabor-dlya-raskopok-tajna-atlantidy\/#breadcrumb"},"inLanguage":"et","potentialAction":[{"@type":"ReadAction","target":["https:\/\/cleverkids.ee\/et\/product\/nabor-dlya-raskopok-tajna-atlantidy\/"]}]},{"@type":"ImageObject","inLanguage":"et","@id":"https:\/\/cleverkids.ee\/et\/product\/nabor-dlya-raskopok-tajna-atlantidy\/#primaryimage","url":"https:\/\/cleverkids.ee\/wp-content\/uploads\/2024\/05\/Hdcc82cc3e4a84779a78b1d4db12523c4O.jpg_720x720q50.jpg-1.webp","contentUrl":"https:\/\/cleverkids.ee\/wp-content\/uploads\/2024\/05\/Hdcc82cc3e4a84779a78b1d4db12523c4O.jpg_720x720q50.jpg-1.webp","width":720,"height":720},{"@type":"BreadcrumbList","@id":"https:\/\/cleverkids.ee\/et\/product\/nabor-dlya-raskopok-tajna-atlantidy\/#breadcrumb","itemListElement":[{"@type":"ListItem","position":1,"name":"Esileht","item":"https:\/\/cleverkids.ee\/et\/"},{"@type":"ListItem","position":2,"name":"Tooted","item":"https:\/\/cleverkids.ee\/store\/"},{"@type":"ListItem","position":3,"name":"Kaevamiskomplekt &#171;Atlantise m\u00fcsteerium&#187;"}]},{"@type":"WebSite","@id":"https:\/\/cleverkids.ee\/et\/#website","url":"https:\/\/cleverkids.ee\/et\/","name":"CLEVER KIDS","description":"","publisher":{"@id":"https:\/\/cleverkids.ee\/et\/#organization"},"potentialAction":[{"@type":"SearchAction","target":{"@type":"EntryPoint","urlTemplate":"https:\/\/cleverkids.ee\/et\/?s={search_term_string}"},"query-input":{"@type":"PropertyValueSpecification","valueRequired":true,"valueName":"search_term_string"}}],"inLanguage":"et"},{"@type":"Organization","@id":"https:\/\/cleverkids.ee\/et\/#organization","name":"CLEVER KIDS","url":"https:\/\/cleverkids.ee\/et\/","logo":{"@type":"ImageObject","inLanguage":"et","@id":"https:\/\/cleverkids.ee\/et\/#\/schema\/logo\/image\/","url":"https:\/\/cleverkids.ee\/wp-content\/uploads\/2024\/02\/image0-1024x1024.png","contentUrl":"https:\/\/cleverkids.ee\/wp-content\/uploads\/2024\/02\/image0-1024x1024.png","width":1024,"height":1024,"caption":"CLEVER KIDS"},"image":{"@id":"https:\/\/cleverkids.ee\/et\/#\/schema\/logo\/image\/"},"sameAs":["https:\/\/www.facebook.com\/cleverkids.ee\/","https:\/\/www.instagram.com\/cleverkids_ee\/"]}]}},"_links":{"self":[{"href":"https:\/\/cleverkids.ee\/et\/wp-json\/wp\/v2\/product\/54976","targetHints":{"allow":["GET"]}}],"collection":[{"href":"https:\/\/cleverkids.ee\/et\/wp-json\/wp\/v2\/product"}],"about":[{"href":"https:\/\/cleverkids.ee\/et\/wp-json\/wp\/v2\/types\/product"}],"wp:featuredmedia":[{"embeddable":true,"href":"https:\/\/cleverkids.ee\/et\/wp-json\/wp\/v2\/media\/72471"}],"wp:attachment":[{"href":"https:\/\/cleverkids.ee\/et\/wp-json\/wp\/v2\/media?parent=54976"}],"wp:term":[{"taxonomy":"product_brand","embeddable":true,"href":"https:\/\/cleverkids.ee\/et\/wp-json\/wp\/v2\/product_brand?post=54976"},{"taxonomy":"product_cat","embeddable":true,"href":"https:\/\/cleverkids.ee\/et\/wp-json\/wp\/v2\/product_cat?post=54976"},{"taxonomy":"product_tag","embeddable":true,"href":"https:\/\/cleverkids.ee\/et\/wp-json\/wp\/v2\/product_tag?post=54976"}],"curies":[{"name":"wp","href":"https:\/\/api.w.org\/{rel}","templated":true}]}}