{"id":55183,"date":"2024-04-16T07:27:34","date_gmt":"2024-04-16T04:27:34","guid":{"rendered":"https:\/\/cleverkids.dev2.sdhost.eu\/product\/%d0%b4%d0%b5%d1%80%d0%b5%d0%b2%d1%8f%d0%bd%d0%bd%d1%8b%d0%b9-%d0%bd%d0%b0%d0%b1%d0%be%d1%80-%d1%81-%d0%b8%d0%bd%d1%81%d1%82%d1%80%d1%83%d0%bc%d0%b5%d0%bd%d1%82%d0%b0%d0%bc%d0%b8-%d1%8e%d0%bd%d1%8b\/"},"modified":"2024-11-14T15:00:29","modified_gmt":"2024-11-14T13:00:29","slug":"derevyannyj-nabor-s-instrumentami-yuny","status":"publish","type":"product","link":"https:\/\/cleverkids.ee\/et\/product\/derevyannyj-nabor-s-instrumentami-yuny\/","title":{"rendered":"Puidust t\u00f6\u00f6riistakast lastele"},"content":{"rendered":"<p>Puidust t\u00f6\u00f6riistakomplekt on v\u00e4ikeste t\u00f6\u00f6liste lemmik, sisaldades k\u00f5iki vajalikke t\u00f6\u00f6riistu. Komplektis on 1 kast ja m\u00e4ngutarvikud: haamer, kruvikeeraja, kruvid jne.<\/p>\n<ul>\n<li><span style=\"font-size: medium;\">Pakub p\u00f5nevat ja pidevat liikumist ja stimuleerib v\u00e4ikeste k\u00e4sit\u00f6\u00f6liste loovust ja loogikat.<\/span><\/li>\n<\/ul>\n<ul>\n<li><span style=\"font-size: medium;\">Arendab lapse k\u00e4e-silma koordinatsiooni ja peenmotoorikat.<\/span><\/li>\n<\/ul>\n<ul>\n<li><span style=\"font-size: medium;\">T\u00f6\u00f6riistakasti\u00a0m\u00f5\u00f5tmed:\u00a014,7 \u0445 12 \u0445 24,3 cm<\/span><\/li>\n<\/ul>\n<ul>\n<li><span style=\"font-size: medium;\">Sobilik vanusele alates 3+ aastat<\/span><\/li>\n<\/ul>\n<p>&nbsp;<\/p>\n","protected":false},"excerpt":{"rendered":"<p>Puidust t\u00f6\u00f6riistakomplekt on v\u00e4ikeste t\u00f6\u00f6liste lemmik, sisaldades k\u00f5iki vajalikke t\u00f6\u00f6riistu. Komplektis on 1 kast ja m\u00e4ngutarvikud: haamer, kruvikeeraja, kruvid jne. Pakub p\u00f5nevat ja pidevat liikumist ja stimuleerib v\u00e4ikeste k\u00e4sit\u00f6\u00f6liste loovust ja loogikat. Arendab lapse k\u00e4e-silma koordinatsiooni ja peenmotoorikat. T\u00f6\u00f6riistakasti\u00a0m\u00f5\u00f5tmed:\u00a014,7 \u0445 12 \u0445 24,3 cm Sobilik vanusele alates 3+ aastat &nbsp;<\/p>\n","protected":false},"featured_media":72555,"template":"","meta":{"_monsterinsights_skip_tracking":false,"_monsterinsights_sitenote_active":false,"_monsterinsights_sitenote_note":"","_monsterinsights_sitenote_category":0},"product_brand":[],"product_cat":[49,58],"product_tag":[],"class_list":{"0":"post-55183","1":"product","2":"type-product","3":"status-publish","4":"has-post-thumbnail","6":"product_cat-puidust-arendavad-manguasjad","7":"product_cat-unkategorized","9":"first","10":"instock","11":"shipping-taxable","12":"purchasable","13":"product-type-simple"},"yoast_head":"<!-- This site is optimized with the Yoast SEO plugin v25.0 - https:\/\/yoast.com\/wordpress\/plugins\/seo\/ -->\n<title>Puidust t\u00f6\u00f6riistakast lastele -<\/title>\n<meta name=\"description\" content=\"Puidust t\u00f6\u00f6riistakast lastele - CLEVER KIDS\" \/>\n<meta name=\"robots\" content=\"index, follow, max-snippet:-1, max-image-preview:large, max-video-preview:-1\" \/>\n<link rel=\"canonical\" href=\"https:\/\/cleverkids.ee\/et\/product\/derevyannyj-nabor-s-instrumentami-yuny\/\" \/>\n<meta property=\"og:locale\" content=\"et_EE\" \/>\n<meta property=\"og:type\" content=\"article\" \/>\n<meta property=\"og:title\" content=\"Puidust t\u00f6\u00f6riistakast lastele -\" \/>\n<meta property=\"og:description\" content=\"Puidust t\u00f6\u00f6riistakast lastele - CLEVER KIDS\" \/>\n<meta property=\"og:url\" content=\"https:\/\/cleverkids.ee\/et\/product\/derevyannyj-nabor-s-instrumentami-yuny\/\" \/>\n<meta property=\"og:site_name\" content=\"CLEVER KIDS\" \/>\n<meta property=\"article:publisher\" content=\"https:\/\/www.facebook.com\/cleverkids.ee\/\" \/>\n<meta property=\"article:modified_time\" content=\"2024-11-14T13:00:29+00:00\" \/>\n<meta property=\"og:image\" content=\"https:\/\/cleverkids.ee\/wp-content\/uploads\/2024\/05\/H39ff59e6b854444f8c603f472c36c782b.jpg_720x720q50.jpg-1.webp\" \/>\n\t<meta property=\"og:image:width\" content=\"720\" \/>\n\t<meta property=\"og:image:height\" content=\"720\" \/>\n\t<meta property=\"og:image:type\" content=\"image\/webp\" \/>\n<meta name=\"twitter:card\" content=\"summary_large_image\" \/>\n<meta name=\"twitter:label1\" content=\"Est. reading time\" \/>\n\t<meta name=\"twitter:data1\" content=\"1 minut\" \/>\n<script type=\"application\/ld+json\" class=\"yoast-schema-graph\">{\"@context\":\"https:\/\/schema.org\",\"@graph\":[{\"@type\":\"WebPage\",\"@id\":\"https:\/\/cleverkids.ee\/et\/product\/derevyannyj-nabor-s-instrumentami-yuny\/\",\"url\":\"https:\/\/cleverkids.ee\/et\/product\/derevyannyj-nabor-s-instrumentami-yuny\/\",\"name\":\"Puidust t\u00f6\u00f6riistakast lastele -\",\"isPartOf\":{\"@id\":\"https:\/\/cleverkids.ee\/et\/#website\"},\"primaryImageOfPage\":{\"@id\":\"https:\/\/cleverkids.ee\/et\/product\/derevyannyj-nabor-s-instrumentami-yuny\/#primaryimage\"},\"image\":{\"@id\":\"https:\/\/cleverkids.ee\/et\/product\/derevyannyj-nabor-s-instrumentami-yuny\/#primaryimage\"},\"thumbnailUrl\":\"https:\/\/cleverkids.ee\/wp-content\/uploads\/2024\/05\/H39ff59e6b854444f8c603f472c36c782b.jpg_720x720q50.jpg-1.webp\",\"datePublished\":\"2024-04-16T04:27:34+00:00\",\"dateModified\":\"2024-11-14T13:00:29+00:00\",\"description\":\"Puidust t\u00f6\u00f6riistakast lastele - CLEVER KIDS\",\"breadcrumb\":{\"@id\":\"https:\/\/cleverkids.ee\/et\/product\/derevyannyj-nabor-s-instrumentami-yuny\/#breadcrumb\"},\"inLanguage\":\"et\",\"potentialAction\":[{\"@type\":\"ReadAction\",\"target\":[\"https:\/\/cleverkids.ee\/et\/product\/derevyannyj-nabor-s-instrumentami-yuny\/\"]}]},{\"@type\":\"ImageObject\",\"inLanguage\":\"et\",\"@id\":\"https:\/\/cleverkids.ee\/et\/product\/derevyannyj-nabor-s-instrumentami-yuny\/#primaryimage\",\"url\":\"https:\/\/cleverkids.ee\/wp-content\/uploads\/2024\/05\/H39ff59e6b854444f8c603f472c36c782b.jpg_720x720q50.jpg-1.webp\",\"contentUrl\":\"https:\/\/cleverkids.ee\/wp-content\/uploads\/2024\/05\/H39ff59e6b854444f8c603f472c36c782b.jpg_720x720q50.jpg-1.webp\",\"width\":720,\"height\":720},{\"@type\":\"BreadcrumbList\",\"@id\":\"https:\/\/cleverkids.ee\/et\/product\/derevyannyj-nabor-s-instrumentami-yuny\/#breadcrumb\",\"itemListElement\":[{\"@type\":\"ListItem\",\"position\":1,\"name\":\"Esileht\",\"item\":\"https:\/\/cleverkids.ee\/et\/\"},{\"@type\":\"ListItem\",\"position\":2,\"name\":\"Tooted\",\"item\":\"https:\/\/cleverkids.ee\/store\/\"},{\"@type\":\"ListItem\",\"position\":3,\"name\":\"Puidust t\u00f6\u00f6riistakast lastele\"}]},{\"@type\":\"WebSite\",\"@id\":\"https:\/\/cleverkids.ee\/et\/#website\",\"url\":\"https:\/\/cleverkids.ee\/et\/\",\"name\":\"CLEVER KIDS\",\"description\":\"\",\"publisher\":{\"@id\":\"https:\/\/cleverkids.ee\/et\/#organization\"},\"potentialAction\":[{\"@type\":\"SearchAction\",\"target\":{\"@type\":\"EntryPoint\",\"urlTemplate\":\"https:\/\/cleverkids.ee\/et\/?s={search_term_string}\"},\"query-input\":{\"@type\":\"PropertyValueSpecification\",\"valueRequired\":true,\"valueName\":\"search_term_string\"}}],\"inLanguage\":\"et\"},{\"@type\":\"Organization\",\"@id\":\"https:\/\/cleverkids.ee\/et\/#organization\",\"name\":\"CLEVER KIDS\",\"url\":\"https:\/\/cleverkids.ee\/et\/\",\"logo\":{\"@type\":\"ImageObject\",\"inLanguage\":\"et\",\"@id\":\"https:\/\/cleverkids.ee\/et\/#\/schema\/logo\/image\/\",\"url\":\"https:\/\/cleverkids.ee\/wp-content\/uploads\/2024\/02\/image0-1024x1024.png\",\"contentUrl\":\"https:\/\/cleverkids.ee\/wp-content\/uploads\/2024\/02\/image0-1024x1024.png\",\"width\":1024,\"height\":1024,\"caption\":\"CLEVER KIDS\"},\"image\":{\"@id\":\"https:\/\/cleverkids.ee\/et\/#\/schema\/logo\/image\/\"},\"sameAs\":[\"https:\/\/www.facebook.com\/cleverkids.ee\/\",\"https:\/\/www.instagram.com\/cleverkids_ee\/\"]}]}<\/script>\n<!-- \/ Yoast SEO plugin. -->","yoast_head_json":{"title":"Puidust t\u00f6\u00f6riistakast lastele -","description":"Puidust t\u00f6\u00f6riistakast lastele - CLEVER KIDS","robots":{"index":"index","follow":"follow","max-snippet":"max-snippet:-1","max-image-preview":"max-image-preview:large","max-video-preview":"max-video-preview:-1"},"canonical":"https:\/\/cleverkids.ee\/et\/product\/derevyannyj-nabor-s-instrumentami-yuny\/","og_locale":"et_EE","og_type":"article","og_title":"Puidust t\u00f6\u00f6riistakast lastele -","og_description":"Puidust t\u00f6\u00f6riistakast lastele - CLEVER KIDS","og_url":"https:\/\/cleverkids.ee\/et\/product\/derevyannyj-nabor-s-instrumentami-yuny\/","og_site_name":"CLEVER KIDS","article_publisher":"https:\/\/www.facebook.com\/cleverkids.ee\/","article_modified_time":"2024-11-14T13:00:29+00:00","og_image":[{"width":720,"height":720,"url":"https:\/\/cleverkids.ee\/wp-content\/uploads\/2024\/05\/H39ff59e6b854444f8c603f472c36c782b.jpg_720x720q50.jpg-1.webp","type":"image\/webp"}],"twitter_card":"summary_large_image","twitter_misc":{"Est. reading time":"1 minut"},"schema":{"@context":"https:\/\/schema.org","@graph":[{"@type":"WebPage","@id":"https:\/\/cleverkids.ee\/et\/product\/derevyannyj-nabor-s-instrumentami-yuny\/","url":"https:\/\/cleverkids.ee\/et\/product\/derevyannyj-nabor-s-instrumentami-yuny\/","name":"Puidust t\u00f6\u00f6riistakast lastele -","isPartOf":{"@id":"https:\/\/cleverkids.ee\/et\/#website"},"primaryImageOfPage":{"@id":"https:\/\/cleverkids.ee\/et\/product\/derevyannyj-nabor-s-instrumentami-yuny\/#primaryimage"},"image":{"@id":"https:\/\/cleverkids.ee\/et\/product\/derevyannyj-nabor-s-instrumentami-yuny\/#primaryimage"},"thumbnailUrl":"https:\/\/cleverkids.ee\/wp-content\/uploads\/2024\/05\/H39ff59e6b854444f8c603f472c36c782b.jpg_720x720q50.jpg-1.webp","datePublished":"2024-04-16T04:27:34+00:00","dateModified":"2024-11-14T13:00:29+00:00","description":"Puidust t\u00f6\u00f6riistakast lastele - CLEVER KIDS","breadcrumb":{"@id":"https:\/\/cleverkids.ee\/et\/product\/derevyannyj-nabor-s-instrumentami-yuny\/#breadcrumb"},"inLanguage":"et","potentialAction":[{"@type":"ReadAction","target":["https:\/\/cleverkids.ee\/et\/product\/derevyannyj-nabor-s-instrumentami-yuny\/"]}]},{"@type":"ImageObject","inLanguage":"et","@id":"https:\/\/cleverkids.ee\/et\/product\/derevyannyj-nabor-s-instrumentami-yuny\/#primaryimage","url":"https:\/\/cleverkids.ee\/wp-content\/uploads\/2024\/05\/H39ff59e6b854444f8c603f472c36c782b.jpg_720x720q50.jpg-1.webp","contentUrl":"https:\/\/cleverkids.ee\/wp-content\/uploads\/2024\/05\/H39ff59e6b854444f8c603f472c36c782b.jpg_720x720q50.jpg-1.webp","width":720,"height":720},{"@type":"BreadcrumbList","@id":"https:\/\/cleverkids.ee\/et\/product\/derevyannyj-nabor-s-instrumentami-yuny\/#breadcrumb","itemListElement":[{"@type":"ListItem","position":1,"name":"Esileht","item":"https:\/\/cleverkids.ee\/et\/"},{"@type":"ListItem","position":2,"name":"Tooted","item":"https:\/\/cleverkids.ee\/store\/"},{"@type":"ListItem","position":3,"name":"Puidust t\u00f6\u00f6riistakast lastele"}]},{"@type":"WebSite","@id":"https:\/\/cleverkids.ee\/et\/#website","url":"https:\/\/cleverkids.ee\/et\/","name":"CLEVER KIDS","description":"","publisher":{"@id":"https:\/\/cleverkids.ee\/et\/#organization"},"potentialAction":[{"@type":"SearchAction","target":{"@type":"EntryPoint","urlTemplate":"https:\/\/cleverkids.ee\/et\/?s={search_term_string}"},"query-input":{"@type":"PropertyValueSpecification","valueRequired":true,"valueName":"search_term_string"}}],"inLanguage":"et"},{"@type":"Organization","@id":"https:\/\/cleverkids.ee\/et\/#organization","name":"CLEVER KIDS","url":"https:\/\/cleverkids.ee\/et\/","logo":{"@type":"ImageObject","inLanguage":"et","@id":"https:\/\/cleverkids.ee\/et\/#\/schema\/logo\/image\/","url":"https:\/\/cleverkids.ee\/wp-content\/uploads\/2024\/02\/image0-1024x1024.png","contentUrl":"https:\/\/cleverkids.ee\/wp-content\/uploads\/2024\/02\/image0-1024x1024.png","width":1024,"height":1024,"caption":"CLEVER KIDS"},"image":{"@id":"https:\/\/cleverkids.ee\/et\/#\/schema\/logo\/image\/"},"sameAs":["https:\/\/www.facebook.com\/cleverkids.ee\/","https:\/\/www.instagram.com\/cleverkids_ee\/"]}]}},"_links":{"self":[{"href":"https:\/\/cleverkids.ee\/et\/wp-json\/wp\/v2\/product\/55183","targetHints":{"allow":["GET"]}}],"collection":[{"href":"https:\/\/cleverkids.ee\/et\/wp-json\/wp\/v2\/product"}],"about":[{"href":"https:\/\/cleverkids.ee\/et\/wp-json\/wp\/v2\/types\/product"}],"wp:featuredmedia":[{"embeddable":true,"href":"https:\/\/cleverkids.ee\/et\/wp-json\/wp\/v2\/media\/72555"}],"wp:attachment":[{"href":"https:\/\/cleverkids.ee\/et\/wp-json\/wp\/v2\/media?parent=55183"}],"wp:term":[{"taxonomy":"product_brand","embeddable":true,"href":"https:\/\/cleverkids.ee\/et\/wp-json\/wp\/v2\/product_brand?post=55183"},{"taxonomy":"product_cat","embeddable":true,"href":"https:\/\/cleverkids.ee\/et\/wp-json\/wp\/v2\/product_cat?post=55183"},{"taxonomy":"product_tag","embeddable":true,"href":"https:\/\/cleverkids.ee\/et\/wp-json\/wp\/v2\/product_tag?post=55183"}],"curies":[{"name":"wp","href":"https:\/\/api.w.org\/{rel}","templated":true}]}}