{"id":55348,"date":"2024-04-16T07:27:41","date_gmt":"2024-04-16T04:27:41","guid":{"rendered":"https:\/\/cleverkids.dev2.sdhost.eu\/product\/%d1%80%d0%b0%d0%b7%d0%b2%d0%b8%d0%b2%d0%b0%d1%8e%d1%89%d0%b8%d0%b9-%d0%b4%d0%b5%d1%80%d0%b5%d0%b2%d1%8f%d0%bd%d0%bd%d1%8b%d0%b9-%d0%ba%d0%be%d0%bd%d1%81%d1%82%d1%80%d1%83%d0%ba%d1%82%d0%be%d1%80\/"},"modified":"2024-06-25T10:51:40","modified_gmt":"2024-06-25T07:51:40","slug":"razvivayushhij-derevyannyj-konstruktor","status":"publish","type":"product","link":"https:\/\/cleverkids.ee\/et\/product\/razvivayushhij-derevyannyj-konstruktor\/","title":{"rendered":"Puidust ehituskomplekt kruvikeerajaga"},"content":{"rendered":"<p>Vahva ja l\u00f5bus ehituskomplekt, millest laps saab iseseisvalt valmistada palju huvitavaid m\u00e4nguasju. Ehitusklotid koosnevad paljudest elementidest, mis saab omavahel lahti ja kokke \u00fchendada.<\/p>\n<p>Komplekt toob kindlasti naeratuse teie lapse n\u00e4ole ning aitab parandada motoorikat, visuaalset ja m\u00e4luoskust. M\u00e4nguasi on suurep\u00e4rane v\u00f5imalus stimuleerida lapse arengut juba v\u00e4ikesest peale.<\/p>\n","protected":false},"excerpt":{"rendered":"<p>Vahva ja l\u00f5bus ehituskomplekt, millest laps saab iseseisvalt valmistada palju huvitavaid m\u00e4nguasju. Ehitusklotid koosnevad paljudest elementidest, mis saab omavahel lahti ja kokke \u00fchendada. Komplekt toob kindlasti naeratuse teie lapse n\u00e4ole ning aitab parandada motoorikat, visuaalset ja m\u00e4luoskust. M\u00e4nguasi on suurep\u00e4rane v\u00f5imalus stimuleerida lapse arengut juba v\u00e4ikesest peale.<\/p>\n","protected":false},"featured_media":72627,"template":"","meta":{"_monsterinsights_skip_tracking":false,"_monsterinsights_sitenote_active":false,"_monsterinsights_sitenote_note":"","_monsterinsights_sitenote_category":0},"product_brand":[],"product_cat":[49,58],"product_tag":[],"class_list":{"0":"post-55348","1":"product","2":"type-product","3":"status-publish","4":"has-post-thumbnail","6":"product_cat-puidust-arendavad-manguasjad","7":"product_cat-unkategorized","8":"pa_vozrast-ot-3-do-5-let-et","10":"first","11":"instock","12":"shipping-taxable","13":"purchasable","14":"product-type-simple"},"yoast_head":"<!-- This site is optimized with the Yoast SEO plugin v25.0 - https:\/\/yoast.com\/wordpress\/plugins\/seo\/ -->\n<title>Puidust ehituskomplekt kruvikeerajaga -<\/title>\n<meta name=\"description\" content=\"Puidust ehituskomplekt kruvikeerajaga - CLEVER KIDS\" \/>\n<meta name=\"robots\" content=\"index, follow, max-snippet:-1, max-image-preview:large, max-video-preview:-1\" \/>\n<link rel=\"canonical\" href=\"https:\/\/cleverkids.ee\/et\/product\/razvivayushhij-derevyannyj-konstruktor\/\" \/>\n<meta property=\"og:locale\" content=\"et_EE\" \/>\n<meta property=\"og:type\" content=\"article\" \/>\n<meta property=\"og:title\" content=\"Puidust ehituskomplekt kruvikeerajaga -\" \/>\n<meta property=\"og:description\" content=\"Puidust ehituskomplekt kruvikeerajaga - CLEVER KIDS\" \/>\n<meta property=\"og:url\" content=\"https:\/\/cleverkids.ee\/et\/product\/razvivayushhij-derevyannyj-konstruktor\/\" \/>\n<meta property=\"og:site_name\" content=\"CLEVER KIDS\" \/>\n<meta property=\"article:publisher\" content=\"https:\/\/www.facebook.com\/cleverkids.ee\/\" \/>\n<meta property=\"article:modified_time\" content=\"2024-06-25T07:51:40+00:00\" \/>\n<meta property=\"og:image\" content=\"https:\/\/cleverkids.ee\/wp-content\/uploads\/2024\/05\/H7332d816f2714af09d396ecd58045e2aW.jpg-2-1.webp\" \/>\n\t<meta property=\"og:image:width\" content=\"800\" \/>\n\t<meta property=\"og:image:height\" content=\"800\" \/>\n\t<meta property=\"og:image:type\" content=\"image\/webp\" \/>\n<meta name=\"twitter:card\" content=\"summary_large_image\" \/>\n<meta name=\"twitter:label1\" content=\"Est. reading time\" \/>\n\t<meta name=\"twitter:data1\" content=\"1 minut\" \/>\n<script type=\"application\/ld+json\" class=\"yoast-schema-graph\">{\"@context\":\"https:\/\/schema.org\",\"@graph\":[{\"@type\":\"WebPage\",\"@id\":\"https:\/\/cleverkids.ee\/et\/product\/razvivayushhij-derevyannyj-konstruktor\/\",\"url\":\"https:\/\/cleverkids.ee\/et\/product\/razvivayushhij-derevyannyj-konstruktor\/\",\"name\":\"Puidust ehituskomplekt kruvikeerajaga -\",\"isPartOf\":{\"@id\":\"https:\/\/cleverkids.ee\/et\/#website\"},\"primaryImageOfPage\":{\"@id\":\"https:\/\/cleverkids.ee\/et\/product\/razvivayushhij-derevyannyj-konstruktor\/#primaryimage\"},\"image\":{\"@id\":\"https:\/\/cleverkids.ee\/et\/product\/razvivayushhij-derevyannyj-konstruktor\/#primaryimage\"},\"thumbnailUrl\":\"https:\/\/cleverkids.ee\/wp-content\/uploads\/2024\/05\/H7332d816f2714af09d396ecd58045e2aW.jpg-2-1.webp\",\"datePublished\":\"2024-04-16T04:27:41+00:00\",\"dateModified\":\"2024-06-25T07:51:40+00:00\",\"description\":\"Puidust ehituskomplekt kruvikeerajaga - CLEVER KIDS\",\"breadcrumb\":{\"@id\":\"https:\/\/cleverkids.ee\/et\/product\/razvivayushhij-derevyannyj-konstruktor\/#breadcrumb\"},\"inLanguage\":\"et\",\"potentialAction\":[{\"@type\":\"ReadAction\",\"target\":[\"https:\/\/cleverkids.ee\/et\/product\/razvivayushhij-derevyannyj-konstruktor\/\"]}]},{\"@type\":\"ImageObject\",\"inLanguage\":\"et\",\"@id\":\"https:\/\/cleverkids.ee\/et\/product\/razvivayushhij-derevyannyj-konstruktor\/#primaryimage\",\"url\":\"https:\/\/cleverkids.ee\/wp-content\/uploads\/2024\/05\/H7332d816f2714af09d396ecd58045e2aW.jpg-2-1.webp\",\"contentUrl\":\"https:\/\/cleverkids.ee\/wp-content\/uploads\/2024\/05\/H7332d816f2714af09d396ecd58045e2aW.jpg-2-1.webp\",\"width\":800,\"height\":800},{\"@type\":\"BreadcrumbList\",\"@id\":\"https:\/\/cleverkids.ee\/et\/product\/razvivayushhij-derevyannyj-konstruktor\/#breadcrumb\",\"itemListElement\":[{\"@type\":\"ListItem\",\"position\":1,\"name\":\"Esileht\",\"item\":\"https:\/\/cleverkids.ee\/et\/\"},{\"@type\":\"ListItem\",\"position\":2,\"name\":\"Tooted\",\"item\":\"https:\/\/cleverkids.ee\/store\/\"},{\"@type\":\"ListItem\",\"position\":3,\"name\":\"Puidust ehituskomplekt kruvikeerajaga\"}]},{\"@type\":\"WebSite\",\"@id\":\"https:\/\/cleverkids.ee\/et\/#website\",\"url\":\"https:\/\/cleverkids.ee\/et\/\",\"name\":\"CLEVER KIDS\",\"description\":\"\",\"publisher\":{\"@id\":\"https:\/\/cleverkids.ee\/et\/#organization\"},\"potentialAction\":[{\"@type\":\"SearchAction\",\"target\":{\"@type\":\"EntryPoint\",\"urlTemplate\":\"https:\/\/cleverkids.ee\/et\/?s={search_term_string}\"},\"query-input\":{\"@type\":\"PropertyValueSpecification\",\"valueRequired\":true,\"valueName\":\"search_term_string\"}}],\"inLanguage\":\"et\"},{\"@type\":\"Organization\",\"@id\":\"https:\/\/cleverkids.ee\/et\/#organization\",\"name\":\"CLEVER KIDS\",\"url\":\"https:\/\/cleverkids.ee\/et\/\",\"logo\":{\"@type\":\"ImageObject\",\"inLanguage\":\"et\",\"@id\":\"https:\/\/cleverkids.ee\/et\/#\/schema\/logo\/image\/\",\"url\":\"https:\/\/cleverkids.ee\/wp-content\/uploads\/2024\/02\/image0-1024x1024.png\",\"contentUrl\":\"https:\/\/cleverkids.ee\/wp-content\/uploads\/2024\/02\/image0-1024x1024.png\",\"width\":1024,\"height\":1024,\"caption\":\"CLEVER KIDS\"},\"image\":{\"@id\":\"https:\/\/cleverkids.ee\/et\/#\/schema\/logo\/image\/\"},\"sameAs\":[\"https:\/\/www.facebook.com\/cleverkids.ee\/\",\"https:\/\/www.instagram.com\/cleverkids_ee\/\"]}]}<\/script>\n<!-- \/ Yoast SEO plugin. -->","yoast_head_json":{"title":"Puidust ehituskomplekt kruvikeerajaga -","description":"Puidust ehituskomplekt kruvikeerajaga - CLEVER KIDS","robots":{"index":"index","follow":"follow","max-snippet":"max-snippet:-1","max-image-preview":"max-image-preview:large","max-video-preview":"max-video-preview:-1"},"canonical":"https:\/\/cleverkids.ee\/et\/product\/razvivayushhij-derevyannyj-konstruktor\/","og_locale":"et_EE","og_type":"article","og_title":"Puidust ehituskomplekt kruvikeerajaga -","og_description":"Puidust ehituskomplekt kruvikeerajaga - CLEVER KIDS","og_url":"https:\/\/cleverkids.ee\/et\/product\/razvivayushhij-derevyannyj-konstruktor\/","og_site_name":"CLEVER KIDS","article_publisher":"https:\/\/www.facebook.com\/cleverkids.ee\/","article_modified_time":"2024-06-25T07:51:40+00:00","og_image":[{"width":800,"height":800,"url":"https:\/\/cleverkids.ee\/wp-content\/uploads\/2024\/05\/H7332d816f2714af09d396ecd58045e2aW.jpg-2-1.webp","type":"image\/webp"}],"twitter_card":"summary_large_image","twitter_misc":{"Est. reading time":"1 minut"},"schema":{"@context":"https:\/\/schema.org","@graph":[{"@type":"WebPage","@id":"https:\/\/cleverkids.ee\/et\/product\/razvivayushhij-derevyannyj-konstruktor\/","url":"https:\/\/cleverkids.ee\/et\/product\/razvivayushhij-derevyannyj-konstruktor\/","name":"Puidust ehituskomplekt kruvikeerajaga -","isPartOf":{"@id":"https:\/\/cleverkids.ee\/et\/#website"},"primaryImageOfPage":{"@id":"https:\/\/cleverkids.ee\/et\/product\/razvivayushhij-derevyannyj-konstruktor\/#primaryimage"},"image":{"@id":"https:\/\/cleverkids.ee\/et\/product\/razvivayushhij-derevyannyj-konstruktor\/#primaryimage"},"thumbnailUrl":"https:\/\/cleverkids.ee\/wp-content\/uploads\/2024\/05\/H7332d816f2714af09d396ecd58045e2aW.jpg-2-1.webp","datePublished":"2024-04-16T04:27:41+00:00","dateModified":"2024-06-25T07:51:40+00:00","description":"Puidust ehituskomplekt kruvikeerajaga - CLEVER KIDS","breadcrumb":{"@id":"https:\/\/cleverkids.ee\/et\/product\/razvivayushhij-derevyannyj-konstruktor\/#breadcrumb"},"inLanguage":"et","potentialAction":[{"@type":"ReadAction","target":["https:\/\/cleverkids.ee\/et\/product\/razvivayushhij-derevyannyj-konstruktor\/"]}]},{"@type":"ImageObject","inLanguage":"et","@id":"https:\/\/cleverkids.ee\/et\/product\/razvivayushhij-derevyannyj-konstruktor\/#primaryimage","url":"https:\/\/cleverkids.ee\/wp-content\/uploads\/2024\/05\/H7332d816f2714af09d396ecd58045e2aW.jpg-2-1.webp","contentUrl":"https:\/\/cleverkids.ee\/wp-content\/uploads\/2024\/05\/H7332d816f2714af09d396ecd58045e2aW.jpg-2-1.webp","width":800,"height":800},{"@type":"BreadcrumbList","@id":"https:\/\/cleverkids.ee\/et\/product\/razvivayushhij-derevyannyj-konstruktor\/#breadcrumb","itemListElement":[{"@type":"ListItem","position":1,"name":"Esileht","item":"https:\/\/cleverkids.ee\/et\/"},{"@type":"ListItem","position":2,"name":"Tooted","item":"https:\/\/cleverkids.ee\/store\/"},{"@type":"ListItem","position":3,"name":"Puidust ehituskomplekt kruvikeerajaga"}]},{"@type":"WebSite","@id":"https:\/\/cleverkids.ee\/et\/#website","url":"https:\/\/cleverkids.ee\/et\/","name":"CLEVER KIDS","description":"","publisher":{"@id":"https:\/\/cleverkids.ee\/et\/#organization"},"potentialAction":[{"@type":"SearchAction","target":{"@type":"EntryPoint","urlTemplate":"https:\/\/cleverkids.ee\/et\/?s={search_term_string}"},"query-input":{"@type":"PropertyValueSpecification","valueRequired":true,"valueName":"search_term_string"}}],"inLanguage":"et"},{"@type":"Organization","@id":"https:\/\/cleverkids.ee\/et\/#organization","name":"CLEVER KIDS","url":"https:\/\/cleverkids.ee\/et\/","logo":{"@type":"ImageObject","inLanguage":"et","@id":"https:\/\/cleverkids.ee\/et\/#\/schema\/logo\/image\/","url":"https:\/\/cleverkids.ee\/wp-content\/uploads\/2024\/02\/image0-1024x1024.png","contentUrl":"https:\/\/cleverkids.ee\/wp-content\/uploads\/2024\/02\/image0-1024x1024.png","width":1024,"height":1024,"caption":"CLEVER KIDS"},"image":{"@id":"https:\/\/cleverkids.ee\/et\/#\/schema\/logo\/image\/"},"sameAs":["https:\/\/www.facebook.com\/cleverkids.ee\/","https:\/\/www.instagram.com\/cleverkids_ee\/"]}]}},"_links":{"self":[{"href":"https:\/\/cleverkids.ee\/et\/wp-json\/wp\/v2\/product\/55348","targetHints":{"allow":["GET"]}}],"collection":[{"href":"https:\/\/cleverkids.ee\/et\/wp-json\/wp\/v2\/product"}],"about":[{"href":"https:\/\/cleverkids.ee\/et\/wp-json\/wp\/v2\/types\/product"}],"wp:featuredmedia":[{"embeddable":true,"href":"https:\/\/cleverkids.ee\/et\/wp-json\/wp\/v2\/media\/72627"}],"wp:attachment":[{"href":"https:\/\/cleverkids.ee\/et\/wp-json\/wp\/v2\/media?parent=55348"}],"wp:term":[{"taxonomy":"product_brand","embeddable":true,"href":"https:\/\/cleverkids.ee\/et\/wp-json\/wp\/v2\/product_brand?post=55348"},{"taxonomy":"product_cat","embeddable":true,"href":"https:\/\/cleverkids.ee\/et\/wp-json\/wp\/v2\/product_cat?post=55348"},{"taxonomy":"product_tag","embeddable":true,"href":"https:\/\/cleverkids.ee\/et\/wp-json\/wp\/v2\/product_tag?post=55348"}],"curies":[{"name":"wp","href":"https:\/\/api.w.org\/{rel}","templated":true}]}}