{"id":73217,"date":"2024-04-13T12:05:13","date_gmt":"2024-04-13T09:05:13","guid":{"rendered":"https:\/\/cleverkids.ee\/\u041f\u0440\u043e\u0434\u0443\u043a\u0442\/igra-na-lipuchkah-obuchayushhij-krug\/"},"modified":"2024-05-20T12:11:48","modified_gmt":"2024-05-20T09:11:48","slug":"mang-takjakinnitusel-opiring-loomad","status":"publish","type":"product","link":"https:\/\/cleverkids.ee\/et\/product\/mang-takjakinnitusel-opiring-loomad\/","title":{"rendered":"M\u00e4ng takjakinnitusel \u201c\u00d5piring \u2013 loomad\u201d Kes kus elab? Kes mida s\u00f6\u00f6b?"},"content":{"rendered":"<p>\u00ab\u041e\u0431\u0443\u0447\u0430\u044e\u0449\u0438\u0439 \u043a\u0440\u0443\u0433\u00bb \u2014 \u044d\u0442\u043e \u0438\u0433\u0440\u0430, \u0432 \u043a\u043e\u0442\u043e\u0440\u0443\u044e \u043c\u043e\u0436\u043d\u043e \u0438\u0433\u0440\u0430\u0442\u044c \u043d\u0435 \u0442\u043e\u043b\u044c\u043a\u043e \u0434\u043e\u043c\u0430, \u043d\u043e \u0438 \u0431\u0440\u0430\u0442\u044c \u0441 \u0441\u043e\u0431\u043e\u0439 \u043d\u0430 \u043f\u0440\u043e\u0433\u0443\u043b\u043a\u0443 \u0438\u043b\u0438 \u0432 \u0434\u0435\u0442\u0441\u043a\u0438\u0439 \u0441\u0430\u0434!<\/p>\n<h3>\u041a\u0430\u043a \u0438\u0433\u0440\u0430\u0442\u044c<\/h3>\n<ul>\n<li>\u0412 \u043d\u0430\u0431\u043e\u0440\u0435 \u0432\u044b \u043d\u0430\u0439\u0434\u0451\u0442\u0435 10 \u043b\u0438\u043f\u0443\u0447\u0435\u043a \u0441 \u0436\u0438\u0432\u043e\u0442\u043d\u044b\u043c\u0438, 10 \u043b\u0438\u043f\u0443\u0447\u0435\u043a \u0441 \u0435\u0434\u043e\u0439 \u0438 \u0438\u0433\u0440\u043e\u0432\u043e\u0435 \u043f\u043e\u043b\u0435 \u0441 \u0440\u0430\u0437\u043d\u044b\u043c\u0438 \u043b\u043e\u043a\u0430\u0446\u0438\u044f\u043c\u0438.<\/li>\n<li>\u0417\u0430\u0434\u0430\u0447\u0430 \u0440\u0435\u0431\u0451\u043d\u043a\u0430 \u2014 \u043f\u0440\u0438\u043a\u0440\u0435\u043f\u0438\u0442\u044c \u043b\u0438\u043f\u0443\u0447\u043a\u0443 \u043d\u0430 \u043f\u043e\u0434\u0445\u043e\u0434\u044f\u0449\u0435\u0435 \u043f\u043e\u043b\u0435, \u0432\u044b\u0441\u0442\u0440\u0430\u0438\u0432\u0430\u044f \u043b\u043e\u0433\u0438\u0447\u0435\u0441\u043a\u0438\u044e \u0446\u0435\u043f\u043e\u0447\u043a\u0443.<\/li>\n<li>\u0420\u0430\u0441\u0441\u043a\u0430\u0436\u0438\u0442\u0435 \u0440\u0435\u0431\u0451\u043d\u043a\u0443 \u043e\u0431\u043e \u0432\u0441\u0435\u0445 \u0436\u0438\u0432\u043e\u0442\u043d\u044b\u0445 \u0438 \u043e \u043c\u0435\u0441\u0442\u0430\u0445, \u0432 \u043a\u043e\u0442\u043e\u0440\u044b\u0445 \u043e\u043d\u0438 \u0436\u0438\u0432\u0443\u0442.<\/li>\n<li>\u0414\u0435\u0442\u0430\u043b\u0438 \u0432\u044b\u043f\u043e\u043b\u043d\u0435\u043d\u044b \u0438\u0437 \u043e\u0431\u0440\u0430\u0431\u043e\u0442\u0430\u043d\u043d\u043e\u0433\u043e \u043f\u043b\u0430\u0441\u0442\u0438\u043a\u0430, \u0431\u0435\u0437\u043e\u043f\u0430\u0441\u043d\u043e\u0433\u043e \u0434\u043b\u044f \u043f\u0430\u043b\u044c\u0447\u0438\u043a\u043e\u0432 \u043c\u0430\u043b\u044b\u0448\u0430.<\/li>\n<\/ul>\n","protected":false},"excerpt":{"rendered":"<p>\u00ab\u041e\u0431\u0443\u0447\u0430\u044e\u0449\u0438\u0439 \u043a\u0440\u0443\u0433\u00bb \u2014 \u044d\u0442\u043e \u0438\u0433\u0440\u0430, \u0432 \u043a\u043e\u0442\u043e\u0440\u0443\u044e \u043c\u043e\u0436\u043d\u043e \u0438\u0433\u0440\u0430\u0442\u044c \u043d\u0435 \u0442\u043e\u043b\u044c\u043a\u043e \u0434\u043e\u043c\u0430, \u043d\u043e \u0438 \u0431\u0440\u0430\u0442\u044c \u0441 \u0441\u043e\u0431\u043e\u0439 \u043d\u0430 \u043f\u0440\u043e\u0433\u0443\u043b\u043a\u0443 \u0438\u043b\u0438 \u0432 \u0434\u0435\u0442\u0441\u043a\u0438\u0439 \u0441\u0430\u0434! \u041a\u0430\u043a \u0438\u0433\u0440\u0430\u0442\u044c \u0412 \u043d\u0430\u0431\u043e\u0440\u0435 \u0432\u044b \u043d\u0430\u0439\u0434\u0451\u0442\u0435 10 \u043b\u0438\u043f\u0443\u0447\u0435\u043a \u0441 \u0436\u0438\u0432\u043e\u0442\u043d\u044b\u043c\u0438, 10 \u043b\u0438\u043f\u0443\u0447\u0435\u043a \u0441 \u0435\u0434\u043e\u0439 \u0438 \u0438\u0433\u0440\u043e\u0432\u043e\u0435 \u043f\u043e\u043b\u0435 \u0441 \u0440\u0430\u0437\u043d\u044b\u043c\u0438 \u043b\u043e\u043a\u0430\u0446\u0438\u044f\u043c\u0438. \u0417\u0430\u0434\u0430\u0447\u0430 \u0440\u0435\u0431\u0451\u043d\u043a\u0430 \u2014 \u043f\u0440\u0438\u043a\u0440\u0435\u043f\u0438\u0442\u044c \u043b\u0438\u043f\u0443\u0447\u043a\u0443 \u043d\u0430 \u043f\u043e\u0434\u0445\u043e\u0434\u044f\u0449\u0435\u0435 \u043f\u043e\u043b\u0435, \u0432\u044b\u0441\u0442\u0440\u0430\u0438\u0432\u0430\u044f \u043b\u043e\u0433\u0438\u0447\u0435\u0441\u043a\u0438\u044e \u0446\u0435\u043f\u043e\u0447\u043a\u0443. \u0420\u0430\u0441\u0441\u043a\u0430\u0436\u0438\u0442\u0435 [&hellip;]<\/p>\n","protected":false},"featured_media":64502,"template":"","meta":{"_monsterinsights_skip_tracking":false,"_monsterinsights_sitenote_active":false,"_monsterinsights_sitenote_note":"","_monsterinsights_sitenote_category":0},"product_brand":[],"product_cat":[53,58],"product_tag":[],"class_list":{"0":"post-73217","1":"product","2":"type-product","3":"status-publish","4":"has-post-thumbnail","6":"product_cat-kleebised","7":"product_cat-unkategorized","9":"first","10":"instock","11":"shipping-taxable","12":"purchasable","13":"product-type-simple"},"yoast_head":"<!-- This site is optimized with the Yoast SEO plugin v25.0 - https:\/\/yoast.com\/wordpress\/plugins\/seo\/ -->\n<title>M\u00e4ng takjakinnitusel \u201c\u00d5piring \u2013 loomad\u201d Kes kus elab? Kes mida s\u00f6\u00f6b? -<\/title>\n<meta name=\"description\" content=\"M\u00e4ng takjakinnitusel \u201c\u00d5piring \u2013 loomad\u201d Kes kus elab? Kes mida s\u00f6\u00f6b? - CLEVER KIDS\" \/>\n<meta name=\"robots\" content=\"index, follow, max-snippet:-1, max-image-preview:large, max-video-preview:-1\" \/>\n<link rel=\"canonical\" href=\"https:\/\/cleverkids.ee\/et\/product\/mang-takjakinnitusel-opiring-loomad\/\" \/>\n<meta property=\"og:locale\" content=\"et_EE\" \/>\n<meta property=\"og:type\" content=\"article\" \/>\n<meta property=\"og:title\" content=\"M\u00e4ng takjakinnitusel \u201c\u00d5piring \u2013 loomad\u201d Kes kus elab? Kes mida s\u00f6\u00f6b? -\" \/>\n<meta property=\"og:description\" content=\"M\u00e4ng takjakinnitusel \u201c\u00d5piring \u2013 loomad\u201d Kes kus elab? Kes mida s\u00f6\u00f6b? - CLEVER KIDS\" \/>\n<meta property=\"og:url\" content=\"https:\/\/cleverkids.ee\/et\/product\/mang-takjakinnitusel-opiring-loomad\/\" \/>\n<meta property=\"og:site_name\" content=\"CLEVER KIDS\" \/>\n<meta property=\"article:publisher\" content=\"https:\/\/www.facebook.com\/cleverkids.ee\/\" \/>\n<meta property=\"article:modified_time\" content=\"2024-05-20T09:11:48+00:00\" \/>\n<meta property=\"og:image\" content=\"https:\/\/cleverkids.ee\/wp-content\/uploads\/2024\/05\/700-16-2.jpg\" \/>\n\t<meta property=\"og:image:width\" content=\"700\" \/>\n\t<meta property=\"og:image:height\" content=\"700\" \/>\n\t<meta property=\"og:image:type\" content=\"image\/jpeg\" \/>\n<meta name=\"twitter:card\" content=\"summary_large_image\" \/>\n<meta name=\"twitter:label1\" content=\"Est. reading time\" \/>\n\t<meta name=\"twitter:data1\" content=\"1 minut\" \/>\n<script type=\"application\/ld+json\" class=\"yoast-schema-graph\">{\"@context\":\"https:\/\/schema.org\",\"@graph\":[{\"@type\":\"WebPage\",\"@id\":\"https:\/\/cleverkids.ee\/et\/product\/mang-takjakinnitusel-opiring-loomad\/\",\"url\":\"https:\/\/cleverkids.ee\/et\/product\/mang-takjakinnitusel-opiring-loomad\/\",\"name\":\"M\u00e4ng takjakinnitusel \u201c\u00d5piring \u2013 loomad\u201d Kes kus elab? Kes mida s\u00f6\u00f6b? -\",\"isPartOf\":{\"@id\":\"https:\/\/cleverkids.ee\/et\/#website\"},\"primaryImageOfPage\":{\"@id\":\"https:\/\/cleverkids.ee\/et\/product\/mang-takjakinnitusel-opiring-loomad\/#primaryimage\"},\"image\":{\"@id\":\"https:\/\/cleverkids.ee\/et\/product\/mang-takjakinnitusel-opiring-loomad\/#primaryimage\"},\"thumbnailUrl\":\"https:\/\/cleverkids.ee\/wp-content\/uploads\/2024\/05\/700-16-2.jpg\",\"datePublished\":\"2024-04-13T09:05:13+00:00\",\"dateModified\":\"2024-05-20T09:11:48+00:00\",\"description\":\"M\u00e4ng takjakinnitusel \u201c\u00d5piring \u2013 loomad\u201d Kes kus elab? Kes mida s\u00f6\u00f6b? - CLEVER KIDS\",\"breadcrumb\":{\"@id\":\"https:\/\/cleverkids.ee\/et\/product\/mang-takjakinnitusel-opiring-loomad\/#breadcrumb\"},\"inLanguage\":\"et\",\"potentialAction\":[{\"@type\":\"ReadAction\",\"target\":[\"https:\/\/cleverkids.ee\/et\/product\/mang-takjakinnitusel-opiring-loomad\/\"]}]},{\"@type\":\"ImageObject\",\"inLanguage\":\"et\",\"@id\":\"https:\/\/cleverkids.ee\/et\/product\/mang-takjakinnitusel-opiring-loomad\/#primaryimage\",\"url\":\"https:\/\/cleverkids.ee\/wp-content\/uploads\/2024\/05\/700-16-2.jpg\",\"contentUrl\":\"https:\/\/cleverkids.ee\/wp-content\/uploads\/2024\/05\/700-16-2.jpg\",\"width\":700,\"height\":700},{\"@type\":\"BreadcrumbList\",\"@id\":\"https:\/\/cleverkids.ee\/et\/product\/mang-takjakinnitusel-opiring-loomad\/#breadcrumb\",\"itemListElement\":[{\"@type\":\"ListItem\",\"position\":1,\"name\":\"Esileht\",\"item\":\"https:\/\/cleverkids.ee\/et\/\"},{\"@type\":\"ListItem\",\"position\":2,\"name\":\"Tooted\",\"item\":\"https:\/\/cleverkids.ee\/store\/\"},{\"@type\":\"ListItem\",\"position\":3,\"name\":\"M\u00e4ng takjakinnitusel \u201c\u00d5piring \u2013 loomad\u201d Kes kus elab? Kes mida s\u00f6\u00f6b?\"}]},{\"@type\":\"WebSite\",\"@id\":\"https:\/\/cleverkids.ee\/et\/#website\",\"url\":\"https:\/\/cleverkids.ee\/et\/\",\"name\":\"CLEVER KIDS\",\"description\":\"\",\"publisher\":{\"@id\":\"https:\/\/cleverkids.ee\/et\/#organization\"},\"potentialAction\":[{\"@type\":\"SearchAction\",\"target\":{\"@type\":\"EntryPoint\",\"urlTemplate\":\"https:\/\/cleverkids.ee\/et\/?s={search_term_string}\"},\"query-input\":{\"@type\":\"PropertyValueSpecification\",\"valueRequired\":true,\"valueName\":\"search_term_string\"}}],\"inLanguage\":\"et\"},{\"@type\":\"Organization\",\"@id\":\"https:\/\/cleverkids.ee\/et\/#organization\",\"name\":\"CLEVER KIDS\",\"url\":\"https:\/\/cleverkids.ee\/et\/\",\"logo\":{\"@type\":\"ImageObject\",\"inLanguage\":\"et\",\"@id\":\"https:\/\/cleverkids.ee\/et\/#\/schema\/logo\/image\/\",\"url\":\"https:\/\/cleverkids.ee\/wp-content\/uploads\/2024\/02\/image0-1024x1024.png\",\"contentUrl\":\"https:\/\/cleverkids.ee\/wp-content\/uploads\/2024\/02\/image0-1024x1024.png\",\"width\":1024,\"height\":1024,\"caption\":\"CLEVER KIDS\"},\"image\":{\"@id\":\"https:\/\/cleverkids.ee\/et\/#\/schema\/logo\/image\/\"},\"sameAs\":[\"https:\/\/www.facebook.com\/cleverkids.ee\/\",\"https:\/\/www.instagram.com\/cleverkids_ee\/\"]}]}<\/script>\n<!-- \/ Yoast SEO plugin. -->","yoast_head_json":{"title":"M\u00e4ng takjakinnitusel \u201c\u00d5piring \u2013 loomad\u201d Kes kus elab? Kes mida s\u00f6\u00f6b? -","description":"M\u00e4ng takjakinnitusel \u201c\u00d5piring \u2013 loomad\u201d Kes kus elab? Kes mida s\u00f6\u00f6b? - CLEVER KIDS","robots":{"index":"index","follow":"follow","max-snippet":"max-snippet:-1","max-image-preview":"max-image-preview:large","max-video-preview":"max-video-preview:-1"},"canonical":"https:\/\/cleverkids.ee\/et\/product\/mang-takjakinnitusel-opiring-loomad\/","og_locale":"et_EE","og_type":"article","og_title":"M\u00e4ng takjakinnitusel \u201c\u00d5piring \u2013 loomad\u201d Kes kus elab? Kes mida s\u00f6\u00f6b? -","og_description":"M\u00e4ng takjakinnitusel \u201c\u00d5piring \u2013 loomad\u201d Kes kus elab? Kes mida s\u00f6\u00f6b? - CLEVER KIDS","og_url":"https:\/\/cleverkids.ee\/et\/product\/mang-takjakinnitusel-opiring-loomad\/","og_site_name":"CLEVER KIDS","article_publisher":"https:\/\/www.facebook.com\/cleverkids.ee\/","article_modified_time":"2024-05-20T09:11:48+00:00","og_image":[{"width":700,"height":700,"url":"https:\/\/cleverkids.ee\/wp-content\/uploads\/2024\/05\/700-16-2.jpg","type":"image\/jpeg"}],"twitter_card":"summary_large_image","twitter_misc":{"Est. reading time":"1 minut"},"schema":{"@context":"https:\/\/schema.org","@graph":[{"@type":"WebPage","@id":"https:\/\/cleverkids.ee\/et\/product\/mang-takjakinnitusel-opiring-loomad\/","url":"https:\/\/cleverkids.ee\/et\/product\/mang-takjakinnitusel-opiring-loomad\/","name":"M\u00e4ng takjakinnitusel \u201c\u00d5piring \u2013 loomad\u201d Kes kus elab? Kes mida s\u00f6\u00f6b? -","isPartOf":{"@id":"https:\/\/cleverkids.ee\/et\/#website"},"primaryImageOfPage":{"@id":"https:\/\/cleverkids.ee\/et\/product\/mang-takjakinnitusel-opiring-loomad\/#primaryimage"},"image":{"@id":"https:\/\/cleverkids.ee\/et\/product\/mang-takjakinnitusel-opiring-loomad\/#primaryimage"},"thumbnailUrl":"https:\/\/cleverkids.ee\/wp-content\/uploads\/2024\/05\/700-16-2.jpg","datePublished":"2024-04-13T09:05:13+00:00","dateModified":"2024-05-20T09:11:48+00:00","description":"M\u00e4ng takjakinnitusel \u201c\u00d5piring \u2013 loomad\u201d Kes kus elab? Kes mida s\u00f6\u00f6b? - CLEVER KIDS","breadcrumb":{"@id":"https:\/\/cleverkids.ee\/et\/product\/mang-takjakinnitusel-opiring-loomad\/#breadcrumb"},"inLanguage":"et","potentialAction":[{"@type":"ReadAction","target":["https:\/\/cleverkids.ee\/et\/product\/mang-takjakinnitusel-opiring-loomad\/"]}]},{"@type":"ImageObject","inLanguage":"et","@id":"https:\/\/cleverkids.ee\/et\/product\/mang-takjakinnitusel-opiring-loomad\/#primaryimage","url":"https:\/\/cleverkids.ee\/wp-content\/uploads\/2024\/05\/700-16-2.jpg","contentUrl":"https:\/\/cleverkids.ee\/wp-content\/uploads\/2024\/05\/700-16-2.jpg","width":700,"height":700},{"@type":"BreadcrumbList","@id":"https:\/\/cleverkids.ee\/et\/product\/mang-takjakinnitusel-opiring-loomad\/#breadcrumb","itemListElement":[{"@type":"ListItem","position":1,"name":"Esileht","item":"https:\/\/cleverkids.ee\/et\/"},{"@type":"ListItem","position":2,"name":"Tooted","item":"https:\/\/cleverkids.ee\/store\/"},{"@type":"ListItem","position":3,"name":"M\u00e4ng takjakinnitusel \u201c\u00d5piring \u2013 loomad\u201d Kes kus elab? Kes mida s\u00f6\u00f6b?"}]},{"@type":"WebSite","@id":"https:\/\/cleverkids.ee\/et\/#website","url":"https:\/\/cleverkids.ee\/et\/","name":"CLEVER KIDS","description":"","publisher":{"@id":"https:\/\/cleverkids.ee\/et\/#organization"},"potentialAction":[{"@type":"SearchAction","target":{"@type":"EntryPoint","urlTemplate":"https:\/\/cleverkids.ee\/et\/?s={search_term_string}"},"query-input":{"@type":"PropertyValueSpecification","valueRequired":true,"valueName":"search_term_string"}}],"inLanguage":"et"},{"@type":"Organization","@id":"https:\/\/cleverkids.ee\/et\/#organization","name":"CLEVER KIDS","url":"https:\/\/cleverkids.ee\/et\/","logo":{"@type":"ImageObject","inLanguage":"et","@id":"https:\/\/cleverkids.ee\/et\/#\/schema\/logo\/image\/","url":"https:\/\/cleverkids.ee\/wp-content\/uploads\/2024\/02\/image0-1024x1024.png","contentUrl":"https:\/\/cleverkids.ee\/wp-content\/uploads\/2024\/02\/image0-1024x1024.png","width":1024,"height":1024,"caption":"CLEVER KIDS"},"image":{"@id":"https:\/\/cleverkids.ee\/et\/#\/schema\/logo\/image\/"},"sameAs":["https:\/\/www.facebook.com\/cleverkids.ee\/","https:\/\/www.instagram.com\/cleverkids_ee\/"]}]}},"_links":{"self":[{"href":"https:\/\/cleverkids.ee\/et\/wp-json\/wp\/v2\/product\/73217","targetHints":{"allow":["GET"]}}],"collection":[{"href":"https:\/\/cleverkids.ee\/et\/wp-json\/wp\/v2\/product"}],"about":[{"href":"https:\/\/cleverkids.ee\/et\/wp-json\/wp\/v2\/types\/product"}],"wp:featuredmedia":[{"embeddable":true,"href":"https:\/\/cleverkids.ee\/et\/wp-json\/wp\/v2\/media\/64502"}],"wp:attachment":[{"href":"https:\/\/cleverkids.ee\/et\/wp-json\/wp\/v2\/media?parent=73217"}],"wp:term":[{"taxonomy":"product_brand","embeddable":true,"href":"https:\/\/cleverkids.ee\/et\/wp-json\/wp\/v2\/product_brand?post=73217"},{"taxonomy":"product_cat","embeddable":true,"href":"https:\/\/cleverkids.ee\/et\/wp-json\/wp\/v2\/product_cat?post=73217"},{"taxonomy":"product_tag","embeddable":true,"href":"https:\/\/cleverkids.ee\/et\/wp-json\/wp\/v2\/product_tag?post=73217"}],"curies":[{"name":"wp","href":"https:\/\/api.w.org\/{rel}","templated":true}]}}