{"id":73247,"date":"2024-05-20T19:20:26","date_gmt":"2024-05-20T16:20:26","guid":{"rendered":"https:\/\/cleverkids.ee\/\u041f\u0440\u043e\u0434\u0443\u043a\u0442\/raskraska-po-nomeram-ataka-robotov-16-str-a4\/"},"modified":"2024-05-20T19:24:45","modified_gmt":"2024-05-20T16:24:45","slug":"varvi-numbrite-jargi-robotite-runnak-16lk-a4","status":"publish","type":"product","link":"https:\/\/cleverkids.ee\/et\/product\/varvi-numbrite-jargi-robotite-runnak-16lk-a4\/","title":{"rendered":"V\u00e4rvi numbrite j\u00e4rgi &#8220;Robotite r\u00fcnnak&#8221;, 16lk., \u04104"},"content":{"rendered":"<p>V\u00e4rvige joonised, millel kohad on t\u00e4histatud numbritega ja on m\u00e4rgitud, mis v\u00e4rvi v\u00e4rvida.<\/p>\n","protected":false},"excerpt":{"rendered":"<p>V\u00e4rvige joonised, millel kohad on t\u00e4histatud numbritega ja on m\u00e4rgitud, mis v\u00e4rvi v\u00e4rvida.<\/p>\n","protected":false},"featured_media":73244,"template":"","meta":{"_monsterinsights_skip_tracking":false,"_monsterinsights_sitenote_active":false,"_monsterinsights_sitenote_note":"","_monsterinsights_sitenote_category":0},"product_brand":[],"product_cat":[52,58],"product_tag":[],"class_list":{"0":"post-73247","1":"product","2":"type-product","3":"status-publish","4":"has-post-thumbnail","6":"product_cat-loovus","7":"product_cat-unkategorized","8":"pa_vozrast-ot-5-let-et","10":"first","11":"instock","12":"shipping-taxable","13":"purchasable","14":"product-type-simple"},"yoast_head":"<!-- This site is optimized with the Yoast SEO plugin v25.0 - https:\/\/yoast.com\/wordpress\/plugins\/seo\/ -->\n<title>V\u00e4rvi numbrite j\u00e4rgi &quot;Robotite r\u00fcnnak&quot;, 16lk., \u04104 -<\/title>\n<meta name=\"description\" content=\"V\u00e4rvi numbrite j\u00e4rgi &quot;Robotite r\u00fcnnak&quot;, 16lk., \u04104 - CLEVER KIDS\" \/>\n<meta name=\"robots\" content=\"index, follow, max-snippet:-1, max-image-preview:large, max-video-preview:-1\" \/>\n<link rel=\"canonical\" href=\"https:\/\/cleverkids.ee\/et\/product\/varvi-numbrite-jargi-robotite-runnak-16lk-a4\/\" \/>\n<meta property=\"og:locale\" content=\"et_EE\" \/>\n<meta property=\"og:type\" content=\"article\" \/>\n<meta property=\"og:title\" content=\"V\u00e4rvi numbrite j\u00e4rgi &quot;Robotite r\u00fcnnak&quot;, 16lk., \u04104 -\" \/>\n<meta property=\"og:description\" content=\"V\u00e4rvi numbrite j\u00e4rgi &quot;Robotite r\u00fcnnak&quot;, 16lk., \u04104 - CLEVER KIDS\" \/>\n<meta property=\"og:url\" content=\"https:\/\/cleverkids.ee\/et\/product\/varvi-numbrite-jargi-robotite-runnak-16lk-a4\/\" \/>\n<meta property=\"og:site_name\" content=\"CLEVER KIDS\" \/>\n<meta property=\"article:publisher\" content=\"https:\/\/www.facebook.com\/cleverkids.ee\/\" \/>\n<meta property=\"article:modified_time\" content=\"2024-05-20T16:24:45+00:00\" \/>\n<meta property=\"og:image\" content=\"https:\/\/cleverkids.ee\/wp-content\/uploads\/2024\/05\/6817077747.webp\" \/>\n\t<meta property=\"og:image:width\" content=\"1000\" \/>\n\t<meta property=\"og:image:height\" content=\"946\" \/>\n\t<meta property=\"og:image:type\" content=\"image\/webp\" \/>\n<meta name=\"twitter:card\" content=\"summary_large_image\" \/>\n<meta name=\"twitter:label1\" content=\"Est. reading time\" \/>\n\t<meta name=\"twitter:data1\" content=\"1 minut\" \/>\n<script type=\"application\/ld+json\" class=\"yoast-schema-graph\">{\"@context\":\"https:\/\/schema.org\",\"@graph\":[{\"@type\":\"WebPage\",\"@id\":\"https:\/\/cleverkids.ee\/et\/product\/varvi-numbrite-jargi-robotite-runnak-16lk-a4\/\",\"url\":\"https:\/\/cleverkids.ee\/et\/product\/varvi-numbrite-jargi-robotite-runnak-16lk-a4\/\",\"name\":\"V\u00e4rvi numbrite j\u00e4rgi \\\"Robotite r\u00fcnnak\\\", 16lk., \u04104 -\",\"isPartOf\":{\"@id\":\"https:\/\/cleverkids.ee\/et\/#website\"},\"primaryImageOfPage\":{\"@id\":\"https:\/\/cleverkids.ee\/et\/product\/varvi-numbrite-jargi-robotite-runnak-16lk-a4\/#primaryimage\"},\"image\":{\"@id\":\"https:\/\/cleverkids.ee\/et\/product\/varvi-numbrite-jargi-robotite-runnak-16lk-a4\/#primaryimage\"},\"thumbnailUrl\":\"https:\/\/cleverkids.ee\/wp-content\/uploads\/2024\/05\/6817077747.webp\",\"datePublished\":\"2024-05-20T16:20:26+00:00\",\"dateModified\":\"2024-05-20T16:24:45+00:00\",\"description\":\"V\u00e4rvi numbrite j\u00e4rgi \\\"Robotite r\u00fcnnak\\\", 16lk., \u04104 - CLEVER KIDS\",\"breadcrumb\":{\"@id\":\"https:\/\/cleverkids.ee\/et\/product\/varvi-numbrite-jargi-robotite-runnak-16lk-a4\/#breadcrumb\"},\"inLanguage\":\"et\",\"potentialAction\":[{\"@type\":\"ReadAction\",\"target\":[\"https:\/\/cleverkids.ee\/et\/product\/varvi-numbrite-jargi-robotite-runnak-16lk-a4\/\"]}]},{\"@type\":\"ImageObject\",\"inLanguage\":\"et\",\"@id\":\"https:\/\/cleverkids.ee\/et\/product\/varvi-numbrite-jargi-robotite-runnak-16lk-a4\/#primaryimage\",\"url\":\"https:\/\/cleverkids.ee\/wp-content\/uploads\/2024\/05\/6817077747.webp\",\"contentUrl\":\"https:\/\/cleverkids.ee\/wp-content\/uploads\/2024\/05\/6817077747.webp\",\"width\":1000,\"height\":946,\"caption\":\"\u0420\u0430\u0441\u043a\u0440\u0430\u0441\u043a\u0430 \u043f\u043e \u043d\u043e\u043c\u0435\u0440\u0430\u043c \\\"\u0410\u0442\u0430\u043a\u0430 \u0440\u043e\u0431\u043e\u0442\u043e\u0432\\\"\"},{\"@type\":\"BreadcrumbList\",\"@id\":\"https:\/\/cleverkids.ee\/et\/product\/varvi-numbrite-jargi-robotite-runnak-16lk-a4\/#breadcrumb\",\"itemListElement\":[{\"@type\":\"ListItem\",\"position\":1,\"name\":\"Esileht\",\"item\":\"https:\/\/cleverkids.ee\/et\/\"},{\"@type\":\"ListItem\",\"position\":2,\"name\":\"Tooted\",\"item\":\"https:\/\/cleverkids.ee\/store\/\"},{\"@type\":\"ListItem\",\"position\":3,\"name\":\"V\u00e4rvi numbrite j\u00e4rgi &#171;Robotite r\u00fcnnak&#187;, 16lk., \u04104\"}]},{\"@type\":\"WebSite\",\"@id\":\"https:\/\/cleverkids.ee\/et\/#website\",\"url\":\"https:\/\/cleverkids.ee\/et\/\",\"name\":\"CLEVER KIDS\",\"description\":\"\",\"publisher\":{\"@id\":\"https:\/\/cleverkids.ee\/et\/#organization\"},\"potentialAction\":[{\"@type\":\"SearchAction\",\"target\":{\"@type\":\"EntryPoint\",\"urlTemplate\":\"https:\/\/cleverkids.ee\/et\/?s={search_term_string}\"},\"query-input\":{\"@type\":\"PropertyValueSpecification\",\"valueRequired\":true,\"valueName\":\"search_term_string\"}}],\"inLanguage\":\"et\"},{\"@type\":\"Organization\",\"@id\":\"https:\/\/cleverkids.ee\/et\/#organization\",\"name\":\"CLEVER KIDS\",\"url\":\"https:\/\/cleverkids.ee\/et\/\",\"logo\":{\"@type\":\"ImageObject\",\"inLanguage\":\"et\",\"@id\":\"https:\/\/cleverkids.ee\/et\/#\/schema\/logo\/image\/\",\"url\":\"https:\/\/cleverkids.ee\/wp-content\/uploads\/2024\/02\/image0-1024x1024.png\",\"contentUrl\":\"https:\/\/cleverkids.ee\/wp-content\/uploads\/2024\/02\/image0-1024x1024.png\",\"width\":1024,\"height\":1024,\"caption\":\"CLEVER KIDS\"},\"image\":{\"@id\":\"https:\/\/cleverkids.ee\/et\/#\/schema\/logo\/image\/\"},\"sameAs\":[\"https:\/\/www.facebook.com\/cleverkids.ee\/\",\"https:\/\/www.instagram.com\/cleverkids_ee\/\"]}]}<\/script>\n<!-- \/ Yoast SEO plugin. -->","yoast_head_json":{"title":"V\u00e4rvi numbrite j\u00e4rgi \"Robotite r\u00fcnnak\", 16lk., \u04104 -","description":"V\u00e4rvi numbrite j\u00e4rgi \"Robotite r\u00fcnnak\", 16lk., \u04104 - CLEVER KIDS","robots":{"index":"index","follow":"follow","max-snippet":"max-snippet:-1","max-image-preview":"max-image-preview:large","max-video-preview":"max-video-preview:-1"},"canonical":"https:\/\/cleverkids.ee\/et\/product\/varvi-numbrite-jargi-robotite-runnak-16lk-a4\/","og_locale":"et_EE","og_type":"article","og_title":"V\u00e4rvi numbrite j\u00e4rgi \"Robotite r\u00fcnnak\", 16lk., \u04104 -","og_description":"V\u00e4rvi numbrite j\u00e4rgi \"Robotite r\u00fcnnak\", 16lk., \u04104 - CLEVER KIDS","og_url":"https:\/\/cleverkids.ee\/et\/product\/varvi-numbrite-jargi-robotite-runnak-16lk-a4\/","og_site_name":"CLEVER KIDS","article_publisher":"https:\/\/www.facebook.com\/cleverkids.ee\/","article_modified_time":"2024-05-20T16:24:45+00:00","og_image":[{"width":1000,"height":946,"url":"https:\/\/cleverkids.ee\/wp-content\/uploads\/2024\/05\/6817077747.webp","type":"image\/webp"}],"twitter_card":"summary_large_image","twitter_misc":{"Est. reading time":"1 minut"},"schema":{"@context":"https:\/\/schema.org","@graph":[{"@type":"WebPage","@id":"https:\/\/cleverkids.ee\/et\/product\/varvi-numbrite-jargi-robotite-runnak-16lk-a4\/","url":"https:\/\/cleverkids.ee\/et\/product\/varvi-numbrite-jargi-robotite-runnak-16lk-a4\/","name":"V\u00e4rvi numbrite j\u00e4rgi \"Robotite r\u00fcnnak\", 16lk., \u04104 -","isPartOf":{"@id":"https:\/\/cleverkids.ee\/et\/#website"},"primaryImageOfPage":{"@id":"https:\/\/cleverkids.ee\/et\/product\/varvi-numbrite-jargi-robotite-runnak-16lk-a4\/#primaryimage"},"image":{"@id":"https:\/\/cleverkids.ee\/et\/product\/varvi-numbrite-jargi-robotite-runnak-16lk-a4\/#primaryimage"},"thumbnailUrl":"https:\/\/cleverkids.ee\/wp-content\/uploads\/2024\/05\/6817077747.webp","datePublished":"2024-05-20T16:20:26+00:00","dateModified":"2024-05-20T16:24:45+00:00","description":"V\u00e4rvi numbrite j\u00e4rgi \"Robotite r\u00fcnnak\", 16lk., \u04104 - CLEVER KIDS","breadcrumb":{"@id":"https:\/\/cleverkids.ee\/et\/product\/varvi-numbrite-jargi-robotite-runnak-16lk-a4\/#breadcrumb"},"inLanguage":"et","potentialAction":[{"@type":"ReadAction","target":["https:\/\/cleverkids.ee\/et\/product\/varvi-numbrite-jargi-robotite-runnak-16lk-a4\/"]}]},{"@type":"ImageObject","inLanguage":"et","@id":"https:\/\/cleverkids.ee\/et\/product\/varvi-numbrite-jargi-robotite-runnak-16lk-a4\/#primaryimage","url":"https:\/\/cleverkids.ee\/wp-content\/uploads\/2024\/05\/6817077747.webp","contentUrl":"https:\/\/cleverkids.ee\/wp-content\/uploads\/2024\/05\/6817077747.webp","width":1000,"height":946,"caption":"\u0420\u0430\u0441\u043a\u0440\u0430\u0441\u043a\u0430 \u043f\u043e \u043d\u043e\u043c\u0435\u0440\u0430\u043c \"\u0410\u0442\u0430\u043a\u0430 \u0440\u043e\u0431\u043e\u0442\u043e\u0432\""},{"@type":"BreadcrumbList","@id":"https:\/\/cleverkids.ee\/et\/product\/varvi-numbrite-jargi-robotite-runnak-16lk-a4\/#breadcrumb","itemListElement":[{"@type":"ListItem","position":1,"name":"Esileht","item":"https:\/\/cleverkids.ee\/et\/"},{"@type":"ListItem","position":2,"name":"Tooted","item":"https:\/\/cleverkids.ee\/store\/"},{"@type":"ListItem","position":3,"name":"V\u00e4rvi numbrite j\u00e4rgi &#171;Robotite r\u00fcnnak&#187;, 16lk., \u04104"}]},{"@type":"WebSite","@id":"https:\/\/cleverkids.ee\/et\/#website","url":"https:\/\/cleverkids.ee\/et\/","name":"CLEVER KIDS","description":"","publisher":{"@id":"https:\/\/cleverkids.ee\/et\/#organization"},"potentialAction":[{"@type":"SearchAction","target":{"@type":"EntryPoint","urlTemplate":"https:\/\/cleverkids.ee\/et\/?s={search_term_string}"},"query-input":{"@type":"PropertyValueSpecification","valueRequired":true,"valueName":"search_term_string"}}],"inLanguage":"et"},{"@type":"Organization","@id":"https:\/\/cleverkids.ee\/et\/#organization","name":"CLEVER KIDS","url":"https:\/\/cleverkids.ee\/et\/","logo":{"@type":"ImageObject","inLanguage":"et","@id":"https:\/\/cleverkids.ee\/et\/#\/schema\/logo\/image\/","url":"https:\/\/cleverkids.ee\/wp-content\/uploads\/2024\/02\/image0-1024x1024.png","contentUrl":"https:\/\/cleverkids.ee\/wp-content\/uploads\/2024\/02\/image0-1024x1024.png","width":1024,"height":1024,"caption":"CLEVER KIDS"},"image":{"@id":"https:\/\/cleverkids.ee\/et\/#\/schema\/logo\/image\/"},"sameAs":["https:\/\/www.facebook.com\/cleverkids.ee\/","https:\/\/www.instagram.com\/cleverkids_ee\/"]}]}},"_links":{"self":[{"href":"https:\/\/cleverkids.ee\/et\/wp-json\/wp\/v2\/product\/73247","targetHints":{"allow":["GET"]}}],"collection":[{"href":"https:\/\/cleverkids.ee\/et\/wp-json\/wp\/v2\/product"}],"about":[{"href":"https:\/\/cleverkids.ee\/et\/wp-json\/wp\/v2\/types\/product"}],"wp:featuredmedia":[{"embeddable":true,"href":"https:\/\/cleverkids.ee\/et\/wp-json\/wp\/v2\/media\/73244"}],"wp:attachment":[{"href":"https:\/\/cleverkids.ee\/et\/wp-json\/wp\/v2\/media?parent=73247"}],"wp:term":[{"taxonomy":"product_brand","embeddable":true,"href":"https:\/\/cleverkids.ee\/et\/wp-json\/wp\/v2\/product_brand?post=73247"},{"taxonomy":"product_cat","embeddable":true,"href":"https:\/\/cleverkids.ee\/et\/wp-json\/wp\/v2\/product_cat?post=73247"},{"taxonomy":"product_tag","embeddable":true,"href":"https:\/\/cleverkids.ee\/et\/wp-json\/wp\/v2\/product_tag?post=73247"}],"curies":[{"name":"wp","href":"https:\/\/api.w.org\/{rel}","templated":true}]}}