{"id":73626,"date":"2024-07-14T17:14:26","date_gmt":"2024-07-14T14:14:26","guid":{"rendered":"https:\/\/cleverkids.ee\/\u041f\u0440\u043e\u0434\u0443\u043a\u0442\/applikatsii-obyomnye-yozhik-a4\/"},"modified":"2024-07-14T17:18:01","modified_gmt":"2024-07-14T14:18:01","slug":"mahulised-aplikatsioonid-siilike-a4","status":"publish","type":"product","link":"https:\/\/cleverkids.ee\/et\/product\/mahulised-aplikatsioonid-siilike-a4\/","title":{"rendered":"Mahulised aplikatsioonid &#8220;Siilike&#8221;, A4"},"content":{"rendered":"<p>Mahulised aplikatsioonid &#8220;Siilike&#8221; \u2014 20 lehek\u00fclge r\u00f5\u00f5mu teie lapsele ja 4 \u00a0meisterdust. Lemmikloomad, linnud, marjad ja puuviljad \u2013 k\u00f5ik see ootab teid raamatu lehtedel!<\/p>\n<p>Igal lehek\u00fcljel on \u00fcksikasjalikult kirjeldatud aplikatsiooni loomise reeglid. T\u00f6\u00f6ks vajab laps k\u00e4\u00e4re, liimi ja teie abi. Mugavuse huvides on raamatus m\u00e4rgitud vajalikud tegevused: l\u00f5ika v\u00e4lja, voldi, keera k\u00e4\u00e4ridega, kanna peale liimi.<\/p>\n<p>Vanus: 3+<\/p>\n","protected":false},"excerpt":{"rendered":"<p>Mahulised aplikatsioonid &#8220;Siilike&#8221; \u2014 20 lehek\u00fclge r\u00f5\u00f5mu teie lapsele ja 4 \u00a0meisterdust. Lemmikloomad, linnud, marjad ja puuviljad \u2013 k\u00f5ik see ootab teid raamatu lehtedel! Igal lehek\u00fcljel on \u00fcksikasjalikult kirjeldatud aplikatsiooni loomise reeglid. T\u00f6\u00f6ks vajab laps k\u00e4\u00e4re, liimi ja teie abi. Mugavuse huvides on raamatus m\u00e4rgitud vajalikud tegevused: l\u00f5ika v\u00e4lja, voldi, keera k\u00e4\u00e4ridega, kanna peale liimi. [&hellip;]<\/p>\n","protected":false},"featured_media":73625,"template":"","meta":{"_monsterinsights_skip_tracking":false,"_monsterinsights_sitenote_active":false,"_monsterinsights_sitenote_note":"","_monsterinsights_sitenote_category":0},"product_brand":[],"product_cat":[52,58],"product_tag":[],"class_list":{"0":"post-73626","1":"product","2":"type-product","3":"status-publish","4":"has-post-thumbnail","6":"product_cat-loovus","7":"product_cat-unkategorized","8":"pa_vozrast-ot-3-do-5-let-et","10":"first","11":"instock","12":"shipping-taxable","13":"purchasable","14":"product-type-simple"},"yoast_head":"<!-- This site is optimized with the Yoast SEO plugin v25.0 - https:\/\/yoast.com\/wordpress\/plugins\/seo\/ -->\n<title>Mahulised aplikatsioonid &quot;Siilike&quot;, A4 -<\/title>\n<meta name=\"description\" content=\"Mahulised aplikatsioonid &quot;Siilike&quot;, A4 - CLEVER KIDS\" \/>\n<meta name=\"robots\" content=\"index, follow, max-snippet:-1, max-image-preview:large, max-video-preview:-1\" \/>\n<link rel=\"canonical\" href=\"https:\/\/cleverkids.ee\/et\/product\/mahulised-aplikatsioonid-siilike-a4\/\" \/>\n<meta property=\"og:locale\" content=\"et_EE\" \/>\n<meta property=\"og:type\" content=\"article\" \/>\n<meta property=\"og:title\" content=\"Mahulised aplikatsioonid &quot;Siilike&quot;, A4 -\" \/>\n<meta property=\"og:description\" content=\"Mahulised aplikatsioonid &quot;Siilike&quot;, A4 - CLEVER KIDS\" \/>\n<meta property=\"og:url\" content=\"https:\/\/cleverkids.ee\/et\/product\/mahulised-aplikatsioonid-siilike-a4\/\" \/>\n<meta property=\"og:site_name\" content=\"CLEVER KIDS\" \/>\n<meta property=\"article:publisher\" content=\"https:\/\/www.facebook.com\/cleverkids.ee\/\" \/>\n<meta property=\"article:modified_time\" content=\"2024-07-14T14:18:01+00:00\" \/>\n<meta property=\"og:image\" content=\"https:\/\/cleverkids.ee\/wp-content\/uploads\/2024\/07\/1600-18.jpg\" \/>\n\t<meta property=\"og:image:width\" content=\"1600\" \/>\n\t<meta property=\"og:image:height\" content=\"1600\" \/>\n\t<meta property=\"og:image:type\" content=\"image\/jpeg\" \/>\n<meta name=\"twitter:card\" content=\"summary_large_image\" \/>\n<meta name=\"twitter:label1\" content=\"Est. reading time\" \/>\n\t<meta name=\"twitter:data1\" content=\"1 minut\" \/>\n<script type=\"application\/ld+json\" class=\"yoast-schema-graph\">{\"@context\":\"https:\/\/schema.org\",\"@graph\":[{\"@type\":\"WebPage\",\"@id\":\"https:\/\/cleverkids.ee\/et\/product\/mahulised-aplikatsioonid-siilike-a4\/\",\"url\":\"https:\/\/cleverkids.ee\/et\/product\/mahulised-aplikatsioonid-siilike-a4\/\",\"name\":\"Mahulised aplikatsioonid \\\"Siilike\\\", A4 -\",\"isPartOf\":{\"@id\":\"https:\/\/cleverkids.ee\/et\/#website\"},\"primaryImageOfPage\":{\"@id\":\"https:\/\/cleverkids.ee\/et\/product\/mahulised-aplikatsioonid-siilike-a4\/#primaryimage\"},\"image\":{\"@id\":\"https:\/\/cleverkids.ee\/et\/product\/mahulised-aplikatsioonid-siilike-a4\/#primaryimage\"},\"thumbnailUrl\":\"https:\/\/cleverkids.ee\/wp-content\/uploads\/2024\/07\/1600-18.jpg\",\"datePublished\":\"2024-07-14T14:14:26+00:00\",\"dateModified\":\"2024-07-14T14:18:01+00:00\",\"description\":\"Mahulised aplikatsioonid \\\"Siilike\\\", A4 - CLEVER KIDS\",\"breadcrumb\":{\"@id\":\"https:\/\/cleverkids.ee\/et\/product\/mahulised-aplikatsioonid-siilike-a4\/#breadcrumb\"},\"inLanguage\":\"et\",\"potentialAction\":[{\"@type\":\"ReadAction\",\"target\":[\"https:\/\/cleverkids.ee\/et\/product\/mahulised-aplikatsioonid-siilike-a4\/\"]}]},{\"@type\":\"ImageObject\",\"inLanguage\":\"et\",\"@id\":\"https:\/\/cleverkids.ee\/et\/product\/mahulised-aplikatsioonid-siilike-a4\/#primaryimage\",\"url\":\"https:\/\/cleverkids.ee\/wp-content\/uploads\/2024\/07\/1600-18.jpg\",\"contentUrl\":\"https:\/\/cleverkids.ee\/wp-content\/uploads\/2024\/07\/1600-18.jpg\",\"width\":1600,\"height\":1600,\"caption\":\"\u0410\u043f\u043f\u043b\u0438\u043a\u0430\u0446\u0438\u0438 \u043e\u0431\u044a\u0451\u043c\u043d\u044b\u0435 \u00ab\u0401\u0436\u0438\u043a\u00bb\"},{\"@type\":\"BreadcrumbList\",\"@id\":\"https:\/\/cleverkids.ee\/et\/product\/mahulised-aplikatsioonid-siilike-a4\/#breadcrumb\",\"itemListElement\":[{\"@type\":\"ListItem\",\"position\":1,\"name\":\"Esileht\",\"item\":\"https:\/\/cleverkids.ee\/et\/\"},{\"@type\":\"ListItem\",\"position\":2,\"name\":\"Tooted\",\"item\":\"https:\/\/cleverkids.ee\/store\/\"},{\"@type\":\"ListItem\",\"position\":3,\"name\":\"Mahulised aplikatsioonid &#171;Siilike&#187;, A4\"}]},{\"@type\":\"WebSite\",\"@id\":\"https:\/\/cleverkids.ee\/et\/#website\",\"url\":\"https:\/\/cleverkids.ee\/et\/\",\"name\":\"CLEVER KIDS\",\"description\":\"\",\"publisher\":{\"@id\":\"https:\/\/cleverkids.ee\/et\/#organization\"},\"potentialAction\":[{\"@type\":\"SearchAction\",\"target\":{\"@type\":\"EntryPoint\",\"urlTemplate\":\"https:\/\/cleverkids.ee\/et\/?s={search_term_string}\"},\"query-input\":{\"@type\":\"PropertyValueSpecification\",\"valueRequired\":true,\"valueName\":\"search_term_string\"}}],\"inLanguage\":\"et\"},{\"@type\":\"Organization\",\"@id\":\"https:\/\/cleverkids.ee\/et\/#organization\",\"name\":\"CLEVER KIDS\",\"url\":\"https:\/\/cleverkids.ee\/et\/\",\"logo\":{\"@type\":\"ImageObject\",\"inLanguage\":\"et\",\"@id\":\"https:\/\/cleverkids.ee\/et\/#\/schema\/logo\/image\/\",\"url\":\"https:\/\/cleverkids.ee\/wp-content\/uploads\/2024\/02\/image0-1024x1024.png\",\"contentUrl\":\"https:\/\/cleverkids.ee\/wp-content\/uploads\/2024\/02\/image0-1024x1024.png\",\"width\":1024,\"height\":1024,\"caption\":\"CLEVER KIDS\"},\"image\":{\"@id\":\"https:\/\/cleverkids.ee\/et\/#\/schema\/logo\/image\/\"},\"sameAs\":[\"https:\/\/www.facebook.com\/cleverkids.ee\/\",\"https:\/\/www.instagram.com\/cleverkids_ee\/\"]}]}<\/script>\n<!-- \/ Yoast SEO plugin. -->","yoast_head_json":{"title":"Mahulised aplikatsioonid \"Siilike\", A4 -","description":"Mahulised aplikatsioonid \"Siilike\", A4 - CLEVER KIDS","robots":{"index":"index","follow":"follow","max-snippet":"max-snippet:-1","max-image-preview":"max-image-preview:large","max-video-preview":"max-video-preview:-1"},"canonical":"https:\/\/cleverkids.ee\/et\/product\/mahulised-aplikatsioonid-siilike-a4\/","og_locale":"et_EE","og_type":"article","og_title":"Mahulised aplikatsioonid \"Siilike\", A4 -","og_description":"Mahulised aplikatsioonid \"Siilike\", A4 - CLEVER KIDS","og_url":"https:\/\/cleverkids.ee\/et\/product\/mahulised-aplikatsioonid-siilike-a4\/","og_site_name":"CLEVER KIDS","article_publisher":"https:\/\/www.facebook.com\/cleverkids.ee\/","article_modified_time":"2024-07-14T14:18:01+00:00","og_image":[{"width":1600,"height":1600,"url":"https:\/\/cleverkids.ee\/wp-content\/uploads\/2024\/07\/1600-18.jpg","type":"image\/jpeg"}],"twitter_card":"summary_large_image","twitter_misc":{"Est. reading time":"1 minut"},"schema":{"@context":"https:\/\/schema.org","@graph":[{"@type":"WebPage","@id":"https:\/\/cleverkids.ee\/et\/product\/mahulised-aplikatsioonid-siilike-a4\/","url":"https:\/\/cleverkids.ee\/et\/product\/mahulised-aplikatsioonid-siilike-a4\/","name":"Mahulised aplikatsioonid \"Siilike\", A4 -","isPartOf":{"@id":"https:\/\/cleverkids.ee\/et\/#website"},"primaryImageOfPage":{"@id":"https:\/\/cleverkids.ee\/et\/product\/mahulised-aplikatsioonid-siilike-a4\/#primaryimage"},"image":{"@id":"https:\/\/cleverkids.ee\/et\/product\/mahulised-aplikatsioonid-siilike-a4\/#primaryimage"},"thumbnailUrl":"https:\/\/cleverkids.ee\/wp-content\/uploads\/2024\/07\/1600-18.jpg","datePublished":"2024-07-14T14:14:26+00:00","dateModified":"2024-07-14T14:18:01+00:00","description":"Mahulised aplikatsioonid \"Siilike\", A4 - CLEVER KIDS","breadcrumb":{"@id":"https:\/\/cleverkids.ee\/et\/product\/mahulised-aplikatsioonid-siilike-a4\/#breadcrumb"},"inLanguage":"et","potentialAction":[{"@type":"ReadAction","target":["https:\/\/cleverkids.ee\/et\/product\/mahulised-aplikatsioonid-siilike-a4\/"]}]},{"@type":"ImageObject","inLanguage":"et","@id":"https:\/\/cleverkids.ee\/et\/product\/mahulised-aplikatsioonid-siilike-a4\/#primaryimage","url":"https:\/\/cleverkids.ee\/wp-content\/uploads\/2024\/07\/1600-18.jpg","contentUrl":"https:\/\/cleverkids.ee\/wp-content\/uploads\/2024\/07\/1600-18.jpg","width":1600,"height":1600,"caption":"\u0410\u043f\u043f\u043b\u0438\u043a\u0430\u0446\u0438\u0438 \u043e\u0431\u044a\u0451\u043c\u043d\u044b\u0435 \u00ab\u0401\u0436\u0438\u043a\u00bb"},{"@type":"BreadcrumbList","@id":"https:\/\/cleverkids.ee\/et\/product\/mahulised-aplikatsioonid-siilike-a4\/#breadcrumb","itemListElement":[{"@type":"ListItem","position":1,"name":"Esileht","item":"https:\/\/cleverkids.ee\/et\/"},{"@type":"ListItem","position":2,"name":"Tooted","item":"https:\/\/cleverkids.ee\/store\/"},{"@type":"ListItem","position":3,"name":"Mahulised aplikatsioonid &#171;Siilike&#187;, A4"}]},{"@type":"WebSite","@id":"https:\/\/cleverkids.ee\/et\/#website","url":"https:\/\/cleverkids.ee\/et\/","name":"CLEVER KIDS","description":"","publisher":{"@id":"https:\/\/cleverkids.ee\/et\/#organization"},"potentialAction":[{"@type":"SearchAction","target":{"@type":"EntryPoint","urlTemplate":"https:\/\/cleverkids.ee\/et\/?s={search_term_string}"},"query-input":{"@type":"PropertyValueSpecification","valueRequired":true,"valueName":"search_term_string"}}],"inLanguage":"et"},{"@type":"Organization","@id":"https:\/\/cleverkids.ee\/et\/#organization","name":"CLEVER KIDS","url":"https:\/\/cleverkids.ee\/et\/","logo":{"@type":"ImageObject","inLanguage":"et","@id":"https:\/\/cleverkids.ee\/et\/#\/schema\/logo\/image\/","url":"https:\/\/cleverkids.ee\/wp-content\/uploads\/2024\/02\/image0-1024x1024.png","contentUrl":"https:\/\/cleverkids.ee\/wp-content\/uploads\/2024\/02\/image0-1024x1024.png","width":1024,"height":1024,"caption":"CLEVER KIDS"},"image":{"@id":"https:\/\/cleverkids.ee\/et\/#\/schema\/logo\/image\/"},"sameAs":["https:\/\/www.facebook.com\/cleverkids.ee\/","https:\/\/www.instagram.com\/cleverkids_ee\/"]}]}},"_links":{"self":[{"href":"https:\/\/cleverkids.ee\/et\/wp-json\/wp\/v2\/product\/73626","targetHints":{"allow":["GET"]}}],"collection":[{"href":"https:\/\/cleverkids.ee\/et\/wp-json\/wp\/v2\/product"}],"about":[{"href":"https:\/\/cleverkids.ee\/et\/wp-json\/wp\/v2\/types\/product"}],"wp:featuredmedia":[{"embeddable":true,"href":"https:\/\/cleverkids.ee\/et\/wp-json\/wp\/v2\/media\/73625"}],"wp:attachment":[{"href":"https:\/\/cleverkids.ee\/et\/wp-json\/wp\/v2\/media?parent=73626"}],"wp:term":[{"taxonomy":"product_brand","embeddable":true,"href":"https:\/\/cleverkids.ee\/et\/wp-json\/wp\/v2\/product_brand?post=73626"},{"taxonomy":"product_cat","embeddable":true,"href":"https:\/\/cleverkids.ee\/et\/wp-json\/wp\/v2\/product_cat?post=73626"},{"taxonomy":"product_tag","embeddable":true,"href":"https:\/\/cleverkids.ee\/et\/wp-json\/wp\/v2\/product_tag?post=73626"}],"curies":[{"name":"wp","href":"https:\/\/api.w.org\/{rel}","templated":true}]}}