{"id":73652,"date":"2024-07-19T18:43:11","date_gmt":"2024-07-19T15:43:11","guid":{"rendered":"https:\/\/cleverkids.ee\/\u041f\u0440\u043e\u0434\u0443\u043a\u0442\/neklassicheskie-propisi-dlya-obeih-ruk-20-str\/"},"modified":"2025-12-22T14:14:27","modified_gmt":"2025-12-22T12:14:27","slug":"ebaklassikalised-kirjutamisharjutused-molemale-kaele","status":"publish","type":"product","link":"https:\/\/cleverkids.ee\/et\/product\/ebaklassikalised-kirjutamisharjutused-molemale-kaele\/","title":{"rendered":"Ebaklassikalised kirjutamisharjutused m\u00f5lemale k\u00e4ele, 20 lk."},"content":{"rendered":"<p>Arvatakse, et inimese aju t\u00f6\u00f6tab k\u00f5ige t\u00f5husamalt siis, kui selle poolkerad t\u00f6\u00f6tavad harmooniliselt koos. Kuna k\u00f5ige olulisemaks t\u00f6\u00f6riistaks aju arendamisel on k\u00e4ed, siis kasutades m\u00f5lemat k\u00e4tt, treenib inimene samaaegselt m\u00f5lemat aju poolkera.<\/p>\n<p>Harjutusvihik &#8220;M\u00f5lemale k\u00e4ele&#8221; aitab kasvatada v\u00e4ikest geeniust, sest siin on kokku kogutud huvitavad \u00fclesanded, millega saab hakkama ainult m\u00f5lemat k\u00e4tt kasutades. Neid t\u00e4ites h\u00e4\u00e4lestab laps oma aju m\u00f5lema poolkera koost\u00f6\u00f6le.<\/p>\n<p>Soovitatav vanus: 5 +<\/p>\n","protected":false},"excerpt":{"rendered":"<p>Arvatakse, et inimese aju t\u00f6\u00f6tab k\u00f5ige t\u00f5husamalt siis, kui selle poolkerad t\u00f6\u00f6tavad harmooniliselt koos. Kuna k\u00f5ige olulisemaks t\u00f6\u00f6riistaks aju arendamisel on k\u00e4ed, siis kasutades m\u00f5lemat k\u00e4tt, treenib inimene samaaegselt m\u00f5lemat aju poolkera. Harjutusvihik &#8220;M\u00f5lemale k\u00e4ele&#8221; aitab kasvatada v\u00e4ikest geeniust, sest siin on kokku kogutud huvitavad \u00fclesanded, millega saab hakkama ainult m\u00f5lemat k\u00e4tt kasutades. Neid t\u00e4ites [&hellip;]<\/p>\n","protected":false},"featured_media":73651,"template":"","meta":{"_monsterinsights_skip_tracking":false,"_monsterinsights_sitenote_active":false,"_monsterinsights_sitenote_note":"","_monsterinsights_sitenote_category":0},"product_brand":[],"product_cat":[51,58],"product_tag":[],"class_list":{"0":"post-73652","1":"product","2":"type-product","3":"status-publish","4":"has-post-thumbnail","6":"product_cat-arendavad-vihikud-vene-keeles","7":"product_cat-unkategorized","8":"pa_vozrast-ot-5-let-et","10":"first","11":"instock","12":"shipping-taxable","13":"purchasable","14":"product-type-simple"},"yoast_head":"<!-- This site is optimized with the Yoast SEO plugin v25.0 - https:\/\/yoast.com\/wordpress\/plugins\/seo\/ -->\n<title>Ebaklassikalised kirjutamisharjutused m\u00f5lemale k\u00e4ele, 20 lk. -<\/title>\n<meta name=\"description\" content=\"Ebaklassikalised kirjutamisharjutused m\u00f5lemale k\u00e4ele, 20 lk. - CLEVER KIDS\" \/>\n<meta name=\"robots\" content=\"index, follow, max-snippet:-1, max-image-preview:large, max-video-preview:-1\" \/>\n<link rel=\"canonical\" href=\"https:\/\/cleverkids.ee\/et\/product\/ebaklassikalised-kirjutamisharjutused-molemale-kaele\/\" \/>\n<meta property=\"og:locale\" content=\"et_EE\" \/>\n<meta property=\"og:type\" content=\"article\" \/>\n<meta property=\"og:title\" content=\"Ebaklassikalised kirjutamisharjutused m\u00f5lemale k\u00e4ele, 20 lk. -\" \/>\n<meta property=\"og:description\" content=\"Ebaklassikalised kirjutamisharjutused m\u00f5lemale k\u00e4ele, 20 lk. - CLEVER KIDS\" \/>\n<meta property=\"og:url\" content=\"https:\/\/cleverkids.ee\/et\/product\/ebaklassikalised-kirjutamisharjutused-molemale-kaele\/\" \/>\n<meta property=\"og:site_name\" content=\"CLEVER KIDS\" \/>\n<meta property=\"article:publisher\" content=\"https:\/\/www.facebook.com\/cleverkids.ee\/\" \/>\n<meta property=\"article:modified_time\" content=\"2025-12-22T12:14:27+00:00\" \/>\n<meta property=\"og:image\" content=\"https:\/\/cleverkids.ee\/wp-content\/uploads\/2024\/07\/8tHhHMzmPfUPrjBNYbxwWn-gV2jNptcq.jpg\" \/>\n\t<meta property=\"og:image:width\" content=\"520\" \/>\n\t<meta property=\"og:image:height\" content=\"520\" \/>\n\t<meta property=\"og:image:type\" content=\"image\/jpeg\" \/>\n<meta name=\"twitter:card\" content=\"summary_large_image\" \/>\n<meta name=\"twitter:label1\" content=\"Est. reading time\" \/>\n\t<meta name=\"twitter:data1\" content=\"1 minut\" \/>\n<script type=\"application\/ld+json\" class=\"yoast-schema-graph\">{\"@context\":\"https:\/\/schema.org\",\"@graph\":[{\"@type\":\"WebPage\",\"@id\":\"https:\/\/cleverkids.ee\/et\/product\/ebaklassikalised-kirjutamisharjutused-molemale-kaele\/\",\"url\":\"https:\/\/cleverkids.ee\/et\/product\/ebaklassikalised-kirjutamisharjutused-molemale-kaele\/\",\"name\":\"Ebaklassikalised kirjutamisharjutused m\u00f5lemale k\u00e4ele, 20 lk. -\",\"isPartOf\":{\"@id\":\"https:\/\/cleverkids.ee\/et\/#website\"},\"primaryImageOfPage\":{\"@id\":\"https:\/\/cleverkids.ee\/et\/product\/ebaklassikalised-kirjutamisharjutused-molemale-kaele\/#primaryimage\"},\"image\":{\"@id\":\"https:\/\/cleverkids.ee\/et\/product\/ebaklassikalised-kirjutamisharjutused-molemale-kaele\/#primaryimage\"},\"thumbnailUrl\":\"https:\/\/cleverkids.ee\/wp-content\/uploads\/2024\/07\/8tHhHMzmPfUPrjBNYbxwWn-gV2jNptcq.jpg\",\"datePublished\":\"2024-07-19T15:43:11+00:00\",\"dateModified\":\"2025-12-22T12:14:27+00:00\",\"description\":\"Ebaklassikalised kirjutamisharjutused m\u00f5lemale k\u00e4ele, 20 lk. - CLEVER KIDS\",\"breadcrumb\":{\"@id\":\"https:\/\/cleverkids.ee\/et\/product\/ebaklassikalised-kirjutamisharjutused-molemale-kaele\/#breadcrumb\"},\"inLanguage\":\"et\",\"potentialAction\":[{\"@type\":\"ReadAction\",\"target\":[\"https:\/\/cleverkids.ee\/et\/product\/ebaklassikalised-kirjutamisharjutused-molemale-kaele\/\"]}]},{\"@type\":\"ImageObject\",\"inLanguage\":\"et\",\"@id\":\"https:\/\/cleverkids.ee\/et\/product\/ebaklassikalised-kirjutamisharjutused-molemale-kaele\/#primaryimage\",\"url\":\"https:\/\/cleverkids.ee\/wp-content\/uploads\/2024\/07\/8tHhHMzmPfUPrjBNYbxwWn-gV2jNptcq.jpg\",\"contentUrl\":\"https:\/\/cleverkids.ee\/wp-content\/uploads\/2024\/07\/8tHhHMzmPfUPrjBNYbxwWn-gV2jNptcq.jpg\",\"width\":520,\"height\":520,\"caption\":\"\u041d\u0435\u043a\u043b\u0430\u0441\u0441\u0438\u0447\u0435\u0441\u043a\u0438\u0435 \u043f\u0440\u043e\u043f\u0438\u0441\u0438 \u0434\u043b\u044f \u043e\u0431\u0435\u0438\u0445 \u0440\u0443\u043a\"},{\"@type\":\"BreadcrumbList\",\"@id\":\"https:\/\/cleverkids.ee\/et\/product\/ebaklassikalised-kirjutamisharjutused-molemale-kaele\/#breadcrumb\",\"itemListElement\":[{\"@type\":\"ListItem\",\"position\":1,\"name\":\"Esileht\",\"item\":\"https:\/\/cleverkids.ee\/et\/\"},{\"@type\":\"ListItem\",\"position\":2,\"name\":\"Tooted\",\"item\":\"https:\/\/cleverkids.ee\/store\/\"},{\"@type\":\"ListItem\",\"position\":3,\"name\":\"Ebaklassikalised kirjutamisharjutused m\u00f5lemale k\u00e4ele, 20 lk.\"}]},{\"@type\":\"WebSite\",\"@id\":\"https:\/\/cleverkids.ee\/et\/#website\",\"url\":\"https:\/\/cleverkids.ee\/et\/\",\"name\":\"CLEVER KIDS\",\"description\":\"\",\"publisher\":{\"@id\":\"https:\/\/cleverkids.ee\/et\/#organization\"},\"potentialAction\":[{\"@type\":\"SearchAction\",\"target\":{\"@type\":\"EntryPoint\",\"urlTemplate\":\"https:\/\/cleverkids.ee\/et\/?s={search_term_string}\"},\"query-input\":{\"@type\":\"PropertyValueSpecification\",\"valueRequired\":true,\"valueName\":\"search_term_string\"}}],\"inLanguage\":\"et\"},{\"@type\":\"Organization\",\"@id\":\"https:\/\/cleverkids.ee\/et\/#organization\",\"name\":\"CLEVER KIDS\",\"url\":\"https:\/\/cleverkids.ee\/et\/\",\"logo\":{\"@type\":\"ImageObject\",\"inLanguage\":\"et\",\"@id\":\"https:\/\/cleverkids.ee\/et\/#\/schema\/logo\/image\/\",\"url\":\"https:\/\/cleverkids.ee\/wp-content\/uploads\/2024\/02\/image0-1024x1024.png\",\"contentUrl\":\"https:\/\/cleverkids.ee\/wp-content\/uploads\/2024\/02\/image0-1024x1024.png\",\"width\":1024,\"height\":1024,\"caption\":\"CLEVER KIDS\"},\"image\":{\"@id\":\"https:\/\/cleverkids.ee\/et\/#\/schema\/logo\/image\/\"},\"sameAs\":[\"https:\/\/www.facebook.com\/cleverkids.ee\/\",\"https:\/\/www.instagram.com\/cleverkids_ee\/\"]}]}<\/script>\n<!-- \/ Yoast SEO plugin. -->","yoast_head_json":{"title":"Ebaklassikalised kirjutamisharjutused m\u00f5lemale k\u00e4ele, 20 lk. -","description":"Ebaklassikalised kirjutamisharjutused m\u00f5lemale k\u00e4ele, 20 lk. - CLEVER KIDS","robots":{"index":"index","follow":"follow","max-snippet":"max-snippet:-1","max-image-preview":"max-image-preview:large","max-video-preview":"max-video-preview:-1"},"canonical":"https:\/\/cleverkids.ee\/et\/product\/ebaklassikalised-kirjutamisharjutused-molemale-kaele\/","og_locale":"et_EE","og_type":"article","og_title":"Ebaklassikalised kirjutamisharjutused m\u00f5lemale k\u00e4ele, 20 lk. -","og_description":"Ebaklassikalised kirjutamisharjutused m\u00f5lemale k\u00e4ele, 20 lk. - CLEVER KIDS","og_url":"https:\/\/cleverkids.ee\/et\/product\/ebaklassikalised-kirjutamisharjutused-molemale-kaele\/","og_site_name":"CLEVER KIDS","article_publisher":"https:\/\/www.facebook.com\/cleverkids.ee\/","article_modified_time":"2025-12-22T12:14:27+00:00","og_image":[{"width":520,"height":520,"url":"https:\/\/cleverkids.ee\/wp-content\/uploads\/2024\/07\/8tHhHMzmPfUPrjBNYbxwWn-gV2jNptcq.jpg","type":"image\/jpeg"}],"twitter_card":"summary_large_image","twitter_misc":{"Est. reading time":"1 minut"},"schema":{"@context":"https:\/\/schema.org","@graph":[{"@type":"WebPage","@id":"https:\/\/cleverkids.ee\/et\/product\/ebaklassikalised-kirjutamisharjutused-molemale-kaele\/","url":"https:\/\/cleverkids.ee\/et\/product\/ebaklassikalised-kirjutamisharjutused-molemale-kaele\/","name":"Ebaklassikalised kirjutamisharjutused m\u00f5lemale k\u00e4ele, 20 lk. -","isPartOf":{"@id":"https:\/\/cleverkids.ee\/et\/#website"},"primaryImageOfPage":{"@id":"https:\/\/cleverkids.ee\/et\/product\/ebaklassikalised-kirjutamisharjutused-molemale-kaele\/#primaryimage"},"image":{"@id":"https:\/\/cleverkids.ee\/et\/product\/ebaklassikalised-kirjutamisharjutused-molemale-kaele\/#primaryimage"},"thumbnailUrl":"https:\/\/cleverkids.ee\/wp-content\/uploads\/2024\/07\/8tHhHMzmPfUPrjBNYbxwWn-gV2jNptcq.jpg","datePublished":"2024-07-19T15:43:11+00:00","dateModified":"2025-12-22T12:14:27+00:00","description":"Ebaklassikalised kirjutamisharjutused m\u00f5lemale k\u00e4ele, 20 lk. - CLEVER KIDS","breadcrumb":{"@id":"https:\/\/cleverkids.ee\/et\/product\/ebaklassikalised-kirjutamisharjutused-molemale-kaele\/#breadcrumb"},"inLanguage":"et","potentialAction":[{"@type":"ReadAction","target":["https:\/\/cleverkids.ee\/et\/product\/ebaklassikalised-kirjutamisharjutused-molemale-kaele\/"]}]},{"@type":"ImageObject","inLanguage":"et","@id":"https:\/\/cleverkids.ee\/et\/product\/ebaklassikalised-kirjutamisharjutused-molemale-kaele\/#primaryimage","url":"https:\/\/cleverkids.ee\/wp-content\/uploads\/2024\/07\/8tHhHMzmPfUPrjBNYbxwWn-gV2jNptcq.jpg","contentUrl":"https:\/\/cleverkids.ee\/wp-content\/uploads\/2024\/07\/8tHhHMzmPfUPrjBNYbxwWn-gV2jNptcq.jpg","width":520,"height":520,"caption":"\u041d\u0435\u043a\u043b\u0430\u0441\u0441\u0438\u0447\u0435\u0441\u043a\u0438\u0435 \u043f\u0440\u043e\u043f\u0438\u0441\u0438 \u0434\u043b\u044f \u043e\u0431\u0435\u0438\u0445 \u0440\u0443\u043a"},{"@type":"BreadcrumbList","@id":"https:\/\/cleverkids.ee\/et\/product\/ebaklassikalised-kirjutamisharjutused-molemale-kaele\/#breadcrumb","itemListElement":[{"@type":"ListItem","position":1,"name":"Esileht","item":"https:\/\/cleverkids.ee\/et\/"},{"@type":"ListItem","position":2,"name":"Tooted","item":"https:\/\/cleverkids.ee\/store\/"},{"@type":"ListItem","position":3,"name":"Ebaklassikalised kirjutamisharjutused m\u00f5lemale k\u00e4ele, 20 lk."}]},{"@type":"WebSite","@id":"https:\/\/cleverkids.ee\/et\/#website","url":"https:\/\/cleverkids.ee\/et\/","name":"CLEVER KIDS","description":"","publisher":{"@id":"https:\/\/cleverkids.ee\/et\/#organization"},"potentialAction":[{"@type":"SearchAction","target":{"@type":"EntryPoint","urlTemplate":"https:\/\/cleverkids.ee\/et\/?s={search_term_string}"},"query-input":{"@type":"PropertyValueSpecification","valueRequired":true,"valueName":"search_term_string"}}],"inLanguage":"et"},{"@type":"Organization","@id":"https:\/\/cleverkids.ee\/et\/#organization","name":"CLEVER KIDS","url":"https:\/\/cleverkids.ee\/et\/","logo":{"@type":"ImageObject","inLanguage":"et","@id":"https:\/\/cleverkids.ee\/et\/#\/schema\/logo\/image\/","url":"https:\/\/cleverkids.ee\/wp-content\/uploads\/2024\/02\/image0-1024x1024.png","contentUrl":"https:\/\/cleverkids.ee\/wp-content\/uploads\/2024\/02\/image0-1024x1024.png","width":1024,"height":1024,"caption":"CLEVER KIDS"},"image":{"@id":"https:\/\/cleverkids.ee\/et\/#\/schema\/logo\/image\/"},"sameAs":["https:\/\/www.facebook.com\/cleverkids.ee\/","https:\/\/www.instagram.com\/cleverkids_ee\/"]}]}},"_links":{"self":[{"href":"https:\/\/cleverkids.ee\/et\/wp-json\/wp\/v2\/product\/73652","targetHints":{"allow":["GET"]}}],"collection":[{"href":"https:\/\/cleverkids.ee\/et\/wp-json\/wp\/v2\/product"}],"about":[{"href":"https:\/\/cleverkids.ee\/et\/wp-json\/wp\/v2\/types\/product"}],"wp:featuredmedia":[{"embeddable":true,"href":"https:\/\/cleverkids.ee\/et\/wp-json\/wp\/v2\/media\/73651"}],"wp:attachment":[{"href":"https:\/\/cleverkids.ee\/et\/wp-json\/wp\/v2\/media?parent=73652"}],"wp:term":[{"taxonomy":"product_brand","embeddable":true,"href":"https:\/\/cleverkids.ee\/et\/wp-json\/wp\/v2\/product_brand?post=73652"},{"taxonomy":"product_cat","embeddable":true,"href":"https:\/\/cleverkids.ee\/et\/wp-json\/wp\/v2\/product_cat?post=73652"},{"taxonomy":"product_tag","embeddable":true,"href":"https:\/\/cleverkids.ee\/et\/wp-json\/wp\/v2\/product_tag?post=73652"}],"curies":[{"name":"wp","href":"https:\/\/api.w.org\/{rel}","templated":true}]}}