{"id":73780,"date":"2024-08-26T14:55:58","date_gmt":"2024-08-26T11:55:58","guid":{"rendered":"https:\/\/cleverkids.ee\/\u041f\u0440\u043e\u0434\u0443\u043a\u0442\/obuchayushhij-nabor-po-metodike-g-domana-frukty-10-kartochek-10-fruktov\/"},"modified":"2024-11-29T03:49:32","modified_gmt":"2024-11-29T01:49:32","slug":"oppematerjal-g-doman-i-metoodika-jargi-puuviljad-10-kaarti-10-puuvilja","status":"publish","type":"product","link":"https:\/\/cleverkids.ee\/et\/product\/oppematerjal-g-doman-i-metoodika-jargi-puuviljad-10-kaarti-10-puuvilja\/","title":{"rendered":"\u00d5ppematerjal G. Doman\u2019i metoodika j\u00e4rgi \u201ePuuviljad\u201c: 10 kaarti + 10 puuvilja"},"content":{"rendered":"<p>G. Doman\u2019i metoodika j\u00e4rgi koostatud \u00f5ppematerjal aitab lapsel laiendada s\u00f5navara ja meelde j\u00e4tta puuviljade nimetusi.<\/p>\n<p>Kuidas kasutada?<\/p>\n<p>N\u00e4idake lapsele mitu korda p\u00e4evas kaarte ja \u00f6elge selgelt puuviljade nimed, mis on piltidel kujutatud.<\/p>\n<p>Seej\u00e4rel paluge lapsel leida kaartidel kujutatud puuviljad teiste esemete seast.<\/p>\n<p>M\u00e4ngu l\u00f5pus saab k\u00f5ik kogutud viljad kokku lugeda.<\/p>\n","protected":false},"excerpt":{"rendered":"<p>G. Doman\u2019i metoodika j\u00e4rgi koostatud \u00f5ppematerjal aitab lapsel laiendada s\u00f5navara ja meelde j\u00e4tta puuviljade nimetusi. Kuidas kasutada? N\u00e4idake lapsele mitu korda p\u00e4evas kaarte ja \u00f6elge selgelt puuviljade nimed, mis on piltidel kujutatud. Seej\u00e4rel paluge lapsel leida kaartidel kujutatud puuviljad teiste esemete seast. M\u00e4ngu l\u00f5pus saab k\u00f5ik kogutud viljad kokku lugeda.<\/p>\n","protected":false},"featured_media":73779,"template":"","meta":{"_monsterinsights_skip_tracking":false,"_monsterinsights_sitenote_active":false,"_monsterinsights_sitenote_note":"","_monsterinsights_sitenote_category":0},"product_brand":[],"product_cat":[50,56,58],"product_tag":[],"class_list":{"0":"post-73780","1":"product","2":"type-product","3":"status-publish","4":"has-post-thumbnail","6":"product_cat-arendavad-manguasjad","7":"product_cat-kone-areng","8":"product_cat-unkategorized","9":"pa_vozrast-ot-polutora-do-treh-let-et","11":"first","12":"outofstock","13":"shipping-taxable","14":"purchasable","15":"product-type-simple"},"yoast_head":"<!-- This site is optimized with the Yoast SEO plugin v25.0 - https:\/\/yoast.com\/wordpress\/plugins\/seo\/ -->\n<title>\u00d5ppematerjal G. Doman\u2019i metoodika j\u00e4rgi \u201ePuuviljad\u201c: 10 kaarti + 10 puuvilja -<\/title>\n<meta name=\"description\" content=\"\u00d5ppematerjal G. Doman\u2019i metoodika j\u00e4rgi \u201ePuuviljad\u201c: 10 kaarti + 10 puuvilja - CLEVER KIDS\" \/>\n<meta name=\"robots\" content=\"index, follow, max-snippet:-1, max-image-preview:large, max-video-preview:-1\" \/>\n<link rel=\"canonical\" href=\"https:\/\/cleverkids.ee\/et\/product\/oppematerjal-g-doman-i-metoodika-jargi-puuviljad-10-kaarti-10-puuvilja\/\" \/>\n<meta property=\"og:locale\" content=\"et_EE\" \/>\n<meta property=\"og:type\" content=\"article\" \/>\n<meta property=\"og:title\" content=\"\u00d5ppematerjal G. Doman\u2019i metoodika j\u00e4rgi \u201ePuuviljad\u201c: 10 kaarti + 10 puuvilja -\" \/>\n<meta property=\"og:description\" content=\"\u00d5ppematerjal G. Doman\u2019i metoodika j\u00e4rgi \u201ePuuviljad\u201c: 10 kaarti + 10 puuvilja - CLEVER KIDS\" \/>\n<meta property=\"og:url\" content=\"https:\/\/cleverkids.ee\/et\/product\/oppematerjal-g-doman-i-metoodika-jargi-puuviljad-10-kaarti-10-puuvilja\/\" \/>\n<meta property=\"og:site_name\" content=\"CLEVER KIDS\" \/>\n<meta property=\"article:publisher\" content=\"https:\/\/www.facebook.com\/cleverkids.ee\/\" \/>\n<meta property=\"article:modified_time\" content=\"2024-11-29T01:49:32+00:00\" \/>\n<meta property=\"og:image\" content=\"https:\/\/cleverkids.ee\/wp-content\/uploads\/2024\/08\/1600-21.jpg\" \/>\n\t<meta property=\"og:image:width\" content=\"1600\" \/>\n\t<meta property=\"og:image:height\" content=\"1600\" \/>\n\t<meta property=\"og:image:type\" content=\"image\/jpeg\" \/>\n<meta name=\"twitter:card\" content=\"summary_large_image\" \/>\n<meta name=\"twitter:label1\" content=\"Est. reading time\" \/>\n\t<meta name=\"twitter:data1\" content=\"1 minut\" \/>\n<script type=\"application\/ld+json\" class=\"yoast-schema-graph\">{\"@context\":\"https:\/\/schema.org\",\"@graph\":[{\"@type\":\"WebPage\",\"@id\":\"https:\/\/cleverkids.ee\/et\/product\/oppematerjal-g-doman-i-metoodika-jargi-puuviljad-10-kaarti-10-puuvilja\/\",\"url\":\"https:\/\/cleverkids.ee\/et\/product\/oppematerjal-g-doman-i-metoodika-jargi-puuviljad-10-kaarti-10-puuvilja\/\",\"name\":\"\u00d5ppematerjal G. Doman\u2019i metoodika j\u00e4rgi \u201ePuuviljad\u201c: 10 kaarti + 10 puuvilja -\",\"isPartOf\":{\"@id\":\"https:\/\/cleverkids.ee\/et\/#website\"},\"primaryImageOfPage\":{\"@id\":\"https:\/\/cleverkids.ee\/et\/product\/oppematerjal-g-doman-i-metoodika-jargi-puuviljad-10-kaarti-10-puuvilja\/#primaryimage\"},\"image\":{\"@id\":\"https:\/\/cleverkids.ee\/et\/product\/oppematerjal-g-doman-i-metoodika-jargi-puuviljad-10-kaarti-10-puuvilja\/#primaryimage\"},\"thumbnailUrl\":\"https:\/\/cleverkids.ee\/wp-content\/uploads\/2024\/08\/1600-21.jpg\",\"datePublished\":\"2024-08-26T11:55:58+00:00\",\"dateModified\":\"2024-11-29T01:49:32+00:00\",\"description\":\"\u00d5ppematerjal G. Doman\u2019i metoodika j\u00e4rgi \u201ePuuviljad\u201c: 10 kaarti + 10 puuvilja - CLEVER KIDS\",\"breadcrumb\":{\"@id\":\"https:\/\/cleverkids.ee\/et\/product\/oppematerjal-g-doman-i-metoodika-jargi-puuviljad-10-kaarti-10-puuvilja\/#breadcrumb\"},\"inLanguage\":\"et\",\"potentialAction\":[{\"@type\":\"ReadAction\",\"target\":[\"https:\/\/cleverkids.ee\/et\/product\/oppematerjal-g-doman-i-metoodika-jargi-puuviljad-10-kaarti-10-puuvilja\/\"]}]},{\"@type\":\"ImageObject\",\"inLanguage\":\"et\",\"@id\":\"https:\/\/cleverkids.ee\/et\/product\/oppematerjal-g-doman-i-metoodika-jargi-puuviljad-10-kaarti-10-puuvilja\/#primaryimage\",\"url\":\"https:\/\/cleverkids.ee\/wp-content\/uploads\/2024\/08\/1600-21.jpg\",\"contentUrl\":\"https:\/\/cleverkids.ee\/wp-content\/uploads\/2024\/08\/1600-21.jpg\",\"width\":1600,\"height\":1600,\"caption\":\"\u041e\u0431\u0443\u0447\u0430\u044e\u0449\u0438\u0439 \u043d\u0430\u0431\u043e\u0440 \u043f\u043e \u043c\u0435\u0442\u043e\u0434\u0438\u043a\u0435 \u0413. \u0414\u043e\u043c\u0430\u043d\u0430 \u00ab\u0424\u0440\u0443\u043a\u0442\u044b\"},{\"@type\":\"BreadcrumbList\",\"@id\":\"https:\/\/cleverkids.ee\/et\/product\/oppematerjal-g-doman-i-metoodika-jargi-puuviljad-10-kaarti-10-puuvilja\/#breadcrumb\",\"itemListElement\":[{\"@type\":\"ListItem\",\"position\":1,\"name\":\"Esileht\",\"item\":\"https:\/\/cleverkids.ee\/et\/\"},{\"@type\":\"ListItem\",\"position\":2,\"name\":\"Tooted\",\"item\":\"https:\/\/cleverkids.ee\/store\/\"},{\"@type\":\"ListItem\",\"position\":3,\"name\":\"\u00d5ppematerjal G. Doman\u2019i metoodika j\u00e4rgi \u201ePuuviljad\u201c: 10 kaarti + 10 puuvilja\"}]},{\"@type\":\"WebSite\",\"@id\":\"https:\/\/cleverkids.ee\/et\/#website\",\"url\":\"https:\/\/cleverkids.ee\/et\/\",\"name\":\"CLEVER KIDS\",\"description\":\"\",\"publisher\":{\"@id\":\"https:\/\/cleverkids.ee\/et\/#organization\"},\"potentialAction\":[{\"@type\":\"SearchAction\",\"target\":{\"@type\":\"EntryPoint\",\"urlTemplate\":\"https:\/\/cleverkids.ee\/et\/?s={search_term_string}\"},\"query-input\":{\"@type\":\"PropertyValueSpecification\",\"valueRequired\":true,\"valueName\":\"search_term_string\"}}],\"inLanguage\":\"et\"},{\"@type\":\"Organization\",\"@id\":\"https:\/\/cleverkids.ee\/et\/#organization\",\"name\":\"CLEVER KIDS\",\"url\":\"https:\/\/cleverkids.ee\/et\/\",\"logo\":{\"@type\":\"ImageObject\",\"inLanguage\":\"et\",\"@id\":\"https:\/\/cleverkids.ee\/et\/#\/schema\/logo\/image\/\",\"url\":\"https:\/\/cleverkids.ee\/wp-content\/uploads\/2024\/02\/image0-1024x1024.png\",\"contentUrl\":\"https:\/\/cleverkids.ee\/wp-content\/uploads\/2024\/02\/image0-1024x1024.png\",\"width\":1024,\"height\":1024,\"caption\":\"CLEVER KIDS\"},\"image\":{\"@id\":\"https:\/\/cleverkids.ee\/et\/#\/schema\/logo\/image\/\"},\"sameAs\":[\"https:\/\/www.facebook.com\/cleverkids.ee\/\",\"https:\/\/www.instagram.com\/cleverkids_ee\/\"]}]}<\/script>\n<!-- \/ Yoast SEO plugin. -->","yoast_head_json":{"title":"\u00d5ppematerjal G. Doman\u2019i metoodika j\u00e4rgi \u201ePuuviljad\u201c: 10 kaarti + 10 puuvilja -","description":"\u00d5ppematerjal G. Doman\u2019i metoodika j\u00e4rgi \u201ePuuviljad\u201c: 10 kaarti + 10 puuvilja - CLEVER KIDS","robots":{"index":"index","follow":"follow","max-snippet":"max-snippet:-1","max-image-preview":"max-image-preview:large","max-video-preview":"max-video-preview:-1"},"canonical":"https:\/\/cleverkids.ee\/et\/product\/oppematerjal-g-doman-i-metoodika-jargi-puuviljad-10-kaarti-10-puuvilja\/","og_locale":"et_EE","og_type":"article","og_title":"\u00d5ppematerjal G. Doman\u2019i metoodika j\u00e4rgi \u201ePuuviljad\u201c: 10 kaarti + 10 puuvilja -","og_description":"\u00d5ppematerjal G. Doman\u2019i metoodika j\u00e4rgi \u201ePuuviljad\u201c: 10 kaarti + 10 puuvilja - CLEVER KIDS","og_url":"https:\/\/cleverkids.ee\/et\/product\/oppematerjal-g-doman-i-metoodika-jargi-puuviljad-10-kaarti-10-puuvilja\/","og_site_name":"CLEVER KIDS","article_publisher":"https:\/\/www.facebook.com\/cleverkids.ee\/","article_modified_time":"2024-11-29T01:49:32+00:00","og_image":[{"width":1600,"height":1600,"url":"https:\/\/cleverkids.ee\/wp-content\/uploads\/2024\/08\/1600-21.jpg","type":"image\/jpeg"}],"twitter_card":"summary_large_image","twitter_misc":{"Est. reading time":"1 minut"},"schema":{"@context":"https:\/\/schema.org","@graph":[{"@type":"WebPage","@id":"https:\/\/cleverkids.ee\/et\/product\/oppematerjal-g-doman-i-metoodika-jargi-puuviljad-10-kaarti-10-puuvilja\/","url":"https:\/\/cleverkids.ee\/et\/product\/oppematerjal-g-doman-i-metoodika-jargi-puuviljad-10-kaarti-10-puuvilja\/","name":"\u00d5ppematerjal G. Doman\u2019i metoodika j\u00e4rgi \u201ePuuviljad\u201c: 10 kaarti + 10 puuvilja -","isPartOf":{"@id":"https:\/\/cleverkids.ee\/et\/#website"},"primaryImageOfPage":{"@id":"https:\/\/cleverkids.ee\/et\/product\/oppematerjal-g-doman-i-metoodika-jargi-puuviljad-10-kaarti-10-puuvilja\/#primaryimage"},"image":{"@id":"https:\/\/cleverkids.ee\/et\/product\/oppematerjal-g-doman-i-metoodika-jargi-puuviljad-10-kaarti-10-puuvilja\/#primaryimage"},"thumbnailUrl":"https:\/\/cleverkids.ee\/wp-content\/uploads\/2024\/08\/1600-21.jpg","datePublished":"2024-08-26T11:55:58+00:00","dateModified":"2024-11-29T01:49:32+00:00","description":"\u00d5ppematerjal G. Doman\u2019i metoodika j\u00e4rgi \u201ePuuviljad\u201c: 10 kaarti + 10 puuvilja - CLEVER KIDS","breadcrumb":{"@id":"https:\/\/cleverkids.ee\/et\/product\/oppematerjal-g-doman-i-metoodika-jargi-puuviljad-10-kaarti-10-puuvilja\/#breadcrumb"},"inLanguage":"et","potentialAction":[{"@type":"ReadAction","target":["https:\/\/cleverkids.ee\/et\/product\/oppematerjal-g-doman-i-metoodika-jargi-puuviljad-10-kaarti-10-puuvilja\/"]}]},{"@type":"ImageObject","inLanguage":"et","@id":"https:\/\/cleverkids.ee\/et\/product\/oppematerjal-g-doman-i-metoodika-jargi-puuviljad-10-kaarti-10-puuvilja\/#primaryimage","url":"https:\/\/cleverkids.ee\/wp-content\/uploads\/2024\/08\/1600-21.jpg","contentUrl":"https:\/\/cleverkids.ee\/wp-content\/uploads\/2024\/08\/1600-21.jpg","width":1600,"height":1600,"caption":"\u041e\u0431\u0443\u0447\u0430\u044e\u0449\u0438\u0439 \u043d\u0430\u0431\u043e\u0440 \u043f\u043e \u043c\u0435\u0442\u043e\u0434\u0438\u043a\u0435 \u0413. \u0414\u043e\u043c\u0430\u043d\u0430 \u00ab\u0424\u0440\u0443\u043a\u0442\u044b"},{"@type":"BreadcrumbList","@id":"https:\/\/cleverkids.ee\/et\/product\/oppematerjal-g-doman-i-metoodika-jargi-puuviljad-10-kaarti-10-puuvilja\/#breadcrumb","itemListElement":[{"@type":"ListItem","position":1,"name":"Esileht","item":"https:\/\/cleverkids.ee\/et\/"},{"@type":"ListItem","position":2,"name":"Tooted","item":"https:\/\/cleverkids.ee\/store\/"},{"@type":"ListItem","position":3,"name":"\u00d5ppematerjal G. Doman\u2019i metoodika j\u00e4rgi \u201ePuuviljad\u201c: 10 kaarti + 10 puuvilja"}]},{"@type":"WebSite","@id":"https:\/\/cleverkids.ee\/et\/#website","url":"https:\/\/cleverkids.ee\/et\/","name":"CLEVER KIDS","description":"","publisher":{"@id":"https:\/\/cleverkids.ee\/et\/#organization"},"potentialAction":[{"@type":"SearchAction","target":{"@type":"EntryPoint","urlTemplate":"https:\/\/cleverkids.ee\/et\/?s={search_term_string}"},"query-input":{"@type":"PropertyValueSpecification","valueRequired":true,"valueName":"search_term_string"}}],"inLanguage":"et"},{"@type":"Organization","@id":"https:\/\/cleverkids.ee\/et\/#organization","name":"CLEVER KIDS","url":"https:\/\/cleverkids.ee\/et\/","logo":{"@type":"ImageObject","inLanguage":"et","@id":"https:\/\/cleverkids.ee\/et\/#\/schema\/logo\/image\/","url":"https:\/\/cleverkids.ee\/wp-content\/uploads\/2024\/02\/image0-1024x1024.png","contentUrl":"https:\/\/cleverkids.ee\/wp-content\/uploads\/2024\/02\/image0-1024x1024.png","width":1024,"height":1024,"caption":"CLEVER KIDS"},"image":{"@id":"https:\/\/cleverkids.ee\/et\/#\/schema\/logo\/image\/"},"sameAs":["https:\/\/www.facebook.com\/cleverkids.ee\/","https:\/\/www.instagram.com\/cleverkids_ee\/"]}]}},"_links":{"self":[{"href":"https:\/\/cleverkids.ee\/et\/wp-json\/wp\/v2\/product\/73780","targetHints":{"allow":["GET"]}}],"collection":[{"href":"https:\/\/cleverkids.ee\/et\/wp-json\/wp\/v2\/product"}],"about":[{"href":"https:\/\/cleverkids.ee\/et\/wp-json\/wp\/v2\/types\/product"}],"wp:featuredmedia":[{"embeddable":true,"href":"https:\/\/cleverkids.ee\/et\/wp-json\/wp\/v2\/media\/73779"}],"wp:attachment":[{"href":"https:\/\/cleverkids.ee\/et\/wp-json\/wp\/v2\/media?parent=73780"}],"wp:term":[{"taxonomy":"product_brand","embeddable":true,"href":"https:\/\/cleverkids.ee\/et\/wp-json\/wp\/v2\/product_brand?post=73780"},{"taxonomy":"product_cat","embeddable":true,"href":"https:\/\/cleverkids.ee\/et\/wp-json\/wp\/v2\/product_cat?post=73780"},{"taxonomy":"product_tag","embeddable":true,"href":"https:\/\/cleverkids.ee\/et\/wp-json\/wp\/v2\/product_tag?post=73780"}],"curies":[{"name":"wp","href":"https:\/\/api.w.org\/{rel}","templated":true}]}}