{"id":73799,"date":"2024-08-26T15:31:30","date_gmt":"2024-08-26T12:31:30","guid":{"rendered":"https:\/\/cleverkids.ee\/\u041f\u0440\u043e\u0434\u0443\u043a\u0442\/razvivayushhaya-igra-sosedi-chisla\/"},"modified":"2024-08-26T15:37:13","modified_gmt":"2024-08-26T12:37:13","slug":"arendav-mang-naabrid-numbrid","status":"publish","type":"product","link":"https:\/\/cleverkids.ee\/et\/product\/arendav-mang-naabrid-numbrid\/","title":{"rendered":"Arendav m\u00e4ng \u201eNaabrid-numbrid\u201c"},"content":{"rendered":"<p>Mida tuleb teha?<\/p>\n<p>Selgitage lapsele, mis on naabernumbrid (need on numbrid, mis asuvad \u00fcksteise k\u00f5rval).<\/p>\n<p>Kui lihtsad numbrid on selgeks saanud, v\u00f5ib liikuda edasi \u00fclesandekaartide juurde. Nendes kaartides peab laps kindlaks tegema, milline number on peidetud k\u00fcsim\u00e4rgi taha.<\/p>\n","protected":false},"excerpt":{"rendered":"<p>Mida tuleb teha? Selgitage lapsele, mis on naabernumbrid (need on numbrid, mis asuvad \u00fcksteise k\u00f5rval). Kui lihtsad numbrid on selgeks saanud, v\u00f5ib liikuda edasi \u00fclesandekaartide juurde. Nendes kaartides peab laps kindlaks tegema, milline number on peidetud k\u00fcsim\u00e4rgi taha.<\/p>\n","protected":false},"featured_media":73798,"template":"","meta":{"_monsterinsights_skip_tracking":false,"_monsterinsights_sitenote_active":false,"_monsterinsights_sitenote_note":"","_monsterinsights_sitenote_category":0},"product_brand":[],"product_cat":[50,58],"product_tag":[],"class_list":{"0":"post-73799","1":"product","2":"type-product","3":"status-publish","4":"has-post-thumbnail","6":"product_cat-arendavad-manguasjad","7":"product_cat-unkategorized","8":"pa_vozrast-ot-3-do-5-let-et","10":"first","11":"instock","12":"shipping-taxable","13":"purchasable","14":"product-type-simple"},"yoast_head":"<!-- This site is optimized with the Yoast SEO plugin v25.0 - https:\/\/yoast.com\/wordpress\/plugins\/seo\/ -->\n<title>Arendav m\u00e4ng \u201eNaabrid-numbrid\u201c -<\/title>\n<meta name=\"description\" content=\"Arendav m\u00e4ng \u201eNaabrid-numbrid\u201c - CLEVER KIDS\" \/>\n<meta name=\"robots\" content=\"index, follow, max-snippet:-1, max-image-preview:large, max-video-preview:-1\" \/>\n<link rel=\"canonical\" href=\"https:\/\/cleverkids.ee\/et\/product\/arendav-mang-naabrid-numbrid\/\" \/>\n<meta property=\"og:locale\" content=\"et_EE\" \/>\n<meta property=\"og:type\" content=\"article\" \/>\n<meta property=\"og:title\" content=\"Arendav m\u00e4ng \u201eNaabrid-numbrid\u201c -\" \/>\n<meta property=\"og:description\" content=\"Arendav m\u00e4ng \u201eNaabrid-numbrid\u201c - CLEVER KIDS\" \/>\n<meta property=\"og:url\" content=\"https:\/\/cleverkids.ee\/et\/product\/arendav-mang-naabrid-numbrid\/\" \/>\n<meta property=\"og:site_name\" content=\"CLEVER KIDS\" \/>\n<meta property=\"article:publisher\" content=\"https:\/\/www.facebook.com\/cleverkids.ee\/\" \/>\n<meta property=\"article:modified_time\" content=\"2024-08-26T12:37:13+00:00\" \/>\n<meta property=\"og:image\" content=\"https:\/\/cleverkids.ee\/wp-content\/uploads\/2024\/08\/1600-21-2.jpg\" \/>\n\t<meta property=\"og:image:width\" content=\"1600\" \/>\n\t<meta property=\"og:image:height\" content=\"1600\" \/>\n\t<meta property=\"og:image:type\" content=\"image\/jpeg\" \/>\n<meta name=\"twitter:card\" content=\"summary_large_image\" \/>\n<meta name=\"twitter:label1\" content=\"Est. reading time\" \/>\n\t<meta name=\"twitter:data1\" content=\"1 minut\" \/>\n<script type=\"application\/ld+json\" class=\"yoast-schema-graph\">{\"@context\":\"https:\/\/schema.org\",\"@graph\":[{\"@type\":\"WebPage\",\"@id\":\"https:\/\/cleverkids.ee\/et\/product\/arendav-mang-naabrid-numbrid\/\",\"url\":\"https:\/\/cleverkids.ee\/et\/product\/arendav-mang-naabrid-numbrid\/\",\"name\":\"Arendav m\u00e4ng \u201eNaabrid-numbrid\u201c -\",\"isPartOf\":{\"@id\":\"https:\/\/cleverkids.ee\/et\/#website\"},\"primaryImageOfPage\":{\"@id\":\"https:\/\/cleverkids.ee\/et\/product\/arendav-mang-naabrid-numbrid\/#primaryimage\"},\"image\":{\"@id\":\"https:\/\/cleverkids.ee\/et\/product\/arendav-mang-naabrid-numbrid\/#primaryimage\"},\"thumbnailUrl\":\"https:\/\/cleverkids.ee\/wp-content\/uploads\/2024\/08\/1600-21-2.jpg\",\"datePublished\":\"2024-08-26T12:31:30+00:00\",\"dateModified\":\"2024-08-26T12:37:13+00:00\",\"description\":\"Arendav m\u00e4ng \u201eNaabrid-numbrid\u201c - CLEVER KIDS\",\"breadcrumb\":{\"@id\":\"https:\/\/cleverkids.ee\/et\/product\/arendav-mang-naabrid-numbrid\/#breadcrumb\"},\"inLanguage\":\"et\",\"potentialAction\":[{\"@type\":\"ReadAction\",\"target\":[\"https:\/\/cleverkids.ee\/et\/product\/arendav-mang-naabrid-numbrid\/\"]}]},{\"@type\":\"ImageObject\",\"inLanguage\":\"et\",\"@id\":\"https:\/\/cleverkids.ee\/et\/product\/arendav-mang-naabrid-numbrid\/#primaryimage\",\"url\":\"https:\/\/cleverkids.ee\/wp-content\/uploads\/2024\/08\/1600-21-2.jpg\",\"contentUrl\":\"https:\/\/cleverkids.ee\/wp-content\/uploads\/2024\/08\/1600-21-2.jpg\",\"width\":1600,\"height\":1600,\"caption\":\"\u0420\u0430\u0437\u0432\u0438\u0432\u0430\u044e\u0449\u0430\u044f \u0438\u0433\u0440\u0430 \u00ab\u0421\u043e\u0441\u0435\u0434\u0438-\u0447\u0438\u0441\u043b\u0430\u00bb\"},{\"@type\":\"BreadcrumbList\",\"@id\":\"https:\/\/cleverkids.ee\/et\/product\/arendav-mang-naabrid-numbrid\/#breadcrumb\",\"itemListElement\":[{\"@type\":\"ListItem\",\"position\":1,\"name\":\"Esileht\",\"item\":\"https:\/\/cleverkids.ee\/et\/\"},{\"@type\":\"ListItem\",\"position\":2,\"name\":\"Tooted\",\"item\":\"https:\/\/cleverkids.ee\/store\/\"},{\"@type\":\"ListItem\",\"position\":3,\"name\":\"Arendav m\u00e4ng \u201eNaabrid-numbrid\u201c\"}]},{\"@type\":\"WebSite\",\"@id\":\"https:\/\/cleverkids.ee\/et\/#website\",\"url\":\"https:\/\/cleverkids.ee\/et\/\",\"name\":\"CLEVER KIDS\",\"description\":\"\",\"publisher\":{\"@id\":\"https:\/\/cleverkids.ee\/et\/#organization\"},\"potentialAction\":[{\"@type\":\"SearchAction\",\"target\":{\"@type\":\"EntryPoint\",\"urlTemplate\":\"https:\/\/cleverkids.ee\/et\/?s={search_term_string}\"},\"query-input\":{\"@type\":\"PropertyValueSpecification\",\"valueRequired\":true,\"valueName\":\"search_term_string\"}}],\"inLanguage\":\"et\"},{\"@type\":\"Organization\",\"@id\":\"https:\/\/cleverkids.ee\/et\/#organization\",\"name\":\"CLEVER KIDS\",\"url\":\"https:\/\/cleverkids.ee\/et\/\",\"logo\":{\"@type\":\"ImageObject\",\"inLanguage\":\"et\",\"@id\":\"https:\/\/cleverkids.ee\/et\/#\/schema\/logo\/image\/\",\"url\":\"https:\/\/cleverkids.ee\/wp-content\/uploads\/2024\/02\/image0-1024x1024.png\",\"contentUrl\":\"https:\/\/cleverkids.ee\/wp-content\/uploads\/2024\/02\/image0-1024x1024.png\",\"width\":1024,\"height\":1024,\"caption\":\"CLEVER KIDS\"},\"image\":{\"@id\":\"https:\/\/cleverkids.ee\/et\/#\/schema\/logo\/image\/\"},\"sameAs\":[\"https:\/\/www.facebook.com\/cleverkids.ee\/\",\"https:\/\/www.instagram.com\/cleverkids_ee\/\"]}]}<\/script>\n<!-- \/ Yoast SEO plugin. -->","yoast_head_json":{"title":"Arendav m\u00e4ng \u201eNaabrid-numbrid\u201c -","description":"Arendav m\u00e4ng \u201eNaabrid-numbrid\u201c - CLEVER KIDS","robots":{"index":"index","follow":"follow","max-snippet":"max-snippet:-1","max-image-preview":"max-image-preview:large","max-video-preview":"max-video-preview:-1"},"canonical":"https:\/\/cleverkids.ee\/et\/product\/arendav-mang-naabrid-numbrid\/","og_locale":"et_EE","og_type":"article","og_title":"Arendav m\u00e4ng \u201eNaabrid-numbrid\u201c -","og_description":"Arendav m\u00e4ng \u201eNaabrid-numbrid\u201c - CLEVER KIDS","og_url":"https:\/\/cleverkids.ee\/et\/product\/arendav-mang-naabrid-numbrid\/","og_site_name":"CLEVER KIDS","article_publisher":"https:\/\/www.facebook.com\/cleverkids.ee\/","article_modified_time":"2024-08-26T12:37:13+00:00","og_image":[{"width":1600,"height":1600,"url":"https:\/\/cleverkids.ee\/wp-content\/uploads\/2024\/08\/1600-21-2.jpg","type":"image\/jpeg"}],"twitter_card":"summary_large_image","twitter_misc":{"Est. reading time":"1 minut"},"schema":{"@context":"https:\/\/schema.org","@graph":[{"@type":"WebPage","@id":"https:\/\/cleverkids.ee\/et\/product\/arendav-mang-naabrid-numbrid\/","url":"https:\/\/cleverkids.ee\/et\/product\/arendav-mang-naabrid-numbrid\/","name":"Arendav m\u00e4ng \u201eNaabrid-numbrid\u201c -","isPartOf":{"@id":"https:\/\/cleverkids.ee\/et\/#website"},"primaryImageOfPage":{"@id":"https:\/\/cleverkids.ee\/et\/product\/arendav-mang-naabrid-numbrid\/#primaryimage"},"image":{"@id":"https:\/\/cleverkids.ee\/et\/product\/arendav-mang-naabrid-numbrid\/#primaryimage"},"thumbnailUrl":"https:\/\/cleverkids.ee\/wp-content\/uploads\/2024\/08\/1600-21-2.jpg","datePublished":"2024-08-26T12:31:30+00:00","dateModified":"2024-08-26T12:37:13+00:00","description":"Arendav m\u00e4ng \u201eNaabrid-numbrid\u201c - CLEVER KIDS","breadcrumb":{"@id":"https:\/\/cleverkids.ee\/et\/product\/arendav-mang-naabrid-numbrid\/#breadcrumb"},"inLanguage":"et","potentialAction":[{"@type":"ReadAction","target":["https:\/\/cleverkids.ee\/et\/product\/arendav-mang-naabrid-numbrid\/"]}]},{"@type":"ImageObject","inLanguage":"et","@id":"https:\/\/cleverkids.ee\/et\/product\/arendav-mang-naabrid-numbrid\/#primaryimage","url":"https:\/\/cleverkids.ee\/wp-content\/uploads\/2024\/08\/1600-21-2.jpg","contentUrl":"https:\/\/cleverkids.ee\/wp-content\/uploads\/2024\/08\/1600-21-2.jpg","width":1600,"height":1600,"caption":"\u0420\u0430\u0437\u0432\u0438\u0432\u0430\u044e\u0449\u0430\u044f \u0438\u0433\u0440\u0430 \u00ab\u0421\u043e\u0441\u0435\u0434\u0438-\u0447\u0438\u0441\u043b\u0430\u00bb"},{"@type":"BreadcrumbList","@id":"https:\/\/cleverkids.ee\/et\/product\/arendav-mang-naabrid-numbrid\/#breadcrumb","itemListElement":[{"@type":"ListItem","position":1,"name":"Esileht","item":"https:\/\/cleverkids.ee\/et\/"},{"@type":"ListItem","position":2,"name":"Tooted","item":"https:\/\/cleverkids.ee\/store\/"},{"@type":"ListItem","position":3,"name":"Arendav m\u00e4ng \u201eNaabrid-numbrid\u201c"}]},{"@type":"WebSite","@id":"https:\/\/cleverkids.ee\/et\/#website","url":"https:\/\/cleverkids.ee\/et\/","name":"CLEVER KIDS","description":"","publisher":{"@id":"https:\/\/cleverkids.ee\/et\/#organization"},"potentialAction":[{"@type":"SearchAction","target":{"@type":"EntryPoint","urlTemplate":"https:\/\/cleverkids.ee\/et\/?s={search_term_string}"},"query-input":{"@type":"PropertyValueSpecification","valueRequired":true,"valueName":"search_term_string"}}],"inLanguage":"et"},{"@type":"Organization","@id":"https:\/\/cleverkids.ee\/et\/#organization","name":"CLEVER KIDS","url":"https:\/\/cleverkids.ee\/et\/","logo":{"@type":"ImageObject","inLanguage":"et","@id":"https:\/\/cleverkids.ee\/et\/#\/schema\/logo\/image\/","url":"https:\/\/cleverkids.ee\/wp-content\/uploads\/2024\/02\/image0-1024x1024.png","contentUrl":"https:\/\/cleverkids.ee\/wp-content\/uploads\/2024\/02\/image0-1024x1024.png","width":1024,"height":1024,"caption":"CLEVER KIDS"},"image":{"@id":"https:\/\/cleverkids.ee\/et\/#\/schema\/logo\/image\/"},"sameAs":["https:\/\/www.facebook.com\/cleverkids.ee\/","https:\/\/www.instagram.com\/cleverkids_ee\/"]}]}},"_links":{"self":[{"href":"https:\/\/cleverkids.ee\/et\/wp-json\/wp\/v2\/product\/73799","targetHints":{"allow":["GET"]}}],"collection":[{"href":"https:\/\/cleverkids.ee\/et\/wp-json\/wp\/v2\/product"}],"about":[{"href":"https:\/\/cleverkids.ee\/et\/wp-json\/wp\/v2\/types\/product"}],"wp:featuredmedia":[{"embeddable":true,"href":"https:\/\/cleverkids.ee\/et\/wp-json\/wp\/v2\/media\/73798"}],"wp:attachment":[{"href":"https:\/\/cleverkids.ee\/et\/wp-json\/wp\/v2\/media?parent=73799"}],"wp:term":[{"taxonomy":"product_brand","embeddable":true,"href":"https:\/\/cleverkids.ee\/et\/wp-json\/wp\/v2\/product_brand?post=73799"},{"taxonomy":"product_cat","embeddable":true,"href":"https:\/\/cleverkids.ee\/et\/wp-json\/wp\/v2\/product_cat?post=73799"},{"taxonomy":"product_tag","embeddable":true,"href":"https:\/\/cleverkids.ee\/et\/wp-json\/wp\/v2\/product_tag?post=73799"}],"curies":[{"name":"wp","href":"https:\/\/api.w.org\/{rel}","templated":true}]}}