{"id":73844,"date":"2024-09-15T14:33:51","date_gmt":"2024-09-15T11:33:51","guid":{"rendered":"https:\/\/cleverkids.ee\/\u041f\u0440\u043e\u0434\u0443\u043a\u0442\/freska-peskom-s-blyostkami-holodnoe-serdtse\/"},"modified":"2024-09-15T14:36:29","modified_gmt":"2024-09-15T11:36:29","slug":"liivamosaiik-sadelevate-liivadega-lumekuninganna","status":"publish","type":"product","link":"https:\/\/cleverkids.ee\/et\/product\/liivamosaiik-sadelevate-liivadega-lumekuninganna\/","title":{"rendered":"Liivamosaiik s\u00e4delevate liivadega, Lumekuninganna"},"content":{"rendered":"<p>Faktuurse ja v\u00e4rvilise pildi loomine on l\u00f5bus ja p\u00f5nev!<\/p>\n<p>Liivamosaiik on p\u00f5nev loomeviis, mis meeldib igale v\u00e4ikesele kunstnikule. V\u00e4rviliste liivateradega lemmiktegelaste piltide v\u00e4rvimine on nii vahva! Kata pilti j\u00e4rk-j\u00e4rgult ja \u00e4ra unusta \u00fchtlaselt jaotada peeneid s\u00e4delusi liimkihi peale, et pilt s\u00e4raks. V\u00f5id katta ka ainult osad pildist, andes sellele tekstuuri. Spetsiaalsed kontuurid ei lase v\u00e4rvilistel osakestel seguneda ja aitavad luua s\u00e4delevat meistriteost. Liimip\u00f5hi on kaitstud spetsiaalse l\u00f5igatud paberikihiga. Eemalda pealmine v\u00e4rvikiht steigi abil ja kata sobivat tooni liivaga.<\/p>\n","protected":false},"excerpt":{"rendered":"<p>Faktuurse ja v\u00e4rvilise pildi loomine on l\u00f5bus ja p\u00f5nev! Liivamosaiik on p\u00f5nev loomeviis, mis meeldib igale v\u00e4ikesele kunstnikule. V\u00e4rviliste liivateradega lemmiktegelaste piltide v\u00e4rvimine on nii vahva! Kata pilti j\u00e4rk-j\u00e4rgult ja \u00e4ra unusta \u00fchtlaselt jaotada peeneid s\u00e4delusi liimkihi peale, et pilt s\u00e4raks. V\u00f5id katta ka ainult osad pildist, andes sellele tekstuuri. Spetsiaalsed kontuurid ei lase v\u00e4rvilistel [&hellip;]<\/p>\n","protected":false},"featured_media":73843,"template":"","meta":{"_monsterinsights_skip_tracking":false,"_monsterinsights_sitenote_active":false,"_monsterinsights_sitenote_note":"","_monsterinsights_sitenote_category":0},"product_brand":[],"product_cat":[52,58],"product_tag":[],"class_list":{"0":"post-73844","1":"product","2":"type-product","3":"status-publish","4":"has-post-thumbnail","6":"product_cat-loovus","7":"product_cat-unkategorized","8":"pa_vozrast-ot-3-do-5-let-et","9":"pa_vozrast-ot-5-let-et","11":"first","12":"instock","13":"shipping-taxable","14":"purchasable","15":"product-type-simple"},"yoast_head":"<!-- This site is optimized with the Yoast SEO plugin v25.0 - https:\/\/yoast.com\/wordpress\/plugins\/seo\/ -->\n<title>Liivamosaiik s\u00e4delevate liivadega, Lumekuninganna -<\/title>\n<meta name=\"description\" content=\"Liivamosaiik s\u00e4delevate liivadega, Lumekuninganna - CLEVER KIDS\" \/>\n<meta name=\"robots\" content=\"index, follow, max-snippet:-1, max-image-preview:large, max-video-preview:-1\" \/>\n<link rel=\"canonical\" href=\"https:\/\/cleverkids.ee\/et\/product\/liivamosaiik-sadelevate-liivadega-lumekuninganna\/\" \/>\n<meta property=\"og:locale\" content=\"et_EE\" \/>\n<meta property=\"og:type\" content=\"article\" \/>\n<meta property=\"og:title\" content=\"Liivamosaiik s\u00e4delevate liivadega, Lumekuninganna -\" \/>\n<meta property=\"og:description\" content=\"Liivamosaiik s\u00e4delevate liivadega, Lumekuninganna - CLEVER KIDS\" \/>\n<meta property=\"og:url\" content=\"https:\/\/cleverkids.ee\/et\/product\/liivamosaiik-sadelevate-liivadega-lumekuninganna\/\" \/>\n<meta property=\"og:site_name\" content=\"CLEVER KIDS\" \/>\n<meta property=\"article:publisher\" content=\"https:\/\/www.facebook.com\/cleverkids.ee\/\" \/>\n<meta property=\"article:modified_time\" content=\"2024-09-15T11:36:29+00:00\" \/>\n<meta property=\"og:image\" content=\"https:\/\/cleverkids.ee\/wp-content\/uploads\/2024\/09\/700-6.jpg\" \/>\n\t<meta property=\"og:image:width\" content=\"700\" \/>\n\t<meta property=\"og:image:height\" content=\"700\" \/>\n\t<meta property=\"og:image:type\" content=\"image\/jpeg\" \/>\n<meta name=\"twitter:card\" content=\"summary_large_image\" \/>\n<meta name=\"twitter:label1\" content=\"Est. reading time\" \/>\n\t<meta name=\"twitter:data1\" content=\"1 minut\" \/>\n<script type=\"application\/ld+json\" class=\"yoast-schema-graph\">{\"@context\":\"https:\/\/schema.org\",\"@graph\":[{\"@type\":\"WebPage\",\"@id\":\"https:\/\/cleverkids.ee\/et\/product\/liivamosaiik-sadelevate-liivadega-lumekuninganna\/\",\"url\":\"https:\/\/cleverkids.ee\/et\/product\/liivamosaiik-sadelevate-liivadega-lumekuninganna\/\",\"name\":\"Liivamosaiik s\u00e4delevate liivadega, Lumekuninganna -\",\"isPartOf\":{\"@id\":\"https:\/\/cleverkids.ee\/et\/#website\"},\"primaryImageOfPage\":{\"@id\":\"https:\/\/cleverkids.ee\/et\/product\/liivamosaiik-sadelevate-liivadega-lumekuninganna\/#primaryimage\"},\"image\":{\"@id\":\"https:\/\/cleverkids.ee\/et\/product\/liivamosaiik-sadelevate-liivadega-lumekuninganna\/#primaryimage\"},\"thumbnailUrl\":\"https:\/\/cleverkids.ee\/wp-content\/uploads\/2024\/09\/700-6.jpg\",\"datePublished\":\"2024-09-15T11:33:51+00:00\",\"dateModified\":\"2024-09-15T11:36:29+00:00\",\"description\":\"Liivamosaiik s\u00e4delevate liivadega, Lumekuninganna - CLEVER KIDS\",\"breadcrumb\":{\"@id\":\"https:\/\/cleverkids.ee\/et\/product\/liivamosaiik-sadelevate-liivadega-lumekuninganna\/#breadcrumb\"},\"inLanguage\":\"et\",\"potentialAction\":[{\"@type\":\"ReadAction\",\"target\":[\"https:\/\/cleverkids.ee\/et\/product\/liivamosaiik-sadelevate-liivadega-lumekuninganna\/\"]}]},{\"@type\":\"ImageObject\",\"inLanguage\":\"et\",\"@id\":\"https:\/\/cleverkids.ee\/et\/product\/liivamosaiik-sadelevate-liivadega-lumekuninganna\/#primaryimage\",\"url\":\"https:\/\/cleverkids.ee\/wp-content\/uploads\/2024\/09\/700-6.jpg\",\"contentUrl\":\"https:\/\/cleverkids.ee\/wp-content\/uploads\/2024\/09\/700-6.jpg\",\"width\":700,\"height\":700,\"caption\":\"\u0444\u0440\u0435\u0441\u043a\u0430 \u043f\u0435\u0441\u043a\u043e\u043c \u0441 \u0431\u043b\u0451\u0441\u0442\u043a\u0430\u043c\u0438 \u0425\u043e\u043b\u043e\u0434\u043d\u043e\u0435 \u0441\u0435\u0440\u0434\u0446\u0435\"},{\"@type\":\"BreadcrumbList\",\"@id\":\"https:\/\/cleverkids.ee\/et\/product\/liivamosaiik-sadelevate-liivadega-lumekuninganna\/#breadcrumb\",\"itemListElement\":[{\"@type\":\"ListItem\",\"position\":1,\"name\":\"Esileht\",\"item\":\"https:\/\/cleverkids.ee\/et\/\"},{\"@type\":\"ListItem\",\"position\":2,\"name\":\"Tooted\",\"item\":\"https:\/\/cleverkids.ee\/store\/\"},{\"@type\":\"ListItem\",\"position\":3,\"name\":\"Liivamosaiik s\u00e4delevate liivadega, Lumekuninganna\"}]},{\"@type\":\"WebSite\",\"@id\":\"https:\/\/cleverkids.ee\/et\/#website\",\"url\":\"https:\/\/cleverkids.ee\/et\/\",\"name\":\"CLEVER KIDS\",\"description\":\"\",\"publisher\":{\"@id\":\"https:\/\/cleverkids.ee\/et\/#organization\"},\"potentialAction\":[{\"@type\":\"SearchAction\",\"target\":{\"@type\":\"EntryPoint\",\"urlTemplate\":\"https:\/\/cleverkids.ee\/et\/?s={search_term_string}\"},\"query-input\":{\"@type\":\"PropertyValueSpecification\",\"valueRequired\":true,\"valueName\":\"search_term_string\"}}],\"inLanguage\":\"et\"},{\"@type\":\"Organization\",\"@id\":\"https:\/\/cleverkids.ee\/et\/#organization\",\"name\":\"CLEVER KIDS\",\"url\":\"https:\/\/cleverkids.ee\/et\/\",\"logo\":{\"@type\":\"ImageObject\",\"inLanguage\":\"et\",\"@id\":\"https:\/\/cleverkids.ee\/et\/#\/schema\/logo\/image\/\",\"url\":\"https:\/\/cleverkids.ee\/wp-content\/uploads\/2024\/02\/image0-1024x1024.png\",\"contentUrl\":\"https:\/\/cleverkids.ee\/wp-content\/uploads\/2024\/02\/image0-1024x1024.png\",\"width\":1024,\"height\":1024,\"caption\":\"CLEVER KIDS\"},\"image\":{\"@id\":\"https:\/\/cleverkids.ee\/et\/#\/schema\/logo\/image\/\"},\"sameAs\":[\"https:\/\/www.facebook.com\/cleverkids.ee\/\",\"https:\/\/www.instagram.com\/cleverkids_ee\/\"]}]}<\/script>\n<!-- \/ Yoast SEO plugin. -->","yoast_head_json":{"title":"Liivamosaiik s\u00e4delevate liivadega, Lumekuninganna -","description":"Liivamosaiik s\u00e4delevate liivadega, Lumekuninganna - CLEVER KIDS","robots":{"index":"index","follow":"follow","max-snippet":"max-snippet:-1","max-image-preview":"max-image-preview:large","max-video-preview":"max-video-preview:-1"},"canonical":"https:\/\/cleverkids.ee\/et\/product\/liivamosaiik-sadelevate-liivadega-lumekuninganna\/","og_locale":"et_EE","og_type":"article","og_title":"Liivamosaiik s\u00e4delevate liivadega, Lumekuninganna -","og_description":"Liivamosaiik s\u00e4delevate liivadega, Lumekuninganna - CLEVER KIDS","og_url":"https:\/\/cleverkids.ee\/et\/product\/liivamosaiik-sadelevate-liivadega-lumekuninganna\/","og_site_name":"CLEVER KIDS","article_publisher":"https:\/\/www.facebook.com\/cleverkids.ee\/","article_modified_time":"2024-09-15T11:36:29+00:00","og_image":[{"width":700,"height":700,"url":"https:\/\/cleverkids.ee\/wp-content\/uploads\/2024\/09\/700-6.jpg","type":"image\/jpeg"}],"twitter_card":"summary_large_image","twitter_misc":{"Est. reading time":"1 minut"},"schema":{"@context":"https:\/\/schema.org","@graph":[{"@type":"WebPage","@id":"https:\/\/cleverkids.ee\/et\/product\/liivamosaiik-sadelevate-liivadega-lumekuninganna\/","url":"https:\/\/cleverkids.ee\/et\/product\/liivamosaiik-sadelevate-liivadega-lumekuninganna\/","name":"Liivamosaiik s\u00e4delevate liivadega, Lumekuninganna -","isPartOf":{"@id":"https:\/\/cleverkids.ee\/et\/#website"},"primaryImageOfPage":{"@id":"https:\/\/cleverkids.ee\/et\/product\/liivamosaiik-sadelevate-liivadega-lumekuninganna\/#primaryimage"},"image":{"@id":"https:\/\/cleverkids.ee\/et\/product\/liivamosaiik-sadelevate-liivadega-lumekuninganna\/#primaryimage"},"thumbnailUrl":"https:\/\/cleverkids.ee\/wp-content\/uploads\/2024\/09\/700-6.jpg","datePublished":"2024-09-15T11:33:51+00:00","dateModified":"2024-09-15T11:36:29+00:00","description":"Liivamosaiik s\u00e4delevate liivadega, Lumekuninganna - CLEVER KIDS","breadcrumb":{"@id":"https:\/\/cleverkids.ee\/et\/product\/liivamosaiik-sadelevate-liivadega-lumekuninganna\/#breadcrumb"},"inLanguage":"et","potentialAction":[{"@type":"ReadAction","target":["https:\/\/cleverkids.ee\/et\/product\/liivamosaiik-sadelevate-liivadega-lumekuninganna\/"]}]},{"@type":"ImageObject","inLanguage":"et","@id":"https:\/\/cleverkids.ee\/et\/product\/liivamosaiik-sadelevate-liivadega-lumekuninganna\/#primaryimage","url":"https:\/\/cleverkids.ee\/wp-content\/uploads\/2024\/09\/700-6.jpg","contentUrl":"https:\/\/cleverkids.ee\/wp-content\/uploads\/2024\/09\/700-6.jpg","width":700,"height":700,"caption":"\u0444\u0440\u0435\u0441\u043a\u0430 \u043f\u0435\u0441\u043a\u043e\u043c \u0441 \u0431\u043b\u0451\u0441\u0442\u043a\u0430\u043c\u0438 \u0425\u043e\u043b\u043e\u0434\u043d\u043e\u0435 \u0441\u0435\u0440\u0434\u0446\u0435"},{"@type":"BreadcrumbList","@id":"https:\/\/cleverkids.ee\/et\/product\/liivamosaiik-sadelevate-liivadega-lumekuninganna\/#breadcrumb","itemListElement":[{"@type":"ListItem","position":1,"name":"Esileht","item":"https:\/\/cleverkids.ee\/et\/"},{"@type":"ListItem","position":2,"name":"Tooted","item":"https:\/\/cleverkids.ee\/store\/"},{"@type":"ListItem","position":3,"name":"Liivamosaiik s\u00e4delevate liivadega, Lumekuninganna"}]},{"@type":"WebSite","@id":"https:\/\/cleverkids.ee\/et\/#website","url":"https:\/\/cleverkids.ee\/et\/","name":"CLEVER KIDS","description":"","publisher":{"@id":"https:\/\/cleverkids.ee\/et\/#organization"},"potentialAction":[{"@type":"SearchAction","target":{"@type":"EntryPoint","urlTemplate":"https:\/\/cleverkids.ee\/et\/?s={search_term_string}"},"query-input":{"@type":"PropertyValueSpecification","valueRequired":true,"valueName":"search_term_string"}}],"inLanguage":"et"},{"@type":"Organization","@id":"https:\/\/cleverkids.ee\/et\/#organization","name":"CLEVER KIDS","url":"https:\/\/cleverkids.ee\/et\/","logo":{"@type":"ImageObject","inLanguage":"et","@id":"https:\/\/cleverkids.ee\/et\/#\/schema\/logo\/image\/","url":"https:\/\/cleverkids.ee\/wp-content\/uploads\/2024\/02\/image0-1024x1024.png","contentUrl":"https:\/\/cleverkids.ee\/wp-content\/uploads\/2024\/02\/image0-1024x1024.png","width":1024,"height":1024,"caption":"CLEVER KIDS"},"image":{"@id":"https:\/\/cleverkids.ee\/et\/#\/schema\/logo\/image\/"},"sameAs":["https:\/\/www.facebook.com\/cleverkids.ee\/","https:\/\/www.instagram.com\/cleverkids_ee\/"]}]}},"_links":{"self":[{"href":"https:\/\/cleverkids.ee\/et\/wp-json\/wp\/v2\/product\/73844","targetHints":{"allow":["GET"]}}],"collection":[{"href":"https:\/\/cleverkids.ee\/et\/wp-json\/wp\/v2\/product"}],"about":[{"href":"https:\/\/cleverkids.ee\/et\/wp-json\/wp\/v2\/types\/product"}],"wp:featuredmedia":[{"embeddable":true,"href":"https:\/\/cleverkids.ee\/et\/wp-json\/wp\/v2\/media\/73843"}],"wp:attachment":[{"href":"https:\/\/cleverkids.ee\/et\/wp-json\/wp\/v2\/media?parent=73844"}],"wp:term":[{"taxonomy":"product_brand","embeddable":true,"href":"https:\/\/cleverkids.ee\/et\/wp-json\/wp\/v2\/product_brand?post=73844"},{"taxonomy":"product_cat","embeddable":true,"href":"https:\/\/cleverkids.ee\/et\/wp-json\/wp\/v2\/product_cat?post=73844"},{"taxonomy":"product_tag","embeddable":true,"href":"https:\/\/cleverkids.ee\/et\/wp-json\/wp\/v2\/product_tag?post=73844"}],"curies":[{"name":"wp","href":"https:\/\/api.w.org\/{rel}","templated":true}]}}