{"id":73893,"date":"2024-09-19T11:04:35","date_gmt":"2024-09-19T08:04:35","guid":{"rendered":"https:\/\/cleverkids.ee\/\u041f\u0440\u043e\u0434\u0443\u043a\u0442\/nabor-dlya-tvorchestva-kovrovaya-vyshivka\/"},"modified":"2024-09-19T11:10:59","modified_gmt":"2024-09-19T08:10:59","slug":"loomingukomplekt-vaipade-tikand","status":"publish","type":"product","link":"https:\/\/cleverkids.ee\/et\/product\/loomingukomplekt-vaipade-tikand\/","title":{"rendered":"Loomingukomplekt &#8220;Vaipade tikand&#8221;."},"content":{"rendered":"<div class=\"p9jiPT aCeHAX\" data-testid=\"about-section-description\">\n<p>Sukelduge loomingumaailma koos &#8220;\u00dckssarviku&#8221; vaibatikkimise komplektiga. See komplekt on suurep\u00e4rane valik k\u00e4sit\u00f6\u00f6huvilistele ja loomingulisteks tegevusteks.<\/p>\n<p>Komplekti omadused ja eelised:<\/p>\n<ul>\n<li>Tikkimistehnika, kus pilt kantakse \u0161ablooni abil kangale, v\u00f5imaldab t\u00f6\u00f6d h\u00f5lpsalt ja kiiresti alustada, mis on eriti kasulik algajatele.<\/li>\n<li>Vaibatikkimise tegevus arendab peenmotoorikat, keskendumisv\u00f5imet ja loomingulist m\u00f5tlemist.<\/li>\n<li>See on suurep\u00e4rane viis veeta aega kasulikult, luues ainulaadse kaunistuse kodu jaoks v\u00f5i kingituse l\u00e4hedastele.<\/li>\n<li>Komplekt on imeline kingitus teismelistele ja t\u00e4iskasvanutele, kes on k\u00e4sit\u00f6\u00f6st huvitatud.<\/li>\n<\/ul>\n<p>T\u00f6\u00f6 j\u00e4rjekord:<\/p>\n<ul>\n<li>Kandke pilt \u0161abloonilt kangale valguse ja pliiatsi abil. V\u00f5ite \u0161ablooni koos kanvaga aknale asetada ja joonistada pildi kontuurid.<\/li>\n<li>Pange n\u00f5el valmis vastavalt juhistele.<\/li>\n<li>N\u00f5ela tuleb hoida liikumise suunas kaldu, nagu n\u00e4idatud skeemil.<\/li>\n<li>T\u00e4itke \u00fcks osa teatud v\u00e4rvi niidiga, seej\u00e4rel j\u00e4rgmine jne.<\/li>\n<li>Teie tikitud pilt on valmis!<\/li>\n<\/ul>\n<p>Lisainformatsioon:<\/p>\n<ul>\n<li>N\u00f5ela l\u00e4bim\u00f5\u00f5t: 3,5 mm.<\/li>\n<\/ul>\n<p>Komplekti sisu:<\/p>\n<ul>\n<li>Juhend;<\/li>\n<li>\u0160abloon;<\/li>\n<li>Tikkimisr\u00f5ngad;<\/li>\n<li>N\u00f5el;<\/li>\n<li>Niidid;<\/li>\n<li>Kanvaa.<\/li>\n<\/ul>\n<\/div>\n","protected":false},"excerpt":{"rendered":"<p>Sukelduge loomingumaailma koos &#8220;\u00dckssarviku&#8221; vaibatikkimise komplektiga. See komplekt on suurep\u00e4rane valik k\u00e4sit\u00f6\u00f6huvilistele ja loomingulisteks tegevusteks. Komplekti omadused ja eelised: Tikkimistehnika, kus pilt kantakse \u0161ablooni abil kangale, v\u00f5imaldab t\u00f6\u00f6d h\u00f5lpsalt ja kiiresti alustada, mis on eriti kasulik algajatele. Vaibatikkimise tegevus arendab peenmotoorikat, keskendumisv\u00f5imet ja loomingulist m\u00f5tlemist. See on suurep\u00e4rane viis veeta aega kasulikult, luues ainulaadse kaunistuse [&hellip;]<\/p>\n","protected":false},"featured_media":73892,"template":"","meta":{"_monsterinsights_skip_tracking":false,"_monsterinsights_sitenote_active":false,"_monsterinsights_sitenote_note":"","_monsterinsights_sitenote_category":0},"product_brand":[],"product_cat":[52,58],"product_tag":[],"class_list":{"0":"post-73893","1":"product","2":"type-product","3":"status-publish","4":"has-post-thumbnail","6":"product_cat-loovus","7":"product_cat-unkategorized","8":"pa_vozrast-ot-5-let-et","10":"first","11":"instock","12":"shipping-taxable","13":"purchasable","14":"product-type-simple"},"yoast_head":"<!-- This site is optimized with the Yoast SEO plugin v25.0 - https:\/\/yoast.com\/wordpress\/plugins\/seo\/ -->\n<title>Loomingukomplekt &quot;Vaipade tikand&quot;. -<\/title>\n<meta name=\"description\" content=\"Loomingukomplekt &quot;Vaipade tikand&quot;. - CLEVER KIDS\" \/>\n<meta name=\"robots\" content=\"index, follow, max-snippet:-1, max-image-preview:large, max-video-preview:-1\" \/>\n<link rel=\"canonical\" href=\"https:\/\/cleverkids.ee\/et\/product\/loomingukomplekt-vaipade-tikand\/\" \/>\n<meta property=\"og:locale\" content=\"et_EE\" \/>\n<meta property=\"og:type\" content=\"article\" \/>\n<meta property=\"og:title\" content=\"Loomingukomplekt &quot;Vaipade tikand&quot;. -\" \/>\n<meta property=\"og:description\" content=\"Loomingukomplekt &quot;Vaipade tikand&quot;. - CLEVER KIDS\" \/>\n<meta property=\"og:url\" content=\"https:\/\/cleverkids.ee\/et\/product\/loomingukomplekt-vaipade-tikand\/\" \/>\n<meta property=\"og:site_name\" content=\"CLEVER KIDS\" \/>\n<meta property=\"article:publisher\" content=\"https:\/\/www.facebook.com\/cleverkids.ee\/\" \/>\n<meta property=\"article:modified_time\" content=\"2024-09-19T08:10:59+00:00\" \/>\n<meta property=\"og:image\" content=\"https:\/\/cleverkids.ee\/wp-content\/uploads\/2024\/09\/1600-26-2.jpg\" \/>\n\t<meta property=\"og:image:width\" content=\"1600\" \/>\n\t<meta property=\"og:image:height\" content=\"1600\" \/>\n\t<meta property=\"og:image:type\" content=\"image\/jpeg\" \/>\n<meta name=\"twitter:card\" content=\"summary_large_image\" \/>\n<meta name=\"twitter:label1\" content=\"Est. reading time\" \/>\n\t<meta name=\"twitter:data1\" content=\"1 minut\" \/>\n<script type=\"application\/ld+json\" class=\"yoast-schema-graph\">{\"@context\":\"https:\/\/schema.org\",\"@graph\":[{\"@type\":\"WebPage\",\"@id\":\"https:\/\/cleverkids.ee\/et\/product\/loomingukomplekt-vaipade-tikand\/\",\"url\":\"https:\/\/cleverkids.ee\/et\/product\/loomingukomplekt-vaipade-tikand\/\",\"name\":\"Loomingukomplekt \\\"Vaipade tikand\\\". -\",\"isPartOf\":{\"@id\":\"https:\/\/cleverkids.ee\/et\/#website\"},\"primaryImageOfPage\":{\"@id\":\"https:\/\/cleverkids.ee\/et\/product\/loomingukomplekt-vaipade-tikand\/#primaryimage\"},\"image\":{\"@id\":\"https:\/\/cleverkids.ee\/et\/product\/loomingukomplekt-vaipade-tikand\/#primaryimage\"},\"thumbnailUrl\":\"https:\/\/cleverkids.ee\/wp-content\/uploads\/2024\/09\/1600-26-2.jpg\",\"datePublished\":\"2024-09-19T08:04:35+00:00\",\"dateModified\":\"2024-09-19T08:10:59+00:00\",\"description\":\"Loomingukomplekt \\\"Vaipade tikand\\\". - CLEVER KIDS\",\"breadcrumb\":{\"@id\":\"https:\/\/cleverkids.ee\/et\/product\/loomingukomplekt-vaipade-tikand\/#breadcrumb\"},\"inLanguage\":\"et\",\"potentialAction\":[{\"@type\":\"ReadAction\",\"target\":[\"https:\/\/cleverkids.ee\/et\/product\/loomingukomplekt-vaipade-tikand\/\"]}]},{\"@type\":\"ImageObject\",\"inLanguage\":\"et\",\"@id\":\"https:\/\/cleverkids.ee\/et\/product\/loomingukomplekt-vaipade-tikand\/#primaryimage\",\"url\":\"https:\/\/cleverkids.ee\/wp-content\/uploads\/2024\/09\/1600-26-2.jpg\",\"contentUrl\":\"https:\/\/cleverkids.ee\/wp-content\/uploads\/2024\/09\/1600-26-2.jpg\",\"width\":1600,\"height\":1600,\"caption\":\"\u041d\u0430\u0431\u043e\u0440 \u0434\u043b\u044f \u0442\u0432\u043e\u0440\u0447\u0435\u0441\u0442\u0432\u0430 \u00ab\u041a\u043e\u0432\u0440\u043e\u0432\u0430\u044f \u0432\u044b\u0448\u0438\u0432\u043a\u0430\u00bb\"},{\"@type\":\"BreadcrumbList\",\"@id\":\"https:\/\/cleverkids.ee\/et\/product\/loomingukomplekt-vaipade-tikand\/#breadcrumb\",\"itemListElement\":[{\"@type\":\"ListItem\",\"position\":1,\"name\":\"Esileht\",\"item\":\"https:\/\/cleverkids.ee\/et\/\"},{\"@type\":\"ListItem\",\"position\":2,\"name\":\"Tooted\",\"item\":\"https:\/\/cleverkids.ee\/store\/\"},{\"@type\":\"ListItem\",\"position\":3,\"name\":\"Loomingukomplekt &#171;Vaipade tikand&#187;.\"}]},{\"@type\":\"WebSite\",\"@id\":\"https:\/\/cleverkids.ee\/et\/#website\",\"url\":\"https:\/\/cleverkids.ee\/et\/\",\"name\":\"CLEVER KIDS\",\"description\":\"\",\"publisher\":{\"@id\":\"https:\/\/cleverkids.ee\/et\/#organization\"},\"potentialAction\":[{\"@type\":\"SearchAction\",\"target\":{\"@type\":\"EntryPoint\",\"urlTemplate\":\"https:\/\/cleverkids.ee\/et\/?s={search_term_string}\"},\"query-input\":{\"@type\":\"PropertyValueSpecification\",\"valueRequired\":true,\"valueName\":\"search_term_string\"}}],\"inLanguage\":\"et\"},{\"@type\":\"Organization\",\"@id\":\"https:\/\/cleverkids.ee\/et\/#organization\",\"name\":\"CLEVER KIDS\",\"url\":\"https:\/\/cleverkids.ee\/et\/\",\"logo\":{\"@type\":\"ImageObject\",\"inLanguage\":\"et\",\"@id\":\"https:\/\/cleverkids.ee\/et\/#\/schema\/logo\/image\/\",\"url\":\"https:\/\/cleverkids.ee\/wp-content\/uploads\/2024\/02\/image0-1024x1024.png\",\"contentUrl\":\"https:\/\/cleverkids.ee\/wp-content\/uploads\/2024\/02\/image0-1024x1024.png\",\"width\":1024,\"height\":1024,\"caption\":\"CLEVER KIDS\"},\"image\":{\"@id\":\"https:\/\/cleverkids.ee\/et\/#\/schema\/logo\/image\/\"},\"sameAs\":[\"https:\/\/www.facebook.com\/cleverkids.ee\/\",\"https:\/\/www.instagram.com\/cleverkids_ee\/\"]}]}<\/script>\n<!-- \/ Yoast SEO plugin. -->","yoast_head_json":{"title":"Loomingukomplekt \"Vaipade tikand\". -","description":"Loomingukomplekt \"Vaipade tikand\". - CLEVER KIDS","robots":{"index":"index","follow":"follow","max-snippet":"max-snippet:-1","max-image-preview":"max-image-preview:large","max-video-preview":"max-video-preview:-1"},"canonical":"https:\/\/cleverkids.ee\/et\/product\/loomingukomplekt-vaipade-tikand\/","og_locale":"et_EE","og_type":"article","og_title":"Loomingukomplekt \"Vaipade tikand\". -","og_description":"Loomingukomplekt \"Vaipade tikand\". - CLEVER KIDS","og_url":"https:\/\/cleverkids.ee\/et\/product\/loomingukomplekt-vaipade-tikand\/","og_site_name":"CLEVER KIDS","article_publisher":"https:\/\/www.facebook.com\/cleverkids.ee\/","article_modified_time":"2024-09-19T08:10:59+00:00","og_image":[{"width":1600,"height":1600,"url":"https:\/\/cleverkids.ee\/wp-content\/uploads\/2024\/09\/1600-26-2.jpg","type":"image\/jpeg"}],"twitter_card":"summary_large_image","twitter_misc":{"Est. reading time":"1 minut"},"schema":{"@context":"https:\/\/schema.org","@graph":[{"@type":"WebPage","@id":"https:\/\/cleverkids.ee\/et\/product\/loomingukomplekt-vaipade-tikand\/","url":"https:\/\/cleverkids.ee\/et\/product\/loomingukomplekt-vaipade-tikand\/","name":"Loomingukomplekt \"Vaipade tikand\". -","isPartOf":{"@id":"https:\/\/cleverkids.ee\/et\/#website"},"primaryImageOfPage":{"@id":"https:\/\/cleverkids.ee\/et\/product\/loomingukomplekt-vaipade-tikand\/#primaryimage"},"image":{"@id":"https:\/\/cleverkids.ee\/et\/product\/loomingukomplekt-vaipade-tikand\/#primaryimage"},"thumbnailUrl":"https:\/\/cleverkids.ee\/wp-content\/uploads\/2024\/09\/1600-26-2.jpg","datePublished":"2024-09-19T08:04:35+00:00","dateModified":"2024-09-19T08:10:59+00:00","description":"Loomingukomplekt \"Vaipade tikand\". - CLEVER KIDS","breadcrumb":{"@id":"https:\/\/cleverkids.ee\/et\/product\/loomingukomplekt-vaipade-tikand\/#breadcrumb"},"inLanguage":"et","potentialAction":[{"@type":"ReadAction","target":["https:\/\/cleverkids.ee\/et\/product\/loomingukomplekt-vaipade-tikand\/"]}]},{"@type":"ImageObject","inLanguage":"et","@id":"https:\/\/cleverkids.ee\/et\/product\/loomingukomplekt-vaipade-tikand\/#primaryimage","url":"https:\/\/cleverkids.ee\/wp-content\/uploads\/2024\/09\/1600-26-2.jpg","contentUrl":"https:\/\/cleverkids.ee\/wp-content\/uploads\/2024\/09\/1600-26-2.jpg","width":1600,"height":1600,"caption":"\u041d\u0430\u0431\u043e\u0440 \u0434\u043b\u044f \u0442\u0432\u043e\u0440\u0447\u0435\u0441\u0442\u0432\u0430 \u00ab\u041a\u043e\u0432\u0440\u043e\u0432\u0430\u044f \u0432\u044b\u0448\u0438\u0432\u043a\u0430\u00bb"},{"@type":"BreadcrumbList","@id":"https:\/\/cleverkids.ee\/et\/product\/loomingukomplekt-vaipade-tikand\/#breadcrumb","itemListElement":[{"@type":"ListItem","position":1,"name":"Esileht","item":"https:\/\/cleverkids.ee\/et\/"},{"@type":"ListItem","position":2,"name":"Tooted","item":"https:\/\/cleverkids.ee\/store\/"},{"@type":"ListItem","position":3,"name":"Loomingukomplekt &#171;Vaipade tikand&#187;."}]},{"@type":"WebSite","@id":"https:\/\/cleverkids.ee\/et\/#website","url":"https:\/\/cleverkids.ee\/et\/","name":"CLEVER KIDS","description":"","publisher":{"@id":"https:\/\/cleverkids.ee\/et\/#organization"},"potentialAction":[{"@type":"SearchAction","target":{"@type":"EntryPoint","urlTemplate":"https:\/\/cleverkids.ee\/et\/?s={search_term_string}"},"query-input":{"@type":"PropertyValueSpecification","valueRequired":true,"valueName":"search_term_string"}}],"inLanguage":"et"},{"@type":"Organization","@id":"https:\/\/cleverkids.ee\/et\/#organization","name":"CLEVER KIDS","url":"https:\/\/cleverkids.ee\/et\/","logo":{"@type":"ImageObject","inLanguage":"et","@id":"https:\/\/cleverkids.ee\/et\/#\/schema\/logo\/image\/","url":"https:\/\/cleverkids.ee\/wp-content\/uploads\/2024\/02\/image0-1024x1024.png","contentUrl":"https:\/\/cleverkids.ee\/wp-content\/uploads\/2024\/02\/image0-1024x1024.png","width":1024,"height":1024,"caption":"CLEVER KIDS"},"image":{"@id":"https:\/\/cleverkids.ee\/et\/#\/schema\/logo\/image\/"},"sameAs":["https:\/\/www.facebook.com\/cleverkids.ee\/","https:\/\/www.instagram.com\/cleverkids_ee\/"]}]}},"_links":{"self":[{"href":"https:\/\/cleverkids.ee\/et\/wp-json\/wp\/v2\/product\/73893","targetHints":{"allow":["GET"]}}],"collection":[{"href":"https:\/\/cleverkids.ee\/et\/wp-json\/wp\/v2\/product"}],"about":[{"href":"https:\/\/cleverkids.ee\/et\/wp-json\/wp\/v2\/types\/product"}],"wp:featuredmedia":[{"embeddable":true,"href":"https:\/\/cleverkids.ee\/et\/wp-json\/wp\/v2\/media\/73892"}],"wp:attachment":[{"href":"https:\/\/cleverkids.ee\/et\/wp-json\/wp\/v2\/media?parent=73893"}],"wp:term":[{"taxonomy":"product_brand","embeddable":true,"href":"https:\/\/cleverkids.ee\/et\/wp-json\/wp\/v2\/product_brand?post=73893"},{"taxonomy":"product_cat","embeddable":true,"href":"https:\/\/cleverkids.ee\/et\/wp-json\/wp\/v2\/product_cat?post=73893"},{"taxonomy":"product_tag","embeddable":true,"href":"https:\/\/cleverkids.ee\/et\/wp-json\/wp\/v2\/product_tag?post=73893"}],"curies":[{"name":"wp","href":"https:\/\/api.w.org\/{rel}","templated":true}]}}