{"id":74008,"date":"2024-10-22T22:33:08","date_gmt":"2024-10-22T19:33:08","guid":{"rendered":"https:\/\/cleverkids.ee\/\u041f\u0440\u043e\u0434\u0443\u043a\u0442\/igra-na-lipuchkah-mamy-i-malyshi\/"},"modified":"2024-10-22T22:36:25","modified_gmt":"2024-10-22T19:36:25","slug":"mang-takjakinnitusel-ema-ja-beebi","status":"publish","type":"product","link":"https:\/\/cleverkids.ee\/et\/product\/mang-takjakinnitusel-ema-ja-beebi\/","title":{"rendered":"M\u00e4ng takjakinnitusel &#8220;Ema ja beebi&#8221;"},"content":{"rendered":"<p>Takjakinnitustega m\u00e4ng &#8220;Ema ja beebi&#8221; on m\u00e4nguasi, millega saab m\u00e4ngida mitte ainult kodus, vaid v\u00f5tta kaasa ka jalutusk\u00e4igule v\u00f5i lasteaeda!<\/p>\n<p>Komplekt sisaldab: 1 alus ja 9 takjakinnitust, suurus 21&#215;30 cm.<\/p>\n","protected":false},"excerpt":{"rendered":"<p>Takjakinnitustega m\u00e4ng &#8220;Ema ja beebi&#8221; on m\u00e4nguasi, millega saab m\u00e4ngida mitte ainult kodus, vaid v\u00f5tta kaasa ka jalutusk\u00e4igule v\u00f5i lasteaeda! Komplekt sisaldab: 1 alus ja 9 takjakinnitust, suurus 21&#215;30 cm.<\/p>\n","protected":false},"featured_media":74007,"template":"","meta":{"_monsterinsights_skip_tracking":false,"_monsterinsights_sitenote_active":false,"_monsterinsights_sitenote_note":"","_monsterinsights_sitenote_category":0},"product_brand":[],"product_cat":[53,58],"product_tag":[],"class_list":{"0":"post-74008","1":"product","2":"type-product","3":"status-publish","4":"has-post-thumbnail","6":"product_cat-kleebised","7":"product_cat-unkategorized","8":"pa_vozrast-ot-polutora-do-treh-let-et","10":"first","11":"instock","12":"shipping-taxable","13":"purchasable","14":"product-type-simple"},"yoast_head":"<!-- This site is optimized with the Yoast SEO plugin v25.0 - https:\/\/yoast.com\/wordpress\/plugins\/seo\/ -->\n<title>M\u00e4ng takjakinnitusel &quot;Ema ja beebi&quot; -<\/title>\n<meta name=\"description\" content=\"M\u00e4ng takjakinnitusel &quot;Ema ja beebi&quot; - CLEVER KIDS\" \/>\n<meta name=\"robots\" content=\"index, follow, max-snippet:-1, max-image-preview:large, max-video-preview:-1\" \/>\n<link rel=\"canonical\" href=\"https:\/\/cleverkids.ee\/et\/product\/mang-takjakinnitusel-ema-ja-beebi\/\" \/>\n<meta property=\"og:locale\" content=\"et_EE\" \/>\n<meta property=\"og:type\" content=\"article\" \/>\n<meta property=\"og:title\" content=\"M\u00e4ng takjakinnitusel &quot;Ema ja beebi&quot; -\" \/>\n<meta property=\"og:description\" content=\"M\u00e4ng takjakinnitusel &quot;Ema ja beebi&quot; - CLEVER KIDS\" \/>\n<meta property=\"og:url\" content=\"https:\/\/cleverkids.ee\/et\/product\/mang-takjakinnitusel-ema-ja-beebi\/\" \/>\n<meta property=\"og:site_name\" content=\"CLEVER KIDS\" \/>\n<meta property=\"article:publisher\" content=\"https:\/\/www.facebook.com\/cleverkids.ee\/\" \/>\n<meta property=\"article:modified_time\" content=\"2024-10-22T19:36:25+00:00\" \/>\n<meta property=\"og:image\" content=\"https:\/\/cleverkids.ee\/wp-content\/uploads\/2024\/10\/1600-26-2.jpg\" \/>\n\t<meta property=\"og:image:width\" content=\"1600\" \/>\n\t<meta property=\"og:image:height\" content=\"1600\" \/>\n\t<meta property=\"og:image:type\" content=\"image\/jpeg\" \/>\n<meta name=\"twitter:card\" content=\"summary_large_image\" \/>\n<meta name=\"twitter:label1\" content=\"Est. reading time\" \/>\n\t<meta name=\"twitter:data1\" content=\"1 minut\" \/>\n<script type=\"application\/ld+json\" class=\"yoast-schema-graph\">{\"@context\":\"https:\/\/schema.org\",\"@graph\":[{\"@type\":\"WebPage\",\"@id\":\"https:\/\/cleverkids.ee\/et\/product\/mang-takjakinnitusel-ema-ja-beebi\/\",\"url\":\"https:\/\/cleverkids.ee\/et\/product\/mang-takjakinnitusel-ema-ja-beebi\/\",\"name\":\"M\u00e4ng takjakinnitusel \\\"Ema ja beebi\\\" -\",\"isPartOf\":{\"@id\":\"https:\/\/cleverkids.ee\/et\/#website\"},\"primaryImageOfPage\":{\"@id\":\"https:\/\/cleverkids.ee\/et\/product\/mang-takjakinnitusel-ema-ja-beebi\/#primaryimage\"},\"image\":{\"@id\":\"https:\/\/cleverkids.ee\/et\/product\/mang-takjakinnitusel-ema-ja-beebi\/#primaryimage\"},\"thumbnailUrl\":\"https:\/\/cleverkids.ee\/wp-content\/uploads\/2024\/10\/1600-26-2.jpg\",\"datePublished\":\"2024-10-22T19:33:08+00:00\",\"dateModified\":\"2024-10-22T19:36:25+00:00\",\"description\":\"M\u00e4ng takjakinnitusel \\\"Ema ja beebi\\\" - CLEVER KIDS\",\"breadcrumb\":{\"@id\":\"https:\/\/cleverkids.ee\/et\/product\/mang-takjakinnitusel-ema-ja-beebi\/#breadcrumb\"},\"inLanguage\":\"et\",\"potentialAction\":[{\"@type\":\"ReadAction\",\"target\":[\"https:\/\/cleverkids.ee\/et\/product\/mang-takjakinnitusel-ema-ja-beebi\/\"]}]},{\"@type\":\"ImageObject\",\"inLanguage\":\"et\",\"@id\":\"https:\/\/cleverkids.ee\/et\/product\/mang-takjakinnitusel-ema-ja-beebi\/#primaryimage\",\"url\":\"https:\/\/cleverkids.ee\/wp-content\/uploads\/2024\/10\/1600-26-2.jpg\",\"contentUrl\":\"https:\/\/cleverkids.ee\/wp-content\/uploads\/2024\/10\/1600-26-2.jpg\",\"width\":1600,\"height\":1600,\"caption\":\"\u0418\u0433\u0440\u0430 \u043d\u0430 \u043b\u0438\u043f\u0443\u0447\u043a\u0430\u0445 \u00ab\u041c\u0430\u043c\u044b \u0438 \u043c\u0430\u043b\u044b\u0448\u0438\u00bb\"},{\"@type\":\"BreadcrumbList\",\"@id\":\"https:\/\/cleverkids.ee\/et\/product\/mang-takjakinnitusel-ema-ja-beebi\/#breadcrumb\",\"itemListElement\":[{\"@type\":\"ListItem\",\"position\":1,\"name\":\"Esileht\",\"item\":\"https:\/\/cleverkids.ee\/et\/\"},{\"@type\":\"ListItem\",\"position\":2,\"name\":\"Tooted\",\"item\":\"https:\/\/cleverkids.ee\/store\/\"},{\"@type\":\"ListItem\",\"position\":3,\"name\":\"M\u00e4ng takjakinnitusel &#171;Ema ja beebi&#187;\"}]},{\"@type\":\"WebSite\",\"@id\":\"https:\/\/cleverkids.ee\/et\/#website\",\"url\":\"https:\/\/cleverkids.ee\/et\/\",\"name\":\"CLEVER KIDS\",\"description\":\"\",\"publisher\":{\"@id\":\"https:\/\/cleverkids.ee\/et\/#organization\"},\"potentialAction\":[{\"@type\":\"SearchAction\",\"target\":{\"@type\":\"EntryPoint\",\"urlTemplate\":\"https:\/\/cleverkids.ee\/et\/?s={search_term_string}\"},\"query-input\":{\"@type\":\"PropertyValueSpecification\",\"valueRequired\":true,\"valueName\":\"search_term_string\"}}],\"inLanguage\":\"et\"},{\"@type\":\"Organization\",\"@id\":\"https:\/\/cleverkids.ee\/et\/#organization\",\"name\":\"CLEVER KIDS\",\"url\":\"https:\/\/cleverkids.ee\/et\/\",\"logo\":{\"@type\":\"ImageObject\",\"inLanguage\":\"et\",\"@id\":\"https:\/\/cleverkids.ee\/et\/#\/schema\/logo\/image\/\",\"url\":\"https:\/\/cleverkids.ee\/wp-content\/uploads\/2024\/02\/image0-1024x1024.png\",\"contentUrl\":\"https:\/\/cleverkids.ee\/wp-content\/uploads\/2024\/02\/image0-1024x1024.png\",\"width\":1024,\"height\":1024,\"caption\":\"CLEVER KIDS\"},\"image\":{\"@id\":\"https:\/\/cleverkids.ee\/et\/#\/schema\/logo\/image\/\"},\"sameAs\":[\"https:\/\/www.facebook.com\/cleverkids.ee\/\",\"https:\/\/www.instagram.com\/cleverkids_ee\/\"]}]}<\/script>\n<!-- \/ Yoast SEO plugin. -->","yoast_head_json":{"title":"M\u00e4ng takjakinnitusel \"Ema ja beebi\" -","description":"M\u00e4ng takjakinnitusel \"Ema ja beebi\" - CLEVER KIDS","robots":{"index":"index","follow":"follow","max-snippet":"max-snippet:-1","max-image-preview":"max-image-preview:large","max-video-preview":"max-video-preview:-1"},"canonical":"https:\/\/cleverkids.ee\/et\/product\/mang-takjakinnitusel-ema-ja-beebi\/","og_locale":"et_EE","og_type":"article","og_title":"M\u00e4ng takjakinnitusel \"Ema ja beebi\" -","og_description":"M\u00e4ng takjakinnitusel \"Ema ja beebi\" - CLEVER KIDS","og_url":"https:\/\/cleverkids.ee\/et\/product\/mang-takjakinnitusel-ema-ja-beebi\/","og_site_name":"CLEVER KIDS","article_publisher":"https:\/\/www.facebook.com\/cleverkids.ee\/","article_modified_time":"2024-10-22T19:36:25+00:00","og_image":[{"width":1600,"height":1600,"url":"https:\/\/cleverkids.ee\/wp-content\/uploads\/2024\/10\/1600-26-2.jpg","type":"image\/jpeg"}],"twitter_card":"summary_large_image","twitter_misc":{"Est. reading time":"1 minut"},"schema":{"@context":"https:\/\/schema.org","@graph":[{"@type":"WebPage","@id":"https:\/\/cleverkids.ee\/et\/product\/mang-takjakinnitusel-ema-ja-beebi\/","url":"https:\/\/cleverkids.ee\/et\/product\/mang-takjakinnitusel-ema-ja-beebi\/","name":"M\u00e4ng takjakinnitusel \"Ema ja beebi\" -","isPartOf":{"@id":"https:\/\/cleverkids.ee\/et\/#website"},"primaryImageOfPage":{"@id":"https:\/\/cleverkids.ee\/et\/product\/mang-takjakinnitusel-ema-ja-beebi\/#primaryimage"},"image":{"@id":"https:\/\/cleverkids.ee\/et\/product\/mang-takjakinnitusel-ema-ja-beebi\/#primaryimage"},"thumbnailUrl":"https:\/\/cleverkids.ee\/wp-content\/uploads\/2024\/10\/1600-26-2.jpg","datePublished":"2024-10-22T19:33:08+00:00","dateModified":"2024-10-22T19:36:25+00:00","description":"M\u00e4ng takjakinnitusel \"Ema ja beebi\" - CLEVER KIDS","breadcrumb":{"@id":"https:\/\/cleverkids.ee\/et\/product\/mang-takjakinnitusel-ema-ja-beebi\/#breadcrumb"},"inLanguage":"et","potentialAction":[{"@type":"ReadAction","target":["https:\/\/cleverkids.ee\/et\/product\/mang-takjakinnitusel-ema-ja-beebi\/"]}]},{"@type":"ImageObject","inLanguage":"et","@id":"https:\/\/cleverkids.ee\/et\/product\/mang-takjakinnitusel-ema-ja-beebi\/#primaryimage","url":"https:\/\/cleverkids.ee\/wp-content\/uploads\/2024\/10\/1600-26-2.jpg","contentUrl":"https:\/\/cleverkids.ee\/wp-content\/uploads\/2024\/10\/1600-26-2.jpg","width":1600,"height":1600,"caption":"\u0418\u0433\u0440\u0430 \u043d\u0430 \u043b\u0438\u043f\u0443\u0447\u043a\u0430\u0445 \u00ab\u041c\u0430\u043c\u044b \u0438 \u043c\u0430\u043b\u044b\u0448\u0438\u00bb"},{"@type":"BreadcrumbList","@id":"https:\/\/cleverkids.ee\/et\/product\/mang-takjakinnitusel-ema-ja-beebi\/#breadcrumb","itemListElement":[{"@type":"ListItem","position":1,"name":"Esileht","item":"https:\/\/cleverkids.ee\/et\/"},{"@type":"ListItem","position":2,"name":"Tooted","item":"https:\/\/cleverkids.ee\/store\/"},{"@type":"ListItem","position":3,"name":"M\u00e4ng takjakinnitusel &#171;Ema ja beebi&#187;"}]},{"@type":"WebSite","@id":"https:\/\/cleverkids.ee\/et\/#website","url":"https:\/\/cleverkids.ee\/et\/","name":"CLEVER KIDS","description":"","publisher":{"@id":"https:\/\/cleverkids.ee\/et\/#organization"},"potentialAction":[{"@type":"SearchAction","target":{"@type":"EntryPoint","urlTemplate":"https:\/\/cleverkids.ee\/et\/?s={search_term_string}"},"query-input":{"@type":"PropertyValueSpecification","valueRequired":true,"valueName":"search_term_string"}}],"inLanguage":"et"},{"@type":"Organization","@id":"https:\/\/cleverkids.ee\/et\/#organization","name":"CLEVER KIDS","url":"https:\/\/cleverkids.ee\/et\/","logo":{"@type":"ImageObject","inLanguage":"et","@id":"https:\/\/cleverkids.ee\/et\/#\/schema\/logo\/image\/","url":"https:\/\/cleverkids.ee\/wp-content\/uploads\/2024\/02\/image0-1024x1024.png","contentUrl":"https:\/\/cleverkids.ee\/wp-content\/uploads\/2024\/02\/image0-1024x1024.png","width":1024,"height":1024,"caption":"CLEVER KIDS"},"image":{"@id":"https:\/\/cleverkids.ee\/et\/#\/schema\/logo\/image\/"},"sameAs":["https:\/\/www.facebook.com\/cleverkids.ee\/","https:\/\/www.instagram.com\/cleverkids_ee\/"]}]}},"_links":{"self":[{"href":"https:\/\/cleverkids.ee\/et\/wp-json\/wp\/v2\/product\/74008","targetHints":{"allow":["GET"]}}],"collection":[{"href":"https:\/\/cleverkids.ee\/et\/wp-json\/wp\/v2\/product"}],"about":[{"href":"https:\/\/cleverkids.ee\/et\/wp-json\/wp\/v2\/types\/product"}],"wp:featuredmedia":[{"embeddable":true,"href":"https:\/\/cleverkids.ee\/et\/wp-json\/wp\/v2\/media\/74007"}],"wp:attachment":[{"href":"https:\/\/cleverkids.ee\/et\/wp-json\/wp\/v2\/media?parent=74008"}],"wp:term":[{"taxonomy":"product_brand","embeddable":true,"href":"https:\/\/cleverkids.ee\/et\/wp-json\/wp\/v2\/product_brand?post=74008"},{"taxonomy":"product_cat","embeddable":true,"href":"https:\/\/cleverkids.ee\/et\/wp-json\/wp\/v2\/product_cat?post=74008"},{"taxonomy":"product_tag","embeddable":true,"href":"https:\/\/cleverkids.ee\/et\/wp-json\/wp\/v2\/product_tag?post=74008"}],"curies":[{"name":"wp","href":"https:\/\/api.w.org\/{rel}","templated":true}]}}