{"id":74062,"date":"2024-10-24T11:24:03","date_gmt":"2024-10-24T08:24:03","guid":{"rendered":"https:\/\/cleverkids.ee\/\u041f\u0440\u043e\u0434\u0443\u043a\u0442\/applikatsii-volshebnye-snezhinki\/"},"modified":"2024-10-24T11:27:57","modified_gmt":"2024-10-24T08:27:57","slug":"applikatsioonid-voluvad-lumehelbed","status":"publish","type":"product","link":"https:\/\/cleverkids.ee\/et\/product\/applikatsioonid-voluvad-lumehelbed\/","title":{"rendered":"Applikatsioonid &#8220;V\u00f5luvad lumehelbed&#8221;"},"content":{"rendered":"<p>Raamatus &#8220;V\u00f5luvad lumehelbed&#8221; on kokku kogutud ideed j\u00f5uluehete \u0161abloonide jaoks. Teil tuleb vaid j\u00e4rgida juhiseid, kanda mustrid paberile ja seej\u00e4rel l\u00f5igata need m\u00f6\u00f6da kontuuri v\u00e4lja. Kaunistage oma kodu, kontor, lasteaia r\u00fchm v\u00f5i kooliklass kaunite lumehelvestega, mille teete ise!<\/p>\n","protected":false},"excerpt":{"rendered":"<p>Raamatus &#8220;V\u00f5luvad lumehelbed&#8221; on kokku kogutud ideed j\u00f5uluehete \u0161abloonide jaoks. Teil tuleb vaid j\u00e4rgida juhiseid, kanda mustrid paberile ja seej\u00e4rel l\u00f5igata need m\u00f6\u00f6da kontuuri v\u00e4lja. Kaunistage oma kodu, kontor, lasteaia r\u00fchm v\u00f5i kooliklass kaunite lumehelvestega, mille teete ise!<\/p>\n","protected":false},"featured_media":74061,"template":"","meta":{"_monsterinsights_skip_tracking":false,"_monsterinsights_sitenote_active":false,"_monsterinsights_sitenote_note":"","_monsterinsights_sitenote_category":0},"product_brand":[],"product_cat":[57,58],"product_tag":[],"class_list":{"0":"post-74062","1":"product","2":"type-product","3":"status-publish","4":"has-post-thumbnail","6":"product_cat-allahindlused","7":"product_cat-unkategorized","8":"pa_vozrast-ot-3-do-5-let-et","9":"pa_vozrast-ot-5-let-et","11":"first","12":"instock","13":"sale","14":"shipping-taxable","15":"purchasable","16":"product-type-simple"},"yoast_head":"<!-- This site is optimized with the Yoast SEO plugin v25.0 - https:\/\/yoast.com\/wordpress\/plugins\/seo\/ -->\n<title>Applikatsioonid &quot;V\u00f5luvad lumehelbed&quot; -<\/title>\n<meta name=\"description\" content=\"Applikatsioonid &quot;V\u00f5luvad lumehelbed&quot; - CLEVER KIDS\" \/>\n<meta name=\"robots\" content=\"index, follow, max-snippet:-1, max-image-preview:large, max-video-preview:-1\" \/>\n<link rel=\"canonical\" href=\"https:\/\/cleverkids.ee\/et\/product\/applikatsioonid-voluvad-lumehelbed\/\" \/>\n<meta property=\"og:locale\" content=\"et_EE\" \/>\n<meta property=\"og:type\" content=\"article\" \/>\n<meta property=\"og:title\" content=\"Applikatsioonid &quot;V\u00f5luvad lumehelbed&quot; -\" \/>\n<meta property=\"og:description\" content=\"Applikatsioonid &quot;V\u00f5luvad lumehelbed&quot; - CLEVER KIDS\" \/>\n<meta property=\"og:url\" content=\"https:\/\/cleverkids.ee\/et\/product\/applikatsioonid-voluvad-lumehelbed\/\" \/>\n<meta property=\"og:site_name\" content=\"CLEVER KIDS\" \/>\n<meta property=\"article:publisher\" content=\"https:\/\/www.facebook.com\/cleverkids.ee\/\" \/>\n<meta property=\"article:modified_time\" content=\"2024-10-24T08:27:57+00:00\" \/>\n<meta property=\"og:image\" content=\"https:\/\/cleverkids.ee\/wp-content\/uploads\/2024\/10\/1600-26-3.jpg\" \/>\n\t<meta property=\"og:image:width\" content=\"1600\" \/>\n\t<meta property=\"og:image:height\" content=\"1600\" \/>\n\t<meta property=\"og:image:type\" content=\"image\/jpeg\" \/>\n<meta name=\"twitter:card\" content=\"summary_large_image\" \/>\n<meta name=\"twitter:label1\" content=\"Est. reading time\" \/>\n\t<meta name=\"twitter:data1\" content=\"1 minut\" \/>\n<script type=\"application\/ld+json\" class=\"yoast-schema-graph\">{\"@context\":\"https:\/\/schema.org\",\"@graph\":[{\"@type\":\"WebPage\",\"@id\":\"https:\/\/cleverkids.ee\/et\/product\/applikatsioonid-voluvad-lumehelbed\/\",\"url\":\"https:\/\/cleverkids.ee\/et\/product\/applikatsioonid-voluvad-lumehelbed\/\",\"name\":\"Applikatsioonid \\\"V\u00f5luvad lumehelbed\\\" -\",\"isPartOf\":{\"@id\":\"https:\/\/cleverkids.ee\/et\/#website\"},\"primaryImageOfPage\":{\"@id\":\"https:\/\/cleverkids.ee\/et\/product\/applikatsioonid-voluvad-lumehelbed\/#primaryimage\"},\"image\":{\"@id\":\"https:\/\/cleverkids.ee\/et\/product\/applikatsioonid-voluvad-lumehelbed\/#primaryimage\"},\"thumbnailUrl\":\"https:\/\/cleverkids.ee\/wp-content\/uploads\/2024\/10\/1600-26-3.jpg\",\"datePublished\":\"2024-10-24T08:24:03+00:00\",\"dateModified\":\"2024-10-24T08:27:57+00:00\",\"description\":\"Applikatsioonid \\\"V\u00f5luvad lumehelbed\\\" - CLEVER KIDS\",\"breadcrumb\":{\"@id\":\"https:\/\/cleverkids.ee\/et\/product\/applikatsioonid-voluvad-lumehelbed\/#breadcrumb\"},\"inLanguage\":\"et\",\"potentialAction\":[{\"@type\":\"ReadAction\",\"target\":[\"https:\/\/cleverkids.ee\/et\/product\/applikatsioonid-voluvad-lumehelbed\/\"]}]},{\"@type\":\"ImageObject\",\"inLanguage\":\"et\",\"@id\":\"https:\/\/cleverkids.ee\/et\/product\/applikatsioonid-voluvad-lumehelbed\/#primaryimage\",\"url\":\"https:\/\/cleverkids.ee\/wp-content\/uploads\/2024\/10\/1600-26-3.jpg\",\"contentUrl\":\"https:\/\/cleverkids.ee\/wp-content\/uploads\/2024\/10\/1600-26-3.jpg\",\"width\":1600,\"height\":1600,\"caption\":\"\u0410\u043f\u043f\u043b\u0438\u043a\u0430\u0446\u0438\u0438 \u00ab\u0412\u043e\u043b\u0448\u0435\u0431\u043d\u044b\u0435 \u0441\u043d\u0435\u0436\u0438\u043d\u043a\u0438\u00bb\"},{\"@type\":\"BreadcrumbList\",\"@id\":\"https:\/\/cleverkids.ee\/et\/product\/applikatsioonid-voluvad-lumehelbed\/#breadcrumb\",\"itemListElement\":[{\"@type\":\"ListItem\",\"position\":1,\"name\":\"Esileht\",\"item\":\"https:\/\/cleverkids.ee\/et\/\"},{\"@type\":\"ListItem\",\"position\":2,\"name\":\"Tooted\",\"item\":\"https:\/\/cleverkids.ee\/store\/\"},{\"@type\":\"ListItem\",\"position\":3,\"name\":\"Applikatsioonid &#171;V\u00f5luvad lumehelbed&#187;\"}]},{\"@type\":\"WebSite\",\"@id\":\"https:\/\/cleverkids.ee\/et\/#website\",\"url\":\"https:\/\/cleverkids.ee\/et\/\",\"name\":\"CLEVER KIDS\",\"description\":\"\",\"publisher\":{\"@id\":\"https:\/\/cleverkids.ee\/et\/#organization\"},\"potentialAction\":[{\"@type\":\"SearchAction\",\"target\":{\"@type\":\"EntryPoint\",\"urlTemplate\":\"https:\/\/cleverkids.ee\/et\/?s={search_term_string}\"},\"query-input\":{\"@type\":\"PropertyValueSpecification\",\"valueRequired\":true,\"valueName\":\"search_term_string\"}}],\"inLanguage\":\"et\"},{\"@type\":\"Organization\",\"@id\":\"https:\/\/cleverkids.ee\/et\/#organization\",\"name\":\"CLEVER KIDS\",\"url\":\"https:\/\/cleverkids.ee\/et\/\",\"logo\":{\"@type\":\"ImageObject\",\"inLanguage\":\"et\",\"@id\":\"https:\/\/cleverkids.ee\/et\/#\/schema\/logo\/image\/\",\"url\":\"https:\/\/cleverkids.ee\/wp-content\/uploads\/2024\/02\/image0-1024x1024.png\",\"contentUrl\":\"https:\/\/cleverkids.ee\/wp-content\/uploads\/2024\/02\/image0-1024x1024.png\",\"width\":1024,\"height\":1024,\"caption\":\"CLEVER KIDS\"},\"image\":{\"@id\":\"https:\/\/cleverkids.ee\/et\/#\/schema\/logo\/image\/\"},\"sameAs\":[\"https:\/\/www.facebook.com\/cleverkids.ee\/\",\"https:\/\/www.instagram.com\/cleverkids_ee\/\"]}]}<\/script>\n<!-- \/ Yoast SEO plugin. -->","yoast_head_json":{"title":"Applikatsioonid \"V\u00f5luvad lumehelbed\" -","description":"Applikatsioonid \"V\u00f5luvad lumehelbed\" - CLEVER KIDS","robots":{"index":"index","follow":"follow","max-snippet":"max-snippet:-1","max-image-preview":"max-image-preview:large","max-video-preview":"max-video-preview:-1"},"canonical":"https:\/\/cleverkids.ee\/et\/product\/applikatsioonid-voluvad-lumehelbed\/","og_locale":"et_EE","og_type":"article","og_title":"Applikatsioonid \"V\u00f5luvad lumehelbed\" -","og_description":"Applikatsioonid \"V\u00f5luvad lumehelbed\" - CLEVER KIDS","og_url":"https:\/\/cleverkids.ee\/et\/product\/applikatsioonid-voluvad-lumehelbed\/","og_site_name":"CLEVER KIDS","article_publisher":"https:\/\/www.facebook.com\/cleverkids.ee\/","article_modified_time":"2024-10-24T08:27:57+00:00","og_image":[{"width":1600,"height":1600,"url":"https:\/\/cleverkids.ee\/wp-content\/uploads\/2024\/10\/1600-26-3.jpg","type":"image\/jpeg"}],"twitter_card":"summary_large_image","twitter_misc":{"Est. reading time":"1 minut"},"schema":{"@context":"https:\/\/schema.org","@graph":[{"@type":"WebPage","@id":"https:\/\/cleverkids.ee\/et\/product\/applikatsioonid-voluvad-lumehelbed\/","url":"https:\/\/cleverkids.ee\/et\/product\/applikatsioonid-voluvad-lumehelbed\/","name":"Applikatsioonid \"V\u00f5luvad lumehelbed\" -","isPartOf":{"@id":"https:\/\/cleverkids.ee\/et\/#website"},"primaryImageOfPage":{"@id":"https:\/\/cleverkids.ee\/et\/product\/applikatsioonid-voluvad-lumehelbed\/#primaryimage"},"image":{"@id":"https:\/\/cleverkids.ee\/et\/product\/applikatsioonid-voluvad-lumehelbed\/#primaryimage"},"thumbnailUrl":"https:\/\/cleverkids.ee\/wp-content\/uploads\/2024\/10\/1600-26-3.jpg","datePublished":"2024-10-24T08:24:03+00:00","dateModified":"2024-10-24T08:27:57+00:00","description":"Applikatsioonid \"V\u00f5luvad lumehelbed\" - CLEVER KIDS","breadcrumb":{"@id":"https:\/\/cleverkids.ee\/et\/product\/applikatsioonid-voluvad-lumehelbed\/#breadcrumb"},"inLanguage":"et","potentialAction":[{"@type":"ReadAction","target":["https:\/\/cleverkids.ee\/et\/product\/applikatsioonid-voluvad-lumehelbed\/"]}]},{"@type":"ImageObject","inLanguage":"et","@id":"https:\/\/cleverkids.ee\/et\/product\/applikatsioonid-voluvad-lumehelbed\/#primaryimage","url":"https:\/\/cleverkids.ee\/wp-content\/uploads\/2024\/10\/1600-26-3.jpg","contentUrl":"https:\/\/cleverkids.ee\/wp-content\/uploads\/2024\/10\/1600-26-3.jpg","width":1600,"height":1600,"caption":"\u0410\u043f\u043f\u043b\u0438\u043a\u0430\u0446\u0438\u0438 \u00ab\u0412\u043e\u043b\u0448\u0435\u0431\u043d\u044b\u0435 \u0441\u043d\u0435\u0436\u0438\u043d\u043a\u0438\u00bb"},{"@type":"BreadcrumbList","@id":"https:\/\/cleverkids.ee\/et\/product\/applikatsioonid-voluvad-lumehelbed\/#breadcrumb","itemListElement":[{"@type":"ListItem","position":1,"name":"Esileht","item":"https:\/\/cleverkids.ee\/et\/"},{"@type":"ListItem","position":2,"name":"Tooted","item":"https:\/\/cleverkids.ee\/store\/"},{"@type":"ListItem","position":3,"name":"Applikatsioonid &#171;V\u00f5luvad lumehelbed&#187;"}]},{"@type":"WebSite","@id":"https:\/\/cleverkids.ee\/et\/#website","url":"https:\/\/cleverkids.ee\/et\/","name":"CLEVER KIDS","description":"","publisher":{"@id":"https:\/\/cleverkids.ee\/et\/#organization"},"potentialAction":[{"@type":"SearchAction","target":{"@type":"EntryPoint","urlTemplate":"https:\/\/cleverkids.ee\/et\/?s={search_term_string}"},"query-input":{"@type":"PropertyValueSpecification","valueRequired":true,"valueName":"search_term_string"}}],"inLanguage":"et"},{"@type":"Organization","@id":"https:\/\/cleverkids.ee\/et\/#organization","name":"CLEVER KIDS","url":"https:\/\/cleverkids.ee\/et\/","logo":{"@type":"ImageObject","inLanguage":"et","@id":"https:\/\/cleverkids.ee\/et\/#\/schema\/logo\/image\/","url":"https:\/\/cleverkids.ee\/wp-content\/uploads\/2024\/02\/image0-1024x1024.png","contentUrl":"https:\/\/cleverkids.ee\/wp-content\/uploads\/2024\/02\/image0-1024x1024.png","width":1024,"height":1024,"caption":"CLEVER KIDS"},"image":{"@id":"https:\/\/cleverkids.ee\/et\/#\/schema\/logo\/image\/"},"sameAs":["https:\/\/www.facebook.com\/cleverkids.ee\/","https:\/\/www.instagram.com\/cleverkids_ee\/"]}]}},"_links":{"self":[{"href":"https:\/\/cleverkids.ee\/et\/wp-json\/wp\/v2\/product\/74062","targetHints":{"allow":["GET"]}}],"collection":[{"href":"https:\/\/cleverkids.ee\/et\/wp-json\/wp\/v2\/product"}],"about":[{"href":"https:\/\/cleverkids.ee\/et\/wp-json\/wp\/v2\/types\/product"}],"wp:featuredmedia":[{"embeddable":true,"href":"https:\/\/cleverkids.ee\/et\/wp-json\/wp\/v2\/media\/74061"}],"wp:attachment":[{"href":"https:\/\/cleverkids.ee\/et\/wp-json\/wp\/v2\/media?parent=74062"}],"wp:term":[{"taxonomy":"product_brand","embeddable":true,"href":"https:\/\/cleverkids.ee\/et\/wp-json\/wp\/v2\/product_brand?post=74062"},{"taxonomy":"product_cat","embeddable":true,"href":"https:\/\/cleverkids.ee\/et\/wp-json\/wp\/v2\/product_cat?post=74062"},{"taxonomy":"product_tag","embeddable":true,"href":"https:\/\/cleverkids.ee\/et\/wp-json\/wp\/v2\/product_tag?post=74062"}],"curies":[{"name":"wp","href":"https:\/\/api.w.org\/{rel}","templated":true}]}}