{"id":74084,"date":"2025-10-28T06:03:04","date_gmt":"2025-10-28T04:03:04","guid":{"rendered":"https:\/\/cleverkids.ee\/\u041f\u0440\u043e\u0434\u0443\u043a\u0442\/pazl-bolshoj-vesyolyj-novyj-god-60-elementov\/"},"modified":"2025-10-28T06:03:04","modified_gmt":"2025-10-28T04:03:04","slug":"suur-pusle-lobus-jouluaeg-60-tukki","status":"publish","type":"product","link":"https:\/\/cleverkids.ee\/et\/product\/suur-pusle-lobus-jouluaeg-60-tukki\/","title":{"rendered":"Suur pusle &#8220;L\u00f5bus J\u00f5uluaeg&#8221;, 60 t\u00fckki"},"content":{"rendered":"","protected":false},"excerpt":{"rendered":"","protected":false},"featured_media":66566,"template":"","meta":{"_monsterinsights_skip_tracking":false,"_monsterinsights_sitenote_active":false,"_monsterinsights_sitenote_note":"","_monsterinsights_sitenote_category":0},"product_brand":[],"product_cat":[57,58],"product_tag":[],"class_list":{"0":"post-74084","1":"product","2":"type-product","3":"status-publish","4":"has-post-thumbnail","6":"product_cat-allahindlused","7":"product_cat-unkategorized","9":"first","10":"instock","11":"sale","12":"shipping-taxable","13":"purchasable","14":"product-type-simple"},"yoast_head":"<!-- This site is optimized with the Yoast SEO plugin v25.0 - https:\/\/yoast.com\/wordpress\/plugins\/seo\/ -->\n<title>Suur pusle &quot;L\u00f5bus J\u00f5uluaeg&quot;, 60 t\u00fckki -<\/title>\n<meta name=\"description\" content=\"Suur pusle &quot;L\u00f5bus J\u00f5uluaeg&quot;, 60 t\u00fckki - CLEVER KIDS\" \/>\n<meta name=\"robots\" content=\"index, follow, max-snippet:-1, max-image-preview:large, max-video-preview:-1\" \/>\n<link rel=\"canonical\" href=\"https:\/\/cleverkids.ee\/et\/product\/suur-pusle-lobus-jouluaeg-60-tukki\/\" \/>\n<meta property=\"og:locale\" content=\"et_EE\" \/>\n<meta property=\"og:type\" content=\"article\" \/>\n<meta property=\"og:title\" content=\"Suur pusle &quot;L\u00f5bus J\u00f5uluaeg&quot;, 60 t\u00fckki -\" \/>\n<meta property=\"og:description\" content=\"Suur pusle &quot;L\u00f5bus J\u00f5uluaeg&quot;, 60 t\u00fckki - CLEVER KIDS\" \/>\n<meta property=\"og:url\" content=\"https:\/\/cleverkids.ee\/et\/product\/suur-pusle-lobus-jouluaeg-60-tukki\/\" \/>\n<meta property=\"og:site_name\" content=\"CLEVER KIDS\" \/>\n<meta property=\"article:publisher\" content=\"https:\/\/www.facebook.com\/cleverkids.ee\/\" \/>\n<meta property=\"og:image\" content=\"https:\/\/cleverkids.ee\/wp-content\/uploads\/2024\/05\/H55558b2638084f2fa55baafd555bc3faR.jpg_720x720q50.jpg.webp\" \/>\n\t<meta property=\"og:image:width\" content=\"720\" \/>\n\t<meta property=\"og:image:height\" content=\"720\" \/>\n\t<meta property=\"og:image:type\" content=\"image\/webp\" \/>\n<meta name=\"twitter:card\" content=\"summary_large_image\" \/>\n<meta name=\"twitter:label1\" content=\"Est. reading time\" \/>\n\t<meta name=\"twitter:data1\" content=\"1 minut\" \/>\n<script type=\"application\/ld+json\" class=\"yoast-schema-graph\">{\"@context\":\"https:\/\/schema.org\",\"@graph\":[{\"@type\":\"WebPage\",\"@id\":\"https:\/\/cleverkids.ee\/et\/product\/suur-pusle-lobus-jouluaeg-60-tukki\/\",\"url\":\"https:\/\/cleverkids.ee\/et\/product\/suur-pusle-lobus-jouluaeg-60-tukki\/\",\"name\":\"Suur pusle \\\"L\u00f5bus J\u00f5uluaeg\\\", 60 t\u00fckki -\",\"isPartOf\":{\"@id\":\"https:\/\/cleverkids.ee\/et\/#website\"},\"primaryImageOfPage\":{\"@id\":\"https:\/\/cleverkids.ee\/et\/product\/suur-pusle-lobus-jouluaeg-60-tukki\/#primaryimage\"},\"image\":{\"@id\":\"https:\/\/cleverkids.ee\/et\/product\/suur-pusle-lobus-jouluaeg-60-tukki\/#primaryimage\"},\"thumbnailUrl\":\"https:\/\/cleverkids.ee\/wp-content\/uploads\/2024\/05\/H55558b2638084f2fa55baafd555bc3faR.jpg_720x720q50.jpg.webp\",\"datePublished\":\"2025-10-28T04:03:04+00:00\",\"description\":\"Suur pusle \\\"L\u00f5bus J\u00f5uluaeg\\\", 60 t\u00fckki - CLEVER KIDS\",\"breadcrumb\":{\"@id\":\"https:\/\/cleverkids.ee\/et\/product\/suur-pusle-lobus-jouluaeg-60-tukki\/#breadcrumb\"},\"inLanguage\":\"et\",\"potentialAction\":[{\"@type\":\"ReadAction\",\"target\":[\"https:\/\/cleverkids.ee\/et\/product\/suur-pusle-lobus-jouluaeg-60-tukki\/\"]}]},{\"@type\":\"ImageObject\",\"inLanguage\":\"et\",\"@id\":\"https:\/\/cleverkids.ee\/et\/product\/suur-pusle-lobus-jouluaeg-60-tukki\/#primaryimage\",\"url\":\"https:\/\/cleverkids.ee\/wp-content\/uploads\/2024\/05\/H55558b2638084f2fa55baafd555bc3faR.jpg_720x720q50.jpg.webp\",\"contentUrl\":\"https:\/\/cleverkids.ee\/wp-content\/uploads\/2024\/05\/H55558b2638084f2fa55baafd555bc3faR.jpg_720x720q50.jpg.webp\",\"width\":720,\"height\":720},{\"@type\":\"BreadcrumbList\",\"@id\":\"https:\/\/cleverkids.ee\/et\/product\/suur-pusle-lobus-jouluaeg-60-tukki\/#breadcrumb\",\"itemListElement\":[{\"@type\":\"ListItem\",\"position\":1,\"name\":\"Esileht\",\"item\":\"https:\/\/cleverkids.ee\/et\/\"},{\"@type\":\"ListItem\",\"position\":2,\"name\":\"Tooted\",\"item\":\"https:\/\/cleverkids.ee\/store\/\"},{\"@type\":\"ListItem\",\"position\":3,\"name\":\"Suur pusle &#171;L\u00f5bus J\u00f5uluaeg&#187;, 60 t\u00fckki\"}]},{\"@type\":\"WebSite\",\"@id\":\"https:\/\/cleverkids.ee\/et\/#website\",\"url\":\"https:\/\/cleverkids.ee\/et\/\",\"name\":\"CLEVER KIDS\",\"description\":\"\",\"publisher\":{\"@id\":\"https:\/\/cleverkids.ee\/et\/#organization\"},\"potentialAction\":[{\"@type\":\"SearchAction\",\"target\":{\"@type\":\"EntryPoint\",\"urlTemplate\":\"https:\/\/cleverkids.ee\/et\/?s={search_term_string}\"},\"query-input\":{\"@type\":\"PropertyValueSpecification\",\"valueRequired\":true,\"valueName\":\"search_term_string\"}}],\"inLanguage\":\"et\"},{\"@type\":\"Organization\",\"@id\":\"https:\/\/cleverkids.ee\/et\/#organization\",\"name\":\"CLEVER KIDS\",\"url\":\"https:\/\/cleverkids.ee\/et\/\",\"logo\":{\"@type\":\"ImageObject\",\"inLanguage\":\"et\",\"@id\":\"https:\/\/cleverkids.ee\/et\/#\/schema\/logo\/image\/\",\"url\":\"https:\/\/cleverkids.ee\/wp-content\/uploads\/2024\/02\/image0-1024x1024.png\",\"contentUrl\":\"https:\/\/cleverkids.ee\/wp-content\/uploads\/2024\/02\/image0-1024x1024.png\",\"width\":1024,\"height\":1024,\"caption\":\"CLEVER KIDS\"},\"image\":{\"@id\":\"https:\/\/cleverkids.ee\/et\/#\/schema\/logo\/image\/\"},\"sameAs\":[\"https:\/\/www.facebook.com\/cleverkids.ee\/\",\"https:\/\/www.instagram.com\/cleverkids_ee\/\"]}]}<\/script>\n<!-- \/ Yoast SEO plugin. -->","yoast_head_json":{"title":"Suur pusle \"L\u00f5bus J\u00f5uluaeg\", 60 t\u00fckki -","description":"Suur pusle \"L\u00f5bus J\u00f5uluaeg\", 60 t\u00fckki - CLEVER KIDS","robots":{"index":"index","follow":"follow","max-snippet":"max-snippet:-1","max-image-preview":"max-image-preview:large","max-video-preview":"max-video-preview:-1"},"canonical":"https:\/\/cleverkids.ee\/et\/product\/suur-pusle-lobus-jouluaeg-60-tukki\/","og_locale":"et_EE","og_type":"article","og_title":"Suur pusle \"L\u00f5bus J\u00f5uluaeg\", 60 t\u00fckki -","og_description":"Suur pusle \"L\u00f5bus J\u00f5uluaeg\", 60 t\u00fckki - CLEVER KIDS","og_url":"https:\/\/cleverkids.ee\/et\/product\/suur-pusle-lobus-jouluaeg-60-tukki\/","og_site_name":"CLEVER KIDS","article_publisher":"https:\/\/www.facebook.com\/cleverkids.ee\/","og_image":[{"width":720,"height":720,"url":"https:\/\/cleverkids.ee\/wp-content\/uploads\/2024\/05\/H55558b2638084f2fa55baafd555bc3faR.jpg_720x720q50.jpg.webp","type":"image\/webp"}],"twitter_card":"summary_large_image","twitter_misc":{"Est. reading time":"1 minut"},"schema":{"@context":"https:\/\/schema.org","@graph":[{"@type":"WebPage","@id":"https:\/\/cleverkids.ee\/et\/product\/suur-pusle-lobus-jouluaeg-60-tukki\/","url":"https:\/\/cleverkids.ee\/et\/product\/suur-pusle-lobus-jouluaeg-60-tukki\/","name":"Suur pusle \"L\u00f5bus J\u00f5uluaeg\", 60 t\u00fckki -","isPartOf":{"@id":"https:\/\/cleverkids.ee\/et\/#website"},"primaryImageOfPage":{"@id":"https:\/\/cleverkids.ee\/et\/product\/suur-pusle-lobus-jouluaeg-60-tukki\/#primaryimage"},"image":{"@id":"https:\/\/cleverkids.ee\/et\/product\/suur-pusle-lobus-jouluaeg-60-tukki\/#primaryimage"},"thumbnailUrl":"https:\/\/cleverkids.ee\/wp-content\/uploads\/2024\/05\/H55558b2638084f2fa55baafd555bc3faR.jpg_720x720q50.jpg.webp","datePublished":"2025-10-28T04:03:04+00:00","description":"Suur pusle \"L\u00f5bus J\u00f5uluaeg\", 60 t\u00fckki - CLEVER KIDS","breadcrumb":{"@id":"https:\/\/cleverkids.ee\/et\/product\/suur-pusle-lobus-jouluaeg-60-tukki\/#breadcrumb"},"inLanguage":"et","potentialAction":[{"@type":"ReadAction","target":["https:\/\/cleverkids.ee\/et\/product\/suur-pusle-lobus-jouluaeg-60-tukki\/"]}]},{"@type":"ImageObject","inLanguage":"et","@id":"https:\/\/cleverkids.ee\/et\/product\/suur-pusle-lobus-jouluaeg-60-tukki\/#primaryimage","url":"https:\/\/cleverkids.ee\/wp-content\/uploads\/2024\/05\/H55558b2638084f2fa55baafd555bc3faR.jpg_720x720q50.jpg.webp","contentUrl":"https:\/\/cleverkids.ee\/wp-content\/uploads\/2024\/05\/H55558b2638084f2fa55baafd555bc3faR.jpg_720x720q50.jpg.webp","width":720,"height":720},{"@type":"BreadcrumbList","@id":"https:\/\/cleverkids.ee\/et\/product\/suur-pusle-lobus-jouluaeg-60-tukki\/#breadcrumb","itemListElement":[{"@type":"ListItem","position":1,"name":"Esileht","item":"https:\/\/cleverkids.ee\/et\/"},{"@type":"ListItem","position":2,"name":"Tooted","item":"https:\/\/cleverkids.ee\/store\/"},{"@type":"ListItem","position":3,"name":"Suur pusle &#171;L\u00f5bus J\u00f5uluaeg&#187;, 60 t\u00fckki"}]},{"@type":"WebSite","@id":"https:\/\/cleverkids.ee\/et\/#website","url":"https:\/\/cleverkids.ee\/et\/","name":"CLEVER KIDS","description":"","publisher":{"@id":"https:\/\/cleverkids.ee\/et\/#organization"},"potentialAction":[{"@type":"SearchAction","target":{"@type":"EntryPoint","urlTemplate":"https:\/\/cleverkids.ee\/et\/?s={search_term_string}"},"query-input":{"@type":"PropertyValueSpecification","valueRequired":true,"valueName":"search_term_string"}}],"inLanguage":"et"},{"@type":"Organization","@id":"https:\/\/cleverkids.ee\/et\/#organization","name":"CLEVER KIDS","url":"https:\/\/cleverkids.ee\/et\/","logo":{"@type":"ImageObject","inLanguage":"et","@id":"https:\/\/cleverkids.ee\/et\/#\/schema\/logo\/image\/","url":"https:\/\/cleverkids.ee\/wp-content\/uploads\/2024\/02\/image0-1024x1024.png","contentUrl":"https:\/\/cleverkids.ee\/wp-content\/uploads\/2024\/02\/image0-1024x1024.png","width":1024,"height":1024,"caption":"CLEVER KIDS"},"image":{"@id":"https:\/\/cleverkids.ee\/et\/#\/schema\/logo\/image\/"},"sameAs":["https:\/\/www.facebook.com\/cleverkids.ee\/","https:\/\/www.instagram.com\/cleverkids_ee\/"]}]}},"_links":{"self":[{"href":"https:\/\/cleverkids.ee\/et\/wp-json\/wp\/v2\/product\/74084","targetHints":{"allow":["GET"]}}],"collection":[{"href":"https:\/\/cleverkids.ee\/et\/wp-json\/wp\/v2\/product"}],"about":[{"href":"https:\/\/cleverkids.ee\/et\/wp-json\/wp\/v2\/types\/product"}],"wp:featuredmedia":[{"embeddable":true,"href":"https:\/\/cleverkids.ee\/et\/wp-json\/wp\/v2\/media\/66566"}],"wp:attachment":[{"href":"https:\/\/cleverkids.ee\/et\/wp-json\/wp\/v2\/media?parent=74084"}],"wp:term":[{"taxonomy":"product_brand","embeddable":true,"href":"https:\/\/cleverkids.ee\/et\/wp-json\/wp\/v2\/product_brand?post=74084"},{"taxonomy":"product_cat","embeddable":true,"href":"https:\/\/cleverkids.ee\/et\/wp-json\/wp\/v2\/product_cat?post=74084"},{"taxonomy":"product_tag","embeddable":true,"href":"https:\/\/cleverkids.ee\/et\/wp-json\/wp\/v2\/product_tag?post=74084"}],"curies":[{"name":"wp","href":"https:\/\/api.w.org\/{rel}","templated":true}]}}