{"id":74090,"date":"2024-04-13T12:06:56","date_gmt":"2024-04-13T09:06:56","guid":{"rendered":"https:\/\/cleverkids.ee\/\u041f\u0440\u043e\u0434\u0443\u043a\u0442\/nabor-dlya-tvorchestva-applikatsiya-fetrom-ded-moroz\/"},"modified":"2024-10-24T12:21:20","modified_gmt":"2024-10-24T09:21:20","slug":"loomingukomplekt-viltaplikatsioon-jouluvana","status":"publish","type":"product","link":"https:\/\/cleverkids.ee\/et\/product\/loomingukomplekt-viltaplikatsioon-jouluvana\/","title":{"rendered":"Loomingukomplekt &#8220;Viltaplikatsioon&#8221;, J\u00f5uluvana"},"content":{"rendered":"<p>T\u00f6\u00f6etapid:<\/p>\n<ul>\n<li>Valmistage ette t\u00f6\u00f6riistad: k\u00e4\u00e4rid, tekstiililiim (ei kuulu komplekti).<\/li>\n<li>Pange niit plastikn\u00f5ela sisse.<\/li>\n<li>\u00d5mmelge omavahel kokku kaks saapa detaili.<\/li>\n<li>L\u00f5igake v\u00e4lja kujundid p\u00f5himaterjalist.<\/li>\n<li>Kinnitage saapale dekoratsioonielemendid.<\/li>\n<li>Teie pidulik saapake on valmis!<\/li>\n<\/ul>\n<p>Komplekt sisaldab: dekoratsioonid, saapa p\u00f5hi, plastikn\u00f5el, mulineeniidid, dekoratiivsed silmad.<\/p>\n<p>Soovitatav lastele alates 3. eluaastast.<\/p>\n","protected":false},"excerpt":{"rendered":"<p>T\u00f6\u00f6etapid: Valmistage ette t\u00f6\u00f6riistad: k\u00e4\u00e4rid, tekstiililiim (ei kuulu komplekti). Pange niit plastikn\u00f5ela sisse. \u00d5mmelge omavahel kokku kaks saapa detaili. L\u00f5igake v\u00e4lja kujundid p\u00f5himaterjalist. Kinnitage saapale dekoratsioonielemendid. Teie pidulik saapake on valmis! Komplekt sisaldab: dekoratsioonid, saapa p\u00f5hi, plastikn\u00f5el, mulineeniidid, dekoratiivsed silmad. Soovitatav lastele alates 3. eluaastast.<\/p>\n","protected":false},"featured_media":66422,"template":"","meta":{"_monsterinsights_skip_tracking":false,"_monsterinsights_sitenote_active":false,"_monsterinsights_sitenote_note":"","_monsterinsights_sitenote_category":0},"product_brand":[],"product_cat":[57,58],"product_tag":[],"class_list":{"0":"post-74090","1":"product","2":"type-product","3":"status-publish","4":"has-post-thumbnail","6":"product_cat-allahindlused","7":"product_cat-unkategorized","8":"pa_vozrast-ot-3-do-5-let-et","10":"first","11":"instock","12":"sale","13":"shipping-taxable","14":"purchasable","15":"product-type-simple"},"yoast_head":"<!-- This site is optimized with the Yoast SEO plugin v25.0 - https:\/\/yoast.com\/wordpress\/plugins\/seo\/ -->\n<title>Loomingukomplekt &quot;Viltaplikatsioon&quot;, J\u00f5uluvana -<\/title>\n<meta name=\"description\" content=\"Loomingukomplekt &quot;Viltaplikatsioon&quot;, J\u00f5uluvana - CLEVER KIDS\" \/>\n<meta name=\"robots\" content=\"index, follow, max-snippet:-1, max-image-preview:large, max-video-preview:-1\" \/>\n<link rel=\"canonical\" href=\"https:\/\/cleverkids.ee\/et\/product\/loomingukomplekt-viltaplikatsioon-jouluvana\/\" \/>\n<meta property=\"og:locale\" content=\"et_EE\" \/>\n<meta property=\"og:type\" content=\"article\" \/>\n<meta property=\"og:title\" content=\"Loomingukomplekt &quot;Viltaplikatsioon&quot;, J\u00f5uluvana -\" \/>\n<meta property=\"og:description\" content=\"Loomingukomplekt &quot;Viltaplikatsioon&quot;, J\u00f5uluvana - CLEVER KIDS\" \/>\n<meta property=\"og:url\" content=\"https:\/\/cleverkids.ee\/et\/product\/loomingukomplekt-viltaplikatsioon-jouluvana\/\" \/>\n<meta property=\"og:site_name\" content=\"CLEVER KIDS\" \/>\n<meta property=\"article:publisher\" content=\"https:\/\/www.facebook.com\/cleverkids.ee\/\" \/>\n<meta property=\"article:modified_time\" content=\"2024-10-24T09:21:20+00:00\" \/>\n<meta property=\"og:image\" content=\"https:\/\/cleverkids.ee\/wp-content\/uploads\/2024\/05\/1600-18-40.jpg\" \/>\n\t<meta property=\"og:image:width\" content=\"1600\" \/>\n\t<meta property=\"og:image:height\" content=\"1600\" \/>\n\t<meta property=\"og:image:type\" content=\"image\/jpeg\" \/>\n<meta name=\"twitter:card\" content=\"summary_large_image\" \/>\n<meta name=\"twitter:label1\" content=\"Est. reading time\" \/>\n\t<meta name=\"twitter:data1\" content=\"1 minut\" \/>\n<script type=\"application\/ld+json\" class=\"yoast-schema-graph\">{\"@context\":\"https:\/\/schema.org\",\"@graph\":[{\"@type\":\"WebPage\",\"@id\":\"https:\/\/cleverkids.ee\/et\/product\/loomingukomplekt-viltaplikatsioon-jouluvana\/\",\"url\":\"https:\/\/cleverkids.ee\/et\/product\/loomingukomplekt-viltaplikatsioon-jouluvana\/\",\"name\":\"Loomingukomplekt \\\"Viltaplikatsioon\\\", J\u00f5uluvana -\",\"isPartOf\":{\"@id\":\"https:\/\/cleverkids.ee\/et\/#website\"},\"primaryImageOfPage\":{\"@id\":\"https:\/\/cleverkids.ee\/et\/product\/loomingukomplekt-viltaplikatsioon-jouluvana\/#primaryimage\"},\"image\":{\"@id\":\"https:\/\/cleverkids.ee\/et\/product\/loomingukomplekt-viltaplikatsioon-jouluvana\/#primaryimage\"},\"thumbnailUrl\":\"https:\/\/cleverkids.ee\/wp-content\/uploads\/2024\/05\/1600-18-40.jpg\",\"datePublished\":\"2024-04-13T09:06:56+00:00\",\"dateModified\":\"2024-10-24T09:21:20+00:00\",\"description\":\"Loomingukomplekt \\\"Viltaplikatsioon\\\", J\u00f5uluvana - CLEVER KIDS\",\"breadcrumb\":{\"@id\":\"https:\/\/cleverkids.ee\/et\/product\/loomingukomplekt-viltaplikatsioon-jouluvana\/#breadcrumb\"},\"inLanguage\":\"et\",\"potentialAction\":[{\"@type\":\"ReadAction\",\"target\":[\"https:\/\/cleverkids.ee\/et\/product\/loomingukomplekt-viltaplikatsioon-jouluvana\/\"]}]},{\"@type\":\"ImageObject\",\"inLanguage\":\"et\",\"@id\":\"https:\/\/cleverkids.ee\/et\/product\/loomingukomplekt-viltaplikatsioon-jouluvana\/#primaryimage\",\"url\":\"https:\/\/cleverkids.ee\/wp-content\/uploads\/2024\/05\/1600-18-40.jpg\",\"contentUrl\":\"https:\/\/cleverkids.ee\/wp-content\/uploads\/2024\/05\/1600-18-40.jpg\",\"width\":1600,\"height\":1600},{\"@type\":\"BreadcrumbList\",\"@id\":\"https:\/\/cleverkids.ee\/et\/product\/loomingukomplekt-viltaplikatsioon-jouluvana\/#breadcrumb\",\"itemListElement\":[{\"@type\":\"ListItem\",\"position\":1,\"name\":\"Esileht\",\"item\":\"https:\/\/cleverkids.ee\/et\/\"},{\"@type\":\"ListItem\",\"position\":2,\"name\":\"Tooted\",\"item\":\"https:\/\/cleverkids.ee\/store\/\"},{\"@type\":\"ListItem\",\"position\":3,\"name\":\"Loomingukomplekt &#171;Viltaplikatsioon&#187;, J\u00f5uluvana\"}]},{\"@type\":\"WebSite\",\"@id\":\"https:\/\/cleverkids.ee\/et\/#website\",\"url\":\"https:\/\/cleverkids.ee\/et\/\",\"name\":\"CLEVER KIDS\",\"description\":\"\",\"publisher\":{\"@id\":\"https:\/\/cleverkids.ee\/et\/#organization\"},\"potentialAction\":[{\"@type\":\"SearchAction\",\"target\":{\"@type\":\"EntryPoint\",\"urlTemplate\":\"https:\/\/cleverkids.ee\/et\/?s={search_term_string}\"},\"query-input\":{\"@type\":\"PropertyValueSpecification\",\"valueRequired\":true,\"valueName\":\"search_term_string\"}}],\"inLanguage\":\"et\"},{\"@type\":\"Organization\",\"@id\":\"https:\/\/cleverkids.ee\/et\/#organization\",\"name\":\"CLEVER KIDS\",\"url\":\"https:\/\/cleverkids.ee\/et\/\",\"logo\":{\"@type\":\"ImageObject\",\"inLanguage\":\"et\",\"@id\":\"https:\/\/cleverkids.ee\/et\/#\/schema\/logo\/image\/\",\"url\":\"https:\/\/cleverkids.ee\/wp-content\/uploads\/2024\/02\/image0-1024x1024.png\",\"contentUrl\":\"https:\/\/cleverkids.ee\/wp-content\/uploads\/2024\/02\/image0-1024x1024.png\",\"width\":1024,\"height\":1024,\"caption\":\"CLEVER KIDS\"},\"image\":{\"@id\":\"https:\/\/cleverkids.ee\/et\/#\/schema\/logo\/image\/\"},\"sameAs\":[\"https:\/\/www.facebook.com\/cleverkids.ee\/\",\"https:\/\/www.instagram.com\/cleverkids_ee\/\"]}]}<\/script>\n<!-- \/ Yoast SEO plugin. -->","yoast_head_json":{"title":"Loomingukomplekt \"Viltaplikatsioon\", J\u00f5uluvana -","description":"Loomingukomplekt \"Viltaplikatsioon\", J\u00f5uluvana - CLEVER KIDS","robots":{"index":"index","follow":"follow","max-snippet":"max-snippet:-1","max-image-preview":"max-image-preview:large","max-video-preview":"max-video-preview:-1"},"canonical":"https:\/\/cleverkids.ee\/et\/product\/loomingukomplekt-viltaplikatsioon-jouluvana\/","og_locale":"et_EE","og_type":"article","og_title":"Loomingukomplekt \"Viltaplikatsioon\", J\u00f5uluvana -","og_description":"Loomingukomplekt \"Viltaplikatsioon\", J\u00f5uluvana - CLEVER KIDS","og_url":"https:\/\/cleverkids.ee\/et\/product\/loomingukomplekt-viltaplikatsioon-jouluvana\/","og_site_name":"CLEVER KIDS","article_publisher":"https:\/\/www.facebook.com\/cleverkids.ee\/","article_modified_time":"2024-10-24T09:21:20+00:00","og_image":[{"width":1600,"height":1600,"url":"https:\/\/cleverkids.ee\/wp-content\/uploads\/2024\/05\/1600-18-40.jpg","type":"image\/jpeg"}],"twitter_card":"summary_large_image","twitter_misc":{"Est. reading time":"1 minut"},"schema":{"@context":"https:\/\/schema.org","@graph":[{"@type":"WebPage","@id":"https:\/\/cleverkids.ee\/et\/product\/loomingukomplekt-viltaplikatsioon-jouluvana\/","url":"https:\/\/cleverkids.ee\/et\/product\/loomingukomplekt-viltaplikatsioon-jouluvana\/","name":"Loomingukomplekt \"Viltaplikatsioon\", J\u00f5uluvana -","isPartOf":{"@id":"https:\/\/cleverkids.ee\/et\/#website"},"primaryImageOfPage":{"@id":"https:\/\/cleverkids.ee\/et\/product\/loomingukomplekt-viltaplikatsioon-jouluvana\/#primaryimage"},"image":{"@id":"https:\/\/cleverkids.ee\/et\/product\/loomingukomplekt-viltaplikatsioon-jouluvana\/#primaryimage"},"thumbnailUrl":"https:\/\/cleverkids.ee\/wp-content\/uploads\/2024\/05\/1600-18-40.jpg","datePublished":"2024-04-13T09:06:56+00:00","dateModified":"2024-10-24T09:21:20+00:00","description":"Loomingukomplekt \"Viltaplikatsioon\", J\u00f5uluvana - CLEVER KIDS","breadcrumb":{"@id":"https:\/\/cleverkids.ee\/et\/product\/loomingukomplekt-viltaplikatsioon-jouluvana\/#breadcrumb"},"inLanguage":"et","potentialAction":[{"@type":"ReadAction","target":["https:\/\/cleverkids.ee\/et\/product\/loomingukomplekt-viltaplikatsioon-jouluvana\/"]}]},{"@type":"ImageObject","inLanguage":"et","@id":"https:\/\/cleverkids.ee\/et\/product\/loomingukomplekt-viltaplikatsioon-jouluvana\/#primaryimage","url":"https:\/\/cleverkids.ee\/wp-content\/uploads\/2024\/05\/1600-18-40.jpg","contentUrl":"https:\/\/cleverkids.ee\/wp-content\/uploads\/2024\/05\/1600-18-40.jpg","width":1600,"height":1600},{"@type":"BreadcrumbList","@id":"https:\/\/cleverkids.ee\/et\/product\/loomingukomplekt-viltaplikatsioon-jouluvana\/#breadcrumb","itemListElement":[{"@type":"ListItem","position":1,"name":"Esileht","item":"https:\/\/cleverkids.ee\/et\/"},{"@type":"ListItem","position":2,"name":"Tooted","item":"https:\/\/cleverkids.ee\/store\/"},{"@type":"ListItem","position":3,"name":"Loomingukomplekt &#171;Viltaplikatsioon&#187;, J\u00f5uluvana"}]},{"@type":"WebSite","@id":"https:\/\/cleverkids.ee\/et\/#website","url":"https:\/\/cleverkids.ee\/et\/","name":"CLEVER KIDS","description":"","publisher":{"@id":"https:\/\/cleverkids.ee\/et\/#organization"},"potentialAction":[{"@type":"SearchAction","target":{"@type":"EntryPoint","urlTemplate":"https:\/\/cleverkids.ee\/et\/?s={search_term_string}"},"query-input":{"@type":"PropertyValueSpecification","valueRequired":true,"valueName":"search_term_string"}}],"inLanguage":"et"},{"@type":"Organization","@id":"https:\/\/cleverkids.ee\/et\/#organization","name":"CLEVER KIDS","url":"https:\/\/cleverkids.ee\/et\/","logo":{"@type":"ImageObject","inLanguage":"et","@id":"https:\/\/cleverkids.ee\/et\/#\/schema\/logo\/image\/","url":"https:\/\/cleverkids.ee\/wp-content\/uploads\/2024\/02\/image0-1024x1024.png","contentUrl":"https:\/\/cleverkids.ee\/wp-content\/uploads\/2024\/02\/image0-1024x1024.png","width":1024,"height":1024,"caption":"CLEVER KIDS"},"image":{"@id":"https:\/\/cleverkids.ee\/et\/#\/schema\/logo\/image\/"},"sameAs":["https:\/\/www.facebook.com\/cleverkids.ee\/","https:\/\/www.instagram.com\/cleverkids_ee\/"]}]}},"_links":{"self":[{"href":"https:\/\/cleverkids.ee\/et\/wp-json\/wp\/v2\/product\/74090","targetHints":{"allow":["GET"]}}],"collection":[{"href":"https:\/\/cleverkids.ee\/et\/wp-json\/wp\/v2\/product"}],"about":[{"href":"https:\/\/cleverkids.ee\/et\/wp-json\/wp\/v2\/types\/product"}],"wp:featuredmedia":[{"embeddable":true,"href":"https:\/\/cleverkids.ee\/et\/wp-json\/wp\/v2\/media\/66422"}],"wp:attachment":[{"href":"https:\/\/cleverkids.ee\/et\/wp-json\/wp\/v2\/media?parent=74090"}],"wp:term":[{"taxonomy":"product_brand","embeddable":true,"href":"https:\/\/cleverkids.ee\/et\/wp-json\/wp\/v2\/product_brand?post=74090"},{"taxonomy":"product_cat","embeddable":true,"href":"https:\/\/cleverkids.ee\/et\/wp-json\/wp\/v2\/product_cat?post=74090"},{"taxonomy":"product_tag","embeddable":true,"href":"https:\/\/cleverkids.ee\/et\/wp-json\/wp\/v2\/product_tag?post=74090"}],"curies":[{"name":"wp","href":"https:\/\/api.w.org\/{rel}","templated":true}]}}