{"id":74096,"date":"2025-10-28T06:03:06","date_gmt":"2025-10-28T04:03:06","guid":{"rendered":"https:\/\/cleverkids.ee\/\u041f\u0440\u043e\u0434\u0443\u043a\u0442\/knigi-s-zadaniyami-novogodnie-igry-6-sht-po-16-str\/"},"modified":"2026-01-17T07:29:13","modified_gmt":"2026-01-17T05:29:13","slug":"ulesannete-raamatud-joulumangud-6-tk-16-lk","status":"publish","type":"product","link":"https:\/\/cleverkids.ee\/et\/product\/ulesannete-raamatud-joulumangud-6-tk-16-lk\/","title":{"rendered":"\u00dclesannete raamatud &#8220;J\u00f5ulum\u00e4ngud&#8221;, 6 tk, 16 lk"},"content":{"rendered":"<p>Igas v\u00e4ljaandes leiab laps armsaid tegelasi ja p\u00f5nevaid \u00fclesandeid: tuleb v\u00e4rvida, otsida erinevusi, l\u00e4bida lab\u00fcrinte ja t\u00e4ita muid kaasahaaravaid \u00fclesandeid.<\/p>\n<p>Sobib 3-4-aastastele lastele.<\/p>\n","protected":false},"excerpt":{"rendered":"<p>Igas v\u00e4ljaandes leiab laps armsaid tegelasi ja p\u00f5nevaid \u00fclesandeid: tuleb v\u00e4rvida, otsida erinevusi, l\u00e4bida lab\u00fcrinte ja t\u00e4ita muid kaasahaaravaid \u00fclesandeid. Sobib 3-4-aastastele lastele.<\/p>\n","protected":false},"featured_media":66281,"template":"","meta":{"_monsterinsights_skip_tracking":false,"_monsterinsights_sitenote_active":false,"_monsterinsights_sitenote_note":"","_monsterinsights_sitenote_category":0},"product_brand":[],"product_cat":[57,58],"product_tag":[],"class_list":{"0":"post-74096","1":"product","2":"type-product","3":"status-publish","4":"has-post-thumbnail","6":"product_cat-allahindlused","7":"product_cat-unkategorized","9":"first","10":"instock","11":"sale","12":"shipping-taxable","13":"purchasable","14":"product-type-simple"},"yoast_head":"<!-- This site is optimized with the Yoast SEO plugin v25.0 - https:\/\/yoast.com\/wordpress\/plugins\/seo\/ -->\n<title>\u00dclesannete raamatud &quot;J\u00f5ulum\u00e4ngud&quot;, 6 tk, 16 lk -<\/title>\n<meta name=\"description\" content=\"\u00dclesannete raamatud &quot;J\u00f5ulum\u00e4ngud&quot;, 6 tk, 16 lk - CLEVER KIDS\" \/>\n<meta name=\"robots\" content=\"index, follow, max-snippet:-1, max-image-preview:large, max-video-preview:-1\" \/>\n<link rel=\"canonical\" href=\"https:\/\/cleverkids.ee\/et\/product\/ulesannete-raamatud-joulumangud-6-tk-16-lk\/\" \/>\n<meta property=\"og:locale\" content=\"et_EE\" \/>\n<meta property=\"og:type\" content=\"article\" \/>\n<meta property=\"og:title\" content=\"\u00dclesannete raamatud &quot;J\u00f5ulum\u00e4ngud&quot;, 6 tk, 16 lk -\" \/>\n<meta property=\"og:description\" content=\"\u00dclesannete raamatud &quot;J\u00f5ulum\u00e4ngud&quot;, 6 tk, 16 lk - CLEVER KIDS\" \/>\n<meta property=\"og:url\" content=\"https:\/\/cleverkids.ee\/et\/product\/ulesannete-raamatud-joulumangud-6-tk-16-lk\/\" \/>\n<meta property=\"og:site_name\" content=\"CLEVER KIDS\" \/>\n<meta property=\"article:publisher\" content=\"https:\/\/www.facebook.com\/cleverkids.ee\/\" \/>\n<meta property=\"article:modified_time\" content=\"2026-01-17T05:29:13+00:00\" \/>\n<meta property=\"og:image\" content=\"https:\/\/cleverkids.ee\/wp-content\/uploads\/2024\/05\/1600-24.jpg\" \/>\n\t<meta property=\"og:image:width\" content=\"1600\" \/>\n\t<meta property=\"og:image:height\" content=\"1600\" \/>\n\t<meta property=\"og:image:type\" content=\"image\/jpeg\" \/>\n<meta name=\"twitter:card\" content=\"summary_large_image\" \/>\n<meta name=\"twitter:label1\" content=\"Est. reading time\" \/>\n\t<meta name=\"twitter:data1\" content=\"1 minut\" \/>\n<script type=\"application\/ld+json\" class=\"yoast-schema-graph\">{\"@context\":\"https:\/\/schema.org\",\"@graph\":[{\"@type\":\"WebPage\",\"@id\":\"https:\/\/cleverkids.ee\/et\/product\/ulesannete-raamatud-joulumangud-6-tk-16-lk\/\",\"url\":\"https:\/\/cleverkids.ee\/et\/product\/ulesannete-raamatud-joulumangud-6-tk-16-lk\/\",\"name\":\"\u00dclesannete raamatud \\\"J\u00f5ulum\u00e4ngud\\\", 6 tk, 16 lk -\",\"isPartOf\":{\"@id\":\"https:\/\/cleverkids.ee\/et\/#website\"},\"primaryImageOfPage\":{\"@id\":\"https:\/\/cleverkids.ee\/et\/product\/ulesannete-raamatud-joulumangud-6-tk-16-lk\/#primaryimage\"},\"image\":{\"@id\":\"https:\/\/cleverkids.ee\/et\/product\/ulesannete-raamatud-joulumangud-6-tk-16-lk\/#primaryimage\"},\"thumbnailUrl\":\"https:\/\/cleverkids.ee\/wp-content\/uploads\/2024\/05\/1600-24.jpg\",\"datePublished\":\"2025-10-28T04:03:06+00:00\",\"dateModified\":\"2026-01-17T05:29:13+00:00\",\"description\":\"\u00dclesannete raamatud \\\"J\u00f5ulum\u00e4ngud\\\", 6 tk, 16 lk - CLEVER KIDS\",\"breadcrumb\":{\"@id\":\"https:\/\/cleverkids.ee\/et\/product\/ulesannete-raamatud-joulumangud-6-tk-16-lk\/#breadcrumb\"},\"inLanguage\":\"et\",\"potentialAction\":[{\"@type\":\"ReadAction\",\"target\":[\"https:\/\/cleverkids.ee\/et\/product\/ulesannete-raamatud-joulumangud-6-tk-16-lk\/\"]}]},{\"@type\":\"ImageObject\",\"inLanguage\":\"et\",\"@id\":\"https:\/\/cleverkids.ee\/et\/product\/ulesannete-raamatud-joulumangud-6-tk-16-lk\/#primaryimage\",\"url\":\"https:\/\/cleverkids.ee\/wp-content\/uploads\/2024\/05\/1600-24.jpg\",\"contentUrl\":\"https:\/\/cleverkids.ee\/wp-content\/uploads\/2024\/05\/1600-24.jpg\",\"width\":1600,\"height\":1600},{\"@type\":\"BreadcrumbList\",\"@id\":\"https:\/\/cleverkids.ee\/et\/product\/ulesannete-raamatud-joulumangud-6-tk-16-lk\/#breadcrumb\",\"itemListElement\":[{\"@type\":\"ListItem\",\"position\":1,\"name\":\"Esileht\",\"item\":\"https:\/\/cleverkids.ee\/et\/\"},{\"@type\":\"ListItem\",\"position\":2,\"name\":\"Tooted\",\"item\":\"https:\/\/cleverkids.ee\/store\/\"},{\"@type\":\"ListItem\",\"position\":3,\"name\":\"\u00dclesannete raamatud &#171;J\u00f5ulum\u00e4ngud&#187;, 6 tk, 16 lk\"}]},{\"@type\":\"WebSite\",\"@id\":\"https:\/\/cleverkids.ee\/et\/#website\",\"url\":\"https:\/\/cleverkids.ee\/et\/\",\"name\":\"CLEVER KIDS\",\"description\":\"\",\"publisher\":{\"@id\":\"https:\/\/cleverkids.ee\/et\/#organization\"},\"potentialAction\":[{\"@type\":\"SearchAction\",\"target\":{\"@type\":\"EntryPoint\",\"urlTemplate\":\"https:\/\/cleverkids.ee\/et\/?s={search_term_string}\"},\"query-input\":{\"@type\":\"PropertyValueSpecification\",\"valueRequired\":true,\"valueName\":\"search_term_string\"}}],\"inLanguage\":\"et\"},{\"@type\":\"Organization\",\"@id\":\"https:\/\/cleverkids.ee\/et\/#organization\",\"name\":\"CLEVER KIDS\",\"url\":\"https:\/\/cleverkids.ee\/et\/\",\"logo\":{\"@type\":\"ImageObject\",\"inLanguage\":\"et\",\"@id\":\"https:\/\/cleverkids.ee\/et\/#\/schema\/logo\/image\/\",\"url\":\"https:\/\/cleverkids.ee\/wp-content\/uploads\/2024\/02\/image0-1024x1024.png\",\"contentUrl\":\"https:\/\/cleverkids.ee\/wp-content\/uploads\/2024\/02\/image0-1024x1024.png\",\"width\":1024,\"height\":1024,\"caption\":\"CLEVER KIDS\"},\"image\":{\"@id\":\"https:\/\/cleverkids.ee\/et\/#\/schema\/logo\/image\/\"},\"sameAs\":[\"https:\/\/www.facebook.com\/cleverkids.ee\/\",\"https:\/\/www.instagram.com\/cleverkids_ee\/\"]}]}<\/script>\n<!-- \/ Yoast SEO plugin. -->","yoast_head_json":{"title":"\u00dclesannete raamatud \"J\u00f5ulum\u00e4ngud\", 6 tk, 16 lk -","description":"\u00dclesannete raamatud \"J\u00f5ulum\u00e4ngud\", 6 tk, 16 lk - CLEVER KIDS","robots":{"index":"index","follow":"follow","max-snippet":"max-snippet:-1","max-image-preview":"max-image-preview:large","max-video-preview":"max-video-preview:-1"},"canonical":"https:\/\/cleverkids.ee\/et\/product\/ulesannete-raamatud-joulumangud-6-tk-16-lk\/","og_locale":"et_EE","og_type":"article","og_title":"\u00dclesannete raamatud \"J\u00f5ulum\u00e4ngud\", 6 tk, 16 lk -","og_description":"\u00dclesannete raamatud \"J\u00f5ulum\u00e4ngud\", 6 tk, 16 lk - CLEVER KIDS","og_url":"https:\/\/cleverkids.ee\/et\/product\/ulesannete-raamatud-joulumangud-6-tk-16-lk\/","og_site_name":"CLEVER KIDS","article_publisher":"https:\/\/www.facebook.com\/cleverkids.ee\/","article_modified_time":"2026-01-17T05:29:13+00:00","og_image":[{"width":1600,"height":1600,"url":"https:\/\/cleverkids.ee\/wp-content\/uploads\/2024\/05\/1600-24.jpg","type":"image\/jpeg"}],"twitter_card":"summary_large_image","twitter_misc":{"Est. reading time":"1 minut"},"schema":{"@context":"https:\/\/schema.org","@graph":[{"@type":"WebPage","@id":"https:\/\/cleverkids.ee\/et\/product\/ulesannete-raamatud-joulumangud-6-tk-16-lk\/","url":"https:\/\/cleverkids.ee\/et\/product\/ulesannete-raamatud-joulumangud-6-tk-16-lk\/","name":"\u00dclesannete raamatud \"J\u00f5ulum\u00e4ngud\", 6 tk, 16 lk -","isPartOf":{"@id":"https:\/\/cleverkids.ee\/et\/#website"},"primaryImageOfPage":{"@id":"https:\/\/cleverkids.ee\/et\/product\/ulesannete-raamatud-joulumangud-6-tk-16-lk\/#primaryimage"},"image":{"@id":"https:\/\/cleverkids.ee\/et\/product\/ulesannete-raamatud-joulumangud-6-tk-16-lk\/#primaryimage"},"thumbnailUrl":"https:\/\/cleverkids.ee\/wp-content\/uploads\/2024\/05\/1600-24.jpg","datePublished":"2025-10-28T04:03:06+00:00","dateModified":"2026-01-17T05:29:13+00:00","description":"\u00dclesannete raamatud \"J\u00f5ulum\u00e4ngud\", 6 tk, 16 lk - CLEVER KIDS","breadcrumb":{"@id":"https:\/\/cleverkids.ee\/et\/product\/ulesannete-raamatud-joulumangud-6-tk-16-lk\/#breadcrumb"},"inLanguage":"et","potentialAction":[{"@type":"ReadAction","target":["https:\/\/cleverkids.ee\/et\/product\/ulesannete-raamatud-joulumangud-6-tk-16-lk\/"]}]},{"@type":"ImageObject","inLanguage":"et","@id":"https:\/\/cleverkids.ee\/et\/product\/ulesannete-raamatud-joulumangud-6-tk-16-lk\/#primaryimage","url":"https:\/\/cleverkids.ee\/wp-content\/uploads\/2024\/05\/1600-24.jpg","contentUrl":"https:\/\/cleverkids.ee\/wp-content\/uploads\/2024\/05\/1600-24.jpg","width":1600,"height":1600},{"@type":"BreadcrumbList","@id":"https:\/\/cleverkids.ee\/et\/product\/ulesannete-raamatud-joulumangud-6-tk-16-lk\/#breadcrumb","itemListElement":[{"@type":"ListItem","position":1,"name":"Esileht","item":"https:\/\/cleverkids.ee\/et\/"},{"@type":"ListItem","position":2,"name":"Tooted","item":"https:\/\/cleverkids.ee\/store\/"},{"@type":"ListItem","position":3,"name":"\u00dclesannete raamatud &#171;J\u00f5ulum\u00e4ngud&#187;, 6 tk, 16 lk"}]},{"@type":"WebSite","@id":"https:\/\/cleverkids.ee\/et\/#website","url":"https:\/\/cleverkids.ee\/et\/","name":"CLEVER KIDS","description":"","publisher":{"@id":"https:\/\/cleverkids.ee\/et\/#organization"},"potentialAction":[{"@type":"SearchAction","target":{"@type":"EntryPoint","urlTemplate":"https:\/\/cleverkids.ee\/et\/?s={search_term_string}"},"query-input":{"@type":"PropertyValueSpecification","valueRequired":true,"valueName":"search_term_string"}}],"inLanguage":"et"},{"@type":"Organization","@id":"https:\/\/cleverkids.ee\/et\/#organization","name":"CLEVER KIDS","url":"https:\/\/cleverkids.ee\/et\/","logo":{"@type":"ImageObject","inLanguage":"et","@id":"https:\/\/cleverkids.ee\/et\/#\/schema\/logo\/image\/","url":"https:\/\/cleverkids.ee\/wp-content\/uploads\/2024\/02\/image0-1024x1024.png","contentUrl":"https:\/\/cleverkids.ee\/wp-content\/uploads\/2024\/02\/image0-1024x1024.png","width":1024,"height":1024,"caption":"CLEVER KIDS"},"image":{"@id":"https:\/\/cleverkids.ee\/et\/#\/schema\/logo\/image\/"},"sameAs":["https:\/\/www.facebook.com\/cleverkids.ee\/","https:\/\/www.instagram.com\/cleverkids_ee\/"]}]}},"_links":{"self":[{"href":"https:\/\/cleverkids.ee\/et\/wp-json\/wp\/v2\/product\/74096","targetHints":{"allow":["GET"]}}],"collection":[{"href":"https:\/\/cleverkids.ee\/et\/wp-json\/wp\/v2\/product"}],"about":[{"href":"https:\/\/cleverkids.ee\/et\/wp-json\/wp\/v2\/types\/product"}],"wp:featuredmedia":[{"embeddable":true,"href":"https:\/\/cleverkids.ee\/et\/wp-json\/wp\/v2\/media\/66281"}],"wp:attachment":[{"href":"https:\/\/cleverkids.ee\/et\/wp-json\/wp\/v2\/media?parent=74096"}],"wp:term":[{"taxonomy":"product_brand","embeddable":true,"href":"https:\/\/cleverkids.ee\/et\/wp-json\/wp\/v2\/product_brand?post=74096"},{"taxonomy":"product_cat","embeddable":true,"href":"https:\/\/cleverkids.ee\/et\/wp-json\/wp\/v2\/product_cat?post=74096"},{"taxonomy":"product_tag","embeddable":true,"href":"https:\/\/cleverkids.ee\/et\/wp-json\/wp\/v2\/product_tag?post=74096"}],"curies":[{"name":"wp","href":"https:\/\/api.w.org\/{rel}","templated":true}]}}