{"id":74677,"date":"2025-01-08T19:31:39","date_gmt":"2025-01-08T17:31:39","guid":{"rendered":"https:\/\/cleverkids.ee\/\u041f\u0440\u043e\u0434\u0443\u043a\u0442\/kniga-v-tvyordom-pereplete-virtualnye-skazki-pro-polzu-i-vred-gadzhetov-48-str\/"},"modified":"2025-01-08T19:37:32","modified_gmt":"2025-01-08T17:37:32","slug":"raamat-virtuaalsed-muinasjutud-nutiseadmete-kasu-ja-kahju-48-lk","status":"publish","type":"product","link":"https:\/\/cleverkids.ee\/et\/product\/raamat-virtuaalsed-muinasjutud-nutiseadmete-kasu-ja-kahju-48-lk\/","title":{"rendered":"Raamat \u201eVirtuaalsed muinasjutud. Nutiseadmete kasu ja kahju\u201c, 48 lk."},"content":{"rendered":"<div class=\"p9jiPT aCeHAX\" data-testid=\"about-section-description\">\n<p>K\u00f5vakaaneline raamat \u201eVirtuaalsed muinasjutud. Nutiseadmete kasu ja kahju\u201c on pedagoog-ps\u00fchholoogi Jevgenia Sa\u010dkova loodud hariv raamat.<\/p>\n<h3>Miks see raamat on kasulik:<\/h3>\n<ul>\n<li>Aitab vaadata nutiseadmete s\u00f5ltuvusprobleemi uue nurga alt.<\/li>\n<li>Laps saab teada, milleni v\u00f5ib viia liiga pikk aeg telefoni v\u00f5i tahvelarvuti taga.<\/li>\n<li>\u00d5petab teie lapsele, kuidas nutiseadmeid \u00f5igesti kasutada, ning annab n\u00f5u, kuidas v\u00e4ltida seadmetest s\u00f5ltuvusse sattumist.<\/li>\n<\/ul>\n<p>Soovitatav lastele alates 3. eluaastast.<\/p>\n<\/div>\n","protected":false},"excerpt":{"rendered":"<p>K\u00f5vakaaneline raamat \u201eVirtuaalsed muinasjutud. Nutiseadmete kasu ja kahju\u201c on pedagoog-ps\u00fchholoogi Jevgenia Sa\u010dkova loodud hariv raamat. Miks see raamat on kasulik: Aitab vaadata nutiseadmete s\u00f5ltuvusprobleemi uue nurga alt. Laps saab teada, milleni v\u00f5ib viia liiga pikk aeg telefoni v\u00f5i tahvelarvuti taga. \u00d5petab teie lapsele, kuidas nutiseadmeid \u00f5igesti kasutada, ning annab n\u00f5u, kuidas v\u00e4ltida seadmetest s\u00f5ltuvusse sattumist. [&hellip;]<\/p>\n","protected":false},"featured_media":74676,"template":"","meta":{"_monsterinsights_skip_tracking":false,"_monsterinsights_sitenote_active":false,"_monsterinsights_sitenote_note":"","_monsterinsights_sitenote_category":0},"product_brand":[],"product_cat":[54,58],"product_tag":[],"class_list":{"0":"post-74677","1":"product","2":"type-product","3":"status-publish","4":"has-post-thumbnail","6":"product_cat-raamatud-vene-keeles","7":"product_cat-unkategorized","8":"pa_vozrast-ot-3-do-5-let-et","9":"pa_vozrast-ot-5-let-et","11":"first","12":"instock","13":"shipping-taxable","14":"purchasable","15":"product-type-simple"},"yoast_head":"<!-- This site is optimized with the Yoast SEO plugin v25.0 - https:\/\/yoast.com\/wordpress\/plugins\/seo\/ -->\n<title>Raamat \u201eVirtuaalsed muinasjutud. Nutiseadmete kasu ja kahju\u201c, 48 lk. -<\/title>\n<meta name=\"description\" content=\"Raamat \u201eVirtuaalsed muinasjutud. Nutiseadmete kasu ja kahju\u201c, 48 lk. - CLEVER KIDS\" \/>\n<meta name=\"robots\" content=\"index, follow, max-snippet:-1, max-image-preview:large, max-video-preview:-1\" \/>\n<link rel=\"canonical\" href=\"https:\/\/cleverkids.ee\/et\/product\/raamat-virtuaalsed-muinasjutud-nutiseadmete-kasu-ja-kahju-48-lk\/\" \/>\n<meta property=\"og:locale\" content=\"et_EE\" \/>\n<meta property=\"og:type\" content=\"article\" \/>\n<meta property=\"og:title\" content=\"Raamat \u201eVirtuaalsed muinasjutud. Nutiseadmete kasu ja kahju\u201c, 48 lk. -\" \/>\n<meta property=\"og:description\" content=\"Raamat \u201eVirtuaalsed muinasjutud. Nutiseadmete kasu ja kahju\u201c, 48 lk. - CLEVER KIDS\" \/>\n<meta property=\"og:url\" content=\"https:\/\/cleverkids.ee\/et\/product\/raamat-virtuaalsed-muinasjutud-nutiseadmete-kasu-ja-kahju-48-lk\/\" \/>\n<meta property=\"og:site_name\" content=\"CLEVER KIDS\" \/>\n<meta property=\"article:publisher\" content=\"https:\/\/www.facebook.com\/cleverkids.ee\/\" \/>\n<meta property=\"article:modified_time\" content=\"2025-01-08T17:37:32+00:00\" \/>\n<meta property=\"og:image\" content=\"https:\/\/cleverkids.ee\/wp-content\/uploads\/2025\/01\/1600-43.jpg\" \/>\n\t<meta property=\"og:image:width\" content=\"1600\" \/>\n\t<meta property=\"og:image:height\" content=\"1600\" \/>\n\t<meta property=\"og:image:type\" content=\"image\/jpeg\" \/>\n<meta name=\"twitter:card\" content=\"summary_large_image\" \/>\n<meta name=\"twitter:label1\" content=\"Est. reading time\" \/>\n\t<meta name=\"twitter:data1\" content=\"1 minut\" \/>\n<script type=\"application\/ld+json\" class=\"yoast-schema-graph\">{\"@context\":\"https:\/\/schema.org\",\"@graph\":[{\"@type\":\"WebPage\",\"@id\":\"https:\/\/cleverkids.ee\/et\/product\/raamat-virtuaalsed-muinasjutud-nutiseadmete-kasu-ja-kahju-48-lk\/\",\"url\":\"https:\/\/cleverkids.ee\/et\/product\/raamat-virtuaalsed-muinasjutud-nutiseadmete-kasu-ja-kahju-48-lk\/\",\"name\":\"Raamat \u201eVirtuaalsed muinasjutud. Nutiseadmete kasu ja kahju\u201c, 48 lk. -\",\"isPartOf\":{\"@id\":\"https:\/\/cleverkids.ee\/et\/#website\"},\"primaryImageOfPage\":{\"@id\":\"https:\/\/cleverkids.ee\/et\/product\/raamat-virtuaalsed-muinasjutud-nutiseadmete-kasu-ja-kahju-48-lk\/#primaryimage\"},\"image\":{\"@id\":\"https:\/\/cleverkids.ee\/et\/product\/raamat-virtuaalsed-muinasjutud-nutiseadmete-kasu-ja-kahju-48-lk\/#primaryimage\"},\"thumbnailUrl\":\"https:\/\/cleverkids.ee\/wp-content\/uploads\/2025\/01\/1600-43.jpg\",\"datePublished\":\"2025-01-08T17:31:39+00:00\",\"dateModified\":\"2025-01-08T17:37:32+00:00\",\"description\":\"Raamat \u201eVirtuaalsed muinasjutud. Nutiseadmete kasu ja kahju\u201c, 48 lk. - CLEVER KIDS\",\"breadcrumb\":{\"@id\":\"https:\/\/cleverkids.ee\/et\/product\/raamat-virtuaalsed-muinasjutud-nutiseadmete-kasu-ja-kahju-48-lk\/#breadcrumb\"},\"inLanguage\":\"et\",\"potentialAction\":[{\"@type\":\"ReadAction\",\"target\":[\"https:\/\/cleverkids.ee\/et\/product\/raamat-virtuaalsed-muinasjutud-nutiseadmete-kasu-ja-kahju-48-lk\/\"]}]},{\"@type\":\"ImageObject\",\"inLanguage\":\"et\",\"@id\":\"https:\/\/cleverkids.ee\/et\/product\/raamat-virtuaalsed-muinasjutud-nutiseadmete-kasu-ja-kahju-48-lk\/#primaryimage\",\"url\":\"https:\/\/cleverkids.ee\/wp-content\/uploads\/2025\/01\/1600-43.jpg\",\"contentUrl\":\"https:\/\/cleverkids.ee\/wp-content\/uploads\/2025\/01\/1600-43.jpg\",\"width\":1600,\"height\":1600,\"caption\":\"\u041a\u043d\u0438\u0433\u0430 \u0432 \u0442\u0432\u0451\u0440\u0434\u043e\u043c \u043f\u0435\u0440\u0435\u043f\u043b\u0435\u0442\u0435 \u00ab\u0412\u0438\u0440\u0442\u0443\u0430\u043b\u044c\u043d\u044b\u0435 \u0441\u043a\u0430\u0437\u043a\u0438. \u041f\u0440\u043e \u043f\u043e\u043b\u044c\u0437\u0443 \u0438 \u0432\u0440\u0435\u0434 \u0433\u0430\u0434\u0436\u0435\u0442\u043e\u0432\u00bb\"},{\"@type\":\"BreadcrumbList\",\"@id\":\"https:\/\/cleverkids.ee\/et\/product\/raamat-virtuaalsed-muinasjutud-nutiseadmete-kasu-ja-kahju-48-lk\/#breadcrumb\",\"itemListElement\":[{\"@type\":\"ListItem\",\"position\":1,\"name\":\"Esileht\",\"item\":\"https:\/\/cleverkids.ee\/et\/\"},{\"@type\":\"ListItem\",\"position\":2,\"name\":\"Tooted\",\"item\":\"https:\/\/cleverkids.ee\/store\/\"},{\"@type\":\"ListItem\",\"position\":3,\"name\":\"Raamat \u201eVirtuaalsed muinasjutud. Nutiseadmete kasu ja kahju\u201c, 48 lk.\"}]},{\"@type\":\"WebSite\",\"@id\":\"https:\/\/cleverkids.ee\/et\/#website\",\"url\":\"https:\/\/cleverkids.ee\/et\/\",\"name\":\"CLEVER KIDS\",\"description\":\"\",\"publisher\":{\"@id\":\"https:\/\/cleverkids.ee\/et\/#organization\"},\"potentialAction\":[{\"@type\":\"SearchAction\",\"target\":{\"@type\":\"EntryPoint\",\"urlTemplate\":\"https:\/\/cleverkids.ee\/et\/?s={search_term_string}\"},\"query-input\":{\"@type\":\"PropertyValueSpecification\",\"valueRequired\":true,\"valueName\":\"search_term_string\"}}],\"inLanguage\":\"et\"},{\"@type\":\"Organization\",\"@id\":\"https:\/\/cleverkids.ee\/et\/#organization\",\"name\":\"CLEVER KIDS\",\"url\":\"https:\/\/cleverkids.ee\/et\/\",\"logo\":{\"@type\":\"ImageObject\",\"inLanguage\":\"et\",\"@id\":\"https:\/\/cleverkids.ee\/et\/#\/schema\/logo\/image\/\",\"url\":\"https:\/\/cleverkids.ee\/wp-content\/uploads\/2024\/02\/image0-1024x1024.png\",\"contentUrl\":\"https:\/\/cleverkids.ee\/wp-content\/uploads\/2024\/02\/image0-1024x1024.png\",\"width\":1024,\"height\":1024,\"caption\":\"CLEVER KIDS\"},\"image\":{\"@id\":\"https:\/\/cleverkids.ee\/et\/#\/schema\/logo\/image\/\"},\"sameAs\":[\"https:\/\/www.facebook.com\/cleverkids.ee\/\",\"https:\/\/www.instagram.com\/cleverkids_ee\/\"]}]}<\/script>\n<!-- \/ Yoast SEO plugin. -->","yoast_head_json":{"title":"Raamat \u201eVirtuaalsed muinasjutud. Nutiseadmete kasu ja kahju\u201c, 48 lk. -","description":"Raamat \u201eVirtuaalsed muinasjutud. Nutiseadmete kasu ja kahju\u201c, 48 lk. - CLEVER KIDS","robots":{"index":"index","follow":"follow","max-snippet":"max-snippet:-1","max-image-preview":"max-image-preview:large","max-video-preview":"max-video-preview:-1"},"canonical":"https:\/\/cleverkids.ee\/et\/product\/raamat-virtuaalsed-muinasjutud-nutiseadmete-kasu-ja-kahju-48-lk\/","og_locale":"et_EE","og_type":"article","og_title":"Raamat \u201eVirtuaalsed muinasjutud. Nutiseadmete kasu ja kahju\u201c, 48 lk. -","og_description":"Raamat \u201eVirtuaalsed muinasjutud. Nutiseadmete kasu ja kahju\u201c, 48 lk. - CLEVER KIDS","og_url":"https:\/\/cleverkids.ee\/et\/product\/raamat-virtuaalsed-muinasjutud-nutiseadmete-kasu-ja-kahju-48-lk\/","og_site_name":"CLEVER KIDS","article_publisher":"https:\/\/www.facebook.com\/cleverkids.ee\/","article_modified_time":"2025-01-08T17:37:32+00:00","og_image":[{"width":1600,"height":1600,"url":"https:\/\/cleverkids.ee\/wp-content\/uploads\/2025\/01\/1600-43.jpg","type":"image\/jpeg"}],"twitter_card":"summary_large_image","twitter_misc":{"Est. reading time":"1 minut"},"schema":{"@context":"https:\/\/schema.org","@graph":[{"@type":"WebPage","@id":"https:\/\/cleverkids.ee\/et\/product\/raamat-virtuaalsed-muinasjutud-nutiseadmete-kasu-ja-kahju-48-lk\/","url":"https:\/\/cleverkids.ee\/et\/product\/raamat-virtuaalsed-muinasjutud-nutiseadmete-kasu-ja-kahju-48-lk\/","name":"Raamat \u201eVirtuaalsed muinasjutud. Nutiseadmete kasu ja kahju\u201c, 48 lk. -","isPartOf":{"@id":"https:\/\/cleverkids.ee\/et\/#website"},"primaryImageOfPage":{"@id":"https:\/\/cleverkids.ee\/et\/product\/raamat-virtuaalsed-muinasjutud-nutiseadmete-kasu-ja-kahju-48-lk\/#primaryimage"},"image":{"@id":"https:\/\/cleverkids.ee\/et\/product\/raamat-virtuaalsed-muinasjutud-nutiseadmete-kasu-ja-kahju-48-lk\/#primaryimage"},"thumbnailUrl":"https:\/\/cleverkids.ee\/wp-content\/uploads\/2025\/01\/1600-43.jpg","datePublished":"2025-01-08T17:31:39+00:00","dateModified":"2025-01-08T17:37:32+00:00","description":"Raamat \u201eVirtuaalsed muinasjutud. Nutiseadmete kasu ja kahju\u201c, 48 lk. - CLEVER KIDS","breadcrumb":{"@id":"https:\/\/cleverkids.ee\/et\/product\/raamat-virtuaalsed-muinasjutud-nutiseadmete-kasu-ja-kahju-48-lk\/#breadcrumb"},"inLanguage":"et","potentialAction":[{"@type":"ReadAction","target":["https:\/\/cleverkids.ee\/et\/product\/raamat-virtuaalsed-muinasjutud-nutiseadmete-kasu-ja-kahju-48-lk\/"]}]},{"@type":"ImageObject","inLanguage":"et","@id":"https:\/\/cleverkids.ee\/et\/product\/raamat-virtuaalsed-muinasjutud-nutiseadmete-kasu-ja-kahju-48-lk\/#primaryimage","url":"https:\/\/cleverkids.ee\/wp-content\/uploads\/2025\/01\/1600-43.jpg","contentUrl":"https:\/\/cleverkids.ee\/wp-content\/uploads\/2025\/01\/1600-43.jpg","width":1600,"height":1600,"caption":"\u041a\u043d\u0438\u0433\u0430 \u0432 \u0442\u0432\u0451\u0440\u0434\u043e\u043c \u043f\u0435\u0440\u0435\u043f\u043b\u0435\u0442\u0435 \u00ab\u0412\u0438\u0440\u0442\u0443\u0430\u043b\u044c\u043d\u044b\u0435 \u0441\u043a\u0430\u0437\u043a\u0438. \u041f\u0440\u043e \u043f\u043e\u043b\u044c\u0437\u0443 \u0438 \u0432\u0440\u0435\u0434 \u0433\u0430\u0434\u0436\u0435\u0442\u043e\u0432\u00bb"},{"@type":"BreadcrumbList","@id":"https:\/\/cleverkids.ee\/et\/product\/raamat-virtuaalsed-muinasjutud-nutiseadmete-kasu-ja-kahju-48-lk\/#breadcrumb","itemListElement":[{"@type":"ListItem","position":1,"name":"Esileht","item":"https:\/\/cleverkids.ee\/et\/"},{"@type":"ListItem","position":2,"name":"Tooted","item":"https:\/\/cleverkids.ee\/store\/"},{"@type":"ListItem","position":3,"name":"Raamat \u201eVirtuaalsed muinasjutud. Nutiseadmete kasu ja kahju\u201c, 48 lk."}]},{"@type":"WebSite","@id":"https:\/\/cleverkids.ee\/et\/#website","url":"https:\/\/cleverkids.ee\/et\/","name":"CLEVER KIDS","description":"","publisher":{"@id":"https:\/\/cleverkids.ee\/et\/#organization"},"potentialAction":[{"@type":"SearchAction","target":{"@type":"EntryPoint","urlTemplate":"https:\/\/cleverkids.ee\/et\/?s={search_term_string}"},"query-input":{"@type":"PropertyValueSpecification","valueRequired":true,"valueName":"search_term_string"}}],"inLanguage":"et"},{"@type":"Organization","@id":"https:\/\/cleverkids.ee\/et\/#organization","name":"CLEVER KIDS","url":"https:\/\/cleverkids.ee\/et\/","logo":{"@type":"ImageObject","inLanguage":"et","@id":"https:\/\/cleverkids.ee\/et\/#\/schema\/logo\/image\/","url":"https:\/\/cleverkids.ee\/wp-content\/uploads\/2024\/02\/image0-1024x1024.png","contentUrl":"https:\/\/cleverkids.ee\/wp-content\/uploads\/2024\/02\/image0-1024x1024.png","width":1024,"height":1024,"caption":"CLEVER KIDS"},"image":{"@id":"https:\/\/cleverkids.ee\/et\/#\/schema\/logo\/image\/"},"sameAs":["https:\/\/www.facebook.com\/cleverkids.ee\/","https:\/\/www.instagram.com\/cleverkids_ee\/"]}]}},"_links":{"self":[{"href":"https:\/\/cleverkids.ee\/et\/wp-json\/wp\/v2\/product\/74677","targetHints":{"allow":["GET"]}}],"collection":[{"href":"https:\/\/cleverkids.ee\/et\/wp-json\/wp\/v2\/product"}],"about":[{"href":"https:\/\/cleverkids.ee\/et\/wp-json\/wp\/v2\/types\/product"}],"wp:featuredmedia":[{"embeddable":true,"href":"https:\/\/cleverkids.ee\/et\/wp-json\/wp\/v2\/media\/74676"}],"wp:attachment":[{"href":"https:\/\/cleverkids.ee\/et\/wp-json\/wp\/v2\/media?parent=74677"}],"wp:term":[{"taxonomy":"product_brand","embeddable":true,"href":"https:\/\/cleverkids.ee\/et\/wp-json\/wp\/v2\/product_brand?post=74677"},{"taxonomy":"product_cat","embeddable":true,"href":"https:\/\/cleverkids.ee\/et\/wp-json\/wp\/v2\/product_cat?post=74677"},{"taxonomy":"product_tag","embeddable":true,"href":"https:\/\/cleverkids.ee\/et\/wp-json\/wp\/v2\/product_tag?post=74677"}],"curies":[{"name":"wp","href":"https:\/\/api.w.org\/{rel}","templated":true}]}}