{"id":74707,"date":"2025-01-08T20:37:11","date_gmt":"2025-01-08T18:37:11","guid":{"rendered":"https:\/\/cleverkids.ee\/\u041f\u0440\u043e\u0434\u0443\u043a\u0442\/kniga-s-okoshkami-mir-zhivotnyh-50-okoshek\/"},"modified":"2025-01-08T20:38:52","modified_gmt":"2025-01-08T18:38:52","slug":"aknakestega-raamat-loomade-maailm-50-aknakest","status":"publish","type":"product","link":"https:\/\/cleverkids.ee\/et\/product\/aknakestega-raamat-loomade-maailm-50-aknakest\/","title":{"rendered":"Aknakestega raamat \u201eLoomade maailm\u201c, 50 aknakest"},"content":{"rendered":"<p>Raamat \u201eLoomade maailm\u201c 50 aknakesega on p\u00f5nev reis looduse maailma, kus lapsed saavad tutvuda erinevate loomaliikidega. Raamat sisaldab v\u00e4rvilisi illustratsioone ning igal lehek\u00fcljel on aknake, mille taga peitub \u00fcllatus \u2013 vastus loomade kohta esitatud k\u00fcsimusele. See muudab lugemisprotsessi interaktiivseks ja k\u00f6itvaks v\u00e4ikestele lugejatele.<\/p>\n","protected":false},"excerpt":{"rendered":"<p>Raamat \u201eLoomade maailm\u201c 50 aknakesega on p\u00f5nev reis looduse maailma, kus lapsed saavad tutvuda erinevate loomaliikidega. Raamat sisaldab v\u00e4rvilisi illustratsioone ning igal lehek\u00fcljel on aknake, mille taga peitub \u00fcllatus \u2013 vastus loomade kohta esitatud k\u00fcsimusele. See muudab lugemisprotsessi interaktiivseks ja k\u00f6itvaks v\u00e4ikestele lugejatele.<\/p>\n","protected":false},"featured_media":74702,"template":"","meta":{"_monsterinsights_skip_tracking":false,"_monsterinsights_sitenote_active":false,"_monsterinsights_sitenote_note":"","_monsterinsights_sitenote_category":0},"product_brand":[],"product_cat":[54,58],"product_tag":[],"class_list":{"0":"post-74707","1":"product","2":"type-product","3":"status-publish","4":"has-post-thumbnail","6":"product_cat-raamatud-vene-keeles","7":"product_cat-unkategorized","8":"pa_vozrast-ot-0-do-polutora-let-et","9":"pa_vozrast-ot-polutora-do-treh-let-et","11":"first","12":"instock","13":"shipping-taxable","14":"purchasable","15":"product-type-simple"},"yoast_head":"<!-- This site is optimized with the Yoast SEO plugin v25.0 - https:\/\/yoast.com\/wordpress\/plugins\/seo\/ -->\n<title>Aknakestega raamat \u201eLoomade maailm\u201c, 50 aknakest -<\/title>\n<meta name=\"description\" content=\"Aknakestega raamat \u201eLoomade maailm\u201c, 50 aknakest - CLEVER KIDS\" \/>\n<meta name=\"robots\" content=\"index, follow, max-snippet:-1, max-image-preview:large, max-video-preview:-1\" \/>\n<link rel=\"canonical\" href=\"https:\/\/cleverkids.ee\/et\/product\/aknakestega-raamat-loomade-maailm-50-aknakest\/\" \/>\n<meta property=\"og:locale\" content=\"et_EE\" \/>\n<meta property=\"og:type\" content=\"article\" \/>\n<meta property=\"og:title\" content=\"Aknakestega raamat \u201eLoomade maailm\u201c, 50 aknakest -\" \/>\n<meta property=\"og:description\" content=\"Aknakestega raamat \u201eLoomade maailm\u201c, 50 aknakest - CLEVER KIDS\" \/>\n<meta property=\"og:url\" content=\"https:\/\/cleverkids.ee\/et\/product\/aknakestega-raamat-loomade-maailm-50-aknakest\/\" \/>\n<meta property=\"og:site_name\" content=\"CLEVER KIDS\" \/>\n<meta property=\"article:publisher\" content=\"https:\/\/www.facebook.com\/cleverkids.ee\/\" \/>\n<meta property=\"article:modified_time\" content=\"2025-01-08T18:38:52+00:00\" \/>\n<meta property=\"og:image\" content=\"https:\/\/cleverkids.ee\/wp-content\/uploads\/2025\/01\/gWG8jGSXdjwqJmxwrKzXHPw6LrHno6QaEVQ3U3ruhWM.webp\" \/>\n\t<meta property=\"og:image:width\" content=\"1224\" \/>\n\t<meta property=\"og:image:height\" content=\"1224\" \/>\n\t<meta property=\"og:image:type\" content=\"image\/webp\" \/>\n<meta name=\"twitter:card\" content=\"summary_large_image\" \/>\n<meta name=\"twitter:label1\" content=\"Est. reading time\" \/>\n\t<meta name=\"twitter:data1\" content=\"1 minut\" \/>\n<script type=\"application\/ld+json\" class=\"yoast-schema-graph\">{\"@context\":\"https:\/\/schema.org\",\"@graph\":[{\"@type\":\"WebPage\",\"@id\":\"https:\/\/cleverkids.ee\/et\/product\/aknakestega-raamat-loomade-maailm-50-aknakest\/\",\"url\":\"https:\/\/cleverkids.ee\/et\/product\/aknakestega-raamat-loomade-maailm-50-aknakest\/\",\"name\":\"Aknakestega raamat \u201eLoomade maailm\u201c, 50 aknakest -\",\"isPartOf\":{\"@id\":\"https:\/\/cleverkids.ee\/et\/#website\"},\"primaryImageOfPage\":{\"@id\":\"https:\/\/cleverkids.ee\/et\/product\/aknakestega-raamat-loomade-maailm-50-aknakest\/#primaryimage\"},\"image\":{\"@id\":\"https:\/\/cleverkids.ee\/et\/product\/aknakestega-raamat-loomade-maailm-50-aknakest\/#primaryimage\"},\"thumbnailUrl\":\"https:\/\/cleverkids.ee\/wp-content\/uploads\/2025\/01\/gWG8jGSXdjwqJmxwrKzXHPw6LrHno6QaEVQ3U3ruhWM.webp\",\"datePublished\":\"2025-01-08T18:37:11+00:00\",\"dateModified\":\"2025-01-08T18:38:52+00:00\",\"description\":\"Aknakestega raamat \u201eLoomade maailm\u201c, 50 aknakest - CLEVER KIDS\",\"breadcrumb\":{\"@id\":\"https:\/\/cleverkids.ee\/et\/product\/aknakestega-raamat-loomade-maailm-50-aknakest\/#breadcrumb\"},\"inLanguage\":\"et\",\"potentialAction\":[{\"@type\":\"ReadAction\",\"target\":[\"https:\/\/cleverkids.ee\/et\/product\/aknakestega-raamat-loomade-maailm-50-aknakest\/\"]}]},{\"@type\":\"ImageObject\",\"inLanguage\":\"et\",\"@id\":\"https:\/\/cleverkids.ee\/et\/product\/aknakestega-raamat-loomade-maailm-50-aknakest\/#primaryimage\",\"url\":\"https:\/\/cleverkids.ee\/wp-content\/uploads\/2025\/01\/gWG8jGSXdjwqJmxwrKzXHPw6LrHno6QaEVQ3U3ruhWM.webp\",\"contentUrl\":\"https:\/\/cleverkids.ee\/wp-content\/uploads\/2025\/01\/gWG8jGSXdjwqJmxwrKzXHPw6LrHno6QaEVQ3U3ruhWM.webp\",\"width\":1224,\"height\":1224,\"caption\":\"\u041a\u043d\u0438\u0433\u0430 \u0441 \u043e\u043a\u043e\u0448\u043a\u0430\u043c\u0438 \u00ab\u041c\u0438\u0440 \u0436\u0438\u0432\u043e\u0442\u043d\u044b\u0445\u00bb\"},{\"@type\":\"BreadcrumbList\",\"@id\":\"https:\/\/cleverkids.ee\/et\/product\/aknakestega-raamat-loomade-maailm-50-aknakest\/#breadcrumb\",\"itemListElement\":[{\"@type\":\"ListItem\",\"position\":1,\"name\":\"Esileht\",\"item\":\"https:\/\/cleverkids.ee\/et\/\"},{\"@type\":\"ListItem\",\"position\":2,\"name\":\"Tooted\",\"item\":\"https:\/\/cleverkids.ee\/store\/\"},{\"@type\":\"ListItem\",\"position\":3,\"name\":\"Aknakestega raamat \u201eLoomade maailm\u201c, 50 aknakest\"}]},{\"@type\":\"WebSite\",\"@id\":\"https:\/\/cleverkids.ee\/et\/#website\",\"url\":\"https:\/\/cleverkids.ee\/et\/\",\"name\":\"CLEVER KIDS\",\"description\":\"\",\"publisher\":{\"@id\":\"https:\/\/cleverkids.ee\/et\/#organization\"},\"potentialAction\":[{\"@type\":\"SearchAction\",\"target\":{\"@type\":\"EntryPoint\",\"urlTemplate\":\"https:\/\/cleverkids.ee\/et\/?s={search_term_string}\"},\"query-input\":{\"@type\":\"PropertyValueSpecification\",\"valueRequired\":true,\"valueName\":\"search_term_string\"}}],\"inLanguage\":\"et\"},{\"@type\":\"Organization\",\"@id\":\"https:\/\/cleverkids.ee\/et\/#organization\",\"name\":\"CLEVER KIDS\",\"url\":\"https:\/\/cleverkids.ee\/et\/\",\"logo\":{\"@type\":\"ImageObject\",\"inLanguage\":\"et\",\"@id\":\"https:\/\/cleverkids.ee\/et\/#\/schema\/logo\/image\/\",\"url\":\"https:\/\/cleverkids.ee\/wp-content\/uploads\/2024\/02\/image0-1024x1024.png\",\"contentUrl\":\"https:\/\/cleverkids.ee\/wp-content\/uploads\/2024\/02\/image0-1024x1024.png\",\"width\":1024,\"height\":1024,\"caption\":\"CLEVER KIDS\"},\"image\":{\"@id\":\"https:\/\/cleverkids.ee\/et\/#\/schema\/logo\/image\/\"},\"sameAs\":[\"https:\/\/www.facebook.com\/cleverkids.ee\/\",\"https:\/\/www.instagram.com\/cleverkids_ee\/\"]}]}<\/script>\n<!-- \/ Yoast SEO plugin. -->","yoast_head_json":{"title":"Aknakestega raamat \u201eLoomade maailm\u201c, 50 aknakest -","description":"Aknakestega raamat \u201eLoomade maailm\u201c, 50 aknakest - CLEVER KIDS","robots":{"index":"index","follow":"follow","max-snippet":"max-snippet:-1","max-image-preview":"max-image-preview:large","max-video-preview":"max-video-preview:-1"},"canonical":"https:\/\/cleverkids.ee\/et\/product\/aknakestega-raamat-loomade-maailm-50-aknakest\/","og_locale":"et_EE","og_type":"article","og_title":"Aknakestega raamat \u201eLoomade maailm\u201c, 50 aknakest -","og_description":"Aknakestega raamat \u201eLoomade maailm\u201c, 50 aknakest - CLEVER KIDS","og_url":"https:\/\/cleverkids.ee\/et\/product\/aknakestega-raamat-loomade-maailm-50-aknakest\/","og_site_name":"CLEVER KIDS","article_publisher":"https:\/\/www.facebook.com\/cleverkids.ee\/","article_modified_time":"2025-01-08T18:38:52+00:00","og_image":[{"width":1224,"height":1224,"url":"https:\/\/cleverkids.ee\/wp-content\/uploads\/2025\/01\/gWG8jGSXdjwqJmxwrKzXHPw6LrHno6QaEVQ3U3ruhWM.webp","type":"image\/webp"}],"twitter_card":"summary_large_image","twitter_misc":{"Est. reading time":"1 minut"},"schema":{"@context":"https:\/\/schema.org","@graph":[{"@type":"WebPage","@id":"https:\/\/cleverkids.ee\/et\/product\/aknakestega-raamat-loomade-maailm-50-aknakest\/","url":"https:\/\/cleverkids.ee\/et\/product\/aknakestega-raamat-loomade-maailm-50-aknakest\/","name":"Aknakestega raamat \u201eLoomade maailm\u201c, 50 aknakest -","isPartOf":{"@id":"https:\/\/cleverkids.ee\/et\/#website"},"primaryImageOfPage":{"@id":"https:\/\/cleverkids.ee\/et\/product\/aknakestega-raamat-loomade-maailm-50-aknakest\/#primaryimage"},"image":{"@id":"https:\/\/cleverkids.ee\/et\/product\/aknakestega-raamat-loomade-maailm-50-aknakest\/#primaryimage"},"thumbnailUrl":"https:\/\/cleverkids.ee\/wp-content\/uploads\/2025\/01\/gWG8jGSXdjwqJmxwrKzXHPw6LrHno6QaEVQ3U3ruhWM.webp","datePublished":"2025-01-08T18:37:11+00:00","dateModified":"2025-01-08T18:38:52+00:00","description":"Aknakestega raamat \u201eLoomade maailm\u201c, 50 aknakest - CLEVER KIDS","breadcrumb":{"@id":"https:\/\/cleverkids.ee\/et\/product\/aknakestega-raamat-loomade-maailm-50-aknakest\/#breadcrumb"},"inLanguage":"et","potentialAction":[{"@type":"ReadAction","target":["https:\/\/cleverkids.ee\/et\/product\/aknakestega-raamat-loomade-maailm-50-aknakest\/"]}]},{"@type":"ImageObject","inLanguage":"et","@id":"https:\/\/cleverkids.ee\/et\/product\/aknakestega-raamat-loomade-maailm-50-aknakest\/#primaryimage","url":"https:\/\/cleverkids.ee\/wp-content\/uploads\/2025\/01\/gWG8jGSXdjwqJmxwrKzXHPw6LrHno6QaEVQ3U3ruhWM.webp","contentUrl":"https:\/\/cleverkids.ee\/wp-content\/uploads\/2025\/01\/gWG8jGSXdjwqJmxwrKzXHPw6LrHno6QaEVQ3U3ruhWM.webp","width":1224,"height":1224,"caption":"\u041a\u043d\u0438\u0433\u0430 \u0441 \u043e\u043a\u043e\u0448\u043a\u0430\u043c\u0438 \u00ab\u041c\u0438\u0440 \u0436\u0438\u0432\u043e\u0442\u043d\u044b\u0445\u00bb"},{"@type":"BreadcrumbList","@id":"https:\/\/cleverkids.ee\/et\/product\/aknakestega-raamat-loomade-maailm-50-aknakest\/#breadcrumb","itemListElement":[{"@type":"ListItem","position":1,"name":"Esileht","item":"https:\/\/cleverkids.ee\/et\/"},{"@type":"ListItem","position":2,"name":"Tooted","item":"https:\/\/cleverkids.ee\/store\/"},{"@type":"ListItem","position":3,"name":"Aknakestega raamat \u201eLoomade maailm\u201c, 50 aknakest"}]},{"@type":"WebSite","@id":"https:\/\/cleverkids.ee\/et\/#website","url":"https:\/\/cleverkids.ee\/et\/","name":"CLEVER KIDS","description":"","publisher":{"@id":"https:\/\/cleverkids.ee\/et\/#organization"},"potentialAction":[{"@type":"SearchAction","target":{"@type":"EntryPoint","urlTemplate":"https:\/\/cleverkids.ee\/et\/?s={search_term_string}"},"query-input":{"@type":"PropertyValueSpecification","valueRequired":true,"valueName":"search_term_string"}}],"inLanguage":"et"},{"@type":"Organization","@id":"https:\/\/cleverkids.ee\/et\/#organization","name":"CLEVER KIDS","url":"https:\/\/cleverkids.ee\/et\/","logo":{"@type":"ImageObject","inLanguage":"et","@id":"https:\/\/cleverkids.ee\/et\/#\/schema\/logo\/image\/","url":"https:\/\/cleverkids.ee\/wp-content\/uploads\/2024\/02\/image0-1024x1024.png","contentUrl":"https:\/\/cleverkids.ee\/wp-content\/uploads\/2024\/02\/image0-1024x1024.png","width":1024,"height":1024,"caption":"CLEVER KIDS"},"image":{"@id":"https:\/\/cleverkids.ee\/et\/#\/schema\/logo\/image\/"},"sameAs":["https:\/\/www.facebook.com\/cleverkids.ee\/","https:\/\/www.instagram.com\/cleverkids_ee\/"]}]}},"_links":{"self":[{"href":"https:\/\/cleverkids.ee\/et\/wp-json\/wp\/v2\/product\/74707","targetHints":{"allow":["GET"]}}],"collection":[{"href":"https:\/\/cleverkids.ee\/et\/wp-json\/wp\/v2\/product"}],"about":[{"href":"https:\/\/cleverkids.ee\/et\/wp-json\/wp\/v2\/types\/product"}],"wp:featuredmedia":[{"embeddable":true,"href":"https:\/\/cleverkids.ee\/et\/wp-json\/wp\/v2\/media\/74702"}],"wp:attachment":[{"href":"https:\/\/cleverkids.ee\/et\/wp-json\/wp\/v2\/media?parent=74707"}],"wp:term":[{"taxonomy":"product_brand","embeddable":true,"href":"https:\/\/cleverkids.ee\/et\/wp-json\/wp\/v2\/product_brand?post=74707"},{"taxonomy":"product_cat","embeddable":true,"href":"https:\/\/cleverkids.ee\/et\/wp-json\/wp\/v2\/product_cat?post=74707"},{"taxonomy":"product_tag","embeddable":true,"href":"https:\/\/cleverkids.ee\/et\/wp-json\/wp\/v2\/product_tag?post=74707"}],"curies":[{"name":"wp","href":"https:\/\/api.w.org\/{rel}","templated":true}]}}