{"id":74752,"date":"2025-01-13T12:39:53","date_gmt":"2025-01-13T10:39:53","guid":{"rendered":"https:\/\/cleverkids.ee\/\u041f\u0440\u043e\u0434\u0443\u043a\u0442\/entsiklopediya-kak-vsyo-ustroeno-64-str\/"},"modified":"2025-10-20T19:21:58","modified_gmt":"2025-10-20T16:21:58","slug":"entsuklopeedia-kuidas-koik-toimib-64-lk","status":"publish","type":"product","link":"https:\/\/cleverkids.ee\/et\/product\/entsuklopeedia-kuidas-koik-toimib-64-lk\/","title":{"rendered":"Ents\u00fcklopeedia \u201eKuidas k\u00f5ik toimib\u201c, 64 lk."},"content":{"rendered":"<div class=\"p9jiPT aCeHAX\" data-testid=\"about-section-description\">\n<p>Ents\u00fcklopeedia \u201eKuidas k\u00f5ik toimib\u201c on suurep\u00e4rane valik lastele alates 5. eluaastast, kes tunnevad huvi \u00fcmbritseva maailma vastu. Raamat sisaldab vastuseid 70 p\u00f5nevale k\u00fcsimusele, mis avavad kosmose, Maa, loomade maailma, inimkeha ja tuntud leiutiste saladusi. See on haarav teekond teadmiste maailma, mis on kirjutatud lihtsas ja arusaadavas keeles.<\/p>\n<h3>Sisukord:<\/h3>\n<ul>\n<li>Mis toimub kosmoses?<\/li>\n<li>Kuidas on Maa \u00fcles ehitatud?<\/li>\n<li>Kui h\u00e4mmastav on elusloodus.<\/li>\n<li>Kuidas t\u00f6\u00f6tab meie keha?<\/li>\n<li>Kuidas see avastati?<\/li>\n<li>Kuidas see t\u00f6\u00f6tab?<\/li>\n<\/ul>\n<\/div>\n","protected":false},"excerpt":{"rendered":"<p>Ents\u00fcklopeedia \u201eKuidas k\u00f5ik toimib\u201c on suurep\u00e4rane valik lastele alates 5. eluaastast, kes tunnevad huvi \u00fcmbritseva maailma vastu. Raamat sisaldab vastuseid 70 p\u00f5nevale k\u00fcsimusele, mis avavad kosmose, Maa, loomade maailma, inimkeha ja tuntud leiutiste saladusi. See on haarav teekond teadmiste maailma, mis on kirjutatud lihtsas ja arusaadavas keeles. Sisukord: Mis toimub kosmoses? Kuidas on Maa \u00fcles [&hellip;]<\/p>\n","protected":false},"featured_media":74751,"template":"","meta":{"_monsterinsights_skip_tracking":false,"_monsterinsights_sitenote_active":false,"_monsterinsights_sitenote_note":"","_monsterinsights_sitenote_category":0},"product_brand":[],"product_cat":[54,58],"product_tag":[],"class_list":{"0":"post-74752","1":"product","2":"type-product","3":"status-publish","4":"has-post-thumbnail","6":"product_cat-raamatud-vene-keeles","7":"product_cat-unkategorized","8":"pa_vozrast-ot-5-let-et","10":"first","11":"instock","12":"shipping-taxable","13":"purchasable","14":"product-type-simple"},"yoast_head":"<!-- This site is optimized with the Yoast SEO plugin v25.0 - https:\/\/yoast.com\/wordpress\/plugins\/seo\/ -->\n<title>Ents\u00fcklopeedia \u201eKuidas k\u00f5ik toimib\u201c, 64 lk. -<\/title>\n<meta name=\"description\" content=\"Ents\u00fcklopeedia \u201eKuidas k\u00f5ik toimib\u201c, 64 lk. - CLEVER KIDS\" \/>\n<meta name=\"robots\" content=\"index, follow, max-snippet:-1, max-image-preview:large, max-video-preview:-1\" \/>\n<link rel=\"canonical\" href=\"https:\/\/cleverkids.ee\/et\/product\/entsuklopeedia-kuidas-koik-toimib-64-lk\/\" \/>\n<meta property=\"og:locale\" content=\"et_EE\" \/>\n<meta property=\"og:type\" content=\"article\" \/>\n<meta property=\"og:title\" content=\"Ents\u00fcklopeedia \u201eKuidas k\u00f5ik toimib\u201c, 64 lk. -\" \/>\n<meta property=\"og:description\" content=\"Ents\u00fcklopeedia \u201eKuidas k\u00f5ik toimib\u201c, 64 lk. - CLEVER KIDS\" \/>\n<meta property=\"og:url\" content=\"https:\/\/cleverkids.ee\/et\/product\/entsuklopeedia-kuidas-koik-toimib-64-lk\/\" \/>\n<meta property=\"og:site_name\" content=\"CLEVER KIDS\" \/>\n<meta property=\"article:publisher\" content=\"https:\/\/www.facebook.com\/cleverkids.ee\/\" \/>\n<meta property=\"article:modified_time\" content=\"2025-10-20T16:21:58+00:00\" \/>\n<meta property=\"og:image\" content=\"https:\/\/cleverkids.ee\/wp-content\/uploads\/2025\/01\/1600-43-5.jpg\" \/>\n\t<meta property=\"og:image:width\" content=\"1600\" \/>\n\t<meta property=\"og:image:height\" content=\"1600\" \/>\n\t<meta property=\"og:image:type\" content=\"image\/jpeg\" \/>\n<meta name=\"twitter:card\" content=\"summary_large_image\" \/>\n<meta name=\"twitter:label1\" content=\"Est. reading time\" \/>\n\t<meta name=\"twitter:data1\" content=\"1 minut\" \/>\n<script type=\"application\/ld+json\" class=\"yoast-schema-graph\">{\"@context\":\"https:\/\/schema.org\",\"@graph\":[{\"@type\":\"WebPage\",\"@id\":\"https:\/\/cleverkids.ee\/et\/product\/entsuklopeedia-kuidas-koik-toimib-64-lk\/\",\"url\":\"https:\/\/cleverkids.ee\/et\/product\/entsuklopeedia-kuidas-koik-toimib-64-lk\/\",\"name\":\"Ents\u00fcklopeedia \u201eKuidas k\u00f5ik toimib\u201c, 64 lk. -\",\"isPartOf\":{\"@id\":\"https:\/\/cleverkids.ee\/et\/#website\"},\"primaryImageOfPage\":{\"@id\":\"https:\/\/cleverkids.ee\/et\/product\/entsuklopeedia-kuidas-koik-toimib-64-lk\/#primaryimage\"},\"image\":{\"@id\":\"https:\/\/cleverkids.ee\/et\/product\/entsuklopeedia-kuidas-koik-toimib-64-lk\/#primaryimage\"},\"thumbnailUrl\":\"https:\/\/cleverkids.ee\/wp-content\/uploads\/2025\/01\/1600-43-5.jpg\",\"datePublished\":\"2025-01-13T10:39:53+00:00\",\"dateModified\":\"2025-10-20T16:21:58+00:00\",\"description\":\"Ents\u00fcklopeedia \u201eKuidas k\u00f5ik toimib\u201c, 64 lk. - CLEVER KIDS\",\"breadcrumb\":{\"@id\":\"https:\/\/cleverkids.ee\/et\/product\/entsuklopeedia-kuidas-koik-toimib-64-lk\/#breadcrumb\"},\"inLanguage\":\"et\",\"potentialAction\":[{\"@type\":\"ReadAction\",\"target\":[\"https:\/\/cleverkids.ee\/et\/product\/entsuklopeedia-kuidas-koik-toimib-64-lk\/\"]}]},{\"@type\":\"ImageObject\",\"inLanguage\":\"et\",\"@id\":\"https:\/\/cleverkids.ee\/et\/product\/entsuklopeedia-kuidas-koik-toimib-64-lk\/#primaryimage\",\"url\":\"https:\/\/cleverkids.ee\/wp-content\/uploads\/2025\/01\/1600-43-5.jpg\",\"contentUrl\":\"https:\/\/cleverkids.ee\/wp-content\/uploads\/2025\/01\/1600-43-5.jpg\",\"width\":1600,\"height\":1600,\"caption\":\"\u042d\u043d\u0446\u0438\u043a\u043b\u043e\u043f\u0435\u0434\u0438\u044f \u00ab\u041a\u0430\u043a \u0432\u0441\u0451 \u0443\u0441\u0442\u0440\u043e\u0435\u043d\u043e\u00bb\"},{\"@type\":\"BreadcrumbList\",\"@id\":\"https:\/\/cleverkids.ee\/et\/product\/entsuklopeedia-kuidas-koik-toimib-64-lk\/#breadcrumb\",\"itemListElement\":[{\"@type\":\"ListItem\",\"position\":1,\"name\":\"Esileht\",\"item\":\"https:\/\/cleverkids.ee\/et\/\"},{\"@type\":\"ListItem\",\"position\":2,\"name\":\"Tooted\",\"item\":\"https:\/\/cleverkids.ee\/store\/\"},{\"@type\":\"ListItem\",\"position\":3,\"name\":\"Ents\u00fcklopeedia \u201eKuidas k\u00f5ik toimib\u201c, 64 lk.\"}]},{\"@type\":\"WebSite\",\"@id\":\"https:\/\/cleverkids.ee\/et\/#website\",\"url\":\"https:\/\/cleverkids.ee\/et\/\",\"name\":\"CLEVER KIDS\",\"description\":\"\",\"publisher\":{\"@id\":\"https:\/\/cleverkids.ee\/et\/#organization\"},\"potentialAction\":[{\"@type\":\"SearchAction\",\"target\":{\"@type\":\"EntryPoint\",\"urlTemplate\":\"https:\/\/cleverkids.ee\/et\/?s={search_term_string}\"},\"query-input\":{\"@type\":\"PropertyValueSpecification\",\"valueRequired\":true,\"valueName\":\"search_term_string\"}}],\"inLanguage\":\"et\"},{\"@type\":\"Organization\",\"@id\":\"https:\/\/cleverkids.ee\/et\/#organization\",\"name\":\"CLEVER KIDS\",\"url\":\"https:\/\/cleverkids.ee\/et\/\",\"logo\":{\"@type\":\"ImageObject\",\"inLanguage\":\"et\",\"@id\":\"https:\/\/cleverkids.ee\/et\/#\/schema\/logo\/image\/\",\"url\":\"https:\/\/cleverkids.ee\/wp-content\/uploads\/2024\/02\/image0-1024x1024.png\",\"contentUrl\":\"https:\/\/cleverkids.ee\/wp-content\/uploads\/2024\/02\/image0-1024x1024.png\",\"width\":1024,\"height\":1024,\"caption\":\"CLEVER KIDS\"},\"image\":{\"@id\":\"https:\/\/cleverkids.ee\/et\/#\/schema\/logo\/image\/\"},\"sameAs\":[\"https:\/\/www.facebook.com\/cleverkids.ee\/\",\"https:\/\/www.instagram.com\/cleverkids_ee\/\"]}]}<\/script>\n<!-- \/ Yoast SEO plugin. -->","yoast_head_json":{"title":"Ents\u00fcklopeedia \u201eKuidas k\u00f5ik toimib\u201c, 64 lk. -","description":"Ents\u00fcklopeedia \u201eKuidas k\u00f5ik toimib\u201c, 64 lk. - CLEVER KIDS","robots":{"index":"index","follow":"follow","max-snippet":"max-snippet:-1","max-image-preview":"max-image-preview:large","max-video-preview":"max-video-preview:-1"},"canonical":"https:\/\/cleverkids.ee\/et\/product\/entsuklopeedia-kuidas-koik-toimib-64-lk\/","og_locale":"et_EE","og_type":"article","og_title":"Ents\u00fcklopeedia \u201eKuidas k\u00f5ik toimib\u201c, 64 lk. -","og_description":"Ents\u00fcklopeedia \u201eKuidas k\u00f5ik toimib\u201c, 64 lk. - CLEVER KIDS","og_url":"https:\/\/cleverkids.ee\/et\/product\/entsuklopeedia-kuidas-koik-toimib-64-lk\/","og_site_name":"CLEVER KIDS","article_publisher":"https:\/\/www.facebook.com\/cleverkids.ee\/","article_modified_time":"2025-10-20T16:21:58+00:00","og_image":[{"width":1600,"height":1600,"url":"https:\/\/cleverkids.ee\/wp-content\/uploads\/2025\/01\/1600-43-5.jpg","type":"image\/jpeg"}],"twitter_card":"summary_large_image","twitter_misc":{"Est. reading time":"1 minut"},"schema":{"@context":"https:\/\/schema.org","@graph":[{"@type":"WebPage","@id":"https:\/\/cleverkids.ee\/et\/product\/entsuklopeedia-kuidas-koik-toimib-64-lk\/","url":"https:\/\/cleverkids.ee\/et\/product\/entsuklopeedia-kuidas-koik-toimib-64-lk\/","name":"Ents\u00fcklopeedia \u201eKuidas k\u00f5ik toimib\u201c, 64 lk. -","isPartOf":{"@id":"https:\/\/cleverkids.ee\/et\/#website"},"primaryImageOfPage":{"@id":"https:\/\/cleverkids.ee\/et\/product\/entsuklopeedia-kuidas-koik-toimib-64-lk\/#primaryimage"},"image":{"@id":"https:\/\/cleverkids.ee\/et\/product\/entsuklopeedia-kuidas-koik-toimib-64-lk\/#primaryimage"},"thumbnailUrl":"https:\/\/cleverkids.ee\/wp-content\/uploads\/2025\/01\/1600-43-5.jpg","datePublished":"2025-01-13T10:39:53+00:00","dateModified":"2025-10-20T16:21:58+00:00","description":"Ents\u00fcklopeedia \u201eKuidas k\u00f5ik toimib\u201c, 64 lk. - CLEVER KIDS","breadcrumb":{"@id":"https:\/\/cleverkids.ee\/et\/product\/entsuklopeedia-kuidas-koik-toimib-64-lk\/#breadcrumb"},"inLanguage":"et","potentialAction":[{"@type":"ReadAction","target":["https:\/\/cleverkids.ee\/et\/product\/entsuklopeedia-kuidas-koik-toimib-64-lk\/"]}]},{"@type":"ImageObject","inLanguage":"et","@id":"https:\/\/cleverkids.ee\/et\/product\/entsuklopeedia-kuidas-koik-toimib-64-lk\/#primaryimage","url":"https:\/\/cleverkids.ee\/wp-content\/uploads\/2025\/01\/1600-43-5.jpg","contentUrl":"https:\/\/cleverkids.ee\/wp-content\/uploads\/2025\/01\/1600-43-5.jpg","width":1600,"height":1600,"caption":"\u042d\u043d\u0446\u0438\u043a\u043b\u043e\u043f\u0435\u0434\u0438\u044f \u00ab\u041a\u0430\u043a \u0432\u0441\u0451 \u0443\u0441\u0442\u0440\u043e\u0435\u043d\u043e\u00bb"},{"@type":"BreadcrumbList","@id":"https:\/\/cleverkids.ee\/et\/product\/entsuklopeedia-kuidas-koik-toimib-64-lk\/#breadcrumb","itemListElement":[{"@type":"ListItem","position":1,"name":"Esileht","item":"https:\/\/cleverkids.ee\/et\/"},{"@type":"ListItem","position":2,"name":"Tooted","item":"https:\/\/cleverkids.ee\/store\/"},{"@type":"ListItem","position":3,"name":"Ents\u00fcklopeedia \u201eKuidas k\u00f5ik toimib\u201c, 64 lk."}]},{"@type":"WebSite","@id":"https:\/\/cleverkids.ee\/et\/#website","url":"https:\/\/cleverkids.ee\/et\/","name":"CLEVER KIDS","description":"","publisher":{"@id":"https:\/\/cleverkids.ee\/et\/#organization"},"potentialAction":[{"@type":"SearchAction","target":{"@type":"EntryPoint","urlTemplate":"https:\/\/cleverkids.ee\/et\/?s={search_term_string}"},"query-input":{"@type":"PropertyValueSpecification","valueRequired":true,"valueName":"search_term_string"}}],"inLanguage":"et"},{"@type":"Organization","@id":"https:\/\/cleverkids.ee\/et\/#organization","name":"CLEVER KIDS","url":"https:\/\/cleverkids.ee\/et\/","logo":{"@type":"ImageObject","inLanguage":"et","@id":"https:\/\/cleverkids.ee\/et\/#\/schema\/logo\/image\/","url":"https:\/\/cleverkids.ee\/wp-content\/uploads\/2024\/02\/image0-1024x1024.png","contentUrl":"https:\/\/cleverkids.ee\/wp-content\/uploads\/2024\/02\/image0-1024x1024.png","width":1024,"height":1024,"caption":"CLEVER KIDS"},"image":{"@id":"https:\/\/cleverkids.ee\/et\/#\/schema\/logo\/image\/"},"sameAs":["https:\/\/www.facebook.com\/cleverkids.ee\/","https:\/\/www.instagram.com\/cleverkids_ee\/"]}]}},"_links":{"self":[{"href":"https:\/\/cleverkids.ee\/et\/wp-json\/wp\/v2\/product\/74752","targetHints":{"allow":["GET"]}}],"collection":[{"href":"https:\/\/cleverkids.ee\/et\/wp-json\/wp\/v2\/product"}],"about":[{"href":"https:\/\/cleverkids.ee\/et\/wp-json\/wp\/v2\/types\/product"}],"wp:featuredmedia":[{"embeddable":true,"href":"https:\/\/cleverkids.ee\/et\/wp-json\/wp\/v2\/media\/74751"}],"wp:attachment":[{"href":"https:\/\/cleverkids.ee\/et\/wp-json\/wp\/v2\/media?parent=74752"}],"wp:term":[{"taxonomy":"product_brand","embeddable":true,"href":"https:\/\/cleverkids.ee\/et\/wp-json\/wp\/v2\/product_brand?post=74752"},{"taxonomy":"product_cat","embeddable":true,"href":"https:\/\/cleverkids.ee\/et\/wp-json\/wp\/v2\/product_cat?post=74752"},{"taxonomy":"product_tag","embeddable":true,"href":"https:\/\/cleverkids.ee\/et\/wp-json\/wp\/v2\/product_tag?post=74752"}],"curies":[{"name":"wp","href":"https:\/\/api.w.org\/{rel}","templated":true}]}}