{"id":74786,"date":"2025-01-15T16:51:38","date_gmt":"2025-01-15T14:51:38","guid":{"rendered":"https:\/\/cleverkids.ee\/\u041f\u0440\u043e\u0434\u0443\u043a\u0442\/razvivayushhij-nabor-geometricheskaya-mozaika-po-metodike-montessori-3\/"},"modified":"2026-05-01T23:45:40","modified_gmt":"2026-05-01T20:45:40","slug":"arendav-komplekt-geomeetriline-mosaiik-montessori-meetodil-3","status":"publish","type":"product","link":"https:\/\/cleverkids.ee\/et\/product\/arendav-komplekt-geomeetriline-mosaiik-montessori-meetodil-3\/","title":{"rendered":"Arendav komplekt \u201eGeomeetriline mosaiik\u201c Montessori meetodil, 3+"},"content":{"rendered":"<div class=\"p9jiPT aCeHAX\" data-testid=\"about-section-description\">\n<p>Lapsele pakuvad r\u00f5\u00f5mu p\u00f5nevad seiklused vallatute loomakestega ja huvitavad \u00fclesanded, mis arendavad loogilist m\u00f5tlemist. See tegevus tutvustab lapsele geomeetriliste kujundite omadusi ja v\u00e4rvide nimetusi.<\/p>\n<h3>Komplekti omadused<\/h3>\n<ul>\n<li><strong>Geomeetriliste kujundite tundma\u00f5ppimine<\/strong>: Laps \u00f5pib tundma erinevaid kujundeid, nagu ring, ruut, ristk\u00fclik, kolmnurk ja teised.<\/li>\n<li><strong>Pildid kaartidelt<\/strong>: Kaartidel olevate \u00fclesannete j\u00e4rgi saab laps detailidest pilte kokku panna.<\/li>\n<li><strong>Mugavad ja suured detailid<\/strong>: Mosaiigi v\u00e4rvilised detailid on piisavalt suured, et lapsel oleks nendega mugav m\u00e4ngida ja kujundeid v\u00f5i mustreid luua.<\/li>\n<li><strong>Arendab mitmeid oskusi<\/strong>: \u201eGeomeetrilise mosaiigi\u201c abil arendab laps t\u00e4helepanu ja peenmotoorikat.<\/li>\n<\/ul>\n<h3>Komplekti sisu<\/h3>\n<ul>\n<li><strong>Kaardid<\/strong>: 5 tk, m\u00f5\u00f5tmed 15 \u00d7 15 cm.<\/li>\n<li><strong>Ruut<\/strong>: 5 \u00d7 5 \u00d7 0,3 cm.<\/li>\n<li><strong>Ring<\/strong>: 5 \u00d7 5 \u00d7 0,3 cm.<\/li>\n<li><strong>Ristk\u00fclik<\/strong>: 7 \u00d7 3 \u00d7 0,3 cm.<\/li>\n<li><strong>Kolmnurk<\/strong>: 6,5 \u00d7 3,6 \u00d7 0,3 cm.<\/li>\n<li><strong>Romb<\/strong>: 6,5 \u00d7 3 \u00d7 0,3 cm.<\/li>\n<\/ul>\n<\/div>\n","protected":false},"excerpt":{"rendered":"<p>Lapsele pakuvad r\u00f5\u00f5mu p\u00f5nevad seiklused vallatute loomakestega ja huvitavad \u00fclesanded, mis arendavad loogilist m\u00f5tlemist. See tegevus tutvustab lapsele geomeetriliste kujundite omadusi ja v\u00e4rvide nimetusi. Komplekti omadused Geomeetriliste kujundite tundma\u00f5ppimine: Laps \u00f5pib tundma erinevaid kujundeid, nagu ring, ruut, ristk\u00fclik, kolmnurk ja teised. Pildid kaartidelt: Kaartidel olevate \u00fclesannete j\u00e4rgi saab laps detailidest pilte kokku panna. Mugavad ja [&hellip;]<\/p>\n","protected":false},"featured_media":74783,"template":"","meta":{"_monsterinsights_skip_tracking":false,"_monsterinsights_sitenote_active":false,"_monsterinsights_sitenote_note":"","_monsterinsights_sitenote_category":0},"product_brand":[],"product_cat":[50,58],"product_tag":[],"class_list":{"0":"post-74786","1":"product","2":"type-product","3":"status-publish","4":"has-post-thumbnail","6":"product_cat-arendavad-manguasjad","7":"product_cat-unkategorized","8":"pa_vozrast-ot-polutora-do-treh-let-et","9":"pa_vozrast-ot-3-do-5-let-et","11":"first","12":"instock","13":"shipping-taxable","14":"purchasable","15":"product-type-simple"},"yoast_head":"<!-- This site is optimized with the Yoast SEO plugin v25.0 - https:\/\/yoast.com\/wordpress\/plugins\/seo\/ -->\n<title>Arendav komplekt \u201eGeomeetriline mosaiik\u201c Montessori meetodil, 3+ -<\/title>\n<meta name=\"description\" content=\"Arendav komplekt \u201eGeomeetriline mosaiik\u201c Montessori meetodil, 3+ - CLEVER KIDS\" \/>\n<meta name=\"robots\" content=\"index, follow, max-snippet:-1, max-image-preview:large, max-video-preview:-1\" \/>\n<link rel=\"canonical\" href=\"https:\/\/cleverkids.ee\/et\/product\/arendav-komplekt-geomeetriline-mosaiik-montessori-meetodil-3\/\" \/>\n<meta property=\"og:locale\" content=\"et_EE\" \/>\n<meta property=\"og:type\" content=\"article\" \/>\n<meta property=\"og:title\" content=\"Arendav komplekt \u201eGeomeetriline mosaiik\u201c Montessori meetodil, 3+ -\" \/>\n<meta property=\"og:description\" content=\"Arendav komplekt \u201eGeomeetriline mosaiik\u201c Montessori meetodil, 3+ - CLEVER KIDS\" \/>\n<meta property=\"og:url\" content=\"https:\/\/cleverkids.ee\/et\/product\/arendav-komplekt-geomeetriline-mosaiik-montessori-meetodil-3\/\" \/>\n<meta property=\"og:site_name\" content=\"CLEVER KIDS\" \/>\n<meta property=\"article:publisher\" content=\"https:\/\/www.facebook.com\/cleverkids.ee\/\" \/>\n<meta property=\"article:modified_time\" content=\"2026-05-01T20:45:40+00:00\" \/>\n<meta property=\"og:image\" content=\"https:\/\/cleverkids.ee\/wp-content\/uploads\/2025\/01\/6427283839.webp\" \/>\n\t<meta property=\"og:image:width\" content=\"700\" \/>\n\t<meta property=\"og:image:height\" content=\"700\" \/>\n\t<meta property=\"og:image:type\" content=\"image\/webp\" \/>\n<meta name=\"twitter:card\" content=\"summary_large_image\" \/>\n<meta name=\"twitter:label1\" content=\"Est. reading time\" \/>\n\t<meta name=\"twitter:data1\" content=\"1 minut\" \/>\n<script type=\"application\/ld+json\" class=\"yoast-schema-graph\">{\"@context\":\"https:\/\/schema.org\",\"@graph\":[{\"@type\":\"WebPage\",\"@id\":\"https:\/\/cleverkids.ee\/et\/product\/arendav-komplekt-geomeetriline-mosaiik-montessori-meetodil-3\/\",\"url\":\"https:\/\/cleverkids.ee\/et\/product\/arendav-komplekt-geomeetriline-mosaiik-montessori-meetodil-3\/\",\"name\":\"Arendav komplekt \u201eGeomeetriline mosaiik\u201c Montessori meetodil, 3+ -\",\"isPartOf\":{\"@id\":\"https:\/\/cleverkids.ee\/et\/#website\"},\"primaryImageOfPage\":{\"@id\":\"https:\/\/cleverkids.ee\/et\/product\/arendav-komplekt-geomeetriline-mosaiik-montessori-meetodil-3\/#primaryimage\"},\"image\":{\"@id\":\"https:\/\/cleverkids.ee\/et\/product\/arendav-komplekt-geomeetriline-mosaiik-montessori-meetodil-3\/#primaryimage\"},\"thumbnailUrl\":\"https:\/\/cleverkids.ee\/wp-content\/uploads\/2025\/01\/6427283839.webp\",\"datePublished\":\"2025-01-15T14:51:38+00:00\",\"dateModified\":\"2026-05-01T20:45:40+00:00\",\"description\":\"Arendav komplekt \u201eGeomeetriline mosaiik\u201c Montessori meetodil, 3+ - CLEVER KIDS\",\"breadcrumb\":{\"@id\":\"https:\/\/cleverkids.ee\/et\/product\/arendav-komplekt-geomeetriline-mosaiik-montessori-meetodil-3\/#breadcrumb\"},\"inLanguage\":\"et\",\"potentialAction\":[{\"@type\":\"ReadAction\",\"target\":[\"https:\/\/cleverkids.ee\/et\/product\/arendav-komplekt-geomeetriline-mosaiik-montessori-meetodil-3\/\"]}]},{\"@type\":\"ImageObject\",\"inLanguage\":\"et\",\"@id\":\"https:\/\/cleverkids.ee\/et\/product\/arendav-komplekt-geomeetriline-mosaiik-montessori-meetodil-3\/#primaryimage\",\"url\":\"https:\/\/cleverkids.ee\/wp-content\/uploads\/2025\/01\/6427283839.webp\",\"contentUrl\":\"https:\/\/cleverkids.ee\/wp-content\/uploads\/2025\/01\/6427283839.webp\",\"width\":700,\"height\":700,\"caption\":\"\u0420\u0430\u0437\u0432\u0438\u0432\u0430\u044e\u0449\u0438\u0439 \u043d\u0430\u0431\u043e\u0440 \u00ab\u0413\u0435\u043e\u043c\u0435\u0442\u0440\u0438\u0447\u0435\u0441\u043a\u0430\u044f \u043c\u043e\u0437\u0430\u0438\u043a\u0430\u00bb, \u043f\u043e \u043c\u0435\u0442\u043e\u0434\u0438\u043a\u0435 \u041c\u043e\u043d\u0442\u0435\u0441\u0441\u043e\u0440\u0438, 10 \u0437\u0430\u0434\u0430\u043d\u0438\u0439, 3+\"},{\"@type\":\"BreadcrumbList\",\"@id\":\"https:\/\/cleverkids.ee\/et\/product\/arendav-komplekt-geomeetriline-mosaiik-montessori-meetodil-3\/#breadcrumb\",\"itemListElement\":[{\"@type\":\"ListItem\",\"position\":1,\"name\":\"Esileht\",\"item\":\"https:\/\/cleverkids.ee\/et\/\"},{\"@type\":\"ListItem\",\"position\":2,\"name\":\"Tooted\",\"item\":\"https:\/\/cleverkids.ee\/store\/\"},{\"@type\":\"ListItem\",\"position\":3,\"name\":\"Arendav komplekt \u201eGeomeetriline mosaiik\u201c Montessori meetodil, 3+\"}]},{\"@type\":\"WebSite\",\"@id\":\"https:\/\/cleverkids.ee\/et\/#website\",\"url\":\"https:\/\/cleverkids.ee\/et\/\",\"name\":\"CLEVER KIDS\",\"description\":\"\",\"publisher\":{\"@id\":\"https:\/\/cleverkids.ee\/et\/#organization\"},\"potentialAction\":[{\"@type\":\"SearchAction\",\"target\":{\"@type\":\"EntryPoint\",\"urlTemplate\":\"https:\/\/cleverkids.ee\/et\/?s={search_term_string}\"},\"query-input\":{\"@type\":\"PropertyValueSpecification\",\"valueRequired\":true,\"valueName\":\"search_term_string\"}}],\"inLanguage\":\"et\"},{\"@type\":\"Organization\",\"@id\":\"https:\/\/cleverkids.ee\/et\/#organization\",\"name\":\"CLEVER KIDS\",\"url\":\"https:\/\/cleverkids.ee\/et\/\",\"logo\":{\"@type\":\"ImageObject\",\"inLanguage\":\"et\",\"@id\":\"https:\/\/cleverkids.ee\/et\/#\/schema\/logo\/image\/\",\"url\":\"https:\/\/cleverkids.ee\/wp-content\/uploads\/2024\/02\/image0-1024x1024.png\",\"contentUrl\":\"https:\/\/cleverkids.ee\/wp-content\/uploads\/2024\/02\/image0-1024x1024.png\",\"width\":1024,\"height\":1024,\"caption\":\"CLEVER KIDS\"},\"image\":{\"@id\":\"https:\/\/cleverkids.ee\/et\/#\/schema\/logo\/image\/\"},\"sameAs\":[\"https:\/\/www.facebook.com\/cleverkids.ee\/\",\"https:\/\/www.instagram.com\/cleverkids_ee\/\"]}]}<\/script>\n<!-- \/ Yoast SEO plugin. -->","yoast_head_json":{"title":"Arendav komplekt \u201eGeomeetriline mosaiik\u201c Montessori meetodil, 3+ -","description":"Arendav komplekt \u201eGeomeetriline mosaiik\u201c Montessori meetodil, 3+ - CLEVER KIDS","robots":{"index":"index","follow":"follow","max-snippet":"max-snippet:-1","max-image-preview":"max-image-preview:large","max-video-preview":"max-video-preview:-1"},"canonical":"https:\/\/cleverkids.ee\/et\/product\/arendav-komplekt-geomeetriline-mosaiik-montessori-meetodil-3\/","og_locale":"et_EE","og_type":"article","og_title":"Arendav komplekt \u201eGeomeetriline mosaiik\u201c Montessori meetodil, 3+ -","og_description":"Arendav komplekt \u201eGeomeetriline mosaiik\u201c Montessori meetodil, 3+ - CLEVER KIDS","og_url":"https:\/\/cleverkids.ee\/et\/product\/arendav-komplekt-geomeetriline-mosaiik-montessori-meetodil-3\/","og_site_name":"CLEVER KIDS","article_publisher":"https:\/\/www.facebook.com\/cleverkids.ee\/","article_modified_time":"2026-05-01T20:45:40+00:00","og_image":[{"width":700,"height":700,"url":"https:\/\/cleverkids.ee\/wp-content\/uploads\/2025\/01\/6427283839.webp","type":"image\/webp"}],"twitter_card":"summary_large_image","twitter_misc":{"Est. reading time":"1 minut"},"schema":{"@context":"https:\/\/schema.org","@graph":[{"@type":"WebPage","@id":"https:\/\/cleverkids.ee\/et\/product\/arendav-komplekt-geomeetriline-mosaiik-montessori-meetodil-3\/","url":"https:\/\/cleverkids.ee\/et\/product\/arendav-komplekt-geomeetriline-mosaiik-montessori-meetodil-3\/","name":"Arendav komplekt \u201eGeomeetriline mosaiik\u201c Montessori meetodil, 3+ -","isPartOf":{"@id":"https:\/\/cleverkids.ee\/et\/#website"},"primaryImageOfPage":{"@id":"https:\/\/cleverkids.ee\/et\/product\/arendav-komplekt-geomeetriline-mosaiik-montessori-meetodil-3\/#primaryimage"},"image":{"@id":"https:\/\/cleverkids.ee\/et\/product\/arendav-komplekt-geomeetriline-mosaiik-montessori-meetodil-3\/#primaryimage"},"thumbnailUrl":"https:\/\/cleverkids.ee\/wp-content\/uploads\/2025\/01\/6427283839.webp","datePublished":"2025-01-15T14:51:38+00:00","dateModified":"2026-05-01T20:45:40+00:00","description":"Arendav komplekt \u201eGeomeetriline mosaiik\u201c Montessori meetodil, 3+ - CLEVER KIDS","breadcrumb":{"@id":"https:\/\/cleverkids.ee\/et\/product\/arendav-komplekt-geomeetriline-mosaiik-montessori-meetodil-3\/#breadcrumb"},"inLanguage":"et","potentialAction":[{"@type":"ReadAction","target":["https:\/\/cleverkids.ee\/et\/product\/arendav-komplekt-geomeetriline-mosaiik-montessori-meetodil-3\/"]}]},{"@type":"ImageObject","inLanguage":"et","@id":"https:\/\/cleverkids.ee\/et\/product\/arendav-komplekt-geomeetriline-mosaiik-montessori-meetodil-3\/#primaryimage","url":"https:\/\/cleverkids.ee\/wp-content\/uploads\/2025\/01\/6427283839.webp","contentUrl":"https:\/\/cleverkids.ee\/wp-content\/uploads\/2025\/01\/6427283839.webp","width":700,"height":700,"caption":"\u0420\u0430\u0437\u0432\u0438\u0432\u0430\u044e\u0449\u0438\u0439 \u043d\u0430\u0431\u043e\u0440 \u00ab\u0413\u0435\u043e\u043c\u0435\u0442\u0440\u0438\u0447\u0435\u0441\u043a\u0430\u044f \u043c\u043e\u0437\u0430\u0438\u043a\u0430\u00bb, \u043f\u043e \u043c\u0435\u0442\u043e\u0434\u0438\u043a\u0435 \u041c\u043e\u043d\u0442\u0435\u0441\u0441\u043e\u0440\u0438, 10 \u0437\u0430\u0434\u0430\u043d\u0438\u0439, 3+"},{"@type":"BreadcrumbList","@id":"https:\/\/cleverkids.ee\/et\/product\/arendav-komplekt-geomeetriline-mosaiik-montessori-meetodil-3\/#breadcrumb","itemListElement":[{"@type":"ListItem","position":1,"name":"Esileht","item":"https:\/\/cleverkids.ee\/et\/"},{"@type":"ListItem","position":2,"name":"Tooted","item":"https:\/\/cleverkids.ee\/store\/"},{"@type":"ListItem","position":3,"name":"Arendav komplekt \u201eGeomeetriline mosaiik\u201c Montessori meetodil, 3+"}]},{"@type":"WebSite","@id":"https:\/\/cleverkids.ee\/et\/#website","url":"https:\/\/cleverkids.ee\/et\/","name":"CLEVER KIDS","description":"","publisher":{"@id":"https:\/\/cleverkids.ee\/et\/#organization"},"potentialAction":[{"@type":"SearchAction","target":{"@type":"EntryPoint","urlTemplate":"https:\/\/cleverkids.ee\/et\/?s={search_term_string}"},"query-input":{"@type":"PropertyValueSpecification","valueRequired":true,"valueName":"search_term_string"}}],"inLanguage":"et"},{"@type":"Organization","@id":"https:\/\/cleverkids.ee\/et\/#organization","name":"CLEVER KIDS","url":"https:\/\/cleverkids.ee\/et\/","logo":{"@type":"ImageObject","inLanguage":"et","@id":"https:\/\/cleverkids.ee\/et\/#\/schema\/logo\/image\/","url":"https:\/\/cleverkids.ee\/wp-content\/uploads\/2024\/02\/image0-1024x1024.png","contentUrl":"https:\/\/cleverkids.ee\/wp-content\/uploads\/2024\/02\/image0-1024x1024.png","width":1024,"height":1024,"caption":"CLEVER KIDS"},"image":{"@id":"https:\/\/cleverkids.ee\/et\/#\/schema\/logo\/image\/"},"sameAs":["https:\/\/www.facebook.com\/cleverkids.ee\/","https:\/\/www.instagram.com\/cleverkids_ee\/"]}]}},"_links":{"self":[{"href":"https:\/\/cleverkids.ee\/et\/wp-json\/wp\/v2\/product\/74786","targetHints":{"allow":["GET"]}}],"collection":[{"href":"https:\/\/cleverkids.ee\/et\/wp-json\/wp\/v2\/product"}],"about":[{"href":"https:\/\/cleverkids.ee\/et\/wp-json\/wp\/v2\/types\/product"}],"wp:featuredmedia":[{"embeddable":true,"href":"https:\/\/cleverkids.ee\/et\/wp-json\/wp\/v2\/media\/74783"}],"wp:attachment":[{"href":"https:\/\/cleverkids.ee\/et\/wp-json\/wp\/v2\/media?parent=74786"}],"wp:term":[{"taxonomy":"product_brand","embeddable":true,"href":"https:\/\/cleverkids.ee\/et\/wp-json\/wp\/v2\/product_brand?post=74786"},{"taxonomy":"product_cat","embeddable":true,"href":"https:\/\/cleverkids.ee\/et\/wp-json\/wp\/v2\/product_cat?post=74786"},{"taxonomy":"product_tag","embeddable":true,"href":"https:\/\/cleverkids.ee\/et\/wp-json\/wp\/v2\/product_tag?post=74786"}],"curies":[{"name":"wp","href":"https:\/\/api.w.org\/{rel}","templated":true}]}}