{"id":74855,"date":"2025-01-22T16:21:43","date_gmt":"2025-01-22T14:21:43","guid":{"rendered":"https:\/\/cleverkids.ee\/\u041f\u0440\u043e\u0434\u0443\u043a\u0442\/kniga-mnogorazovyj-trenazhyor-slozhenie-v-predelah-100\/"},"modified":"2025-01-22T16:25:58","modified_gmt":"2025-01-22T14:25:58","slug":"raamat-taaskasutatav-raamat-liitmine-100-piires","status":"publish","type":"product","link":"https:\/\/cleverkids.ee\/et\/product\/raamat-taaskasutatav-raamat-liitmine-100-piires\/","title":{"rendered":"Raamat \u201eTaaskasutatav raamat. Liitmine 100 piires\u201c"},"content":{"rendered":"<h3><strong>Mida laps \u00f5pib?<\/strong><\/h3>\n<ul>\n<li><strong>Liitmine 100 piires<\/strong> \u2013 harjutab arvude liitmist nii klassikalisel viisil kui ka veerupidi.<\/li>\n<li><strong>Arvupaarid<\/strong> \u2013 \u00f5pib \u00e4ra tundma arvupaare, mille summa on 10.<\/li>\n<li><strong>Liitmine \u00fcleminekuga<\/strong> \u2013 harjutab arvude liitmist \u00fcleminekuga \u00fcle k\u00fcmne.<\/li>\n<\/ul>\n<h3><strong>Raamatu omadused<\/strong><\/h3>\n<ul>\n<li>K\u00f5iki \u00fclesandeid saab teha <strong>korduvalt<\/strong>, sest veep\u00f5hine marker on lehtedelt kergesti kustutatav.<\/li>\n<li>Komplektis on <strong>marker kustutuskummiga<\/strong>.<\/li>\n<li><strong>16 lehek\u00fclge<\/strong> harjutusi.<\/li>\n<li><strong>Raamatu suurus<\/strong>: 17 \u00d7 24 cm.<\/li>\n<li>Sobib lastele <strong>alates 6. eluaastast<\/strong>.<\/li>\n<\/ul>\n","protected":false},"excerpt":{"rendered":"<p>Mida laps \u00f5pib? Liitmine 100 piires \u2013 harjutab arvude liitmist nii klassikalisel viisil kui ka veerupidi. Arvupaarid \u2013 \u00f5pib \u00e4ra tundma arvupaare, mille summa on 10. Liitmine \u00fcleminekuga \u2013 harjutab arvude liitmist \u00fcleminekuga \u00fcle k\u00fcmne. Raamatu omadused K\u00f5iki \u00fclesandeid saab teha korduvalt, sest veep\u00f5hine marker on lehtedelt kergesti kustutatav. Komplektis on marker kustutuskummiga. 16 lehek\u00fclge [&hellip;]<\/p>\n","protected":false},"featured_media":74853,"template":"","meta":{"_monsterinsights_skip_tracking":false,"_monsterinsights_sitenote_active":false,"_monsterinsights_sitenote_note":"","_monsterinsights_sitenote_category":0},"product_brand":[],"product_cat":[51,58],"product_tag":[],"class_list":{"0":"post-74855","1":"product","2":"type-product","3":"status-publish","4":"has-post-thumbnail","6":"product_cat-arendavad-vihikud-vene-keeles","7":"product_cat-unkategorized","8":"pa_vozrast-ot-5-let-et","10":"first","11":"instock","12":"shipping-taxable","13":"purchasable","14":"product-type-simple"},"yoast_head":"<!-- This site is optimized with the Yoast SEO plugin v25.0 - https:\/\/yoast.com\/wordpress\/plugins\/seo\/ -->\n<title>Raamat \u201eTaaskasutatav raamat. Liitmine 100 piires\u201c -<\/title>\n<meta name=\"description\" content=\"Raamat \u201eTaaskasutatav raamat. Liitmine 100 piires\u201c - CLEVER KIDS\" \/>\n<meta name=\"robots\" content=\"index, follow, max-snippet:-1, max-image-preview:large, max-video-preview:-1\" \/>\n<link rel=\"canonical\" href=\"https:\/\/cleverkids.ee\/et\/product\/raamat-taaskasutatav-raamat-liitmine-100-piires\/\" \/>\n<meta property=\"og:locale\" content=\"et_EE\" \/>\n<meta property=\"og:type\" content=\"article\" \/>\n<meta property=\"og:title\" content=\"Raamat \u201eTaaskasutatav raamat. Liitmine 100 piires\u201c -\" \/>\n<meta property=\"og:description\" content=\"Raamat \u201eTaaskasutatav raamat. Liitmine 100 piires\u201c - CLEVER KIDS\" \/>\n<meta property=\"og:url\" content=\"https:\/\/cleverkids.ee\/et\/product\/raamat-taaskasutatav-raamat-liitmine-100-piires\/\" \/>\n<meta property=\"og:site_name\" content=\"CLEVER KIDS\" \/>\n<meta property=\"article:publisher\" content=\"https:\/\/www.facebook.com\/cleverkids.ee\/\" \/>\n<meta property=\"article:modified_time\" content=\"2025-01-22T14:25:58+00:00\" \/>\n<meta property=\"og:image\" content=\"https:\/\/cleverkids.ee\/wp-content\/uploads\/2025\/01\/1600-51-1.jpg\" \/>\n\t<meta property=\"og:image:width\" content=\"1600\" \/>\n\t<meta property=\"og:image:height\" content=\"1600\" \/>\n\t<meta property=\"og:image:type\" content=\"image\/jpeg\" \/>\n<meta name=\"twitter:card\" content=\"summary_large_image\" \/>\n<meta name=\"twitter:label1\" content=\"Est. reading time\" \/>\n\t<meta name=\"twitter:data1\" content=\"1 minut\" \/>\n<script type=\"application\/ld+json\" class=\"yoast-schema-graph\">{\"@context\":\"https:\/\/schema.org\",\"@graph\":[{\"@type\":\"WebPage\",\"@id\":\"https:\/\/cleverkids.ee\/et\/product\/raamat-taaskasutatav-raamat-liitmine-100-piires\/\",\"url\":\"https:\/\/cleverkids.ee\/et\/product\/raamat-taaskasutatav-raamat-liitmine-100-piires\/\",\"name\":\"Raamat \u201eTaaskasutatav raamat. Liitmine 100 piires\u201c -\",\"isPartOf\":{\"@id\":\"https:\/\/cleverkids.ee\/et\/#website\"},\"primaryImageOfPage\":{\"@id\":\"https:\/\/cleverkids.ee\/et\/product\/raamat-taaskasutatav-raamat-liitmine-100-piires\/#primaryimage\"},\"image\":{\"@id\":\"https:\/\/cleverkids.ee\/et\/product\/raamat-taaskasutatav-raamat-liitmine-100-piires\/#primaryimage\"},\"thumbnailUrl\":\"https:\/\/cleverkids.ee\/wp-content\/uploads\/2025\/01\/1600-51-1.jpg\",\"datePublished\":\"2025-01-22T14:21:43+00:00\",\"dateModified\":\"2025-01-22T14:25:58+00:00\",\"description\":\"Raamat \u201eTaaskasutatav raamat. Liitmine 100 piires\u201c - CLEVER KIDS\",\"breadcrumb\":{\"@id\":\"https:\/\/cleverkids.ee\/et\/product\/raamat-taaskasutatav-raamat-liitmine-100-piires\/#breadcrumb\"},\"inLanguage\":\"et\",\"potentialAction\":[{\"@type\":\"ReadAction\",\"target\":[\"https:\/\/cleverkids.ee\/et\/product\/raamat-taaskasutatav-raamat-liitmine-100-piires\/\"]}]},{\"@type\":\"ImageObject\",\"inLanguage\":\"et\",\"@id\":\"https:\/\/cleverkids.ee\/et\/product\/raamat-taaskasutatav-raamat-liitmine-100-piires\/#primaryimage\",\"url\":\"https:\/\/cleverkids.ee\/wp-content\/uploads\/2025\/01\/1600-51-1.jpg\",\"contentUrl\":\"https:\/\/cleverkids.ee\/wp-content\/uploads\/2025\/01\/1600-51-1.jpg\",\"width\":1600,\"height\":1600,\"caption\":\"\u041a\u043d\u0438\u0433\u0430 \u00ab\u041c\u043d\u043e\u0433\u043e\u0440\u0430\u0437\u043e\u0432\u044b\u0439 \u0442\u0440\u0435\u043d\u0430\u0436\u0451\u0440. \u0421\u043b\u043e\u0436\u0435\u043d\u0438\u0435 \u0432 \u043f\u0440\u0435\u0434\u0435\u043b\u0430\u0445 100\u00bb\"},{\"@type\":\"BreadcrumbList\",\"@id\":\"https:\/\/cleverkids.ee\/et\/product\/raamat-taaskasutatav-raamat-liitmine-100-piires\/#breadcrumb\",\"itemListElement\":[{\"@type\":\"ListItem\",\"position\":1,\"name\":\"Esileht\",\"item\":\"https:\/\/cleverkids.ee\/et\/\"},{\"@type\":\"ListItem\",\"position\":2,\"name\":\"Tooted\",\"item\":\"https:\/\/cleverkids.ee\/store\/\"},{\"@type\":\"ListItem\",\"position\":3,\"name\":\"Raamat \u201eTaaskasutatav raamat. Liitmine 100 piires\u201c\"}]},{\"@type\":\"WebSite\",\"@id\":\"https:\/\/cleverkids.ee\/et\/#website\",\"url\":\"https:\/\/cleverkids.ee\/et\/\",\"name\":\"CLEVER KIDS\",\"description\":\"\",\"publisher\":{\"@id\":\"https:\/\/cleverkids.ee\/et\/#organization\"},\"potentialAction\":[{\"@type\":\"SearchAction\",\"target\":{\"@type\":\"EntryPoint\",\"urlTemplate\":\"https:\/\/cleverkids.ee\/et\/?s={search_term_string}\"},\"query-input\":{\"@type\":\"PropertyValueSpecification\",\"valueRequired\":true,\"valueName\":\"search_term_string\"}}],\"inLanguage\":\"et\"},{\"@type\":\"Organization\",\"@id\":\"https:\/\/cleverkids.ee\/et\/#organization\",\"name\":\"CLEVER KIDS\",\"url\":\"https:\/\/cleverkids.ee\/et\/\",\"logo\":{\"@type\":\"ImageObject\",\"inLanguage\":\"et\",\"@id\":\"https:\/\/cleverkids.ee\/et\/#\/schema\/logo\/image\/\",\"url\":\"https:\/\/cleverkids.ee\/wp-content\/uploads\/2024\/02\/image0-1024x1024.png\",\"contentUrl\":\"https:\/\/cleverkids.ee\/wp-content\/uploads\/2024\/02\/image0-1024x1024.png\",\"width\":1024,\"height\":1024,\"caption\":\"CLEVER KIDS\"},\"image\":{\"@id\":\"https:\/\/cleverkids.ee\/et\/#\/schema\/logo\/image\/\"},\"sameAs\":[\"https:\/\/www.facebook.com\/cleverkids.ee\/\",\"https:\/\/www.instagram.com\/cleverkids_ee\/\"]}]}<\/script>\n<!-- \/ Yoast SEO plugin. -->","yoast_head_json":{"title":"Raamat \u201eTaaskasutatav raamat. Liitmine 100 piires\u201c -","description":"Raamat \u201eTaaskasutatav raamat. Liitmine 100 piires\u201c - CLEVER KIDS","robots":{"index":"index","follow":"follow","max-snippet":"max-snippet:-1","max-image-preview":"max-image-preview:large","max-video-preview":"max-video-preview:-1"},"canonical":"https:\/\/cleverkids.ee\/et\/product\/raamat-taaskasutatav-raamat-liitmine-100-piires\/","og_locale":"et_EE","og_type":"article","og_title":"Raamat \u201eTaaskasutatav raamat. Liitmine 100 piires\u201c -","og_description":"Raamat \u201eTaaskasutatav raamat. Liitmine 100 piires\u201c - CLEVER KIDS","og_url":"https:\/\/cleverkids.ee\/et\/product\/raamat-taaskasutatav-raamat-liitmine-100-piires\/","og_site_name":"CLEVER KIDS","article_publisher":"https:\/\/www.facebook.com\/cleverkids.ee\/","article_modified_time":"2025-01-22T14:25:58+00:00","og_image":[{"width":1600,"height":1600,"url":"https:\/\/cleverkids.ee\/wp-content\/uploads\/2025\/01\/1600-51-1.jpg","type":"image\/jpeg"}],"twitter_card":"summary_large_image","twitter_misc":{"Est. reading time":"1 minut"},"schema":{"@context":"https:\/\/schema.org","@graph":[{"@type":"WebPage","@id":"https:\/\/cleverkids.ee\/et\/product\/raamat-taaskasutatav-raamat-liitmine-100-piires\/","url":"https:\/\/cleverkids.ee\/et\/product\/raamat-taaskasutatav-raamat-liitmine-100-piires\/","name":"Raamat \u201eTaaskasutatav raamat. Liitmine 100 piires\u201c -","isPartOf":{"@id":"https:\/\/cleverkids.ee\/et\/#website"},"primaryImageOfPage":{"@id":"https:\/\/cleverkids.ee\/et\/product\/raamat-taaskasutatav-raamat-liitmine-100-piires\/#primaryimage"},"image":{"@id":"https:\/\/cleverkids.ee\/et\/product\/raamat-taaskasutatav-raamat-liitmine-100-piires\/#primaryimage"},"thumbnailUrl":"https:\/\/cleverkids.ee\/wp-content\/uploads\/2025\/01\/1600-51-1.jpg","datePublished":"2025-01-22T14:21:43+00:00","dateModified":"2025-01-22T14:25:58+00:00","description":"Raamat \u201eTaaskasutatav raamat. Liitmine 100 piires\u201c - CLEVER KIDS","breadcrumb":{"@id":"https:\/\/cleverkids.ee\/et\/product\/raamat-taaskasutatav-raamat-liitmine-100-piires\/#breadcrumb"},"inLanguage":"et","potentialAction":[{"@type":"ReadAction","target":["https:\/\/cleverkids.ee\/et\/product\/raamat-taaskasutatav-raamat-liitmine-100-piires\/"]}]},{"@type":"ImageObject","inLanguage":"et","@id":"https:\/\/cleverkids.ee\/et\/product\/raamat-taaskasutatav-raamat-liitmine-100-piires\/#primaryimage","url":"https:\/\/cleverkids.ee\/wp-content\/uploads\/2025\/01\/1600-51-1.jpg","contentUrl":"https:\/\/cleverkids.ee\/wp-content\/uploads\/2025\/01\/1600-51-1.jpg","width":1600,"height":1600,"caption":"\u041a\u043d\u0438\u0433\u0430 \u00ab\u041c\u043d\u043e\u0433\u043e\u0440\u0430\u0437\u043e\u0432\u044b\u0439 \u0442\u0440\u0435\u043d\u0430\u0436\u0451\u0440. \u0421\u043b\u043e\u0436\u0435\u043d\u0438\u0435 \u0432 \u043f\u0440\u0435\u0434\u0435\u043b\u0430\u0445 100\u00bb"},{"@type":"BreadcrumbList","@id":"https:\/\/cleverkids.ee\/et\/product\/raamat-taaskasutatav-raamat-liitmine-100-piires\/#breadcrumb","itemListElement":[{"@type":"ListItem","position":1,"name":"Esileht","item":"https:\/\/cleverkids.ee\/et\/"},{"@type":"ListItem","position":2,"name":"Tooted","item":"https:\/\/cleverkids.ee\/store\/"},{"@type":"ListItem","position":3,"name":"Raamat \u201eTaaskasutatav raamat. Liitmine 100 piires\u201c"}]},{"@type":"WebSite","@id":"https:\/\/cleverkids.ee\/et\/#website","url":"https:\/\/cleverkids.ee\/et\/","name":"CLEVER KIDS","description":"","publisher":{"@id":"https:\/\/cleverkids.ee\/et\/#organization"},"potentialAction":[{"@type":"SearchAction","target":{"@type":"EntryPoint","urlTemplate":"https:\/\/cleverkids.ee\/et\/?s={search_term_string}"},"query-input":{"@type":"PropertyValueSpecification","valueRequired":true,"valueName":"search_term_string"}}],"inLanguage":"et"},{"@type":"Organization","@id":"https:\/\/cleverkids.ee\/et\/#organization","name":"CLEVER KIDS","url":"https:\/\/cleverkids.ee\/et\/","logo":{"@type":"ImageObject","inLanguage":"et","@id":"https:\/\/cleverkids.ee\/et\/#\/schema\/logo\/image\/","url":"https:\/\/cleverkids.ee\/wp-content\/uploads\/2024\/02\/image0-1024x1024.png","contentUrl":"https:\/\/cleverkids.ee\/wp-content\/uploads\/2024\/02\/image0-1024x1024.png","width":1024,"height":1024,"caption":"CLEVER KIDS"},"image":{"@id":"https:\/\/cleverkids.ee\/et\/#\/schema\/logo\/image\/"},"sameAs":["https:\/\/www.facebook.com\/cleverkids.ee\/","https:\/\/www.instagram.com\/cleverkids_ee\/"]}]}},"_links":{"self":[{"href":"https:\/\/cleverkids.ee\/et\/wp-json\/wp\/v2\/product\/74855","targetHints":{"allow":["GET"]}}],"collection":[{"href":"https:\/\/cleverkids.ee\/et\/wp-json\/wp\/v2\/product"}],"about":[{"href":"https:\/\/cleverkids.ee\/et\/wp-json\/wp\/v2\/types\/product"}],"wp:featuredmedia":[{"embeddable":true,"href":"https:\/\/cleverkids.ee\/et\/wp-json\/wp\/v2\/media\/74853"}],"wp:attachment":[{"href":"https:\/\/cleverkids.ee\/et\/wp-json\/wp\/v2\/media?parent=74855"}],"wp:term":[{"taxonomy":"product_brand","embeddable":true,"href":"https:\/\/cleverkids.ee\/et\/wp-json\/wp\/v2\/product_brand?post=74855"},{"taxonomy":"product_cat","embeddable":true,"href":"https:\/\/cleverkids.ee\/et\/wp-json\/wp\/v2\/product_cat?post=74855"},{"taxonomy":"product_tag","embeddable":true,"href":"https:\/\/cleverkids.ee\/et\/wp-json\/wp\/v2\/product_tag?post=74855"}],"curies":[{"name":"wp","href":"https:\/\/api.w.org\/{rel}","templated":true}]}}