{"id":74876,"date":"2025-01-30T17:38:51","date_gmt":"2025-01-30T15:38:51","guid":{"rendered":"https:\/\/cleverkids.ee\/\u041f\u0440\u043e\u0434\u0443\u043a\u0442\/kniga-obuchayushhaya-mnogorazovyj-trenazhyor-tablitsa-umnozheniya-16-str\/"},"modified":"2025-01-30T17:42:45","modified_gmt":"2025-01-30T15:42:45","slug":"opperaamat-taaskasutatav-treeningraamat-korrutustabel-16-lk","status":"publish","type":"product","link":"https:\/\/cleverkids.ee\/et\/product\/opperaamat-taaskasutatav-treeningraamat-korrutustabel-16-lk\/","title":{"rendered":"\u00d5pperaamat \u201eTaaskasutatav treeningraamat. Korrutustabel\u201c, 16 lk."},"content":{"rendered":"<p>Korrutustabeli \u00f5ppimine v\u00f5ib olla lihtne ja l\u00f5bus! See raamat pakub lapsele huvitavaid \u00fclesandeid, mida saab lahendada korduvalt. T\u00e4nu sellele j\u00e4\u00e4vad k\u00f5ik korrutamisn\u00e4ited h\u00e4sti meelde.<\/p>\n<h3><strong>Raamatu omadused:<\/strong><\/h3>\n<ul>\n<li><strong>Taaskasutatav<\/strong> \u2013 erilise kattega paksud lehed v\u00f5imaldavad kirjutatu korduvalt maha p\u00fchkida ja uuesti lahendada.<\/li>\n<li><strong>Veep\u00f5hine marker<\/strong> \u2013 komplektis on kustutuskorgiga marker, millega on mugav harjutada.<\/li>\n<li><strong>L\u00f5bus ja t\u00f5hus \u00f5ppimine<\/strong> \u2013 \u00fclesannete kordamine aitab korrutustabeli kiiremini selgeks saada.<\/li>\n<\/ul>\n<p>\ud83d\udccf <strong>Raamatu suurus:<\/strong> 24 \u00d7 17 cm.<\/p>\n","protected":false},"excerpt":{"rendered":"<p>Korrutustabeli \u00f5ppimine v\u00f5ib olla lihtne ja l\u00f5bus! See raamat pakub lapsele huvitavaid \u00fclesandeid, mida saab lahendada korduvalt. T\u00e4nu sellele j\u00e4\u00e4vad k\u00f5ik korrutamisn\u00e4ited h\u00e4sti meelde. Raamatu omadused: Taaskasutatav \u2013 erilise kattega paksud lehed v\u00f5imaldavad kirjutatu korduvalt maha p\u00fchkida ja uuesti lahendada. Veep\u00f5hine marker \u2013 komplektis on kustutuskorgiga marker, millega on mugav harjutada. L\u00f5bus ja t\u00f5hus \u00f5ppimine [&hellip;]<\/p>\n","protected":false},"featured_media":74875,"template":"","meta":{"_monsterinsights_skip_tracking":false,"_monsterinsights_sitenote_active":false,"_monsterinsights_sitenote_note":"","_monsterinsights_sitenote_category":0},"product_brand":[],"product_cat":[51,58],"product_tag":[],"class_list":{"0":"post-74876","1":"product","2":"type-product","3":"status-publish","4":"has-post-thumbnail","6":"product_cat-arendavad-vihikud-vene-keeles","7":"product_cat-unkategorized","8":"pa_vozrast-ot-5-let-et","10":"first","11":"instock","12":"shipping-taxable","13":"purchasable","14":"product-type-simple"},"yoast_head":"<!-- This site is optimized with the Yoast SEO plugin v25.0 - https:\/\/yoast.com\/wordpress\/plugins\/seo\/ -->\n<title>\u00d5pperaamat \u201eTaaskasutatav treeningraamat. Korrutustabel\u201c, 16 lk. -<\/title>\n<meta name=\"description\" content=\"\u00d5pperaamat \u201eTaaskasutatav treeningraamat. Korrutustabel\u201c, 16 lk. - CLEVER KIDS\" \/>\n<meta name=\"robots\" content=\"index, follow, max-snippet:-1, max-image-preview:large, max-video-preview:-1\" \/>\n<link rel=\"canonical\" href=\"https:\/\/cleverkids.ee\/et\/product\/opperaamat-taaskasutatav-treeningraamat-korrutustabel-16-lk\/\" \/>\n<meta property=\"og:locale\" content=\"et_EE\" \/>\n<meta property=\"og:type\" content=\"article\" \/>\n<meta property=\"og:title\" content=\"\u00d5pperaamat \u201eTaaskasutatav treeningraamat. Korrutustabel\u201c, 16 lk. -\" \/>\n<meta property=\"og:description\" content=\"\u00d5pperaamat \u201eTaaskasutatav treeningraamat. Korrutustabel\u201c, 16 lk. - CLEVER KIDS\" \/>\n<meta property=\"og:url\" content=\"https:\/\/cleverkids.ee\/et\/product\/opperaamat-taaskasutatav-treeningraamat-korrutustabel-16-lk\/\" \/>\n<meta property=\"og:site_name\" content=\"CLEVER KIDS\" \/>\n<meta property=\"article:publisher\" content=\"https:\/\/www.facebook.com\/cleverkids.ee\/\" \/>\n<meta property=\"article:modified_time\" content=\"2025-01-30T15:42:45+00:00\" \/>\n<meta property=\"og:image\" content=\"https:\/\/cleverkids.ee\/wp-content\/uploads\/2025\/01\/6892919443.webp\" \/>\n\t<meta property=\"og:image:width\" content=\"700\" \/>\n\t<meta property=\"og:image:height\" content=\"700\" \/>\n\t<meta property=\"og:image:type\" content=\"image\/webp\" \/>\n<meta name=\"twitter:card\" content=\"summary_large_image\" \/>\n<meta name=\"twitter:label1\" content=\"Est. reading time\" \/>\n\t<meta name=\"twitter:data1\" content=\"1 minut\" \/>\n<script type=\"application\/ld+json\" class=\"yoast-schema-graph\">{\"@context\":\"https:\/\/schema.org\",\"@graph\":[{\"@type\":\"WebPage\",\"@id\":\"https:\/\/cleverkids.ee\/et\/product\/opperaamat-taaskasutatav-treeningraamat-korrutustabel-16-lk\/\",\"url\":\"https:\/\/cleverkids.ee\/et\/product\/opperaamat-taaskasutatav-treeningraamat-korrutustabel-16-lk\/\",\"name\":\"\u00d5pperaamat \u201eTaaskasutatav treeningraamat. Korrutustabel\u201c, 16 lk. -\",\"isPartOf\":{\"@id\":\"https:\/\/cleverkids.ee\/et\/#website\"},\"primaryImageOfPage\":{\"@id\":\"https:\/\/cleverkids.ee\/et\/product\/opperaamat-taaskasutatav-treeningraamat-korrutustabel-16-lk\/#primaryimage\"},\"image\":{\"@id\":\"https:\/\/cleverkids.ee\/et\/product\/opperaamat-taaskasutatav-treeningraamat-korrutustabel-16-lk\/#primaryimage\"},\"thumbnailUrl\":\"https:\/\/cleverkids.ee\/wp-content\/uploads\/2025\/01\/6892919443.webp\",\"datePublished\":\"2025-01-30T15:38:51+00:00\",\"dateModified\":\"2025-01-30T15:42:45+00:00\",\"description\":\"\u00d5pperaamat \u201eTaaskasutatav treeningraamat. Korrutustabel\u201c, 16 lk. - CLEVER KIDS\",\"breadcrumb\":{\"@id\":\"https:\/\/cleverkids.ee\/et\/product\/opperaamat-taaskasutatav-treeningraamat-korrutustabel-16-lk\/#breadcrumb\"},\"inLanguage\":\"et\",\"potentialAction\":[{\"@type\":\"ReadAction\",\"target\":[\"https:\/\/cleverkids.ee\/et\/product\/opperaamat-taaskasutatav-treeningraamat-korrutustabel-16-lk\/\"]}]},{\"@type\":\"ImageObject\",\"inLanguage\":\"et\",\"@id\":\"https:\/\/cleverkids.ee\/et\/product\/opperaamat-taaskasutatav-treeningraamat-korrutustabel-16-lk\/#primaryimage\",\"url\":\"https:\/\/cleverkids.ee\/wp-content\/uploads\/2025\/01\/6892919443.webp\",\"contentUrl\":\"https:\/\/cleverkids.ee\/wp-content\/uploads\/2025\/01\/6892919443.webp\",\"width\":700,\"height\":700,\"caption\":\"\u041a\u043d\u0438\u0433\u0430 \u043e\u0431\u0443\u0447\u0430\u044e\u0449\u0430\u044f \u00ab\u041c\u043d\u043e\u0433\u043e\u0440\u0430\u0437\u043e\u0432\u044b\u0439 \u0442\u0440\u0435\u043d\u0430\u0436\u0451\u0440. \u0422\u0430\u0431\u043b\u0438\u0446\u0430 \u0443\u043c\u043d\u043e\u0436\u0435\u043d\u0438\u044f\u00bb, 16 \u0441\u0442\u0440.\"},{\"@type\":\"BreadcrumbList\",\"@id\":\"https:\/\/cleverkids.ee\/et\/product\/opperaamat-taaskasutatav-treeningraamat-korrutustabel-16-lk\/#breadcrumb\",\"itemListElement\":[{\"@type\":\"ListItem\",\"position\":1,\"name\":\"Esileht\",\"item\":\"https:\/\/cleverkids.ee\/et\/\"},{\"@type\":\"ListItem\",\"position\":2,\"name\":\"Tooted\",\"item\":\"https:\/\/cleverkids.ee\/store\/\"},{\"@type\":\"ListItem\",\"position\":3,\"name\":\"\u00d5pperaamat \u201eTaaskasutatav treeningraamat. Korrutustabel\u201c, 16 lk.\"}]},{\"@type\":\"WebSite\",\"@id\":\"https:\/\/cleverkids.ee\/et\/#website\",\"url\":\"https:\/\/cleverkids.ee\/et\/\",\"name\":\"CLEVER KIDS\",\"description\":\"\",\"publisher\":{\"@id\":\"https:\/\/cleverkids.ee\/et\/#organization\"},\"potentialAction\":[{\"@type\":\"SearchAction\",\"target\":{\"@type\":\"EntryPoint\",\"urlTemplate\":\"https:\/\/cleverkids.ee\/et\/?s={search_term_string}\"},\"query-input\":{\"@type\":\"PropertyValueSpecification\",\"valueRequired\":true,\"valueName\":\"search_term_string\"}}],\"inLanguage\":\"et\"},{\"@type\":\"Organization\",\"@id\":\"https:\/\/cleverkids.ee\/et\/#organization\",\"name\":\"CLEVER KIDS\",\"url\":\"https:\/\/cleverkids.ee\/et\/\",\"logo\":{\"@type\":\"ImageObject\",\"inLanguage\":\"et\",\"@id\":\"https:\/\/cleverkids.ee\/et\/#\/schema\/logo\/image\/\",\"url\":\"https:\/\/cleverkids.ee\/wp-content\/uploads\/2024\/02\/image0-1024x1024.png\",\"contentUrl\":\"https:\/\/cleverkids.ee\/wp-content\/uploads\/2024\/02\/image0-1024x1024.png\",\"width\":1024,\"height\":1024,\"caption\":\"CLEVER KIDS\"},\"image\":{\"@id\":\"https:\/\/cleverkids.ee\/et\/#\/schema\/logo\/image\/\"},\"sameAs\":[\"https:\/\/www.facebook.com\/cleverkids.ee\/\",\"https:\/\/www.instagram.com\/cleverkids_ee\/\"]}]}<\/script>\n<!-- \/ Yoast SEO plugin. -->","yoast_head_json":{"title":"\u00d5pperaamat \u201eTaaskasutatav treeningraamat. Korrutustabel\u201c, 16 lk. -","description":"\u00d5pperaamat \u201eTaaskasutatav treeningraamat. Korrutustabel\u201c, 16 lk. - CLEVER KIDS","robots":{"index":"index","follow":"follow","max-snippet":"max-snippet:-1","max-image-preview":"max-image-preview:large","max-video-preview":"max-video-preview:-1"},"canonical":"https:\/\/cleverkids.ee\/et\/product\/opperaamat-taaskasutatav-treeningraamat-korrutustabel-16-lk\/","og_locale":"et_EE","og_type":"article","og_title":"\u00d5pperaamat \u201eTaaskasutatav treeningraamat. Korrutustabel\u201c, 16 lk. -","og_description":"\u00d5pperaamat \u201eTaaskasutatav treeningraamat. Korrutustabel\u201c, 16 lk. - CLEVER KIDS","og_url":"https:\/\/cleverkids.ee\/et\/product\/opperaamat-taaskasutatav-treeningraamat-korrutustabel-16-lk\/","og_site_name":"CLEVER KIDS","article_publisher":"https:\/\/www.facebook.com\/cleverkids.ee\/","article_modified_time":"2025-01-30T15:42:45+00:00","og_image":[{"width":700,"height":700,"url":"https:\/\/cleverkids.ee\/wp-content\/uploads\/2025\/01\/6892919443.webp","type":"image\/webp"}],"twitter_card":"summary_large_image","twitter_misc":{"Est. reading time":"1 minut"},"schema":{"@context":"https:\/\/schema.org","@graph":[{"@type":"WebPage","@id":"https:\/\/cleverkids.ee\/et\/product\/opperaamat-taaskasutatav-treeningraamat-korrutustabel-16-lk\/","url":"https:\/\/cleverkids.ee\/et\/product\/opperaamat-taaskasutatav-treeningraamat-korrutustabel-16-lk\/","name":"\u00d5pperaamat \u201eTaaskasutatav treeningraamat. Korrutustabel\u201c, 16 lk. -","isPartOf":{"@id":"https:\/\/cleverkids.ee\/et\/#website"},"primaryImageOfPage":{"@id":"https:\/\/cleverkids.ee\/et\/product\/opperaamat-taaskasutatav-treeningraamat-korrutustabel-16-lk\/#primaryimage"},"image":{"@id":"https:\/\/cleverkids.ee\/et\/product\/opperaamat-taaskasutatav-treeningraamat-korrutustabel-16-lk\/#primaryimage"},"thumbnailUrl":"https:\/\/cleverkids.ee\/wp-content\/uploads\/2025\/01\/6892919443.webp","datePublished":"2025-01-30T15:38:51+00:00","dateModified":"2025-01-30T15:42:45+00:00","description":"\u00d5pperaamat \u201eTaaskasutatav treeningraamat. Korrutustabel\u201c, 16 lk. - CLEVER KIDS","breadcrumb":{"@id":"https:\/\/cleverkids.ee\/et\/product\/opperaamat-taaskasutatav-treeningraamat-korrutustabel-16-lk\/#breadcrumb"},"inLanguage":"et","potentialAction":[{"@type":"ReadAction","target":["https:\/\/cleverkids.ee\/et\/product\/opperaamat-taaskasutatav-treeningraamat-korrutustabel-16-lk\/"]}]},{"@type":"ImageObject","inLanguage":"et","@id":"https:\/\/cleverkids.ee\/et\/product\/opperaamat-taaskasutatav-treeningraamat-korrutustabel-16-lk\/#primaryimage","url":"https:\/\/cleverkids.ee\/wp-content\/uploads\/2025\/01\/6892919443.webp","contentUrl":"https:\/\/cleverkids.ee\/wp-content\/uploads\/2025\/01\/6892919443.webp","width":700,"height":700,"caption":"\u041a\u043d\u0438\u0433\u0430 \u043e\u0431\u0443\u0447\u0430\u044e\u0449\u0430\u044f \u00ab\u041c\u043d\u043e\u0433\u043e\u0440\u0430\u0437\u043e\u0432\u044b\u0439 \u0442\u0440\u0435\u043d\u0430\u0436\u0451\u0440. \u0422\u0430\u0431\u043b\u0438\u0446\u0430 \u0443\u043c\u043d\u043e\u0436\u0435\u043d\u0438\u044f\u00bb, 16 \u0441\u0442\u0440."},{"@type":"BreadcrumbList","@id":"https:\/\/cleverkids.ee\/et\/product\/opperaamat-taaskasutatav-treeningraamat-korrutustabel-16-lk\/#breadcrumb","itemListElement":[{"@type":"ListItem","position":1,"name":"Esileht","item":"https:\/\/cleverkids.ee\/et\/"},{"@type":"ListItem","position":2,"name":"Tooted","item":"https:\/\/cleverkids.ee\/store\/"},{"@type":"ListItem","position":3,"name":"\u00d5pperaamat \u201eTaaskasutatav treeningraamat. Korrutustabel\u201c, 16 lk."}]},{"@type":"WebSite","@id":"https:\/\/cleverkids.ee\/et\/#website","url":"https:\/\/cleverkids.ee\/et\/","name":"CLEVER KIDS","description":"","publisher":{"@id":"https:\/\/cleverkids.ee\/et\/#organization"},"potentialAction":[{"@type":"SearchAction","target":{"@type":"EntryPoint","urlTemplate":"https:\/\/cleverkids.ee\/et\/?s={search_term_string}"},"query-input":{"@type":"PropertyValueSpecification","valueRequired":true,"valueName":"search_term_string"}}],"inLanguage":"et"},{"@type":"Organization","@id":"https:\/\/cleverkids.ee\/et\/#organization","name":"CLEVER KIDS","url":"https:\/\/cleverkids.ee\/et\/","logo":{"@type":"ImageObject","inLanguage":"et","@id":"https:\/\/cleverkids.ee\/et\/#\/schema\/logo\/image\/","url":"https:\/\/cleverkids.ee\/wp-content\/uploads\/2024\/02\/image0-1024x1024.png","contentUrl":"https:\/\/cleverkids.ee\/wp-content\/uploads\/2024\/02\/image0-1024x1024.png","width":1024,"height":1024,"caption":"CLEVER KIDS"},"image":{"@id":"https:\/\/cleverkids.ee\/et\/#\/schema\/logo\/image\/"},"sameAs":["https:\/\/www.facebook.com\/cleverkids.ee\/","https:\/\/www.instagram.com\/cleverkids_ee\/"]}]}},"_links":{"self":[{"href":"https:\/\/cleverkids.ee\/et\/wp-json\/wp\/v2\/product\/74876","targetHints":{"allow":["GET"]}}],"collection":[{"href":"https:\/\/cleverkids.ee\/et\/wp-json\/wp\/v2\/product"}],"about":[{"href":"https:\/\/cleverkids.ee\/et\/wp-json\/wp\/v2\/types\/product"}],"wp:featuredmedia":[{"embeddable":true,"href":"https:\/\/cleverkids.ee\/et\/wp-json\/wp\/v2\/media\/74875"}],"wp:attachment":[{"href":"https:\/\/cleverkids.ee\/et\/wp-json\/wp\/v2\/media?parent=74876"}],"wp:term":[{"taxonomy":"product_brand","embeddable":true,"href":"https:\/\/cleverkids.ee\/et\/wp-json\/wp\/v2\/product_brand?post=74876"},{"taxonomy":"product_cat","embeddable":true,"href":"https:\/\/cleverkids.ee\/et\/wp-json\/wp\/v2\/product_cat?post=74876"},{"taxonomy":"product_tag","embeddable":true,"href":"https:\/\/cleverkids.ee\/et\/wp-json\/wp\/v2\/product_tag?post=74876"}],"curies":[{"name":"wp","href":"https:\/\/api.w.org\/{rel}","templated":true}]}}