{"id":74915,"date":"2025-02-01T14:35:09","date_gmt":"2025-02-01T12:35:09","guid":{"rendered":"https:\/\/cleverkids.ee\/\u041f\u0440\u043e\u0434\u0443\u043a\u0442\/nastolnaya-igra-umnoe-loto-polovinki-vesyolye-zhivotnye\/"},"modified":"2026-02-24T16:07:54","modified_gmt":"2026-02-24T14:07:54","slug":"lauamang-nutikas-loto-pooleks-lobusad-loomad","status":"publish","type":"product","link":"https:\/\/cleverkids.ee\/et\/product\/lauamang-nutikas-loto-pooleks-lobusad-loomad\/","title":{"rendered":"Lauam\u00e4ng \u201eNutikas loto. Pooleks: l\u00f5busad loomad\u201c."},"content":{"rendered":"<div class=\"flex max-w-full flex-col flex-grow\">\n<div class=\"min-h-8 text-message flex w-full flex-col items-end gap-2 whitespace-normal break-words text-start [.text-message+&amp;]:mt-5\" dir=\"auto\" data-message-author-role=\"assistant\" data-message-id=\"c0354838-0008-4fbd-8cb2-88f4c5279b3e\" data-message-model-slug=\"gpt-4o\">\n<div class=\"flex w-full flex-col gap-1 empty:hidden first:pt-[3px]\">\n<div class=\"markdown prose w-full break-words dark:prose-invert light\">\n<p>M\u00e4ngides saavad lapsed l\u00f5busalt aega veeta koos armsate loomadega ning \u00f5ppida neid paremini tundma.<\/p>\n<h3><strong>Kuidas m\u00e4ngida?<\/strong><\/h3>\n<h4><strong>1. m\u00e4nguvariant<\/strong><\/h4>\n<ul>\n<li>Laotage lapse ette 9 loto-kaarti ja k\u00f5ik l\u00e4bipaistvad kaardid.<\/li>\n<li>Laps peab leidma igale pildile puuduva poole.<\/li>\n<\/ul>\n<h4><strong>2. m\u00e4nguvariant<\/strong><\/h4>\n<ul>\n<li>Iga m\u00e4ngija saab \u00fche v\u00f5i mitu m\u00e4nguv\u00e4lja.<\/li>\n<li>M\u00e4ngujuht t\u00f5mbab kotist \u00fche kaardi.<\/li>\n<li>M\u00e4ngija, kelle m\u00e4nguv\u00e4ljal on selle kaardi sobiv pool, saab selle endale.<\/li>\n<li>V\u00f5idab see, kes esimesena t\u00e4idab oma m\u00e4nguv\u00e4lja.<\/li>\n<\/ul>\n<h4><strong>Boonusm\u00e4ng<\/strong><\/h4>\n<ul>\n<li>Valige \u00fcks kaart.<\/li>\n<li>Leidke ja n\u00e4idake lapsele loomi pildil.<\/li>\n<li>R\u00e4\u00e4kige, kus need loomad elavad.<\/li>\n<\/ul>\n<h3><strong>Komplekt sisaldab:<\/strong><\/h3>\n<ul>\n<li><strong>Mugav hoiukott<\/strong> kaartide jaoks.<\/li>\n<\/ul>\n<h3><strong>M\u00e4ngu eelised:<\/strong><\/h3>\n<p>\u2705 Laiendab silmaringi.<br \/>\n\u2705 Suurendab s\u00f5navara.<br \/>\n\u2705 Parandab m\u00e4lu.<br \/>\n\u2705 Arendab loogilist m\u00f5tlemist.<\/p>\n<\/div>\n<\/div>\n<\/div>\n<\/div>\n<div class=\"mb-2 flex gap-3 empty:hidden -ml-2\">\n<div class=\"items-center justify-start rounded-xl p-1 flex\">\n<div class=\"flex items-center justify-center rounded-lg text-token-text-secondary\"><button class=\"flex h-[30px] w-[30px] items-center justify-center rounded-md hover:bg-token-main-surface-secondary disabled:opacity-50 disabled:hover:bg-transparent\" disabled=\"disabled\" aria-label=\"Previous response\"><\/button><\/p>\n<div class=\"px-0.5 text-sm font-semibold tabular-nums\">1\/2<\/div>\n<p><button class=\"flex h-[30px] w-[30px] items-center justify-center rounded-md hover:bg-token-main-surface-secondary disabled:opacity-50 disabled:hover:bg-transparent\" aria-label=\"Next response\"><\/button><\/div>\n<div class=\"flex items-center\"><button class=\"rounded-lg text-token-text-secondary hover:bg-token-main-surface-secondary\" aria-label=\"Read aloud\" data-testid=\"voice-play-turn-action-button\"><\/button><button class=\"rounded-lg text-token-text-secondary hover:bg-token-main-surface-secondary\" aria-label=\"Copy\" data-testid=\"copy-turn-action-button\"><\/button><\/p>\n<div class=\"flex\"><\/div>\n<p><button class=\"rounded-lg text-token-text-secondary hover:bg-token-main-surface-secondary\" aria-label=\"Edit in canvas\"><\/button><\/p>\n<div class=\"flex items-center pb-0\"><\/div>\n<\/div>\n<\/div>\n<\/div>\n","protected":false},"excerpt":{"rendered":"<p>M\u00e4ngides saavad lapsed l\u00f5busalt aega veeta koos armsate loomadega ning \u00f5ppida neid paremini tundma. Kuidas m\u00e4ngida? 1. m\u00e4nguvariant Laotage lapse ette 9 loto-kaarti ja k\u00f5ik l\u00e4bipaistvad kaardid. Laps peab leidma igale pildile puuduva poole. 2. m\u00e4nguvariant Iga m\u00e4ngija saab \u00fche v\u00f5i mitu m\u00e4nguv\u00e4lja. M\u00e4ngujuht t\u00f5mbab kotist \u00fche kaardi. M\u00e4ngija, kelle m\u00e4nguv\u00e4ljal on selle kaardi sobiv [&hellip;]<\/p>\n","protected":false},"featured_media":74910,"template":"","meta":{"_monsterinsights_skip_tracking":false,"_monsterinsights_sitenote_active":false,"_monsterinsights_sitenote_note":"","_monsterinsights_sitenote_category":0},"product_brand":[],"product_cat":[50,55,58],"product_tag":[],"class_list":{"0":"post-74915","1":"product","2":"type-product","3":"status-publish","4":"has-post-thumbnail","6":"product_cat-arendavad-manguasjad","7":"product_cat-lauamangud","8":"product_cat-unkategorized","9":"pa_vozrast-ot-polutora-do-treh-let-et","10":"pa_vozrast-ot-3-do-5-let-et","12":"first","13":"instock","14":"shipping-taxable","15":"purchasable","16":"product-type-simple"},"yoast_head":"<!-- This site is optimized with the Yoast SEO plugin v25.0 - https:\/\/yoast.com\/wordpress\/plugins\/seo\/ -->\n<title>Lauam\u00e4ng \u201eNutikas loto. Pooleks: l\u00f5busad loomad\u201c. -<\/title>\n<meta name=\"description\" content=\"Lauam\u00e4ng \u201eNutikas loto. Pooleks: l\u00f5busad loomad\u201c. - CLEVER KIDS\" \/>\n<meta name=\"robots\" content=\"index, follow, max-snippet:-1, max-image-preview:large, max-video-preview:-1\" \/>\n<link rel=\"canonical\" href=\"https:\/\/cleverkids.ee\/et\/product\/lauamang-nutikas-loto-pooleks-lobusad-loomad\/\" \/>\n<meta property=\"og:locale\" content=\"et_EE\" \/>\n<meta property=\"og:type\" content=\"article\" \/>\n<meta property=\"og:title\" content=\"Lauam\u00e4ng \u201eNutikas loto. Pooleks: l\u00f5busad loomad\u201c. -\" \/>\n<meta property=\"og:description\" content=\"Lauam\u00e4ng \u201eNutikas loto. Pooleks: l\u00f5busad loomad\u201c. - CLEVER KIDS\" \/>\n<meta property=\"og:url\" content=\"https:\/\/cleverkids.ee\/et\/product\/lauamang-nutikas-loto-pooleks-lobusad-loomad\/\" \/>\n<meta property=\"og:site_name\" content=\"CLEVER KIDS\" \/>\n<meta property=\"article:publisher\" content=\"https:\/\/www.facebook.com\/cleverkids.ee\/\" \/>\n<meta property=\"article:modified_time\" content=\"2026-02-24T14:07:54+00:00\" \/>\n<meta property=\"og:image\" content=\"https:\/\/cleverkids.ee\/wp-content\/uploads\/2025\/02\/original_smvshhyat2p9.webp\" \/>\n\t<meta property=\"og:image:width\" content=\"1200\" \/>\n\t<meta property=\"og:image:height\" content=\"1200\" \/>\n\t<meta property=\"og:image:type\" content=\"image\/webp\" \/>\n<meta name=\"twitter:card\" content=\"summary_large_image\" \/>\n<meta name=\"twitter:label1\" content=\"Est. reading time\" \/>\n\t<meta name=\"twitter:data1\" content=\"1 minut\" \/>\n<script type=\"application\/ld+json\" class=\"yoast-schema-graph\">{\"@context\":\"https:\/\/schema.org\",\"@graph\":[{\"@type\":\"WebPage\",\"@id\":\"https:\/\/cleverkids.ee\/et\/product\/lauamang-nutikas-loto-pooleks-lobusad-loomad\/\",\"url\":\"https:\/\/cleverkids.ee\/et\/product\/lauamang-nutikas-loto-pooleks-lobusad-loomad\/\",\"name\":\"Lauam\u00e4ng \u201eNutikas loto. Pooleks: l\u00f5busad loomad\u201c. -\",\"isPartOf\":{\"@id\":\"https:\/\/cleverkids.ee\/et\/#website\"},\"primaryImageOfPage\":{\"@id\":\"https:\/\/cleverkids.ee\/et\/product\/lauamang-nutikas-loto-pooleks-lobusad-loomad\/#primaryimage\"},\"image\":{\"@id\":\"https:\/\/cleverkids.ee\/et\/product\/lauamang-nutikas-loto-pooleks-lobusad-loomad\/#primaryimage\"},\"thumbnailUrl\":\"https:\/\/cleverkids.ee\/wp-content\/uploads\/2025\/02\/original_smvshhyat2p9.webp\",\"datePublished\":\"2025-02-01T12:35:09+00:00\",\"dateModified\":\"2026-02-24T14:07:54+00:00\",\"description\":\"Lauam\u00e4ng \u201eNutikas loto. Pooleks: l\u00f5busad loomad\u201c. - CLEVER KIDS\",\"breadcrumb\":{\"@id\":\"https:\/\/cleverkids.ee\/et\/product\/lauamang-nutikas-loto-pooleks-lobusad-loomad\/#breadcrumb\"},\"inLanguage\":\"et\",\"potentialAction\":[{\"@type\":\"ReadAction\",\"target\":[\"https:\/\/cleverkids.ee\/et\/product\/lauamang-nutikas-loto-pooleks-lobusad-loomad\/\"]}]},{\"@type\":\"ImageObject\",\"inLanguage\":\"et\",\"@id\":\"https:\/\/cleverkids.ee\/et\/product\/lauamang-nutikas-loto-pooleks-lobusad-loomad\/#primaryimage\",\"url\":\"https:\/\/cleverkids.ee\/wp-content\/uploads\/2025\/02\/original_smvshhyat2p9.webp\",\"contentUrl\":\"https:\/\/cleverkids.ee\/wp-content\/uploads\/2025\/02\/original_smvshhyat2p9.webp\",\"width\":1200,\"height\":1200,\"caption\":\"\u041d\u0430\u0441\u0442\u043e\u043b\u044c\u043d\u0430\u044f \u0438\u0433\u0440\u0430 \u00ab\u0423\u043c\u043d\u043e\u0435 \u043b\u043e\u0442\u043e. \u041f\u043e\u043b\u043e\u0432\u0438\u043d\u043a\u0438: \u0432\u0435\u0441\u0451\u043b\u044b\u0435 \u0436\u0438\u0432\u043e\u0442\u043d\u044b\u0435\u00bb\"},{\"@type\":\"BreadcrumbList\",\"@id\":\"https:\/\/cleverkids.ee\/et\/product\/lauamang-nutikas-loto-pooleks-lobusad-loomad\/#breadcrumb\",\"itemListElement\":[{\"@type\":\"ListItem\",\"position\":1,\"name\":\"Esileht\",\"item\":\"https:\/\/cleverkids.ee\/et\/\"},{\"@type\":\"ListItem\",\"position\":2,\"name\":\"Tooted\",\"item\":\"https:\/\/cleverkids.ee\/store\/\"},{\"@type\":\"ListItem\",\"position\":3,\"name\":\"Lauam\u00e4ng \u201eNutikas loto. Pooleks: l\u00f5busad loomad\u201c.\"}]},{\"@type\":\"WebSite\",\"@id\":\"https:\/\/cleverkids.ee\/et\/#website\",\"url\":\"https:\/\/cleverkids.ee\/et\/\",\"name\":\"CLEVER KIDS\",\"description\":\"\",\"publisher\":{\"@id\":\"https:\/\/cleverkids.ee\/et\/#organization\"},\"potentialAction\":[{\"@type\":\"SearchAction\",\"target\":{\"@type\":\"EntryPoint\",\"urlTemplate\":\"https:\/\/cleverkids.ee\/et\/?s={search_term_string}\"},\"query-input\":{\"@type\":\"PropertyValueSpecification\",\"valueRequired\":true,\"valueName\":\"search_term_string\"}}],\"inLanguage\":\"et\"},{\"@type\":\"Organization\",\"@id\":\"https:\/\/cleverkids.ee\/et\/#organization\",\"name\":\"CLEVER KIDS\",\"url\":\"https:\/\/cleverkids.ee\/et\/\",\"logo\":{\"@type\":\"ImageObject\",\"inLanguage\":\"et\",\"@id\":\"https:\/\/cleverkids.ee\/et\/#\/schema\/logo\/image\/\",\"url\":\"https:\/\/cleverkids.ee\/wp-content\/uploads\/2024\/02\/image0-1024x1024.png\",\"contentUrl\":\"https:\/\/cleverkids.ee\/wp-content\/uploads\/2024\/02\/image0-1024x1024.png\",\"width\":1024,\"height\":1024,\"caption\":\"CLEVER KIDS\"},\"image\":{\"@id\":\"https:\/\/cleverkids.ee\/et\/#\/schema\/logo\/image\/\"},\"sameAs\":[\"https:\/\/www.facebook.com\/cleverkids.ee\/\",\"https:\/\/www.instagram.com\/cleverkids_ee\/\"]}]}<\/script>\n<!-- \/ Yoast SEO plugin. -->","yoast_head_json":{"title":"Lauam\u00e4ng \u201eNutikas loto. Pooleks: l\u00f5busad loomad\u201c. -","description":"Lauam\u00e4ng \u201eNutikas loto. Pooleks: l\u00f5busad loomad\u201c. - CLEVER KIDS","robots":{"index":"index","follow":"follow","max-snippet":"max-snippet:-1","max-image-preview":"max-image-preview:large","max-video-preview":"max-video-preview:-1"},"canonical":"https:\/\/cleverkids.ee\/et\/product\/lauamang-nutikas-loto-pooleks-lobusad-loomad\/","og_locale":"et_EE","og_type":"article","og_title":"Lauam\u00e4ng \u201eNutikas loto. Pooleks: l\u00f5busad loomad\u201c. -","og_description":"Lauam\u00e4ng \u201eNutikas loto. Pooleks: l\u00f5busad loomad\u201c. - CLEVER KIDS","og_url":"https:\/\/cleverkids.ee\/et\/product\/lauamang-nutikas-loto-pooleks-lobusad-loomad\/","og_site_name":"CLEVER KIDS","article_publisher":"https:\/\/www.facebook.com\/cleverkids.ee\/","article_modified_time":"2026-02-24T14:07:54+00:00","og_image":[{"width":1200,"height":1200,"url":"https:\/\/cleverkids.ee\/wp-content\/uploads\/2025\/02\/original_smvshhyat2p9.webp","type":"image\/webp"}],"twitter_card":"summary_large_image","twitter_misc":{"Est. reading time":"1 minut"},"schema":{"@context":"https:\/\/schema.org","@graph":[{"@type":"WebPage","@id":"https:\/\/cleverkids.ee\/et\/product\/lauamang-nutikas-loto-pooleks-lobusad-loomad\/","url":"https:\/\/cleverkids.ee\/et\/product\/lauamang-nutikas-loto-pooleks-lobusad-loomad\/","name":"Lauam\u00e4ng \u201eNutikas loto. Pooleks: l\u00f5busad loomad\u201c. -","isPartOf":{"@id":"https:\/\/cleverkids.ee\/et\/#website"},"primaryImageOfPage":{"@id":"https:\/\/cleverkids.ee\/et\/product\/lauamang-nutikas-loto-pooleks-lobusad-loomad\/#primaryimage"},"image":{"@id":"https:\/\/cleverkids.ee\/et\/product\/lauamang-nutikas-loto-pooleks-lobusad-loomad\/#primaryimage"},"thumbnailUrl":"https:\/\/cleverkids.ee\/wp-content\/uploads\/2025\/02\/original_smvshhyat2p9.webp","datePublished":"2025-02-01T12:35:09+00:00","dateModified":"2026-02-24T14:07:54+00:00","description":"Lauam\u00e4ng \u201eNutikas loto. Pooleks: l\u00f5busad loomad\u201c. - CLEVER KIDS","breadcrumb":{"@id":"https:\/\/cleverkids.ee\/et\/product\/lauamang-nutikas-loto-pooleks-lobusad-loomad\/#breadcrumb"},"inLanguage":"et","potentialAction":[{"@type":"ReadAction","target":["https:\/\/cleverkids.ee\/et\/product\/lauamang-nutikas-loto-pooleks-lobusad-loomad\/"]}]},{"@type":"ImageObject","inLanguage":"et","@id":"https:\/\/cleverkids.ee\/et\/product\/lauamang-nutikas-loto-pooleks-lobusad-loomad\/#primaryimage","url":"https:\/\/cleverkids.ee\/wp-content\/uploads\/2025\/02\/original_smvshhyat2p9.webp","contentUrl":"https:\/\/cleverkids.ee\/wp-content\/uploads\/2025\/02\/original_smvshhyat2p9.webp","width":1200,"height":1200,"caption":"\u041d\u0430\u0441\u0442\u043e\u043b\u044c\u043d\u0430\u044f \u0438\u0433\u0440\u0430 \u00ab\u0423\u043c\u043d\u043e\u0435 \u043b\u043e\u0442\u043e. \u041f\u043e\u043b\u043e\u0432\u0438\u043d\u043a\u0438: \u0432\u0435\u0441\u0451\u043b\u044b\u0435 \u0436\u0438\u0432\u043e\u0442\u043d\u044b\u0435\u00bb"},{"@type":"BreadcrumbList","@id":"https:\/\/cleverkids.ee\/et\/product\/lauamang-nutikas-loto-pooleks-lobusad-loomad\/#breadcrumb","itemListElement":[{"@type":"ListItem","position":1,"name":"Esileht","item":"https:\/\/cleverkids.ee\/et\/"},{"@type":"ListItem","position":2,"name":"Tooted","item":"https:\/\/cleverkids.ee\/store\/"},{"@type":"ListItem","position":3,"name":"Lauam\u00e4ng \u201eNutikas loto. Pooleks: l\u00f5busad loomad\u201c."}]},{"@type":"WebSite","@id":"https:\/\/cleverkids.ee\/et\/#website","url":"https:\/\/cleverkids.ee\/et\/","name":"CLEVER KIDS","description":"","publisher":{"@id":"https:\/\/cleverkids.ee\/et\/#organization"},"potentialAction":[{"@type":"SearchAction","target":{"@type":"EntryPoint","urlTemplate":"https:\/\/cleverkids.ee\/et\/?s={search_term_string}"},"query-input":{"@type":"PropertyValueSpecification","valueRequired":true,"valueName":"search_term_string"}}],"inLanguage":"et"},{"@type":"Organization","@id":"https:\/\/cleverkids.ee\/et\/#organization","name":"CLEVER KIDS","url":"https:\/\/cleverkids.ee\/et\/","logo":{"@type":"ImageObject","inLanguage":"et","@id":"https:\/\/cleverkids.ee\/et\/#\/schema\/logo\/image\/","url":"https:\/\/cleverkids.ee\/wp-content\/uploads\/2024\/02\/image0-1024x1024.png","contentUrl":"https:\/\/cleverkids.ee\/wp-content\/uploads\/2024\/02\/image0-1024x1024.png","width":1024,"height":1024,"caption":"CLEVER KIDS"},"image":{"@id":"https:\/\/cleverkids.ee\/et\/#\/schema\/logo\/image\/"},"sameAs":["https:\/\/www.facebook.com\/cleverkids.ee\/","https:\/\/www.instagram.com\/cleverkids_ee\/"]}]}},"_links":{"self":[{"href":"https:\/\/cleverkids.ee\/et\/wp-json\/wp\/v2\/product\/74915","targetHints":{"allow":["GET"]}}],"collection":[{"href":"https:\/\/cleverkids.ee\/et\/wp-json\/wp\/v2\/product"}],"about":[{"href":"https:\/\/cleverkids.ee\/et\/wp-json\/wp\/v2\/types\/product"}],"wp:featuredmedia":[{"embeddable":true,"href":"https:\/\/cleverkids.ee\/et\/wp-json\/wp\/v2\/media\/74910"}],"wp:attachment":[{"href":"https:\/\/cleverkids.ee\/et\/wp-json\/wp\/v2\/media?parent=74915"}],"wp:term":[{"taxonomy":"product_brand","embeddable":true,"href":"https:\/\/cleverkids.ee\/et\/wp-json\/wp\/v2\/product_brand?post=74915"},{"taxonomy":"product_cat","embeddable":true,"href":"https:\/\/cleverkids.ee\/et\/wp-json\/wp\/v2\/product_cat?post=74915"},{"taxonomy":"product_tag","embeddable":true,"href":"https:\/\/cleverkids.ee\/et\/wp-json\/wp\/v2\/product_tag?post=74915"}],"curies":[{"name":"wp","href":"https:\/\/api.w.org\/{rel}","templated":true}]}}