{"id":74931,"date":"2025-02-03T12:24:16","date_gmt":"2025-02-03T10:24:16","guid":{"rendered":"https:\/\/cleverkids.ee\/\u041f\u0440\u043e\u0434\u0443\u043a\u0442\/nastolnaya-igra-umnoe-loto-professii\/"},"modified":"2025-02-03T12:25:55","modified_gmt":"2025-02-03T10:25:55","slug":"lauamang-nutikas-loto-ametid","status":"publish","type":"product","link":"https:\/\/cleverkids.ee\/et\/product\/lauamang-nutikas-loto-ametid\/","title":{"rendered":"Lauam\u00e4ng \u201eNutikas loto. Ametid\u201c"},"content":{"rendered":"<p>Selle m\u00e4ngu abil tutvub laps erinevate ametitega ning \u00f5pib looma seoseid elukutsete ja nende juurde kuuluvate esemete vahel.<\/p>\n<h3><strong>Kuidas m\u00e4ngida?<\/strong><\/h3>\n<p>\ud83d\udd39 <strong>1. m\u00e4nguvariant<\/strong><\/p>\n<ul>\n<li>Andke lapsele \u00fcks kartongist kaart.<\/li>\n<li>Paluge tal leida l\u00e4bipaistvad kaardid, millel on selle ametiga seotud esemed.<\/li>\n<\/ul>\n<p>\ud83d\udd39 <strong>2. m\u00e4nguvariant<\/strong><\/p>\n<ul>\n<li>Jagage igale m\u00e4ngijale \u00fcks v\u00f5i mitu loto-kaarti.<\/li>\n<li>M\u00e4ngujuht t\u00f5mbab kotist \u00fche plastkaardi.<\/li>\n<li>M\u00e4ngija, kellele see kaart sobib, saab selle endale.<\/li>\n<li>V\u00f5idab see, kes esimesena oma m\u00e4nguv\u00e4lja t\u00e4idab.<\/li>\n<\/ul>\n<p><strong>M\u00e4ng sobib lastele alates 3. eluaastast ning seda saab m\u00e4ngida nii \u00fcksi kui ka mitmekesi.<\/strong><\/p>\n","protected":false},"excerpt":{"rendered":"<p>Selle m\u00e4ngu abil tutvub laps erinevate ametitega ning \u00f5pib looma seoseid elukutsete ja nende juurde kuuluvate esemete vahel. Kuidas m\u00e4ngida? \ud83d\udd39 1. m\u00e4nguvariant Andke lapsele \u00fcks kartongist kaart. Paluge tal leida l\u00e4bipaistvad kaardid, millel on selle ametiga seotud esemed. \ud83d\udd39 2. m\u00e4nguvariant Jagage igale m\u00e4ngijale \u00fcks v\u00f5i mitu loto-kaarti. M\u00e4ngujuht t\u00f5mbab kotist \u00fche plastkaardi. M\u00e4ngija, [&hellip;]<\/p>\n","protected":false},"featured_media":74926,"template":"","meta":{"_monsterinsights_skip_tracking":false,"_monsterinsights_sitenote_active":false,"_monsterinsights_sitenote_note":"","_monsterinsights_sitenote_category":0},"product_brand":[],"product_cat":[50,55,58],"product_tag":[],"class_list":{"0":"post-74931","1":"product","2":"type-product","3":"status-publish","4":"has-post-thumbnail","6":"product_cat-arendavad-manguasjad","7":"product_cat-lauamangud","8":"product_cat-unkategorized","9":"pa_vozrast-ot-polutora-do-treh-let-et","10":"pa_vozrast-ot-5-let-et","12":"first","13":"instock","14":"shipping-taxable","15":"purchasable","16":"product-type-simple"},"yoast_head":"<!-- This site is optimized with the Yoast SEO plugin v25.0 - https:\/\/yoast.com\/wordpress\/plugins\/seo\/ -->\n<title>Lauam\u00e4ng \u201eNutikas loto. Ametid\u201c -<\/title>\n<meta name=\"description\" content=\"Lauam\u00e4ng \u201eNutikas loto. Ametid\u201c - CLEVER KIDS\" \/>\n<meta name=\"robots\" content=\"index, follow, max-snippet:-1, max-image-preview:large, max-video-preview:-1\" \/>\n<link rel=\"canonical\" href=\"https:\/\/cleverkids.ee\/et\/product\/lauamang-nutikas-loto-ametid\/\" \/>\n<meta property=\"og:locale\" content=\"et_EE\" \/>\n<meta property=\"og:type\" content=\"article\" \/>\n<meta property=\"og:title\" content=\"Lauam\u00e4ng \u201eNutikas loto. Ametid\u201c -\" \/>\n<meta property=\"og:description\" content=\"Lauam\u00e4ng \u201eNutikas loto. Ametid\u201c - CLEVER KIDS\" \/>\n<meta property=\"og:url\" content=\"https:\/\/cleverkids.ee\/et\/product\/lauamang-nutikas-loto-ametid\/\" \/>\n<meta property=\"og:site_name\" content=\"CLEVER KIDS\" \/>\n<meta property=\"article:publisher\" content=\"https:\/\/www.facebook.com\/cleverkids.ee\/\" \/>\n<meta property=\"article:modified_time\" content=\"2025-02-03T10:25:55+00:00\" \/>\n<meta property=\"og:image\" content=\"https:\/\/cleverkids.ee\/wp-content\/uploads\/2025\/02\/6649133779.webp\" \/>\n\t<meta property=\"og:image:width\" content=\"700\" \/>\n\t<meta property=\"og:image:height\" content=\"700\" \/>\n\t<meta property=\"og:image:type\" content=\"image\/webp\" \/>\n<meta name=\"twitter:card\" content=\"summary_large_image\" \/>\n<meta name=\"twitter:label1\" content=\"Est. reading time\" \/>\n\t<meta name=\"twitter:data1\" content=\"1 minut\" \/>\n<script type=\"application\/ld+json\" class=\"yoast-schema-graph\">{\"@context\":\"https:\/\/schema.org\",\"@graph\":[{\"@type\":\"WebPage\",\"@id\":\"https:\/\/cleverkids.ee\/et\/product\/lauamang-nutikas-loto-ametid\/\",\"url\":\"https:\/\/cleverkids.ee\/et\/product\/lauamang-nutikas-loto-ametid\/\",\"name\":\"Lauam\u00e4ng \u201eNutikas loto. Ametid\u201c -\",\"isPartOf\":{\"@id\":\"https:\/\/cleverkids.ee\/et\/#website\"},\"primaryImageOfPage\":{\"@id\":\"https:\/\/cleverkids.ee\/et\/product\/lauamang-nutikas-loto-ametid\/#primaryimage\"},\"image\":{\"@id\":\"https:\/\/cleverkids.ee\/et\/product\/lauamang-nutikas-loto-ametid\/#primaryimage\"},\"thumbnailUrl\":\"https:\/\/cleverkids.ee\/wp-content\/uploads\/2025\/02\/6649133779.webp\",\"datePublished\":\"2025-02-03T10:24:16+00:00\",\"dateModified\":\"2025-02-03T10:25:55+00:00\",\"description\":\"Lauam\u00e4ng \u201eNutikas loto. Ametid\u201c - CLEVER KIDS\",\"breadcrumb\":{\"@id\":\"https:\/\/cleverkids.ee\/et\/product\/lauamang-nutikas-loto-ametid\/#breadcrumb\"},\"inLanguage\":\"et\",\"potentialAction\":[{\"@type\":\"ReadAction\",\"target\":[\"https:\/\/cleverkids.ee\/et\/product\/lauamang-nutikas-loto-ametid\/\"]}]},{\"@type\":\"ImageObject\",\"inLanguage\":\"et\",\"@id\":\"https:\/\/cleverkids.ee\/et\/product\/lauamang-nutikas-loto-ametid\/#primaryimage\",\"url\":\"https:\/\/cleverkids.ee\/wp-content\/uploads\/2025\/02\/6649133779.webp\",\"contentUrl\":\"https:\/\/cleverkids.ee\/wp-content\/uploads\/2025\/02\/6649133779.webp\",\"width\":700,\"height\":700,\"caption\":\"\u041d\u0430\u0441\u0442\u043e\u043b\u044c\u043d\u0430\u044f \u0438\u0433\u0440\u0430 \u00ab\u0423\u043c\u043d\u043e\u0435 \u043b\u043e\u0442\u043e. \u041f\u0440\u043e\u0444\u0435\u0441\u0441\u0438\u0438\u00bb\"},{\"@type\":\"BreadcrumbList\",\"@id\":\"https:\/\/cleverkids.ee\/et\/product\/lauamang-nutikas-loto-ametid\/#breadcrumb\",\"itemListElement\":[{\"@type\":\"ListItem\",\"position\":1,\"name\":\"Esileht\",\"item\":\"https:\/\/cleverkids.ee\/et\/\"},{\"@type\":\"ListItem\",\"position\":2,\"name\":\"Tooted\",\"item\":\"https:\/\/cleverkids.ee\/store\/\"},{\"@type\":\"ListItem\",\"position\":3,\"name\":\"Lauam\u00e4ng \u201eNutikas loto. Ametid\u201c\"}]},{\"@type\":\"WebSite\",\"@id\":\"https:\/\/cleverkids.ee\/et\/#website\",\"url\":\"https:\/\/cleverkids.ee\/et\/\",\"name\":\"CLEVER KIDS\",\"description\":\"\",\"publisher\":{\"@id\":\"https:\/\/cleverkids.ee\/et\/#organization\"},\"potentialAction\":[{\"@type\":\"SearchAction\",\"target\":{\"@type\":\"EntryPoint\",\"urlTemplate\":\"https:\/\/cleverkids.ee\/et\/?s={search_term_string}\"},\"query-input\":{\"@type\":\"PropertyValueSpecification\",\"valueRequired\":true,\"valueName\":\"search_term_string\"}}],\"inLanguage\":\"et\"},{\"@type\":\"Organization\",\"@id\":\"https:\/\/cleverkids.ee\/et\/#organization\",\"name\":\"CLEVER KIDS\",\"url\":\"https:\/\/cleverkids.ee\/et\/\",\"logo\":{\"@type\":\"ImageObject\",\"inLanguage\":\"et\",\"@id\":\"https:\/\/cleverkids.ee\/et\/#\/schema\/logo\/image\/\",\"url\":\"https:\/\/cleverkids.ee\/wp-content\/uploads\/2024\/02\/image0-1024x1024.png\",\"contentUrl\":\"https:\/\/cleverkids.ee\/wp-content\/uploads\/2024\/02\/image0-1024x1024.png\",\"width\":1024,\"height\":1024,\"caption\":\"CLEVER KIDS\"},\"image\":{\"@id\":\"https:\/\/cleverkids.ee\/et\/#\/schema\/logo\/image\/\"},\"sameAs\":[\"https:\/\/www.facebook.com\/cleverkids.ee\/\",\"https:\/\/www.instagram.com\/cleverkids_ee\/\"]}]}<\/script>\n<!-- \/ Yoast SEO plugin. -->","yoast_head_json":{"title":"Lauam\u00e4ng \u201eNutikas loto. Ametid\u201c -","description":"Lauam\u00e4ng \u201eNutikas loto. Ametid\u201c - CLEVER KIDS","robots":{"index":"index","follow":"follow","max-snippet":"max-snippet:-1","max-image-preview":"max-image-preview:large","max-video-preview":"max-video-preview:-1"},"canonical":"https:\/\/cleverkids.ee\/et\/product\/lauamang-nutikas-loto-ametid\/","og_locale":"et_EE","og_type":"article","og_title":"Lauam\u00e4ng \u201eNutikas loto. Ametid\u201c -","og_description":"Lauam\u00e4ng \u201eNutikas loto. Ametid\u201c - CLEVER KIDS","og_url":"https:\/\/cleverkids.ee\/et\/product\/lauamang-nutikas-loto-ametid\/","og_site_name":"CLEVER KIDS","article_publisher":"https:\/\/www.facebook.com\/cleverkids.ee\/","article_modified_time":"2025-02-03T10:25:55+00:00","og_image":[{"width":700,"height":700,"url":"https:\/\/cleverkids.ee\/wp-content\/uploads\/2025\/02\/6649133779.webp","type":"image\/webp"}],"twitter_card":"summary_large_image","twitter_misc":{"Est. reading time":"1 minut"},"schema":{"@context":"https:\/\/schema.org","@graph":[{"@type":"WebPage","@id":"https:\/\/cleverkids.ee\/et\/product\/lauamang-nutikas-loto-ametid\/","url":"https:\/\/cleverkids.ee\/et\/product\/lauamang-nutikas-loto-ametid\/","name":"Lauam\u00e4ng \u201eNutikas loto. Ametid\u201c -","isPartOf":{"@id":"https:\/\/cleverkids.ee\/et\/#website"},"primaryImageOfPage":{"@id":"https:\/\/cleverkids.ee\/et\/product\/lauamang-nutikas-loto-ametid\/#primaryimage"},"image":{"@id":"https:\/\/cleverkids.ee\/et\/product\/lauamang-nutikas-loto-ametid\/#primaryimage"},"thumbnailUrl":"https:\/\/cleverkids.ee\/wp-content\/uploads\/2025\/02\/6649133779.webp","datePublished":"2025-02-03T10:24:16+00:00","dateModified":"2025-02-03T10:25:55+00:00","description":"Lauam\u00e4ng \u201eNutikas loto. Ametid\u201c - CLEVER KIDS","breadcrumb":{"@id":"https:\/\/cleverkids.ee\/et\/product\/lauamang-nutikas-loto-ametid\/#breadcrumb"},"inLanguage":"et","potentialAction":[{"@type":"ReadAction","target":["https:\/\/cleverkids.ee\/et\/product\/lauamang-nutikas-loto-ametid\/"]}]},{"@type":"ImageObject","inLanguage":"et","@id":"https:\/\/cleverkids.ee\/et\/product\/lauamang-nutikas-loto-ametid\/#primaryimage","url":"https:\/\/cleverkids.ee\/wp-content\/uploads\/2025\/02\/6649133779.webp","contentUrl":"https:\/\/cleverkids.ee\/wp-content\/uploads\/2025\/02\/6649133779.webp","width":700,"height":700,"caption":"\u041d\u0430\u0441\u0442\u043e\u043b\u044c\u043d\u0430\u044f \u0438\u0433\u0440\u0430 \u00ab\u0423\u043c\u043d\u043e\u0435 \u043b\u043e\u0442\u043e. \u041f\u0440\u043e\u0444\u0435\u0441\u0441\u0438\u0438\u00bb"},{"@type":"BreadcrumbList","@id":"https:\/\/cleverkids.ee\/et\/product\/lauamang-nutikas-loto-ametid\/#breadcrumb","itemListElement":[{"@type":"ListItem","position":1,"name":"Esileht","item":"https:\/\/cleverkids.ee\/et\/"},{"@type":"ListItem","position":2,"name":"Tooted","item":"https:\/\/cleverkids.ee\/store\/"},{"@type":"ListItem","position":3,"name":"Lauam\u00e4ng \u201eNutikas loto. Ametid\u201c"}]},{"@type":"WebSite","@id":"https:\/\/cleverkids.ee\/et\/#website","url":"https:\/\/cleverkids.ee\/et\/","name":"CLEVER KIDS","description":"","publisher":{"@id":"https:\/\/cleverkids.ee\/et\/#organization"},"potentialAction":[{"@type":"SearchAction","target":{"@type":"EntryPoint","urlTemplate":"https:\/\/cleverkids.ee\/et\/?s={search_term_string}"},"query-input":{"@type":"PropertyValueSpecification","valueRequired":true,"valueName":"search_term_string"}}],"inLanguage":"et"},{"@type":"Organization","@id":"https:\/\/cleverkids.ee\/et\/#organization","name":"CLEVER KIDS","url":"https:\/\/cleverkids.ee\/et\/","logo":{"@type":"ImageObject","inLanguage":"et","@id":"https:\/\/cleverkids.ee\/et\/#\/schema\/logo\/image\/","url":"https:\/\/cleverkids.ee\/wp-content\/uploads\/2024\/02\/image0-1024x1024.png","contentUrl":"https:\/\/cleverkids.ee\/wp-content\/uploads\/2024\/02\/image0-1024x1024.png","width":1024,"height":1024,"caption":"CLEVER KIDS"},"image":{"@id":"https:\/\/cleverkids.ee\/et\/#\/schema\/logo\/image\/"},"sameAs":["https:\/\/www.facebook.com\/cleverkids.ee\/","https:\/\/www.instagram.com\/cleverkids_ee\/"]}]}},"_links":{"self":[{"href":"https:\/\/cleverkids.ee\/et\/wp-json\/wp\/v2\/product\/74931","targetHints":{"allow":["GET"]}}],"collection":[{"href":"https:\/\/cleverkids.ee\/et\/wp-json\/wp\/v2\/product"}],"about":[{"href":"https:\/\/cleverkids.ee\/et\/wp-json\/wp\/v2\/types\/product"}],"wp:featuredmedia":[{"embeddable":true,"href":"https:\/\/cleverkids.ee\/et\/wp-json\/wp\/v2\/media\/74926"}],"wp:attachment":[{"href":"https:\/\/cleverkids.ee\/et\/wp-json\/wp\/v2\/media?parent=74931"}],"wp:term":[{"taxonomy":"product_brand","embeddable":true,"href":"https:\/\/cleverkids.ee\/et\/wp-json\/wp\/v2\/product_brand?post=74931"},{"taxonomy":"product_cat","embeddable":true,"href":"https:\/\/cleverkids.ee\/et\/wp-json\/wp\/v2\/product_cat?post=74931"},{"taxonomy":"product_tag","embeddable":true,"href":"https:\/\/cleverkids.ee\/et\/wp-json\/wp\/v2\/product_tag?post=74931"}],"curies":[{"name":"wp","href":"https:\/\/api.w.org\/{rel}","templated":true}]}}