{"id":74938,"date":"2025-02-03T12:30:16","date_gmt":"2025-02-03T10:30:16","guid":{"rendered":"https:\/\/cleverkids.ee\/\u041f\u0440\u043e\u0434\u0443\u043a\u0442\/loto-dlya-malyshej\/"},"modified":"2026-02-24T16:07:54","modified_gmt":"2026-02-24T14:07:54","slug":"loto-vaikelastele","status":"publish","type":"product","link":"https:\/\/cleverkids.ee\/et\/product\/loto-vaikelastele\/","title":{"rendered":"Loto \u201eV\u00e4ikelastele\u201c"},"content":{"rendered":"<div class=\"R_2jiT\" data-testid=\"description-wrap\">\n<div class=\"negW2t m0fE_1\" data-testid=\"description\">\n<div class=\"p9jiPT aCeHAX\" data-testid=\"about-section-description\">\n<h3><strong>Loto \u201eV\u00e4ikelastele\u201c<\/strong><\/h3>\n<p>Armas ja tuttav lauam\u00e4ng-loto aitab lapsel tutvuda m\u00e4nguasjade, puu- ja k\u00f6\u00f6giviljade, autode ning paljude teiste huvitavate esemete ja n\u00e4htustega.<\/p>\n<h3><strong>Kuidas m\u00e4ngida?<\/strong><\/h3>\n<p>1\ufe0f\u20e3 <strong>Valmistamine:<\/strong> L\u00f5igake v\u00e4lja kleepsud ja kinnitage need plastmassist nuppudele. Jagage igale m\u00e4ngijale m\u00e4nguv\u00e4ljad.<br \/>\n2\ufe0f\u20e3 <strong>M\u00e4ngu k\u00e4ik:<\/strong> M\u00e4ngujuht segab k\u00f5ik nupud ja t\u00f5mbab neist \u00fche, \u00f6eldes valjusti, mis on pildil.<br \/>\n3\ufe0f\u20e3 <strong>Vastavuse leidmine:<\/strong> Kui m\u00e4ngija m\u00e4nguv\u00e4ljal on sama pilt, saab ta selle nupu endale.<br \/>\n4\ufe0f\u20e3 <strong>V\u00f5itja:<\/strong> Esimesena k\u00f5ik pildid oma m\u00e4nguv\u00e4ljal katnud m\u00e4ngija v\u00f5idab!<\/p>\n<p>\ud83d\udc76 <strong>Soovitatav lastele alates 3. eluaastast.<\/strong><br \/>\n\ud83d\udc65 <strong>M\u00e4ngijate arv:<\/strong> 1\u20134.<\/p>\n<h3><strong>Komplekti kuulub:<\/strong><\/h3>\n<p>\u2705 <strong>4 m\u00e4nguv\u00e4lja<\/strong><br \/>\n\u2705 <strong>24 m\u00e4ngunuppu<\/strong><\/p>\n<\/div>\n<\/div>\n<\/div>\n","protected":false},"excerpt":{"rendered":"<p>Loto \u201eV\u00e4ikelastele\u201c Armas ja tuttav lauam\u00e4ng-loto aitab lapsel tutvuda m\u00e4nguasjade, puu- ja k\u00f6\u00f6giviljade, autode ning paljude teiste huvitavate esemete ja n\u00e4htustega. Kuidas m\u00e4ngida? 1\ufe0f\u20e3 Valmistamine: L\u00f5igake v\u00e4lja kleepsud ja kinnitage need plastmassist nuppudele. Jagage igale m\u00e4ngijale m\u00e4nguv\u00e4ljad. 2\ufe0f\u20e3 M\u00e4ngu k\u00e4ik: M\u00e4ngujuht segab k\u00f5ik nupud ja t\u00f5mbab neist \u00fche, \u00f6eldes valjusti, mis on pildil. 3\ufe0f\u20e3 Vastavuse [&hellip;]<\/p>\n","protected":false},"featured_media":74937,"template":"","meta":{"_monsterinsights_skip_tracking":false,"_monsterinsights_sitenote_active":false,"_monsterinsights_sitenote_note":"","_monsterinsights_sitenote_category":0},"product_brand":[],"product_cat":[50,55,58],"product_tag":[],"class_list":{"0":"post-74938","1":"product","2":"type-product","3":"status-publish","4":"has-post-thumbnail","6":"product_cat-arendavad-manguasjad","7":"product_cat-lauamangud","8":"product_cat-unkategorized","9":"pa_vozrast-ot-polutora-do-treh-let-et","11":"first","12":"instock","13":"shipping-taxable","14":"purchasable","15":"product-type-simple"},"yoast_head":"<!-- This site is optimized with the Yoast SEO plugin v25.0 - https:\/\/yoast.com\/wordpress\/plugins\/seo\/ -->\n<title>Loto \u201eV\u00e4ikelastele\u201c -<\/title>\n<meta name=\"description\" content=\"Loto \u201eV\u00e4ikelastele\u201c - CLEVER KIDS\" \/>\n<meta name=\"robots\" content=\"index, follow, max-snippet:-1, max-image-preview:large, max-video-preview:-1\" \/>\n<link rel=\"canonical\" href=\"https:\/\/cleverkids.ee\/et\/product\/loto-vaikelastele\/\" \/>\n<meta property=\"og:locale\" content=\"et_EE\" \/>\n<meta property=\"og:type\" content=\"article\" \/>\n<meta property=\"og:title\" content=\"Loto \u201eV\u00e4ikelastele\u201c -\" \/>\n<meta property=\"og:description\" content=\"Loto \u201eV\u00e4ikelastele\u201c - CLEVER KIDS\" \/>\n<meta property=\"og:url\" content=\"https:\/\/cleverkids.ee\/et\/product\/loto-vaikelastele\/\" \/>\n<meta property=\"og:site_name\" content=\"CLEVER KIDS\" \/>\n<meta property=\"article:publisher\" content=\"https:\/\/www.facebook.com\/cleverkids.ee\/\" \/>\n<meta property=\"article:modified_time\" content=\"2026-02-24T14:07:54+00:00\" \/>\n<meta property=\"og:image\" content=\"https:\/\/cleverkids.ee\/wp-content\/uploads\/2025\/02\/1600-55.jpg\" \/>\n\t<meta property=\"og:image:width\" content=\"1600\" \/>\n\t<meta property=\"og:image:height\" content=\"1600\" \/>\n\t<meta property=\"og:image:type\" content=\"image\/jpeg\" \/>\n<meta name=\"twitter:card\" content=\"summary_large_image\" \/>\n<meta name=\"twitter:label1\" content=\"Est. reading time\" \/>\n\t<meta name=\"twitter:data1\" content=\"1 minut\" \/>\n<script type=\"application\/ld+json\" class=\"yoast-schema-graph\">{\"@context\":\"https:\/\/schema.org\",\"@graph\":[{\"@type\":\"WebPage\",\"@id\":\"https:\/\/cleverkids.ee\/et\/product\/loto-vaikelastele\/\",\"url\":\"https:\/\/cleverkids.ee\/et\/product\/loto-vaikelastele\/\",\"name\":\"Loto \u201eV\u00e4ikelastele\u201c -\",\"isPartOf\":{\"@id\":\"https:\/\/cleverkids.ee\/et\/#website\"},\"primaryImageOfPage\":{\"@id\":\"https:\/\/cleverkids.ee\/et\/product\/loto-vaikelastele\/#primaryimage\"},\"image\":{\"@id\":\"https:\/\/cleverkids.ee\/et\/product\/loto-vaikelastele\/#primaryimage\"},\"thumbnailUrl\":\"https:\/\/cleverkids.ee\/wp-content\/uploads\/2025\/02\/1600-55.jpg\",\"datePublished\":\"2025-02-03T10:30:16+00:00\",\"dateModified\":\"2026-02-24T14:07:54+00:00\",\"description\":\"Loto \u201eV\u00e4ikelastele\u201c - CLEVER KIDS\",\"breadcrumb\":{\"@id\":\"https:\/\/cleverkids.ee\/et\/product\/loto-vaikelastele\/#breadcrumb\"},\"inLanguage\":\"et\",\"potentialAction\":[{\"@type\":\"ReadAction\",\"target\":[\"https:\/\/cleverkids.ee\/et\/product\/loto-vaikelastele\/\"]}]},{\"@type\":\"ImageObject\",\"inLanguage\":\"et\",\"@id\":\"https:\/\/cleverkids.ee\/et\/product\/loto-vaikelastele\/#primaryimage\",\"url\":\"https:\/\/cleverkids.ee\/wp-content\/uploads\/2025\/02\/1600-55.jpg\",\"contentUrl\":\"https:\/\/cleverkids.ee\/wp-content\/uploads\/2025\/02\/1600-55.jpg\",\"width\":1600,\"height\":1600,\"caption\":\"\u041b\u043e\u0442\u043e \u00ab\u0414\u043b\u044f \u043c\u0430\u043b\u044b\u0448\u0435\u0439\u00bb\"},{\"@type\":\"BreadcrumbList\",\"@id\":\"https:\/\/cleverkids.ee\/et\/product\/loto-vaikelastele\/#breadcrumb\",\"itemListElement\":[{\"@type\":\"ListItem\",\"position\":1,\"name\":\"Esileht\",\"item\":\"https:\/\/cleverkids.ee\/et\/\"},{\"@type\":\"ListItem\",\"position\":2,\"name\":\"Tooted\",\"item\":\"https:\/\/cleverkids.ee\/store\/\"},{\"@type\":\"ListItem\",\"position\":3,\"name\":\"Loto \u201eV\u00e4ikelastele\u201c\"}]},{\"@type\":\"WebSite\",\"@id\":\"https:\/\/cleverkids.ee\/et\/#website\",\"url\":\"https:\/\/cleverkids.ee\/et\/\",\"name\":\"CLEVER KIDS\",\"description\":\"\",\"publisher\":{\"@id\":\"https:\/\/cleverkids.ee\/et\/#organization\"},\"potentialAction\":[{\"@type\":\"SearchAction\",\"target\":{\"@type\":\"EntryPoint\",\"urlTemplate\":\"https:\/\/cleverkids.ee\/et\/?s={search_term_string}\"},\"query-input\":{\"@type\":\"PropertyValueSpecification\",\"valueRequired\":true,\"valueName\":\"search_term_string\"}}],\"inLanguage\":\"et\"},{\"@type\":\"Organization\",\"@id\":\"https:\/\/cleverkids.ee\/et\/#organization\",\"name\":\"CLEVER KIDS\",\"url\":\"https:\/\/cleverkids.ee\/et\/\",\"logo\":{\"@type\":\"ImageObject\",\"inLanguage\":\"et\",\"@id\":\"https:\/\/cleverkids.ee\/et\/#\/schema\/logo\/image\/\",\"url\":\"https:\/\/cleverkids.ee\/wp-content\/uploads\/2024\/02\/image0-1024x1024.png\",\"contentUrl\":\"https:\/\/cleverkids.ee\/wp-content\/uploads\/2024\/02\/image0-1024x1024.png\",\"width\":1024,\"height\":1024,\"caption\":\"CLEVER KIDS\"},\"image\":{\"@id\":\"https:\/\/cleverkids.ee\/et\/#\/schema\/logo\/image\/\"},\"sameAs\":[\"https:\/\/www.facebook.com\/cleverkids.ee\/\",\"https:\/\/www.instagram.com\/cleverkids_ee\/\"]}]}<\/script>\n<!-- \/ Yoast SEO plugin. -->","yoast_head_json":{"title":"Loto \u201eV\u00e4ikelastele\u201c -","description":"Loto \u201eV\u00e4ikelastele\u201c - CLEVER KIDS","robots":{"index":"index","follow":"follow","max-snippet":"max-snippet:-1","max-image-preview":"max-image-preview:large","max-video-preview":"max-video-preview:-1"},"canonical":"https:\/\/cleverkids.ee\/et\/product\/loto-vaikelastele\/","og_locale":"et_EE","og_type":"article","og_title":"Loto \u201eV\u00e4ikelastele\u201c -","og_description":"Loto \u201eV\u00e4ikelastele\u201c - CLEVER KIDS","og_url":"https:\/\/cleverkids.ee\/et\/product\/loto-vaikelastele\/","og_site_name":"CLEVER KIDS","article_publisher":"https:\/\/www.facebook.com\/cleverkids.ee\/","article_modified_time":"2026-02-24T14:07:54+00:00","og_image":[{"width":1600,"height":1600,"url":"https:\/\/cleverkids.ee\/wp-content\/uploads\/2025\/02\/1600-55.jpg","type":"image\/jpeg"}],"twitter_card":"summary_large_image","twitter_misc":{"Est. reading time":"1 minut"},"schema":{"@context":"https:\/\/schema.org","@graph":[{"@type":"WebPage","@id":"https:\/\/cleverkids.ee\/et\/product\/loto-vaikelastele\/","url":"https:\/\/cleverkids.ee\/et\/product\/loto-vaikelastele\/","name":"Loto \u201eV\u00e4ikelastele\u201c -","isPartOf":{"@id":"https:\/\/cleverkids.ee\/et\/#website"},"primaryImageOfPage":{"@id":"https:\/\/cleverkids.ee\/et\/product\/loto-vaikelastele\/#primaryimage"},"image":{"@id":"https:\/\/cleverkids.ee\/et\/product\/loto-vaikelastele\/#primaryimage"},"thumbnailUrl":"https:\/\/cleverkids.ee\/wp-content\/uploads\/2025\/02\/1600-55.jpg","datePublished":"2025-02-03T10:30:16+00:00","dateModified":"2026-02-24T14:07:54+00:00","description":"Loto \u201eV\u00e4ikelastele\u201c - CLEVER KIDS","breadcrumb":{"@id":"https:\/\/cleverkids.ee\/et\/product\/loto-vaikelastele\/#breadcrumb"},"inLanguage":"et","potentialAction":[{"@type":"ReadAction","target":["https:\/\/cleverkids.ee\/et\/product\/loto-vaikelastele\/"]}]},{"@type":"ImageObject","inLanguage":"et","@id":"https:\/\/cleverkids.ee\/et\/product\/loto-vaikelastele\/#primaryimage","url":"https:\/\/cleverkids.ee\/wp-content\/uploads\/2025\/02\/1600-55.jpg","contentUrl":"https:\/\/cleverkids.ee\/wp-content\/uploads\/2025\/02\/1600-55.jpg","width":1600,"height":1600,"caption":"\u041b\u043e\u0442\u043e \u00ab\u0414\u043b\u044f \u043c\u0430\u043b\u044b\u0448\u0435\u0439\u00bb"},{"@type":"BreadcrumbList","@id":"https:\/\/cleverkids.ee\/et\/product\/loto-vaikelastele\/#breadcrumb","itemListElement":[{"@type":"ListItem","position":1,"name":"Esileht","item":"https:\/\/cleverkids.ee\/et\/"},{"@type":"ListItem","position":2,"name":"Tooted","item":"https:\/\/cleverkids.ee\/store\/"},{"@type":"ListItem","position":3,"name":"Loto \u201eV\u00e4ikelastele\u201c"}]},{"@type":"WebSite","@id":"https:\/\/cleverkids.ee\/et\/#website","url":"https:\/\/cleverkids.ee\/et\/","name":"CLEVER KIDS","description":"","publisher":{"@id":"https:\/\/cleverkids.ee\/et\/#organization"},"potentialAction":[{"@type":"SearchAction","target":{"@type":"EntryPoint","urlTemplate":"https:\/\/cleverkids.ee\/et\/?s={search_term_string}"},"query-input":{"@type":"PropertyValueSpecification","valueRequired":true,"valueName":"search_term_string"}}],"inLanguage":"et"},{"@type":"Organization","@id":"https:\/\/cleverkids.ee\/et\/#organization","name":"CLEVER KIDS","url":"https:\/\/cleverkids.ee\/et\/","logo":{"@type":"ImageObject","inLanguage":"et","@id":"https:\/\/cleverkids.ee\/et\/#\/schema\/logo\/image\/","url":"https:\/\/cleverkids.ee\/wp-content\/uploads\/2024\/02\/image0-1024x1024.png","contentUrl":"https:\/\/cleverkids.ee\/wp-content\/uploads\/2024\/02\/image0-1024x1024.png","width":1024,"height":1024,"caption":"CLEVER KIDS"},"image":{"@id":"https:\/\/cleverkids.ee\/et\/#\/schema\/logo\/image\/"},"sameAs":["https:\/\/www.facebook.com\/cleverkids.ee\/","https:\/\/www.instagram.com\/cleverkids_ee\/"]}]}},"_links":{"self":[{"href":"https:\/\/cleverkids.ee\/et\/wp-json\/wp\/v2\/product\/74938","targetHints":{"allow":["GET"]}}],"collection":[{"href":"https:\/\/cleverkids.ee\/et\/wp-json\/wp\/v2\/product"}],"about":[{"href":"https:\/\/cleverkids.ee\/et\/wp-json\/wp\/v2\/types\/product"}],"wp:featuredmedia":[{"embeddable":true,"href":"https:\/\/cleverkids.ee\/et\/wp-json\/wp\/v2\/media\/74937"}],"wp:attachment":[{"href":"https:\/\/cleverkids.ee\/et\/wp-json\/wp\/v2\/media?parent=74938"}],"wp:term":[{"taxonomy":"product_brand","embeddable":true,"href":"https:\/\/cleverkids.ee\/et\/wp-json\/wp\/v2\/product_brand?post=74938"},{"taxonomy":"product_cat","embeddable":true,"href":"https:\/\/cleverkids.ee\/et\/wp-json\/wp\/v2\/product_cat?post=74938"},{"taxonomy":"product_tag","embeddable":true,"href":"https:\/\/cleverkids.ee\/et\/wp-json\/wp\/v2\/product_tag?post=74938"}],"curies":[{"name":"wp","href":"https:\/\/api.w.org\/{rel}","templated":true}]}}