{"id":74956,"date":"2025-02-05T11:34:41","date_gmt":"2025-02-05T09:34:41","guid":{"rendered":"https:\/\/cleverkids.ee\/\u041f\u0440\u043e\u0434\u0443\u043a\u0442\/labirinty-moj-mir-16-str\/"},"modified":"2025-02-05T11:37:02","modified_gmt":"2025-02-05T09:37:02","slug":"laburindid-minu-maailm-16-lk","status":"publish","type":"product","link":"https:\/\/cleverkids.ee\/et\/product\/laburindid-minu-maailm-16-lk\/","title":{"rendered":"Lab\u00fcrindid \u201eMinu maailm\u201c, 16 lk."},"content":{"rendered":"<h3><strong>Raamat \u201eLab\u00fcrindid\u201c<\/strong><\/h3>\n<p>See raamat on loodud neile, kes armastavad <strong>pikselgraafikat, keerukaid m\u00f5istatusi ja arvutim\u00e4nge<\/strong>.<\/p>\n<p>\ud83d\udcd6 <strong>Mida leiad kaante vahelt?<\/strong><\/p>\n<ul>\n<li><strong>13 erineva raskusastmega v\u00e4ljakutset<\/strong> \u2013 kas suudad need k\u00f5ik lahendada?<\/li>\n<li><strong>Kompaktne formaat<\/strong> \u2013 raamatut on mugav kaasa v\u00f5tta ja ajaviiteks lahendada, n\u00e4iteks reisides.<\/li>\n<\/ul>\n<h3><strong>Miks on lab\u00fcrintide lahendamine kasulik?<\/strong><\/h3>\n<p>\u2705 Aitab \u00f5ppida <strong>oma samme ette planeerima<\/strong><br \/>\n\u2705 Arendab <strong>ruumilist ja loogilist m\u00f5tlemist<\/strong><br \/>\n\u2705 Treenib <strong>peenmotoorikat, t\u00e4helepanu ja kannatlikkust<\/strong><\/p>\n<p><strong>Soovitatav vanus:<\/strong> alates <strong>6. eluaastast<\/strong>.<\/p>\n","protected":false},"excerpt":{"rendered":"<p>Raamat \u201eLab\u00fcrindid\u201c See raamat on loodud neile, kes armastavad pikselgraafikat, keerukaid m\u00f5istatusi ja arvutim\u00e4nge. \ud83d\udcd6 Mida leiad kaante vahelt? 13 erineva raskusastmega v\u00e4ljakutset \u2013 kas suudad need k\u00f5ik lahendada? Kompaktne formaat \u2013 raamatut on mugav kaasa v\u00f5tta ja ajaviiteks lahendada, n\u00e4iteks reisides. Miks on lab\u00fcrintide lahendamine kasulik? \u2705 Aitab \u00f5ppida oma samme ette planeerima \u2705 [&hellip;]<\/p>\n","protected":false},"featured_media":74955,"template":"","meta":{"_monsterinsights_skip_tracking":false,"_monsterinsights_sitenote_active":false,"_monsterinsights_sitenote_note":"","_monsterinsights_sitenote_category":0},"product_brand":[],"product_cat":[51,58],"product_tag":[],"class_list":{"0":"post-74956","1":"product","2":"type-product","3":"status-publish","4":"has-post-thumbnail","6":"product_cat-arendavad-vihikud-vene-keeles","7":"product_cat-unkategorized","8":"pa_vozrast-ot-5-let-et","10":"first","11":"instock","12":"shipping-taxable","13":"purchasable","14":"product-type-simple"},"yoast_head":"<!-- This site is optimized with the Yoast SEO plugin v25.0 - https:\/\/yoast.com\/wordpress\/plugins\/seo\/ -->\n<title>Lab\u00fcrindid \u201eMinu maailm\u201c, 16 lk. -<\/title>\n<meta name=\"description\" content=\"Lab\u00fcrindid \u201eMinu maailm\u201c, 16 lk. - CLEVER KIDS\" \/>\n<meta name=\"robots\" content=\"index, follow, max-snippet:-1, max-image-preview:large, max-video-preview:-1\" \/>\n<link rel=\"canonical\" href=\"https:\/\/cleverkids.ee\/et\/product\/laburindid-minu-maailm-16-lk\/\" \/>\n<meta property=\"og:locale\" content=\"et_EE\" \/>\n<meta property=\"og:type\" content=\"article\" \/>\n<meta property=\"og:title\" content=\"Lab\u00fcrindid \u201eMinu maailm\u201c, 16 lk. -\" \/>\n<meta property=\"og:description\" content=\"Lab\u00fcrindid \u201eMinu maailm\u201c, 16 lk. - CLEVER KIDS\" \/>\n<meta property=\"og:url\" content=\"https:\/\/cleverkids.ee\/et\/product\/laburindid-minu-maailm-16-lk\/\" \/>\n<meta property=\"og:site_name\" content=\"CLEVER KIDS\" \/>\n<meta property=\"article:publisher\" content=\"https:\/\/www.facebook.com\/cleverkids.ee\/\" \/>\n<meta property=\"article:modified_time\" content=\"2025-02-05T09:37:02+00:00\" \/>\n<meta property=\"og:image\" content=\"https:\/\/cleverkids.ee\/wp-content\/uploads\/2025\/02\/1600-58.jpg\" \/>\n\t<meta property=\"og:image:width\" content=\"1600\" \/>\n\t<meta property=\"og:image:height\" content=\"1600\" \/>\n\t<meta property=\"og:image:type\" content=\"image\/jpeg\" \/>\n<meta name=\"twitter:card\" content=\"summary_large_image\" \/>\n<meta name=\"twitter:label1\" content=\"Est. reading time\" \/>\n\t<meta name=\"twitter:data1\" content=\"1 minut\" \/>\n<script type=\"application\/ld+json\" class=\"yoast-schema-graph\">{\"@context\":\"https:\/\/schema.org\",\"@graph\":[{\"@type\":\"WebPage\",\"@id\":\"https:\/\/cleverkids.ee\/et\/product\/laburindid-minu-maailm-16-lk\/\",\"url\":\"https:\/\/cleverkids.ee\/et\/product\/laburindid-minu-maailm-16-lk\/\",\"name\":\"Lab\u00fcrindid \u201eMinu maailm\u201c, 16 lk. -\",\"isPartOf\":{\"@id\":\"https:\/\/cleverkids.ee\/et\/#website\"},\"primaryImageOfPage\":{\"@id\":\"https:\/\/cleverkids.ee\/et\/product\/laburindid-minu-maailm-16-lk\/#primaryimage\"},\"image\":{\"@id\":\"https:\/\/cleverkids.ee\/et\/product\/laburindid-minu-maailm-16-lk\/#primaryimage\"},\"thumbnailUrl\":\"https:\/\/cleverkids.ee\/wp-content\/uploads\/2025\/02\/1600-58.jpg\",\"datePublished\":\"2025-02-05T09:34:41+00:00\",\"dateModified\":\"2025-02-05T09:37:02+00:00\",\"description\":\"Lab\u00fcrindid \u201eMinu maailm\u201c, 16 lk. - CLEVER KIDS\",\"breadcrumb\":{\"@id\":\"https:\/\/cleverkids.ee\/et\/product\/laburindid-minu-maailm-16-lk\/#breadcrumb\"},\"inLanguage\":\"et\",\"potentialAction\":[{\"@type\":\"ReadAction\",\"target\":[\"https:\/\/cleverkids.ee\/et\/product\/laburindid-minu-maailm-16-lk\/\"]}]},{\"@type\":\"ImageObject\",\"inLanguage\":\"et\",\"@id\":\"https:\/\/cleverkids.ee\/et\/product\/laburindid-minu-maailm-16-lk\/#primaryimage\",\"url\":\"https:\/\/cleverkids.ee\/wp-content\/uploads\/2025\/02\/1600-58.jpg\",\"contentUrl\":\"https:\/\/cleverkids.ee\/wp-content\/uploads\/2025\/02\/1600-58.jpg\",\"width\":1600,\"height\":1600,\"caption\":\"\u041b\u0430\u0431\u0438\u0440\u0438\u043d\u0442\u044b \\\"\u041c\u043e\u0439 \u043c\u0438\u0440\\\", 16 \u0441\u0442\u0440.\"},{\"@type\":\"BreadcrumbList\",\"@id\":\"https:\/\/cleverkids.ee\/et\/product\/laburindid-minu-maailm-16-lk\/#breadcrumb\",\"itemListElement\":[{\"@type\":\"ListItem\",\"position\":1,\"name\":\"Esileht\",\"item\":\"https:\/\/cleverkids.ee\/et\/\"},{\"@type\":\"ListItem\",\"position\":2,\"name\":\"Tooted\",\"item\":\"https:\/\/cleverkids.ee\/store\/\"},{\"@type\":\"ListItem\",\"position\":3,\"name\":\"Lab\u00fcrindid \u201eMinu maailm\u201c, 16 lk.\"}]},{\"@type\":\"WebSite\",\"@id\":\"https:\/\/cleverkids.ee\/et\/#website\",\"url\":\"https:\/\/cleverkids.ee\/et\/\",\"name\":\"CLEVER KIDS\",\"description\":\"\",\"publisher\":{\"@id\":\"https:\/\/cleverkids.ee\/et\/#organization\"},\"potentialAction\":[{\"@type\":\"SearchAction\",\"target\":{\"@type\":\"EntryPoint\",\"urlTemplate\":\"https:\/\/cleverkids.ee\/et\/?s={search_term_string}\"},\"query-input\":{\"@type\":\"PropertyValueSpecification\",\"valueRequired\":true,\"valueName\":\"search_term_string\"}}],\"inLanguage\":\"et\"},{\"@type\":\"Organization\",\"@id\":\"https:\/\/cleverkids.ee\/et\/#organization\",\"name\":\"CLEVER KIDS\",\"url\":\"https:\/\/cleverkids.ee\/et\/\",\"logo\":{\"@type\":\"ImageObject\",\"inLanguage\":\"et\",\"@id\":\"https:\/\/cleverkids.ee\/et\/#\/schema\/logo\/image\/\",\"url\":\"https:\/\/cleverkids.ee\/wp-content\/uploads\/2024\/02\/image0-1024x1024.png\",\"contentUrl\":\"https:\/\/cleverkids.ee\/wp-content\/uploads\/2024\/02\/image0-1024x1024.png\",\"width\":1024,\"height\":1024,\"caption\":\"CLEVER KIDS\"},\"image\":{\"@id\":\"https:\/\/cleverkids.ee\/et\/#\/schema\/logo\/image\/\"},\"sameAs\":[\"https:\/\/www.facebook.com\/cleverkids.ee\/\",\"https:\/\/www.instagram.com\/cleverkids_ee\/\"]}]}<\/script>\n<!-- \/ Yoast SEO plugin. -->","yoast_head_json":{"title":"Lab\u00fcrindid \u201eMinu maailm\u201c, 16 lk. -","description":"Lab\u00fcrindid \u201eMinu maailm\u201c, 16 lk. - CLEVER KIDS","robots":{"index":"index","follow":"follow","max-snippet":"max-snippet:-1","max-image-preview":"max-image-preview:large","max-video-preview":"max-video-preview:-1"},"canonical":"https:\/\/cleverkids.ee\/et\/product\/laburindid-minu-maailm-16-lk\/","og_locale":"et_EE","og_type":"article","og_title":"Lab\u00fcrindid \u201eMinu maailm\u201c, 16 lk. -","og_description":"Lab\u00fcrindid \u201eMinu maailm\u201c, 16 lk. - CLEVER KIDS","og_url":"https:\/\/cleverkids.ee\/et\/product\/laburindid-minu-maailm-16-lk\/","og_site_name":"CLEVER KIDS","article_publisher":"https:\/\/www.facebook.com\/cleverkids.ee\/","article_modified_time":"2025-02-05T09:37:02+00:00","og_image":[{"width":1600,"height":1600,"url":"https:\/\/cleverkids.ee\/wp-content\/uploads\/2025\/02\/1600-58.jpg","type":"image\/jpeg"}],"twitter_card":"summary_large_image","twitter_misc":{"Est. reading time":"1 minut"},"schema":{"@context":"https:\/\/schema.org","@graph":[{"@type":"WebPage","@id":"https:\/\/cleverkids.ee\/et\/product\/laburindid-minu-maailm-16-lk\/","url":"https:\/\/cleverkids.ee\/et\/product\/laburindid-minu-maailm-16-lk\/","name":"Lab\u00fcrindid \u201eMinu maailm\u201c, 16 lk. -","isPartOf":{"@id":"https:\/\/cleverkids.ee\/et\/#website"},"primaryImageOfPage":{"@id":"https:\/\/cleverkids.ee\/et\/product\/laburindid-minu-maailm-16-lk\/#primaryimage"},"image":{"@id":"https:\/\/cleverkids.ee\/et\/product\/laburindid-minu-maailm-16-lk\/#primaryimage"},"thumbnailUrl":"https:\/\/cleverkids.ee\/wp-content\/uploads\/2025\/02\/1600-58.jpg","datePublished":"2025-02-05T09:34:41+00:00","dateModified":"2025-02-05T09:37:02+00:00","description":"Lab\u00fcrindid \u201eMinu maailm\u201c, 16 lk. - CLEVER KIDS","breadcrumb":{"@id":"https:\/\/cleverkids.ee\/et\/product\/laburindid-minu-maailm-16-lk\/#breadcrumb"},"inLanguage":"et","potentialAction":[{"@type":"ReadAction","target":["https:\/\/cleverkids.ee\/et\/product\/laburindid-minu-maailm-16-lk\/"]}]},{"@type":"ImageObject","inLanguage":"et","@id":"https:\/\/cleverkids.ee\/et\/product\/laburindid-minu-maailm-16-lk\/#primaryimage","url":"https:\/\/cleverkids.ee\/wp-content\/uploads\/2025\/02\/1600-58.jpg","contentUrl":"https:\/\/cleverkids.ee\/wp-content\/uploads\/2025\/02\/1600-58.jpg","width":1600,"height":1600,"caption":"\u041b\u0430\u0431\u0438\u0440\u0438\u043d\u0442\u044b \"\u041c\u043e\u0439 \u043c\u0438\u0440\", 16 \u0441\u0442\u0440."},{"@type":"BreadcrumbList","@id":"https:\/\/cleverkids.ee\/et\/product\/laburindid-minu-maailm-16-lk\/#breadcrumb","itemListElement":[{"@type":"ListItem","position":1,"name":"Esileht","item":"https:\/\/cleverkids.ee\/et\/"},{"@type":"ListItem","position":2,"name":"Tooted","item":"https:\/\/cleverkids.ee\/store\/"},{"@type":"ListItem","position":3,"name":"Lab\u00fcrindid \u201eMinu maailm\u201c, 16 lk."}]},{"@type":"WebSite","@id":"https:\/\/cleverkids.ee\/et\/#website","url":"https:\/\/cleverkids.ee\/et\/","name":"CLEVER KIDS","description":"","publisher":{"@id":"https:\/\/cleverkids.ee\/et\/#organization"},"potentialAction":[{"@type":"SearchAction","target":{"@type":"EntryPoint","urlTemplate":"https:\/\/cleverkids.ee\/et\/?s={search_term_string}"},"query-input":{"@type":"PropertyValueSpecification","valueRequired":true,"valueName":"search_term_string"}}],"inLanguage":"et"},{"@type":"Organization","@id":"https:\/\/cleverkids.ee\/et\/#organization","name":"CLEVER KIDS","url":"https:\/\/cleverkids.ee\/et\/","logo":{"@type":"ImageObject","inLanguage":"et","@id":"https:\/\/cleverkids.ee\/et\/#\/schema\/logo\/image\/","url":"https:\/\/cleverkids.ee\/wp-content\/uploads\/2024\/02\/image0-1024x1024.png","contentUrl":"https:\/\/cleverkids.ee\/wp-content\/uploads\/2024\/02\/image0-1024x1024.png","width":1024,"height":1024,"caption":"CLEVER KIDS"},"image":{"@id":"https:\/\/cleverkids.ee\/et\/#\/schema\/logo\/image\/"},"sameAs":["https:\/\/www.facebook.com\/cleverkids.ee\/","https:\/\/www.instagram.com\/cleverkids_ee\/"]}]}},"_links":{"self":[{"href":"https:\/\/cleverkids.ee\/et\/wp-json\/wp\/v2\/product\/74956","targetHints":{"allow":["GET"]}}],"collection":[{"href":"https:\/\/cleverkids.ee\/et\/wp-json\/wp\/v2\/product"}],"about":[{"href":"https:\/\/cleverkids.ee\/et\/wp-json\/wp\/v2\/types\/product"}],"wp:featuredmedia":[{"embeddable":true,"href":"https:\/\/cleverkids.ee\/et\/wp-json\/wp\/v2\/media\/74955"}],"wp:attachment":[{"href":"https:\/\/cleverkids.ee\/et\/wp-json\/wp\/v2\/media?parent=74956"}],"wp:term":[{"taxonomy":"product_brand","embeddable":true,"href":"https:\/\/cleverkids.ee\/et\/wp-json\/wp\/v2\/product_brand?post=74956"},{"taxonomy":"product_cat","embeddable":true,"href":"https:\/\/cleverkids.ee\/et\/wp-json\/wp\/v2\/product_cat?post=74956"},{"taxonomy":"product_tag","embeddable":true,"href":"https:\/\/cleverkids.ee\/et\/wp-json\/wp\/v2\/product_tag?post=74956"}],"curies":[{"name":"wp","href":"https:\/\/api.w.org\/{rel}","templated":true}]}}