{"id":74965,"date":"2025-02-05T11:44:13","date_gmt":"2025-02-05T09:44:13","guid":{"rendered":"https:\/\/cleverkids.ee\/\u041f\u0440\u043e\u0434\u0443\u043a\u0442\/gravyury-detskie-shhenyachij-patrul-12-str\/"},"modified":"2025-06-28T10:28:39","modified_gmt":"2025-06-28T07:28:39","slug":"laste-kraabitavad-pildid-paw-patrol-12-lk","status":"publish","type":"product","link":"https:\/\/cleverkids.ee\/et\/product\/laste-kraabitavad-pildid-paw-patrol-12-lk\/","title":{"rendered":"Laste kraabitavad pildid \u201ePaw Patrol\u201c, 12 lk."},"content":{"rendered":"<div class=\"flex max-w-full flex-col flex-grow\">\n<div class=\"min-h-8 text-message flex w-full flex-col items-end gap-2 whitespace-normal break-words text-start [.text-message+&amp;]:mt-5\" dir=\"auto\" data-message-author-role=\"assistant\" data-message-id=\"a8a1b3fe-79d4-48a7-a84a-d0d5f4b47146\" data-message-model-slug=\"gpt-4o\">\n<div class=\"flex w-full flex-col gap-1 empty:hidden first:pt-[3px]\">\n<div class=\"markdown prose w-full break-words dark:prose-invert light\">\n<p>See album on loodud <strong>vaprate kutsude multika f\u00e4nnidele<\/strong>! Kraabitavad pildid koos lemmiktegelaste ja p\u00f5nevate \u00fclesannetega pakuvad mitte ainult l\u00f5bu, vaid aitavad ka arendada olulisi oskusi.<\/p>\n<h3><strong>Albumi erip\u00e4rad:<\/strong><\/h3>\n<p>\u2705 <strong>V\u00e4rviline taust<\/strong> \u2013 piltide alt ilmuvad v\u00e4rvilised kujutised.<br \/>\n\u2705 <strong>Kompaktne suurus<\/strong> \u2013 ideaalne kaasav\u00f5tmiseks ja ajaviiteks n\u00e4iteks reisil.<br \/>\n\u2705 <strong>12 lehek\u00fclge<\/strong>, kus laps leiab <strong>5 kraabitavat pilti<\/strong> ja <strong>5 \u00fclesannet<\/strong>.<br \/>\n\u2705 <strong>Spiraalk\u00f6ide<\/strong> \u2013 lihtne ja mugav kasutada.<\/p>\n<h3><strong>Kuidas kraabitavat pilti teha?<\/strong><\/h3>\n<p>1\ufe0f\u20e3 Kasutage komplektis olevat t\u00f6\u00f6riista ja kraapige ettevaatlikult m\u00f6\u00f6da joonistuse kontuure, eemaldades tumeda pealmise kihi.<br \/>\n2\ufe0f\u20e3 P\u00f5hjale ilmub v\u00e4rviline pilt!<br \/>\n3\ufe0f\u20e3 Tumedatele aladele saab lisada ka oma mustreid ja joonistusi, et luua unikaalne kunstiteos.<br \/>\n4\ufe0f\u20e3 Jagage oma meistriteoseid s\u00f5prade ja pereliikmetega!<\/p>\n<p>\ud83c\udfa8 <strong>L\u00f5bus ja arendav tegevus, mis arendab lapse peenmotoorikat ja loovust!<\/strong><\/p>\n<\/div>\n<\/div>\n<\/div>\n<\/div>\n<div class=\"mb-2 flex gap-3 empty:hidden -ml-2\">\n<div class=\"items-center justify-start rounded-xl p-1 flex\">\n<div class=\"flex items-center\"><button class=\"rounded-lg text-token-text-secondary hover:bg-token-main-surface-secondary\" aria-label=\"Read aloud\" data-testid=\"voice-play-turn-action-button\"><\/button><button class=\"rounded-lg text-token-text-secondary hover:bg-token-main-surface-secondary\" aria-label=\"Copy\" data-testid=\"copy-turn-action-button\"><\/button><\/p>\n<div class=\"flex\"><\/div>\n<p><button class=\"rounded-lg text-token-text-secondary hover:bg-token-main-surface-secondary\" aria-label=\"Edit in canvas\"><\/button><\/p>\n<div class=\"flex items-center pb-0\"><\/div>\n<\/div>\n<\/div>\n<\/div>\n","protected":false},"excerpt":{"rendered":"<p>See album on loodud vaprate kutsude multika f\u00e4nnidele! Kraabitavad pildid koos lemmiktegelaste ja p\u00f5nevate \u00fclesannetega pakuvad mitte ainult l\u00f5bu, vaid aitavad ka arendada olulisi oskusi. Albumi erip\u00e4rad: \u2705 V\u00e4rviline taust \u2013 piltide alt ilmuvad v\u00e4rvilised kujutised. \u2705 Kompaktne suurus \u2013 ideaalne kaasav\u00f5tmiseks ja ajaviiteks n\u00e4iteks reisil. \u2705 12 lehek\u00fclge, kus laps leiab 5 kraabitavat pilti [&hellip;]<\/p>\n","protected":false},"featured_media":74964,"template":"","meta":{"_monsterinsights_skip_tracking":false,"_monsterinsights_sitenote_active":false,"_monsterinsights_sitenote_note":"","_monsterinsights_sitenote_category":0},"product_brand":[],"product_cat":[52,58],"product_tag":[],"class_list":{"0":"post-74965","1":"product","2":"type-product","3":"status-publish","4":"has-post-thumbnail","6":"product_cat-loovus","7":"product_cat-unkategorized","8":"pa_vozrast-ot-3-do-5-let-et","9":"pa_vozrast-ot-5-let-et","11":"first","12":"instock","13":"shipping-taxable","14":"purchasable","15":"product-type-simple"},"yoast_head":"<!-- This site is optimized with the Yoast SEO plugin v25.0 - https:\/\/yoast.com\/wordpress\/plugins\/seo\/ -->\n<title>Laste kraabitavad pildid \u201ePaw Patrol\u201c, 12 lk. -<\/title>\n<meta name=\"description\" content=\"Laste kraabitavad pildid \u201ePaw Patrol\u201c, 12 lk. - CLEVER KIDS\" \/>\n<meta name=\"robots\" content=\"index, follow, max-snippet:-1, max-image-preview:large, max-video-preview:-1\" \/>\n<link rel=\"canonical\" href=\"https:\/\/cleverkids.ee\/et\/product\/laste-kraabitavad-pildid-paw-patrol-12-lk\/\" \/>\n<meta property=\"og:locale\" content=\"et_EE\" \/>\n<meta property=\"og:type\" content=\"article\" \/>\n<meta property=\"og:title\" content=\"Laste kraabitavad pildid \u201ePaw Patrol\u201c, 12 lk. -\" \/>\n<meta property=\"og:description\" content=\"Laste kraabitavad pildid \u201ePaw Patrol\u201c, 12 lk. - CLEVER KIDS\" \/>\n<meta property=\"og:url\" content=\"https:\/\/cleverkids.ee\/et\/product\/laste-kraabitavad-pildid-paw-patrol-12-lk\/\" \/>\n<meta property=\"og:site_name\" content=\"CLEVER KIDS\" \/>\n<meta property=\"article:publisher\" content=\"https:\/\/www.facebook.com\/cleverkids.ee\/\" \/>\n<meta property=\"article:modified_time\" content=\"2025-06-28T07:28:39+00:00\" \/>\n<meta property=\"og:image\" content=\"https:\/\/cleverkids.ee\/wp-content\/uploads\/2025\/02\/1600-55-2.jpg\" \/>\n\t<meta property=\"og:image:width\" content=\"1600\" \/>\n\t<meta property=\"og:image:height\" content=\"1600\" \/>\n\t<meta property=\"og:image:type\" content=\"image\/jpeg\" \/>\n<meta name=\"twitter:card\" content=\"summary_large_image\" \/>\n<meta name=\"twitter:label1\" content=\"Est. reading time\" \/>\n\t<meta name=\"twitter:data1\" content=\"1 minut\" \/>\n<script type=\"application\/ld+json\" class=\"yoast-schema-graph\">{\"@context\":\"https:\/\/schema.org\",\"@graph\":[{\"@type\":\"WebPage\",\"@id\":\"https:\/\/cleverkids.ee\/et\/product\/laste-kraabitavad-pildid-paw-patrol-12-lk\/\",\"url\":\"https:\/\/cleverkids.ee\/et\/product\/laste-kraabitavad-pildid-paw-patrol-12-lk\/\",\"name\":\"Laste kraabitavad pildid \u201ePaw Patrol\u201c, 12 lk. -\",\"isPartOf\":{\"@id\":\"https:\/\/cleverkids.ee\/et\/#website\"},\"primaryImageOfPage\":{\"@id\":\"https:\/\/cleverkids.ee\/et\/product\/laste-kraabitavad-pildid-paw-patrol-12-lk\/#primaryimage\"},\"image\":{\"@id\":\"https:\/\/cleverkids.ee\/et\/product\/laste-kraabitavad-pildid-paw-patrol-12-lk\/#primaryimage\"},\"thumbnailUrl\":\"https:\/\/cleverkids.ee\/wp-content\/uploads\/2025\/02\/1600-55-2.jpg\",\"datePublished\":\"2025-02-05T09:44:13+00:00\",\"dateModified\":\"2025-06-28T07:28:39+00:00\",\"description\":\"Laste kraabitavad pildid \u201ePaw Patrol\u201c, 12 lk. - CLEVER KIDS\",\"breadcrumb\":{\"@id\":\"https:\/\/cleverkids.ee\/et\/product\/laste-kraabitavad-pildid-paw-patrol-12-lk\/#breadcrumb\"},\"inLanguage\":\"et\",\"potentialAction\":[{\"@type\":\"ReadAction\",\"target\":[\"https:\/\/cleverkids.ee\/et\/product\/laste-kraabitavad-pildid-paw-patrol-12-lk\/\"]}]},{\"@type\":\"ImageObject\",\"inLanguage\":\"et\",\"@id\":\"https:\/\/cleverkids.ee\/et\/product\/laste-kraabitavad-pildid-paw-patrol-12-lk\/#primaryimage\",\"url\":\"https:\/\/cleverkids.ee\/wp-content\/uploads\/2025\/02\/1600-55-2.jpg\",\"contentUrl\":\"https:\/\/cleverkids.ee\/wp-content\/uploads\/2025\/02\/1600-55-2.jpg\",\"width\":1600,\"height\":1600,\"caption\":\"\u0413\u0440\u0430\u0432\u044e\u0440\u044b \u0434\u0435\u0442\u0441\u043a\u0438\u0435 \u00ab\u0429\u0435\u043d\u044f\u0447\u0438\u0439 \u041f\u0430\u0442\u0440\u0443\u043b\u044c\u00bb,12 \u0441\u0442\u0440.\"},{\"@type\":\"BreadcrumbList\",\"@id\":\"https:\/\/cleverkids.ee\/et\/product\/laste-kraabitavad-pildid-paw-patrol-12-lk\/#breadcrumb\",\"itemListElement\":[{\"@type\":\"ListItem\",\"position\":1,\"name\":\"Esileht\",\"item\":\"https:\/\/cleverkids.ee\/et\/\"},{\"@type\":\"ListItem\",\"position\":2,\"name\":\"Tooted\",\"item\":\"https:\/\/cleverkids.ee\/store\/\"},{\"@type\":\"ListItem\",\"position\":3,\"name\":\"Laste kraabitavad pildid \u201ePaw Patrol\u201c, 12 lk.\"}]},{\"@type\":\"WebSite\",\"@id\":\"https:\/\/cleverkids.ee\/et\/#website\",\"url\":\"https:\/\/cleverkids.ee\/et\/\",\"name\":\"CLEVER KIDS\",\"description\":\"\",\"publisher\":{\"@id\":\"https:\/\/cleverkids.ee\/et\/#organization\"},\"potentialAction\":[{\"@type\":\"SearchAction\",\"target\":{\"@type\":\"EntryPoint\",\"urlTemplate\":\"https:\/\/cleverkids.ee\/et\/?s={search_term_string}\"},\"query-input\":{\"@type\":\"PropertyValueSpecification\",\"valueRequired\":true,\"valueName\":\"search_term_string\"}}],\"inLanguage\":\"et\"},{\"@type\":\"Organization\",\"@id\":\"https:\/\/cleverkids.ee\/et\/#organization\",\"name\":\"CLEVER KIDS\",\"url\":\"https:\/\/cleverkids.ee\/et\/\",\"logo\":{\"@type\":\"ImageObject\",\"inLanguage\":\"et\",\"@id\":\"https:\/\/cleverkids.ee\/et\/#\/schema\/logo\/image\/\",\"url\":\"https:\/\/cleverkids.ee\/wp-content\/uploads\/2024\/02\/image0-1024x1024.png\",\"contentUrl\":\"https:\/\/cleverkids.ee\/wp-content\/uploads\/2024\/02\/image0-1024x1024.png\",\"width\":1024,\"height\":1024,\"caption\":\"CLEVER KIDS\"},\"image\":{\"@id\":\"https:\/\/cleverkids.ee\/et\/#\/schema\/logo\/image\/\"},\"sameAs\":[\"https:\/\/www.facebook.com\/cleverkids.ee\/\",\"https:\/\/www.instagram.com\/cleverkids_ee\/\"]}]}<\/script>\n<!-- \/ Yoast SEO plugin. -->","yoast_head_json":{"title":"Laste kraabitavad pildid \u201ePaw Patrol\u201c, 12 lk. -","description":"Laste kraabitavad pildid \u201ePaw Patrol\u201c, 12 lk. - CLEVER KIDS","robots":{"index":"index","follow":"follow","max-snippet":"max-snippet:-1","max-image-preview":"max-image-preview:large","max-video-preview":"max-video-preview:-1"},"canonical":"https:\/\/cleverkids.ee\/et\/product\/laste-kraabitavad-pildid-paw-patrol-12-lk\/","og_locale":"et_EE","og_type":"article","og_title":"Laste kraabitavad pildid \u201ePaw Patrol\u201c, 12 lk. -","og_description":"Laste kraabitavad pildid \u201ePaw Patrol\u201c, 12 lk. - CLEVER KIDS","og_url":"https:\/\/cleverkids.ee\/et\/product\/laste-kraabitavad-pildid-paw-patrol-12-lk\/","og_site_name":"CLEVER KIDS","article_publisher":"https:\/\/www.facebook.com\/cleverkids.ee\/","article_modified_time":"2025-06-28T07:28:39+00:00","og_image":[{"width":1600,"height":1600,"url":"https:\/\/cleverkids.ee\/wp-content\/uploads\/2025\/02\/1600-55-2.jpg","type":"image\/jpeg"}],"twitter_card":"summary_large_image","twitter_misc":{"Est. reading time":"1 minut"},"schema":{"@context":"https:\/\/schema.org","@graph":[{"@type":"WebPage","@id":"https:\/\/cleverkids.ee\/et\/product\/laste-kraabitavad-pildid-paw-patrol-12-lk\/","url":"https:\/\/cleverkids.ee\/et\/product\/laste-kraabitavad-pildid-paw-patrol-12-lk\/","name":"Laste kraabitavad pildid \u201ePaw Patrol\u201c, 12 lk. -","isPartOf":{"@id":"https:\/\/cleverkids.ee\/et\/#website"},"primaryImageOfPage":{"@id":"https:\/\/cleverkids.ee\/et\/product\/laste-kraabitavad-pildid-paw-patrol-12-lk\/#primaryimage"},"image":{"@id":"https:\/\/cleverkids.ee\/et\/product\/laste-kraabitavad-pildid-paw-patrol-12-lk\/#primaryimage"},"thumbnailUrl":"https:\/\/cleverkids.ee\/wp-content\/uploads\/2025\/02\/1600-55-2.jpg","datePublished":"2025-02-05T09:44:13+00:00","dateModified":"2025-06-28T07:28:39+00:00","description":"Laste kraabitavad pildid \u201ePaw Patrol\u201c, 12 lk. - CLEVER KIDS","breadcrumb":{"@id":"https:\/\/cleverkids.ee\/et\/product\/laste-kraabitavad-pildid-paw-patrol-12-lk\/#breadcrumb"},"inLanguage":"et","potentialAction":[{"@type":"ReadAction","target":["https:\/\/cleverkids.ee\/et\/product\/laste-kraabitavad-pildid-paw-patrol-12-lk\/"]}]},{"@type":"ImageObject","inLanguage":"et","@id":"https:\/\/cleverkids.ee\/et\/product\/laste-kraabitavad-pildid-paw-patrol-12-lk\/#primaryimage","url":"https:\/\/cleverkids.ee\/wp-content\/uploads\/2025\/02\/1600-55-2.jpg","contentUrl":"https:\/\/cleverkids.ee\/wp-content\/uploads\/2025\/02\/1600-55-2.jpg","width":1600,"height":1600,"caption":"\u0413\u0440\u0430\u0432\u044e\u0440\u044b \u0434\u0435\u0442\u0441\u043a\u0438\u0435 \u00ab\u0429\u0435\u043d\u044f\u0447\u0438\u0439 \u041f\u0430\u0442\u0440\u0443\u043b\u044c\u00bb,12 \u0441\u0442\u0440."},{"@type":"BreadcrumbList","@id":"https:\/\/cleverkids.ee\/et\/product\/laste-kraabitavad-pildid-paw-patrol-12-lk\/#breadcrumb","itemListElement":[{"@type":"ListItem","position":1,"name":"Esileht","item":"https:\/\/cleverkids.ee\/et\/"},{"@type":"ListItem","position":2,"name":"Tooted","item":"https:\/\/cleverkids.ee\/store\/"},{"@type":"ListItem","position":3,"name":"Laste kraabitavad pildid \u201ePaw Patrol\u201c, 12 lk."}]},{"@type":"WebSite","@id":"https:\/\/cleverkids.ee\/et\/#website","url":"https:\/\/cleverkids.ee\/et\/","name":"CLEVER KIDS","description":"","publisher":{"@id":"https:\/\/cleverkids.ee\/et\/#organization"},"potentialAction":[{"@type":"SearchAction","target":{"@type":"EntryPoint","urlTemplate":"https:\/\/cleverkids.ee\/et\/?s={search_term_string}"},"query-input":{"@type":"PropertyValueSpecification","valueRequired":true,"valueName":"search_term_string"}}],"inLanguage":"et"},{"@type":"Organization","@id":"https:\/\/cleverkids.ee\/et\/#organization","name":"CLEVER KIDS","url":"https:\/\/cleverkids.ee\/et\/","logo":{"@type":"ImageObject","inLanguage":"et","@id":"https:\/\/cleverkids.ee\/et\/#\/schema\/logo\/image\/","url":"https:\/\/cleverkids.ee\/wp-content\/uploads\/2024\/02\/image0-1024x1024.png","contentUrl":"https:\/\/cleverkids.ee\/wp-content\/uploads\/2024\/02\/image0-1024x1024.png","width":1024,"height":1024,"caption":"CLEVER KIDS"},"image":{"@id":"https:\/\/cleverkids.ee\/et\/#\/schema\/logo\/image\/"},"sameAs":["https:\/\/www.facebook.com\/cleverkids.ee\/","https:\/\/www.instagram.com\/cleverkids_ee\/"]}]}},"_links":{"self":[{"href":"https:\/\/cleverkids.ee\/et\/wp-json\/wp\/v2\/product\/74965","targetHints":{"allow":["GET"]}}],"collection":[{"href":"https:\/\/cleverkids.ee\/et\/wp-json\/wp\/v2\/product"}],"about":[{"href":"https:\/\/cleverkids.ee\/et\/wp-json\/wp\/v2\/types\/product"}],"wp:featuredmedia":[{"embeddable":true,"href":"https:\/\/cleverkids.ee\/et\/wp-json\/wp\/v2\/media\/74964"}],"wp:attachment":[{"href":"https:\/\/cleverkids.ee\/et\/wp-json\/wp\/v2\/media?parent=74965"}],"wp:term":[{"taxonomy":"product_brand","embeddable":true,"href":"https:\/\/cleverkids.ee\/et\/wp-json\/wp\/v2\/product_brand?post=74965"},{"taxonomy":"product_cat","embeddable":true,"href":"https:\/\/cleverkids.ee\/et\/wp-json\/wp\/v2\/product_cat?post=74965"},{"taxonomy":"product_tag","embeddable":true,"href":"https:\/\/cleverkids.ee\/et\/wp-json\/wp\/v2\/product_tag?post=74965"}],"curies":[{"name":"wp","href":"https:\/\/api.w.org\/{rel}","templated":true}]}}